{"id":9984,"date":"2026-01-12T14:28:38","date_gmt":"2026-01-12T14:28:38","guid":{"rendered":"https:\/\/www.analoggwerz.com\/produit\/housse-pour-compact-numerique-hook-noir\/"},"modified":"2026-01-14T22:47:26","modified_gmt":"2026-01-14T22:47:26","slug":"housse-pour-compact-numerique-hook-noir","status":"publish","type":"product","link":"https:\/\/www.analoggwerz.com\/en\/product\/housse-pour-compact-numerique-hook-noir\/","title":{"rendered":"Housse pour compact num\u00e9rique Hook \u2013 Noir"},"content":{"rendered":"<p><strong>Housse pour compact num\u00e9rique Hook \u2013 Noir<\/strong><\/p>\n<p><strong>Petite housse de protection Hook en tissu noir, pens\u00e9e pour accueillir un appareil photo compact num\u00e9rique et le prot\u00e9ger lors du transport.<\/strong><\/p>\n<p><strong>\u2022\tExt\u00e9rieur en toile noire avec logo Hook sur un m\u00e9daillon gris en fa\u00e7ade, format rectangulaire assez \u00e9pais pour un compact et sa batterie.<\/strong><\/p>\n<p><strong>\u2022\tCompartiment principal zipp\u00e9 sur le pourtour, avec double tirette, et int\u00e9rieur doubl\u00e9 pour limiter les rayures sur le bo\u00eetier et l\u2019\u00e9cran.<\/strong><\/p>\n<p><strong>\u2022\tPassant ceinture solide au dos pour un port \u00e0 la taille, pratique en balade ou en voyage avec un compact toujours \u00e0 port\u00e9e de main.<\/strong><\/p>","protected":false},"excerpt":{"rendered":"<p>Housse pour compact num\u00e9rique Hook \u2013 Noir Petite housse de protection Hook en tissu noir, pens\u00e9e pour accueillir un appareil photo compact num\u00e9rique et le prot\u00e9ger lors du transport. \u2022 Ext\u00e9rieur en toile noire avec logo Hook sur un m\u00e9daillon gris en fa\u00e7ade, format rectangulaire assez \u00e9pais pour un compact et sa batterie. \u2022 Compartiment [&hellip;]<\/p>\n","protected":false},"featured_media":9981,"template":"","meta":[],"product_brand":[],"product_cat":[55,146,143],"product_tag":[],"class_list":{"0":"post-9984","1":"product","2":"type-product","3":"status-publish","4":"has-post-thumbnail","6":"product_cat-accessoires","7":"product_cat-etuis-sacoches-pour-compact-numerique","8":"product_cat-etuis-et-sacoches","10":"first","11":"outofstock","12":"shipping-taxable","13":"purchasable","14":"product-type-simple"},"yoast_head":"<!-- This site is optimized with the Yoast SEO plugin v27.5 - https:\/\/yoast.com\/product\/yoast-seo-wordpress\/ -->\n<title>Housse pour compact num\u00e9rique Hook \u2013 Noir est disponible sur la boutique !<\/title>\n<meta name=\"description\" content=\"Cliquez ici pour d\u00e9couvrir Housse pour compact num\u00e9rique Hook \u2013 Noir sur la boutique.\" \/>\n<meta name=\"robots\" content=\"index, follow, max-snippet:-1, max-image-preview:large, max-video-preview:-1\" \/>\n<link rel=\"canonical\" href=\"https:\/\/www.analoggwerz.com\/en\/product\/housse-pour-compact-numerique-hook-noir\/\" \/>\n<meta property=\"og:locale\" content=\"en_US\" \/>\n<meta property=\"og:type\" content=\"article\" \/>\n<meta property=\"og:title\" content=\"Housse pour compact num\u00e9rique Hook \u2013 Noir est disponible sur la boutique !\" \/>\n<meta property=\"og:description\" content=\"Cliquez ici pour d\u00e9couvrir Housse pour compact num\u00e9rique Hook \u2013 Noir sur la boutique.\" \/>\n<meta property=\"og:url\" content=\"https:\/\/www.analoggwerz.com\/en\/product\/housse-pour-compact-numerique-hook-noir\/\" \/>\n<meta property=\"og:site_name\" content=\"Analog Gwerz\" \/>\n<meta property=\"article:modified_time\" content=\"2026-01-14T22:47:26+00:00\" \/>\n<meta property=\"og:image\" content=\"https:\/\/www.analoggwerz.com\/wp-content\/uploads\/2025\/04\/assets_task_01jra9s5ypffzbqebsyr432pm0_img_0.webp\" \/>\n\t<meta property=\"og:image:width\" content=\"1536\" \/>\n\t<meta property=\"og:image:height\" content=\"1024\" \/>\n\t<meta property=\"og:image:type\" content=\"image\/webp\" \/>\n<meta name=\"twitter:card\" content=\"summary_large_image\" \/>\n<meta name=\"twitter:label1\" content=\"Est. reading time\" \/>\n\t<meta name=\"twitter:data1\" content=\"1 minute\" \/>\n<script type=\"application\/ld+json\" class=\"yoast-schema-graph\">{\"@context\":\"https:\\\/\\\/schema.org\",\"@graph\":[{\"@type\":\"WebPage\",\"@id\":\"https:\\\/\\\/www.analoggwerz.com\\\/produit\\\/housse-pour-compact-numerique-hook-noir\\\/\",\"url\":\"https:\\\/\\\/www.analoggwerz.com\\\/produit\\\/housse-pour-compact-numerique-hook-noir\\\/\",\"name\":\"Housse pour compact num\u00e9rique Hook \u2013 Noir est disponible sur la boutique !\",\"isPartOf\":{\"@id\":\"https:\\\/\\\/www.analoggwerz.com\\\/#website\"},\"primaryImageOfPage\":{\"@id\":\"https:\\\/\\\/www.analoggwerz.com\\\/produit\\\/housse-pour-compact-numerique-hook-noir\\\/#primaryimage\"},\"image\":{\"@id\":\"https:\\\/\\\/www.analoggwerz.com\\\/produit\\\/housse-pour-compact-numerique-hook-noir\\\/#primaryimage\"},\"thumbnailUrl\":\"https:\\\/\\\/www.analoggwerz.com\\\/wp-content\\\/uploads\\\/2026\\\/01\\\/img_6071-scaled.jpeg\",\"datePublished\":\"2026-01-12T14:28:38+00:00\",\"dateModified\":\"2026-01-14T22:47:26+00:00\",\"description\":\"Cliquez ici pour d\u00e9couvrir Housse pour compact num\u00e9rique Hook \u2013 Noir sur la boutique.\",\"breadcrumb\":{\"@id\":\"https:\\\/\\\/www.analoggwerz.com\\\/produit\\\/housse-pour-compact-numerique-hook-noir\\\/#breadcrumb\"},\"inLanguage\":\"en-US\",\"potentialAction\":[{\"@type\":\"ReadAction\",\"target\":[\"https:\\\/\\\/www.analoggwerz.com\\\/produit\\\/housse-pour-compact-numerique-hook-noir\\\/\"]}]},{\"@type\":\"ImageObject\",\"inLanguage\":\"en-US\",\"@id\":\"https:\\\/\\\/www.analoggwerz.com\\\/produit\\\/housse-pour-compact-numerique-hook-noir\\\/#primaryimage\",\"url\":\"https:\\\/\\\/www.analoggwerz.com\\\/wp-content\\\/uploads\\\/2026\\\/01\\\/img_6071-scaled.jpeg\",\"contentUrl\":\"https:\\\/\\\/www.analoggwerz.com\\\/wp-content\\\/uploads\\\/2026\\\/01\\\/img_6071-scaled.jpeg\",\"width\":2560,\"height\":1920},{\"@type\":\"BreadcrumbList\",\"@id\":\"https:\\\/\\\/www.analoggwerz.com\\\/produit\\\/housse-pour-compact-numerique-hook-noir\\\/#breadcrumb\",\"itemListElement\":[{\"@type\":\"ListItem\",\"position\":1,\"name\":\"Accueil\",\"item\":\"https:\\\/\\\/www.analoggwerz.com\\\/\"},{\"@type\":\"ListItem\",\"position\":2,\"name\":\"Boutique\",\"item\":\"https:\\\/\\\/www.analoggwerz.com\\\/shop\\\/\"},{\"@type\":\"ListItem\",\"position\":3,\"name\":\"Housse pour compact num\u00e9rique Hook \u2013 Noir\"}]},{\"@type\":\"WebSite\",\"@id\":\"https:\\\/\\\/www.analoggwerz.com\\\/#website\",\"url\":\"https:\\\/\\\/www.analoggwerz.com\\\/\",\"name\":\"Analog Gwerz\",\"description\":\"Pas besoin de neuf pour capturer l&#039;instant !\",\"publisher\":{\"@id\":\"https:\\\/\\\/www.analoggwerz.com\\\/#organization\"},\"potentialAction\":[{\"@type\":\"SearchAction\",\"target\":{\"@type\":\"EntryPoint\",\"urlTemplate\":\"https:\\\/\\\/www.analoggwerz.com\\\/?s={search_term_string}\"},\"query-input\":{\"@type\":\"PropertyValueSpecification\",\"valueRequired\":true,\"valueName\":\"search_term_string\"}}],\"inLanguage\":\"en-US\"},{\"@type\":\"Organization\",\"@id\":\"https:\\\/\\\/www.analoggwerz.com\\\/#organization\",\"name\":\"Analog Gwerz\",\"url\":\"https:\\\/\\\/www.analoggwerz.com\\\/\",\"logo\":{\"@type\":\"ImageObject\",\"inLanguage\":\"en-US\",\"@id\":\"https:\\\/\\\/www.analoggwerz.com\\\/#\\\/schema\\\/logo\\\/image\\\/\",\"url\":\"https:\\\/\\\/www.analoggwerz.com\\\/wp-content\\\/uploads\\\/2025\\\/10\\\/000-LOGO-ANALOG-GWERZ-NOIR-1.png\",\"contentUrl\":\"https:\\\/\\\/www.analoggwerz.com\\\/wp-content\\\/uploads\\\/2025\\\/10\\\/000-LOGO-ANALOG-GWERZ-NOIR-1.png\",\"width\":800,\"height\":407,\"caption\":\"Analog Gwerz\"},\"image\":{\"@id\":\"https:\\\/\\\/www.analoggwerz.com\\\/#\\\/schema\\\/logo\\\/image\\\/\"},\"sameAs\":[\"https:\\\/\\\/www.instagram.com\\\/analog_gwerz\\\/\",\"https:\\\/\\\/www.tiktok.com\\\/@analog_gwerz\"]}]}<\/script>\n<!-- \/ Yoast SEO plugin. -->","yoast_head_json":{"title":"Housse pour compact num\u00e9rique Hook \u2013 Noir est disponible sur la boutique !","description":"Cliquez ici pour d\u00e9couvrir Housse pour compact num\u00e9rique Hook \u2013 Noir sur la boutique.","robots":{"index":"index","follow":"follow","max-snippet":"max-snippet:-1","max-image-preview":"max-image-preview:large","max-video-preview":"max-video-preview:-1"},"canonical":"https:\/\/www.analoggwerz.com\/en\/product\/housse-pour-compact-numerique-hook-noir\/","og_locale":"en_US","og_type":"article","og_title":"Housse pour compact num\u00e9rique Hook \u2013 Noir est disponible sur la boutique !","og_description":"Cliquez ici pour d\u00e9couvrir Housse pour compact num\u00e9rique Hook \u2013 Noir sur la boutique.","og_url":"https:\/\/www.analoggwerz.com\/en\/product\/housse-pour-compact-numerique-hook-noir\/","og_site_name":"Analog Gwerz","article_modified_time":"2026-01-14T22:47:26+00:00","og_image":[{"width":1536,"height":1024,"url":"https:\/\/www.analoggwerz.com\/wp-content\/uploads\/2025\/04\/assets_task_01jra9s5ypffzbqebsyr432pm0_img_0.webp","type":"image\/webp"}],"twitter_card":"summary_large_image","twitter_misc":{"Est. reading time":"1 minute"},"schema":{"@context":"https:\/\/schema.org","@graph":[{"@type":"WebPage","@id":"https:\/\/www.analoggwerz.com\/produit\/housse-pour-compact-numerique-hook-noir\/","url":"https:\/\/www.analoggwerz.com\/produit\/housse-pour-compact-numerique-hook-noir\/","name":"Housse pour compact num\u00e9rique Hook \u2013 Noir est disponible sur la boutique !","isPartOf":{"@id":"https:\/\/www.analoggwerz.com\/#website"},"primaryImageOfPage":{"@id":"https:\/\/www.analoggwerz.com\/produit\/housse-pour-compact-numerique-hook-noir\/#primaryimage"},"image":{"@id":"https:\/\/www.analoggwerz.com\/produit\/housse-pour-compact-numerique-hook-noir\/#primaryimage"},"thumbnailUrl":"https:\/\/www.analoggwerz.com\/wp-content\/uploads\/2026\/01\/img_6071-scaled.jpeg","datePublished":"2026-01-12T14:28:38+00:00","dateModified":"2026-01-14T22:47:26+00:00","description":"Cliquez ici pour d\u00e9couvrir Housse pour compact num\u00e9rique Hook \u2013 Noir sur la boutique.","breadcrumb":{"@id":"https:\/\/www.analoggwerz.com\/produit\/housse-pour-compact-numerique-hook-noir\/#breadcrumb"},"inLanguage":"en-US","potentialAction":[{"@type":"ReadAction","target":["https:\/\/www.analoggwerz.com\/produit\/housse-pour-compact-numerique-hook-noir\/"]}]},{"@type":"ImageObject","inLanguage":"en-US","@id":"https:\/\/www.analoggwerz.com\/produit\/housse-pour-compact-numerique-hook-noir\/#primaryimage","url":"https:\/\/www.analoggwerz.com\/wp-content\/uploads\/2026\/01\/img_6071-scaled.jpeg","contentUrl":"https:\/\/www.analoggwerz.com\/wp-content\/uploads\/2026\/01\/img_6071-scaled.jpeg","width":2560,"height":1920},{"@type":"BreadcrumbList","@id":"https:\/\/www.analoggwerz.com\/produit\/housse-pour-compact-numerique-hook-noir\/#breadcrumb","itemListElement":[{"@type":"ListItem","position":1,"name":"Accueil","item":"https:\/\/www.analoggwerz.com\/"},{"@type":"ListItem","position":2,"name":"Boutique","item":"https:\/\/www.analoggwerz.com\/shop\/"},{"@type":"ListItem","position":3,"name":"Housse pour compact num\u00e9rique Hook \u2013 Noir"}]},{"@type":"WebSite","@id":"https:\/\/www.analoggwerz.com\/#website","url":"https:\/\/www.analoggwerz.com\/","name":"Analog Gwerz","description":"Pas besoin de neuf pour capturer l&#039;instant !","publisher":{"@id":"https:\/\/www.analoggwerz.com\/#organization"},"potentialAction":[{"@type":"SearchAction","target":{"@type":"EntryPoint","urlTemplate":"https:\/\/www.analoggwerz.com\/?s={search_term_string}"},"query-input":{"@type":"PropertyValueSpecification","valueRequired":true,"valueName":"search_term_string"}}],"inLanguage":"en-US"},{"@type":"Organization","@id":"https:\/\/www.analoggwerz.com\/#organization","name":"Analog Gwerz","url":"https:\/\/www.analoggwerz.com\/","logo":{"@type":"ImageObject","inLanguage":"en-US","@id":"https:\/\/www.analoggwerz.com\/#\/schema\/logo\/image\/","url":"https:\/\/www.analoggwerz.com\/wp-content\/uploads\/2025\/10\/000-LOGO-ANALOG-GWERZ-NOIR-1.png","contentUrl":"https:\/\/www.analoggwerz.com\/wp-content\/uploads\/2025\/10\/000-LOGO-ANALOG-GWERZ-NOIR-1.png","width":800,"height":407,"caption":"Analog Gwerz"},"image":{"@id":"https:\/\/www.analoggwerz.com\/#\/schema\/logo\/image\/"},"sameAs":["https:\/\/www.instagram.com\/analog_gwerz\/","https:\/\/www.tiktok.com\/@analog_gwerz"]}]}},"jetpack_sharing_enabled":true,"_links":{"self":[{"href":"https:\/\/www.analoggwerz.com\/en\/wp-json\/wp\/v2\/product\/9984","targetHints":{"allow":["GET"]}}],"collection":[{"href":"https:\/\/www.analoggwerz.com\/en\/wp-json\/wp\/v2\/product"}],"about":[{"href":"https:\/\/www.analoggwerz.com\/en\/wp-json\/wp\/v2\/types\/product"}],"wp:featuredmedia":[{"embeddable":true,"href":"https:\/\/www.analoggwerz.com\/en\/wp-json\/wp\/v2\/media\/9981"}],"wp:attachment":[{"href":"https:\/\/www.analoggwerz.com\/en\/wp-json\/wp\/v2\/media?parent=9984"}],"wp:term":[{"taxonomy":"product_brand","embeddable":true,"href":"https:\/\/www.analoggwerz.com\/en\/wp-json\/wp\/v2\/product_brand?post=9984"},{"taxonomy":"product_cat","embeddable":true,"href":"https:\/\/www.analoggwerz.com\/en\/wp-json\/wp\/v2\/product_cat?post=9984"},{"taxonomy":"product_tag","embeddable":true,"href":"https:\/\/www.analoggwerz.com\/en\/wp-json\/wp\/v2\/product_tag?post=9984"}],"curies":[{"name":"wp","href":"https:\/\/api.w.org\/{rel}","templated":true}]}}