{"id":9963,"date":"2026-01-12T13:22:45","date_gmt":"2026-01-12T13:22:45","guid":{"rendered":"https:\/\/www.analoggwerz.com\/produit\/housse-dorigine-minolta-pour-compact-argentique\/"},"modified":"2026-04-12T12:22:59","modified_gmt":"2026-04-12T12:22:59","slug":"housse-dorigine-minolta-pour-compact-argentique","status":"publish","type":"product","link":"https:\/\/www.analoggwerz.com\/en\/product\/housse-dorigine-minolta-pour-compact-argentique\/","title":{"rendered":"Housse d\u2019origine Minolta pour compact argentique"},"content":{"rendered":"<p>Housse d\u2019origine Minolta pour compact argentique, en similicuir noir avec logo m\u00e9tallique sur le rabat, parfaite pour prot\u00e9ger et transporter votre compact 35 mm au quotidien.<\/p>\n<p>Description<\/p>\n<p>\u2022\tHousse Minolta en similicuir noir, look sobre et classique, avec badge m\u00e9tallique Minolta sur la face avant.<\/p>\n<p>\u2022\tFermeture par bouton pression sur le rabat pour s\u00e9curiser l\u2019appareil tout en gardant un acc\u00e8s rapide.<\/p>\n<p>\u2022\tInt\u00e9rieur doux pour limiter les risques de rayures sur le bo\u00eetier, avec maintien suffisant pour un compact argentique.<\/p>\n<p>\u00c9tat<\/p>\n<p>\u2022\tBon \u00e9tat g\u00e9n\u00e9ral avec quelques petites marques d\u2019usage sur le similicuir, coh\u00e9rentes avec l\u2019\u00e2ge de la housse.<\/p>\n<p>\u2022\tBouton pression fonctionnel et coutures solides, aucun d\u00e9faut structurel g\u00eanant l\u2019utilisation.<\/p>\n<p>Compatibilit\u00e9<\/p>\n<p>\u2022\tAdapt\u00e9e \u00e0 la plupart des compacts argentiques Minolta (s\u00e9ries Riva, Freedom\/Zoom, etc.) et autres compacts 35 mm de gabarit similaire.<\/p>\n<p>\u2022\tDimensions id\u00e9ales pour un bo\u00eetier compact avec \u00e9ventuellement une pellicule suppl\u00e9mentaire gliss\u00e9e \u00e0 c\u00f4t\u00e9.<\/p>","protected":false},"excerpt":{"rendered":"<p>Housse d\u2019origine Minolta pour compact argentique, en similicuir noir avec logo m\u00e9tallique sur le rabat, parfaite pour prot\u00e9ger et transporter votre compact 35 mm au quotidien. Description \u2022 Housse Minolta en similicuir noir, look sobre et classique, avec badge m\u00e9tallique Minolta sur la face avant. \u2022 Fermeture par bouton pression sur le rabat pour s\u00e9curiser [&hellip;]<\/p>\n","protected":false},"featured_media":9962,"template":"","meta":[],"product_brand":[],"product_cat":[55,143,144],"product_tag":[],"class_list":{"0":"post-9963","1":"product","2":"type-product","3":"status-publish","4":"has-post-thumbnail","6":"product_cat-accessoires","7":"product_cat-etuis-et-sacoches","8":"product_cat-etuis-pour-compact-argentique","10":"first","11":"instock","12":"purchasable","13":"product-type-simple"},"yoast_head":"<!-- This site is optimized with the Yoast SEO plugin v27.5 - https:\/\/yoast.com\/product\/yoast-seo-wordpress\/ -->\n<title>Housse d\u2019origine Minolta pour compact argentique est disponible sur la boutique !<\/title>\n<meta name=\"description\" content=\"Cliquez ici pour d\u00e9couvrir Housse d\u2019origine Minolta pour compact argentique sur la boutique.\" \/>\n<meta name=\"robots\" content=\"index, follow, max-snippet:-1, max-image-preview:large, max-video-preview:-1\" \/>\n<link rel=\"canonical\" href=\"https:\/\/www.analoggwerz.com\/en\/product\/housse-dorigine-minolta-pour-compact-argentique\/\" \/>\n<meta property=\"og:locale\" content=\"en_US\" \/>\n<meta property=\"og:type\" content=\"article\" \/>\n<meta property=\"og:title\" content=\"Housse d\u2019origine Minolta pour compact argentique est disponible sur la boutique !\" \/>\n<meta property=\"og:description\" content=\"Cliquez ici pour d\u00e9couvrir Housse d\u2019origine Minolta pour compact argentique sur la boutique.\" \/>\n<meta property=\"og:url\" content=\"https:\/\/www.analoggwerz.com\/en\/product\/housse-dorigine-minolta-pour-compact-argentique\/\" \/>\n<meta property=\"og:site_name\" content=\"Analog Gwerz\" \/>\n<meta property=\"article:modified_time\" content=\"2026-04-12T12:22:59+00:00\" \/>\n<meta property=\"og:image\" content=\"https:\/\/www.analoggwerz.com\/wp-content\/uploads\/2026\/01\/img_6041-scaled.jpeg\" \/>\n\t<meta property=\"og:image:width\" content=\"2560\" \/>\n\t<meta property=\"og:image:height\" content=\"1920\" \/>\n\t<meta property=\"og:image:type\" content=\"image\/jpeg\" \/>\n<meta name=\"twitter:card\" content=\"summary_large_image\" \/>\n<meta name=\"twitter:label1\" content=\"Est. reading time\" \/>\n\t<meta name=\"twitter:data1\" content=\"1 minute\" \/>\n<script type=\"application\/ld+json\" class=\"yoast-schema-graph\">{\"@context\":\"https:\\\/\\\/schema.org\",\"@graph\":[{\"@type\":\"WebPage\",\"@id\":\"https:\\\/\\\/www.analoggwerz.com\\\/produit\\\/housse-dorigine-minolta-pour-compact-argentique\\\/\",\"url\":\"https:\\\/\\\/www.analoggwerz.com\\\/produit\\\/housse-dorigine-minolta-pour-compact-argentique\\\/\",\"name\":\"Housse d\u2019origine Minolta pour compact argentique est disponible sur la boutique !\",\"isPartOf\":{\"@id\":\"https:\\\/\\\/www.analoggwerz.com\\\/#website\"},\"primaryImageOfPage\":{\"@id\":\"https:\\\/\\\/www.analoggwerz.com\\\/produit\\\/housse-dorigine-minolta-pour-compact-argentique\\\/#primaryimage\"},\"image\":{\"@id\":\"https:\\\/\\\/www.analoggwerz.com\\\/produit\\\/housse-dorigine-minolta-pour-compact-argentique\\\/#primaryimage\"},\"thumbnailUrl\":\"https:\\\/\\\/www.analoggwerz.com\\\/wp-content\\\/uploads\\\/2026\\\/01\\\/img_6041-scaled.jpeg\",\"datePublished\":\"2026-01-12T13:22:45+00:00\",\"dateModified\":\"2026-04-12T12:22:59+00:00\",\"description\":\"Cliquez ici pour d\u00e9couvrir Housse d\u2019origine Minolta pour compact argentique sur la boutique.\",\"breadcrumb\":{\"@id\":\"https:\\\/\\\/www.analoggwerz.com\\\/produit\\\/housse-dorigine-minolta-pour-compact-argentique\\\/#breadcrumb\"},\"inLanguage\":\"en-US\",\"potentialAction\":[{\"@type\":\"ReadAction\",\"target\":[\"https:\\\/\\\/www.analoggwerz.com\\\/produit\\\/housse-dorigine-minolta-pour-compact-argentique\\\/\"]}]},{\"@type\":\"ImageObject\",\"inLanguage\":\"en-US\",\"@id\":\"https:\\\/\\\/www.analoggwerz.com\\\/produit\\\/housse-dorigine-minolta-pour-compact-argentique\\\/#primaryimage\",\"url\":\"https:\\\/\\\/www.analoggwerz.com\\\/wp-content\\\/uploads\\\/2026\\\/01\\\/img_6041-scaled.jpeg\",\"contentUrl\":\"https:\\\/\\\/www.analoggwerz.com\\\/wp-content\\\/uploads\\\/2026\\\/01\\\/img_6041-scaled.jpeg\",\"width\":2560,\"height\":1920},{\"@type\":\"BreadcrumbList\",\"@id\":\"https:\\\/\\\/www.analoggwerz.com\\\/produit\\\/housse-dorigine-minolta-pour-compact-argentique\\\/#breadcrumb\",\"itemListElement\":[{\"@type\":\"ListItem\",\"position\":1,\"name\":\"Accueil\",\"item\":\"https:\\\/\\\/www.analoggwerz.com\\\/\"},{\"@type\":\"ListItem\",\"position\":2,\"name\":\"Boutique\",\"item\":\"https:\\\/\\\/www.analoggwerz.com\\\/shop\\\/\"},{\"@type\":\"ListItem\",\"position\":3,\"name\":\"Housse d\u2019origine Minolta pour compact argentique\"}]},{\"@type\":\"WebSite\",\"@id\":\"https:\\\/\\\/www.analoggwerz.com\\\/#website\",\"url\":\"https:\\\/\\\/www.analoggwerz.com\\\/\",\"name\":\"Analog Gwerz\",\"description\":\"Pas besoin de neuf pour capturer l&#039;instant !\",\"publisher\":{\"@id\":\"https:\\\/\\\/www.analoggwerz.com\\\/#organization\"},\"potentialAction\":[{\"@type\":\"SearchAction\",\"target\":{\"@type\":\"EntryPoint\",\"urlTemplate\":\"https:\\\/\\\/www.analoggwerz.com\\\/?s={search_term_string}\"},\"query-input\":{\"@type\":\"PropertyValueSpecification\",\"valueRequired\":true,\"valueName\":\"search_term_string\"}}],\"inLanguage\":\"en-US\"},{\"@type\":\"Organization\",\"@id\":\"https:\\\/\\\/www.analoggwerz.com\\\/#organization\",\"name\":\"Analog Gwerz\",\"url\":\"https:\\\/\\\/www.analoggwerz.com\\\/\",\"logo\":{\"@type\":\"ImageObject\",\"inLanguage\":\"en-US\",\"@id\":\"https:\\\/\\\/www.analoggwerz.com\\\/#\\\/schema\\\/logo\\\/image\\\/\",\"url\":\"https:\\\/\\\/www.analoggwerz.com\\\/wp-content\\\/uploads\\\/2025\\\/10\\\/000-LOGO-ANALOG-GWERZ-NOIR-1.png\",\"contentUrl\":\"https:\\\/\\\/www.analoggwerz.com\\\/wp-content\\\/uploads\\\/2025\\\/10\\\/000-LOGO-ANALOG-GWERZ-NOIR-1.png\",\"width\":800,\"height\":407,\"caption\":\"Analog Gwerz\"},\"image\":{\"@id\":\"https:\\\/\\\/www.analoggwerz.com\\\/#\\\/schema\\\/logo\\\/image\\\/\"},\"sameAs\":[\"https:\\\/\\\/www.instagram.com\\\/analog_gwerz\\\/\",\"https:\\\/\\\/www.tiktok.com\\\/@analog_gwerz\"]}]}<\/script>\n<!-- \/ Yoast SEO plugin. -->","yoast_head_json":{"title":"Housse d\u2019origine Minolta pour compact argentique est disponible sur la boutique !","description":"Cliquez ici pour d\u00e9couvrir Housse d\u2019origine Minolta pour compact argentique sur la boutique.","robots":{"index":"index","follow":"follow","max-snippet":"max-snippet:-1","max-image-preview":"max-image-preview:large","max-video-preview":"max-video-preview:-1"},"canonical":"https:\/\/www.analoggwerz.com\/en\/product\/housse-dorigine-minolta-pour-compact-argentique\/","og_locale":"en_US","og_type":"article","og_title":"Housse d\u2019origine Minolta pour compact argentique est disponible sur la boutique !","og_description":"Cliquez ici pour d\u00e9couvrir Housse d\u2019origine Minolta pour compact argentique sur la boutique.","og_url":"https:\/\/www.analoggwerz.com\/en\/product\/housse-dorigine-minolta-pour-compact-argentique\/","og_site_name":"Analog Gwerz","article_modified_time":"2026-04-12T12:22:59+00:00","og_image":[{"width":2560,"height":1920,"url":"https:\/\/www.analoggwerz.com\/wp-content\/uploads\/2026\/01\/img_6041-scaled.jpeg","type":"image\/jpeg"}],"twitter_card":"summary_large_image","twitter_misc":{"Est. reading time":"1 minute"},"schema":{"@context":"https:\/\/schema.org","@graph":[{"@type":"WebPage","@id":"https:\/\/www.analoggwerz.com\/produit\/housse-dorigine-minolta-pour-compact-argentique\/","url":"https:\/\/www.analoggwerz.com\/produit\/housse-dorigine-minolta-pour-compact-argentique\/","name":"Housse d\u2019origine Minolta pour compact argentique est disponible sur la boutique !","isPartOf":{"@id":"https:\/\/www.analoggwerz.com\/#website"},"primaryImageOfPage":{"@id":"https:\/\/www.analoggwerz.com\/produit\/housse-dorigine-minolta-pour-compact-argentique\/#primaryimage"},"image":{"@id":"https:\/\/www.analoggwerz.com\/produit\/housse-dorigine-minolta-pour-compact-argentique\/#primaryimage"},"thumbnailUrl":"https:\/\/www.analoggwerz.com\/wp-content\/uploads\/2026\/01\/img_6041-scaled.jpeg","datePublished":"2026-01-12T13:22:45+00:00","dateModified":"2026-04-12T12:22:59+00:00","description":"Cliquez ici pour d\u00e9couvrir Housse d\u2019origine Minolta pour compact argentique sur la boutique.","breadcrumb":{"@id":"https:\/\/www.analoggwerz.com\/produit\/housse-dorigine-minolta-pour-compact-argentique\/#breadcrumb"},"inLanguage":"en-US","potentialAction":[{"@type":"ReadAction","target":["https:\/\/www.analoggwerz.com\/produit\/housse-dorigine-minolta-pour-compact-argentique\/"]}]},{"@type":"ImageObject","inLanguage":"en-US","@id":"https:\/\/www.analoggwerz.com\/produit\/housse-dorigine-minolta-pour-compact-argentique\/#primaryimage","url":"https:\/\/www.analoggwerz.com\/wp-content\/uploads\/2026\/01\/img_6041-scaled.jpeg","contentUrl":"https:\/\/www.analoggwerz.com\/wp-content\/uploads\/2026\/01\/img_6041-scaled.jpeg","width":2560,"height":1920},{"@type":"BreadcrumbList","@id":"https:\/\/www.analoggwerz.com\/produit\/housse-dorigine-minolta-pour-compact-argentique\/#breadcrumb","itemListElement":[{"@type":"ListItem","position":1,"name":"Accueil","item":"https:\/\/www.analoggwerz.com\/"},{"@type":"ListItem","position":2,"name":"Boutique","item":"https:\/\/www.analoggwerz.com\/shop\/"},{"@type":"ListItem","position":3,"name":"Housse d\u2019origine Minolta pour compact argentique"}]},{"@type":"WebSite","@id":"https:\/\/www.analoggwerz.com\/#website","url":"https:\/\/www.analoggwerz.com\/","name":"Analog Gwerz","description":"Pas besoin de neuf pour capturer l&#039;instant !","publisher":{"@id":"https:\/\/www.analoggwerz.com\/#organization"},"potentialAction":[{"@type":"SearchAction","target":{"@type":"EntryPoint","urlTemplate":"https:\/\/www.analoggwerz.com\/?s={search_term_string}"},"query-input":{"@type":"PropertyValueSpecification","valueRequired":true,"valueName":"search_term_string"}}],"inLanguage":"en-US"},{"@type":"Organization","@id":"https:\/\/www.analoggwerz.com\/#organization","name":"Analog Gwerz","url":"https:\/\/www.analoggwerz.com\/","logo":{"@type":"ImageObject","inLanguage":"en-US","@id":"https:\/\/www.analoggwerz.com\/#\/schema\/logo\/image\/","url":"https:\/\/www.analoggwerz.com\/wp-content\/uploads\/2025\/10\/000-LOGO-ANALOG-GWERZ-NOIR-1.png","contentUrl":"https:\/\/www.analoggwerz.com\/wp-content\/uploads\/2025\/10\/000-LOGO-ANALOG-GWERZ-NOIR-1.png","width":800,"height":407,"caption":"Analog Gwerz"},"image":{"@id":"https:\/\/www.analoggwerz.com\/#\/schema\/logo\/image\/"},"sameAs":["https:\/\/www.instagram.com\/analog_gwerz\/","https:\/\/www.tiktok.com\/@analog_gwerz"]}]}},"jetpack_sharing_enabled":true,"_links":{"self":[{"href":"https:\/\/www.analoggwerz.com\/en\/wp-json\/wp\/v2\/product\/9963","targetHints":{"allow":["GET"]}}],"collection":[{"href":"https:\/\/www.analoggwerz.com\/en\/wp-json\/wp\/v2\/product"}],"about":[{"href":"https:\/\/www.analoggwerz.com\/en\/wp-json\/wp\/v2\/types\/product"}],"wp:featuredmedia":[{"embeddable":true,"href":"https:\/\/www.analoggwerz.com\/en\/wp-json\/wp\/v2\/media\/9962"}],"wp:attachment":[{"href":"https:\/\/www.analoggwerz.com\/en\/wp-json\/wp\/v2\/media?parent=9963"}],"wp:term":[{"taxonomy":"product_brand","embeddable":true,"href":"https:\/\/www.analoggwerz.com\/en\/wp-json\/wp\/v2\/product_brand?post=9963"},{"taxonomy":"product_cat","embeddable":true,"href":"https:\/\/www.analoggwerz.com\/en\/wp-json\/wp\/v2\/product_cat?post=9963"},{"taxonomy":"product_tag","embeddable":true,"href":"https:\/\/www.analoggwerz.com\/en\/wp-json\/wp\/v2\/product_tag?post=9963"}],"curies":[{"name":"wp","href":"https:\/\/api.w.org\/{rel}","templated":true}]}}