{"id":9920,"date":"2025-12-06T14:10:21","date_gmt":"2025-12-06T14:10:21","guid":{"rendered":"https:\/\/www.analoggwerz.com\/produit\/sacoche-housse-clic-pour-reflex\/"},"modified":"2025-12-06T14:10:24","modified_gmt":"2025-12-06T14:10:24","slug":"sacoche-housse-clic-pour-reflex","status":"publish","type":"product","link":"https:\/\/www.analoggwerz.com\/en\/product\/sacoche-housse-clic-pour-reflex\/","title":{"rendered":"Sacoche Housse CLIC pour Reflex"},"content":{"rendered":"<p><strong>Sacoche Housse CLIC pour Reflex \/ Bridge &#8211; Noir et Gris Clair | Forme Holster | Transport S\u00e9curis\u00e9<\/strong><\/p>\n<p><strong>Cette sacoche de type Holster de marque CLIC de couleur Noire avec des accents Gris Clair est con\u00e7ue pour accueillir un appareil photo reflex compact avec un objectif standard mont\u00e9, ou un appareil photo Bridge (super-zoom) ou un cam\u00e9scope de taille moyenne. Sa forme permet de sortir rapidement l&rsquo;appareil pour capturer l&rsquo;instant.<\/strong><\/p>\n<p><strong>Caract\u00e9ristiques de la Sacoche :<\/strong><\/p>\n<p><strong>\u2022 Marque : CLIC<\/strong><\/p>\n<p><strong>\u2022 Couleur : Noir (Mat\u00e9riau ext\u00e9rieur) et Gris Clair\/Beige (Liser\u00e9s et int\u00e9rieur du rabat). L&rsquo;int\u00e9rieur est en tissu noir et rembourr\u00e9 en gris.<\/strong><\/p>\n<p><strong>\u2022 Type : Sacoche Holster \/ Triangle (id\u00e9ale pour reflex avec objectif 18-55mm mont\u00e9).<\/strong><\/p>\n<p><strong>\u2022 Protection : Bien rembourr\u00e9e avec un s\u00e9parateur interne (amovible ou ajustable) de couleur gris\/jaune (visible sur la photo int\u00e9rieure).<\/strong><\/p>\n<p><strong>\u2022 Transport : Bandouli\u00e8re r\u00e9glable (incluse) et poign\u00e9e de transport sur le dessus.<\/strong><\/p>\n<p><strong>\u2022 Rangement : Poche filet zipp\u00e9e sous le rabat et poches lat\u00e9rales pour cartes m\u00e9moire, piles, ou petits accessoires.<\/strong><\/p>\n<p><strong>\u2022 Dimensions Approximatives (Int\u00e9rieures) :<\/strong><\/p>\n<p><strong>\u2022 Hauteur : 18-20 cm (pour la longueur du bo\u00eetier + objectif)<\/strong><\/p>\n<p><strong>\u2022 Largeur : 14-16 cm<\/strong><\/p>\n<p><strong>\u2022 Profondeur : 8-10 cm<\/strong><\/p>\n<p><strong>\u2022 Compatibilit\u00e9 : Convient \u00e0 la plupart des reflex num\u00e9riques\/argentiques compacts et Bridge\/Cam\u00e9scopes.<\/strong><\/p>","protected":false},"excerpt":{"rendered":"<p>Sacoche Housse CLIC pour Reflex \/ Bridge &#8211; Noir et Gris Clair | Forme Holster | Transport S\u00e9curis\u00e9 Cette sacoche de type Holster de marque CLIC de couleur Noire avec des accents Gris Clair est con\u00e7ue pour accueillir un appareil photo reflex compact avec un objectif standard mont\u00e9, ou un appareil photo Bridge (super-zoom) ou [&hellip;]<\/p>\n","protected":false},"featured_media":9919,"template":"","meta":[],"product_brand":[],"product_cat":[55,143,147],"product_tag":[],"class_list":{"0":"post-9920","1":"product","2":"type-product","3":"status-publish","4":"has-post-thumbnail","6":"product_cat-accessoires","7":"product_cat-etuis-et-sacoches","8":"product_cat-grande-sacoche","10":"first","11":"instock","12":"purchasable","13":"product-type-simple"},"yoast_head":"<!-- This site is optimized with the Yoast SEO plugin v27.5 - https:\/\/yoast.com\/product\/yoast-seo-wordpress\/ -->\n<title>Sacoche Housse CLIC pour Reflex est disponible sur la boutique !<\/title>\n<meta name=\"description\" content=\"Cliquez ici pour d\u00e9couvrir Sacoche Housse CLIC pour Reflex sur la boutique.\" \/>\n<meta name=\"robots\" content=\"index, follow, max-snippet:-1, max-image-preview:large, max-video-preview:-1\" \/>\n<link rel=\"canonical\" href=\"https:\/\/www.analoggwerz.com\/en\/product\/sacoche-housse-clic-pour-reflex\/\" \/>\n<meta property=\"og:locale\" content=\"en_US\" \/>\n<meta property=\"og:type\" content=\"article\" \/>\n<meta property=\"og:title\" content=\"Sacoche Housse CLIC pour Reflex est disponible sur la boutique !\" \/>\n<meta property=\"og:description\" content=\"Cliquez ici pour d\u00e9couvrir Sacoche Housse CLIC pour Reflex sur la boutique.\" \/>\n<meta property=\"og:url\" content=\"https:\/\/www.analoggwerz.com\/en\/product\/sacoche-housse-clic-pour-reflex\/\" \/>\n<meta property=\"og:site_name\" content=\"Analog Gwerz\" \/>\n<meta property=\"article:modified_time\" content=\"2025-12-06T14:10:24+00:00\" \/>\n<meta property=\"og:image\" content=\"https:\/\/www.analoggwerz.com\/wp-content\/uploads\/2025\/04\/assets_task_01jra9s5ypffzbqebsyr432pm0_img_0.webp\" \/>\n\t<meta property=\"og:image:width\" content=\"1536\" \/>\n\t<meta property=\"og:image:height\" content=\"1024\" \/>\n\t<meta property=\"og:image:type\" content=\"image\/webp\" \/>\n<meta name=\"twitter:card\" content=\"summary_large_image\" \/>\n<meta name=\"twitter:label1\" content=\"Est. reading time\" \/>\n\t<meta name=\"twitter:data1\" content=\"1 minute\" \/>\n<script type=\"application\/ld+json\" class=\"yoast-schema-graph\">{\"@context\":\"https:\\\/\\\/schema.org\",\"@graph\":[{\"@type\":\"WebPage\",\"@id\":\"https:\\\/\\\/www.analoggwerz.com\\\/produit\\\/sacoche-housse-clic-pour-reflex\\\/\",\"url\":\"https:\\\/\\\/www.analoggwerz.com\\\/produit\\\/sacoche-housse-clic-pour-reflex\\\/\",\"name\":\"Sacoche Housse CLIC pour Reflex est disponible sur la boutique !\",\"isPartOf\":{\"@id\":\"https:\\\/\\\/www.analoggwerz.com\\\/#website\"},\"primaryImageOfPage\":{\"@id\":\"https:\\\/\\\/www.analoggwerz.com\\\/produit\\\/sacoche-housse-clic-pour-reflex\\\/#primaryimage\"},\"image\":{\"@id\":\"https:\\\/\\\/www.analoggwerz.com\\\/produit\\\/sacoche-housse-clic-pour-reflex\\\/#primaryimage\"},\"thumbnailUrl\":\"https:\\\/\\\/www.analoggwerz.com\\\/wp-content\\\/uploads\\\/2025\\\/12\\\/img_5714-scaled.jpeg\",\"datePublished\":\"2025-12-06T14:10:21+00:00\",\"dateModified\":\"2025-12-06T14:10:24+00:00\",\"description\":\"Cliquez ici pour d\u00e9couvrir Sacoche Housse CLIC pour Reflex sur la boutique.\",\"breadcrumb\":{\"@id\":\"https:\\\/\\\/www.analoggwerz.com\\\/produit\\\/sacoche-housse-clic-pour-reflex\\\/#breadcrumb\"},\"inLanguage\":\"en-US\",\"potentialAction\":[{\"@type\":\"ReadAction\",\"target\":[\"https:\\\/\\\/www.analoggwerz.com\\\/produit\\\/sacoche-housse-clic-pour-reflex\\\/\"]}]},{\"@type\":\"ImageObject\",\"inLanguage\":\"en-US\",\"@id\":\"https:\\\/\\\/www.analoggwerz.com\\\/produit\\\/sacoche-housse-clic-pour-reflex\\\/#primaryimage\",\"url\":\"https:\\\/\\\/www.analoggwerz.com\\\/wp-content\\\/uploads\\\/2025\\\/12\\\/img_5714-scaled.jpeg\",\"contentUrl\":\"https:\\\/\\\/www.analoggwerz.com\\\/wp-content\\\/uploads\\\/2025\\\/12\\\/img_5714-scaled.jpeg\",\"width\":2560,\"height\":1920},{\"@type\":\"BreadcrumbList\",\"@id\":\"https:\\\/\\\/www.analoggwerz.com\\\/produit\\\/sacoche-housse-clic-pour-reflex\\\/#breadcrumb\",\"itemListElement\":[{\"@type\":\"ListItem\",\"position\":1,\"name\":\"Accueil\",\"item\":\"https:\\\/\\\/www.analoggwerz.com\\\/\"},{\"@type\":\"ListItem\",\"position\":2,\"name\":\"Boutique\",\"item\":\"https:\\\/\\\/www.analoggwerz.com\\\/shop\\\/\"},{\"@type\":\"ListItem\",\"position\":3,\"name\":\"Sacoche Housse CLIC pour Reflex\"}]},{\"@type\":\"WebSite\",\"@id\":\"https:\\\/\\\/www.analoggwerz.com\\\/#website\",\"url\":\"https:\\\/\\\/www.analoggwerz.com\\\/\",\"name\":\"Analog Gwerz\",\"description\":\"Pas besoin de neuf pour capturer l&#039;instant !\",\"publisher\":{\"@id\":\"https:\\\/\\\/www.analoggwerz.com\\\/#organization\"},\"potentialAction\":[{\"@type\":\"SearchAction\",\"target\":{\"@type\":\"EntryPoint\",\"urlTemplate\":\"https:\\\/\\\/www.analoggwerz.com\\\/?s={search_term_string}\"},\"query-input\":{\"@type\":\"PropertyValueSpecification\",\"valueRequired\":true,\"valueName\":\"search_term_string\"}}],\"inLanguage\":\"en-US\"},{\"@type\":\"Organization\",\"@id\":\"https:\\\/\\\/www.analoggwerz.com\\\/#organization\",\"name\":\"Analog Gwerz\",\"url\":\"https:\\\/\\\/www.analoggwerz.com\\\/\",\"logo\":{\"@type\":\"ImageObject\",\"inLanguage\":\"en-US\",\"@id\":\"https:\\\/\\\/www.analoggwerz.com\\\/#\\\/schema\\\/logo\\\/image\\\/\",\"url\":\"https:\\\/\\\/www.analoggwerz.com\\\/wp-content\\\/uploads\\\/2025\\\/10\\\/000-LOGO-ANALOG-GWERZ-NOIR-1.png\",\"contentUrl\":\"https:\\\/\\\/www.analoggwerz.com\\\/wp-content\\\/uploads\\\/2025\\\/10\\\/000-LOGO-ANALOG-GWERZ-NOIR-1.png\",\"width\":800,\"height\":407,\"caption\":\"Analog Gwerz\"},\"image\":{\"@id\":\"https:\\\/\\\/www.analoggwerz.com\\\/#\\\/schema\\\/logo\\\/image\\\/\"},\"sameAs\":[\"https:\\\/\\\/www.instagram.com\\\/analog_gwerz\\\/\",\"https:\\\/\\\/www.tiktok.com\\\/@analog_gwerz\"]}]}<\/script>\n<!-- \/ Yoast SEO plugin. -->","yoast_head_json":{"title":"Sacoche Housse CLIC pour Reflex est disponible sur la boutique !","description":"Cliquez ici pour d\u00e9couvrir Sacoche Housse CLIC pour Reflex sur la boutique.","robots":{"index":"index","follow":"follow","max-snippet":"max-snippet:-1","max-image-preview":"max-image-preview:large","max-video-preview":"max-video-preview:-1"},"canonical":"https:\/\/www.analoggwerz.com\/en\/product\/sacoche-housse-clic-pour-reflex\/","og_locale":"en_US","og_type":"article","og_title":"Sacoche Housse CLIC pour Reflex est disponible sur la boutique !","og_description":"Cliquez ici pour d\u00e9couvrir Sacoche Housse CLIC pour Reflex sur la boutique.","og_url":"https:\/\/www.analoggwerz.com\/en\/product\/sacoche-housse-clic-pour-reflex\/","og_site_name":"Analog Gwerz","article_modified_time":"2025-12-06T14:10:24+00:00","og_image":[{"width":1536,"height":1024,"url":"https:\/\/www.analoggwerz.com\/wp-content\/uploads\/2025\/04\/assets_task_01jra9s5ypffzbqebsyr432pm0_img_0.webp","type":"image\/webp"}],"twitter_card":"summary_large_image","twitter_misc":{"Est. reading time":"1 minute"},"schema":{"@context":"https:\/\/schema.org","@graph":[{"@type":"WebPage","@id":"https:\/\/www.analoggwerz.com\/produit\/sacoche-housse-clic-pour-reflex\/","url":"https:\/\/www.analoggwerz.com\/produit\/sacoche-housse-clic-pour-reflex\/","name":"Sacoche Housse CLIC pour Reflex est disponible sur la boutique !","isPartOf":{"@id":"https:\/\/www.analoggwerz.com\/#website"},"primaryImageOfPage":{"@id":"https:\/\/www.analoggwerz.com\/produit\/sacoche-housse-clic-pour-reflex\/#primaryimage"},"image":{"@id":"https:\/\/www.analoggwerz.com\/produit\/sacoche-housse-clic-pour-reflex\/#primaryimage"},"thumbnailUrl":"https:\/\/www.analoggwerz.com\/wp-content\/uploads\/2025\/12\/img_5714-scaled.jpeg","datePublished":"2025-12-06T14:10:21+00:00","dateModified":"2025-12-06T14:10:24+00:00","description":"Cliquez ici pour d\u00e9couvrir Sacoche Housse CLIC pour Reflex sur la boutique.","breadcrumb":{"@id":"https:\/\/www.analoggwerz.com\/produit\/sacoche-housse-clic-pour-reflex\/#breadcrumb"},"inLanguage":"en-US","potentialAction":[{"@type":"ReadAction","target":["https:\/\/www.analoggwerz.com\/produit\/sacoche-housse-clic-pour-reflex\/"]}]},{"@type":"ImageObject","inLanguage":"en-US","@id":"https:\/\/www.analoggwerz.com\/produit\/sacoche-housse-clic-pour-reflex\/#primaryimage","url":"https:\/\/www.analoggwerz.com\/wp-content\/uploads\/2025\/12\/img_5714-scaled.jpeg","contentUrl":"https:\/\/www.analoggwerz.com\/wp-content\/uploads\/2025\/12\/img_5714-scaled.jpeg","width":2560,"height":1920},{"@type":"BreadcrumbList","@id":"https:\/\/www.analoggwerz.com\/produit\/sacoche-housse-clic-pour-reflex\/#breadcrumb","itemListElement":[{"@type":"ListItem","position":1,"name":"Accueil","item":"https:\/\/www.analoggwerz.com\/"},{"@type":"ListItem","position":2,"name":"Boutique","item":"https:\/\/www.analoggwerz.com\/shop\/"},{"@type":"ListItem","position":3,"name":"Sacoche Housse CLIC pour Reflex"}]},{"@type":"WebSite","@id":"https:\/\/www.analoggwerz.com\/#website","url":"https:\/\/www.analoggwerz.com\/","name":"Analog Gwerz","description":"Pas besoin de neuf pour capturer l&#039;instant !","publisher":{"@id":"https:\/\/www.analoggwerz.com\/#organization"},"potentialAction":[{"@type":"SearchAction","target":{"@type":"EntryPoint","urlTemplate":"https:\/\/www.analoggwerz.com\/?s={search_term_string}"},"query-input":{"@type":"PropertyValueSpecification","valueRequired":true,"valueName":"search_term_string"}}],"inLanguage":"en-US"},{"@type":"Organization","@id":"https:\/\/www.analoggwerz.com\/#organization","name":"Analog Gwerz","url":"https:\/\/www.analoggwerz.com\/","logo":{"@type":"ImageObject","inLanguage":"en-US","@id":"https:\/\/www.analoggwerz.com\/#\/schema\/logo\/image\/","url":"https:\/\/www.analoggwerz.com\/wp-content\/uploads\/2025\/10\/000-LOGO-ANALOG-GWERZ-NOIR-1.png","contentUrl":"https:\/\/www.analoggwerz.com\/wp-content\/uploads\/2025\/10\/000-LOGO-ANALOG-GWERZ-NOIR-1.png","width":800,"height":407,"caption":"Analog Gwerz"},"image":{"@id":"https:\/\/www.analoggwerz.com\/#\/schema\/logo\/image\/"},"sameAs":["https:\/\/www.instagram.com\/analog_gwerz\/","https:\/\/www.tiktok.com\/@analog_gwerz"]}]}},"jetpack_sharing_enabled":true,"_links":{"self":[{"href":"https:\/\/www.analoggwerz.com\/en\/wp-json\/wp\/v2\/product\/9920","targetHints":{"allow":["GET"]}}],"collection":[{"href":"https:\/\/www.analoggwerz.com\/en\/wp-json\/wp\/v2\/product"}],"about":[{"href":"https:\/\/www.analoggwerz.com\/en\/wp-json\/wp\/v2\/types\/product"}],"wp:featuredmedia":[{"embeddable":true,"href":"https:\/\/www.analoggwerz.com\/en\/wp-json\/wp\/v2\/media\/9919"}],"wp:attachment":[{"href":"https:\/\/www.analoggwerz.com\/en\/wp-json\/wp\/v2\/media?parent=9920"}],"wp:term":[{"taxonomy":"product_brand","embeddable":true,"href":"https:\/\/www.analoggwerz.com\/en\/wp-json\/wp\/v2\/product_brand?post=9920"},{"taxonomy":"product_cat","embeddable":true,"href":"https:\/\/www.analoggwerz.com\/en\/wp-json\/wp\/v2\/product_cat?post=9920"},{"taxonomy":"product_tag","embeddable":true,"href":"https:\/\/www.analoggwerz.com\/en\/wp-json\/wp\/v2\/product_tag?post=9920"}],"curies":[{"name":"wp","href":"https:\/\/api.w.org\/{rel}","templated":true}]}}