{"id":9869,"date":"2025-11-25T18:39:09","date_gmt":"2025-11-25T18:39:09","guid":{"rendered":"https:\/\/www.analoggwerz.com\/produit\/camescope-panasonic-sdr-h20-gris\/"},"modified":"2025-12-15T16:05:14","modified_gmt":"2025-12-15T16:05:14","slug":"camescope-panasonic-sdr-h20-gris","status":"publish","type":"product","link":"https:\/\/www.analoggwerz.com\/en\/product\/camescope-panasonic-sdr-h20-gris\/","title":{"rendered":"Cam\u00e9scope Panasonic SDR-H20 &#8211; Gris"},"content":{"rendered":"<p><strong>Cam\u00e9scope Panasonic SDR-H20 &#8211; Gris Argent\u00e9 | KIT COMPLET, Chargeur et Batterie INCLUS | Enregistrement HDD 30Go &amp; Carte SD<\/strong><\/p>\n<p><strong>Ce cam\u00e9scope num\u00e9rique Panasonic SDR-H20 de couleur Gris Argent\u00e9 est un excellent choix pour capturer ou num\u00e9riser vos moments. Il est enti\u00e8rement fonctionnel et est livr\u00e9 en kit complet, vous permettant de filmer d\u00e8s la r\u00e9ception !<\/strong><\/p>\n<p><strong>POINTS FORTS :<\/strong><\/p>\n<p><strong>\u2022 <\/strong>\u26a1<strong> Pr\u00eat \u00e0 Filmer : Batterie et Chargeur d&rsquo;origine FOURNIS et en BON \u00c9TAT de fonctionnement !<\/strong><\/p>\n<p><strong>\u2022 <\/strong>\ud83d\udcbe<strong> Double Stockage : Enregistrement sur Disque Dur (HDD) de 30 Go (des heures de vid\u00e9o !) et sur Carte SD\/SDHC.<\/strong><\/p>\n<p><strong>\u2022 <\/strong>\ud83d\udd2d<strong> Zoom Puissant : Impressionnant Zoom Optique 32x avec Stabilisation d&rsquo;Image Optique (O.I.S.).<\/strong><\/p>\n<p><strong>Caract\u00e9ristiques du Cam\u00e9scope :<\/strong><\/p>\n<p><strong>\u2022 Marque : Panasonic<\/strong><\/p>\n<p><strong>\u2022 Mod\u00e8le : SDR-H20<\/strong><\/p>\n<p><strong>\u2022 Couleur : Gris Argent\u00e9 (avec accents noirs)<\/strong><\/p>\n<p><strong>\u2022 Support Vid\u00e9o : HDD 30 Go interne + Slot Carte SD<\/strong><\/p>\n<p><strong>\u2022 \u00c9tat : Occasion, en tr\u00e8s bon \u00e9tat g\u00e9n\u00e9ral, test\u00e9 et fonctionnel.<\/strong><\/p>","protected":false},"excerpt":{"rendered":"<p>Cam\u00e9scope Panasonic SDR-H20 &#8211; Gris Argent\u00e9 | KIT COMPLET, Chargeur et Batterie INCLUS | Enregistrement HDD 30Go &amp; Carte SD Ce cam\u00e9scope num\u00e9rique Panasonic SDR-H20 de couleur Gris Argent\u00e9 est un excellent choix pour capturer ou num\u00e9riser vos moments. Il est enti\u00e8rement fonctionnel et est livr\u00e9 en kit complet, vous permettant de filmer d\u00e8s la [&hellip;]<\/p>\n","protected":false},"featured_media":9868,"template":"","meta":[],"product_brand":[],"product_cat":[32,126,125,123],"product_tag":[],"class_list":{"0":"post-9869","1":"product","2":"type-product","3":"status-publish","4":"has-post-thumbnail","6":"product_cat-camescopes","7":"product_cat-camescopes-a-carte-memoire","8":"product_cat-camescopes-a-disque-dur","9":"product_cat-camescopes-numeriques","11":"first","12":"outofstock","13":"purchasable","14":"product-type-simple"},"yoast_head":"<!-- This site is optimized with the Yoast SEO plugin v27.5 - https:\/\/yoast.com\/product\/yoast-seo-wordpress\/ -->\n<title>Cam\u00e9scope Panasonic SDR-H20 - Gris est disponible sur la boutique !<\/title>\n<meta name=\"description\" content=\"Cliquez ici pour d\u00e9couvrir Cam\u00e9scope Panasonic SDR-H20 - Gris sur la boutique.\" \/>\n<meta name=\"robots\" content=\"index, follow, max-snippet:-1, max-image-preview:large, max-video-preview:-1\" \/>\n<link rel=\"canonical\" href=\"https:\/\/www.analoggwerz.com\/en\/product\/camescope-panasonic-sdr-h20-gris\/\" \/>\n<meta property=\"og:locale\" content=\"en_US\" \/>\n<meta property=\"og:type\" content=\"article\" \/>\n<meta property=\"og:title\" content=\"Cam\u00e9scope Panasonic SDR-H20 - Gris est disponible sur la boutique !\" \/>\n<meta property=\"og:description\" content=\"Cliquez ici pour d\u00e9couvrir Cam\u00e9scope Panasonic SDR-H20 - Gris sur la boutique.\" \/>\n<meta property=\"og:url\" content=\"https:\/\/www.analoggwerz.com\/en\/product\/camescope-panasonic-sdr-h20-gris\/\" \/>\n<meta property=\"og:site_name\" content=\"Analog Gwerz\" \/>\n<meta property=\"article:modified_time\" content=\"2025-12-15T16:05:14+00:00\" \/>\n<meta property=\"og:image\" content=\"https:\/\/www.analoggwerz.com\/wp-content\/uploads\/2025\/11\/img_5587-scaled.jpeg\" \/>\n\t<meta property=\"og:image:width\" content=\"2560\" \/>\n\t<meta property=\"og:image:height\" content=\"1920\" \/>\n\t<meta property=\"og:image:type\" content=\"image\/jpeg\" \/>\n<meta name=\"twitter:card\" content=\"summary_large_image\" \/>\n<meta name=\"twitter:label1\" content=\"Est. reading time\" \/>\n\t<meta name=\"twitter:data1\" content=\"1 minute\" \/>\n<script type=\"application\/ld+json\" class=\"yoast-schema-graph\">{\"@context\":\"https:\\\/\\\/schema.org\",\"@graph\":[{\"@type\":\"WebPage\",\"@id\":\"https:\\\/\\\/www.analoggwerz.com\\\/produit\\\/camescope-panasonic-sdr-h20-gris\\\/\",\"url\":\"https:\\\/\\\/www.analoggwerz.com\\\/produit\\\/camescope-panasonic-sdr-h20-gris\\\/\",\"name\":\"Cam\u00e9scope Panasonic SDR-H20 - Gris est disponible sur la boutique !\",\"isPartOf\":{\"@id\":\"https:\\\/\\\/www.analoggwerz.com\\\/#website\"},\"primaryImageOfPage\":{\"@id\":\"https:\\\/\\\/www.analoggwerz.com\\\/produit\\\/camescope-panasonic-sdr-h20-gris\\\/#primaryimage\"},\"image\":{\"@id\":\"https:\\\/\\\/www.analoggwerz.com\\\/produit\\\/camescope-panasonic-sdr-h20-gris\\\/#primaryimage\"},\"thumbnailUrl\":\"https:\\\/\\\/www.analoggwerz.com\\\/wp-content\\\/uploads\\\/2025\\\/11\\\/img_5587-scaled.jpeg\",\"datePublished\":\"2025-11-25T18:39:09+00:00\",\"dateModified\":\"2025-12-15T16:05:14+00:00\",\"description\":\"Cliquez ici pour d\u00e9couvrir Cam\u00e9scope Panasonic SDR-H20 - Gris sur la boutique.\",\"breadcrumb\":{\"@id\":\"https:\\\/\\\/www.analoggwerz.com\\\/produit\\\/camescope-panasonic-sdr-h20-gris\\\/#breadcrumb\"},\"inLanguage\":\"en-US\",\"potentialAction\":[{\"@type\":\"ReadAction\",\"target\":[\"https:\\\/\\\/www.analoggwerz.com\\\/produit\\\/camescope-panasonic-sdr-h20-gris\\\/\"]}]},{\"@type\":\"ImageObject\",\"inLanguage\":\"en-US\",\"@id\":\"https:\\\/\\\/www.analoggwerz.com\\\/produit\\\/camescope-panasonic-sdr-h20-gris\\\/#primaryimage\",\"url\":\"https:\\\/\\\/www.analoggwerz.com\\\/wp-content\\\/uploads\\\/2025\\\/11\\\/img_5587-scaled.jpeg\",\"contentUrl\":\"https:\\\/\\\/www.analoggwerz.com\\\/wp-content\\\/uploads\\\/2025\\\/11\\\/img_5587-scaled.jpeg\",\"width\":2560,\"height\":1920},{\"@type\":\"BreadcrumbList\",\"@id\":\"https:\\\/\\\/www.analoggwerz.com\\\/produit\\\/camescope-panasonic-sdr-h20-gris\\\/#breadcrumb\",\"itemListElement\":[{\"@type\":\"ListItem\",\"position\":1,\"name\":\"Accueil\",\"item\":\"https:\\\/\\\/www.analoggwerz.com\\\/\"},{\"@type\":\"ListItem\",\"position\":2,\"name\":\"Boutique\",\"item\":\"https:\\\/\\\/www.analoggwerz.com\\\/shop\\\/\"},{\"@type\":\"ListItem\",\"position\":3,\"name\":\"Cam\u00e9scope Panasonic SDR-H20 &#8211; Gris\"}]},{\"@type\":\"WebSite\",\"@id\":\"https:\\\/\\\/www.analoggwerz.com\\\/#website\",\"url\":\"https:\\\/\\\/www.analoggwerz.com\\\/\",\"name\":\"Analog Gwerz\",\"description\":\"Pas besoin de neuf pour capturer l&#039;instant !\",\"publisher\":{\"@id\":\"https:\\\/\\\/www.analoggwerz.com\\\/#organization\"},\"potentialAction\":[{\"@type\":\"SearchAction\",\"target\":{\"@type\":\"EntryPoint\",\"urlTemplate\":\"https:\\\/\\\/www.analoggwerz.com\\\/?s={search_term_string}\"},\"query-input\":{\"@type\":\"PropertyValueSpecification\",\"valueRequired\":true,\"valueName\":\"search_term_string\"}}],\"inLanguage\":\"en-US\"},{\"@type\":\"Organization\",\"@id\":\"https:\\\/\\\/www.analoggwerz.com\\\/#organization\",\"name\":\"Analog Gwerz\",\"url\":\"https:\\\/\\\/www.analoggwerz.com\\\/\",\"logo\":{\"@type\":\"ImageObject\",\"inLanguage\":\"en-US\",\"@id\":\"https:\\\/\\\/www.analoggwerz.com\\\/#\\\/schema\\\/logo\\\/image\\\/\",\"url\":\"https:\\\/\\\/www.analoggwerz.com\\\/wp-content\\\/uploads\\\/2025\\\/10\\\/000-LOGO-ANALOG-GWERZ-NOIR-1.png\",\"contentUrl\":\"https:\\\/\\\/www.analoggwerz.com\\\/wp-content\\\/uploads\\\/2025\\\/10\\\/000-LOGO-ANALOG-GWERZ-NOIR-1.png\",\"width\":800,\"height\":407,\"caption\":\"Analog Gwerz\"},\"image\":{\"@id\":\"https:\\\/\\\/www.analoggwerz.com\\\/#\\\/schema\\\/logo\\\/image\\\/\"},\"sameAs\":[\"https:\\\/\\\/www.instagram.com\\\/analog_gwerz\\\/\",\"https:\\\/\\\/www.tiktok.com\\\/@analog_gwerz\"]}]}<\/script>\n<!-- \/ Yoast SEO plugin. -->","yoast_head_json":{"title":"Cam\u00e9scope Panasonic SDR-H20 - Gris est disponible sur la boutique !","description":"Cliquez ici pour d\u00e9couvrir Cam\u00e9scope Panasonic SDR-H20 - Gris sur la boutique.","robots":{"index":"index","follow":"follow","max-snippet":"max-snippet:-1","max-image-preview":"max-image-preview:large","max-video-preview":"max-video-preview:-1"},"canonical":"https:\/\/www.analoggwerz.com\/en\/product\/camescope-panasonic-sdr-h20-gris\/","og_locale":"en_US","og_type":"article","og_title":"Cam\u00e9scope Panasonic SDR-H20 - Gris est disponible sur la boutique !","og_description":"Cliquez ici pour d\u00e9couvrir Cam\u00e9scope Panasonic SDR-H20 - Gris sur la boutique.","og_url":"https:\/\/www.analoggwerz.com\/en\/product\/camescope-panasonic-sdr-h20-gris\/","og_site_name":"Analog Gwerz","article_modified_time":"2025-12-15T16:05:14+00:00","og_image":[{"width":2560,"height":1920,"url":"https:\/\/www.analoggwerz.com\/wp-content\/uploads\/2025\/11\/img_5587-scaled.jpeg","type":"image\/jpeg"}],"twitter_card":"summary_large_image","twitter_misc":{"Est. reading time":"1 minute"},"schema":{"@context":"https:\/\/schema.org","@graph":[{"@type":"WebPage","@id":"https:\/\/www.analoggwerz.com\/produit\/camescope-panasonic-sdr-h20-gris\/","url":"https:\/\/www.analoggwerz.com\/produit\/camescope-panasonic-sdr-h20-gris\/","name":"Cam\u00e9scope Panasonic SDR-H20 - Gris est disponible sur la boutique !","isPartOf":{"@id":"https:\/\/www.analoggwerz.com\/#website"},"primaryImageOfPage":{"@id":"https:\/\/www.analoggwerz.com\/produit\/camescope-panasonic-sdr-h20-gris\/#primaryimage"},"image":{"@id":"https:\/\/www.analoggwerz.com\/produit\/camescope-panasonic-sdr-h20-gris\/#primaryimage"},"thumbnailUrl":"https:\/\/www.analoggwerz.com\/wp-content\/uploads\/2025\/11\/img_5587-scaled.jpeg","datePublished":"2025-11-25T18:39:09+00:00","dateModified":"2025-12-15T16:05:14+00:00","description":"Cliquez ici pour d\u00e9couvrir Cam\u00e9scope Panasonic SDR-H20 - Gris sur la boutique.","breadcrumb":{"@id":"https:\/\/www.analoggwerz.com\/produit\/camescope-panasonic-sdr-h20-gris\/#breadcrumb"},"inLanguage":"en-US","potentialAction":[{"@type":"ReadAction","target":["https:\/\/www.analoggwerz.com\/produit\/camescope-panasonic-sdr-h20-gris\/"]}]},{"@type":"ImageObject","inLanguage":"en-US","@id":"https:\/\/www.analoggwerz.com\/produit\/camescope-panasonic-sdr-h20-gris\/#primaryimage","url":"https:\/\/www.analoggwerz.com\/wp-content\/uploads\/2025\/11\/img_5587-scaled.jpeg","contentUrl":"https:\/\/www.analoggwerz.com\/wp-content\/uploads\/2025\/11\/img_5587-scaled.jpeg","width":2560,"height":1920},{"@type":"BreadcrumbList","@id":"https:\/\/www.analoggwerz.com\/produit\/camescope-panasonic-sdr-h20-gris\/#breadcrumb","itemListElement":[{"@type":"ListItem","position":1,"name":"Accueil","item":"https:\/\/www.analoggwerz.com\/"},{"@type":"ListItem","position":2,"name":"Boutique","item":"https:\/\/www.analoggwerz.com\/shop\/"},{"@type":"ListItem","position":3,"name":"Cam\u00e9scope Panasonic SDR-H20 &#8211; Gris"}]},{"@type":"WebSite","@id":"https:\/\/www.analoggwerz.com\/#website","url":"https:\/\/www.analoggwerz.com\/","name":"Analog Gwerz","description":"Pas besoin de neuf pour capturer l&#039;instant !","publisher":{"@id":"https:\/\/www.analoggwerz.com\/#organization"},"potentialAction":[{"@type":"SearchAction","target":{"@type":"EntryPoint","urlTemplate":"https:\/\/www.analoggwerz.com\/?s={search_term_string}"},"query-input":{"@type":"PropertyValueSpecification","valueRequired":true,"valueName":"search_term_string"}}],"inLanguage":"en-US"},{"@type":"Organization","@id":"https:\/\/www.analoggwerz.com\/#organization","name":"Analog Gwerz","url":"https:\/\/www.analoggwerz.com\/","logo":{"@type":"ImageObject","inLanguage":"en-US","@id":"https:\/\/www.analoggwerz.com\/#\/schema\/logo\/image\/","url":"https:\/\/www.analoggwerz.com\/wp-content\/uploads\/2025\/10\/000-LOGO-ANALOG-GWERZ-NOIR-1.png","contentUrl":"https:\/\/www.analoggwerz.com\/wp-content\/uploads\/2025\/10\/000-LOGO-ANALOG-GWERZ-NOIR-1.png","width":800,"height":407,"caption":"Analog Gwerz"},"image":{"@id":"https:\/\/www.analoggwerz.com\/#\/schema\/logo\/image\/"},"sameAs":["https:\/\/www.instagram.com\/analog_gwerz\/","https:\/\/www.tiktok.com\/@analog_gwerz"]}]}},"jetpack_sharing_enabled":true,"_links":{"self":[{"href":"https:\/\/www.analoggwerz.com\/en\/wp-json\/wp\/v2\/product\/9869","targetHints":{"allow":["GET"]}}],"collection":[{"href":"https:\/\/www.analoggwerz.com\/en\/wp-json\/wp\/v2\/product"}],"about":[{"href":"https:\/\/www.analoggwerz.com\/en\/wp-json\/wp\/v2\/types\/product"}],"wp:featuredmedia":[{"embeddable":true,"href":"https:\/\/www.analoggwerz.com\/en\/wp-json\/wp\/v2\/media\/9868"}],"wp:attachment":[{"href":"https:\/\/www.analoggwerz.com\/en\/wp-json\/wp\/v2\/media?parent=9869"}],"wp:term":[{"taxonomy":"product_brand","embeddable":true,"href":"https:\/\/www.analoggwerz.com\/en\/wp-json\/wp\/v2\/product_brand?post=9869"},{"taxonomy":"product_cat","embeddable":true,"href":"https:\/\/www.analoggwerz.com\/en\/wp-json\/wp\/v2\/product_cat?post=9869"},{"taxonomy":"product_tag","embeddable":true,"href":"https:\/\/www.analoggwerz.com\/en\/wp-json\/wp\/v2\/product_tag?post=9869"}],"curies":[{"name":"wp","href":"https:\/\/api.w.org\/{rel}","templated":true}]}}