{"id":9819,"date":"2025-11-20T14:48:28","date_gmt":"2025-11-20T14:48:28","guid":{"rendered":"https:\/\/www.analoggwerz.com\/produit\/konica-zup-70-vp-argent-flash-hs\/"},"modified":"2025-11-20T14:48:31","modified_gmt":"2025-11-20T14:48:31","slug":"konica-zup-70-vp-argent-flash-hs","status":"publish","type":"product","link":"https:\/\/www.analoggwerz.com\/en\/product\/konica-zup-70-vp-argent-flash-hs\/","title":{"rendered":"Konica Zup 70 VP \u2013 Argent &#8211; FLASH HS"},"content":{"rendered":"<p>Konica Zup 70 VP \u2013 Argent<\/p>\n<p>Nous proposons ce Konica Zup 70 VP, un compact argentique autofocus simple \u00e0 utiliser, id\u00e9al pour d\u00e9buter ou voyager. L\u2019appareil a \u00e9t\u00e9 test\u00e9 : tout fonctionne correctement sauf le flash, qui ne se d\u00e9clenche pas.<\/p>\n<p>Caract\u00e9ristiques<\/p>\n<p>Objectif Konica Zoom 35\u201370 mm<\/p>\n<p>Autofocus r\u00e9actif<\/p>\n<p>Modes automatiques<\/p>\n<p>Transport du film motoris\u00e9<\/p>\n<p>\u00c9cran LCD sup\u00e9rieur pour les informations de prise de vue<\/p>\n<p>\u00c9tat<\/p>\n<p>Tr\u00e8s bon \u00e9tat ext\u00e9rieur<\/p>\n<p>Int\u00e9rieur propre, m\u00e9canisme fiable<\/p>\n<p>Flash non fonctionnel<\/p>\n<p>Pr\u00eat \u00e0 l\u2019emploi<\/p>\n<p>Alimentation<\/p>\n<p>Fonctionne avec une pile CR123A (non fournie).<\/p>\n<p>\ud83d\udcf8 Les photos montrent le mod\u00e8le exact que nous vendons.<\/p>\n<p>N\u2019h\u00e9sitez pas \u00e0 nous contacter, on r\u00e9pond rapidement.<\/p>","protected":false},"excerpt":{"rendered":"<p>Konica Zup 70 VP \u2013 Argent Nous proposons ce Konica Zup 70 VP, un compact argentique autofocus simple \u00e0 utiliser, id\u00e9al pour d\u00e9buter ou voyager. L\u2019appareil a \u00e9t\u00e9 test\u00e9 : tout fonctionne correctement sauf le flash, qui ne se d\u00e9clenche pas. Caract\u00e9ristiques Objectif Konica Zoom 35\u201370 mm Autofocus r\u00e9actif Modes automatiques Transport du film motoris\u00e9 [&hellip;]<\/p>\n","protected":false},"featured_media":9818,"template":"","meta":[],"product_brand":[],"product_cat":[118,29,111],"product_tag":[],"class_list":{"0":"post-9819","1":"product","2":"type-product","3":"status-publish","4":"has-post-thumbnail","6":"product_cat-appareils-photo","7":"product_cat-argentiques-35mm","8":"product_cat-compacts-argentiques","10":"first","11":"instock","12":"purchasable","13":"product-type-simple"},"yoast_head":"<!-- This site is optimized with the Yoast SEO plugin v27.5 - https:\/\/yoast.com\/product\/yoast-seo-wordpress\/ -->\n<title>Konica Zup 70 VP \u2013 Argent - FLASH HS est disponible sur la boutique !<\/title>\n<meta name=\"description\" content=\"Cliquez ici pour d\u00e9couvrir Konica Zup 70 VP \u2013 Argent - FLASH HS sur la boutique.\" \/>\n<meta name=\"robots\" content=\"index, follow, max-snippet:-1, max-image-preview:large, max-video-preview:-1\" \/>\n<link rel=\"canonical\" href=\"https:\/\/www.analoggwerz.com\/en\/product\/konica-zup-70-vp-argent-flash-hs\/\" \/>\n<meta property=\"og:locale\" content=\"en_US\" \/>\n<meta property=\"og:type\" content=\"article\" \/>\n<meta property=\"og:title\" content=\"Konica Zup 70 VP \u2013 Argent - FLASH HS est disponible sur la boutique !\" \/>\n<meta property=\"og:description\" content=\"Cliquez ici pour d\u00e9couvrir Konica Zup 70 VP \u2013 Argent - FLASH HS sur la boutique.\" \/>\n<meta property=\"og:url\" content=\"https:\/\/www.analoggwerz.com\/en\/product\/konica-zup-70-vp-argent-flash-hs\/\" \/>\n<meta property=\"og:site_name\" content=\"Analog Gwerz\" \/>\n<meta property=\"article:modified_time\" content=\"2025-11-20T14:48:31+00:00\" \/>\n<meta property=\"og:image\" content=\"https:\/\/www.analoggwerz.com\/wp-content\/uploads\/2025\/04\/assets_task_01jra9s5ypffzbqebsyr432pm0_img_0.webp\" \/>\n\t<meta property=\"og:image:width\" content=\"1536\" \/>\n\t<meta property=\"og:image:height\" content=\"1024\" \/>\n\t<meta property=\"og:image:type\" content=\"image\/webp\" \/>\n<meta name=\"twitter:card\" content=\"summary_large_image\" \/>\n<meta name=\"twitter:label1\" content=\"Est. reading time\" \/>\n\t<meta name=\"twitter:data1\" content=\"1 minute\" \/>\n<script type=\"application\/ld+json\" class=\"yoast-schema-graph\">{\"@context\":\"https:\\\/\\\/schema.org\",\"@graph\":[{\"@type\":\"WebPage\",\"@id\":\"https:\\\/\\\/www.analoggwerz.com\\\/produit\\\/konica-zup-70-vp-argent-flash-hs\\\/\",\"url\":\"https:\\\/\\\/www.analoggwerz.com\\\/produit\\\/konica-zup-70-vp-argent-flash-hs\\\/\",\"name\":\"Konica Zup 70 VP \u2013 Argent - FLASH HS est disponible sur la boutique !\",\"isPartOf\":{\"@id\":\"https:\\\/\\\/www.analoggwerz.com\\\/#website\"},\"primaryImageOfPage\":{\"@id\":\"https:\\\/\\\/www.analoggwerz.com\\\/produit\\\/konica-zup-70-vp-argent-flash-hs\\\/#primaryimage\"},\"image\":{\"@id\":\"https:\\\/\\\/www.analoggwerz.com\\\/produit\\\/konica-zup-70-vp-argent-flash-hs\\\/#primaryimage\"},\"thumbnailUrl\":\"https:\\\/\\\/www.analoggwerz.com\\\/wp-content\\\/uploads\\\/2025\\\/11\\\/img_5506-1-scaled.jpeg\",\"datePublished\":\"2025-11-20T14:48:28+00:00\",\"dateModified\":\"2025-11-20T14:48:31+00:00\",\"description\":\"Cliquez ici pour d\u00e9couvrir Konica Zup 70 VP \u2013 Argent - FLASH HS sur la boutique.\",\"breadcrumb\":{\"@id\":\"https:\\\/\\\/www.analoggwerz.com\\\/produit\\\/konica-zup-70-vp-argent-flash-hs\\\/#breadcrumb\"},\"inLanguage\":\"en-US\",\"potentialAction\":[{\"@type\":\"ReadAction\",\"target\":[\"https:\\\/\\\/www.analoggwerz.com\\\/produit\\\/konica-zup-70-vp-argent-flash-hs\\\/\"]}]},{\"@type\":\"ImageObject\",\"inLanguage\":\"en-US\",\"@id\":\"https:\\\/\\\/www.analoggwerz.com\\\/produit\\\/konica-zup-70-vp-argent-flash-hs\\\/#primaryimage\",\"url\":\"https:\\\/\\\/www.analoggwerz.com\\\/wp-content\\\/uploads\\\/2025\\\/11\\\/img_5506-1-scaled.jpeg\",\"contentUrl\":\"https:\\\/\\\/www.analoggwerz.com\\\/wp-content\\\/uploads\\\/2025\\\/11\\\/img_5506-1-scaled.jpeg\",\"width\":2560,\"height\":1920},{\"@type\":\"BreadcrumbList\",\"@id\":\"https:\\\/\\\/www.analoggwerz.com\\\/produit\\\/konica-zup-70-vp-argent-flash-hs\\\/#breadcrumb\",\"itemListElement\":[{\"@type\":\"ListItem\",\"position\":1,\"name\":\"Accueil\",\"item\":\"https:\\\/\\\/www.analoggwerz.com\\\/\"},{\"@type\":\"ListItem\",\"position\":2,\"name\":\"Boutique\",\"item\":\"https:\\\/\\\/www.analoggwerz.com\\\/shop\\\/\"},{\"@type\":\"ListItem\",\"position\":3,\"name\":\"Konica Zup 70 VP \u2013 Argent &#8211; FLASH HS\"}]},{\"@type\":\"WebSite\",\"@id\":\"https:\\\/\\\/www.analoggwerz.com\\\/#website\",\"url\":\"https:\\\/\\\/www.analoggwerz.com\\\/\",\"name\":\"Analog Gwerz\",\"description\":\"Pas besoin de neuf pour capturer l&#039;instant !\",\"publisher\":{\"@id\":\"https:\\\/\\\/www.analoggwerz.com\\\/#organization\"},\"potentialAction\":[{\"@type\":\"SearchAction\",\"target\":{\"@type\":\"EntryPoint\",\"urlTemplate\":\"https:\\\/\\\/www.analoggwerz.com\\\/?s={search_term_string}\"},\"query-input\":{\"@type\":\"PropertyValueSpecification\",\"valueRequired\":true,\"valueName\":\"search_term_string\"}}],\"inLanguage\":\"en-US\"},{\"@type\":\"Organization\",\"@id\":\"https:\\\/\\\/www.analoggwerz.com\\\/#organization\",\"name\":\"Analog Gwerz\",\"url\":\"https:\\\/\\\/www.analoggwerz.com\\\/\",\"logo\":{\"@type\":\"ImageObject\",\"inLanguage\":\"en-US\",\"@id\":\"https:\\\/\\\/www.analoggwerz.com\\\/#\\\/schema\\\/logo\\\/image\\\/\",\"url\":\"https:\\\/\\\/www.analoggwerz.com\\\/wp-content\\\/uploads\\\/2025\\\/10\\\/000-LOGO-ANALOG-GWERZ-NOIR-1.png\",\"contentUrl\":\"https:\\\/\\\/www.analoggwerz.com\\\/wp-content\\\/uploads\\\/2025\\\/10\\\/000-LOGO-ANALOG-GWERZ-NOIR-1.png\",\"width\":800,\"height\":407,\"caption\":\"Analog Gwerz\"},\"image\":{\"@id\":\"https:\\\/\\\/www.analoggwerz.com\\\/#\\\/schema\\\/logo\\\/image\\\/\"},\"sameAs\":[\"https:\\\/\\\/www.instagram.com\\\/analog_gwerz\\\/\",\"https:\\\/\\\/www.tiktok.com\\\/@analog_gwerz\"]}]}<\/script>\n<!-- \/ Yoast SEO plugin. -->","yoast_head_json":{"title":"Konica Zup 70 VP \u2013 Argent - FLASH HS est disponible sur la boutique !","description":"Cliquez ici pour d\u00e9couvrir Konica Zup 70 VP \u2013 Argent - FLASH HS sur la boutique.","robots":{"index":"index","follow":"follow","max-snippet":"max-snippet:-1","max-image-preview":"max-image-preview:large","max-video-preview":"max-video-preview:-1"},"canonical":"https:\/\/www.analoggwerz.com\/en\/product\/konica-zup-70-vp-argent-flash-hs\/","og_locale":"en_US","og_type":"article","og_title":"Konica Zup 70 VP \u2013 Argent - FLASH HS est disponible sur la boutique !","og_description":"Cliquez ici pour d\u00e9couvrir Konica Zup 70 VP \u2013 Argent - FLASH HS sur la boutique.","og_url":"https:\/\/www.analoggwerz.com\/en\/product\/konica-zup-70-vp-argent-flash-hs\/","og_site_name":"Analog Gwerz","article_modified_time":"2025-11-20T14:48:31+00:00","og_image":[{"width":1536,"height":1024,"url":"https:\/\/www.analoggwerz.com\/wp-content\/uploads\/2025\/04\/assets_task_01jra9s5ypffzbqebsyr432pm0_img_0.webp","type":"image\/webp"}],"twitter_card":"summary_large_image","twitter_misc":{"Est. reading time":"1 minute"},"schema":{"@context":"https:\/\/schema.org","@graph":[{"@type":"WebPage","@id":"https:\/\/www.analoggwerz.com\/produit\/konica-zup-70-vp-argent-flash-hs\/","url":"https:\/\/www.analoggwerz.com\/produit\/konica-zup-70-vp-argent-flash-hs\/","name":"Konica Zup 70 VP \u2013 Argent - FLASH HS est disponible sur la boutique !","isPartOf":{"@id":"https:\/\/www.analoggwerz.com\/#website"},"primaryImageOfPage":{"@id":"https:\/\/www.analoggwerz.com\/produit\/konica-zup-70-vp-argent-flash-hs\/#primaryimage"},"image":{"@id":"https:\/\/www.analoggwerz.com\/produit\/konica-zup-70-vp-argent-flash-hs\/#primaryimage"},"thumbnailUrl":"https:\/\/www.analoggwerz.com\/wp-content\/uploads\/2025\/11\/img_5506-1-scaled.jpeg","datePublished":"2025-11-20T14:48:28+00:00","dateModified":"2025-11-20T14:48:31+00:00","description":"Cliquez ici pour d\u00e9couvrir Konica Zup 70 VP \u2013 Argent - FLASH HS sur la boutique.","breadcrumb":{"@id":"https:\/\/www.analoggwerz.com\/produit\/konica-zup-70-vp-argent-flash-hs\/#breadcrumb"},"inLanguage":"en-US","potentialAction":[{"@type":"ReadAction","target":["https:\/\/www.analoggwerz.com\/produit\/konica-zup-70-vp-argent-flash-hs\/"]}]},{"@type":"ImageObject","inLanguage":"en-US","@id":"https:\/\/www.analoggwerz.com\/produit\/konica-zup-70-vp-argent-flash-hs\/#primaryimage","url":"https:\/\/www.analoggwerz.com\/wp-content\/uploads\/2025\/11\/img_5506-1-scaled.jpeg","contentUrl":"https:\/\/www.analoggwerz.com\/wp-content\/uploads\/2025\/11\/img_5506-1-scaled.jpeg","width":2560,"height":1920},{"@type":"BreadcrumbList","@id":"https:\/\/www.analoggwerz.com\/produit\/konica-zup-70-vp-argent-flash-hs\/#breadcrumb","itemListElement":[{"@type":"ListItem","position":1,"name":"Accueil","item":"https:\/\/www.analoggwerz.com\/"},{"@type":"ListItem","position":2,"name":"Boutique","item":"https:\/\/www.analoggwerz.com\/shop\/"},{"@type":"ListItem","position":3,"name":"Konica Zup 70 VP \u2013 Argent &#8211; FLASH HS"}]},{"@type":"WebSite","@id":"https:\/\/www.analoggwerz.com\/#website","url":"https:\/\/www.analoggwerz.com\/","name":"Analog Gwerz","description":"Pas besoin de neuf pour capturer l&#039;instant !","publisher":{"@id":"https:\/\/www.analoggwerz.com\/#organization"},"potentialAction":[{"@type":"SearchAction","target":{"@type":"EntryPoint","urlTemplate":"https:\/\/www.analoggwerz.com\/?s={search_term_string}"},"query-input":{"@type":"PropertyValueSpecification","valueRequired":true,"valueName":"search_term_string"}}],"inLanguage":"en-US"},{"@type":"Organization","@id":"https:\/\/www.analoggwerz.com\/#organization","name":"Analog Gwerz","url":"https:\/\/www.analoggwerz.com\/","logo":{"@type":"ImageObject","inLanguage":"en-US","@id":"https:\/\/www.analoggwerz.com\/#\/schema\/logo\/image\/","url":"https:\/\/www.analoggwerz.com\/wp-content\/uploads\/2025\/10\/000-LOGO-ANALOG-GWERZ-NOIR-1.png","contentUrl":"https:\/\/www.analoggwerz.com\/wp-content\/uploads\/2025\/10\/000-LOGO-ANALOG-GWERZ-NOIR-1.png","width":800,"height":407,"caption":"Analog Gwerz"},"image":{"@id":"https:\/\/www.analoggwerz.com\/#\/schema\/logo\/image\/"},"sameAs":["https:\/\/www.instagram.com\/analog_gwerz\/","https:\/\/www.tiktok.com\/@analog_gwerz"]}]}},"jetpack_sharing_enabled":true,"_links":{"self":[{"href":"https:\/\/www.analoggwerz.com\/en\/wp-json\/wp\/v2\/product\/9819","targetHints":{"allow":["GET"]}}],"collection":[{"href":"https:\/\/www.analoggwerz.com\/en\/wp-json\/wp\/v2\/product"}],"about":[{"href":"https:\/\/www.analoggwerz.com\/en\/wp-json\/wp\/v2\/types\/product"}],"wp:featuredmedia":[{"embeddable":true,"href":"https:\/\/www.analoggwerz.com\/en\/wp-json\/wp\/v2\/media\/9818"}],"wp:attachment":[{"href":"https:\/\/www.analoggwerz.com\/en\/wp-json\/wp\/v2\/media?parent=9819"}],"wp:term":[{"taxonomy":"product_brand","embeddable":true,"href":"https:\/\/www.analoggwerz.com\/en\/wp-json\/wp\/v2\/product_brand?post=9819"},{"taxonomy":"product_cat","embeddable":true,"href":"https:\/\/www.analoggwerz.com\/en\/wp-json\/wp\/v2\/product_cat?post=9819"},{"taxonomy":"product_tag","embeddable":true,"href":"https:\/\/www.analoggwerz.com\/en\/wp-json\/wp\/v2\/product_tag?post=9819"}],"curies":[{"name":"wp","href":"https:\/\/api.w.org\/{rel}","templated":true}]}}