{"id":9747,"date":"2025-11-08T22:09:47","date_gmt":"2025-11-08T22:09:47","guid":{"rendered":"https:\/\/www.analoggwerz.com\/produit\/cable-firewire-ieee-1394-25-m\/"},"modified":"2025-11-08T22:10:04","modified_gmt":"2025-11-08T22:10:04","slug":"cable-firewire-ieee-1394-25-m","status":"publish","type":"product","link":"https:\/\/www.analoggwerz.com\/en\/product\/cable-firewire-ieee-1394-25-m\/","title":{"rendered":"C\u00e2ble FireWire IEEE 1394 \u2013 2,5 m"},"content":{"rendered":"<p>C\u00e2ble FireWire IEEE 1394 \u2013 2,5 m | Compatible Sony Handycam &amp; cam\u00e9scopes DV<\/p>\n<p>Ce c\u00e2ble FireWire IEEE 1394 (DV\/i.Link) de 2,5 m\u00e8tres permet de transf\u00e9rer facilement vos vid\u00e9os depuis un cam\u00e9scope Sony Handycam Digital8, MiniDV ou DV vers un ordinateur \u00e9quip\u00e9 d\u2019un port FireWire.<\/p>\n<p>C\u2019est le c\u00e2ble id\u00e9al pour num\u00e9riser vos anciennes cassettes vid\u00e9o avec une excellente qualit\u00e9 d\u2019image, sans perte.<\/p>\n<p>\u2699\ufe0f Caract\u00e9ristiques :<\/p>\n<p>Type : C\u00e2ble FireWire IEEE 1394 (DV\/i.Link)<\/p>\n<p>Connecteurs : 4 broches vers 6 broches<\/p>\n<p>Longueur : 2,5 m\u00e8tres<\/p>\n<p>Couleur : transparent argent\u00e9<\/p>\n<p>Transfert rapide et stable de vos vid\u00e9os analogiques num\u00e9ris\u00e9es<\/p>\n<p>Compatible avec les Sony Handycam Digital8, MiniDV, Canon MV, JVC GR-D, etc.<\/p>\n<p>\ud83d\udcbe Compatibilit\u00e9s :<\/p>\n<p>Cam\u00e9scopes Sony Handycam Digital8 et MiniDV : DCR-TRV110E, TRV120E, TRV320E, TRV900E, etc.<\/p>\n<p>Ordinateurs disposant d\u2019un port FireWire 400 (IEEE 1394)<\/p>\n<p>Compatible aussi avec de nombreux mod\u00e8les JVC, Canon et Panasonic DV<\/p>\n<p>\ud83e\uddf3 \u00c9tat :<\/p>\n<p>Excellent \u00e9tat, test\u00e9 et fonctionnel.<\/p>\n<p>C\u00e2ble souple, propre et fiable, id\u00e9al pour transfert vid\u00e9o haute qualit\u00e9.<\/p>","protected":false},"excerpt":{"rendered":"<p>C\u00e2ble FireWire IEEE 1394 \u2013 2,5 m | Compatible Sony Handycam &amp; cam\u00e9scopes DV Ce c\u00e2ble FireWire IEEE 1394 (DV\/i.Link) de 2,5 m\u00e8tres permet de transf\u00e9rer facilement vos vid\u00e9os depuis un cam\u00e9scope Sony Handycam Digital8, MiniDV ou DV vers un ordinateur \u00e9quip\u00e9 d\u2019un port FireWire. C\u2019est le c\u00e2ble id\u00e9al pour num\u00e9riser vos anciennes cassettes vid\u00e9o [&hellip;]<\/p>\n","protected":false},"featured_media":9745,"template":"","meta":[],"product_brand":[],"product_cat":[55,161],"product_tag":[],"class_list":{"0":"post-9747","1":"product","2":"type-product","3":"status-publish","4":"has-post-thumbnail","6":"product_cat-accessoires","7":"product_cat-cables","9":"first","10":"instock","11":"purchasable","12":"product-type-simple"},"yoast_head":"<!-- This site is optimized with the Yoast SEO plugin v27.5 - https:\/\/yoast.com\/product\/yoast-seo-wordpress\/ -->\n<title>C\u00e2ble FireWire IEEE 1394 \u2013 2,5 m est disponible sur la boutique !<\/title>\n<meta name=\"description\" content=\"Cliquez ici pour d\u00e9couvrir C\u00e2ble FireWire IEEE 1394 \u2013 2,5 m sur la boutique.\" \/>\n<meta name=\"robots\" content=\"index, follow, max-snippet:-1, max-image-preview:large, max-video-preview:-1\" \/>\n<link rel=\"canonical\" href=\"https:\/\/www.analoggwerz.com\/en\/product\/cable-firewire-ieee-1394-25-m\/\" \/>\n<meta property=\"og:locale\" content=\"en_US\" \/>\n<meta property=\"og:type\" content=\"article\" \/>\n<meta property=\"og:title\" content=\"C\u00e2ble FireWire IEEE 1394 \u2013 2,5 m est disponible sur la boutique !\" \/>\n<meta property=\"og:description\" content=\"Cliquez ici pour d\u00e9couvrir C\u00e2ble FireWire IEEE 1394 \u2013 2,5 m sur la boutique.\" \/>\n<meta property=\"og:url\" content=\"https:\/\/www.analoggwerz.com\/en\/product\/cable-firewire-ieee-1394-25-m\/\" \/>\n<meta property=\"og:site_name\" content=\"Analog Gwerz\" \/>\n<meta property=\"article:modified_time\" content=\"2025-11-08T22:10:04+00:00\" \/>\n<meta property=\"og:image\" content=\"https:\/\/www.analoggwerz.com\/wp-content\/uploads\/2025\/04\/assets_task_01jra9s5ypffzbqebsyr432pm0_img_0.webp\" \/>\n\t<meta property=\"og:image:width\" content=\"1536\" \/>\n\t<meta property=\"og:image:height\" content=\"1024\" \/>\n\t<meta property=\"og:image:type\" content=\"image\/webp\" \/>\n<meta name=\"twitter:card\" content=\"summary_large_image\" \/>\n<meta name=\"twitter:label1\" content=\"Est. reading time\" \/>\n\t<meta name=\"twitter:data1\" content=\"1 minute\" \/>\n<script type=\"application\/ld+json\" class=\"yoast-schema-graph\">{\"@context\":\"https:\\\/\\\/schema.org\",\"@graph\":[{\"@type\":\"WebPage\",\"@id\":\"https:\\\/\\\/www.analoggwerz.com\\\/produit\\\/cable-firewire-ieee-1394-25-m\\\/\",\"url\":\"https:\\\/\\\/www.analoggwerz.com\\\/produit\\\/cable-firewire-ieee-1394-25-m\\\/\",\"name\":\"C\u00e2ble FireWire IEEE 1394 \u2013 2,5 m est disponible sur la boutique !\",\"isPartOf\":{\"@id\":\"https:\\\/\\\/www.analoggwerz.com\\\/#website\"},\"primaryImageOfPage\":{\"@id\":\"https:\\\/\\\/www.analoggwerz.com\\\/produit\\\/cable-firewire-ieee-1394-25-m\\\/#primaryimage\"},\"image\":{\"@id\":\"https:\\\/\\\/www.analoggwerz.com\\\/produit\\\/cable-firewire-ieee-1394-25-m\\\/#primaryimage\"},\"thumbnailUrl\":\"https:\\\/\\\/www.analoggwerz.com\\\/wp-content\\\/uploads\\\/2025\\\/11\\\/img_5369-scaled.jpeg\",\"datePublished\":\"2025-11-08T22:09:47+00:00\",\"dateModified\":\"2025-11-08T22:10:04+00:00\",\"description\":\"Cliquez ici pour d\u00e9couvrir C\u00e2ble FireWire IEEE 1394 \u2013 2,5 m sur la boutique.\",\"breadcrumb\":{\"@id\":\"https:\\\/\\\/www.analoggwerz.com\\\/produit\\\/cable-firewire-ieee-1394-25-m\\\/#breadcrumb\"},\"inLanguage\":\"en-US\",\"potentialAction\":[{\"@type\":\"ReadAction\",\"target\":[\"https:\\\/\\\/www.analoggwerz.com\\\/produit\\\/cable-firewire-ieee-1394-25-m\\\/\"]}]},{\"@type\":\"ImageObject\",\"inLanguage\":\"en-US\",\"@id\":\"https:\\\/\\\/www.analoggwerz.com\\\/produit\\\/cable-firewire-ieee-1394-25-m\\\/#primaryimage\",\"url\":\"https:\\\/\\\/www.analoggwerz.com\\\/wp-content\\\/uploads\\\/2025\\\/11\\\/img_5369-scaled.jpeg\",\"contentUrl\":\"https:\\\/\\\/www.analoggwerz.com\\\/wp-content\\\/uploads\\\/2025\\\/11\\\/img_5369-scaled.jpeg\",\"width\":2560,\"height\":1920},{\"@type\":\"BreadcrumbList\",\"@id\":\"https:\\\/\\\/www.analoggwerz.com\\\/produit\\\/cable-firewire-ieee-1394-25-m\\\/#breadcrumb\",\"itemListElement\":[{\"@type\":\"ListItem\",\"position\":1,\"name\":\"Accueil\",\"item\":\"https:\\\/\\\/www.analoggwerz.com\\\/\"},{\"@type\":\"ListItem\",\"position\":2,\"name\":\"Boutique\",\"item\":\"https:\\\/\\\/www.analoggwerz.com\\\/shop\\\/\"},{\"@type\":\"ListItem\",\"position\":3,\"name\":\"C\u00e2ble FireWire IEEE 1394 \u2013 2,5 m\"}]},{\"@type\":\"WebSite\",\"@id\":\"https:\\\/\\\/www.analoggwerz.com\\\/#website\",\"url\":\"https:\\\/\\\/www.analoggwerz.com\\\/\",\"name\":\"Analog Gwerz\",\"description\":\"Pas besoin de neuf pour capturer l&#039;instant !\",\"publisher\":{\"@id\":\"https:\\\/\\\/www.analoggwerz.com\\\/#organization\"},\"potentialAction\":[{\"@type\":\"SearchAction\",\"target\":{\"@type\":\"EntryPoint\",\"urlTemplate\":\"https:\\\/\\\/www.analoggwerz.com\\\/?s={search_term_string}\"},\"query-input\":{\"@type\":\"PropertyValueSpecification\",\"valueRequired\":true,\"valueName\":\"search_term_string\"}}],\"inLanguage\":\"en-US\"},{\"@type\":\"Organization\",\"@id\":\"https:\\\/\\\/www.analoggwerz.com\\\/#organization\",\"name\":\"Analog Gwerz\",\"url\":\"https:\\\/\\\/www.analoggwerz.com\\\/\",\"logo\":{\"@type\":\"ImageObject\",\"inLanguage\":\"en-US\",\"@id\":\"https:\\\/\\\/www.analoggwerz.com\\\/#\\\/schema\\\/logo\\\/image\\\/\",\"url\":\"https:\\\/\\\/www.analoggwerz.com\\\/wp-content\\\/uploads\\\/2025\\\/10\\\/000-LOGO-ANALOG-GWERZ-NOIR-1.png\",\"contentUrl\":\"https:\\\/\\\/www.analoggwerz.com\\\/wp-content\\\/uploads\\\/2025\\\/10\\\/000-LOGO-ANALOG-GWERZ-NOIR-1.png\",\"width\":800,\"height\":407,\"caption\":\"Analog Gwerz\"},\"image\":{\"@id\":\"https:\\\/\\\/www.analoggwerz.com\\\/#\\\/schema\\\/logo\\\/image\\\/\"},\"sameAs\":[\"https:\\\/\\\/www.instagram.com\\\/analog_gwerz\\\/\",\"https:\\\/\\\/www.tiktok.com\\\/@analog_gwerz\"]}]}<\/script>\n<!-- \/ Yoast SEO plugin. -->","yoast_head_json":{"title":"C\u00e2ble FireWire IEEE 1394 \u2013 2,5 m est disponible sur la boutique !","description":"Cliquez ici pour d\u00e9couvrir C\u00e2ble FireWire IEEE 1394 \u2013 2,5 m sur la boutique.","robots":{"index":"index","follow":"follow","max-snippet":"max-snippet:-1","max-image-preview":"max-image-preview:large","max-video-preview":"max-video-preview:-1"},"canonical":"https:\/\/www.analoggwerz.com\/en\/product\/cable-firewire-ieee-1394-25-m\/","og_locale":"en_US","og_type":"article","og_title":"C\u00e2ble FireWire IEEE 1394 \u2013 2,5 m est disponible sur la boutique !","og_description":"Cliquez ici pour d\u00e9couvrir C\u00e2ble FireWire IEEE 1394 \u2013 2,5 m sur la boutique.","og_url":"https:\/\/www.analoggwerz.com\/en\/product\/cable-firewire-ieee-1394-25-m\/","og_site_name":"Analog Gwerz","article_modified_time":"2025-11-08T22:10:04+00:00","og_image":[{"width":1536,"height":1024,"url":"https:\/\/www.analoggwerz.com\/wp-content\/uploads\/2025\/04\/assets_task_01jra9s5ypffzbqebsyr432pm0_img_0.webp","type":"image\/webp"}],"twitter_card":"summary_large_image","twitter_misc":{"Est. reading time":"1 minute"},"schema":{"@context":"https:\/\/schema.org","@graph":[{"@type":"WebPage","@id":"https:\/\/www.analoggwerz.com\/produit\/cable-firewire-ieee-1394-25-m\/","url":"https:\/\/www.analoggwerz.com\/produit\/cable-firewire-ieee-1394-25-m\/","name":"C\u00e2ble FireWire IEEE 1394 \u2013 2,5 m est disponible sur la boutique !","isPartOf":{"@id":"https:\/\/www.analoggwerz.com\/#website"},"primaryImageOfPage":{"@id":"https:\/\/www.analoggwerz.com\/produit\/cable-firewire-ieee-1394-25-m\/#primaryimage"},"image":{"@id":"https:\/\/www.analoggwerz.com\/produit\/cable-firewire-ieee-1394-25-m\/#primaryimage"},"thumbnailUrl":"https:\/\/www.analoggwerz.com\/wp-content\/uploads\/2025\/11\/img_5369-scaled.jpeg","datePublished":"2025-11-08T22:09:47+00:00","dateModified":"2025-11-08T22:10:04+00:00","description":"Cliquez ici pour d\u00e9couvrir C\u00e2ble FireWire IEEE 1394 \u2013 2,5 m sur la boutique.","breadcrumb":{"@id":"https:\/\/www.analoggwerz.com\/produit\/cable-firewire-ieee-1394-25-m\/#breadcrumb"},"inLanguage":"en-US","potentialAction":[{"@type":"ReadAction","target":["https:\/\/www.analoggwerz.com\/produit\/cable-firewire-ieee-1394-25-m\/"]}]},{"@type":"ImageObject","inLanguage":"en-US","@id":"https:\/\/www.analoggwerz.com\/produit\/cable-firewire-ieee-1394-25-m\/#primaryimage","url":"https:\/\/www.analoggwerz.com\/wp-content\/uploads\/2025\/11\/img_5369-scaled.jpeg","contentUrl":"https:\/\/www.analoggwerz.com\/wp-content\/uploads\/2025\/11\/img_5369-scaled.jpeg","width":2560,"height":1920},{"@type":"BreadcrumbList","@id":"https:\/\/www.analoggwerz.com\/produit\/cable-firewire-ieee-1394-25-m\/#breadcrumb","itemListElement":[{"@type":"ListItem","position":1,"name":"Accueil","item":"https:\/\/www.analoggwerz.com\/"},{"@type":"ListItem","position":2,"name":"Boutique","item":"https:\/\/www.analoggwerz.com\/shop\/"},{"@type":"ListItem","position":3,"name":"C\u00e2ble FireWire IEEE 1394 \u2013 2,5 m"}]},{"@type":"WebSite","@id":"https:\/\/www.analoggwerz.com\/#website","url":"https:\/\/www.analoggwerz.com\/","name":"Analog Gwerz","description":"Pas besoin de neuf pour capturer l&#039;instant !","publisher":{"@id":"https:\/\/www.analoggwerz.com\/#organization"},"potentialAction":[{"@type":"SearchAction","target":{"@type":"EntryPoint","urlTemplate":"https:\/\/www.analoggwerz.com\/?s={search_term_string}"},"query-input":{"@type":"PropertyValueSpecification","valueRequired":true,"valueName":"search_term_string"}}],"inLanguage":"en-US"},{"@type":"Organization","@id":"https:\/\/www.analoggwerz.com\/#organization","name":"Analog Gwerz","url":"https:\/\/www.analoggwerz.com\/","logo":{"@type":"ImageObject","inLanguage":"en-US","@id":"https:\/\/www.analoggwerz.com\/#\/schema\/logo\/image\/","url":"https:\/\/www.analoggwerz.com\/wp-content\/uploads\/2025\/10\/000-LOGO-ANALOG-GWERZ-NOIR-1.png","contentUrl":"https:\/\/www.analoggwerz.com\/wp-content\/uploads\/2025\/10\/000-LOGO-ANALOG-GWERZ-NOIR-1.png","width":800,"height":407,"caption":"Analog Gwerz"},"image":{"@id":"https:\/\/www.analoggwerz.com\/#\/schema\/logo\/image\/"},"sameAs":["https:\/\/www.instagram.com\/analog_gwerz\/","https:\/\/www.tiktok.com\/@analog_gwerz"]}]}},"jetpack_sharing_enabled":true,"_links":{"self":[{"href":"https:\/\/www.analoggwerz.com\/en\/wp-json\/wp\/v2\/product\/9747","targetHints":{"allow":["GET"]}}],"collection":[{"href":"https:\/\/www.analoggwerz.com\/en\/wp-json\/wp\/v2\/product"}],"about":[{"href":"https:\/\/www.analoggwerz.com\/en\/wp-json\/wp\/v2\/types\/product"}],"wp:featuredmedia":[{"embeddable":true,"href":"https:\/\/www.analoggwerz.com\/en\/wp-json\/wp\/v2\/media\/9745"}],"wp:attachment":[{"href":"https:\/\/www.analoggwerz.com\/en\/wp-json\/wp\/v2\/media?parent=9747"}],"wp:term":[{"taxonomy":"product_brand","embeddable":true,"href":"https:\/\/www.analoggwerz.com\/en\/wp-json\/wp\/v2\/product_brand?post=9747"},{"taxonomy":"product_cat","embeddable":true,"href":"https:\/\/www.analoggwerz.com\/en\/wp-json\/wp\/v2\/product_cat?post=9747"},{"taxonomy":"product_tag","embeddable":true,"href":"https:\/\/www.analoggwerz.com\/en\/wp-json\/wp\/v2\/product_tag?post=9747"}],"curies":[{"name":"wp","href":"https:\/\/api.w.org\/{rel}","templated":true}]}}