{"id":8691,"date":"2025-10-23T07:08:21","date_gmt":"2025-10-23T07:08:21","guid":{"rendered":"https:\/\/www.analoggwerz.com\/produit\/pentax-espio-838-compact-argentique-autofocus\/"},"modified":"2026-03-27T10:24:06","modified_gmt":"2026-03-27T10:24:06","slug":"pentax-espio-838-compact-argentique-autofocus","status":"publish","type":"product","link":"https:\/\/www.analoggwerz.com\/en\/product\/pentax-espio-838-compact-argentique-autofocus\/","title":{"rendered":"Pentax Espio 838 \u2013 Compact argentique autofocus &#8211; Noir"},"content":{"rendered":"<p>\ud83d\udcf8 N\u2019h\u00e9sitez pas \u00e0 vous abonner \u00e0 mon Instagram (@analog_gwerz) \u2014 j\u2019y partage r\u00e9guli\u00e8rement du mat\u00e9riel photo et des appareils disponibles.<\/p>\n<p>Pentax Espio 838 \u2013 Compact argentique autofocus<\/p>\n<p>Le Pentax Espio 838 est un appareil photo compact argentique fiable et performant, parfait pour les amateurs comme pour les collectionneurs. Son zoom 38\u201380 mm offre une belle polyvalence, id\u00e9ale pour les portraits, paysages ou photos du quotidien.<\/p>\n<p>Son autofocus rapide et son flash automatique garantissent des r\u00e9sultats nets dans la plupart des conditions. Compact, l\u00e9ger et enti\u00e8rement automatis\u00e9, il est pr\u00eat \u00e0 l\u2019emploi d\u00e8s qu\u2019on ins\u00e8re une pellicule.<\/p>\n<p>Caract\u00e9ristiques techniques :<\/p>\n<p>\u2013 Objectif : Pentax Zoom Lens 38\u201380 mm f\/4.5\u20138.9<\/p>\n<p>\u2013 Mise au point : autofocus<\/p>\n<p>\u2013 Avancement et rembobinage motoris\u00e9s<\/p>\n<p>\u2013 Flash automatique int\u00e9gr\u00e9 avec modes vari\u00e9s<\/p>\n<p>\u2013 Retardateur et mode macro<\/p>\n<p>\u2013 Alimentation : 1 pile CR123A (non fournie)<\/p>\n<p>\u00c9tat :<\/p>\n<p>Tr\u00e8s bon \u00e9tat g\u00e9n\u00e9ral, test\u00e9 et fonctionnel.<\/p>\n<p>Traces d\u2019usage l\u00e9g\u00e8res mais aucun d\u00e9faut notable.<\/p>","protected":false},"excerpt":{"rendered":"<p>\ud83d\udcf8 N\u2019h\u00e9sitez pas \u00e0 vous abonner \u00e0 mon Instagram (@analog_gwerz) \u2014 j\u2019y partage r\u00e9guli\u00e8rement du mat\u00e9riel photo et des appareils disponibles. Pentax Espio 838 \u2013 Compact argentique autofocus Le Pentax Espio 838 est un appareil photo compact argentique fiable et performant, parfait pour les amateurs comme pour les collectionneurs. Son zoom 38\u201380 mm offre une [&hellip;]<\/p>\n","protected":false},"featured_media":8689,"template":"","meta":[],"product_brand":[],"product_cat":[118,29,111],"product_tag":[],"class_list":{"0":"post-8691","1":"product","2":"type-product","3":"status-publish","4":"has-post-thumbnail","6":"product_cat-appareils-photo","7":"product_cat-argentiques-35mm","8":"product_cat-compacts-argentiques","9":"pa_couleur-argent","10":"pa_marque-pentax","12":"first","13":"instock","14":"purchasable","15":"product-type-simple"},"yoast_head":"<!-- This site is optimized with the Yoast SEO plugin v27.5 - https:\/\/yoast.com\/product\/yoast-seo-wordpress\/ -->\n<title>Pentax Espio 838 \u2013 Compact argentique autofocus - Noir est disponible sur la boutique !<\/title>\n<meta name=\"description\" content=\"Cliquez ici pour d\u00e9couvrir Pentax Espio 838 \u2013 Compact argentique autofocus - Noir sur la boutique.\" \/>\n<meta name=\"robots\" content=\"index, follow, max-snippet:-1, max-image-preview:large, max-video-preview:-1\" \/>\n<link rel=\"canonical\" href=\"https:\/\/www.analoggwerz.com\/en\/product\/pentax-espio-838-compact-argentique-autofocus\/\" \/>\n<meta property=\"og:locale\" content=\"en_US\" \/>\n<meta property=\"og:type\" content=\"article\" \/>\n<meta property=\"og:title\" content=\"Pentax Espio 838 \u2013 Compact argentique autofocus - Noir est disponible sur la boutique !\" \/>\n<meta property=\"og:description\" content=\"Cliquez ici pour d\u00e9couvrir Pentax Espio 838 \u2013 Compact argentique autofocus - Noir sur la boutique.\" \/>\n<meta property=\"og:url\" content=\"https:\/\/www.analoggwerz.com\/en\/product\/pentax-espio-838-compact-argentique-autofocus\/\" \/>\n<meta property=\"og:site_name\" content=\"Analog Gwerz\" \/>\n<meta property=\"article:modified_time\" content=\"2026-03-27T10:24:06+00:00\" \/>\n<meta property=\"og:image\" content=\"https:\/\/www.analoggwerz.com\/wp-content\/uploads\/2025\/10\/img_5227-scaled.jpeg\" \/>\n\t<meta property=\"og:image:width\" content=\"2560\" \/>\n\t<meta property=\"og:image:height\" content=\"1920\" \/>\n\t<meta property=\"og:image:type\" content=\"image\/jpeg\" \/>\n<meta name=\"twitter:card\" content=\"summary_large_image\" \/>\n<meta name=\"twitter:label1\" content=\"Est. reading time\" \/>\n\t<meta name=\"twitter:data1\" content=\"1 minute\" \/>\n<script type=\"application\/ld+json\" class=\"yoast-schema-graph\">{\"@context\":\"https:\\\/\\\/schema.org\",\"@graph\":[{\"@type\":\"WebPage\",\"@id\":\"https:\\\/\\\/www.analoggwerz.com\\\/produit\\\/pentax-espio-838-compact-argentique-autofocus\\\/\",\"url\":\"https:\\\/\\\/www.analoggwerz.com\\\/produit\\\/pentax-espio-838-compact-argentique-autofocus\\\/\",\"name\":\"Pentax Espio 838 \u2013 Compact argentique autofocus - Noir est disponible sur la boutique !\",\"isPartOf\":{\"@id\":\"https:\\\/\\\/www.analoggwerz.com\\\/#website\"},\"primaryImageOfPage\":{\"@id\":\"https:\\\/\\\/www.analoggwerz.com\\\/produit\\\/pentax-espio-838-compact-argentique-autofocus\\\/#primaryimage\"},\"image\":{\"@id\":\"https:\\\/\\\/www.analoggwerz.com\\\/produit\\\/pentax-espio-838-compact-argentique-autofocus\\\/#primaryimage\"},\"thumbnailUrl\":\"https:\\\/\\\/www.analoggwerz.com\\\/wp-content\\\/uploads\\\/2025\\\/10\\\/img_5227-scaled.jpeg\",\"datePublished\":\"2025-10-23T07:08:21+00:00\",\"dateModified\":\"2026-03-27T10:24:06+00:00\",\"description\":\"Cliquez ici pour d\u00e9couvrir Pentax Espio 838 \u2013 Compact argentique autofocus - Noir sur la boutique.\",\"breadcrumb\":{\"@id\":\"https:\\\/\\\/www.analoggwerz.com\\\/produit\\\/pentax-espio-838-compact-argentique-autofocus\\\/#breadcrumb\"},\"inLanguage\":\"en-US\",\"potentialAction\":[{\"@type\":\"ReadAction\",\"target\":[\"https:\\\/\\\/www.analoggwerz.com\\\/produit\\\/pentax-espio-838-compact-argentique-autofocus\\\/\"]}]},{\"@type\":\"ImageObject\",\"inLanguage\":\"en-US\",\"@id\":\"https:\\\/\\\/www.analoggwerz.com\\\/produit\\\/pentax-espio-838-compact-argentique-autofocus\\\/#primaryimage\",\"url\":\"https:\\\/\\\/www.analoggwerz.com\\\/wp-content\\\/uploads\\\/2025\\\/10\\\/img_5227-scaled.jpeg\",\"contentUrl\":\"https:\\\/\\\/www.analoggwerz.com\\\/wp-content\\\/uploads\\\/2025\\\/10\\\/img_5227-scaled.jpeg\",\"width\":2560,\"height\":1920},{\"@type\":\"BreadcrumbList\",\"@id\":\"https:\\\/\\\/www.analoggwerz.com\\\/produit\\\/pentax-espio-838-compact-argentique-autofocus\\\/#breadcrumb\",\"itemListElement\":[{\"@type\":\"ListItem\",\"position\":1,\"name\":\"Accueil\",\"item\":\"https:\\\/\\\/www.analoggwerz.com\\\/\"},{\"@type\":\"ListItem\",\"position\":2,\"name\":\"Boutique\",\"item\":\"https:\\\/\\\/www.analoggwerz.com\\\/shop\\\/\"},{\"@type\":\"ListItem\",\"position\":3,\"name\":\"Pentax Espio 838 \u2013 Compact argentique autofocus &#8211; Noir\"}]},{\"@type\":\"WebSite\",\"@id\":\"https:\\\/\\\/www.analoggwerz.com\\\/#website\",\"url\":\"https:\\\/\\\/www.analoggwerz.com\\\/\",\"name\":\"Analog Gwerz\",\"description\":\"Pas besoin de neuf pour capturer l&#039;instant !\",\"publisher\":{\"@id\":\"https:\\\/\\\/www.analoggwerz.com\\\/#organization\"},\"potentialAction\":[{\"@type\":\"SearchAction\",\"target\":{\"@type\":\"EntryPoint\",\"urlTemplate\":\"https:\\\/\\\/www.analoggwerz.com\\\/?s={search_term_string}\"},\"query-input\":{\"@type\":\"PropertyValueSpecification\",\"valueRequired\":true,\"valueName\":\"search_term_string\"}}],\"inLanguage\":\"en-US\"},{\"@type\":\"Organization\",\"@id\":\"https:\\\/\\\/www.analoggwerz.com\\\/#organization\",\"name\":\"Analog Gwerz\",\"url\":\"https:\\\/\\\/www.analoggwerz.com\\\/\",\"logo\":{\"@type\":\"ImageObject\",\"inLanguage\":\"en-US\",\"@id\":\"https:\\\/\\\/www.analoggwerz.com\\\/#\\\/schema\\\/logo\\\/image\\\/\",\"url\":\"https:\\\/\\\/www.analoggwerz.com\\\/wp-content\\\/uploads\\\/2025\\\/10\\\/000-LOGO-ANALOG-GWERZ-NOIR-1.png\",\"contentUrl\":\"https:\\\/\\\/www.analoggwerz.com\\\/wp-content\\\/uploads\\\/2025\\\/10\\\/000-LOGO-ANALOG-GWERZ-NOIR-1.png\",\"width\":800,\"height\":407,\"caption\":\"Analog Gwerz\"},\"image\":{\"@id\":\"https:\\\/\\\/www.analoggwerz.com\\\/#\\\/schema\\\/logo\\\/image\\\/\"},\"sameAs\":[\"https:\\\/\\\/www.instagram.com\\\/analog_gwerz\\\/\",\"https:\\\/\\\/www.tiktok.com\\\/@analog_gwerz\"]}]}<\/script>\n<!-- \/ Yoast SEO plugin. -->","yoast_head_json":{"title":"Pentax Espio 838 \u2013 Compact argentique autofocus - Noir est disponible sur la boutique !","description":"Cliquez ici pour d\u00e9couvrir Pentax Espio 838 \u2013 Compact argentique autofocus - Noir sur la boutique.","robots":{"index":"index","follow":"follow","max-snippet":"max-snippet:-1","max-image-preview":"max-image-preview:large","max-video-preview":"max-video-preview:-1"},"canonical":"https:\/\/www.analoggwerz.com\/en\/product\/pentax-espio-838-compact-argentique-autofocus\/","og_locale":"en_US","og_type":"article","og_title":"Pentax Espio 838 \u2013 Compact argentique autofocus - Noir est disponible sur la boutique !","og_description":"Cliquez ici pour d\u00e9couvrir Pentax Espio 838 \u2013 Compact argentique autofocus - Noir sur la boutique.","og_url":"https:\/\/www.analoggwerz.com\/en\/product\/pentax-espio-838-compact-argentique-autofocus\/","og_site_name":"Analog Gwerz","article_modified_time":"2026-03-27T10:24:06+00:00","og_image":[{"width":2560,"height":1920,"url":"https:\/\/www.analoggwerz.com\/wp-content\/uploads\/2025\/10\/img_5227-scaled.jpeg","type":"image\/jpeg"}],"twitter_card":"summary_large_image","twitter_misc":{"Est. reading time":"1 minute"},"schema":{"@context":"https:\/\/schema.org","@graph":[{"@type":"WebPage","@id":"https:\/\/www.analoggwerz.com\/produit\/pentax-espio-838-compact-argentique-autofocus\/","url":"https:\/\/www.analoggwerz.com\/produit\/pentax-espio-838-compact-argentique-autofocus\/","name":"Pentax Espio 838 \u2013 Compact argentique autofocus - Noir est disponible sur la boutique !","isPartOf":{"@id":"https:\/\/www.analoggwerz.com\/#website"},"primaryImageOfPage":{"@id":"https:\/\/www.analoggwerz.com\/produit\/pentax-espio-838-compact-argentique-autofocus\/#primaryimage"},"image":{"@id":"https:\/\/www.analoggwerz.com\/produit\/pentax-espio-838-compact-argentique-autofocus\/#primaryimage"},"thumbnailUrl":"https:\/\/www.analoggwerz.com\/wp-content\/uploads\/2025\/10\/img_5227-scaled.jpeg","datePublished":"2025-10-23T07:08:21+00:00","dateModified":"2026-03-27T10:24:06+00:00","description":"Cliquez ici pour d\u00e9couvrir Pentax Espio 838 \u2013 Compact argentique autofocus - Noir sur la boutique.","breadcrumb":{"@id":"https:\/\/www.analoggwerz.com\/produit\/pentax-espio-838-compact-argentique-autofocus\/#breadcrumb"},"inLanguage":"en-US","potentialAction":[{"@type":"ReadAction","target":["https:\/\/www.analoggwerz.com\/produit\/pentax-espio-838-compact-argentique-autofocus\/"]}]},{"@type":"ImageObject","inLanguage":"en-US","@id":"https:\/\/www.analoggwerz.com\/produit\/pentax-espio-838-compact-argentique-autofocus\/#primaryimage","url":"https:\/\/www.analoggwerz.com\/wp-content\/uploads\/2025\/10\/img_5227-scaled.jpeg","contentUrl":"https:\/\/www.analoggwerz.com\/wp-content\/uploads\/2025\/10\/img_5227-scaled.jpeg","width":2560,"height":1920},{"@type":"BreadcrumbList","@id":"https:\/\/www.analoggwerz.com\/produit\/pentax-espio-838-compact-argentique-autofocus\/#breadcrumb","itemListElement":[{"@type":"ListItem","position":1,"name":"Accueil","item":"https:\/\/www.analoggwerz.com\/"},{"@type":"ListItem","position":2,"name":"Boutique","item":"https:\/\/www.analoggwerz.com\/shop\/"},{"@type":"ListItem","position":3,"name":"Pentax Espio 838 \u2013 Compact argentique autofocus &#8211; Noir"}]},{"@type":"WebSite","@id":"https:\/\/www.analoggwerz.com\/#website","url":"https:\/\/www.analoggwerz.com\/","name":"Analog Gwerz","description":"Pas besoin de neuf pour capturer l&#039;instant !","publisher":{"@id":"https:\/\/www.analoggwerz.com\/#organization"},"potentialAction":[{"@type":"SearchAction","target":{"@type":"EntryPoint","urlTemplate":"https:\/\/www.analoggwerz.com\/?s={search_term_string}"},"query-input":{"@type":"PropertyValueSpecification","valueRequired":true,"valueName":"search_term_string"}}],"inLanguage":"en-US"},{"@type":"Organization","@id":"https:\/\/www.analoggwerz.com\/#organization","name":"Analog Gwerz","url":"https:\/\/www.analoggwerz.com\/","logo":{"@type":"ImageObject","inLanguage":"en-US","@id":"https:\/\/www.analoggwerz.com\/#\/schema\/logo\/image\/","url":"https:\/\/www.analoggwerz.com\/wp-content\/uploads\/2025\/10\/000-LOGO-ANALOG-GWERZ-NOIR-1.png","contentUrl":"https:\/\/www.analoggwerz.com\/wp-content\/uploads\/2025\/10\/000-LOGO-ANALOG-GWERZ-NOIR-1.png","width":800,"height":407,"caption":"Analog Gwerz"},"image":{"@id":"https:\/\/www.analoggwerz.com\/#\/schema\/logo\/image\/"},"sameAs":["https:\/\/www.instagram.com\/analog_gwerz\/","https:\/\/www.tiktok.com\/@analog_gwerz"]}]}},"jetpack_sharing_enabled":true,"_links":{"self":[{"href":"https:\/\/www.analoggwerz.com\/en\/wp-json\/wp\/v2\/product\/8691","targetHints":{"allow":["GET"]}}],"collection":[{"href":"https:\/\/www.analoggwerz.com\/en\/wp-json\/wp\/v2\/product"}],"about":[{"href":"https:\/\/www.analoggwerz.com\/en\/wp-json\/wp\/v2\/types\/product"}],"wp:featuredmedia":[{"embeddable":true,"href":"https:\/\/www.analoggwerz.com\/en\/wp-json\/wp\/v2\/media\/8689"}],"wp:attachment":[{"href":"https:\/\/www.analoggwerz.com\/en\/wp-json\/wp\/v2\/media?parent=8691"}],"wp:term":[{"taxonomy":"product_brand","embeddable":true,"href":"https:\/\/www.analoggwerz.com\/en\/wp-json\/wp\/v2\/product_brand?post=8691"},{"taxonomy":"product_cat","embeddable":true,"href":"https:\/\/www.analoggwerz.com\/en\/wp-json\/wp\/v2\/product_cat?post=8691"},{"taxonomy":"product_tag","embeddable":true,"href":"https:\/\/www.analoggwerz.com\/en\/wp-json\/wp\/v2\/product_tag?post=8691"}],"curies":[{"name":"wp","href":"https:\/\/api.w.org\/{rel}","templated":true}]}}