{"id":8606,"date":"2025-10-05T16:34:10","date_gmt":"2025-10-05T16:34:10","guid":{"rendered":"https:\/\/www.analoggwerz.com\/produit\/olympus-af-10-super-appareil-photo-argentique-compact-autofocus-avec-flash-integre\/"},"modified":"2026-04-11T12:57:43","modified_gmt":"2026-04-11T12:57:43","slug":"olympus-af-10-super-appareil-photo-argentique-compact-autofocus-avec-flash-integre","status":"publish","type":"product","link":"https:\/\/www.analoggwerz.com\/en\/product\/olympus-af-10-super-appareil-photo-argentique-compact-autofocus-avec-flash-integre\/","title":{"rendered":"Olympus AF-10 Super \u2013 Appareil photo argentique compact autofocus avec flash int\u00e9gr\u00e9 &#8211; Noir"},"content":{"rendered":"<p>\ud83d\udcf8 Olympus AF-10 Super \u2013 Appareil photo argentique compact autofocus avec flash int\u00e9gr\u00e9<\/p>\n<p>N\u2019h\u00e9sitez pas \u00e0 vous abonner \u00e0 mon Instagram (@analog_gwerz) si vous aimez la photo et les appareils.<\/p>\n<p>L\u2019Olympus AF-10 Super est un compact argentique 35 mm fiable et rapide, parfait pour ceux qui souhaitent retrouver le charme du point &amp; shoot des ann\u00e9es 90. Son objectif lumineux Olympus 35 mm f\/3.5 offre des images nettes et contrast\u00e9es, et son flash automatique int\u00e9gr\u00e9 s\u2019adapte \u00e0 toutes les situations.<\/p>\n<p>L\u2019appareil dispose \u00e9galement d\u2019un retardateur, d\u2019un chargement et rembobinage automatiques, et d\u2019une mise au point autofocus efficace m\u00eame en basse lumi\u00e8re.<\/p>\n<p>\ud83d\udce6 Inclus :<\/p>\n<p>\u2022\tAppareil photo Olympus AF-10 Super<\/p>\n<p>\u2022\t\u00c9tui Olympus d\u2019origine<\/p>\n<p>\ud83d\udd0b Alimentation : fonctionne avec deux piles AAA (non fournies)<\/p>\n<p>\ud83d\udca1 Format : pellicule 35 mm (24&#215;36)<\/p>\n<p>\u2699\ufe0f \u00c9tat : excellent \u00e9tat esth\u00e9tique et fonctionnel, test\u00e9 et pr\u00eat \u00e0 l\u2019emploi.<\/p>","protected":false},"excerpt":{"rendered":"<p>\ud83d\udcf8 Olympus AF-10 Super \u2013 Appareil photo argentique compact autofocus avec flash int\u00e9gr\u00e9 N\u2019h\u00e9sitez pas \u00e0 vous abonner \u00e0 mon Instagram (@analog_gwerz) si vous aimez la photo et les appareils. L\u2019Olympus AF-10 Super est un compact argentique 35 mm fiable et rapide, parfait pour ceux qui souhaitent retrouver le charme du point &amp; shoot des [&hellip;]<\/p>\n","protected":false},"featured_media":8605,"template":"","meta":[],"product_brand":[],"product_cat":[118,29,111],"product_tag":[],"class_list":{"0":"post-8606","1":"product","2":"type-product","3":"status-publish","4":"has-post-thumbnail","6":"product_cat-appareils-photo","7":"product_cat-argentiques-35mm","8":"product_cat-compacts-argentiques","9":"pa_couleur-argent","10":"pa_marque-olympus","12":"first","13":"outofstock","14":"purchasable","15":"product-type-simple"},"yoast_head":"<!-- This site is optimized with the Yoast SEO plugin v27.5 - https:\/\/yoast.com\/product\/yoast-seo-wordpress\/ -->\n<title>Olympus AF-10 Super \u2013 Appareil photo argentique compact autofocus avec flash int\u00e9gr\u00e9 - Noir est disponible sur la boutique !<\/title>\n<meta name=\"description\" content=\"Cliquez ici pour d\u00e9couvrir Olympus AF-10 Super \u2013 Appareil photo argentique compact autofocus avec flash int\u00e9gr\u00e9 - Noir sur la boutique.\" \/>\n<meta name=\"robots\" content=\"index, follow, max-snippet:-1, max-image-preview:large, max-video-preview:-1\" \/>\n<link rel=\"canonical\" href=\"https:\/\/www.analoggwerz.com\/en\/product\/olympus-af-10-super-appareil-photo-argentique-compact-autofocus-avec-flash-integre\/\" \/>\n<meta property=\"og:locale\" content=\"en_US\" \/>\n<meta property=\"og:type\" content=\"article\" \/>\n<meta property=\"og:title\" content=\"Olympus AF-10 Super \u2013 Appareil photo argentique compact autofocus avec flash int\u00e9gr\u00e9 - Noir est disponible sur la boutique !\" \/>\n<meta property=\"og:description\" content=\"Cliquez ici pour d\u00e9couvrir Olympus AF-10 Super \u2013 Appareil photo argentique compact autofocus avec flash int\u00e9gr\u00e9 - Noir sur la boutique.\" \/>\n<meta property=\"og:url\" content=\"https:\/\/www.analoggwerz.com\/en\/product\/olympus-af-10-super-appareil-photo-argentique-compact-autofocus-avec-flash-integre\/\" \/>\n<meta property=\"og:site_name\" content=\"Analog Gwerz\" \/>\n<meta property=\"article:modified_time\" content=\"2026-04-11T12:57:43+00:00\" \/>\n<meta property=\"og:image\" content=\"https:\/\/www.analoggwerz.com\/wp-content\/uploads\/2025\/10\/img_4769-scaled.jpeg\" \/>\n\t<meta property=\"og:image:width\" content=\"2560\" \/>\n\t<meta property=\"og:image:height\" content=\"1920\" \/>\n\t<meta property=\"og:image:type\" content=\"image\/jpeg\" \/>\n<meta name=\"twitter:card\" content=\"summary_large_image\" \/>\n<meta name=\"twitter:label1\" content=\"Est. reading time\" \/>\n\t<meta name=\"twitter:data1\" content=\"1 minute\" \/>\n<script type=\"application\/ld+json\" class=\"yoast-schema-graph\">{\"@context\":\"https:\\\/\\\/schema.org\",\"@graph\":[{\"@type\":\"WebPage\",\"@id\":\"https:\\\/\\\/www.analoggwerz.com\\\/produit\\\/olympus-af-10-super-appareil-photo-argentique-compact-autofocus-avec-flash-integre\\\/\",\"url\":\"https:\\\/\\\/www.analoggwerz.com\\\/produit\\\/olympus-af-10-super-appareil-photo-argentique-compact-autofocus-avec-flash-integre\\\/\",\"name\":\"Olympus AF-10 Super \u2013 Appareil photo argentique compact autofocus avec flash int\u00e9gr\u00e9 - Noir est disponible sur la boutique !\",\"isPartOf\":{\"@id\":\"https:\\\/\\\/www.analoggwerz.com\\\/#website\"},\"primaryImageOfPage\":{\"@id\":\"https:\\\/\\\/www.analoggwerz.com\\\/produit\\\/olympus-af-10-super-appareil-photo-argentique-compact-autofocus-avec-flash-integre\\\/#primaryimage\"},\"image\":{\"@id\":\"https:\\\/\\\/www.analoggwerz.com\\\/produit\\\/olympus-af-10-super-appareil-photo-argentique-compact-autofocus-avec-flash-integre\\\/#primaryimage\"},\"thumbnailUrl\":\"https:\\\/\\\/www.analoggwerz.com\\\/wp-content\\\/uploads\\\/2025\\\/10\\\/img_4769-scaled.jpeg\",\"datePublished\":\"2025-10-05T16:34:10+00:00\",\"dateModified\":\"2026-04-11T12:57:43+00:00\",\"description\":\"Cliquez ici pour d\u00e9couvrir Olympus AF-10 Super \u2013 Appareil photo argentique compact autofocus avec flash int\u00e9gr\u00e9 - Noir sur la boutique.\",\"breadcrumb\":{\"@id\":\"https:\\\/\\\/www.analoggwerz.com\\\/produit\\\/olympus-af-10-super-appareil-photo-argentique-compact-autofocus-avec-flash-integre\\\/#breadcrumb\"},\"inLanguage\":\"en-US\",\"potentialAction\":[{\"@type\":\"ReadAction\",\"target\":[\"https:\\\/\\\/www.analoggwerz.com\\\/produit\\\/olympus-af-10-super-appareil-photo-argentique-compact-autofocus-avec-flash-integre\\\/\"]}]},{\"@type\":\"ImageObject\",\"inLanguage\":\"en-US\",\"@id\":\"https:\\\/\\\/www.analoggwerz.com\\\/produit\\\/olympus-af-10-super-appareil-photo-argentique-compact-autofocus-avec-flash-integre\\\/#primaryimage\",\"url\":\"https:\\\/\\\/www.analoggwerz.com\\\/wp-content\\\/uploads\\\/2025\\\/10\\\/img_4769-scaled.jpeg\",\"contentUrl\":\"https:\\\/\\\/www.analoggwerz.com\\\/wp-content\\\/uploads\\\/2025\\\/10\\\/img_4769-scaled.jpeg\",\"width\":2560,\"height\":1920},{\"@type\":\"BreadcrumbList\",\"@id\":\"https:\\\/\\\/www.analoggwerz.com\\\/produit\\\/olympus-af-10-super-appareil-photo-argentique-compact-autofocus-avec-flash-integre\\\/#breadcrumb\",\"itemListElement\":[{\"@type\":\"ListItem\",\"position\":1,\"name\":\"Accueil\",\"item\":\"https:\\\/\\\/www.analoggwerz.com\\\/\"},{\"@type\":\"ListItem\",\"position\":2,\"name\":\"Boutique\",\"item\":\"https:\\\/\\\/www.analoggwerz.com\\\/shop\\\/\"},{\"@type\":\"ListItem\",\"position\":3,\"name\":\"Olympus AF-10 Super \u2013 Appareil photo argentique compact autofocus avec flash int\u00e9gr\u00e9 &#8211; Noir\"}]},{\"@type\":\"WebSite\",\"@id\":\"https:\\\/\\\/www.analoggwerz.com\\\/#website\",\"url\":\"https:\\\/\\\/www.analoggwerz.com\\\/\",\"name\":\"Analog Gwerz\",\"description\":\"Pas besoin de neuf pour capturer l&#039;instant !\",\"publisher\":{\"@id\":\"https:\\\/\\\/www.analoggwerz.com\\\/#organization\"},\"potentialAction\":[{\"@type\":\"SearchAction\",\"target\":{\"@type\":\"EntryPoint\",\"urlTemplate\":\"https:\\\/\\\/www.analoggwerz.com\\\/?s={search_term_string}\"},\"query-input\":{\"@type\":\"PropertyValueSpecification\",\"valueRequired\":true,\"valueName\":\"search_term_string\"}}],\"inLanguage\":\"en-US\"},{\"@type\":\"Organization\",\"@id\":\"https:\\\/\\\/www.analoggwerz.com\\\/#organization\",\"name\":\"Analog Gwerz\",\"url\":\"https:\\\/\\\/www.analoggwerz.com\\\/\",\"logo\":{\"@type\":\"ImageObject\",\"inLanguage\":\"en-US\",\"@id\":\"https:\\\/\\\/www.analoggwerz.com\\\/#\\\/schema\\\/logo\\\/image\\\/\",\"url\":\"https:\\\/\\\/www.analoggwerz.com\\\/wp-content\\\/uploads\\\/2025\\\/10\\\/000-LOGO-ANALOG-GWERZ-NOIR-1.png\",\"contentUrl\":\"https:\\\/\\\/www.analoggwerz.com\\\/wp-content\\\/uploads\\\/2025\\\/10\\\/000-LOGO-ANALOG-GWERZ-NOIR-1.png\",\"width\":800,\"height\":407,\"caption\":\"Analog Gwerz\"},\"image\":{\"@id\":\"https:\\\/\\\/www.analoggwerz.com\\\/#\\\/schema\\\/logo\\\/image\\\/\"},\"sameAs\":[\"https:\\\/\\\/www.instagram.com\\\/analog_gwerz\\\/\",\"https:\\\/\\\/www.tiktok.com\\\/@analog_gwerz\"]}]}<\/script>\n<!-- \/ Yoast SEO plugin. -->","yoast_head_json":{"title":"Olympus AF-10 Super \u2013 Appareil photo argentique compact autofocus avec flash int\u00e9gr\u00e9 - Noir est disponible sur la boutique !","description":"Cliquez ici pour d\u00e9couvrir Olympus AF-10 Super \u2013 Appareil photo argentique compact autofocus avec flash int\u00e9gr\u00e9 - Noir sur la boutique.","robots":{"index":"index","follow":"follow","max-snippet":"max-snippet:-1","max-image-preview":"max-image-preview:large","max-video-preview":"max-video-preview:-1"},"canonical":"https:\/\/www.analoggwerz.com\/en\/product\/olympus-af-10-super-appareil-photo-argentique-compact-autofocus-avec-flash-integre\/","og_locale":"en_US","og_type":"article","og_title":"Olympus AF-10 Super \u2013 Appareil photo argentique compact autofocus avec flash int\u00e9gr\u00e9 - Noir est disponible sur la boutique !","og_description":"Cliquez ici pour d\u00e9couvrir Olympus AF-10 Super \u2013 Appareil photo argentique compact autofocus avec flash int\u00e9gr\u00e9 - Noir sur la boutique.","og_url":"https:\/\/www.analoggwerz.com\/en\/product\/olympus-af-10-super-appareil-photo-argentique-compact-autofocus-avec-flash-integre\/","og_site_name":"Analog Gwerz","article_modified_time":"2026-04-11T12:57:43+00:00","og_image":[{"width":2560,"height":1920,"url":"https:\/\/www.analoggwerz.com\/wp-content\/uploads\/2025\/10\/img_4769-scaled.jpeg","type":"image\/jpeg"}],"twitter_card":"summary_large_image","twitter_misc":{"Est. reading time":"1 minute"},"schema":{"@context":"https:\/\/schema.org","@graph":[{"@type":"WebPage","@id":"https:\/\/www.analoggwerz.com\/produit\/olympus-af-10-super-appareil-photo-argentique-compact-autofocus-avec-flash-integre\/","url":"https:\/\/www.analoggwerz.com\/produit\/olympus-af-10-super-appareil-photo-argentique-compact-autofocus-avec-flash-integre\/","name":"Olympus AF-10 Super \u2013 Appareil photo argentique compact autofocus avec flash int\u00e9gr\u00e9 - Noir est disponible sur la boutique !","isPartOf":{"@id":"https:\/\/www.analoggwerz.com\/#website"},"primaryImageOfPage":{"@id":"https:\/\/www.analoggwerz.com\/produit\/olympus-af-10-super-appareil-photo-argentique-compact-autofocus-avec-flash-integre\/#primaryimage"},"image":{"@id":"https:\/\/www.analoggwerz.com\/produit\/olympus-af-10-super-appareil-photo-argentique-compact-autofocus-avec-flash-integre\/#primaryimage"},"thumbnailUrl":"https:\/\/www.analoggwerz.com\/wp-content\/uploads\/2025\/10\/img_4769-scaled.jpeg","datePublished":"2025-10-05T16:34:10+00:00","dateModified":"2026-04-11T12:57:43+00:00","description":"Cliquez ici pour d\u00e9couvrir Olympus AF-10 Super \u2013 Appareil photo argentique compact autofocus avec flash int\u00e9gr\u00e9 - Noir sur la boutique.","breadcrumb":{"@id":"https:\/\/www.analoggwerz.com\/produit\/olympus-af-10-super-appareil-photo-argentique-compact-autofocus-avec-flash-integre\/#breadcrumb"},"inLanguage":"en-US","potentialAction":[{"@type":"ReadAction","target":["https:\/\/www.analoggwerz.com\/produit\/olympus-af-10-super-appareil-photo-argentique-compact-autofocus-avec-flash-integre\/"]}]},{"@type":"ImageObject","inLanguage":"en-US","@id":"https:\/\/www.analoggwerz.com\/produit\/olympus-af-10-super-appareil-photo-argentique-compact-autofocus-avec-flash-integre\/#primaryimage","url":"https:\/\/www.analoggwerz.com\/wp-content\/uploads\/2025\/10\/img_4769-scaled.jpeg","contentUrl":"https:\/\/www.analoggwerz.com\/wp-content\/uploads\/2025\/10\/img_4769-scaled.jpeg","width":2560,"height":1920},{"@type":"BreadcrumbList","@id":"https:\/\/www.analoggwerz.com\/produit\/olympus-af-10-super-appareil-photo-argentique-compact-autofocus-avec-flash-integre\/#breadcrumb","itemListElement":[{"@type":"ListItem","position":1,"name":"Accueil","item":"https:\/\/www.analoggwerz.com\/"},{"@type":"ListItem","position":2,"name":"Boutique","item":"https:\/\/www.analoggwerz.com\/shop\/"},{"@type":"ListItem","position":3,"name":"Olympus AF-10 Super \u2013 Appareil photo argentique compact autofocus avec flash int\u00e9gr\u00e9 &#8211; Noir"}]},{"@type":"WebSite","@id":"https:\/\/www.analoggwerz.com\/#website","url":"https:\/\/www.analoggwerz.com\/","name":"Analog Gwerz","description":"Pas besoin de neuf pour capturer l&#039;instant !","publisher":{"@id":"https:\/\/www.analoggwerz.com\/#organization"},"potentialAction":[{"@type":"SearchAction","target":{"@type":"EntryPoint","urlTemplate":"https:\/\/www.analoggwerz.com\/?s={search_term_string}"},"query-input":{"@type":"PropertyValueSpecification","valueRequired":true,"valueName":"search_term_string"}}],"inLanguage":"en-US"},{"@type":"Organization","@id":"https:\/\/www.analoggwerz.com\/#organization","name":"Analog Gwerz","url":"https:\/\/www.analoggwerz.com\/","logo":{"@type":"ImageObject","inLanguage":"en-US","@id":"https:\/\/www.analoggwerz.com\/#\/schema\/logo\/image\/","url":"https:\/\/www.analoggwerz.com\/wp-content\/uploads\/2025\/10\/000-LOGO-ANALOG-GWERZ-NOIR-1.png","contentUrl":"https:\/\/www.analoggwerz.com\/wp-content\/uploads\/2025\/10\/000-LOGO-ANALOG-GWERZ-NOIR-1.png","width":800,"height":407,"caption":"Analog Gwerz"},"image":{"@id":"https:\/\/www.analoggwerz.com\/#\/schema\/logo\/image\/"},"sameAs":["https:\/\/www.instagram.com\/analog_gwerz\/","https:\/\/www.tiktok.com\/@analog_gwerz"]}]}},"jetpack_sharing_enabled":true,"_links":{"self":[{"href":"https:\/\/www.analoggwerz.com\/en\/wp-json\/wp\/v2\/product\/8606","targetHints":{"allow":["GET"]}}],"collection":[{"href":"https:\/\/www.analoggwerz.com\/en\/wp-json\/wp\/v2\/product"}],"about":[{"href":"https:\/\/www.analoggwerz.com\/en\/wp-json\/wp\/v2\/types\/product"}],"wp:featuredmedia":[{"embeddable":true,"href":"https:\/\/www.analoggwerz.com\/en\/wp-json\/wp\/v2\/media\/8605"}],"wp:attachment":[{"href":"https:\/\/www.analoggwerz.com\/en\/wp-json\/wp\/v2\/media?parent=8606"}],"wp:term":[{"taxonomy":"product_brand","embeddable":true,"href":"https:\/\/www.analoggwerz.com\/en\/wp-json\/wp\/v2\/product_brand?post=8606"},{"taxonomy":"product_cat","embeddable":true,"href":"https:\/\/www.analoggwerz.com\/en\/wp-json\/wp\/v2\/product_cat?post=8606"},{"taxonomy":"product_tag","embeddable":true,"href":"https:\/\/www.analoggwerz.com\/en\/wp-json\/wp\/v2\/product_tag?post=8606"}],"curies":[{"name":"wp","href":"https:\/\/api.w.org\/{rel}","templated":true}]}}