{"id":8472,"date":"2025-10-02T07:15:14","date_gmt":"2025-10-02T07:15:14","guid":{"rendered":"https:\/\/www.analoggwerz.com\/produit\/kodak-easyshare-c613-compact-numerique-62-mpx-avec-zoom-optique-3x\/"},"modified":"2026-01-17T11:57:42","modified_gmt":"2026-01-17T11:57:42","slug":"kodak-easyshare-c613-compact-numerique-62-mpx-avec-zoom-optique-3x","status":"publish","type":"product","link":"https:\/\/www.analoggwerz.com\/en\/product\/kodak-easyshare-c613-compact-numerique-62-mpx-avec-zoom-optique-3x\/","title":{"rendered":"Kodak EasyShare C613 \u2013 Compact num\u00e9rique 6,2 Mpx avec zoom optique 3x &#8211; Gris"},"content":{"rendered":"<p>\ud83d\udcf8 Kodak EasyShare C613 \u2013 Compact num\u00e9rique 6,2 Mpx avec zoom optique 3x<\/p>\n<p>N\u2019h\u00e9sitez pas \u00e0 vous abonner \u00e0 mon Instagram (@analog_gwerz) si vous aimez la photo et les appareils.<\/p>\n<p>Le Kodak EasyShare C613 est un appareil photo num\u00e9rique compact simple et efficace, id\u00e9al pour immortaliser vos souvenirs du quotidien. Il offre une qualit\u00e9 d\u2019image de 6,2 m\u00e9gapixels et un zoom optique 3x, avec un \u00e9cran LCD de 2,4 pouces pour visualiser facilement vos clich\u00e9s.<\/p>\n<p>Caract\u00e9ristiques :<\/p>\n<p>Capteur : 6,2 m\u00e9gapixels<\/p>\n<p>Objectif : Kodak AF, zoom optique 3x (\u00e9quivalent 36\u2013108 mm)<\/p>\n<p>\u00c9cran LCD : 2,4 pouces (6,1 cm)<\/p>\n<p>Modes sc\u00e8ne et d\u00e9tection de visage pour des photos r\u00e9ussies en toute situation<\/p>\n<p>Fonction vid\u00e9o int\u00e9gr\u00e9e<\/p>\n<p>Compatible avec les cartes SD (non fournie)<\/p>\n<p>\u00c9tat :<\/p>\n<p>Appareil test\u00e9 et fonctionnel. Quelques traces d\u2019usure visibles (voir photos), mais cela n\u2019affecte en rien son utilisation.<\/p>\n<p>Accessoires :<\/p>\n<p>\u2013 Dragonne de transport<\/p>\n<p>\u2013 Fonctionne avec 2 piles AA (non fournies)<\/p>\n<p>\ud83d\udcf7 Les photos sont contractuelles : vous recevrez exactement le mod\u00e8le pr\u00e9sent\u00e9.<\/p>","protected":false},"excerpt":{"rendered":"<p>\ud83d\udcf8 Kodak EasyShare C613 \u2013 Compact num\u00e9rique 6,2 Mpx avec zoom optique 3x N\u2019h\u00e9sitez pas \u00e0 vous abonner \u00e0 mon Instagram (@analog_gwerz) si vous aimez la photo et les appareils. Le Kodak EasyShare C613 est un appareil photo num\u00e9rique compact simple et efficace, id\u00e9al pour immortaliser vos souvenirs du quotidien. Il offre une qualit\u00e9 d\u2019image [&hellip;]<\/p>\n","protected":false},"featured_media":8471,"template":"","meta":[],"product_brand":[],"product_cat":[118,114,28],"product_tag":[],"class_list":{"0":"post-8472","1":"product","2":"type-product","3":"status-publish","4":"has-post-thumbnail","6":"product_cat-appareils-photo","7":"product_cat-appareils-photo-numeriques","8":"product_cat-appareils-photos-compacts-numeriques","9":"pa_couleur-gris","10":"pa_marque-kodak","12":"first","13":"outofstock","14":"purchasable","15":"product-type-simple"},"yoast_head":"<!-- This site is optimized with the Yoast SEO plugin v27.5 - https:\/\/yoast.com\/product\/yoast-seo-wordpress\/ -->\n<title>Kodak EasyShare C613 \u2013 Compact num\u00e9rique 6,2 Mpx avec zoom optique 3x - Gris est disponible sur la boutique !<\/title>\n<meta name=\"description\" content=\"Cliquez ici pour d\u00e9couvrir Kodak EasyShare C613 \u2013 Compact num\u00e9rique 6,2 Mpx avec zoom optique 3x - Gris sur la boutique.\" \/>\n<meta name=\"robots\" content=\"index, follow, max-snippet:-1, max-image-preview:large, max-video-preview:-1\" \/>\n<link rel=\"canonical\" href=\"https:\/\/www.analoggwerz.com\/en\/product\/kodak-easyshare-c613-compact-numerique-62-mpx-avec-zoom-optique-3x\/\" \/>\n<meta property=\"og:locale\" content=\"en_US\" \/>\n<meta property=\"og:type\" content=\"article\" \/>\n<meta property=\"og:title\" content=\"Kodak EasyShare C613 \u2013 Compact num\u00e9rique 6,2 Mpx avec zoom optique 3x - Gris est disponible sur la boutique !\" \/>\n<meta property=\"og:description\" content=\"Cliquez ici pour d\u00e9couvrir Kodak EasyShare C613 \u2013 Compact num\u00e9rique 6,2 Mpx avec zoom optique 3x - Gris sur la boutique.\" \/>\n<meta property=\"og:url\" content=\"https:\/\/www.analoggwerz.com\/en\/product\/kodak-easyshare-c613-compact-numerique-62-mpx-avec-zoom-optique-3x\/\" \/>\n<meta property=\"og:site_name\" content=\"Analog Gwerz\" \/>\n<meta property=\"article:modified_time\" content=\"2026-01-17T11:57:42+00:00\" \/>\n<meta property=\"og:image\" content=\"https:\/\/www.analoggwerz.com\/wp-content\/uploads\/2025\/10\/img_4718-scaled.jpeg\" \/>\n\t<meta property=\"og:image:width\" content=\"2560\" \/>\n\t<meta property=\"og:image:height\" content=\"1920\" \/>\n\t<meta property=\"og:image:type\" content=\"image\/jpeg\" \/>\n<meta name=\"twitter:card\" content=\"summary_large_image\" \/>\n<meta name=\"twitter:label1\" content=\"Est. reading time\" \/>\n\t<meta name=\"twitter:data1\" content=\"1 minute\" \/>\n<script type=\"application\/ld+json\" class=\"yoast-schema-graph\">{\"@context\":\"https:\\\/\\\/schema.org\",\"@graph\":[{\"@type\":\"WebPage\",\"@id\":\"https:\\\/\\\/www.analoggwerz.com\\\/produit\\\/kodak-easyshare-c613-compact-numerique-62-mpx-avec-zoom-optique-3x\\\/\",\"url\":\"https:\\\/\\\/www.analoggwerz.com\\\/produit\\\/kodak-easyshare-c613-compact-numerique-62-mpx-avec-zoom-optique-3x\\\/\",\"name\":\"Kodak EasyShare C613 \u2013 Compact num\u00e9rique 6,2 Mpx avec zoom optique 3x - Gris est disponible sur la boutique !\",\"isPartOf\":{\"@id\":\"https:\\\/\\\/www.analoggwerz.com\\\/#website\"},\"primaryImageOfPage\":{\"@id\":\"https:\\\/\\\/www.analoggwerz.com\\\/produit\\\/kodak-easyshare-c613-compact-numerique-62-mpx-avec-zoom-optique-3x\\\/#primaryimage\"},\"image\":{\"@id\":\"https:\\\/\\\/www.analoggwerz.com\\\/produit\\\/kodak-easyshare-c613-compact-numerique-62-mpx-avec-zoom-optique-3x\\\/#primaryimage\"},\"thumbnailUrl\":\"https:\\\/\\\/www.analoggwerz.com\\\/wp-content\\\/uploads\\\/2025\\\/10\\\/img_4718-scaled.jpeg\",\"datePublished\":\"2025-10-02T07:15:14+00:00\",\"dateModified\":\"2026-01-17T11:57:42+00:00\",\"description\":\"Cliquez ici pour d\u00e9couvrir Kodak EasyShare C613 \u2013 Compact num\u00e9rique 6,2 Mpx avec zoom optique 3x - Gris sur la boutique.\",\"breadcrumb\":{\"@id\":\"https:\\\/\\\/www.analoggwerz.com\\\/produit\\\/kodak-easyshare-c613-compact-numerique-62-mpx-avec-zoom-optique-3x\\\/#breadcrumb\"},\"inLanguage\":\"en-US\",\"potentialAction\":[{\"@type\":\"ReadAction\",\"target\":[\"https:\\\/\\\/www.analoggwerz.com\\\/produit\\\/kodak-easyshare-c613-compact-numerique-62-mpx-avec-zoom-optique-3x\\\/\"]}]},{\"@type\":\"ImageObject\",\"inLanguage\":\"en-US\",\"@id\":\"https:\\\/\\\/www.analoggwerz.com\\\/produit\\\/kodak-easyshare-c613-compact-numerique-62-mpx-avec-zoom-optique-3x\\\/#primaryimage\",\"url\":\"https:\\\/\\\/www.analoggwerz.com\\\/wp-content\\\/uploads\\\/2025\\\/10\\\/img_4718-scaled.jpeg\",\"contentUrl\":\"https:\\\/\\\/www.analoggwerz.com\\\/wp-content\\\/uploads\\\/2025\\\/10\\\/img_4718-scaled.jpeg\",\"width\":2560,\"height\":1920},{\"@type\":\"BreadcrumbList\",\"@id\":\"https:\\\/\\\/www.analoggwerz.com\\\/produit\\\/kodak-easyshare-c613-compact-numerique-62-mpx-avec-zoom-optique-3x\\\/#breadcrumb\",\"itemListElement\":[{\"@type\":\"ListItem\",\"position\":1,\"name\":\"Accueil\",\"item\":\"https:\\\/\\\/www.analoggwerz.com\\\/\"},{\"@type\":\"ListItem\",\"position\":2,\"name\":\"Boutique\",\"item\":\"https:\\\/\\\/www.analoggwerz.com\\\/shop\\\/\"},{\"@type\":\"ListItem\",\"position\":3,\"name\":\"Kodak EasyShare C613 \u2013 Compact num\u00e9rique 6,2 Mpx avec zoom optique 3x &#8211; Gris\"}]},{\"@type\":\"WebSite\",\"@id\":\"https:\\\/\\\/www.analoggwerz.com\\\/#website\",\"url\":\"https:\\\/\\\/www.analoggwerz.com\\\/\",\"name\":\"Analog Gwerz\",\"description\":\"Pas besoin de neuf pour capturer l&#039;instant !\",\"publisher\":{\"@id\":\"https:\\\/\\\/www.analoggwerz.com\\\/#organization\"},\"potentialAction\":[{\"@type\":\"SearchAction\",\"target\":{\"@type\":\"EntryPoint\",\"urlTemplate\":\"https:\\\/\\\/www.analoggwerz.com\\\/?s={search_term_string}\"},\"query-input\":{\"@type\":\"PropertyValueSpecification\",\"valueRequired\":true,\"valueName\":\"search_term_string\"}}],\"inLanguage\":\"en-US\"},{\"@type\":\"Organization\",\"@id\":\"https:\\\/\\\/www.analoggwerz.com\\\/#organization\",\"name\":\"Analog Gwerz\",\"url\":\"https:\\\/\\\/www.analoggwerz.com\\\/\",\"logo\":{\"@type\":\"ImageObject\",\"inLanguage\":\"en-US\",\"@id\":\"https:\\\/\\\/www.analoggwerz.com\\\/#\\\/schema\\\/logo\\\/image\\\/\",\"url\":\"https:\\\/\\\/www.analoggwerz.com\\\/wp-content\\\/uploads\\\/2025\\\/10\\\/000-LOGO-ANALOG-GWERZ-NOIR-1.png\",\"contentUrl\":\"https:\\\/\\\/www.analoggwerz.com\\\/wp-content\\\/uploads\\\/2025\\\/10\\\/000-LOGO-ANALOG-GWERZ-NOIR-1.png\",\"width\":800,\"height\":407,\"caption\":\"Analog Gwerz\"},\"image\":{\"@id\":\"https:\\\/\\\/www.analoggwerz.com\\\/#\\\/schema\\\/logo\\\/image\\\/\"},\"sameAs\":[\"https:\\\/\\\/www.instagram.com\\\/analog_gwerz\\\/\",\"https:\\\/\\\/www.tiktok.com\\\/@analog_gwerz\"]}]}<\/script>\n<!-- \/ Yoast SEO plugin. -->","yoast_head_json":{"title":"Kodak EasyShare C613 \u2013 Compact num\u00e9rique 6,2 Mpx avec zoom optique 3x - Gris est disponible sur la boutique !","description":"Cliquez ici pour d\u00e9couvrir Kodak EasyShare C613 \u2013 Compact num\u00e9rique 6,2 Mpx avec zoom optique 3x - Gris sur la boutique.","robots":{"index":"index","follow":"follow","max-snippet":"max-snippet:-1","max-image-preview":"max-image-preview:large","max-video-preview":"max-video-preview:-1"},"canonical":"https:\/\/www.analoggwerz.com\/en\/product\/kodak-easyshare-c613-compact-numerique-62-mpx-avec-zoom-optique-3x\/","og_locale":"en_US","og_type":"article","og_title":"Kodak EasyShare C613 \u2013 Compact num\u00e9rique 6,2 Mpx avec zoom optique 3x - Gris est disponible sur la boutique !","og_description":"Cliquez ici pour d\u00e9couvrir Kodak EasyShare C613 \u2013 Compact num\u00e9rique 6,2 Mpx avec zoom optique 3x - Gris sur la boutique.","og_url":"https:\/\/www.analoggwerz.com\/en\/product\/kodak-easyshare-c613-compact-numerique-62-mpx-avec-zoom-optique-3x\/","og_site_name":"Analog Gwerz","article_modified_time":"2026-01-17T11:57:42+00:00","og_image":[{"width":2560,"height":1920,"url":"https:\/\/www.analoggwerz.com\/wp-content\/uploads\/2025\/10\/img_4718-scaled.jpeg","type":"image\/jpeg"}],"twitter_card":"summary_large_image","twitter_misc":{"Est. reading time":"1 minute"},"schema":{"@context":"https:\/\/schema.org","@graph":[{"@type":"WebPage","@id":"https:\/\/www.analoggwerz.com\/produit\/kodak-easyshare-c613-compact-numerique-62-mpx-avec-zoom-optique-3x\/","url":"https:\/\/www.analoggwerz.com\/produit\/kodak-easyshare-c613-compact-numerique-62-mpx-avec-zoom-optique-3x\/","name":"Kodak EasyShare C613 \u2013 Compact num\u00e9rique 6,2 Mpx avec zoom optique 3x - Gris est disponible sur la boutique !","isPartOf":{"@id":"https:\/\/www.analoggwerz.com\/#website"},"primaryImageOfPage":{"@id":"https:\/\/www.analoggwerz.com\/produit\/kodak-easyshare-c613-compact-numerique-62-mpx-avec-zoom-optique-3x\/#primaryimage"},"image":{"@id":"https:\/\/www.analoggwerz.com\/produit\/kodak-easyshare-c613-compact-numerique-62-mpx-avec-zoom-optique-3x\/#primaryimage"},"thumbnailUrl":"https:\/\/www.analoggwerz.com\/wp-content\/uploads\/2025\/10\/img_4718-scaled.jpeg","datePublished":"2025-10-02T07:15:14+00:00","dateModified":"2026-01-17T11:57:42+00:00","description":"Cliquez ici pour d\u00e9couvrir Kodak EasyShare C613 \u2013 Compact num\u00e9rique 6,2 Mpx avec zoom optique 3x - Gris sur la boutique.","breadcrumb":{"@id":"https:\/\/www.analoggwerz.com\/produit\/kodak-easyshare-c613-compact-numerique-62-mpx-avec-zoom-optique-3x\/#breadcrumb"},"inLanguage":"en-US","potentialAction":[{"@type":"ReadAction","target":["https:\/\/www.analoggwerz.com\/produit\/kodak-easyshare-c613-compact-numerique-62-mpx-avec-zoom-optique-3x\/"]}]},{"@type":"ImageObject","inLanguage":"en-US","@id":"https:\/\/www.analoggwerz.com\/produit\/kodak-easyshare-c613-compact-numerique-62-mpx-avec-zoom-optique-3x\/#primaryimage","url":"https:\/\/www.analoggwerz.com\/wp-content\/uploads\/2025\/10\/img_4718-scaled.jpeg","contentUrl":"https:\/\/www.analoggwerz.com\/wp-content\/uploads\/2025\/10\/img_4718-scaled.jpeg","width":2560,"height":1920},{"@type":"BreadcrumbList","@id":"https:\/\/www.analoggwerz.com\/produit\/kodak-easyshare-c613-compact-numerique-62-mpx-avec-zoom-optique-3x\/#breadcrumb","itemListElement":[{"@type":"ListItem","position":1,"name":"Accueil","item":"https:\/\/www.analoggwerz.com\/"},{"@type":"ListItem","position":2,"name":"Boutique","item":"https:\/\/www.analoggwerz.com\/shop\/"},{"@type":"ListItem","position":3,"name":"Kodak EasyShare C613 \u2013 Compact num\u00e9rique 6,2 Mpx avec zoom optique 3x &#8211; Gris"}]},{"@type":"WebSite","@id":"https:\/\/www.analoggwerz.com\/#website","url":"https:\/\/www.analoggwerz.com\/","name":"Analog Gwerz","description":"Pas besoin de neuf pour capturer l&#039;instant !","publisher":{"@id":"https:\/\/www.analoggwerz.com\/#organization"},"potentialAction":[{"@type":"SearchAction","target":{"@type":"EntryPoint","urlTemplate":"https:\/\/www.analoggwerz.com\/?s={search_term_string}"},"query-input":{"@type":"PropertyValueSpecification","valueRequired":true,"valueName":"search_term_string"}}],"inLanguage":"en-US"},{"@type":"Organization","@id":"https:\/\/www.analoggwerz.com\/#organization","name":"Analog Gwerz","url":"https:\/\/www.analoggwerz.com\/","logo":{"@type":"ImageObject","inLanguage":"en-US","@id":"https:\/\/www.analoggwerz.com\/#\/schema\/logo\/image\/","url":"https:\/\/www.analoggwerz.com\/wp-content\/uploads\/2025\/10\/000-LOGO-ANALOG-GWERZ-NOIR-1.png","contentUrl":"https:\/\/www.analoggwerz.com\/wp-content\/uploads\/2025\/10\/000-LOGO-ANALOG-GWERZ-NOIR-1.png","width":800,"height":407,"caption":"Analog Gwerz"},"image":{"@id":"https:\/\/www.analoggwerz.com\/#\/schema\/logo\/image\/"},"sameAs":["https:\/\/www.instagram.com\/analog_gwerz\/","https:\/\/www.tiktok.com\/@analog_gwerz"]}]}},"jetpack_sharing_enabled":true,"_links":{"self":[{"href":"https:\/\/www.analoggwerz.com\/en\/wp-json\/wp\/v2\/product\/8472","targetHints":{"allow":["GET"]}}],"collection":[{"href":"https:\/\/www.analoggwerz.com\/en\/wp-json\/wp\/v2\/product"}],"about":[{"href":"https:\/\/www.analoggwerz.com\/en\/wp-json\/wp\/v2\/types\/product"}],"wp:featuredmedia":[{"embeddable":true,"href":"https:\/\/www.analoggwerz.com\/en\/wp-json\/wp\/v2\/media\/8471"}],"wp:attachment":[{"href":"https:\/\/www.analoggwerz.com\/en\/wp-json\/wp\/v2\/media?parent=8472"}],"wp:term":[{"taxonomy":"product_brand","embeddable":true,"href":"https:\/\/www.analoggwerz.com\/en\/wp-json\/wp\/v2\/product_brand?post=8472"},{"taxonomy":"product_cat","embeddable":true,"href":"https:\/\/www.analoggwerz.com\/en\/wp-json\/wp\/v2\/product_cat?post=8472"},{"taxonomy":"product_tag","embeddable":true,"href":"https:\/\/www.analoggwerz.com\/en\/wp-json\/wp\/v2\/product_tag?post=8472"}],"curies":[{"name":"wp","href":"https:\/\/api.w.org\/{rel}","templated":true}]}}