{"id":8443,"date":"2025-10-02T07:02:10","date_gmt":"2025-10-02T07:02:10","guid":{"rendered":"https:\/\/www.analoggwerz.com\/produit\/kodak-easyshare-ls755-compact-numerique-5-mp-avec-station-daccueil\/"},"modified":"2026-03-27T09:52:19","modified_gmt":"2026-03-27T09:52:19","slug":"kodak-easyshare-ls755-compact-numerique-5-mp-avec-station-daccueil","status":"publish","type":"product","link":"https:\/\/www.analoggwerz.com\/en\/product\/kodak-easyshare-ls755-compact-numerique-5-mp-avec-station-daccueil\/","title":{"rendered":"Kodak EasyShare LS755 \u2013 Compact num\u00e9rique 5 MP avec station d\u2019accueil &#8211; Argent"},"content":{"rendered":"<p>\ud83d\udcf8 N\u2019h\u00e9sitez pas \u00e0 vous abonner \u00e0 mon Instagram (@analog_gwerz) si vous aimez la photo et les appareils. J\u2019y pr\u00e9sente du mat\u00e9riel et je parle photo.<\/p>\n<p>Kodak EasyShare LS755 \u2013 Compact num\u00e9rique 5 MP avec station d\u2019accueil<\/p>\n<p>Le Kodak EasyShare LS755 est un compact num\u00e9rique \u00e9l\u00e9gant et pratique, sorti au d\u00e9but des ann\u00e9es 2000. Avec son design en aluminium argent\u00e9 et son \u00e9cran large de 2,5 pouces, il a \u00e9t\u00e9 pens\u00e9 pour une utilisation simple et intuitive, tout en offrant une belle qualit\u00e9 d\u2019image gr\u00e2ce \u00e0 son capteur 5 m\u00e9gapixels et son optique Schneider-Kreuznach Variogon.<\/p>\n<p>Il est livr\u00e9 dans sa bo\u00eete d\u2019origine avec sa station d\u2019accueil Kodak permettant de recharger l\u2019appareil et de transf\u00e9rer facilement vos photos vers un ordinateur. Un vrai plus pour les amateurs de compacts num\u00e9riques vintage et collectionneurs.<\/p>\n<p>Caract\u00e9ristiques techniques :<\/p>\n<p>Capteur : 5 m\u00e9gapixels<\/p>\n<p>Optique : Schneider-Kreuznach Variogon 37-108mm f\/2.8-4.9 (zoom 3x)<\/p>\n<p>\u00c9cran : LCD 2,5 pouces<\/p>\n<p>Sensibilit\u00e9 ISO : 80 \u2013 400<\/p>\n<p>Modes sc\u00e8ne int\u00e9gr\u00e9s<\/p>\n<p>Vid\u00e9o avec son<\/p>\n<p>Connexion via station d\u2019accueil USB fournie<\/p>\n<p>\u00c9tat :<\/p>\n<p>Appareil en tr\u00e8s bon \u00e9tat cosm\u00e9tique et fonctionnel. \u00c9cran et objectif propres.<\/p>\n<p>Accessoires fournis :<\/p>\n<p>Bo\u00eete d\u2019origine<\/p>\n<p>Station d\u2019accueil Kodak<\/p>\n<p>Chargeur secteur<\/p>\n<p>C\u00e2bles de connexion<\/p>\n<p>Dragonne<\/p>\n<p>\ud83d\udcbe Carte SD (non fournie)<\/p>\n<p>\u27a1\ufe0f Id\u00e9al pour les collectionneurs ou pour revivre l\u2019exp\u00e9rience des premiers compacts num\u00e9riques design.<\/p>","protected":false},"excerpt":{"rendered":"<p>\ud83d\udcf8 N\u2019h\u00e9sitez pas \u00e0 vous abonner \u00e0 mon Instagram (@analog_gwerz) si vous aimez la photo et les appareils. J\u2019y pr\u00e9sente du mat\u00e9riel et je parle photo. Kodak EasyShare LS755 \u2013 Compact num\u00e9rique 5 MP avec station d\u2019accueil Le Kodak EasyShare LS755 est un compact num\u00e9rique \u00e9l\u00e9gant et pratique, sorti au d\u00e9but des ann\u00e9es 2000. Avec [&hellip;]<\/p>\n","protected":false},"featured_media":8441,"template":"","meta":[],"product_brand":[],"product_cat":[118,114,28],"product_tag":[],"class_list":{"0":"post-8443","1":"product","2":"type-product","3":"status-publish","4":"has-post-thumbnail","6":"product_cat-appareils-photo","7":"product_cat-appareils-photo-numeriques","8":"product_cat-appareils-photos-compacts-numeriques","9":"pa_couleur-argent","10":"pa_marque-kodak","12":"first","13":"outofstock","14":"purchasable","15":"product-type-simple"},"yoast_head":"<!-- This site is optimized with the Yoast SEO plugin v27.5 - https:\/\/yoast.com\/product\/yoast-seo-wordpress\/ -->\n<title>Kodak EasyShare LS755 \u2013 Compact num\u00e9rique 5 MP avec station d\u2019accueil - Argent est disponible sur la boutique !<\/title>\n<meta name=\"description\" content=\"Cliquez ici pour d\u00e9couvrir Kodak EasyShare LS755 \u2013 Compact num\u00e9rique 5 MP avec station d\u2019accueil - Argent sur la boutique.\" \/>\n<meta name=\"robots\" content=\"index, follow, max-snippet:-1, max-image-preview:large, max-video-preview:-1\" \/>\n<link rel=\"canonical\" href=\"https:\/\/www.analoggwerz.com\/en\/product\/kodak-easyshare-ls755-compact-numerique-5-mp-avec-station-daccueil\/\" \/>\n<meta property=\"og:locale\" content=\"en_US\" \/>\n<meta property=\"og:type\" content=\"article\" \/>\n<meta property=\"og:title\" content=\"Kodak EasyShare LS755 \u2013 Compact num\u00e9rique 5 MP avec station d\u2019accueil - Argent est disponible sur la boutique !\" \/>\n<meta property=\"og:description\" content=\"Cliquez ici pour d\u00e9couvrir Kodak EasyShare LS755 \u2013 Compact num\u00e9rique 5 MP avec station d\u2019accueil - Argent sur la boutique.\" \/>\n<meta property=\"og:url\" content=\"https:\/\/www.analoggwerz.com\/en\/product\/kodak-easyshare-ls755-compact-numerique-5-mp-avec-station-daccueil\/\" \/>\n<meta property=\"og:site_name\" content=\"Analog Gwerz\" \/>\n<meta property=\"article:modified_time\" content=\"2026-03-27T09:52:19+00:00\" \/>\n<meta property=\"og:image\" content=\"https:\/\/www.analoggwerz.com\/wp-content\/uploads\/2025\/10\/img_4643-scaled.jpeg\" \/>\n\t<meta property=\"og:image:width\" content=\"2560\" \/>\n\t<meta property=\"og:image:height\" content=\"1920\" \/>\n\t<meta property=\"og:image:type\" content=\"image\/jpeg\" \/>\n<meta name=\"twitter:card\" content=\"summary_large_image\" \/>\n<meta name=\"twitter:label1\" content=\"Est. reading time\" \/>\n\t<meta name=\"twitter:data1\" content=\"2 minutes\" \/>\n<script type=\"application\/ld+json\" class=\"yoast-schema-graph\">{\"@context\":\"https:\\\/\\\/schema.org\",\"@graph\":[{\"@type\":\"WebPage\",\"@id\":\"https:\\\/\\\/www.analoggwerz.com\\\/produit\\\/kodak-easyshare-ls755-compact-numerique-5-mp-avec-station-daccueil\\\/\",\"url\":\"https:\\\/\\\/www.analoggwerz.com\\\/produit\\\/kodak-easyshare-ls755-compact-numerique-5-mp-avec-station-daccueil\\\/\",\"name\":\"Kodak EasyShare LS755 \u2013 Compact num\u00e9rique 5 MP avec station d\u2019accueil - Argent est disponible sur la boutique !\",\"isPartOf\":{\"@id\":\"https:\\\/\\\/www.analoggwerz.com\\\/#website\"},\"primaryImageOfPage\":{\"@id\":\"https:\\\/\\\/www.analoggwerz.com\\\/produit\\\/kodak-easyshare-ls755-compact-numerique-5-mp-avec-station-daccueil\\\/#primaryimage\"},\"image\":{\"@id\":\"https:\\\/\\\/www.analoggwerz.com\\\/produit\\\/kodak-easyshare-ls755-compact-numerique-5-mp-avec-station-daccueil\\\/#primaryimage\"},\"thumbnailUrl\":\"https:\\\/\\\/www.analoggwerz.com\\\/wp-content\\\/uploads\\\/2025\\\/10\\\/img_4643-scaled.jpeg\",\"datePublished\":\"2025-10-02T07:02:10+00:00\",\"dateModified\":\"2026-03-27T09:52:19+00:00\",\"description\":\"Cliquez ici pour d\u00e9couvrir Kodak EasyShare LS755 \u2013 Compact num\u00e9rique 5 MP avec station d\u2019accueil - Argent sur la boutique.\",\"breadcrumb\":{\"@id\":\"https:\\\/\\\/www.analoggwerz.com\\\/produit\\\/kodak-easyshare-ls755-compact-numerique-5-mp-avec-station-daccueil\\\/#breadcrumb\"},\"inLanguage\":\"en-US\",\"potentialAction\":[{\"@type\":\"ReadAction\",\"target\":[\"https:\\\/\\\/www.analoggwerz.com\\\/produit\\\/kodak-easyshare-ls755-compact-numerique-5-mp-avec-station-daccueil\\\/\"]}]},{\"@type\":\"ImageObject\",\"inLanguage\":\"en-US\",\"@id\":\"https:\\\/\\\/www.analoggwerz.com\\\/produit\\\/kodak-easyshare-ls755-compact-numerique-5-mp-avec-station-daccueil\\\/#primaryimage\",\"url\":\"https:\\\/\\\/www.analoggwerz.com\\\/wp-content\\\/uploads\\\/2025\\\/10\\\/img_4643-scaled.jpeg\",\"contentUrl\":\"https:\\\/\\\/www.analoggwerz.com\\\/wp-content\\\/uploads\\\/2025\\\/10\\\/img_4643-scaled.jpeg\",\"width\":2560,\"height\":1920},{\"@type\":\"BreadcrumbList\",\"@id\":\"https:\\\/\\\/www.analoggwerz.com\\\/produit\\\/kodak-easyshare-ls755-compact-numerique-5-mp-avec-station-daccueil\\\/#breadcrumb\",\"itemListElement\":[{\"@type\":\"ListItem\",\"position\":1,\"name\":\"Accueil\",\"item\":\"https:\\\/\\\/www.analoggwerz.com\\\/\"},{\"@type\":\"ListItem\",\"position\":2,\"name\":\"Boutique\",\"item\":\"https:\\\/\\\/www.analoggwerz.com\\\/shop\\\/\"},{\"@type\":\"ListItem\",\"position\":3,\"name\":\"Kodak EasyShare LS755 \u2013 Compact num\u00e9rique 5 MP avec station d\u2019accueil &#8211; Argent\"}]},{\"@type\":\"WebSite\",\"@id\":\"https:\\\/\\\/www.analoggwerz.com\\\/#website\",\"url\":\"https:\\\/\\\/www.analoggwerz.com\\\/\",\"name\":\"Analog Gwerz\",\"description\":\"Pas besoin de neuf pour capturer l&#039;instant !\",\"publisher\":{\"@id\":\"https:\\\/\\\/www.analoggwerz.com\\\/#organization\"},\"potentialAction\":[{\"@type\":\"SearchAction\",\"target\":{\"@type\":\"EntryPoint\",\"urlTemplate\":\"https:\\\/\\\/www.analoggwerz.com\\\/?s={search_term_string}\"},\"query-input\":{\"@type\":\"PropertyValueSpecification\",\"valueRequired\":true,\"valueName\":\"search_term_string\"}}],\"inLanguage\":\"en-US\"},{\"@type\":\"Organization\",\"@id\":\"https:\\\/\\\/www.analoggwerz.com\\\/#organization\",\"name\":\"Analog Gwerz\",\"url\":\"https:\\\/\\\/www.analoggwerz.com\\\/\",\"logo\":{\"@type\":\"ImageObject\",\"inLanguage\":\"en-US\",\"@id\":\"https:\\\/\\\/www.analoggwerz.com\\\/#\\\/schema\\\/logo\\\/image\\\/\",\"url\":\"https:\\\/\\\/www.analoggwerz.com\\\/wp-content\\\/uploads\\\/2025\\\/10\\\/000-LOGO-ANALOG-GWERZ-NOIR-1.png\",\"contentUrl\":\"https:\\\/\\\/www.analoggwerz.com\\\/wp-content\\\/uploads\\\/2025\\\/10\\\/000-LOGO-ANALOG-GWERZ-NOIR-1.png\",\"width\":800,\"height\":407,\"caption\":\"Analog Gwerz\"},\"image\":{\"@id\":\"https:\\\/\\\/www.analoggwerz.com\\\/#\\\/schema\\\/logo\\\/image\\\/\"},\"sameAs\":[\"https:\\\/\\\/www.instagram.com\\\/analog_gwerz\\\/\",\"https:\\\/\\\/www.tiktok.com\\\/@analog_gwerz\"]}]}<\/script>\n<!-- \/ Yoast SEO plugin. -->","yoast_head_json":{"title":"Kodak EasyShare LS755 \u2013 Compact num\u00e9rique 5 MP avec station d\u2019accueil - Argent est disponible sur la boutique !","description":"Cliquez ici pour d\u00e9couvrir Kodak EasyShare LS755 \u2013 Compact num\u00e9rique 5 MP avec station d\u2019accueil - Argent sur la boutique.","robots":{"index":"index","follow":"follow","max-snippet":"max-snippet:-1","max-image-preview":"max-image-preview:large","max-video-preview":"max-video-preview:-1"},"canonical":"https:\/\/www.analoggwerz.com\/en\/product\/kodak-easyshare-ls755-compact-numerique-5-mp-avec-station-daccueil\/","og_locale":"en_US","og_type":"article","og_title":"Kodak EasyShare LS755 \u2013 Compact num\u00e9rique 5 MP avec station d\u2019accueil - Argent est disponible sur la boutique !","og_description":"Cliquez ici pour d\u00e9couvrir Kodak EasyShare LS755 \u2013 Compact num\u00e9rique 5 MP avec station d\u2019accueil - Argent sur la boutique.","og_url":"https:\/\/www.analoggwerz.com\/en\/product\/kodak-easyshare-ls755-compact-numerique-5-mp-avec-station-daccueil\/","og_site_name":"Analog Gwerz","article_modified_time":"2026-03-27T09:52:19+00:00","og_image":[{"width":2560,"height":1920,"url":"https:\/\/www.analoggwerz.com\/wp-content\/uploads\/2025\/10\/img_4643-scaled.jpeg","type":"image\/jpeg"}],"twitter_card":"summary_large_image","twitter_misc":{"Est. reading time":"2 minutes"},"schema":{"@context":"https:\/\/schema.org","@graph":[{"@type":"WebPage","@id":"https:\/\/www.analoggwerz.com\/produit\/kodak-easyshare-ls755-compact-numerique-5-mp-avec-station-daccueil\/","url":"https:\/\/www.analoggwerz.com\/produit\/kodak-easyshare-ls755-compact-numerique-5-mp-avec-station-daccueil\/","name":"Kodak EasyShare LS755 \u2013 Compact num\u00e9rique 5 MP avec station d\u2019accueil - Argent est disponible sur la boutique !","isPartOf":{"@id":"https:\/\/www.analoggwerz.com\/#website"},"primaryImageOfPage":{"@id":"https:\/\/www.analoggwerz.com\/produit\/kodak-easyshare-ls755-compact-numerique-5-mp-avec-station-daccueil\/#primaryimage"},"image":{"@id":"https:\/\/www.analoggwerz.com\/produit\/kodak-easyshare-ls755-compact-numerique-5-mp-avec-station-daccueil\/#primaryimage"},"thumbnailUrl":"https:\/\/www.analoggwerz.com\/wp-content\/uploads\/2025\/10\/img_4643-scaled.jpeg","datePublished":"2025-10-02T07:02:10+00:00","dateModified":"2026-03-27T09:52:19+00:00","description":"Cliquez ici pour d\u00e9couvrir Kodak EasyShare LS755 \u2013 Compact num\u00e9rique 5 MP avec station d\u2019accueil - Argent sur la boutique.","breadcrumb":{"@id":"https:\/\/www.analoggwerz.com\/produit\/kodak-easyshare-ls755-compact-numerique-5-mp-avec-station-daccueil\/#breadcrumb"},"inLanguage":"en-US","potentialAction":[{"@type":"ReadAction","target":["https:\/\/www.analoggwerz.com\/produit\/kodak-easyshare-ls755-compact-numerique-5-mp-avec-station-daccueil\/"]}]},{"@type":"ImageObject","inLanguage":"en-US","@id":"https:\/\/www.analoggwerz.com\/produit\/kodak-easyshare-ls755-compact-numerique-5-mp-avec-station-daccueil\/#primaryimage","url":"https:\/\/www.analoggwerz.com\/wp-content\/uploads\/2025\/10\/img_4643-scaled.jpeg","contentUrl":"https:\/\/www.analoggwerz.com\/wp-content\/uploads\/2025\/10\/img_4643-scaled.jpeg","width":2560,"height":1920},{"@type":"BreadcrumbList","@id":"https:\/\/www.analoggwerz.com\/produit\/kodak-easyshare-ls755-compact-numerique-5-mp-avec-station-daccueil\/#breadcrumb","itemListElement":[{"@type":"ListItem","position":1,"name":"Accueil","item":"https:\/\/www.analoggwerz.com\/"},{"@type":"ListItem","position":2,"name":"Boutique","item":"https:\/\/www.analoggwerz.com\/shop\/"},{"@type":"ListItem","position":3,"name":"Kodak EasyShare LS755 \u2013 Compact num\u00e9rique 5 MP avec station d\u2019accueil &#8211; Argent"}]},{"@type":"WebSite","@id":"https:\/\/www.analoggwerz.com\/#website","url":"https:\/\/www.analoggwerz.com\/","name":"Analog Gwerz","description":"Pas besoin de neuf pour capturer l&#039;instant !","publisher":{"@id":"https:\/\/www.analoggwerz.com\/#organization"},"potentialAction":[{"@type":"SearchAction","target":{"@type":"EntryPoint","urlTemplate":"https:\/\/www.analoggwerz.com\/?s={search_term_string}"},"query-input":{"@type":"PropertyValueSpecification","valueRequired":true,"valueName":"search_term_string"}}],"inLanguage":"en-US"},{"@type":"Organization","@id":"https:\/\/www.analoggwerz.com\/#organization","name":"Analog Gwerz","url":"https:\/\/www.analoggwerz.com\/","logo":{"@type":"ImageObject","inLanguage":"en-US","@id":"https:\/\/www.analoggwerz.com\/#\/schema\/logo\/image\/","url":"https:\/\/www.analoggwerz.com\/wp-content\/uploads\/2025\/10\/000-LOGO-ANALOG-GWERZ-NOIR-1.png","contentUrl":"https:\/\/www.analoggwerz.com\/wp-content\/uploads\/2025\/10\/000-LOGO-ANALOG-GWERZ-NOIR-1.png","width":800,"height":407,"caption":"Analog Gwerz"},"image":{"@id":"https:\/\/www.analoggwerz.com\/#\/schema\/logo\/image\/"},"sameAs":["https:\/\/www.instagram.com\/analog_gwerz\/","https:\/\/www.tiktok.com\/@analog_gwerz"]}]}},"jetpack_sharing_enabled":true,"_links":{"self":[{"href":"https:\/\/www.analoggwerz.com\/en\/wp-json\/wp\/v2\/product\/8443","targetHints":{"allow":["GET"]}}],"collection":[{"href":"https:\/\/www.analoggwerz.com\/en\/wp-json\/wp\/v2\/product"}],"about":[{"href":"https:\/\/www.analoggwerz.com\/en\/wp-json\/wp\/v2\/types\/product"}],"wp:featuredmedia":[{"embeddable":true,"href":"https:\/\/www.analoggwerz.com\/en\/wp-json\/wp\/v2\/media\/8441"}],"wp:attachment":[{"href":"https:\/\/www.analoggwerz.com\/en\/wp-json\/wp\/v2\/media?parent=8443"}],"wp:term":[{"taxonomy":"product_brand","embeddable":true,"href":"https:\/\/www.analoggwerz.com\/en\/wp-json\/wp\/v2\/product_brand?post=8443"},{"taxonomy":"product_cat","embeddable":true,"href":"https:\/\/www.analoggwerz.com\/en\/wp-json\/wp\/v2\/product_cat?post=8443"},{"taxonomy":"product_tag","embeddable":true,"href":"https:\/\/www.analoggwerz.com\/en\/wp-json\/wp\/v2\/product_tag?post=8443"}],"curies":[{"name":"wp","href":"https:\/\/api.w.org\/{rel}","templated":true}]}}