{"id":8436,"date":"2025-09-30T18:11:06","date_gmt":"2025-09-30T18:11:06","guid":{"rendered":"https:\/\/www.analoggwerz.com\/produit\/minolta-riva-zoom-115\/"},"modified":"2025-10-31T21:54:54","modified_gmt":"2025-10-31T21:54:54","slug":"minolta-riva-zoom-115","status":"publish","type":"product","link":"https:\/\/www.analoggwerz.com\/en\/product\/minolta-riva-zoom-115\/","title":{"rendered":"Minolta Riva Zoom 115 &#8211; baige"},"content":{"rendered":"<p>\ud83d\udcf8 N\u2019h\u00e9sitez pas \u00e0 vous abonner \u00e0 mon Instagram (@analog_gwerz) si vous aimez la photo et les appareils.<\/p>\n<p>Minolta Riva Zoom 115 \u2013 Compact argentique autofocus<\/p>\n<p>\u26a0\ufe0f petite tache sur l\u2019\u00e9cran qui ne g\u00eane pas l\u2019utilisation<\/p>\n<p>Le Minolta Riva Zoom 115 est un compact argentique 35mm \u00e9l\u00e9gant et polyvalent, \u00e9quip\u00e9 d\u2019un zoom de qualit\u00e9 et d\u2019un autofocus performant. Son design compact en fait un appareil pratique \u00e0 emporter partout, tout en offrant des clich\u00e9s nets et bien expos\u00e9s.<\/p>\n<p>Caract\u00e9ristiques techniques :<\/p>\n<p>\u2022\tAppareil photo argentique 35mm<\/p>\n<p>\u2022\tObjectif int\u00e9gr\u00e9 Minolta 37,5\u2013115mm f\/3,6\u20138,7 (zoom 3x)<\/p>\n<p>\u2022\tAutofocus multi-zones rapide et pr\u00e9cis<\/p>\n<p>\u2022\tFlash int\u00e9gr\u00e9 avec modes automatiques<\/p>\n<p>\u2022\tRetardateur int\u00e9gr\u00e9<\/p>\n<p>\u2022\tChargement et avance du film automatiques<\/p>\n<p>\u2022\tBo\u00eetier compact et l\u00e9ger, finition argent\u00e9e<\/p>\n<p>\u00c9tat :<\/p>\n<p>En tr\u00e8s bon \u00e9tat esth\u00e9tique et fonctionnel, fourni avec sa housse d\u2019origine et la bo\u00eete.<\/p>\n<p>Accessoires fournis :<\/p>\n<p>\u2022\tHousse de protection<\/p>\n<p>\u2022\tBo\u00eete d\u2019origine<\/p>\n<p>\ud83d\udcf8 Les photos de l\u2019annonce montrent l\u2019appareil r\u00e9el mis en vente.<\/p>\n<p>\ud83d\udca1 Appareil test\u00e9 et fonctionnel. Fonctionne avec une pile CR123A (non fournie).<\/p>","protected":false},"excerpt":{"rendered":"<p>\ud83d\udcf8 N\u2019h\u00e9sitez pas \u00e0 vous abonner \u00e0 mon Instagram (@analog_gwerz) si vous aimez la photo et les appareils. Minolta Riva Zoom 115 \u2013 Compact argentique autofocus \u26a0\ufe0f petite tache sur l\u2019\u00e9cran qui ne g\u00eane pas l\u2019utilisation Le Minolta Riva Zoom 115 est un compact argentique 35mm \u00e9l\u00e9gant et polyvalent, \u00e9quip\u00e9 d\u2019un zoom de qualit\u00e9 et [&hellip;]<\/p>\n","protected":false},"featured_media":8432,"template":"","meta":[],"product_brand":[],"product_cat":[118,29,111],"product_tag":[],"class_list":{"0":"post-8436","1":"product","2":"type-product","3":"status-publish","4":"has-post-thumbnail","6":"product_cat-appareils-photo","7":"product_cat-argentiques-35mm","8":"product_cat-compacts-argentiques","9":"pa_marque-minolta","11":"first","12":"instock","13":"purchasable","14":"product-type-simple"},"yoast_head":"<!-- This site is optimized with the Yoast SEO plugin v27.5 - https:\/\/yoast.com\/product\/yoast-seo-wordpress\/ -->\n<title>Minolta Riva Zoom 115 - baige est disponible sur la boutique !<\/title>\n<meta name=\"description\" content=\"Cliquez ici pour d\u00e9couvrir Minolta Riva Zoom 115 - baige sur la boutique.\" \/>\n<meta name=\"robots\" content=\"index, follow, max-snippet:-1, max-image-preview:large, max-video-preview:-1\" \/>\n<link rel=\"canonical\" href=\"https:\/\/www.analoggwerz.com\/en\/product\/minolta-riva-zoom-115\/\" \/>\n<meta property=\"og:locale\" content=\"en_US\" \/>\n<meta property=\"og:type\" content=\"article\" \/>\n<meta property=\"og:title\" content=\"Minolta Riva Zoom 115 - baige est disponible sur la boutique !\" \/>\n<meta property=\"og:description\" content=\"Cliquez ici pour d\u00e9couvrir Minolta Riva Zoom 115 - baige sur la boutique.\" \/>\n<meta property=\"og:url\" content=\"https:\/\/www.analoggwerz.com\/en\/product\/minolta-riva-zoom-115\/\" \/>\n<meta property=\"og:site_name\" content=\"Analog Gwerz\" \/>\n<meta property=\"article:modified_time\" content=\"2025-10-31T21:54:54+00:00\" \/>\n<meta property=\"og:image\" content=\"https:\/\/www.analoggwerz.com\/wp-content\/uploads\/2025\/09\/img_4690-scaled.jpeg\" \/>\n\t<meta property=\"og:image:width\" content=\"2560\" \/>\n\t<meta property=\"og:image:height\" content=\"1920\" \/>\n\t<meta property=\"og:image:type\" content=\"image\/jpeg\" \/>\n<meta name=\"twitter:card\" content=\"summary_large_image\" \/>\n<meta name=\"twitter:label1\" content=\"Est. reading time\" \/>\n\t<meta name=\"twitter:data1\" content=\"1 minute\" \/>\n<script type=\"application\/ld+json\" class=\"yoast-schema-graph\">{\"@context\":\"https:\\\/\\\/schema.org\",\"@graph\":[{\"@type\":\"WebPage\",\"@id\":\"https:\\\/\\\/www.analoggwerz.com\\\/produit\\\/minolta-riva-zoom-115\\\/\",\"url\":\"https:\\\/\\\/www.analoggwerz.com\\\/produit\\\/minolta-riva-zoom-115\\\/\",\"name\":\"Minolta Riva Zoom 115 - baige est disponible sur la boutique !\",\"isPartOf\":{\"@id\":\"https:\\\/\\\/www.analoggwerz.com\\\/#website\"},\"primaryImageOfPage\":{\"@id\":\"https:\\\/\\\/www.analoggwerz.com\\\/produit\\\/minolta-riva-zoom-115\\\/#primaryimage\"},\"image\":{\"@id\":\"https:\\\/\\\/www.analoggwerz.com\\\/produit\\\/minolta-riva-zoom-115\\\/#primaryimage\"},\"thumbnailUrl\":\"https:\\\/\\\/www.analoggwerz.com\\\/wp-content\\\/uploads\\\/2025\\\/09\\\/img_4690-scaled.jpeg\",\"datePublished\":\"2025-09-30T18:11:06+00:00\",\"dateModified\":\"2025-10-31T21:54:54+00:00\",\"description\":\"Cliquez ici pour d\u00e9couvrir Minolta Riva Zoom 115 - baige sur la boutique.\",\"breadcrumb\":{\"@id\":\"https:\\\/\\\/www.analoggwerz.com\\\/produit\\\/minolta-riva-zoom-115\\\/#breadcrumb\"},\"inLanguage\":\"en-US\",\"potentialAction\":[{\"@type\":\"ReadAction\",\"target\":[\"https:\\\/\\\/www.analoggwerz.com\\\/produit\\\/minolta-riva-zoom-115\\\/\"]}]},{\"@type\":\"ImageObject\",\"inLanguage\":\"en-US\",\"@id\":\"https:\\\/\\\/www.analoggwerz.com\\\/produit\\\/minolta-riva-zoom-115\\\/#primaryimage\",\"url\":\"https:\\\/\\\/www.analoggwerz.com\\\/wp-content\\\/uploads\\\/2025\\\/09\\\/img_4690-scaled.jpeg\",\"contentUrl\":\"https:\\\/\\\/www.analoggwerz.com\\\/wp-content\\\/uploads\\\/2025\\\/09\\\/img_4690-scaled.jpeg\",\"width\":2560,\"height\":1920},{\"@type\":\"BreadcrumbList\",\"@id\":\"https:\\\/\\\/www.analoggwerz.com\\\/produit\\\/minolta-riva-zoom-115\\\/#breadcrumb\",\"itemListElement\":[{\"@type\":\"ListItem\",\"position\":1,\"name\":\"Accueil\",\"item\":\"https:\\\/\\\/www.analoggwerz.com\\\/\"},{\"@type\":\"ListItem\",\"position\":2,\"name\":\"Boutique\",\"item\":\"https:\\\/\\\/www.analoggwerz.com\\\/shop\\\/\"},{\"@type\":\"ListItem\",\"position\":3,\"name\":\"Minolta Riva Zoom 115 &#8211; baige\"}]},{\"@type\":\"WebSite\",\"@id\":\"https:\\\/\\\/www.analoggwerz.com\\\/#website\",\"url\":\"https:\\\/\\\/www.analoggwerz.com\\\/\",\"name\":\"Analog Gwerz\",\"description\":\"Pas besoin de neuf pour capturer l&#039;instant !\",\"publisher\":{\"@id\":\"https:\\\/\\\/www.analoggwerz.com\\\/#organization\"},\"potentialAction\":[{\"@type\":\"SearchAction\",\"target\":{\"@type\":\"EntryPoint\",\"urlTemplate\":\"https:\\\/\\\/www.analoggwerz.com\\\/?s={search_term_string}\"},\"query-input\":{\"@type\":\"PropertyValueSpecification\",\"valueRequired\":true,\"valueName\":\"search_term_string\"}}],\"inLanguage\":\"en-US\"},{\"@type\":\"Organization\",\"@id\":\"https:\\\/\\\/www.analoggwerz.com\\\/#organization\",\"name\":\"Analog Gwerz\",\"url\":\"https:\\\/\\\/www.analoggwerz.com\\\/\",\"logo\":{\"@type\":\"ImageObject\",\"inLanguage\":\"en-US\",\"@id\":\"https:\\\/\\\/www.analoggwerz.com\\\/#\\\/schema\\\/logo\\\/image\\\/\",\"url\":\"https:\\\/\\\/www.analoggwerz.com\\\/wp-content\\\/uploads\\\/2025\\\/10\\\/000-LOGO-ANALOG-GWERZ-NOIR-1.png\",\"contentUrl\":\"https:\\\/\\\/www.analoggwerz.com\\\/wp-content\\\/uploads\\\/2025\\\/10\\\/000-LOGO-ANALOG-GWERZ-NOIR-1.png\",\"width\":800,\"height\":407,\"caption\":\"Analog Gwerz\"},\"image\":{\"@id\":\"https:\\\/\\\/www.analoggwerz.com\\\/#\\\/schema\\\/logo\\\/image\\\/\"},\"sameAs\":[\"https:\\\/\\\/www.instagram.com\\\/analog_gwerz\\\/\",\"https:\\\/\\\/www.tiktok.com\\\/@analog_gwerz\"]}]}<\/script>\n<!-- \/ Yoast SEO plugin. -->","yoast_head_json":{"title":"Minolta Riva Zoom 115 - baige est disponible sur la boutique !","description":"Cliquez ici pour d\u00e9couvrir Minolta Riva Zoom 115 - baige sur la boutique.","robots":{"index":"index","follow":"follow","max-snippet":"max-snippet:-1","max-image-preview":"max-image-preview:large","max-video-preview":"max-video-preview:-1"},"canonical":"https:\/\/www.analoggwerz.com\/en\/product\/minolta-riva-zoom-115\/","og_locale":"en_US","og_type":"article","og_title":"Minolta Riva Zoom 115 - baige est disponible sur la boutique !","og_description":"Cliquez ici pour d\u00e9couvrir Minolta Riva Zoom 115 - baige sur la boutique.","og_url":"https:\/\/www.analoggwerz.com\/en\/product\/minolta-riva-zoom-115\/","og_site_name":"Analog Gwerz","article_modified_time":"2025-10-31T21:54:54+00:00","og_image":[{"width":2560,"height":1920,"url":"https:\/\/www.analoggwerz.com\/wp-content\/uploads\/2025\/09\/img_4690-scaled.jpeg","type":"image\/jpeg"}],"twitter_card":"summary_large_image","twitter_misc":{"Est. reading time":"1 minute"},"schema":{"@context":"https:\/\/schema.org","@graph":[{"@type":"WebPage","@id":"https:\/\/www.analoggwerz.com\/produit\/minolta-riva-zoom-115\/","url":"https:\/\/www.analoggwerz.com\/produit\/minolta-riva-zoom-115\/","name":"Minolta Riva Zoom 115 - baige est disponible sur la boutique !","isPartOf":{"@id":"https:\/\/www.analoggwerz.com\/#website"},"primaryImageOfPage":{"@id":"https:\/\/www.analoggwerz.com\/produit\/minolta-riva-zoom-115\/#primaryimage"},"image":{"@id":"https:\/\/www.analoggwerz.com\/produit\/minolta-riva-zoom-115\/#primaryimage"},"thumbnailUrl":"https:\/\/www.analoggwerz.com\/wp-content\/uploads\/2025\/09\/img_4690-scaled.jpeg","datePublished":"2025-09-30T18:11:06+00:00","dateModified":"2025-10-31T21:54:54+00:00","description":"Cliquez ici pour d\u00e9couvrir Minolta Riva Zoom 115 - baige sur la boutique.","breadcrumb":{"@id":"https:\/\/www.analoggwerz.com\/produit\/minolta-riva-zoom-115\/#breadcrumb"},"inLanguage":"en-US","potentialAction":[{"@type":"ReadAction","target":["https:\/\/www.analoggwerz.com\/produit\/minolta-riva-zoom-115\/"]}]},{"@type":"ImageObject","inLanguage":"en-US","@id":"https:\/\/www.analoggwerz.com\/produit\/minolta-riva-zoom-115\/#primaryimage","url":"https:\/\/www.analoggwerz.com\/wp-content\/uploads\/2025\/09\/img_4690-scaled.jpeg","contentUrl":"https:\/\/www.analoggwerz.com\/wp-content\/uploads\/2025\/09\/img_4690-scaled.jpeg","width":2560,"height":1920},{"@type":"BreadcrumbList","@id":"https:\/\/www.analoggwerz.com\/produit\/minolta-riva-zoom-115\/#breadcrumb","itemListElement":[{"@type":"ListItem","position":1,"name":"Accueil","item":"https:\/\/www.analoggwerz.com\/"},{"@type":"ListItem","position":2,"name":"Boutique","item":"https:\/\/www.analoggwerz.com\/shop\/"},{"@type":"ListItem","position":3,"name":"Minolta Riva Zoom 115 &#8211; baige"}]},{"@type":"WebSite","@id":"https:\/\/www.analoggwerz.com\/#website","url":"https:\/\/www.analoggwerz.com\/","name":"Analog Gwerz","description":"Pas besoin de neuf pour capturer l&#039;instant !","publisher":{"@id":"https:\/\/www.analoggwerz.com\/#organization"},"potentialAction":[{"@type":"SearchAction","target":{"@type":"EntryPoint","urlTemplate":"https:\/\/www.analoggwerz.com\/?s={search_term_string}"},"query-input":{"@type":"PropertyValueSpecification","valueRequired":true,"valueName":"search_term_string"}}],"inLanguage":"en-US"},{"@type":"Organization","@id":"https:\/\/www.analoggwerz.com\/#organization","name":"Analog Gwerz","url":"https:\/\/www.analoggwerz.com\/","logo":{"@type":"ImageObject","inLanguage":"en-US","@id":"https:\/\/www.analoggwerz.com\/#\/schema\/logo\/image\/","url":"https:\/\/www.analoggwerz.com\/wp-content\/uploads\/2025\/10\/000-LOGO-ANALOG-GWERZ-NOIR-1.png","contentUrl":"https:\/\/www.analoggwerz.com\/wp-content\/uploads\/2025\/10\/000-LOGO-ANALOG-GWERZ-NOIR-1.png","width":800,"height":407,"caption":"Analog Gwerz"},"image":{"@id":"https:\/\/www.analoggwerz.com\/#\/schema\/logo\/image\/"},"sameAs":["https:\/\/www.instagram.com\/analog_gwerz\/","https:\/\/www.tiktok.com\/@analog_gwerz"]}]}},"jetpack_sharing_enabled":true,"_links":{"self":[{"href":"https:\/\/www.analoggwerz.com\/en\/wp-json\/wp\/v2\/product\/8436","targetHints":{"allow":["GET"]}}],"collection":[{"href":"https:\/\/www.analoggwerz.com\/en\/wp-json\/wp\/v2\/product"}],"about":[{"href":"https:\/\/www.analoggwerz.com\/en\/wp-json\/wp\/v2\/types\/product"}],"wp:featuredmedia":[{"embeddable":true,"href":"https:\/\/www.analoggwerz.com\/en\/wp-json\/wp\/v2\/media\/8432"}],"wp:attachment":[{"href":"https:\/\/www.analoggwerz.com\/en\/wp-json\/wp\/v2\/media?parent=8436"}],"wp:term":[{"taxonomy":"product_brand","embeddable":true,"href":"https:\/\/www.analoggwerz.com\/en\/wp-json\/wp\/v2\/product_brand?post=8436"},{"taxonomy":"product_cat","embeddable":true,"href":"https:\/\/www.analoggwerz.com\/en\/wp-json\/wp\/v2\/product_cat?post=8436"},{"taxonomy":"product_tag","embeddable":true,"href":"https:\/\/www.analoggwerz.com\/en\/wp-json\/wp\/v2\/product_tag?post=8436"}],"curies":[{"name":"wp","href":"https:\/\/api.w.org\/{rel}","templated":true}]}}