{"id":8402,"date":"2025-09-28T15:43:21","date_gmt":"2025-09-28T15:43:21","guid":{"rendered":"https:\/\/www.analoggwerz.com\/produit\/objectif-tamron-af-70-300mm-f-4-5-6-di-ld-macro-12-monture-pentax-k\/"},"modified":"2026-02-21T12:43:49","modified_gmt":"2026-02-21T12:43:49","slug":"objectif-tamron-af-70-300mm-f-4-5-6-di-ld-macro-12-monture-pentax-k","status":"publish","type":"product","link":"https:\/\/www.analoggwerz.com\/en\/product\/objectif-tamron-af-70-300mm-f-4-5-6-di-ld-macro-12-monture-pentax-k\/","title":{"rendered":"Objectif Tamron AF 70-300mm f\/4-5.6 Di LD Macro 1:2 \u2013 Monture Pentax K &#8211; Noir"},"content":{"rendered":"<p>\ud83d\udcf8 N\u2019h\u00e9sitez pas \u00e0 vous abonner \u00e0 mon Instagram (@analog_gwerz) si vous aimez la photo et les appareils.<\/p>\n<p>Objectif Tamron AF 70-300mm f\/4-5.6 Di LD Macro 1:2 \u2013 Monture Pentax K<\/p>\n<p>Un t\u00e9l\u00e9objectif polyvalent id\u00e9al pour explorer la photo animali\u00e8re, sportive ou encore les portraits \u00e0 longue focale. Compatible avec les reflex Pentax \u00e0 monture K (comme le Pentax K20D), il offre une belle plage focale et un mode macro int\u00e9gr\u00e9 pour s\u2019approcher de vos sujets avec pr\u00e9cision.<\/p>\n<p>Caract\u00e9ristiques techniques :<\/p>\n<p>Focale : 70-300 mm<\/p>\n<p>Ouverture : f\/4-5.6<\/p>\n<p>Mode Macro (rapport 1:2) entre 180 et 300 mm<\/p>\n<p>Monture : Pentax K<\/p>\n<p>Mise au point : Autofocus et manuel<\/p>\n<p>Pare-soleil inclus<\/p>\n<p>Filtre 62 mm<\/p>\n<p>\u00c9tat :<\/p>\n<p>L\u2019objectif est en bon \u00e9tat esth\u00e9tique et fonctionnel. Les lentilles pr\u00e9sentent de l\u00e9g\u00e8res traces visibles mais qui n\u2019impactent pas les photos. La bague de zoom et la mise au point sont fluides.<\/p>\n<p>Accessoires fournis :<\/p>\n<p>Pare-soleil<\/p>\n<p>Bouchons avant et arri\u00e8re<\/p>\n<p>\u2705 Photos contractuelles, l\u2019objectif vendu est bien celui des images.<\/p>","protected":false},"excerpt":{"rendered":"<p>\ud83d\udcf8 N\u2019h\u00e9sitez pas \u00e0 vous abonner \u00e0 mon Instagram (@analog_gwerz) si vous aimez la photo et les appareils. Objectif Tamron AF 70-300mm f\/4-5.6 Di LD Macro 1:2 \u2013 Monture Pentax K Un t\u00e9l\u00e9objectif polyvalent id\u00e9al pour explorer la photo animali\u00e8re, sportive ou encore les portraits \u00e0 longue focale. Compatible avec les reflex Pentax \u00e0 monture [&hellip;]<\/p>\n","protected":false},"featured_media":8401,"template":"","meta":[],"product_brand":[],"product_cat":[57,175,176],"product_tag":[],"class_list":{"0":"post-8402","1":"product","2":"type-product","3":"status-publish","4":"has-post-thumbnail","6":"product_cat-objectifs","7":"product_cat-objectifs-a-zoom","8":"product_cat-teleobjectifs","9":"pa_couleur-noir","10":"pa_marque-pentax","12":"first","13":"outofstock","14":"purchasable","15":"product-type-simple"},"yoast_head":"<!-- This site is optimized with the Yoast SEO plugin v27.5 - https:\/\/yoast.com\/product\/yoast-seo-wordpress\/ -->\n<title>Objectif Tamron AF 70-300mm f\/4-5.6 Di LD Macro 1:2 \u2013 Monture Pentax K - Noir est disponible sur la boutique !<\/title>\n<meta name=\"description\" content=\"Cliquez ici pour d\u00e9couvrir Objectif Tamron AF 70-300mm f\/4-5.6 Di LD Macro 1:2 \u2013 Monture Pentax K - Noir sur la boutique.\" \/>\n<meta name=\"robots\" content=\"index, follow, max-snippet:-1, max-image-preview:large, max-video-preview:-1\" \/>\n<link rel=\"canonical\" href=\"https:\/\/www.analoggwerz.com\/en\/product\/objectif-tamron-af-70-300mm-f-4-5-6-di-ld-macro-12-monture-pentax-k\/\" \/>\n<meta property=\"og:locale\" content=\"en_US\" \/>\n<meta property=\"og:type\" content=\"article\" \/>\n<meta property=\"og:title\" content=\"Objectif Tamron AF 70-300mm f\/4-5.6 Di LD Macro 1:2 \u2013 Monture Pentax K - Noir est disponible sur la boutique !\" \/>\n<meta property=\"og:description\" content=\"Cliquez ici pour d\u00e9couvrir Objectif Tamron AF 70-300mm f\/4-5.6 Di LD Macro 1:2 \u2013 Monture Pentax K - Noir sur la boutique.\" \/>\n<meta property=\"og:url\" content=\"https:\/\/www.analoggwerz.com\/en\/product\/objectif-tamron-af-70-300mm-f-4-5-6-di-ld-macro-12-monture-pentax-k\/\" \/>\n<meta property=\"og:site_name\" content=\"Analog Gwerz\" \/>\n<meta property=\"article:modified_time\" content=\"2026-02-21T12:43:49+00:00\" \/>\n<meta property=\"og:image\" content=\"https:\/\/www.analoggwerz.com\/wp-content\/uploads\/2025\/09\/img_4611-scaled.jpeg\" \/>\n\t<meta property=\"og:image:width\" content=\"2560\" \/>\n\t<meta property=\"og:image:height\" content=\"1920\" \/>\n\t<meta property=\"og:image:type\" content=\"image\/jpeg\" \/>\n<meta name=\"twitter:card\" content=\"summary_large_image\" \/>\n<meta name=\"twitter:label1\" content=\"Est. reading time\" \/>\n\t<meta name=\"twitter:data1\" content=\"1 minute\" \/>\n<script type=\"application\/ld+json\" class=\"yoast-schema-graph\">{\"@context\":\"https:\\\/\\\/schema.org\",\"@graph\":[{\"@type\":\"WebPage\",\"@id\":\"https:\\\/\\\/www.analoggwerz.com\\\/produit\\\/objectif-tamron-af-70-300mm-f-4-5-6-di-ld-macro-12-monture-pentax-k\\\/\",\"url\":\"https:\\\/\\\/www.analoggwerz.com\\\/produit\\\/objectif-tamron-af-70-300mm-f-4-5-6-di-ld-macro-12-monture-pentax-k\\\/\",\"name\":\"Objectif Tamron AF 70-300mm f\\\/4-5.6 Di LD Macro 1:2 \u2013 Monture Pentax K - Noir est disponible sur la boutique !\",\"isPartOf\":{\"@id\":\"https:\\\/\\\/www.analoggwerz.com\\\/#website\"},\"primaryImageOfPage\":{\"@id\":\"https:\\\/\\\/www.analoggwerz.com\\\/produit\\\/objectif-tamron-af-70-300mm-f-4-5-6-di-ld-macro-12-monture-pentax-k\\\/#primaryimage\"},\"image\":{\"@id\":\"https:\\\/\\\/www.analoggwerz.com\\\/produit\\\/objectif-tamron-af-70-300mm-f-4-5-6-di-ld-macro-12-monture-pentax-k\\\/#primaryimage\"},\"thumbnailUrl\":\"https:\\\/\\\/www.analoggwerz.com\\\/wp-content\\\/uploads\\\/2025\\\/09\\\/img_4611-scaled.jpeg\",\"datePublished\":\"2025-09-28T15:43:21+00:00\",\"dateModified\":\"2026-02-21T12:43:49+00:00\",\"description\":\"Cliquez ici pour d\u00e9couvrir Objectif Tamron AF 70-300mm f\\\/4-5.6 Di LD Macro 1:2 \u2013 Monture Pentax K - Noir sur la boutique.\",\"breadcrumb\":{\"@id\":\"https:\\\/\\\/www.analoggwerz.com\\\/produit\\\/objectif-tamron-af-70-300mm-f-4-5-6-di-ld-macro-12-monture-pentax-k\\\/#breadcrumb\"},\"inLanguage\":\"en-US\",\"potentialAction\":[{\"@type\":\"ReadAction\",\"target\":[\"https:\\\/\\\/www.analoggwerz.com\\\/produit\\\/objectif-tamron-af-70-300mm-f-4-5-6-di-ld-macro-12-monture-pentax-k\\\/\"]}]},{\"@type\":\"ImageObject\",\"inLanguage\":\"en-US\",\"@id\":\"https:\\\/\\\/www.analoggwerz.com\\\/produit\\\/objectif-tamron-af-70-300mm-f-4-5-6-di-ld-macro-12-monture-pentax-k\\\/#primaryimage\",\"url\":\"https:\\\/\\\/www.analoggwerz.com\\\/wp-content\\\/uploads\\\/2025\\\/09\\\/img_4611-scaled.jpeg\",\"contentUrl\":\"https:\\\/\\\/www.analoggwerz.com\\\/wp-content\\\/uploads\\\/2025\\\/09\\\/img_4611-scaled.jpeg\",\"width\":2560,\"height\":1920},{\"@type\":\"BreadcrumbList\",\"@id\":\"https:\\\/\\\/www.analoggwerz.com\\\/produit\\\/objectif-tamron-af-70-300mm-f-4-5-6-di-ld-macro-12-monture-pentax-k\\\/#breadcrumb\",\"itemListElement\":[{\"@type\":\"ListItem\",\"position\":1,\"name\":\"Accueil\",\"item\":\"https:\\\/\\\/www.analoggwerz.com\\\/\"},{\"@type\":\"ListItem\",\"position\":2,\"name\":\"Boutique\",\"item\":\"https:\\\/\\\/www.analoggwerz.com\\\/shop\\\/\"},{\"@type\":\"ListItem\",\"position\":3,\"name\":\"Objectif Tamron AF 70-300mm f\\\/4-5.6 Di LD Macro 1:2 \u2013 Monture Pentax K &#8211; Noir\"}]},{\"@type\":\"WebSite\",\"@id\":\"https:\\\/\\\/www.analoggwerz.com\\\/#website\",\"url\":\"https:\\\/\\\/www.analoggwerz.com\\\/\",\"name\":\"Analog Gwerz\",\"description\":\"Pas besoin de neuf pour capturer l&#039;instant !\",\"publisher\":{\"@id\":\"https:\\\/\\\/www.analoggwerz.com\\\/#organization\"},\"potentialAction\":[{\"@type\":\"SearchAction\",\"target\":{\"@type\":\"EntryPoint\",\"urlTemplate\":\"https:\\\/\\\/www.analoggwerz.com\\\/?s={search_term_string}\"},\"query-input\":{\"@type\":\"PropertyValueSpecification\",\"valueRequired\":true,\"valueName\":\"search_term_string\"}}],\"inLanguage\":\"en-US\"},{\"@type\":\"Organization\",\"@id\":\"https:\\\/\\\/www.analoggwerz.com\\\/#organization\",\"name\":\"Analog Gwerz\",\"url\":\"https:\\\/\\\/www.analoggwerz.com\\\/\",\"logo\":{\"@type\":\"ImageObject\",\"inLanguage\":\"en-US\",\"@id\":\"https:\\\/\\\/www.analoggwerz.com\\\/#\\\/schema\\\/logo\\\/image\\\/\",\"url\":\"https:\\\/\\\/www.analoggwerz.com\\\/wp-content\\\/uploads\\\/2025\\\/10\\\/000-LOGO-ANALOG-GWERZ-NOIR-1.png\",\"contentUrl\":\"https:\\\/\\\/www.analoggwerz.com\\\/wp-content\\\/uploads\\\/2025\\\/10\\\/000-LOGO-ANALOG-GWERZ-NOIR-1.png\",\"width\":800,\"height\":407,\"caption\":\"Analog Gwerz\"},\"image\":{\"@id\":\"https:\\\/\\\/www.analoggwerz.com\\\/#\\\/schema\\\/logo\\\/image\\\/\"},\"sameAs\":[\"https:\\\/\\\/www.instagram.com\\\/analog_gwerz\\\/\",\"https:\\\/\\\/www.tiktok.com\\\/@analog_gwerz\"]}]}<\/script>\n<!-- \/ Yoast SEO plugin. -->","yoast_head_json":{"title":"Objectif Tamron AF 70-300mm f\/4-5.6 Di LD Macro 1:2 \u2013 Monture Pentax K - Noir est disponible sur la boutique !","description":"Cliquez ici pour d\u00e9couvrir Objectif Tamron AF 70-300mm f\/4-5.6 Di LD Macro 1:2 \u2013 Monture Pentax K - Noir sur la boutique.","robots":{"index":"index","follow":"follow","max-snippet":"max-snippet:-1","max-image-preview":"max-image-preview:large","max-video-preview":"max-video-preview:-1"},"canonical":"https:\/\/www.analoggwerz.com\/en\/product\/objectif-tamron-af-70-300mm-f-4-5-6-di-ld-macro-12-monture-pentax-k\/","og_locale":"en_US","og_type":"article","og_title":"Objectif Tamron AF 70-300mm f\/4-5.6 Di LD Macro 1:2 \u2013 Monture Pentax K - Noir est disponible sur la boutique !","og_description":"Cliquez ici pour d\u00e9couvrir Objectif Tamron AF 70-300mm f\/4-5.6 Di LD Macro 1:2 \u2013 Monture Pentax K - Noir sur la boutique.","og_url":"https:\/\/www.analoggwerz.com\/en\/product\/objectif-tamron-af-70-300mm-f-4-5-6-di-ld-macro-12-monture-pentax-k\/","og_site_name":"Analog Gwerz","article_modified_time":"2026-02-21T12:43:49+00:00","og_image":[{"width":2560,"height":1920,"url":"https:\/\/www.analoggwerz.com\/wp-content\/uploads\/2025\/09\/img_4611-scaled.jpeg","type":"image\/jpeg"}],"twitter_card":"summary_large_image","twitter_misc":{"Est. reading time":"1 minute"},"schema":{"@context":"https:\/\/schema.org","@graph":[{"@type":"WebPage","@id":"https:\/\/www.analoggwerz.com\/produit\/objectif-tamron-af-70-300mm-f-4-5-6-di-ld-macro-12-monture-pentax-k\/","url":"https:\/\/www.analoggwerz.com\/produit\/objectif-tamron-af-70-300mm-f-4-5-6-di-ld-macro-12-monture-pentax-k\/","name":"Objectif Tamron AF 70-300mm f\/4-5.6 Di LD Macro 1:2 \u2013 Monture Pentax K - Noir est disponible sur la boutique !","isPartOf":{"@id":"https:\/\/www.analoggwerz.com\/#website"},"primaryImageOfPage":{"@id":"https:\/\/www.analoggwerz.com\/produit\/objectif-tamron-af-70-300mm-f-4-5-6-di-ld-macro-12-monture-pentax-k\/#primaryimage"},"image":{"@id":"https:\/\/www.analoggwerz.com\/produit\/objectif-tamron-af-70-300mm-f-4-5-6-di-ld-macro-12-monture-pentax-k\/#primaryimage"},"thumbnailUrl":"https:\/\/www.analoggwerz.com\/wp-content\/uploads\/2025\/09\/img_4611-scaled.jpeg","datePublished":"2025-09-28T15:43:21+00:00","dateModified":"2026-02-21T12:43:49+00:00","description":"Cliquez ici pour d\u00e9couvrir Objectif Tamron AF 70-300mm f\/4-5.6 Di LD Macro 1:2 \u2013 Monture Pentax K - Noir sur la boutique.","breadcrumb":{"@id":"https:\/\/www.analoggwerz.com\/produit\/objectif-tamron-af-70-300mm-f-4-5-6-di-ld-macro-12-monture-pentax-k\/#breadcrumb"},"inLanguage":"en-US","potentialAction":[{"@type":"ReadAction","target":["https:\/\/www.analoggwerz.com\/produit\/objectif-tamron-af-70-300mm-f-4-5-6-di-ld-macro-12-monture-pentax-k\/"]}]},{"@type":"ImageObject","inLanguage":"en-US","@id":"https:\/\/www.analoggwerz.com\/produit\/objectif-tamron-af-70-300mm-f-4-5-6-di-ld-macro-12-monture-pentax-k\/#primaryimage","url":"https:\/\/www.analoggwerz.com\/wp-content\/uploads\/2025\/09\/img_4611-scaled.jpeg","contentUrl":"https:\/\/www.analoggwerz.com\/wp-content\/uploads\/2025\/09\/img_4611-scaled.jpeg","width":2560,"height":1920},{"@type":"BreadcrumbList","@id":"https:\/\/www.analoggwerz.com\/produit\/objectif-tamron-af-70-300mm-f-4-5-6-di-ld-macro-12-monture-pentax-k\/#breadcrumb","itemListElement":[{"@type":"ListItem","position":1,"name":"Accueil","item":"https:\/\/www.analoggwerz.com\/"},{"@type":"ListItem","position":2,"name":"Boutique","item":"https:\/\/www.analoggwerz.com\/shop\/"},{"@type":"ListItem","position":3,"name":"Objectif Tamron AF 70-300mm f\/4-5.6 Di LD Macro 1:2 \u2013 Monture Pentax K &#8211; Noir"}]},{"@type":"WebSite","@id":"https:\/\/www.analoggwerz.com\/#website","url":"https:\/\/www.analoggwerz.com\/","name":"Analog Gwerz","description":"Pas besoin de neuf pour capturer l&#039;instant !","publisher":{"@id":"https:\/\/www.analoggwerz.com\/#organization"},"potentialAction":[{"@type":"SearchAction","target":{"@type":"EntryPoint","urlTemplate":"https:\/\/www.analoggwerz.com\/?s={search_term_string}"},"query-input":{"@type":"PropertyValueSpecification","valueRequired":true,"valueName":"search_term_string"}}],"inLanguage":"en-US"},{"@type":"Organization","@id":"https:\/\/www.analoggwerz.com\/#organization","name":"Analog Gwerz","url":"https:\/\/www.analoggwerz.com\/","logo":{"@type":"ImageObject","inLanguage":"en-US","@id":"https:\/\/www.analoggwerz.com\/#\/schema\/logo\/image\/","url":"https:\/\/www.analoggwerz.com\/wp-content\/uploads\/2025\/10\/000-LOGO-ANALOG-GWERZ-NOIR-1.png","contentUrl":"https:\/\/www.analoggwerz.com\/wp-content\/uploads\/2025\/10\/000-LOGO-ANALOG-GWERZ-NOIR-1.png","width":800,"height":407,"caption":"Analog Gwerz"},"image":{"@id":"https:\/\/www.analoggwerz.com\/#\/schema\/logo\/image\/"},"sameAs":["https:\/\/www.instagram.com\/analog_gwerz\/","https:\/\/www.tiktok.com\/@analog_gwerz"]}]}},"jetpack_sharing_enabled":true,"_links":{"self":[{"href":"https:\/\/www.analoggwerz.com\/en\/wp-json\/wp\/v2\/product\/8402","targetHints":{"allow":["GET"]}}],"collection":[{"href":"https:\/\/www.analoggwerz.com\/en\/wp-json\/wp\/v2\/product"}],"about":[{"href":"https:\/\/www.analoggwerz.com\/en\/wp-json\/wp\/v2\/types\/product"}],"wp:featuredmedia":[{"embeddable":true,"href":"https:\/\/www.analoggwerz.com\/en\/wp-json\/wp\/v2\/media\/8401"}],"wp:attachment":[{"href":"https:\/\/www.analoggwerz.com\/en\/wp-json\/wp\/v2\/media?parent=8402"}],"wp:term":[{"taxonomy":"product_brand","embeddable":true,"href":"https:\/\/www.analoggwerz.com\/en\/wp-json\/wp\/v2\/product_brand?post=8402"},{"taxonomy":"product_cat","embeddable":true,"href":"https:\/\/www.analoggwerz.com\/en\/wp-json\/wp\/v2\/product_cat?post=8402"},{"taxonomy":"product_tag","embeddable":true,"href":"https:\/\/www.analoggwerz.com\/en\/wp-json\/wp\/v2\/product_tag?post=8402"}],"curies":[{"name":"wp","href":"https:\/\/api.w.org\/{rel}","templated":true}]}}