{"id":8382,"date":"2025-09-28T15:31:34","date_gmt":"2025-09-28T15:31:34","guid":{"rendered":"https:\/\/www.analoggwerz.com\/produit\/pare-soleil-caoutchouc-55mm-filetage-vissable\/"},"modified":"2025-10-31T21:54:54","modified_gmt":"2025-10-31T21:54:54","slug":"pare-soleil-caoutchouc-55mm-filetage-vissable","status":"publish","type":"product","link":"https:\/\/www.analoggwerz.com\/en\/product\/pare-soleil-caoutchouc-55mm-filetage-vissable\/","title":{"rendered":"Pare-soleil caoutchouc 55mm \u2013 Filetage vissable"},"content":{"rendered":"<p>\ud83d\udcf8 N\u2019h\u00e9sitez pas \u00e0 vous abonner \u00e0 mon Instagram (@analog_gwerz) si vous aimez la photo et les appareils.<\/p>\n<p>Pare-soleil caoutchouc 55mm \u2013 Filetage vissable<\/p>\n<p>Pare-soleil en caoutchouc souple, compatible avec tous les objectifs disposant d\u2019un filetage 55mm.<\/p>\n<p>Il permet de r\u00e9duire efficacement les reflets parasites et le flare, tout en am\u00e9liorant le contraste et la saturation des images.<\/p>\n<p>\u2714\ufe0f Filetage vissable 55mm<\/p>\n<p>\u2714\ufe0f Mod\u00e8le repliable (plusieurs positions possibles) pour s\u2019adapter \u00e0 vos besoins<\/p>\n<p>\u2714\ufe0f L\u00e9ger et flexible, facile \u00e0 transporter<\/p>\n<p>\u2714\ufe0f Compatible argentique et num\u00e9rique<\/p>\n<p>\ud83d\udca1 Id\u00e9al pour prot\u00e9ger la lentille frontale tout en optimisant la qualit\u00e9 d\u2019image.<\/p>\n<p>\ud83d\udcf7 Les photos montrent le produit r\u00e9el.<\/p>","protected":false},"excerpt":{"rendered":"<p>\ud83d\udcf8 N\u2019h\u00e9sitez pas \u00e0 vous abonner \u00e0 mon Instagram (@analog_gwerz) si vous aimez la photo et les appareils. Pare-soleil caoutchouc 55mm \u2013 Filetage vissable Pare-soleil en caoutchouc souple, compatible avec tous les objectifs disposant d\u2019un filetage 55mm. Il permet de r\u00e9duire efficacement les reflets parasites et le flare, tout en am\u00e9liorant le contraste et la [&hellip;]<\/p>\n","protected":false},"featured_media":8381,"template":"","meta":[],"product_brand":[],"product_cat":[55,167,170],"product_tag":[],"class_list":{"0":"post-8382","1":"product","2":"type-product","3":"status-publish","4":"has-post-thumbnail","6":"product_cat-accessoires","7":"product_cat-accessoires-pour-objectifs","8":"product_cat-pare-soleil","10":"first","11":"outofstock","12":"purchasable","13":"product-type-simple"},"yoast_head":"<!-- This site is optimized with the Yoast SEO plugin v27.5 - https:\/\/yoast.com\/product\/yoast-seo-wordpress\/ -->\n<title>Pare-soleil caoutchouc 55mm \u2013 Filetage vissable est disponible sur la boutique !<\/title>\n<meta name=\"description\" content=\"Cliquez ici pour d\u00e9couvrir Pare-soleil caoutchouc 55mm \u2013 Filetage vissable sur la boutique.\" \/>\n<meta name=\"robots\" content=\"index, follow, max-snippet:-1, max-image-preview:large, max-video-preview:-1\" \/>\n<link rel=\"canonical\" href=\"https:\/\/www.analoggwerz.com\/en\/product\/pare-soleil-caoutchouc-55mm-filetage-vissable\/\" \/>\n<meta property=\"og:locale\" content=\"en_US\" \/>\n<meta property=\"og:type\" content=\"article\" \/>\n<meta property=\"og:title\" content=\"Pare-soleil caoutchouc 55mm \u2013 Filetage vissable est disponible sur la boutique !\" \/>\n<meta property=\"og:description\" content=\"Cliquez ici pour d\u00e9couvrir Pare-soleil caoutchouc 55mm \u2013 Filetage vissable sur la boutique.\" \/>\n<meta property=\"og:url\" content=\"https:\/\/www.analoggwerz.com\/en\/product\/pare-soleil-caoutchouc-55mm-filetage-vissable\/\" \/>\n<meta property=\"og:site_name\" content=\"Analog Gwerz\" \/>\n<meta property=\"article:modified_time\" content=\"2025-10-31T21:54:54+00:00\" \/>\n<meta property=\"og:image\" content=\"https:\/\/www.analoggwerz.com\/wp-content\/uploads\/2025\/09\/img_4628-1-scaled.jpeg\" \/>\n\t<meta property=\"og:image:width\" content=\"2560\" \/>\n\t<meta property=\"og:image:height\" content=\"1920\" \/>\n\t<meta property=\"og:image:type\" content=\"image\/jpeg\" \/>\n<meta name=\"twitter:card\" content=\"summary_large_image\" \/>\n<meta name=\"twitter:label1\" content=\"Est. reading time\" \/>\n\t<meta name=\"twitter:data1\" content=\"1 minute\" \/>\n<script type=\"application\/ld+json\" class=\"yoast-schema-graph\">{\"@context\":\"https:\\\/\\\/schema.org\",\"@graph\":[{\"@type\":\"WebPage\",\"@id\":\"https:\\\/\\\/www.analoggwerz.com\\\/produit\\\/pare-soleil-caoutchouc-55mm-filetage-vissable\\\/\",\"url\":\"https:\\\/\\\/www.analoggwerz.com\\\/produit\\\/pare-soleil-caoutchouc-55mm-filetage-vissable\\\/\",\"name\":\"Pare-soleil caoutchouc 55mm \u2013 Filetage vissable est disponible sur la boutique !\",\"isPartOf\":{\"@id\":\"https:\\\/\\\/www.analoggwerz.com\\\/#website\"},\"primaryImageOfPage\":{\"@id\":\"https:\\\/\\\/www.analoggwerz.com\\\/produit\\\/pare-soleil-caoutchouc-55mm-filetage-vissable\\\/#primaryimage\"},\"image\":{\"@id\":\"https:\\\/\\\/www.analoggwerz.com\\\/produit\\\/pare-soleil-caoutchouc-55mm-filetage-vissable\\\/#primaryimage\"},\"thumbnailUrl\":\"https:\\\/\\\/www.analoggwerz.com\\\/wp-content\\\/uploads\\\/2025\\\/09\\\/img_4628-1-scaled.jpeg\",\"datePublished\":\"2025-09-28T15:31:34+00:00\",\"dateModified\":\"2025-10-31T21:54:54+00:00\",\"description\":\"Cliquez ici pour d\u00e9couvrir Pare-soleil caoutchouc 55mm \u2013 Filetage vissable sur la boutique.\",\"breadcrumb\":{\"@id\":\"https:\\\/\\\/www.analoggwerz.com\\\/produit\\\/pare-soleil-caoutchouc-55mm-filetage-vissable\\\/#breadcrumb\"},\"inLanguage\":\"en-US\",\"potentialAction\":[{\"@type\":\"ReadAction\",\"target\":[\"https:\\\/\\\/www.analoggwerz.com\\\/produit\\\/pare-soleil-caoutchouc-55mm-filetage-vissable\\\/\"]}]},{\"@type\":\"ImageObject\",\"inLanguage\":\"en-US\",\"@id\":\"https:\\\/\\\/www.analoggwerz.com\\\/produit\\\/pare-soleil-caoutchouc-55mm-filetage-vissable\\\/#primaryimage\",\"url\":\"https:\\\/\\\/www.analoggwerz.com\\\/wp-content\\\/uploads\\\/2025\\\/09\\\/img_4628-1-scaled.jpeg\",\"contentUrl\":\"https:\\\/\\\/www.analoggwerz.com\\\/wp-content\\\/uploads\\\/2025\\\/09\\\/img_4628-1-scaled.jpeg\",\"width\":2560,\"height\":1920},{\"@type\":\"BreadcrumbList\",\"@id\":\"https:\\\/\\\/www.analoggwerz.com\\\/produit\\\/pare-soleil-caoutchouc-55mm-filetage-vissable\\\/#breadcrumb\",\"itemListElement\":[{\"@type\":\"ListItem\",\"position\":1,\"name\":\"Accueil\",\"item\":\"https:\\\/\\\/www.analoggwerz.com\\\/\"},{\"@type\":\"ListItem\",\"position\":2,\"name\":\"Boutique\",\"item\":\"https:\\\/\\\/www.analoggwerz.com\\\/shop\\\/\"},{\"@type\":\"ListItem\",\"position\":3,\"name\":\"Pare-soleil caoutchouc 55mm \u2013 Filetage vissable\"}]},{\"@type\":\"WebSite\",\"@id\":\"https:\\\/\\\/www.analoggwerz.com\\\/#website\",\"url\":\"https:\\\/\\\/www.analoggwerz.com\\\/\",\"name\":\"Analog Gwerz\",\"description\":\"Pas besoin de neuf pour capturer l&#039;instant !\",\"publisher\":{\"@id\":\"https:\\\/\\\/www.analoggwerz.com\\\/#organization\"},\"potentialAction\":[{\"@type\":\"SearchAction\",\"target\":{\"@type\":\"EntryPoint\",\"urlTemplate\":\"https:\\\/\\\/www.analoggwerz.com\\\/?s={search_term_string}\"},\"query-input\":{\"@type\":\"PropertyValueSpecification\",\"valueRequired\":true,\"valueName\":\"search_term_string\"}}],\"inLanguage\":\"en-US\"},{\"@type\":\"Organization\",\"@id\":\"https:\\\/\\\/www.analoggwerz.com\\\/#organization\",\"name\":\"Analog Gwerz\",\"url\":\"https:\\\/\\\/www.analoggwerz.com\\\/\",\"logo\":{\"@type\":\"ImageObject\",\"inLanguage\":\"en-US\",\"@id\":\"https:\\\/\\\/www.analoggwerz.com\\\/#\\\/schema\\\/logo\\\/image\\\/\",\"url\":\"https:\\\/\\\/www.analoggwerz.com\\\/wp-content\\\/uploads\\\/2025\\\/10\\\/000-LOGO-ANALOG-GWERZ-NOIR-1.png\",\"contentUrl\":\"https:\\\/\\\/www.analoggwerz.com\\\/wp-content\\\/uploads\\\/2025\\\/10\\\/000-LOGO-ANALOG-GWERZ-NOIR-1.png\",\"width\":800,\"height\":407,\"caption\":\"Analog Gwerz\"},\"image\":{\"@id\":\"https:\\\/\\\/www.analoggwerz.com\\\/#\\\/schema\\\/logo\\\/image\\\/\"},\"sameAs\":[\"https:\\\/\\\/www.instagram.com\\\/analog_gwerz\\\/\",\"https:\\\/\\\/www.tiktok.com\\\/@analog_gwerz\"]}]}<\/script>\n<!-- \/ Yoast SEO plugin. -->","yoast_head_json":{"title":"Pare-soleil caoutchouc 55mm \u2013 Filetage vissable est disponible sur la boutique !","description":"Cliquez ici pour d\u00e9couvrir Pare-soleil caoutchouc 55mm \u2013 Filetage vissable sur la boutique.","robots":{"index":"index","follow":"follow","max-snippet":"max-snippet:-1","max-image-preview":"max-image-preview:large","max-video-preview":"max-video-preview:-1"},"canonical":"https:\/\/www.analoggwerz.com\/en\/product\/pare-soleil-caoutchouc-55mm-filetage-vissable\/","og_locale":"en_US","og_type":"article","og_title":"Pare-soleil caoutchouc 55mm \u2013 Filetage vissable est disponible sur la boutique !","og_description":"Cliquez ici pour d\u00e9couvrir Pare-soleil caoutchouc 55mm \u2013 Filetage vissable sur la boutique.","og_url":"https:\/\/www.analoggwerz.com\/en\/product\/pare-soleil-caoutchouc-55mm-filetage-vissable\/","og_site_name":"Analog Gwerz","article_modified_time":"2025-10-31T21:54:54+00:00","og_image":[{"width":2560,"height":1920,"url":"https:\/\/www.analoggwerz.com\/wp-content\/uploads\/2025\/09\/img_4628-1-scaled.jpeg","type":"image\/jpeg"}],"twitter_card":"summary_large_image","twitter_misc":{"Est. reading time":"1 minute"},"schema":{"@context":"https:\/\/schema.org","@graph":[{"@type":"WebPage","@id":"https:\/\/www.analoggwerz.com\/produit\/pare-soleil-caoutchouc-55mm-filetage-vissable\/","url":"https:\/\/www.analoggwerz.com\/produit\/pare-soleil-caoutchouc-55mm-filetage-vissable\/","name":"Pare-soleil caoutchouc 55mm \u2013 Filetage vissable est disponible sur la boutique !","isPartOf":{"@id":"https:\/\/www.analoggwerz.com\/#website"},"primaryImageOfPage":{"@id":"https:\/\/www.analoggwerz.com\/produit\/pare-soleil-caoutchouc-55mm-filetage-vissable\/#primaryimage"},"image":{"@id":"https:\/\/www.analoggwerz.com\/produit\/pare-soleil-caoutchouc-55mm-filetage-vissable\/#primaryimage"},"thumbnailUrl":"https:\/\/www.analoggwerz.com\/wp-content\/uploads\/2025\/09\/img_4628-1-scaled.jpeg","datePublished":"2025-09-28T15:31:34+00:00","dateModified":"2025-10-31T21:54:54+00:00","description":"Cliquez ici pour d\u00e9couvrir Pare-soleil caoutchouc 55mm \u2013 Filetage vissable sur la boutique.","breadcrumb":{"@id":"https:\/\/www.analoggwerz.com\/produit\/pare-soleil-caoutchouc-55mm-filetage-vissable\/#breadcrumb"},"inLanguage":"en-US","potentialAction":[{"@type":"ReadAction","target":["https:\/\/www.analoggwerz.com\/produit\/pare-soleil-caoutchouc-55mm-filetage-vissable\/"]}]},{"@type":"ImageObject","inLanguage":"en-US","@id":"https:\/\/www.analoggwerz.com\/produit\/pare-soleil-caoutchouc-55mm-filetage-vissable\/#primaryimage","url":"https:\/\/www.analoggwerz.com\/wp-content\/uploads\/2025\/09\/img_4628-1-scaled.jpeg","contentUrl":"https:\/\/www.analoggwerz.com\/wp-content\/uploads\/2025\/09\/img_4628-1-scaled.jpeg","width":2560,"height":1920},{"@type":"BreadcrumbList","@id":"https:\/\/www.analoggwerz.com\/produit\/pare-soleil-caoutchouc-55mm-filetage-vissable\/#breadcrumb","itemListElement":[{"@type":"ListItem","position":1,"name":"Accueil","item":"https:\/\/www.analoggwerz.com\/"},{"@type":"ListItem","position":2,"name":"Boutique","item":"https:\/\/www.analoggwerz.com\/shop\/"},{"@type":"ListItem","position":3,"name":"Pare-soleil caoutchouc 55mm \u2013 Filetage vissable"}]},{"@type":"WebSite","@id":"https:\/\/www.analoggwerz.com\/#website","url":"https:\/\/www.analoggwerz.com\/","name":"Analog Gwerz","description":"Pas besoin de neuf pour capturer l&#039;instant !","publisher":{"@id":"https:\/\/www.analoggwerz.com\/#organization"},"potentialAction":[{"@type":"SearchAction","target":{"@type":"EntryPoint","urlTemplate":"https:\/\/www.analoggwerz.com\/?s={search_term_string}"},"query-input":{"@type":"PropertyValueSpecification","valueRequired":true,"valueName":"search_term_string"}}],"inLanguage":"en-US"},{"@type":"Organization","@id":"https:\/\/www.analoggwerz.com\/#organization","name":"Analog Gwerz","url":"https:\/\/www.analoggwerz.com\/","logo":{"@type":"ImageObject","inLanguage":"en-US","@id":"https:\/\/www.analoggwerz.com\/#\/schema\/logo\/image\/","url":"https:\/\/www.analoggwerz.com\/wp-content\/uploads\/2025\/10\/000-LOGO-ANALOG-GWERZ-NOIR-1.png","contentUrl":"https:\/\/www.analoggwerz.com\/wp-content\/uploads\/2025\/10\/000-LOGO-ANALOG-GWERZ-NOIR-1.png","width":800,"height":407,"caption":"Analog Gwerz"},"image":{"@id":"https:\/\/www.analoggwerz.com\/#\/schema\/logo\/image\/"},"sameAs":["https:\/\/www.instagram.com\/analog_gwerz\/","https:\/\/www.tiktok.com\/@analog_gwerz"]}]}},"jetpack_sharing_enabled":true,"_links":{"self":[{"href":"https:\/\/www.analoggwerz.com\/en\/wp-json\/wp\/v2\/product\/8382","targetHints":{"allow":["GET"]}}],"collection":[{"href":"https:\/\/www.analoggwerz.com\/en\/wp-json\/wp\/v2\/product"}],"about":[{"href":"https:\/\/www.analoggwerz.com\/en\/wp-json\/wp\/v2\/types\/product"}],"wp:featuredmedia":[{"embeddable":true,"href":"https:\/\/www.analoggwerz.com\/en\/wp-json\/wp\/v2\/media\/8381"}],"wp:attachment":[{"href":"https:\/\/www.analoggwerz.com\/en\/wp-json\/wp\/v2\/media?parent=8382"}],"wp:term":[{"taxonomy":"product_brand","embeddable":true,"href":"https:\/\/www.analoggwerz.com\/en\/wp-json\/wp\/v2\/product_brand?post=8382"},{"taxonomy":"product_cat","embeddable":true,"href":"https:\/\/www.analoggwerz.com\/en\/wp-json\/wp\/v2\/product_cat?post=8382"},{"taxonomy":"product_tag","embeddable":true,"href":"https:\/\/www.analoggwerz.com\/en\/wp-json\/wp\/v2\/product_tag?post=8382"}],"curies":[{"name":"wp","href":"https:\/\/api.w.org\/{rel}","templated":true}]}}