{"id":8360,"date":"2025-09-28T04:53:45","date_gmt":"2025-09-28T04:53:45","guid":{"rendered":"https:\/\/www.analoggwerz.com\/produit\/fujifilm-finepix-z10fd-compact-numerique-design-orange-72-mpx\/"},"modified":"2026-03-21T17:30:27","modified_gmt":"2026-03-21T17:30:27","slug":"fujifilm-finepix-z10fd-compact-numerique-design-orange-72-mpx","status":"publish","type":"product","link":"https:\/\/www.analoggwerz.com\/en\/product\/fujifilm-finepix-z10fd-compact-numerique-design-orange-72-mpx\/","title":{"rendered":"Fujifilm FinePix Z10fd \u2013 Compact num\u00e9rique design orange \u2013 7,2 Mpx &#8211; Orange"},"content":{"rendered":"<p>\ud83d\udcf8 N\u2019h\u00e9sitez pas \u00e0 vous abonner \u00e0 mon Instagram (@analog_gwerz) si vous aimez la photo et les appareils.<\/p>\n<p>Fujifilm FinePix Z10fd \u2013 Compact num\u00e9rique design orange \u2013 7,2 Mpx<\/p>\n<p>Un compact au design original et color\u00e9, id\u00e9al pour ceux qui recherchent un appareil simple d\u2019utilisation et efficace, avec un look unique.<\/p>\n<p>Caract\u00e9ristiques :<\/p>\n<p>Capteur : 7,2 m\u00e9gapixels<\/p>\n<p>Zoom optique : 3x FUJINON<\/p>\n<p>\u00c9cran LCD : 2,5 pouces<\/p>\n<p>Sensibilit\u00e9 : jusqu\u2019\u00e0 ISO 1600 pour s\u2019adapter aux conditions de faible luminosit\u00e9<\/p>\n<p>Modes sc\u00e8ne vari\u00e9s et d\u00e9tection des visages pour des portraits r\u00e9ussis<\/p>\n<p>Design compact et ultra-fin, facile \u00e0 glisser dans une poche<\/p>\n<p>\u00c9tat :<\/p>\n<p>Appareil en bon \u00e9tat esth\u00e9tique et parfaitement fonctionnel (voir photos).<\/p>\n<p>Accessoires fournis :<\/p>\n<p>Bo\u00eete d\u2019origine<\/p>\n<p>Chargeur et c\u00e2bles<\/p>\n<p>CD d\u2019installation et documentation<\/p>\n<p>Dragonne d\u2019origine<\/p>\n<p>\ud83d\udcbe Carte m\u00e9moire SD (non fournie).<\/p>\n<p>\u2705 Tous mes appareils sont test\u00e9s et fonctionnels.<\/p>\n<p>\ud83d\udcf7 Les photos montrent l\u2019\u00e9tat r\u00e9el du produit.<\/p>","protected":false},"excerpt":{"rendered":"<p>\ud83d\udcf8 N\u2019h\u00e9sitez pas \u00e0 vous abonner \u00e0 mon Instagram (@analog_gwerz) si vous aimez la photo et les appareils. Fujifilm FinePix Z10fd \u2013 Compact num\u00e9rique design orange \u2013 7,2 Mpx Un compact au design original et color\u00e9, id\u00e9al pour ceux qui recherchent un appareil simple d\u2019utilisation et efficace, avec un look unique. Caract\u00e9ristiques : Capteur : [&hellip;]<\/p>\n","protected":false},"featured_media":8358,"template":"","meta":[],"product_brand":[],"product_cat":[118,114,28],"product_tag":[],"class_list":{"0":"post-8360","1":"product","2":"type-product","3":"status-publish","4":"has-post-thumbnail","6":"product_cat-appareils-photo","7":"product_cat-appareils-photo-numeriques","8":"product_cat-appareils-photos-compacts-numeriques","9":"pa_couleur-orange","10":"pa_marque-fujifilm","12":"first","13":"outofstock","14":"purchasable","15":"product-type-simple"},"yoast_head":"<!-- This site is optimized with the Yoast SEO plugin v27.5 - https:\/\/yoast.com\/product\/yoast-seo-wordpress\/ -->\n<title>Fujifilm FinePix Z10fd \u2013 Compact num\u00e9rique design orange \u2013 7,2 Mpx - Orange est disponible sur la boutique !<\/title>\n<meta name=\"description\" content=\"Cliquez ici pour d\u00e9couvrir Fujifilm FinePix Z10fd \u2013 Compact num\u00e9rique design orange \u2013 7,2 Mpx - Orange sur la boutique.\" \/>\n<meta name=\"robots\" content=\"index, follow, max-snippet:-1, max-image-preview:large, max-video-preview:-1\" \/>\n<link rel=\"canonical\" href=\"https:\/\/www.analoggwerz.com\/en\/product\/fujifilm-finepix-z10fd-compact-numerique-design-orange-72-mpx\/\" \/>\n<meta property=\"og:locale\" content=\"en_US\" \/>\n<meta property=\"og:type\" content=\"article\" \/>\n<meta property=\"og:title\" content=\"Fujifilm FinePix Z10fd \u2013 Compact num\u00e9rique design orange \u2013 7,2 Mpx - Orange est disponible sur la boutique !\" \/>\n<meta property=\"og:description\" content=\"Cliquez ici pour d\u00e9couvrir Fujifilm FinePix Z10fd \u2013 Compact num\u00e9rique design orange \u2013 7,2 Mpx - Orange sur la boutique.\" \/>\n<meta property=\"og:url\" content=\"https:\/\/www.analoggwerz.com\/en\/product\/fujifilm-finepix-z10fd-compact-numerique-design-orange-72-mpx\/\" \/>\n<meta property=\"og:site_name\" content=\"Analog Gwerz\" \/>\n<meta property=\"article:modified_time\" content=\"2026-03-21T17:30:27+00:00\" \/>\n<meta property=\"og:image\" content=\"https:\/\/www.analoggwerz.com\/wp-content\/uploads\/2025\/09\/img_4648-scaled.jpeg\" \/>\n\t<meta property=\"og:image:width\" content=\"2560\" \/>\n\t<meta property=\"og:image:height\" content=\"1920\" \/>\n\t<meta property=\"og:image:type\" content=\"image\/jpeg\" \/>\n<meta name=\"twitter:card\" content=\"summary_large_image\" \/>\n<meta name=\"twitter:label1\" content=\"Est. reading time\" \/>\n\t<meta name=\"twitter:data1\" content=\"1 minute\" \/>\n<script type=\"application\/ld+json\" class=\"yoast-schema-graph\">{\"@context\":\"https:\\\/\\\/schema.org\",\"@graph\":[{\"@type\":\"WebPage\",\"@id\":\"https:\\\/\\\/www.analoggwerz.com\\\/produit\\\/fujifilm-finepix-z10fd-compact-numerique-design-orange-72-mpx\\\/\",\"url\":\"https:\\\/\\\/www.analoggwerz.com\\\/produit\\\/fujifilm-finepix-z10fd-compact-numerique-design-orange-72-mpx\\\/\",\"name\":\"Fujifilm FinePix Z10fd \u2013 Compact num\u00e9rique design orange \u2013 7,2 Mpx - Orange est disponible sur la boutique !\",\"isPartOf\":{\"@id\":\"https:\\\/\\\/www.analoggwerz.com\\\/#website\"},\"primaryImageOfPage\":{\"@id\":\"https:\\\/\\\/www.analoggwerz.com\\\/produit\\\/fujifilm-finepix-z10fd-compact-numerique-design-orange-72-mpx\\\/#primaryimage\"},\"image\":{\"@id\":\"https:\\\/\\\/www.analoggwerz.com\\\/produit\\\/fujifilm-finepix-z10fd-compact-numerique-design-orange-72-mpx\\\/#primaryimage\"},\"thumbnailUrl\":\"https:\\\/\\\/www.analoggwerz.com\\\/wp-content\\\/uploads\\\/2025\\\/09\\\/img_4648-scaled.jpeg\",\"datePublished\":\"2025-09-28T04:53:45+00:00\",\"dateModified\":\"2026-03-21T17:30:27+00:00\",\"description\":\"Cliquez ici pour d\u00e9couvrir Fujifilm FinePix Z10fd \u2013 Compact num\u00e9rique design orange \u2013 7,2 Mpx - Orange sur la boutique.\",\"breadcrumb\":{\"@id\":\"https:\\\/\\\/www.analoggwerz.com\\\/produit\\\/fujifilm-finepix-z10fd-compact-numerique-design-orange-72-mpx\\\/#breadcrumb\"},\"inLanguage\":\"en-US\",\"potentialAction\":[{\"@type\":\"ReadAction\",\"target\":[\"https:\\\/\\\/www.analoggwerz.com\\\/produit\\\/fujifilm-finepix-z10fd-compact-numerique-design-orange-72-mpx\\\/\"]}]},{\"@type\":\"ImageObject\",\"inLanguage\":\"en-US\",\"@id\":\"https:\\\/\\\/www.analoggwerz.com\\\/produit\\\/fujifilm-finepix-z10fd-compact-numerique-design-orange-72-mpx\\\/#primaryimage\",\"url\":\"https:\\\/\\\/www.analoggwerz.com\\\/wp-content\\\/uploads\\\/2025\\\/09\\\/img_4648-scaled.jpeg\",\"contentUrl\":\"https:\\\/\\\/www.analoggwerz.com\\\/wp-content\\\/uploads\\\/2025\\\/09\\\/img_4648-scaled.jpeg\",\"width\":2560,\"height\":1920},{\"@type\":\"BreadcrumbList\",\"@id\":\"https:\\\/\\\/www.analoggwerz.com\\\/produit\\\/fujifilm-finepix-z10fd-compact-numerique-design-orange-72-mpx\\\/#breadcrumb\",\"itemListElement\":[{\"@type\":\"ListItem\",\"position\":1,\"name\":\"Accueil\",\"item\":\"https:\\\/\\\/www.analoggwerz.com\\\/\"},{\"@type\":\"ListItem\",\"position\":2,\"name\":\"Boutique\",\"item\":\"https:\\\/\\\/www.analoggwerz.com\\\/shop\\\/\"},{\"@type\":\"ListItem\",\"position\":3,\"name\":\"Fujifilm FinePix Z10fd \u2013 Compact num\u00e9rique design orange \u2013 7,2 Mpx &#8211; Orange\"}]},{\"@type\":\"WebSite\",\"@id\":\"https:\\\/\\\/www.analoggwerz.com\\\/#website\",\"url\":\"https:\\\/\\\/www.analoggwerz.com\\\/\",\"name\":\"Analog Gwerz\",\"description\":\"Pas besoin de neuf pour capturer l&#039;instant !\",\"publisher\":{\"@id\":\"https:\\\/\\\/www.analoggwerz.com\\\/#organization\"},\"potentialAction\":[{\"@type\":\"SearchAction\",\"target\":{\"@type\":\"EntryPoint\",\"urlTemplate\":\"https:\\\/\\\/www.analoggwerz.com\\\/?s={search_term_string}\"},\"query-input\":{\"@type\":\"PropertyValueSpecification\",\"valueRequired\":true,\"valueName\":\"search_term_string\"}}],\"inLanguage\":\"en-US\"},{\"@type\":\"Organization\",\"@id\":\"https:\\\/\\\/www.analoggwerz.com\\\/#organization\",\"name\":\"Analog Gwerz\",\"url\":\"https:\\\/\\\/www.analoggwerz.com\\\/\",\"logo\":{\"@type\":\"ImageObject\",\"inLanguage\":\"en-US\",\"@id\":\"https:\\\/\\\/www.analoggwerz.com\\\/#\\\/schema\\\/logo\\\/image\\\/\",\"url\":\"https:\\\/\\\/www.analoggwerz.com\\\/wp-content\\\/uploads\\\/2025\\\/10\\\/000-LOGO-ANALOG-GWERZ-NOIR-1.png\",\"contentUrl\":\"https:\\\/\\\/www.analoggwerz.com\\\/wp-content\\\/uploads\\\/2025\\\/10\\\/000-LOGO-ANALOG-GWERZ-NOIR-1.png\",\"width\":800,\"height\":407,\"caption\":\"Analog Gwerz\"},\"image\":{\"@id\":\"https:\\\/\\\/www.analoggwerz.com\\\/#\\\/schema\\\/logo\\\/image\\\/\"},\"sameAs\":[\"https:\\\/\\\/www.instagram.com\\\/analog_gwerz\\\/\",\"https:\\\/\\\/www.tiktok.com\\\/@analog_gwerz\"]}]}<\/script>\n<!-- \/ Yoast SEO plugin. -->","yoast_head_json":{"title":"Fujifilm FinePix Z10fd \u2013 Compact num\u00e9rique design orange \u2013 7,2 Mpx - Orange est disponible sur la boutique !","description":"Cliquez ici pour d\u00e9couvrir Fujifilm FinePix Z10fd \u2013 Compact num\u00e9rique design orange \u2013 7,2 Mpx - Orange sur la boutique.","robots":{"index":"index","follow":"follow","max-snippet":"max-snippet:-1","max-image-preview":"max-image-preview:large","max-video-preview":"max-video-preview:-1"},"canonical":"https:\/\/www.analoggwerz.com\/en\/product\/fujifilm-finepix-z10fd-compact-numerique-design-orange-72-mpx\/","og_locale":"en_US","og_type":"article","og_title":"Fujifilm FinePix Z10fd \u2013 Compact num\u00e9rique design orange \u2013 7,2 Mpx - Orange est disponible sur la boutique !","og_description":"Cliquez ici pour d\u00e9couvrir Fujifilm FinePix Z10fd \u2013 Compact num\u00e9rique design orange \u2013 7,2 Mpx - Orange sur la boutique.","og_url":"https:\/\/www.analoggwerz.com\/en\/product\/fujifilm-finepix-z10fd-compact-numerique-design-orange-72-mpx\/","og_site_name":"Analog Gwerz","article_modified_time":"2026-03-21T17:30:27+00:00","og_image":[{"width":2560,"height":1920,"url":"https:\/\/www.analoggwerz.com\/wp-content\/uploads\/2025\/09\/img_4648-scaled.jpeg","type":"image\/jpeg"}],"twitter_card":"summary_large_image","twitter_misc":{"Est. reading time":"1 minute"},"schema":{"@context":"https:\/\/schema.org","@graph":[{"@type":"WebPage","@id":"https:\/\/www.analoggwerz.com\/produit\/fujifilm-finepix-z10fd-compact-numerique-design-orange-72-mpx\/","url":"https:\/\/www.analoggwerz.com\/produit\/fujifilm-finepix-z10fd-compact-numerique-design-orange-72-mpx\/","name":"Fujifilm FinePix Z10fd \u2013 Compact num\u00e9rique design orange \u2013 7,2 Mpx - Orange est disponible sur la boutique !","isPartOf":{"@id":"https:\/\/www.analoggwerz.com\/#website"},"primaryImageOfPage":{"@id":"https:\/\/www.analoggwerz.com\/produit\/fujifilm-finepix-z10fd-compact-numerique-design-orange-72-mpx\/#primaryimage"},"image":{"@id":"https:\/\/www.analoggwerz.com\/produit\/fujifilm-finepix-z10fd-compact-numerique-design-orange-72-mpx\/#primaryimage"},"thumbnailUrl":"https:\/\/www.analoggwerz.com\/wp-content\/uploads\/2025\/09\/img_4648-scaled.jpeg","datePublished":"2025-09-28T04:53:45+00:00","dateModified":"2026-03-21T17:30:27+00:00","description":"Cliquez ici pour d\u00e9couvrir Fujifilm FinePix Z10fd \u2013 Compact num\u00e9rique design orange \u2013 7,2 Mpx - Orange sur la boutique.","breadcrumb":{"@id":"https:\/\/www.analoggwerz.com\/produit\/fujifilm-finepix-z10fd-compact-numerique-design-orange-72-mpx\/#breadcrumb"},"inLanguage":"en-US","potentialAction":[{"@type":"ReadAction","target":["https:\/\/www.analoggwerz.com\/produit\/fujifilm-finepix-z10fd-compact-numerique-design-orange-72-mpx\/"]}]},{"@type":"ImageObject","inLanguage":"en-US","@id":"https:\/\/www.analoggwerz.com\/produit\/fujifilm-finepix-z10fd-compact-numerique-design-orange-72-mpx\/#primaryimage","url":"https:\/\/www.analoggwerz.com\/wp-content\/uploads\/2025\/09\/img_4648-scaled.jpeg","contentUrl":"https:\/\/www.analoggwerz.com\/wp-content\/uploads\/2025\/09\/img_4648-scaled.jpeg","width":2560,"height":1920},{"@type":"BreadcrumbList","@id":"https:\/\/www.analoggwerz.com\/produit\/fujifilm-finepix-z10fd-compact-numerique-design-orange-72-mpx\/#breadcrumb","itemListElement":[{"@type":"ListItem","position":1,"name":"Accueil","item":"https:\/\/www.analoggwerz.com\/"},{"@type":"ListItem","position":2,"name":"Boutique","item":"https:\/\/www.analoggwerz.com\/shop\/"},{"@type":"ListItem","position":3,"name":"Fujifilm FinePix Z10fd \u2013 Compact num\u00e9rique design orange \u2013 7,2 Mpx &#8211; Orange"}]},{"@type":"WebSite","@id":"https:\/\/www.analoggwerz.com\/#website","url":"https:\/\/www.analoggwerz.com\/","name":"Analog Gwerz","description":"Pas besoin de neuf pour capturer l&#039;instant !","publisher":{"@id":"https:\/\/www.analoggwerz.com\/#organization"},"potentialAction":[{"@type":"SearchAction","target":{"@type":"EntryPoint","urlTemplate":"https:\/\/www.analoggwerz.com\/?s={search_term_string}"},"query-input":{"@type":"PropertyValueSpecification","valueRequired":true,"valueName":"search_term_string"}}],"inLanguage":"en-US"},{"@type":"Organization","@id":"https:\/\/www.analoggwerz.com\/#organization","name":"Analog Gwerz","url":"https:\/\/www.analoggwerz.com\/","logo":{"@type":"ImageObject","inLanguage":"en-US","@id":"https:\/\/www.analoggwerz.com\/#\/schema\/logo\/image\/","url":"https:\/\/www.analoggwerz.com\/wp-content\/uploads\/2025\/10\/000-LOGO-ANALOG-GWERZ-NOIR-1.png","contentUrl":"https:\/\/www.analoggwerz.com\/wp-content\/uploads\/2025\/10\/000-LOGO-ANALOG-GWERZ-NOIR-1.png","width":800,"height":407,"caption":"Analog Gwerz"},"image":{"@id":"https:\/\/www.analoggwerz.com\/#\/schema\/logo\/image\/"},"sameAs":["https:\/\/www.instagram.com\/analog_gwerz\/","https:\/\/www.tiktok.com\/@analog_gwerz"]}]}},"jetpack_sharing_enabled":true,"_links":{"self":[{"href":"https:\/\/www.analoggwerz.com\/en\/wp-json\/wp\/v2\/product\/8360","targetHints":{"allow":["GET"]}}],"collection":[{"href":"https:\/\/www.analoggwerz.com\/en\/wp-json\/wp\/v2\/product"}],"about":[{"href":"https:\/\/www.analoggwerz.com\/en\/wp-json\/wp\/v2\/types\/product"}],"wp:featuredmedia":[{"embeddable":true,"href":"https:\/\/www.analoggwerz.com\/en\/wp-json\/wp\/v2\/media\/8358"}],"wp:attachment":[{"href":"https:\/\/www.analoggwerz.com\/en\/wp-json\/wp\/v2\/media?parent=8360"}],"wp:term":[{"taxonomy":"product_brand","embeddable":true,"href":"https:\/\/www.analoggwerz.com\/en\/wp-json\/wp\/v2\/product_brand?post=8360"},{"taxonomy":"product_cat","embeddable":true,"href":"https:\/\/www.analoggwerz.com\/en\/wp-json\/wp\/v2\/product_cat?post=8360"},{"taxonomy":"product_tag","embeddable":true,"href":"https:\/\/www.analoggwerz.com\/en\/wp-json\/wp\/v2\/product_tag?post=8360"}],"curies":[{"name":"wp","href":"https:\/\/api.w.org\/{rel}","templated":true}]}}