{"id":8238,"date":"2025-09-26T16:50:05","date_gmt":"2025-09-26T16:50:05","guid":{"rendered":"https:\/\/www.analoggwerz.com\/produit\/pellicule-kodak-gold-200-24-poses-perimee\/"},"modified":"2025-10-31T21:54:55","modified_gmt":"2025-10-31T21:54:55","slug":"pellicule-kodak-gold-200-24-poses-perimee","status":"publish","type":"product","link":"https:\/\/www.analoggwerz.com\/en\/product\/pellicule-kodak-gold-200-24-poses-perimee\/","title":{"rendered":"Pellicule Kodak Gold 200 \u2013 24 poses (p\u00e9rim\u00e9e)"},"content":{"rendered":"<p>\ud83d\udcf8<strong> N\u2019h\u00e9sitez pas \u00e0 vous abonner \u00e0 mon Instagram (@analog_gwerz) si vous aimez la photo et les appareils.<\/strong><\/p>\n<p><strong><\/strong><\/p>\n<p><strong>Pellicule Kodak Gold 200 \u2013 24 poses (p\u00e9rim\u00e9e)<\/strong><\/p>\n<p><strong><\/strong><\/p>\n<p><strong>Pellicule couleur 35 mm Kodak Gold 200, version 24 poses, vendue avec sa bo\u00eete plastique de protection.<\/strong><\/p>\n<p><strong>Elle est p\u00e9rim\u00e9e, ce qui lui donne un rendu unique et impr\u00e9visible, avec des teintes souvent plus chaudes, des contrastes marqu\u00e9s et parfois une l\u00e9g\u00e8re dominante de couleur.<\/strong><\/p>\n<p><strong><\/strong><\/p>\n<p><strong>Id\u00e9ale pour les amateurs de photographie argentique qui aiment exp\u00e9rimenter et obtenir des r\u00e9sultats cr\u00e9atifs.<\/strong><\/p>\n<p><strong><\/strong><\/p>\n<p>\u2714<strong> Format : 35 mm<\/strong><\/p>\n<p>\u2714<strong> Sensibilit\u00e9 : ISO 200<\/strong><\/p>\n<p>\u2714<strong> Nombre de poses : 24<\/strong><\/p>\n<p>\u2714<strong> Particularit\u00e9 : pellicule p\u00e9rim\u00e9e, effets vintage et al\u00e9atoires<\/strong><\/p>\n<p><strong><\/strong><\/p>\n<p>\ud83d\udca1<strong> \u00c0 utiliser pour donner du caract\u00e8re \u00e0 vos clich\u00e9s ou tester des rendus argentiques originaux.<\/strong><\/p>","protected":false},"excerpt":{"rendered":"<p>\ud83d\udcf8 N\u2019h\u00e9sitez pas \u00e0 vous abonner \u00e0 mon Instagram (@analog_gwerz) si vous aimez la photo et les appareils. Pellicule Kodak Gold 200 \u2013 24 poses (p\u00e9rim\u00e9e) Pellicule couleur 35 mm Kodak Gold 200, version 24 poses, vendue avec sa bo\u00eete plastique de protection. Elle est p\u00e9rim\u00e9e, ce qui lui donne un rendu unique et impr\u00e9visible, [&hellip;]<\/p>\n","protected":false},"featured_media":8236,"template":"","meta":[],"product_brand":[],"product_cat":[135,133],"product_tag":[],"class_list":{"0":"post-8238","1":"product","2":"type-product","3":"status-publish","4":"has-post-thumbnail","6":"product_cat-35-mm-couleurs","7":"product_cat-pellicules-argentiques","8":"pa_couleur-dore","9":"pa_marque-kodak","11":"first","12":"outofstock","13":"purchasable","14":"product-type-simple"},"yoast_head":"<!-- This site is optimized with the Yoast SEO plugin v27.5 - https:\/\/yoast.com\/product\/yoast-seo-wordpress\/ -->\n<title>Pellicule Kodak Gold 200 \u2013 24 poses (p\u00e9rim\u00e9e) est disponible sur la boutique !<\/title>\n<meta name=\"description\" content=\"Cliquez ici pour d\u00e9couvrir Pellicule Kodak Gold 200 \u2013 24 poses (p\u00e9rim\u00e9e) sur la boutique.\" \/>\n<meta name=\"robots\" content=\"index, follow, max-snippet:-1, max-image-preview:large, max-video-preview:-1\" \/>\n<link rel=\"canonical\" href=\"https:\/\/www.analoggwerz.com\/en\/product\/pellicule-kodak-gold-200-24-poses-perimee\/\" \/>\n<meta property=\"og:locale\" content=\"en_US\" \/>\n<meta property=\"og:type\" content=\"article\" \/>\n<meta property=\"og:title\" content=\"Pellicule Kodak Gold 200 \u2013 24 poses (p\u00e9rim\u00e9e) est disponible sur la boutique !\" \/>\n<meta property=\"og:description\" content=\"Cliquez ici pour d\u00e9couvrir Pellicule Kodak Gold 200 \u2013 24 poses (p\u00e9rim\u00e9e) sur la boutique.\" \/>\n<meta property=\"og:url\" content=\"https:\/\/www.analoggwerz.com\/en\/product\/pellicule-kodak-gold-200-24-poses-perimee\/\" \/>\n<meta property=\"og:site_name\" content=\"Analog Gwerz\" \/>\n<meta property=\"article:modified_time\" content=\"2025-10-31T21:54:55+00:00\" \/>\n<meta property=\"og:image\" content=\"https:\/\/www.analoggwerz.com\/wp-content\/uploads\/2025\/09\/img_4553-scaled.jpeg\" \/>\n\t<meta property=\"og:image:width\" content=\"2560\" \/>\n\t<meta property=\"og:image:height\" content=\"1920\" \/>\n\t<meta property=\"og:image:type\" content=\"image\/jpeg\" \/>\n<meta name=\"twitter:card\" content=\"summary_large_image\" \/>\n<meta name=\"twitter:label1\" content=\"Est. reading time\" \/>\n\t<meta name=\"twitter:data1\" content=\"1 minute\" \/>\n<script type=\"application\/ld+json\" class=\"yoast-schema-graph\">{\"@context\":\"https:\\\/\\\/schema.org\",\"@graph\":[{\"@type\":\"WebPage\",\"@id\":\"https:\\\/\\\/www.analoggwerz.com\\\/produit\\\/pellicule-kodak-gold-200-24-poses-perimee\\\/\",\"url\":\"https:\\\/\\\/www.analoggwerz.com\\\/produit\\\/pellicule-kodak-gold-200-24-poses-perimee\\\/\",\"name\":\"Pellicule Kodak Gold 200 \u2013 24 poses (p\u00e9rim\u00e9e) est disponible sur la boutique !\",\"isPartOf\":{\"@id\":\"https:\\\/\\\/www.analoggwerz.com\\\/#website\"},\"primaryImageOfPage\":{\"@id\":\"https:\\\/\\\/www.analoggwerz.com\\\/produit\\\/pellicule-kodak-gold-200-24-poses-perimee\\\/#primaryimage\"},\"image\":{\"@id\":\"https:\\\/\\\/www.analoggwerz.com\\\/produit\\\/pellicule-kodak-gold-200-24-poses-perimee\\\/#primaryimage\"},\"thumbnailUrl\":\"https:\\\/\\\/www.analoggwerz.com\\\/wp-content\\\/uploads\\\/2025\\\/09\\\/img_4553-scaled.jpeg\",\"datePublished\":\"2025-09-26T16:50:05+00:00\",\"dateModified\":\"2025-10-31T21:54:55+00:00\",\"description\":\"Cliquez ici pour d\u00e9couvrir Pellicule Kodak Gold 200 \u2013 24 poses (p\u00e9rim\u00e9e) sur la boutique.\",\"breadcrumb\":{\"@id\":\"https:\\\/\\\/www.analoggwerz.com\\\/produit\\\/pellicule-kodak-gold-200-24-poses-perimee\\\/#breadcrumb\"},\"inLanguage\":\"en-US\",\"potentialAction\":[{\"@type\":\"ReadAction\",\"target\":[\"https:\\\/\\\/www.analoggwerz.com\\\/produit\\\/pellicule-kodak-gold-200-24-poses-perimee\\\/\"]}]},{\"@type\":\"ImageObject\",\"inLanguage\":\"en-US\",\"@id\":\"https:\\\/\\\/www.analoggwerz.com\\\/produit\\\/pellicule-kodak-gold-200-24-poses-perimee\\\/#primaryimage\",\"url\":\"https:\\\/\\\/www.analoggwerz.com\\\/wp-content\\\/uploads\\\/2025\\\/09\\\/img_4553-scaled.jpeg\",\"contentUrl\":\"https:\\\/\\\/www.analoggwerz.com\\\/wp-content\\\/uploads\\\/2025\\\/09\\\/img_4553-scaled.jpeg\",\"width\":2560,\"height\":1920},{\"@type\":\"BreadcrumbList\",\"@id\":\"https:\\\/\\\/www.analoggwerz.com\\\/produit\\\/pellicule-kodak-gold-200-24-poses-perimee\\\/#breadcrumb\",\"itemListElement\":[{\"@type\":\"ListItem\",\"position\":1,\"name\":\"Accueil\",\"item\":\"https:\\\/\\\/www.analoggwerz.com\\\/\"},{\"@type\":\"ListItem\",\"position\":2,\"name\":\"Boutique\",\"item\":\"https:\\\/\\\/www.analoggwerz.com\\\/shop\\\/\"},{\"@type\":\"ListItem\",\"position\":3,\"name\":\"Pellicule Kodak Gold 200 \u2013 24 poses (p\u00e9rim\u00e9e)\"}]},{\"@type\":\"WebSite\",\"@id\":\"https:\\\/\\\/www.analoggwerz.com\\\/#website\",\"url\":\"https:\\\/\\\/www.analoggwerz.com\\\/\",\"name\":\"Analog Gwerz\",\"description\":\"Pas besoin de neuf pour capturer l&#039;instant !\",\"publisher\":{\"@id\":\"https:\\\/\\\/www.analoggwerz.com\\\/#organization\"},\"potentialAction\":[{\"@type\":\"SearchAction\",\"target\":{\"@type\":\"EntryPoint\",\"urlTemplate\":\"https:\\\/\\\/www.analoggwerz.com\\\/?s={search_term_string}\"},\"query-input\":{\"@type\":\"PropertyValueSpecification\",\"valueRequired\":true,\"valueName\":\"search_term_string\"}}],\"inLanguage\":\"en-US\"},{\"@type\":\"Organization\",\"@id\":\"https:\\\/\\\/www.analoggwerz.com\\\/#organization\",\"name\":\"Analog Gwerz\",\"url\":\"https:\\\/\\\/www.analoggwerz.com\\\/\",\"logo\":{\"@type\":\"ImageObject\",\"inLanguage\":\"en-US\",\"@id\":\"https:\\\/\\\/www.analoggwerz.com\\\/#\\\/schema\\\/logo\\\/image\\\/\",\"url\":\"https:\\\/\\\/www.analoggwerz.com\\\/wp-content\\\/uploads\\\/2025\\\/10\\\/000-LOGO-ANALOG-GWERZ-NOIR-1.png\",\"contentUrl\":\"https:\\\/\\\/www.analoggwerz.com\\\/wp-content\\\/uploads\\\/2025\\\/10\\\/000-LOGO-ANALOG-GWERZ-NOIR-1.png\",\"width\":800,\"height\":407,\"caption\":\"Analog Gwerz\"},\"image\":{\"@id\":\"https:\\\/\\\/www.analoggwerz.com\\\/#\\\/schema\\\/logo\\\/image\\\/\"},\"sameAs\":[\"https:\\\/\\\/www.instagram.com\\\/analog_gwerz\\\/\",\"https:\\\/\\\/www.tiktok.com\\\/@analog_gwerz\"]}]}<\/script>\n<!-- \/ Yoast SEO plugin. -->","yoast_head_json":{"title":"Pellicule Kodak Gold 200 \u2013 24 poses (p\u00e9rim\u00e9e) est disponible sur la boutique !","description":"Cliquez ici pour d\u00e9couvrir Pellicule Kodak Gold 200 \u2013 24 poses (p\u00e9rim\u00e9e) sur la boutique.","robots":{"index":"index","follow":"follow","max-snippet":"max-snippet:-1","max-image-preview":"max-image-preview:large","max-video-preview":"max-video-preview:-1"},"canonical":"https:\/\/www.analoggwerz.com\/en\/product\/pellicule-kodak-gold-200-24-poses-perimee\/","og_locale":"en_US","og_type":"article","og_title":"Pellicule Kodak Gold 200 \u2013 24 poses (p\u00e9rim\u00e9e) est disponible sur la boutique !","og_description":"Cliquez ici pour d\u00e9couvrir Pellicule Kodak Gold 200 \u2013 24 poses (p\u00e9rim\u00e9e) sur la boutique.","og_url":"https:\/\/www.analoggwerz.com\/en\/product\/pellicule-kodak-gold-200-24-poses-perimee\/","og_site_name":"Analog Gwerz","article_modified_time":"2025-10-31T21:54:55+00:00","og_image":[{"width":2560,"height":1920,"url":"https:\/\/www.analoggwerz.com\/wp-content\/uploads\/2025\/09\/img_4553-scaled.jpeg","type":"image\/jpeg"}],"twitter_card":"summary_large_image","twitter_misc":{"Est. reading time":"1 minute"},"schema":{"@context":"https:\/\/schema.org","@graph":[{"@type":"WebPage","@id":"https:\/\/www.analoggwerz.com\/produit\/pellicule-kodak-gold-200-24-poses-perimee\/","url":"https:\/\/www.analoggwerz.com\/produit\/pellicule-kodak-gold-200-24-poses-perimee\/","name":"Pellicule Kodak Gold 200 \u2013 24 poses (p\u00e9rim\u00e9e) est disponible sur la boutique !","isPartOf":{"@id":"https:\/\/www.analoggwerz.com\/#website"},"primaryImageOfPage":{"@id":"https:\/\/www.analoggwerz.com\/produit\/pellicule-kodak-gold-200-24-poses-perimee\/#primaryimage"},"image":{"@id":"https:\/\/www.analoggwerz.com\/produit\/pellicule-kodak-gold-200-24-poses-perimee\/#primaryimage"},"thumbnailUrl":"https:\/\/www.analoggwerz.com\/wp-content\/uploads\/2025\/09\/img_4553-scaled.jpeg","datePublished":"2025-09-26T16:50:05+00:00","dateModified":"2025-10-31T21:54:55+00:00","description":"Cliquez ici pour d\u00e9couvrir Pellicule Kodak Gold 200 \u2013 24 poses (p\u00e9rim\u00e9e) sur la boutique.","breadcrumb":{"@id":"https:\/\/www.analoggwerz.com\/produit\/pellicule-kodak-gold-200-24-poses-perimee\/#breadcrumb"},"inLanguage":"en-US","potentialAction":[{"@type":"ReadAction","target":["https:\/\/www.analoggwerz.com\/produit\/pellicule-kodak-gold-200-24-poses-perimee\/"]}]},{"@type":"ImageObject","inLanguage":"en-US","@id":"https:\/\/www.analoggwerz.com\/produit\/pellicule-kodak-gold-200-24-poses-perimee\/#primaryimage","url":"https:\/\/www.analoggwerz.com\/wp-content\/uploads\/2025\/09\/img_4553-scaled.jpeg","contentUrl":"https:\/\/www.analoggwerz.com\/wp-content\/uploads\/2025\/09\/img_4553-scaled.jpeg","width":2560,"height":1920},{"@type":"BreadcrumbList","@id":"https:\/\/www.analoggwerz.com\/produit\/pellicule-kodak-gold-200-24-poses-perimee\/#breadcrumb","itemListElement":[{"@type":"ListItem","position":1,"name":"Accueil","item":"https:\/\/www.analoggwerz.com\/"},{"@type":"ListItem","position":2,"name":"Boutique","item":"https:\/\/www.analoggwerz.com\/shop\/"},{"@type":"ListItem","position":3,"name":"Pellicule Kodak Gold 200 \u2013 24 poses (p\u00e9rim\u00e9e)"}]},{"@type":"WebSite","@id":"https:\/\/www.analoggwerz.com\/#website","url":"https:\/\/www.analoggwerz.com\/","name":"Analog Gwerz","description":"Pas besoin de neuf pour capturer l&#039;instant !","publisher":{"@id":"https:\/\/www.analoggwerz.com\/#organization"},"potentialAction":[{"@type":"SearchAction","target":{"@type":"EntryPoint","urlTemplate":"https:\/\/www.analoggwerz.com\/?s={search_term_string}"},"query-input":{"@type":"PropertyValueSpecification","valueRequired":true,"valueName":"search_term_string"}}],"inLanguage":"en-US"},{"@type":"Organization","@id":"https:\/\/www.analoggwerz.com\/#organization","name":"Analog Gwerz","url":"https:\/\/www.analoggwerz.com\/","logo":{"@type":"ImageObject","inLanguage":"en-US","@id":"https:\/\/www.analoggwerz.com\/#\/schema\/logo\/image\/","url":"https:\/\/www.analoggwerz.com\/wp-content\/uploads\/2025\/10\/000-LOGO-ANALOG-GWERZ-NOIR-1.png","contentUrl":"https:\/\/www.analoggwerz.com\/wp-content\/uploads\/2025\/10\/000-LOGO-ANALOG-GWERZ-NOIR-1.png","width":800,"height":407,"caption":"Analog Gwerz"},"image":{"@id":"https:\/\/www.analoggwerz.com\/#\/schema\/logo\/image\/"},"sameAs":["https:\/\/www.instagram.com\/analog_gwerz\/","https:\/\/www.tiktok.com\/@analog_gwerz"]}]}},"jetpack_sharing_enabled":true,"_links":{"self":[{"href":"https:\/\/www.analoggwerz.com\/en\/wp-json\/wp\/v2\/product\/8238","targetHints":{"allow":["GET"]}}],"collection":[{"href":"https:\/\/www.analoggwerz.com\/en\/wp-json\/wp\/v2\/product"}],"about":[{"href":"https:\/\/www.analoggwerz.com\/en\/wp-json\/wp\/v2\/types\/product"}],"wp:featuredmedia":[{"embeddable":true,"href":"https:\/\/www.analoggwerz.com\/en\/wp-json\/wp\/v2\/media\/8236"}],"wp:attachment":[{"href":"https:\/\/www.analoggwerz.com\/en\/wp-json\/wp\/v2\/media?parent=8238"}],"wp:term":[{"taxonomy":"product_brand","embeddable":true,"href":"https:\/\/www.analoggwerz.com\/en\/wp-json\/wp\/v2\/product_brand?post=8238"},{"taxonomy":"product_cat","embeddable":true,"href":"https:\/\/www.analoggwerz.com\/en\/wp-json\/wp\/v2\/product_cat?post=8238"},{"taxonomy":"product_tag","embeddable":true,"href":"https:\/\/www.analoggwerz.com\/en\/wp-json\/wp\/v2\/product_tag?post=8238"}],"curies":[{"name":"wp","href":"https:\/\/api.w.org\/{rel}","templated":true}]}}