{"id":8228,"date":"2025-09-26T16:45:10","date_gmt":"2025-09-26T16:45:10","guid":{"rendered":"https:\/\/www.analoggwerz.com\/produit\/jvc-everio-gz-mg275e-camescope-numerique-a-disque-dur\/"},"modified":"2025-10-31T21:54:55","modified_gmt":"2025-10-31T21:54:55","slug":"jvc-everio-gz-mg275e-camescope-numerique-a-disque-dur","status":"publish","type":"product","link":"https:\/\/www.analoggwerz.com\/en\/product\/jvc-everio-gz-mg275e-camescope-numerique-a-disque-dur\/","title":{"rendered":"JVC Everio GZ-MG275E \u2013 Cam\u00e9scope num\u00e9rique \u00e0 disque dur"},"content":{"rendered":"<p>\ud83d\udcf8 N\u2019h\u00e9sitez pas \u00e0 vous abonner \u00e0 mon Instagram (@analog_gwerz) si vous aimez la photo et les appareils. J\u2019y pr\u00e9sente du mat\u00e9riel et j\u2019y parle photo.<\/p>\n<p>JVC Everio GZ-MG275E \u2013 Cam\u00e9scope num\u00e9rique \u00e0 disque dur<\/p>\n<p>Le JVC Everio GZ-MG275E est un cam\u00e9scope compact et performant, \u00e9quip\u00e9 d\u2019un disque dur interne pour un enregistrement longue dur\u00e9e sans avoir besoin de cartes m\u00e9moire suppl\u00e9mentaires. Avec son capteur 2 m\u00e9gapixels et son objectif lumineux F1.2, il offre une excellente qualit\u00e9 d\u2019image, m\u00eame en basse lumi\u00e8re.<\/p>\n<p>Caract\u00e9ristiques techniques :<\/p>\n<p>R\u00e9solution vid\u00e9o : SD (haute qualit\u00e9 DVD)<\/p>\n<p>Capteur : 2 M\u00e9gapixels<\/p>\n<p>Objectif lumineux F1.2 avec lentille asph\u00e9rique<\/p>\n<p>Support d\u2019enregistrement : Disque dur interne + emplacement SD<\/p>\n<p>Zoom optique performant<\/p>\n<p>\u00c9cran LCD orientable<\/p>\n<p>\u00c9tat :<\/p>\n<p>Le cam\u00e9scope est en bon \u00e9tat et parfaitement fonctionnel.<\/p>\n<p>Accessoires inclus :<\/p>\n<p>Chargeur secteur avec c\u00e2ble<\/p>\n<p>Batterie<\/p>\n<p>Station d\u2019accueil de recharge\/transfert<\/p>\n<p>\ud83d\udcf7 Les photos de l\u2019annonce montrent le produit r\u00e9el, dans son \u00e9tat actuel. Tout le mat\u00e9riel est test\u00e9 avant mise en vente.<\/p>","protected":false},"excerpt":{"rendered":"<p>\ud83d\udcf8 N\u2019h\u00e9sitez pas \u00e0 vous abonner \u00e0 mon Instagram (@analog_gwerz) si vous aimez la photo et les appareils. J\u2019y pr\u00e9sente du mat\u00e9riel et j\u2019y parle photo. JVC Everio GZ-MG275E \u2013 Cam\u00e9scope num\u00e9rique \u00e0 disque dur Le JVC Everio GZ-MG275E est un cam\u00e9scope compact et performant, \u00e9quip\u00e9 d\u2019un disque dur interne pour un enregistrement longue dur\u00e9e [&hellip;]<\/p>\n","protected":false},"featured_media":8225,"template":"","meta":[],"product_brand":[],"product_cat":[32,126,125,123],"product_tag":[],"class_list":{"0":"post-8228","1":"product","2":"type-product","3":"status-publish","4":"has-post-thumbnail","6":"product_cat-camescopes","7":"product_cat-camescopes-a-carte-memoire","8":"product_cat-camescopes-a-disque-dur","9":"product_cat-camescopes-numeriques","10":"pa_marque-jvc","12":"first","13":"outofstock","14":"purchasable","15":"product-type-simple"},"yoast_head":"<!-- This site is optimized with the Yoast SEO plugin v27.5 - https:\/\/yoast.com\/product\/yoast-seo-wordpress\/ -->\n<title>JVC Everio GZ-MG275E \u2013 Cam\u00e9scope num\u00e9rique \u00e0 disque dur est disponible sur la boutique !<\/title>\n<meta name=\"description\" content=\"Cliquez ici pour d\u00e9couvrir JVC Everio GZ-MG275E \u2013 Cam\u00e9scope num\u00e9rique \u00e0 disque dur sur la boutique.\" \/>\n<meta name=\"robots\" content=\"index, follow, max-snippet:-1, max-image-preview:large, max-video-preview:-1\" \/>\n<link rel=\"canonical\" href=\"https:\/\/www.analoggwerz.com\/en\/product\/jvc-everio-gz-mg275e-camescope-numerique-a-disque-dur\/\" \/>\n<meta property=\"og:locale\" content=\"en_US\" \/>\n<meta property=\"og:type\" content=\"article\" \/>\n<meta property=\"og:title\" content=\"JVC Everio GZ-MG275E \u2013 Cam\u00e9scope num\u00e9rique \u00e0 disque dur est disponible sur la boutique !\" \/>\n<meta property=\"og:description\" content=\"Cliquez ici pour d\u00e9couvrir JVC Everio GZ-MG275E \u2013 Cam\u00e9scope num\u00e9rique \u00e0 disque dur sur la boutique.\" \/>\n<meta property=\"og:url\" content=\"https:\/\/www.analoggwerz.com\/en\/product\/jvc-everio-gz-mg275e-camescope-numerique-a-disque-dur\/\" \/>\n<meta property=\"og:site_name\" content=\"Analog Gwerz\" \/>\n<meta property=\"article:modified_time\" content=\"2025-10-31T21:54:55+00:00\" \/>\n<meta property=\"og:image\" content=\"https:\/\/www.analoggwerz.com\/wp-content\/uploads\/2025\/09\/img_4561-scaled.jpeg\" \/>\n\t<meta property=\"og:image:width\" content=\"2560\" \/>\n\t<meta property=\"og:image:height\" content=\"1920\" \/>\n\t<meta property=\"og:image:type\" content=\"image\/jpeg\" \/>\n<meta name=\"twitter:card\" content=\"summary_large_image\" \/>\n<meta name=\"twitter:label1\" content=\"Est. reading time\" \/>\n\t<meta name=\"twitter:data1\" content=\"1 minute\" \/>\n<script type=\"application\/ld+json\" class=\"yoast-schema-graph\">{\"@context\":\"https:\\\/\\\/schema.org\",\"@graph\":[{\"@type\":\"WebPage\",\"@id\":\"https:\\\/\\\/www.analoggwerz.com\\\/produit\\\/jvc-everio-gz-mg275e-camescope-numerique-a-disque-dur\\\/\",\"url\":\"https:\\\/\\\/www.analoggwerz.com\\\/produit\\\/jvc-everio-gz-mg275e-camescope-numerique-a-disque-dur\\\/\",\"name\":\"JVC Everio GZ-MG275E \u2013 Cam\u00e9scope num\u00e9rique \u00e0 disque dur est disponible sur la boutique !\",\"isPartOf\":{\"@id\":\"https:\\\/\\\/www.analoggwerz.com\\\/#website\"},\"primaryImageOfPage\":{\"@id\":\"https:\\\/\\\/www.analoggwerz.com\\\/produit\\\/jvc-everio-gz-mg275e-camescope-numerique-a-disque-dur\\\/#primaryimage\"},\"image\":{\"@id\":\"https:\\\/\\\/www.analoggwerz.com\\\/produit\\\/jvc-everio-gz-mg275e-camescope-numerique-a-disque-dur\\\/#primaryimage\"},\"thumbnailUrl\":\"https:\\\/\\\/www.analoggwerz.com\\\/wp-content\\\/uploads\\\/2025\\\/09\\\/img_4561-scaled.jpeg\",\"datePublished\":\"2025-09-26T16:45:10+00:00\",\"dateModified\":\"2025-10-31T21:54:55+00:00\",\"description\":\"Cliquez ici pour d\u00e9couvrir JVC Everio GZ-MG275E \u2013 Cam\u00e9scope num\u00e9rique \u00e0 disque dur sur la boutique.\",\"breadcrumb\":{\"@id\":\"https:\\\/\\\/www.analoggwerz.com\\\/produit\\\/jvc-everio-gz-mg275e-camescope-numerique-a-disque-dur\\\/#breadcrumb\"},\"inLanguage\":\"en-US\",\"potentialAction\":[{\"@type\":\"ReadAction\",\"target\":[\"https:\\\/\\\/www.analoggwerz.com\\\/produit\\\/jvc-everio-gz-mg275e-camescope-numerique-a-disque-dur\\\/\"]}]},{\"@type\":\"ImageObject\",\"inLanguage\":\"en-US\",\"@id\":\"https:\\\/\\\/www.analoggwerz.com\\\/produit\\\/jvc-everio-gz-mg275e-camescope-numerique-a-disque-dur\\\/#primaryimage\",\"url\":\"https:\\\/\\\/www.analoggwerz.com\\\/wp-content\\\/uploads\\\/2025\\\/09\\\/img_4561-scaled.jpeg\",\"contentUrl\":\"https:\\\/\\\/www.analoggwerz.com\\\/wp-content\\\/uploads\\\/2025\\\/09\\\/img_4561-scaled.jpeg\",\"width\":2560,\"height\":1920},{\"@type\":\"BreadcrumbList\",\"@id\":\"https:\\\/\\\/www.analoggwerz.com\\\/produit\\\/jvc-everio-gz-mg275e-camescope-numerique-a-disque-dur\\\/#breadcrumb\",\"itemListElement\":[{\"@type\":\"ListItem\",\"position\":1,\"name\":\"Accueil\",\"item\":\"https:\\\/\\\/www.analoggwerz.com\\\/\"},{\"@type\":\"ListItem\",\"position\":2,\"name\":\"Boutique\",\"item\":\"https:\\\/\\\/www.analoggwerz.com\\\/shop\\\/\"},{\"@type\":\"ListItem\",\"position\":3,\"name\":\"JVC Everio GZ-MG275E \u2013 Cam\u00e9scope num\u00e9rique \u00e0 disque dur\"}]},{\"@type\":\"WebSite\",\"@id\":\"https:\\\/\\\/www.analoggwerz.com\\\/#website\",\"url\":\"https:\\\/\\\/www.analoggwerz.com\\\/\",\"name\":\"Analog Gwerz\",\"description\":\"Pas besoin de neuf pour capturer l&#039;instant !\",\"publisher\":{\"@id\":\"https:\\\/\\\/www.analoggwerz.com\\\/#organization\"},\"potentialAction\":[{\"@type\":\"SearchAction\",\"target\":{\"@type\":\"EntryPoint\",\"urlTemplate\":\"https:\\\/\\\/www.analoggwerz.com\\\/?s={search_term_string}\"},\"query-input\":{\"@type\":\"PropertyValueSpecification\",\"valueRequired\":true,\"valueName\":\"search_term_string\"}}],\"inLanguage\":\"en-US\"},{\"@type\":\"Organization\",\"@id\":\"https:\\\/\\\/www.analoggwerz.com\\\/#organization\",\"name\":\"Analog Gwerz\",\"url\":\"https:\\\/\\\/www.analoggwerz.com\\\/\",\"logo\":{\"@type\":\"ImageObject\",\"inLanguage\":\"en-US\",\"@id\":\"https:\\\/\\\/www.analoggwerz.com\\\/#\\\/schema\\\/logo\\\/image\\\/\",\"url\":\"https:\\\/\\\/www.analoggwerz.com\\\/wp-content\\\/uploads\\\/2025\\\/10\\\/000-LOGO-ANALOG-GWERZ-NOIR-1.png\",\"contentUrl\":\"https:\\\/\\\/www.analoggwerz.com\\\/wp-content\\\/uploads\\\/2025\\\/10\\\/000-LOGO-ANALOG-GWERZ-NOIR-1.png\",\"width\":800,\"height\":407,\"caption\":\"Analog Gwerz\"},\"image\":{\"@id\":\"https:\\\/\\\/www.analoggwerz.com\\\/#\\\/schema\\\/logo\\\/image\\\/\"},\"sameAs\":[\"https:\\\/\\\/www.instagram.com\\\/analog_gwerz\\\/\",\"https:\\\/\\\/www.tiktok.com\\\/@analog_gwerz\"]}]}<\/script>\n<!-- \/ Yoast SEO plugin. -->","yoast_head_json":{"title":"JVC Everio GZ-MG275E \u2013 Cam\u00e9scope num\u00e9rique \u00e0 disque dur est disponible sur la boutique !","description":"Cliquez ici pour d\u00e9couvrir JVC Everio GZ-MG275E \u2013 Cam\u00e9scope num\u00e9rique \u00e0 disque dur sur la boutique.","robots":{"index":"index","follow":"follow","max-snippet":"max-snippet:-1","max-image-preview":"max-image-preview:large","max-video-preview":"max-video-preview:-1"},"canonical":"https:\/\/www.analoggwerz.com\/en\/product\/jvc-everio-gz-mg275e-camescope-numerique-a-disque-dur\/","og_locale":"en_US","og_type":"article","og_title":"JVC Everio GZ-MG275E \u2013 Cam\u00e9scope num\u00e9rique \u00e0 disque dur est disponible sur la boutique !","og_description":"Cliquez ici pour d\u00e9couvrir JVC Everio GZ-MG275E \u2013 Cam\u00e9scope num\u00e9rique \u00e0 disque dur sur la boutique.","og_url":"https:\/\/www.analoggwerz.com\/en\/product\/jvc-everio-gz-mg275e-camescope-numerique-a-disque-dur\/","og_site_name":"Analog Gwerz","article_modified_time":"2025-10-31T21:54:55+00:00","og_image":[{"width":2560,"height":1920,"url":"https:\/\/www.analoggwerz.com\/wp-content\/uploads\/2025\/09\/img_4561-scaled.jpeg","type":"image\/jpeg"}],"twitter_card":"summary_large_image","twitter_misc":{"Est. reading time":"1 minute"},"schema":{"@context":"https:\/\/schema.org","@graph":[{"@type":"WebPage","@id":"https:\/\/www.analoggwerz.com\/produit\/jvc-everio-gz-mg275e-camescope-numerique-a-disque-dur\/","url":"https:\/\/www.analoggwerz.com\/produit\/jvc-everio-gz-mg275e-camescope-numerique-a-disque-dur\/","name":"JVC Everio GZ-MG275E \u2013 Cam\u00e9scope num\u00e9rique \u00e0 disque dur est disponible sur la boutique !","isPartOf":{"@id":"https:\/\/www.analoggwerz.com\/#website"},"primaryImageOfPage":{"@id":"https:\/\/www.analoggwerz.com\/produit\/jvc-everio-gz-mg275e-camescope-numerique-a-disque-dur\/#primaryimage"},"image":{"@id":"https:\/\/www.analoggwerz.com\/produit\/jvc-everio-gz-mg275e-camescope-numerique-a-disque-dur\/#primaryimage"},"thumbnailUrl":"https:\/\/www.analoggwerz.com\/wp-content\/uploads\/2025\/09\/img_4561-scaled.jpeg","datePublished":"2025-09-26T16:45:10+00:00","dateModified":"2025-10-31T21:54:55+00:00","description":"Cliquez ici pour d\u00e9couvrir JVC Everio GZ-MG275E \u2013 Cam\u00e9scope num\u00e9rique \u00e0 disque dur sur la boutique.","breadcrumb":{"@id":"https:\/\/www.analoggwerz.com\/produit\/jvc-everio-gz-mg275e-camescope-numerique-a-disque-dur\/#breadcrumb"},"inLanguage":"en-US","potentialAction":[{"@type":"ReadAction","target":["https:\/\/www.analoggwerz.com\/produit\/jvc-everio-gz-mg275e-camescope-numerique-a-disque-dur\/"]}]},{"@type":"ImageObject","inLanguage":"en-US","@id":"https:\/\/www.analoggwerz.com\/produit\/jvc-everio-gz-mg275e-camescope-numerique-a-disque-dur\/#primaryimage","url":"https:\/\/www.analoggwerz.com\/wp-content\/uploads\/2025\/09\/img_4561-scaled.jpeg","contentUrl":"https:\/\/www.analoggwerz.com\/wp-content\/uploads\/2025\/09\/img_4561-scaled.jpeg","width":2560,"height":1920},{"@type":"BreadcrumbList","@id":"https:\/\/www.analoggwerz.com\/produit\/jvc-everio-gz-mg275e-camescope-numerique-a-disque-dur\/#breadcrumb","itemListElement":[{"@type":"ListItem","position":1,"name":"Accueil","item":"https:\/\/www.analoggwerz.com\/"},{"@type":"ListItem","position":2,"name":"Boutique","item":"https:\/\/www.analoggwerz.com\/shop\/"},{"@type":"ListItem","position":3,"name":"JVC Everio GZ-MG275E \u2013 Cam\u00e9scope num\u00e9rique \u00e0 disque dur"}]},{"@type":"WebSite","@id":"https:\/\/www.analoggwerz.com\/#website","url":"https:\/\/www.analoggwerz.com\/","name":"Analog Gwerz","description":"Pas besoin de neuf pour capturer l&#039;instant !","publisher":{"@id":"https:\/\/www.analoggwerz.com\/#organization"},"potentialAction":[{"@type":"SearchAction","target":{"@type":"EntryPoint","urlTemplate":"https:\/\/www.analoggwerz.com\/?s={search_term_string}"},"query-input":{"@type":"PropertyValueSpecification","valueRequired":true,"valueName":"search_term_string"}}],"inLanguage":"en-US"},{"@type":"Organization","@id":"https:\/\/www.analoggwerz.com\/#organization","name":"Analog Gwerz","url":"https:\/\/www.analoggwerz.com\/","logo":{"@type":"ImageObject","inLanguage":"en-US","@id":"https:\/\/www.analoggwerz.com\/#\/schema\/logo\/image\/","url":"https:\/\/www.analoggwerz.com\/wp-content\/uploads\/2025\/10\/000-LOGO-ANALOG-GWERZ-NOIR-1.png","contentUrl":"https:\/\/www.analoggwerz.com\/wp-content\/uploads\/2025\/10\/000-LOGO-ANALOG-GWERZ-NOIR-1.png","width":800,"height":407,"caption":"Analog Gwerz"},"image":{"@id":"https:\/\/www.analoggwerz.com\/#\/schema\/logo\/image\/"},"sameAs":["https:\/\/www.instagram.com\/analog_gwerz\/","https:\/\/www.tiktok.com\/@analog_gwerz"]}]}},"jetpack_sharing_enabled":true,"_links":{"self":[{"href":"https:\/\/www.analoggwerz.com\/en\/wp-json\/wp\/v2\/product\/8228","targetHints":{"allow":["GET"]}}],"collection":[{"href":"https:\/\/www.analoggwerz.com\/en\/wp-json\/wp\/v2\/product"}],"about":[{"href":"https:\/\/www.analoggwerz.com\/en\/wp-json\/wp\/v2\/types\/product"}],"wp:featuredmedia":[{"embeddable":true,"href":"https:\/\/www.analoggwerz.com\/en\/wp-json\/wp\/v2\/media\/8225"}],"wp:attachment":[{"href":"https:\/\/www.analoggwerz.com\/en\/wp-json\/wp\/v2\/media?parent=8228"}],"wp:term":[{"taxonomy":"product_brand","embeddable":true,"href":"https:\/\/www.analoggwerz.com\/en\/wp-json\/wp\/v2\/product_brand?post=8228"},{"taxonomy":"product_cat","embeddable":true,"href":"https:\/\/www.analoggwerz.com\/en\/wp-json\/wp\/v2\/product_cat?post=8228"},{"taxonomy":"product_tag","embeddable":true,"href":"https:\/\/www.analoggwerz.com\/en\/wp-json\/wp\/v2\/product_tag?post=8228"}],"curies":[{"name":"wp","href":"https:\/\/api.w.org\/{rel}","templated":true}]}}