{"id":8125,"date":"2025-08-31T20:31:32","date_gmt":"2025-08-31T20:31:32","guid":{"rendered":"https:\/\/www.analoggwerz.com\/produit\/housse-noire-rigide-type-pixmania-pour-reflex-bandouliere-incluse\/"},"modified":"2025-10-31T21:54:56","modified_gmt":"2025-10-31T21:54:56","slug":"housse-noire-rigide-type-pixmania-pour-reflex-bandouliere-incluse","status":"publish","type":"product","link":"https:\/\/www.analoggwerz.com\/en\/product\/housse-noire-rigide-type-pixmania-pour-reflex-bandouliere-incluse\/","title":{"rendered":"Housse rigide type Pixmania pour reflex \u2013 Bandouli\u00e8re incluse &#8211; Noir"},"content":{"rendered":"<p><strong>N\u2019h\u00e9sitez pas \u00e0 vous abonner \u00e0 mon Instagram (@analog_gwerz) si vous aimez la photo et les appareils.<\/strong><\/p>\n<p><strong>Housse noire rigide type Pixmania pour reflex \u2013 Bandouli\u00e8re incluse<\/strong><\/p>\n<p><strong>Solide housse noire adapt\u00e9e aux reflex num\u00e9riques de type Nikon D5300 ou similaires. Format trap\u00e9zo\u00efdal rigide avec ouverture par zip et boucle de s\u00e9curit\u00e9 \u00e0 l\u2019avant. Int\u00e9rieur doubl\u00e9 vert clair avec compartiments de rangement, filet zipp\u00e9 et cloison amovible.<\/strong><\/p>\n<p><strong>Compatible avec de nombreux reflex compacts, elle peut contenir un bo\u00eetier avec un petit objectif mont\u00e9. Une pochette filet sur le c\u00f4t\u00e9 permet d\u2019ajouter des accessoires. Le port peut se faire \u00e0 la ceinture ou \u00e0 l\u2019\u00e9paule gr\u00e2ce \u00e0 sa sangle amovible.<\/strong><\/p>\n<p><strong>Dimensions ext\u00e9rieures estim\u00e9es : 17 \u00d7 14 \u00d7 10 cm environ.<\/strong><\/p>\n<p><strong>\u00c9tat : tr\u00e8s bon, propre, int\u00e9rieur en bon \u00e9tat.<\/strong><\/p>\n<p><strong>Couleur : noir.<\/strong><\/p>\n<p><strong>Poign\u00e9e + bandouli\u00e8re amovible fournies.<\/strong><\/p>","protected":false},"excerpt":{"rendered":"<p>N\u2019h\u00e9sitez pas \u00e0 vous abonner \u00e0 mon Instagram (@analog_gwerz) si vous aimez la photo et les appareils. Housse noire rigide type Pixmania pour reflex \u2013 Bandouli\u00e8re incluse Solide housse noire adapt\u00e9e aux reflex num\u00e9riques de type Nikon D5300 ou similaires. Format trap\u00e9zo\u00efdal rigide avec ouverture par zip et boucle de s\u00e9curit\u00e9 \u00e0 l\u2019avant. Int\u00e9rieur doubl\u00e9 [&hellip;]<\/p>\n","protected":false},"featured_media":8124,"template":"","meta":[],"product_brand":[],"product_cat":[55,143,147],"product_tag":[],"class_list":{"0":"post-8125","1":"product","2":"type-product","3":"status-publish","4":"has-post-thumbnail","6":"product_cat-accessoires","7":"product_cat-etuis-et-sacoches","8":"product_cat-grande-sacoche","9":"pa_couleur-noir","11":"first","12":"instock","13":"purchasable","14":"product-type-simple"},"yoast_head":"<!-- This site is optimized with the Yoast SEO plugin v27.5 - https:\/\/yoast.com\/product\/yoast-seo-wordpress\/ -->\n<title>Housse rigide type Pixmania pour reflex \u2013 Bandouli\u00e8re incluse - Noir est disponible sur la boutique !<\/title>\n<meta name=\"description\" content=\"Cliquez ici pour d\u00e9couvrir Housse rigide type Pixmania pour reflex \u2013 Bandouli\u00e8re incluse - Noir sur la boutique.\" \/>\n<meta name=\"robots\" content=\"index, follow, max-snippet:-1, max-image-preview:large, max-video-preview:-1\" \/>\n<link rel=\"canonical\" href=\"https:\/\/www.analoggwerz.com\/en\/product\/housse-noire-rigide-type-pixmania-pour-reflex-bandouliere-incluse\/\" \/>\n<meta property=\"og:locale\" content=\"en_US\" \/>\n<meta property=\"og:type\" content=\"article\" \/>\n<meta property=\"og:title\" content=\"Housse rigide type Pixmania pour reflex \u2013 Bandouli\u00e8re incluse - Noir est disponible sur la boutique !\" \/>\n<meta property=\"og:description\" content=\"Cliquez ici pour d\u00e9couvrir Housse rigide type Pixmania pour reflex \u2013 Bandouli\u00e8re incluse - Noir sur la boutique.\" \/>\n<meta property=\"og:url\" content=\"https:\/\/www.analoggwerz.com\/en\/product\/housse-noire-rigide-type-pixmania-pour-reflex-bandouliere-incluse\/\" \/>\n<meta property=\"og:site_name\" content=\"Analog Gwerz\" \/>\n<meta property=\"article:modified_time\" content=\"2025-10-31T21:54:56+00:00\" \/>\n<meta property=\"og:image\" content=\"https:\/\/www.analoggwerz.com\/wp-content\/uploads\/2025\/08\/img_4017-scaled.jpeg\" \/>\n\t<meta property=\"og:image:width\" content=\"2560\" \/>\n\t<meta property=\"og:image:height\" content=\"1920\" \/>\n\t<meta property=\"og:image:type\" content=\"image\/jpeg\" \/>\n<meta name=\"twitter:card\" content=\"summary_large_image\" \/>\n<meta name=\"twitter:label1\" content=\"Est. reading time\" \/>\n\t<meta name=\"twitter:data1\" content=\"1 minute\" \/>\n<script type=\"application\/ld+json\" class=\"yoast-schema-graph\">{\"@context\":\"https:\\\/\\\/schema.org\",\"@graph\":[{\"@type\":\"WebPage\",\"@id\":\"https:\\\/\\\/www.analoggwerz.com\\\/produit\\\/housse-noire-rigide-type-pixmania-pour-reflex-bandouliere-incluse\\\/\",\"url\":\"https:\\\/\\\/www.analoggwerz.com\\\/produit\\\/housse-noire-rigide-type-pixmania-pour-reflex-bandouliere-incluse\\\/\",\"name\":\"Housse rigide type Pixmania pour reflex \u2013 Bandouli\u00e8re incluse - Noir est disponible sur la boutique !\",\"isPartOf\":{\"@id\":\"https:\\\/\\\/www.analoggwerz.com\\\/#website\"},\"primaryImageOfPage\":{\"@id\":\"https:\\\/\\\/www.analoggwerz.com\\\/produit\\\/housse-noire-rigide-type-pixmania-pour-reflex-bandouliere-incluse\\\/#primaryimage\"},\"image\":{\"@id\":\"https:\\\/\\\/www.analoggwerz.com\\\/produit\\\/housse-noire-rigide-type-pixmania-pour-reflex-bandouliere-incluse\\\/#primaryimage\"},\"thumbnailUrl\":\"https:\\\/\\\/www.analoggwerz.com\\\/wp-content\\\/uploads\\\/2025\\\/08\\\/img_4017-scaled.jpeg\",\"datePublished\":\"2025-08-31T20:31:32+00:00\",\"dateModified\":\"2025-10-31T21:54:56+00:00\",\"description\":\"Cliquez ici pour d\u00e9couvrir Housse rigide type Pixmania pour reflex \u2013 Bandouli\u00e8re incluse - Noir sur la boutique.\",\"breadcrumb\":{\"@id\":\"https:\\\/\\\/www.analoggwerz.com\\\/produit\\\/housse-noire-rigide-type-pixmania-pour-reflex-bandouliere-incluse\\\/#breadcrumb\"},\"inLanguage\":\"en-US\",\"potentialAction\":[{\"@type\":\"ReadAction\",\"target\":[\"https:\\\/\\\/www.analoggwerz.com\\\/produit\\\/housse-noire-rigide-type-pixmania-pour-reflex-bandouliere-incluse\\\/\"]}]},{\"@type\":\"ImageObject\",\"inLanguage\":\"en-US\",\"@id\":\"https:\\\/\\\/www.analoggwerz.com\\\/produit\\\/housse-noire-rigide-type-pixmania-pour-reflex-bandouliere-incluse\\\/#primaryimage\",\"url\":\"https:\\\/\\\/www.analoggwerz.com\\\/wp-content\\\/uploads\\\/2025\\\/08\\\/img_4017-scaled.jpeg\",\"contentUrl\":\"https:\\\/\\\/www.analoggwerz.com\\\/wp-content\\\/uploads\\\/2025\\\/08\\\/img_4017-scaled.jpeg\",\"width\":2560,\"height\":1920},{\"@type\":\"BreadcrumbList\",\"@id\":\"https:\\\/\\\/www.analoggwerz.com\\\/produit\\\/housse-noire-rigide-type-pixmania-pour-reflex-bandouliere-incluse\\\/#breadcrumb\",\"itemListElement\":[{\"@type\":\"ListItem\",\"position\":1,\"name\":\"Accueil\",\"item\":\"https:\\\/\\\/www.analoggwerz.com\\\/\"},{\"@type\":\"ListItem\",\"position\":2,\"name\":\"Boutique\",\"item\":\"https:\\\/\\\/www.analoggwerz.com\\\/shop\\\/\"},{\"@type\":\"ListItem\",\"position\":3,\"name\":\"Housse rigide type Pixmania pour reflex \u2013 Bandouli\u00e8re incluse &#8211; Noir\"}]},{\"@type\":\"WebSite\",\"@id\":\"https:\\\/\\\/www.analoggwerz.com\\\/#website\",\"url\":\"https:\\\/\\\/www.analoggwerz.com\\\/\",\"name\":\"Analog Gwerz\",\"description\":\"Pas besoin de neuf pour capturer l&#039;instant !\",\"publisher\":{\"@id\":\"https:\\\/\\\/www.analoggwerz.com\\\/#organization\"},\"potentialAction\":[{\"@type\":\"SearchAction\",\"target\":{\"@type\":\"EntryPoint\",\"urlTemplate\":\"https:\\\/\\\/www.analoggwerz.com\\\/?s={search_term_string}\"},\"query-input\":{\"@type\":\"PropertyValueSpecification\",\"valueRequired\":true,\"valueName\":\"search_term_string\"}}],\"inLanguage\":\"en-US\"},{\"@type\":\"Organization\",\"@id\":\"https:\\\/\\\/www.analoggwerz.com\\\/#organization\",\"name\":\"Analog Gwerz\",\"url\":\"https:\\\/\\\/www.analoggwerz.com\\\/\",\"logo\":{\"@type\":\"ImageObject\",\"inLanguage\":\"en-US\",\"@id\":\"https:\\\/\\\/www.analoggwerz.com\\\/#\\\/schema\\\/logo\\\/image\\\/\",\"url\":\"https:\\\/\\\/www.analoggwerz.com\\\/wp-content\\\/uploads\\\/2025\\\/10\\\/000-LOGO-ANALOG-GWERZ-NOIR-1.png\",\"contentUrl\":\"https:\\\/\\\/www.analoggwerz.com\\\/wp-content\\\/uploads\\\/2025\\\/10\\\/000-LOGO-ANALOG-GWERZ-NOIR-1.png\",\"width\":800,\"height\":407,\"caption\":\"Analog Gwerz\"},\"image\":{\"@id\":\"https:\\\/\\\/www.analoggwerz.com\\\/#\\\/schema\\\/logo\\\/image\\\/\"},\"sameAs\":[\"https:\\\/\\\/www.instagram.com\\\/analog_gwerz\\\/\",\"https:\\\/\\\/www.tiktok.com\\\/@analog_gwerz\"]}]}<\/script>\n<!-- \/ Yoast SEO plugin. -->","yoast_head_json":{"title":"Housse rigide type Pixmania pour reflex \u2013 Bandouli\u00e8re incluse - Noir est disponible sur la boutique !","description":"Cliquez ici pour d\u00e9couvrir Housse rigide type Pixmania pour reflex \u2013 Bandouli\u00e8re incluse - Noir sur la boutique.","robots":{"index":"index","follow":"follow","max-snippet":"max-snippet:-1","max-image-preview":"max-image-preview:large","max-video-preview":"max-video-preview:-1"},"canonical":"https:\/\/www.analoggwerz.com\/en\/product\/housse-noire-rigide-type-pixmania-pour-reflex-bandouliere-incluse\/","og_locale":"en_US","og_type":"article","og_title":"Housse rigide type Pixmania pour reflex \u2013 Bandouli\u00e8re incluse - Noir est disponible sur la boutique !","og_description":"Cliquez ici pour d\u00e9couvrir Housse rigide type Pixmania pour reflex \u2013 Bandouli\u00e8re incluse - Noir sur la boutique.","og_url":"https:\/\/www.analoggwerz.com\/en\/product\/housse-noire-rigide-type-pixmania-pour-reflex-bandouliere-incluse\/","og_site_name":"Analog Gwerz","article_modified_time":"2025-10-31T21:54:56+00:00","og_image":[{"width":2560,"height":1920,"url":"https:\/\/www.analoggwerz.com\/wp-content\/uploads\/2025\/08\/img_4017-scaled.jpeg","type":"image\/jpeg"}],"twitter_card":"summary_large_image","twitter_misc":{"Est. reading time":"1 minute"},"schema":{"@context":"https:\/\/schema.org","@graph":[{"@type":"WebPage","@id":"https:\/\/www.analoggwerz.com\/produit\/housse-noire-rigide-type-pixmania-pour-reflex-bandouliere-incluse\/","url":"https:\/\/www.analoggwerz.com\/produit\/housse-noire-rigide-type-pixmania-pour-reflex-bandouliere-incluse\/","name":"Housse rigide type Pixmania pour reflex \u2013 Bandouli\u00e8re incluse - Noir est disponible sur la boutique !","isPartOf":{"@id":"https:\/\/www.analoggwerz.com\/#website"},"primaryImageOfPage":{"@id":"https:\/\/www.analoggwerz.com\/produit\/housse-noire-rigide-type-pixmania-pour-reflex-bandouliere-incluse\/#primaryimage"},"image":{"@id":"https:\/\/www.analoggwerz.com\/produit\/housse-noire-rigide-type-pixmania-pour-reflex-bandouliere-incluse\/#primaryimage"},"thumbnailUrl":"https:\/\/www.analoggwerz.com\/wp-content\/uploads\/2025\/08\/img_4017-scaled.jpeg","datePublished":"2025-08-31T20:31:32+00:00","dateModified":"2025-10-31T21:54:56+00:00","description":"Cliquez ici pour d\u00e9couvrir Housse rigide type Pixmania pour reflex \u2013 Bandouli\u00e8re incluse - Noir sur la boutique.","breadcrumb":{"@id":"https:\/\/www.analoggwerz.com\/produit\/housse-noire-rigide-type-pixmania-pour-reflex-bandouliere-incluse\/#breadcrumb"},"inLanguage":"en-US","potentialAction":[{"@type":"ReadAction","target":["https:\/\/www.analoggwerz.com\/produit\/housse-noire-rigide-type-pixmania-pour-reflex-bandouliere-incluse\/"]}]},{"@type":"ImageObject","inLanguage":"en-US","@id":"https:\/\/www.analoggwerz.com\/produit\/housse-noire-rigide-type-pixmania-pour-reflex-bandouliere-incluse\/#primaryimage","url":"https:\/\/www.analoggwerz.com\/wp-content\/uploads\/2025\/08\/img_4017-scaled.jpeg","contentUrl":"https:\/\/www.analoggwerz.com\/wp-content\/uploads\/2025\/08\/img_4017-scaled.jpeg","width":2560,"height":1920},{"@type":"BreadcrumbList","@id":"https:\/\/www.analoggwerz.com\/produit\/housse-noire-rigide-type-pixmania-pour-reflex-bandouliere-incluse\/#breadcrumb","itemListElement":[{"@type":"ListItem","position":1,"name":"Accueil","item":"https:\/\/www.analoggwerz.com\/"},{"@type":"ListItem","position":2,"name":"Boutique","item":"https:\/\/www.analoggwerz.com\/shop\/"},{"@type":"ListItem","position":3,"name":"Housse rigide type Pixmania pour reflex \u2013 Bandouli\u00e8re incluse &#8211; Noir"}]},{"@type":"WebSite","@id":"https:\/\/www.analoggwerz.com\/#website","url":"https:\/\/www.analoggwerz.com\/","name":"Analog Gwerz","description":"Pas besoin de neuf pour capturer l&#039;instant !","publisher":{"@id":"https:\/\/www.analoggwerz.com\/#organization"},"potentialAction":[{"@type":"SearchAction","target":{"@type":"EntryPoint","urlTemplate":"https:\/\/www.analoggwerz.com\/?s={search_term_string}"},"query-input":{"@type":"PropertyValueSpecification","valueRequired":true,"valueName":"search_term_string"}}],"inLanguage":"en-US"},{"@type":"Organization","@id":"https:\/\/www.analoggwerz.com\/#organization","name":"Analog Gwerz","url":"https:\/\/www.analoggwerz.com\/","logo":{"@type":"ImageObject","inLanguage":"en-US","@id":"https:\/\/www.analoggwerz.com\/#\/schema\/logo\/image\/","url":"https:\/\/www.analoggwerz.com\/wp-content\/uploads\/2025\/10\/000-LOGO-ANALOG-GWERZ-NOIR-1.png","contentUrl":"https:\/\/www.analoggwerz.com\/wp-content\/uploads\/2025\/10\/000-LOGO-ANALOG-GWERZ-NOIR-1.png","width":800,"height":407,"caption":"Analog Gwerz"},"image":{"@id":"https:\/\/www.analoggwerz.com\/#\/schema\/logo\/image\/"},"sameAs":["https:\/\/www.instagram.com\/analog_gwerz\/","https:\/\/www.tiktok.com\/@analog_gwerz"]}]}},"jetpack_sharing_enabled":true,"_links":{"self":[{"href":"https:\/\/www.analoggwerz.com\/en\/wp-json\/wp\/v2\/product\/8125","targetHints":{"allow":["GET"]}}],"collection":[{"href":"https:\/\/www.analoggwerz.com\/en\/wp-json\/wp\/v2\/product"}],"about":[{"href":"https:\/\/www.analoggwerz.com\/en\/wp-json\/wp\/v2\/types\/product"}],"wp:featuredmedia":[{"embeddable":true,"href":"https:\/\/www.analoggwerz.com\/en\/wp-json\/wp\/v2\/media\/8124"}],"wp:attachment":[{"href":"https:\/\/www.analoggwerz.com\/en\/wp-json\/wp\/v2\/media?parent=8125"}],"wp:term":[{"taxonomy":"product_brand","embeddable":true,"href":"https:\/\/www.analoggwerz.com\/en\/wp-json\/wp\/v2\/product_brand?post=8125"},{"taxonomy":"product_cat","embeddable":true,"href":"https:\/\/www.analoggwerz.com\/en\/wp-json\/wp\/v2\/product_cat?post=8125"},{"taxonomy":"product_tag","embeddable":true,"href":"https:\/\/www.analoggwerz.com\/en\/wp-json\/wp\/v2\/product_tag?post=8125"}],"curies":[{"name":"wp","href":"https:\/\/api.w.org\/{rel}","templated":true}]}}