{"id":8093,"date":"2025-08-31T20:03:18","date_gmt":"2025-08-31T20:03:18","guid":{"rendered":"https:\/\/www.analoggwerz.com\/produit\/objectif-auto-cosinon-35mm-f-2-8-monture-m42\/"},"modified":"2025-10-31T21:54:56","modified_gmt":"2025-10-31T21:54:56","slug":"objectif-auto-cosinon-35mm-f-2-8-monture-m42","status":"publish","type":"product","link":"https:\/\/www.analoggwerz.com\/en\/product\/objectif-auto-cosinon-35mm-f-2-8-monture-m42\/","title":{"rendered":"Objectif Auto Cosinon 35mm f\/2.8 \u2013 Monture M42 &#8211; Noir"},"content":{"rendered":"<p>Objectif Auto Cosinon 35mm f\/2.8 \u2013 Monture M42<\/p>\n<p>Objectif grand angle compact et lumineux, parfait pour la photo de rue, le paysage ou l\u2019usage g\u00e9n\u00e9ral sur un reflex argentique \u00e0 monture M42, ou adapt\u00e9 en num\u00e9rique.<\/p>\n<p>\ud83d\udcf8 Caract\u00e9ristiques :<\/p>\n<p>Focale fixe : 35mm<\/p>\n<p>Ouverture maximale : f\/2.8<\/p>\n<p>Monture : M42 \u00e0 vis<\/p>\n<p>Mise au point manuelle<\/p>\n<p>Fabrication japonaise robuste<\/p>\n<p>\ud83e\uddf0 \u00c9tat g\u00e9n\u00e9ral :<\/p>\n<p>Lentilles en tr\u00e8s bon \u00e9tat, sans rayures ni champignons. Diaphragme fluide et propre. Monture et filetage en excellent \u00e9tat. Vendu avec son bouchon avant.<\/p>\n<p>\ud83d\udce6 Accessoire inclus :<\/p>\n<p>Bouchon avant<\/p>\n<p>\ud83d\udca1 \u00c0 savoir :<\/p>\n<p>Monture M42 compatible avec de nombreux bo\u00eetiers argentiques ou hybrides via adaptateur. Id\u00e9al pour les amateurs de rendu vintage avec du caract\u00e8re, tout en restant net et contrast\u00e9.<\/p>\n<p>\ud83d\udcf7 Toutes les photos sont contractuelles. Envoi rapide et soign\u00e9.<\/p>\n<p>\ud83d\udcac N\u2019h\u00e9sitez pas \u00e0 vous abonner \u00e0 mon Instagram (@analog_gwerz) si vous aimez la photo et les appareils.<\/p>","protected":false},"excerpt":{"rendered":"<p>Objectif Auto Cosinon 35mm f\/2.8 \u2013 Monture M42 Objectif grand angle compact et lumineux, parfait pour la photo de rue, le paysage ou l\u2019usage g\u00e9n\u00e9ral sur un reflex argentique \u00e0 monture M42, ou adapt\u00e9 en num\u00e9rique. \ud83d\udcf8 Caract\u00e9ristiques : Focale fixe : 35mm Ouverture maximale : f\/2.8 Monture : M42 \u00e0 vis Mise au point [&hellip;]<\/p>\n","protected":false},"featured_media":8091,"template":"","meta":[],"product_brand":[],"product_cat":[57,174],"product_tag":[],"class_list":{"0":"post-8093","1":"product","2":"type-product","3":"status-publish","4":"has-post-thumbnail","6":"product_cat-objectifs","7":"product_cat-objectifs-a-focale-fixe","8":"pa_couleur-noir","9":"pa_marque-autre","11":"first","12":"instock","13":"purchasable","14":"product-type-simple"},"yoast_head":"<!-- This site is optimized with the Yoast SEO plugin v27.5 - https:\/\/yoast.com\/product\/yoast-seo-wordpress\/ -->\n<title>Objectif Auto Cosinon 35mm f\/2.8 \u2013 Monture M42 - Noir est disponible sur la boutique !<\/title>\n<meta name=\"description\" content=\"Cliquez ici pour d\u00e9couvrir Objectif Auto Cosinon 35mm f\/2.8 \u2013 Monture M42 - Noir sur la boutique.\" \/>\n<meta name=\"robots\" content=\"index, follow, max-snippet:-1, max-image-preview:large, max-video-preview:-1\" \/>\n<link rel=\"canonical\" href=\"https:\/\/www.analoggwerz.com\/en\/product\/objectif-auto-cosinon-35mm-f-2-8-monture-m42\/\" \/>\n<meta property=\"og:locale\" content=\"en_US\" \/>\n<meta property=\"og:type\" content=\"article\" \/>\n<meta property=\"og:title\" content=\"Objectif Auto Cosinon 35mm f\/2.8 \u2013 Monture M42 - Noir est disponible sur la boutique !\" \/>\n<meta property=\"og:description\" content=\"Cliquez ici pour d\u00e9couvrir Objectif Auto Cosinon 35mm f\/2.8 \u2013 Monture M42 - Noir sur la boutique.\" \/>\n<meta property=\"og:url\" content=\"https:\/\/www.analoggwerz.com\/en\/product\/objectif-auto-cosinon-35mm-f-2-8-monture-m42\/\" \/>\n<meta property=\"og:site_name\" content=\"Analog Gwerz\" \/>\n<meta property=\"article:modified_time\" content=\"2025-10-31T21:54:56+00:00\" \/>\n<meta property=\"og:image\" content=\"https:\/\/www.analoggwerz.com\/wp-content\/uploads\/2025\/08\/img_4047-scaled.jpeg\" \/>\n\t<meta property=\"og:image:width\" content=\"2560\" \/>\n\t<meta property=\"og:image:height\" content=\"1920\" \/>\n\t<meta property=\"og:image:type\" content=\"image\/jpeg\" \/>\n<meta name=\"twitter:card\" content=\"summary_large_image\" \/>\n<meta name=\"twitter:label1\" content=\"Est. reading time\" \/>\n\t<meta name=\"twitter:data1\" content=\"1 minute\" \/>\n<script type=\"application\/ld+json\" class=\"yoast-schema-graph\">{\"@context\":\"https:\\\/\\\/schema.org\",\"@graph\":[{\"@type\":\"WebPage\",\"@id\":\"https:\\\/\\\/www.analoggwerz.com\\\/produit\\\/objectif-auto-cosinon-35mm-f-2-8-monture-m42\\\/\",\"url\":\"https:\\\/\\\/www.analoggwerz.com\\\/produit\\\/objectif-auto-cosinon-35mm-f-2-8-monture-m42\\\/\",\"name\":\"Objectif Auto Cosinon 35mm f\\\/2.8 \u2013 Monture M42 - Noir est disponible sur la boutique !\",\"isPartOf\":{\"@id\":\"https:\\\/\\\/www.analoggwerz.com\\\/#website\"},\"primaryImageOfPage\":{\"@id\":\"https:\\\/\\\/www.analoggwerz.com\\\/produit\\\/objectif-auto-cosinon-35mm-f-2-8-monture-m42\\\/#primaryimage\"},\"image\":{\"@id\":\"https:\\\/\\\/www.analoggwerz.com\\\/produit\\\/objectif-auto-cosinon-35mm-f-2-8-monture-m42\\\/#primaryimage\"},\"thumbnailUrl\":\"https:\\\/\\\/www.analoggwerz.com\\\/wp-content\\\/uploads\\\/2025\\\/08\\\/img_4047-scaled.jpeg\",\"datePublished\":\"2025-08-31T20:03:18+00:00\",\"dateModified\":\"2025-10-31T21:54:56+00:00\",\"description\":\"Cliquez ici pour d\u00e9couvrir Objectif Auto Cosinon 35mm f\\\/2.8 \u2013 Monture M42 - Noir sur la boutique.\",\"breadcrumb\":{\"@id\":\"https:\\\/\\\/www.analoggwerz.com\\\/produit\\\/objectif-auto-cosinon-35mm-f-2-8-monture-m42\\\/#breadcrumb\"},\"inLanguage\":\"en-US\",\"potentialAction\":[{\"@type\":\"ReadAction\",\"target\":[\"https:\\\/\\\/www.analoggwerz.com\\\/produit\\\/objectif-auto-cosinon-35mm-f-2-8-monture-m42\\\/\"]}]},{\"@type\":\"ImageObject\",\"inLanguage\":\"en-US\",\"@id\":\"https:\\\/\\\/www.analoggwerz.com\\\/produit\\\/objectif-auto-cosinon-35mm-f-2-8-monture-m42\\\/#primaryimage\",\"url\":\"https:\\\/\\\/www.analoggwerz.com\\\/wp-content\\\/uploads\\\/2025\\\/08\\\/img_4047-scaled.jpeg\",\"contentUrl\":\"https:\\\/\\\/www.analoggwerz.com\\\/wp-content\\\/uploads\\\/2025\\\/08\\\/img_4047-scaled.jpeg\",\"width\":2560,\"height\":1920},{\"@type\":\"BreadcrumbList\",\"@id\":\"https:\\\/\\\/www.analoggwerz.com\\\/produit\\\/objectif-auto-cosinon-35mm-f-2-8-monture-m42\\\/#breadcrumb\",\"itemListElement\":[{\"@type\":\"ListItem\",\"position\":1,\"name\":\"Accueil\",\"item\":\"https:\\\/\\\/www.analoggwerz.com\\\/\"},{\"@type\":\"ListItem\",\"position\":2,\"name\":\"Boutique\",\"item\":\"https:\\\/\\\/www.analoggwerz.com\\\/shop\\\/\"},{\"@type\":\"ListItem\",\"position\":3,\"name\":\"Objectif Auto Cosinon 35mm f\\\/2.8 \u2013 Monture M42 &#8211; Noir\"}]},{\"@type\":\"WebSite\",\"@id\":\"https:\\\/\\\/www.analoggwerz.com\\\/#website\",\"url\":\"https:\\\/\\\/www.analoggwerz.com\\\/\",\"name\":\"Analog Gwerz\",\"description\":\"Pas besoin de neuf pour capturer l&#039;instant !\",\"publisher\":{\"@id\":\"https:\\\/\\\/www.analoggwerz.com\\\/#organization\"},\"potentialAction\":[{\"@type\":\"SearchAction\",\"target\":{\"@type\":\"EntryPoint\",\"urlTemplate\":\"https:\\\/\\\/www.analoggwerz.com\\\/?s={search_term_string}\"},\"query-input\":{\"@type\":\"PropertyValueSpecification\",\"valueRequired\":true,\"valueName\":\"search_term_string\"}}],\"inLanguage\":\"en-US\"},{\"@type\":\"Organization\",\"@id\":\"https:\\\/\\\/www.analoggwerz.com\\\/#organization\",\"name\":\"Analog Gwerz\",\"url\":\"https:\\\/\\\/www.analoggwerz.com\\\/\",\"logo\":{\"@type\":\"ImageObject\",\"inLanguage\":\"en-US\",\"@id\":\"https:\\\/\\\/www.analoggwerz.com\\\/#\\\/schema\\\/logo\\\/image\\\/\",\"url\":\"https:\\\/\\\/www.analoggwerz.com\\\/wp-content\\\/uploads\\\/2025\\\/10\\\/000-LOGO-ANALOG-GWERZ-NOIR-1.png\",\"contentUrl\":\"https:\\\/\\\/www.analoggwerz.com\\\/wp-content\\\/uploads\\\/2025\\\/10\\\/000-LOGO-ANALOG-GWERZ-NOIR-1.png\",\"width\":800,\"height\":407,\"caption\":\"Analog Gwerz\"},\"image\":{\"@id\":\"https:\\\/\\\/www.analoggwerz.com\\\/#\\\/schema\\\/logo\\\/image\\\/\"},\"sameAs\":[\"https:\\\/\\\/www.instagram.com\\\/analog_gwerz\\\/\",\"https:\\\/\\\/www.tiktok.com\\\/@analog_gwerz\"]}]}<\/script>\n<!-- \/ Yoast SEO plugin. -->","yoast_head_json":{"title":"Objectif Auto Cosinon 35mm f\/2.8 \u2013 Monture M42 - Noir est disponible sur la boutique !","description":"Cliquez ici pour d\u00e9couvrir Objectif Auto Cosinon 35mm f\/2.8 \u2013 Monture M42 - Noir sur la boutique.","robots":{"index":"index","follow":"follow","max-snippet":"max-snippet:-1","max-image-preview":"max-image-preview:large","max-video-preview":"max-video-preview:-1"},"canonical":"https:\/\/www.analoggwerz.com\/en\/product\/objectif-auto-cosinon-35mm-f-2-8-monture-m42\/","og_locale":"en_US","og_type":"article","og_title":"Objectif Auto Cosinon 35mm f\/2.8 \u2013 Monture M42 - Noir est disponible sur la boutique !","og_description":"Cliquez ici pour d\u00e9couvrir Objectif Auto Cosinon 35mm f\/2.8 \u2013 Monture M42 - Noir sur la boutique.","og_url":"https:\/\/www.analoggwerz.com\/en\/product\/objectif-auto-cosinon-35mm-f-2-8-monture-m42\/","og_site_name":"Analog Gwerz","article_modified_time":"2025-10-31T21:54:56+00:00","og_image":[{"width":2560,"height":1920,"url":"https:\/\/www.analoggwerz.com\/wp-content\/uploads\/2025\/08\/img_4047-scaled.jpeg","type":"image\/jpeg"}],"twitter_card":"summary_large_image","twitter_misc":{"Est. reading time":"1 minute"},"schema":{"@context":"https:\/\/schema.org","@graph":[{"@type":"WebPage","@id":"https:\/\/www.analoggwerz.com\/produit\/objectif-auto-cosinon-35mm-f-2-8-monture-m42\/","url":"https:\/\/www.analoggwerz.com\/produit\/objectif-auto-cosinon-35mm-f-2-8-monture-m42\/","name":"Objectif Auto Cosinon 35mm f\/2.8 \u2013 Monture M42 - Noir est disponible sur la boutique !","isPartOf":{"@id":"https:\/\/www.analoggwerz.com\/#website"},"primaryImageOfPage":{"@id":"https:\/\/www.analoggwerz.com\/produit\/objectif-auto-cosinon-35mm-f-2-8-monture-m42\/#primaryimage"},"image":{"@id":"https:\/\/www.analoggwerz.com\/produit\/objectif-auto-cosinon-35mm-f-2-8-monture-m42\/#primaryimage"},"thumbnailUrl":"https:\/\/www.analoggwerz.com\/wp-content\/uploads\/2025\/08\/img_4047-scaled.jpeg","datePublished":"2025-08-31T20:03:18+00:00","dateModified":"2025-10-31T21:54:56+00:00","description":"Cliquez ici pour d\u00e9couvrir Objectif Auto Cosinon 35mm f\/2.8 \u2013 Monture M42 - Noir sur la boutique.","breadcrumb":{"@id":"https:\/\/www.analoggwerz.com\/produit\/objectif-auto-cosinon-35mm-f-2-8-monture-m42\/#breadcrumb"},"inLanguage":"en-US","potentialAction":[{"@type":"ReadAction","target":["https:\/\/www.analoggwerz.com\/produit\/objectif-auto-cosinon-35mm-f-2-8-monture-m42\/"]}]},{"@type":"ImageObject","inLanguage":"en-US","@id":"https:\/\/www.analoggwerz.com\/produit\/objectif-auto-cosinon-35mm-f-2-8-monture-m42\/#primaryimage","url":"https:\/\/www.analoggwerz.com\/wp-content\/uploads\/2025\/08\/img_4047-scaled.jpeg","contentUrl":"https:\/\/www.analoggwerz.com\/wp-content\/uploads\/2025\/08\/img_4047-scaled.jpeg","width":2560,"height":1920},{"@type":"BreadcrumbList","@id":"https:\/\/www.analoggwerz.com\/produit\/objectif-auto-cosinon-35mm-f-2-8-monture-m42\/#breadcrumb","itemListElement":[{"@type":"ListItem","position":1,"name":"Accueil","item":"https:\/\/www.analoggwerz.com\/"},{"@type":"ListItem","position":2,"name":"Boutique","item":"https:\/\/www.analoggwerz.com\/shop\/"},{"@type":"ListItem","position":3,"name":"Objectif Auto Cosinon 35mm f\/2.8 \u2013 Monture M42 &#8211; Noir"}]},{"@type":"WebSite","@id":"https:\/\/www.analoggwerz.com\/#website","url":"https:\/\/www.analoggwerz.com\/","name":"Analog Gwerz","description":"Pas besoin de neuf pour capturer l&#039;instant !","publisher":{"@id":"https:\/\/www.analoggwerz.com\/#organization"},"potentialAction":[{"@type":"SearchAction","target":{"@type":"EntryPoint","urlTemplate":"https:\/\/www.analoggwerz.com\/?s={search_term_string}"},"query-input":{"@type":"PropertyValueSpecification","valueRequired":true,"valueName":"search_term_string"}}],"inLanguage":"en-US"},{"@type":"Organization","@id":"https:\/\/www.analoggwerz.com\/#organization","name":"Analog Gwerz","url":"https:\/\/www.analoggwerz.com\/","logo":{"@type":"ImageObject","inLanguage":"en-US","@id":"https:\/\/www.analoggwerz.com\/#\/schema\/logo\/image\/","url":"https:\/\/www.analoggwerz.com\/wp-content\/uploads\/2025\/10\/000-LOGO-ANALOG-GWERZ-NOIR-1.png","contentUrl":"https:\/\/www.analoggwerz.com\/wp-content\/uploads\/2025\/10\/000-LOGO-ANALOG-GWERZ-NOIR-1.png","width":800,"height":407,"caption":"Analog Gwerz"},"image":{"@id":"https:\/\/www.analoggwerz.com\/#\/schema\/logo\/image\/"},"sameAs":["https:\/\/www.instagram.com\/analog_gwerz\/","https:\/\/www.tiktok.com\/@analog_gwerz"]}]}},"jetpack_sharing_enabled":true,"_links":{"self":[{"href":"https:\/\/www.analoggwerz.com\/en\/wp-json\/wp\/v2\/product\/8093","targetHints":{"allow":["GET"]}}],"collection":[{"href":"https:\/\/www.analoggwerz.com\/en\/wp-json\/wp\/v2\/product"}],"about":[{"href":"https:\/\/www.analoggwerz.com\/en\/wp-json\/wp\/v2\/types\/product"}],"wp:featuredmedia":[{"embeddable":true,"href":"https:\/\/www.analoggwerz.com\/en\/wp-json\/wp\/v2\/media\/8091"}],"wp:attachment":[{"href":"https:\/\/www.analoggwerz.com\/en\/wp-json\/wp\/v2\/media?parent=8093"}],"wp:term":[{"taxonomy":"product_brand","embeddable":true,"href":"https:\/\/www.analoggwerz.com\/en\/wp-json\/wp\/v2\/product_brand?post=8093"},{"taxonomy":"product_cat","embeddable":true,"href":"https:\/\/www.analoggwerz.com\/en\/wp-json\/wp\/v2\/product_cat?post=8093"},{"taxonomy":"product_tag","embeddable":true,"href":"https:\/\/www.analoggwerz.com\/en\/wp-json\/wp\/v2\/product_tag?post=8093"}],"curies":[{"name":"wp","href":"https:\/\/api.w.org\/{rel}","templated":true}]}}