{"id":8025,"date":"2025-08-28T10:29:22","date_gmt":"2025-08-28T10:29:22","guid":{"rendered":"https:\/\/www.analoggwerz.com\/produit\/sacoche-kh-pour-appareil-photo-tissu-resistant-avec-mousse-de-protection\/"},"modified":"2026-04-12T12:26:30","modified_gmt":"2026-04-12T12:26:30","slug":"sacoche-kh-pour-appareil-photo-tissu-resistant-avec-mousse-de-protection","status":"publish","type":"product","link":"https:\/\/www.analoggwerz.com\/en\/product\/sacoche-kh-pour-appareil-photo-tissu-resistant-avec-mousse-de-protection\/","title":{"rendered":"Sacoche K&#038;H pour appareil photo \u2013 Noir"},"content":{"rendered":"<p>N\u2019h\u00e9sitez pas \u00e0 vous abonner \u00e0 mon Instagram (@analog_gwerz) si vous aimez la photo et les appareils.<\/p>\n<p>Sacoche K&amp;H pour appareil photo \u2013 tissu r\u00e9sistant avec mousse de protection<\/p>\n<p>Sacoche compacte de la marque K&amp;H, parfaite pour transporter un appareil photo num\u00e9rique compact ou un petit argentique.<\/p>\n<p>Elle est con\u00e7ue en tissu renforc\u00e9, avec mousse de protection int\u00e9rieure, une fermeture par boucle plastique s\u00e9curis\u00e9e, et une fermeture \u00e9clair suppl\u00e9mentaire pour la poche principale. L\u2019int\u00e9rieur est compartiment\u00e9 et molletonn\u00e9. Pr\u00e9sence d\u2019un passant pour ceinture \u00e0 l\u2019arri\u00e8re.<\/p>\n<p>Caract\u00e9ristiques :<\/p>\n<p>Fermeture principale par zip + boucle de s\u00e9curit\u00e9<\/p>\n<p>Int\u00e9rieur rembourr\u00e9<\/p>\n<p>Poche avant suppl\u00e9mentaire<\/p>\n<p>Passant ceinture \u00e0 l\u2019arri\u00e8re<\/p>\n<p>Sangle de transport lat\u00e9rale<\/p>\n<p>Dimensions int\u00e9rieures approximatives : 12 x 8 x 5 cm<\/p>\n<p>\u00c9tat : tr\u00e8s bon \u00e9tat<\/p>\n<p>Compatible avec de nombreux compacts num\u00e9riques ou certains petits compacts argentiques (type Olympus \u00b5, Canon Ixus, Nikon AF compact\u2026).<\/p>","protected":false},"excerpt":{"rendered":"<p>N\u2019h\u00e9sitez pas \u00e0 vous abonner \u00e0 mon Instagram (@analog_gwerz) si vous aimez la photo et les appareils. Sacoche K&amp;H pour appareil photo \u2013 tissu r\u00e9sistant avec mousse de protection Sacoche compacte de la marque K&amp;H, parfaite pour transporter un appareil photo num\u00e9rique compact ou un petit argentique. Elle est con\u00e7ue en tissu renforc\u00e9, avec mousse [&hellip;]<\/p>\n","protected":false},"featured_media":8024,"template":"","meta":[],"product_brand":[],"product_cat":[55,146,143],"product_tag":[],"class_list":{"0":"post-8025","1":"product","2":"type-product","3":"status-publish","4":"has-post-thumbnail","6":"product_cat-accessoires","7":"product_cat-etuis-sacoches-pour-compact-numerique","8":"product_cat-etuis-et-sacoches","9":"pa_couleur-noir","10":"pa_marque-kh","12":"first","13":"instock","14":"purchasable","15":"product-type-simple"},"yoast_head":"<!-- This site is optimized with the Yoast SEO plugin v27.5 - https:\/\/yoast.com\/product\/yoast-seo-wordpress\/ -->\n<title>Sacoche K&amp;H pour appareil photo \u2013 Noir est disponible sur la boutique !<\/title>\n<meta name=\"description\" content=\"Cliquez ici pour d\u00e9couvrir Sacoche K&amp;H pour appareil photo \u2013 Noir sur la boutique.\" \/>\n<meta name=\"robots\" content=\"index, follow, max-snippet:-1, max-image-preview:large, max-video-preview:-1\" \/>\n<link rel=\"canonical\" href=\"https:\/\/www.analoggwerz.com\/en\/product\/sacoche-kh-pour-appareil-photo-tissu-resistant-avec-mousse-de-protection\/\" \/>\n<meta property=\"og:locale\" content=\"en_US\" \/>\n<meta property=\"og:type\" content=\"article\" \/>\n<meta property=\"og:title\" content=\"Sacoche K&amp;H pour appareil photo \u2013 Noir est disponible sur la boutique !\" \/>\n<meta property=\"og:description\" content=\"Cliquez ici pour d\u00e9couvrir Sacoche K&amp;H pour appareil photo \u2013 Noir sur la boutique.\" \/>\n<meta property=\"og:url\" content=\"https:\/\/www.analoggwerz.com\/en\/product\/sacoche-kh-pour-appareil-photo-tissu-resistant-avec-mousse-de-protection\/\" \/>\n<meta property=\"og:site_name\" content=\"Analog Gwerz\" \/>\n<meta property=\"article:modified_time\" content=\"2026-04-12T12:26:30+00:00\" \/>\n<meta property=\"og:image\" content=\"https:\/\/www.analoggwerz.com\/wp-content\/uploads\/2025\/08\/img_3683-scaled.jpeg\" \/>\n\t<meta property=\"og:image:width\" content=\"2560\" \/>\n\t<meta property=\"og:image:height\" content=\"1920\" \/>\n\t<meta property=\"og:image:type\" content=\"image\/jpeg\" \/>\n<meta name=\"twitter:card\" content=\"summary_large_image\" \/>\n<meta name=\"twitter:label1\" content=\"Est. reading time\" \/>\n\t<meta name=\"twitter:data1\" content=\"1 minute\" \/>\n<script type=\"application\/ld+json\" class=\"yoast-schema-graph\">{\"@context\":\"https:\\\/\\\/schema.org\",\"@graph\":[{\"@type\":\"WebPage\",\"@id\":\"https:\\\/\\\/www.analoggwerz.com\\\/produit\\\/sacoche-kh-pour-appareil-photo-tissu-resistant-avec-mousse-de-protection\\\/\",\"url\":\"https:\\\/\\\/www.analoggwerz.com\\\/produit\\\/sacoche-kh-pour-appareil-photo-tissu-resistant-avec-mousse-de-protection\\\/\",\"name\":\"Sacoche K&H pour appareil photo \u2013 Noir est disponible sur la boutique !\",\"isPartOf\":{\"@id\":\"https:\\\/\\\/www.analoggwerz.com\\\/#website\"},\"primaryImageOfPage\":{\"@id\":\"https:\\\/\\\/www.analoggwerz.com\\\/produit\\\/sacoche-kh-pour-appareil-photo-tissu-resistant-avec-mousse-de-protection\\\/#primaryimage\"},\"image\":{\"@id\":\"https:\\\/\\\/www.analoggwerz.com\\\/produit\\\/sacoche-kh-pour-appareil-photo-tissu-resistant-avec-mousse-de-protection\\\/#primaryimage\"},\"thumbnailUrl\":\"https:\\\/\\\/www.analoggwerz.com\\\/wp-content\\\/uploads\\\/2025\\\/08\\\/img_3683-scaled.jpeg\",\"datePublished\":\"2025-08-28T10:29:22+00:00\",\"dateModified\":\"2026-04-12T12:26:30+00:00\",\"description\":\"Cliquez ici pour d\u00e9couvrir Sacoche K&H pour appareil photo \u2013 Noir sur la boutique.\",\"breadcrumb\":{\"@id\":\"https:\\\/\\\/www.analoggwerz.com\\\/produit\\\/sacoche-kh-pour-appareil-photo-tissu-resistant-avec-mousse-de-protection\\\/#breadcrumb\"},\"inLanguage\":\"en-US\",\"potentialAction\":[{\"@type\":\"ReadAction\",\"target\":[\"https:\\\/\\\/www.analoggwerz.com\\\/produit\\\/sacoche-kh-pour-appareil-photo-tissu-resistant-avec-mousse-de-protection\\\/\"]}]},{\"@type\":\"ImageObject\",\"inLanguage\":\"en-US\",\"@id\":\"https:\\\/\\\/www.analoggwerz.com\\\/produit\\\/sacoche-kh-pour-appareil-photo-tissu-resistant-avec-mousse-de-protection\\\/#primaryimage\",\"url\":\"https:\\\/\\\/www.analoggwerz.com\\\/wp-content\\\/uploads\\\/2025\\\/08\\\/img_3683-scaled.jpeg\",\"contentUrl\":\"https:\\\/\\\/www.analoggwerz.com\\\/wp-content\\\/uploads\\\/2025\\\/08\\\/img_3683-scaled.jpeg\",\"width\":2560,\"height\":1920},{\"@type\":\"BreadcrumbList\",\"@id\":\"https:\\\/\\\/www.analoggwerz.com\\\/produit\\\/sacoche-kh-pour-appareil-photo-tissu-resistant-avec-mousse-de-protection\\\/#breadcrumb\",\"itemListElement\":[{\"@type\":\"ListItem\",\"position\":1,\"name\":\"Accueil\",\"item\":\"https:\\\/\\\/www.analoggwerz.com\\\/\"},{\"@type\":\"ListItem\",\"position\":2,\"name\":\"Boutique\",\"item\":\"https:\\\/\\\/www.analoggwerz.com\\\/shop\\\/\"},{\"@type\":\"ListItem\",\"position\":3,\"name\":\"Sacoche K&#038;H pour appareil photo \u2013 Noir\"}]},{\"@type\":\"WebSite\",\"@id\":\"https:\\\/\\\/www.analoggwerz.com\\\/#website\",\"url\":\"https:\\\/\\\/www.analoggwerz.com\\\/\",\"name\":\"Analog Gwerz\",\"description\":\"Pas besoin de neuf pour capturer l&#039;instant !\",\"publisher\":{\"@id\":\"https:\\\/\\\/www.analoggwerz.com\\\/#organization\"},\"potentialAction\":[{\"@type\":\"SearchAction\",\"target\":{\"@type\":\"EntryPoint\",\"urlTemplate\":\"https:\\\/\\\/www.analoggwerz.com\\\/?s={search_term_string}\"},\"query-input\":{\"@type\":\"PropertyValueSpecification\",\"valueRequired\":true,\"valueName\":\"search_term_string\"}}],\"inLanguage\":\"en-US\"},{\"@type\":\"Organization\",\"@id\":\"https:\\\/\\\/www.analoggwerz.com\\\/#organization\",\"name\":\"Analog Gwerz\",\"url\":\"https:\\\/\\\/www.analoggwerz.com\\\/\",\"logo\":{\"@type\":\"ImageObject\",\"inLanguage\":\"en-US\",\"@id\":\"https:\\\/\\\/www.analoggwerz.com\\\/#\\\/schema\\\/logo\\\/image\\\/\",\"url\":\"https:\\\/\\\/www.analoggwerz.com\\\/wp-content\\\/uploads\\\/2025\\\/10\\\/000-LOGO-ANALOG-GWERZ-NOIR-1.png\",\"contentUrl\":\"https:\\\/\\\/www.analoggwerz.com\\\/wp-content\\\/uploads\\\/2025\\\/10\\\/000-LOGO-ANALOG-GWERZ-NOIR-1.png\",\"width\":800,\"height\":407,\"caption\":\"Analog Gwerz\"},\"image\":{\"@id\":\"https:\\\/\\\/www.analoggwerz.com\\\/#\\\/schema\\\/logo\\\/image\\\/\"},\"sameAs\":[\"https:\\\/\\\/www.instagram.com\\\/analog_gwerz\\\/\",\"https:\\\/\\\/www.tiktok.com\\\/@analog_gwerz\"]}]}<\/script>\n<!-- \/ Yoast SEO plugin. -->","yoast_head_json":{"title":"Sacoche K&H pour appareil photo \u2013 Noir est disponible sur la boutique !","description":"Cliquez ici pour d\u00e9couvrir Sacoche K&H pour appareil photo \u2013 Noir sur la boutique.","robots":{"index":"index","follow":"follow","max-snippet":"max-snippet:-1","max-image-preview":"max-image-preview:large","max-video-preview":"max-video-preview:-1"},"canonical":"https:\/\/www.analoggwerz.com\/en\/product\/sacoche-kh-pour-appareil-photo-tissu-resistant-avec-mousse-de-protection\/","og_locale":"en_US","og_type":"article","og_title":"Sacoche K&H pour appareil photo \u2013 Noir est disponible sur la boutique !","og_description":"Cliquez ici pour d\u00e9couvrir Sacoche K&H pour appareil photo \u2013 Noir sur la boutique.","og_url":"https:\/\/www.analoggwerz.com\/en\/product\/sacoche-kh-pour-appareil-photo-tissu-resistant-avec-mousse-de-protection\/","og_site_name":"Analog Gwerz","article_modified_time":"2026-04-12T12:26:30+00:00","og_image":[{"width":2560,"height":1920,"url":"https:\/\/www.analoggwerz.com\/wp-content\/uploads\/2025\/08\/img_3683-scaled.jpeg","type":"image\/jpeg"}],"twitter_card":"summary_large_image","twitter_misc":{"Est. reading time":"1 minute"},"schema":{"@context":"https:\/\/schema.org","@graph":[{"@type":"WebPage","@id":"https:\/\/www.analoggwerz.com\/produit\/sacoche-kh-pour-appareil-photo-tissu-resistant-avec-mousse-de-protection\/","url":"https:\/\/www.analoggwerz.com\/produit\/sacoche-kh-pour-appareil-photo-tissu-resistant-avec-mousse-de-protection\/","name":"Sacoche K&H pour appareil photo \u2013 Noir est disponible sur la boutique !","isPartOf":{"@id":"https:\/\/www.analoggwerz.com\/#website"},"primaryImageOfPage":{"@id":"https:\/\/www.analoggwerz.com\/produit\/sacoche-kh-pour-appareil-photo-tissu-resistant-avec-mousse-de-protection\/#primaryimage"},"image":{"@id":"https:\/\/www.analoggwerz.com\/produit\/sacoche-kh-pour-appareil-photo-tissu-resistant-avec-mousse-de-protection\/#primaryimage"},"thumbnailUrl":"https:\/\/www.analoggwerz.com\/wp-content\/uploads\/2025\/08\/img_3683-scaled.jpeg","datePublished":"2025-08-28T10:29:22+00:00","dateModified":"2026-04-12T12:26:30+00:00","description":"Cliquez ici pour d\u00e9couvrir Sacoche K&H pour appareil photo \u2013 Noir sur la boutique.","breadcrumb":{"@id":"https:\/\/www.analoggwerz.com\/produit\/sacoche-kh-pour-appareil-photo-tissu-resistant-avec-mousse-de-protection\/#breadcrumb"},"inLanguage":"en-US","potentialAction":[{"@type":"ReadAction","target":["https:\/\/www.analoggwerz.com\/produit\/sacoche-kh-pour-appareil-photo-tissu-resistant-avec-mousse-de-protection\/"]}]},{"@type":"ImageObject","inLanguage":"en-US","@id":"https:\/\/www.analoggwerz.com\/produit\/sacoche-kh-pour-appareil-photo-tissu-resistant-avec-mousse-de-protection\/#primaryimage","url":"https:\/\/www.analoggwerz.com\/wp-content\/uploads\/2025\/08\/img_3683-scaled.jpeg","contentUrl":"https:\/\/www.analoggwerz.com\/wp-content\/uploads\/2025\/08\/img_3683-scaled.jpeg","width":2560,"height":1920},{"@type":"BreadcrumbList","@id":"https:\/\/www.analoggwerz.com\/produit\/sacoche-kh-pour-appareil-photo-tissu-resistant-avec-mousse-de-protection\/#breadcrumb","itemListElement":[{"@type":"ListItem","position":1,"name":"Accueil","item":"https:\/\/www.analoggwerz.com\/"},{"@type":"ListItem","position":2,"name":"Boutique","item":"https:\/\/www.analoggwerz.com\/shop\/"},{"@type":"ListItem","position":3,"name":"Sacoche K&#038;H pour appareil photo \u2013 Noir"}]},{"@type":"WebSite","@id":"https:\/\/www.analoggwerz.com\/#website","url":"https:\/\/www.analoggwerz.com\/","name":"Analog Gwerz","description":"Pas besoin de neuf pour capturer l&#039;instant !","publisher":{"@id":"https:\/\/www.analoggwerz.com\/#organization"},"potentialAction":[{"@type":"SearchAction","target":{"@type":"EntryPoint","urlTemplate":"https:\/\/www.analoggwerz.com\/?s={search_term_string}"},"query-input":{"@type":"PropertyValueSpecification","valueRequired":true,"valueName":"search_term_string"}}],"inLanguage":"en-US"},{"@type":"Organization","@id":"https:\/\/www.analoggwerz.com\/#organization","name":"Analog Gwerz","url":"https:\/\/www.analoggwerz.com\/","logo":{"@type":"ImageObject","inLanguage":"en-US","@id":"https:\/\/www.analoggwerz.com\/#\/schema\/logo\/image\/","url":"https:\/\/www.analoggwerz.com\/wp-content\/uploads\/2025\/10\/000-LOGO-ANALOG-GWERZ-NOIR-1.png","contentUrl":"https:\/\/www.analoggwerz.com\/wp-content\/uploads\/2025\/10\/000-LOGO-ANALOG-GWERZ-NOIR-1.png","width":800,"height":407,"caption":"Analog Gwerz"},"image":{"@id":"https:\/\/www.analoggwerz.com\/#\/schema\/logo\/image\/"},"sameAs":["https:\/\/www.instagram.com\/analog_gwerz\/","https:\/\/www.tiktok.com\/@analog_gwerz"]}]}},"jetpack_sharing_enabled":true,"_links":{"self":[{"href":"https:\/\/www.analoggwerz.com\/en\/wp-json\/wp\/v2\/product\/8025","targetHints":{"allow":["GET"]}}],"collection":[{"href":"https:\/\/www.analoggwerz.com\/en\/wp-json\/wp\/v2\/product"}],"about":[{"href":"https:\/\/www.analoggwerz.com\/en\/wp-json\/wp\/v2\/types\/product"}],"wp:featuredmedia":[{"embeddable":true,"href":"https:\/\/www.analoggwerz.com\/en\/wp-json\/wp\/v2\/media\/8024"}],"wp:attachment":[{"href":"https:\/\/www.analoggwerz.com\/en\/wp-json\/wp\/v2\/media?parent=8025"}],"wp:term":[{"taxonomy":"product_brand","embeddable":true,"href":"https:\/\/www.analoggwerz.com\/en\/wp-json\/wp\/v2\/product_brand?post=8025"},{"taxonomy":"product_cat","embeddable":true,"href":"https:\/\/www.analoggwerz.com\/en\/wp-json\/wp\/v2\/product_cat?post=8025"},{"taxonomy":"product_tag","embeddable":true,"href":"https:\/\/www.analoggwerz.com\/en\/wp-json\/wp\/v2\/product_tag?post=8025"}],"curies":[{"name":"wp","href":"https:\/\/api.w.org\/{rel}","templated":true}]}}