{"id":7927,"date":"2025-08-27T21:16:41","date_gmt":"2025-08-27T21:16:41","guid":{"rendered":"https:\/\/www.analoggwerz.com\/produit\/konica-minolta-dimage-xg-rouge\/"},"modified":"2026-01-14T08:45:38","modified_gmt":"2026-01-14T08:45:38","slug":"konica-minolta-dimage-xg-rouge","status":"publish","type":"product","link":"https:\/\/www.analoggwerz.com\/en\/product\/konica-minolta-dimage-xg-rouge\/","title":{"rendered":"Konica Minolta DiMAGE Xg &#8211; Rouge"},"content":{"rendered":"<p>N\u2019h\u00e9sitez pas \u00e0 vous abonner \u00e0 mon Instagram (@analog_gwerz) si vous aimez la photo et les appareils. J\u2019y pr\u00e9sente les mod\u00e8les disponibles et partage des images prises avec.<\/p>\n<p>Konica Minolta DiMAGE Xg rouge \u2013 Ultra compact original avec capteur 3,2 Mpx et zoom interne \u2013 Parfait \u00e9tat \u2013 Chargeur d\u2019origine fourni<\/p>\n<p>Tr\u00e8s joli compact num\u00e9rique des ann\u00e9es 2000, le Konica Minolta DiMAGE Xg se distingue par son design fin et original, et son zoom interne sans partie mobile ext\u00e9rieure. L\u00e9ger et rapide, il est id\u00e9al pour des photos du quotidien ou pour s\u2019initier \u00e0 la photo avec un style r\u00e9tro.<\/p>\n<p>Caract\u00e9ristiques principales :<\/p>\n<p>Capteur 3,2 m\u00e9gapixels<\/p>\n<p>Objectif 37\u2013112mm f\/2.8\u20133.6 (zoom optique x3)<\/p>\n<p>\u00c9cran couleur 1.6\u201d LCD<\/p>\n<p>Sensibilit\u00e9 jusqu\u2019\u00e0 400 ISO<\/p>\n<p>Fonction vid\u00e9o avec son<\/p>\n<p>M\u00e9moire via carte SD (non fournie)<\/p>\n<p>Batterie rechargeable fournie<\/p>\n<p>\u00c9tat :<\/p>\n<p>Fonctionne parfaitement<\/p>\n<p>Tr\u00e8s bon \u00e9tat esth\u00e9tique<\/p>\n<p>Flash, zoom, boutons, \u00e9cran : tout est op\u00e9rationnel<\/p>\n<p>Batterie d\u2019origine incluse<\/p>\n<p>Accessoires fournis :<\/p>\n<p>Chargeur Konica Minolta BC-700 d\u2019origine<\/p>\n<p>Dragonne<\/p>\n<p>\ud83d\udcf8 Les photos montrent l\u2019appareil r\u00e9el en vente. Test\u00e9, pr\u00eat \u00e0 l\u2019emploi.<\/p>","protected":false},"excerpt":{"rendered":"<p>N\u2019h\u00e9sitez pas \u00e0 vous abonner \u00e0 mon Instagram (@analog_gwerz) si vous aimez la photo et les appareils. J\u2019y pr\u00e9sente les mod\u00e8les disponibles et partage des images prises avec. Konica Minolta DiMAGE Xg rouge \u2013 Ultra compact original avec capteur 3,2 Mpx et zoom interne \u2013 Parfait \u00e9tat \u2013 Chargeur d\u2019origine fourni Tr\u00e8s joli compact num\u00e9rique [&hellip;]<\/p>\n","protected":false},"featured_media":7922,"template":"","meta":[],"product_brand":[],"product_cat":[118,114,28],"product_tag":[],"class_list":{"0":"post-7927","1":"product","2":"type-product","3":"status-publish","4":"has-post-thumbnail","6":"product_cat-appareils-photo","7":"product_cat-appareils-photo-numeriques","8":"product_cat-appareils-photos-compacts-numeriques","9":"pa_couleur-rouge","10":"pa_marque-konica","12":"first","13":"outofstock","14":"purchasable","15":"product-type-simple"},"yoast_head":"<!-- This site is optimized with the Yoast SEO plugin v27.5 - https:\/\/yoast.com\/product\/yoast-seo-wordpress\/ -->\n<title>Konica Minolta DiMAGE Xg - Rouge est disponible sur la boutique !<\/title>\n<meta name=\"description\" content=\"Cliquez ici pour d\u00e9couvrir Konica Minolta DiMAGE Xg - Rouge sur la boutique.\" \/>\n<meta name=\"robots\" content=\"index, follow, max-snippet:-1, max-image-preview:large, max-video-preview:-1\" \/>\n<link rel=\"canonical\" href=\"https:\/\/www.analoggwerz.com\/en\/product\/konica-minolta-dimage-xg-rouge\/\" \/>\n<meta property=\"og:locale\" content=\"en_US\" \/>\n<meta property=\"og:type\" content=\"article\" \/>\n<meta property=\"og:title\" content=\"Konica Minolta DiMAGE Xg - Rouge est disponible sur la boutique !\" \/>\n<meta property=\"og:description\" content=\"Cliquez ici pour d\u00e9couvrir Konica Minolta DiMAGE Xg - Rouge sur la boutique.\" \/>\n<meta property=\"og:url\" content=\"https:\/\/www.analoggwerz.com\/en\/product\/konica-minolta-dimage-xg-rouge\/\" \/>\n<meta property=\"og:site_name\" content=\"Analog Gwerz\" \/>\n<meta property=\"article:modified_time\" content=\"2026-01-14T08:45:38+00:00\" \/>\n<meta property=\"og:image\" content=\"https:\/\/www.analoggwerz.com\/wp-content\/uploads\/2025\/08\/img_3748-scaled.jpeg\" \/>\n\t<meta property=\"og:image:width\" content=\"2560\" \/>\n\t<meta property=\"og:image:height\" content=\"1920\" \/>\n\t<meta property=\"og:image:type\" content=\"image\/jpeg\" \/>\n<meta name=\"twitter:card\" content=\"summary_large_image\" \/>\n<meta name=\"twitter:label1\" content=\"Est. reading time\" \/>\n\t<meta name=\"twitter:data1\" content=\"1 minute\" \/>\n<script type=\"application\/ld+json\" class=\"yoast-schema-graph\">{\"@context\":\"https:\\\/\\\/schema.org\",\"@graph\":[{\"@type\":\"WebPage\",\"@id\":\"https:\\\/\\\/www.analoggwerz.com\\\/produit\\\/konica-minolta-dimage-xg-rouge\\\/\",\"url\":\"https:\\\/\\\/www.analoggwerz.com\\\/produit\\\/konica-minolta-dimage-xg-rouge\\\/\",\"name\":\"Konica Minolta DiMAGE Xg - Rouge est disponible sur la boutique !\",\"isPartOf\":{\"@id\":\"https:\\\/\\\/www.analoggwerz.com\\\/#website\"},\"primaryImageOfPage\":{\"@id\":\"https:\\\/\\\/www.analoggwerz.com\\\/produit\\\/konica-minolta-dimage-xg-rouge\\\/#primaryimage\"},\"image\":{\"@id\":\"https:\\\/\\\/www.analoggwerz.com\\\/produit\\\/konica-minolta-dimage-xg-rouge\\\/#primaryimage\"},\"thumbnailUrl\":\"https:\\\/\\\/www.analoggwerz.com\\\/wp-content\\\/uploads\\\/2025\\\/08\\\/img_3748-scaled.jpeg\",\"datePublished\":\"2025-08-27T21:16:41+00:00\",\"dateModified\":\"2026-01-14T08:45:38+00:00\",\"description\":\"Cliquez ici pour d\u00e9couvrir Konica Minolta DiMAGE Xg - Rouge sur la boutique.\",\"breadcrumb\":{\"@id\":\"https:\\\/\\\/www.analoggwerz.com\\\/produit\\\/konica-minolta-dimage-xg-rouge\\\/#breadcrumb\"},\"inLanguage\":\"en-US\",\"potentialAction\":[{\"@type\":\"ReadAction\",\"target\":[\"https:\\\/\\\/www.analoggwerz.com\\\/produit\\\/konica-minolta-dimage-xg-rouge\\\/\"]}]},{\"@type\":\"ImageObject\",\"inLanguage\":\"en-US\",\"@id\":\"https:\\\/\\\/www.analoggwerz.com\\\/produit\\\/konica-minolta-dimage-xg-rouge\\\/#primaryimage\",\"url\":\"https:\\\/\\\/www.analoggwerz.com\\\/wp-content\\\/uploads\\\/2025\\\/08\\\/img_3748-scaled.jpeg\",\"contentUrl\":\"https:\\\/\\\/www.analoggwerz.com\\\/wp-content\\\/uploads\\\/2025\\\/08\\\/img_3748-scaled.jpeg\",\"width\":2560,\"height\":1920},{\"@type\":\"BreadcrumbList\",\"@id\":\"https:\\\/\\\/www.analoggwerz.com\\\/produit\\\/konica-minolta-dimage-xg-rouge\\\/#breadcrumb\",\"itemListElement\":[{\"@type\":\"ListItem\",\"position\":1,\"name\":\"Accueil\",\"item\":\"https:\\\/\\\/www.analoggwerz.com\\\/\"},{\"@type\":\"ListItem\",\"position\":2,\"name\":\"Boutique\",\"item\":\"https:\\\/\\\/www.analoggwerz.com\\\/shop\\\/\"},{\"@type\":\"ListItem\",\"position\":3,\"name\":\"Konica Minolta DiMAGE Xg &#8211; Rouge\"}]},{\"@type\":\"WebSite\",\"@id\":\"https:\\\/\\\/www.analoggwerz.com\\\/#website\",\"url\":\"https:\\\/\\\/www.analoggwerz.com\\\/\",\"name\":\"Analog Gwerz\",\"description\":\"Pas besoin de neuf pour capturer l&#039;instant !\",\"publisher\":{\"@id\":\"https:\\\/\\\/www.analoggwerz.com\\\/#organization\"},\"potentialAction\":[{\"@type\":\"SearchAction\",\"target\":{\"@type\":\"EntryPoint\",\"urlTemplate\":\"https:\\\/\\\/www.analoggwerz.com\\\/?s={search_term_string}\"},\"query-input\":{\"@type\":\"PropertyValueSpecification\",\"valueRequired\":true,\"valueName\":\"search_term_string\"}}],\"inLanguage\":\"en-US\"},{\"@type\":\"Organization\",\"@id\":\"https:\\\/\\\/www.analoggwerz.com\\\/#organization\",\"name\":\"Analog Gwerz\",\"url\":\"https:\\\/\\\/www.analoggwerz.com\\\/\",\"logo\":{\"@type\":\"ImageObject\",\"inLanguage\":\"en-US\",\"@id\":\"https:\\\/\\\/www.analoggwerz.com\\\/#\\\/schema\\\/logo\\\/image\\\/\",\"url\":\"https:\\\/\\\/www.analoggwerz.com\\\/wp-content\\\/uploads\\\/2025\\\/10\\\/000-LOGO-ANALOG-GWERZ-NOIR-1.png\",\"contentUrl\":\"https:\\\/\\\/www.analoggwerz.com\\\/wp-content\\\/uploads\\\/2025\\\/10\\\/000-LOGO-ANALOG-GWERZ-NOIR-1.png\",\"width\":800,\"height\":407,\"caption\":\"Analog Gwerz\"},\"image\":{\"@id\":\"https:\\\/\\\/www.analoggwerz.com\\\/#\\\/schema\\\/logo\\\/image\\\/\"},\"sameAs\":[\"https:\\\/\\\/www.instagram.com\\\/analog_gwerz\\\/\",\"https:\\\/\\\/www.tiktok.com\\\/@analog_gwerz\"]}]}<\/script>\n<!-- \/ Yoast SEO plugin. -->","yoast_head_json":{"title":"Konica Minolta DiMAGE Xg - Rouge est disponible sur la boutique !","description":"Cliquez ici pour d\u00e9couvrir Konica Minolta DiMAGE Xg - Rouge sur la boutique.","robots":{"index":"index","follow":"follow","max-snippet":"max-snippet:-1","max-image-preview":"max-image-preview:large","max-video-preview":"max-video-preview:-1"},"canonical":"https:\/\/www.analoggwerz.com\/en\/product\/konica-minolta-dimage-xg-rouge\/","og_locale":"en_US","og_type":"article","og_title":"Konica Minolta DiMAGE Xg - Rouge est disponible sur la boutique !","og_description":"Cliquez ici pour d\u00e9couvrir Konica Minolta DiMAGE Xg - Rouge sur la boutique.","og_url":"https:\/\/www.analoggwerz.com\/en\/product\/konica-minolta-dimage-xg-rouge\/","og_site_name":"Analog Gwerz","article_modified_time":"2026-01-14T08:45:38+00:00","og_image":[{"width":2560,"height":1920,"url":"https:\/\/www.analoggwerz.com\/wp-content\/uploads\/2025\/08\/img_3748-scaled.jpeg","type":"image\/jpeg"}],"twitter_card":"summary_large_image","twitter_misc":{"Est. reading time":"1 minute"},"schema":{"@context":"https:\/\/schema.org","@graph":[{"@type":"WebPage","@id":"https:\/\/www.analoggwerz.com\/produit\/konica-minolta-dimage-xg-rouge\/","url":"https:\/\/www.analoggwerz.com\/produit\/konica-minolta-dimage-xg-rouge\/","name":"Konica Minolta DiMAGE Xg - Rouge est disponible sur la boutique !","isPartOf":{"@id":"https:\/\/www.analoggwerz.com\/#website"},"primaryImageOfPage":{"@id":"https:\/\/www.analoggwerz.com\/produit\/konica-minolta-dimage-xg-rouge\/#primaryimage"},"image":{"@id":"https:\/\/www.analoggwerz.com\/produit\/konica-minolta-dimage-xg-rouge\/#primaryimage"},"thumbnailUrl":"https:\/\/www.analoggwerz.com\/wp-content\/uploads\/2025\/08\/img_3748-scaled.jpeg","datePublished":"2025-08-27T21:16:41+00:00","dateModified":"2026-01-14T08:45:38+00:00","description":"Cliquez ici pour d\u00e9couvrir Konica Minolta DiMAGE Xg - Rouge sur la boutique.","breadcrumb":{"@id":"https:\/\/www.analoggwerz.com\/produit\/konica-minolta-dimage-xg-rouge\/#breadcrumb"},"inLanguage":"en-US","potentialAction":[{"@type":"ReadAction","target":["https:\/\/www.analoggwerz.com\/produit\/konica-minolta-dimage-xg-rouge\/"]}]},{"@type":"ImageObject","inLanguage":"en-US","@id":"https:\/\/www.analoggwerz.com\/produit\/konica-minolta-dimage-xg-rouge\/#primaryimage","url":"https:\/\/www.analoggwerz.com\/wp-content\/uploads\/2025\/08\/img_3748-scaled.jpeg","contentUrl":"https:\/\/www.analoggwerz.com\/wp-content\/uploads\/2025\/08\/img_3748-scaled.jpeg","width":2560,"height":1920},{"@type":"BreadcrumbList","@id":"https:\/\/www.analoggwerz.com\/produit\/konica-minolta-dimage-xg-rouge\/#breadcrumb","itemListElement":[{"@type":"ListItem","position":1,"name":"Accueil","item":"https:\/\/www.analoggwerz.com\/"},{"@type":"ListItem","position":2,"name":"Boutique","item":"https:\/\/www.analoggwerz.com\/shop\/"},{"@type":"ListItem","position":3,"name":"Konica Minolta DiMAGE Xg &#8211; Rouge"}]},{"@type":"WebSite","@id":"https:\/\/www.analoggwerz.com\/#website","url":"https:\/\/www.analoggwerz.com\/","name":"Analog Gwerz","description":"Pas besoin de neuf pour capturer l&#039;instant !","publisher":{"@id":"https:\/\/www.analoggwerz.com\/#organization"},"potentialAction":[{"@type":"SearchAction","target":{"@type":"EntryPoint","urlTemplate":"https:\/\/www.analoggwerz.com\/?s={search_term_string}"},"query-input":{"@type":"PropertyValueSpecification","valueRequired":true,"valueName":"search_term_string"}}],"inLanguage":"en-US"},{"@type":"Organization","@id":"https:\/\/www.analoggwerz.com\/#organization","name":"Analog Gwerz","url":"https:\/\/www.analoggwerz.com\/","logo":{"@type":"ImageObject","inLanguage":"en-US","@id":"https:\/\/www.analoggwerz.com\/#\/schema\/logo\/image\/","url":"https:\/\/www.analoggwerz.com\/wp-content\/uploads\/2025\/10\/000-LOGO-ANALOG-GWERZ-NOIR-1.png","contentUrl":"https:\/\/www.analoggwerz.com\/wp-content\/uploads\/2025\/10\/000-LOGO-ANALOG-GWERZ-NOIR-1.png","width":800,"height":407,"caption":"Analog Gwerz"},"image":{"@id":"https:\/\/www.analoggwerz.com\/#\/schema\/logo\/image\/"},"sameAs":["https:\/\/www.instagram.com\/analog_gwerz\/","https:\/\/www.tiktok.com\/@analog_gwerz"]}]}},"jetpack_sharing_enabled":true,"_links":{"self":[{"href":"https:\/\/www.analoggwerz.com\/en\/wp-json\/wp\/v2\/product\/7927","targetHints":{"allow":["GET"]}}],"collection":[{"href":"https:\/\/www.analoggwerz.com\/en\/wp-json\/wp\/v2\/product"}],"about":[{"href":"https:\/\/www.analoggwerz.com\/en\/wp-json\/wp\/v2\/types\/product"}],"wp:featuredmedia":[{"embeddable":true,"href":"https:\/\/www.analoggwerz.com\/en\/wp-json\/wp\/v2\/media\/7922"}],"wp:attachment":[{"href":"https:\/\/www.analoggwerz.com\/en\/wp-json\/wp\/v2\/media?parent=7927"}],"wp:term":[{"taxonomy":"product_brand","embeddable":true,"href":"https:\/\/www.analoggwerz.com\/en\/wp-json\/wp\/v2\/product_brand?post=7927"},{"taxonomy":"product_cat","embeddable":true,"href":"https:\/\/www.analoggwerz.com\/en\/wp-json\/wp\/v2\/product_cat?post=7927"},{"taxonomy":"product_tag","embeddable":true,"href":"https:\/\/www.analoggwerz.com\/en\/wp-json\/wp\/v2\/product_tag?post=7927"}],"curies":[{"name":"wp","href":"https:\/\/api.w.org\/{rel}","templated":true}]}}