{"id":7856,"date":"2025-07-28T21:13:20","date_gmt":"2025-07-28T21:13:20","guid":{"rendered":"https:\/\/www.analoggwerz.com\/produit\/canon-eos-1000f-n-objectif-canon-ef-35-80mm-f-4-5-6-usm\/"},"modified":"2025-10-31T21:54:58","modified_gmt":"2025-10-31T21:54:58","slug":"canon-eos-1000f-n-objectif-canon-ef-35-80mm-f-4-5-6-usm","status":"publish","type":"product","link":"https:\/\/www.analoggwerz.com\/en\/product\/canon-eos-1000f-n-objectif-canon-ef-35-80mm-f-4-5-6-usm\/","title":{"rendered":"Canon EOS 1000F N + objectif Canon EF 35-80mm f\/4-5.6 USM"},"content":{"rendered":"<p>N\u2019h\u00e9sitez pas \u00e0 vous abonner \u00e0 mon Instagram (@analog_gwerz) si vous aimez la photo et les appareils.<\/p>\n<p>\ud83d\udcf8 Canon EOS 1000F N + objectif Canon EF 35-80mm f\/4-5.6 USM<\/p>\n<p>Reflex argentique autofocus tr\u00e8s simple \u00e0 utiliser, parfait pour d\u00e9buter la photo argentique avec un vrai confort d\u2019utilisation : mise au point automatique, motorisation int\u00e9gr\u00e9e pour l\u2019avancement et le rembobinage, modes semi-auto et enti\u00e8rement manuels.<\/p>\n<p>L\u2019objectif Canon EF 35-80mm f\/4-5.6 USM permet de couvrir tous les usages du quotidien avec une mise au point rapide et silencieuse. Compatible avec tous les bo\u00eetiers reflex EOS argentiques ou num\u00e9riques (APS-C et plein format).<\/p>\n<p>\ud83d\udd0d Caract\u00e9ristiques :<\/p>\n<p>\u2013 Bo\u00eetier Canon EOS 1000F N (monture EF)<\/p>\n<p>\u2013 Mode P, Av, Tv, M + flash int\u00e9gr\u00e9<\/p>\n<p>\u2013 Objectif Canon EF 35-80mm USM inclus<\/p>\n<p>\u2013 Mise au point autofocus<\/p>\n<p>\u2013 Motorisation automatique (avancement + rembobinage)<\/p>\n<p>\u2013 Compatible avec toutes les pellicules 135 (24&#215;36)<\/p>\n<p>\ud83d\udce6 \u00c9tat :<\/p>\n<p>Tr\u00e8s bon \u00e9tat g\u00e9n\u00e9ral, test\u00e9 et fonctionnel. L\u2019objectif est propre et sans rayures, les lentilles sont claires. Le flash fonctionne, toutes les commandes r\u00e9pondent bien.<\/p>\n<p>\u26a1\ufe0fFonctionne avec une pile CR123A (non fournie).<\/p>\n<p>\ud83d\udca1Les photos montrent l\u2019\u00e9tat r\u00e9el de l\u2019appareil. Tous les produits sont test\u00e9s avant envoi.<\/p>","protected":false},"excerpt":{"rendered":"<p>N\u2019h\u00e9sitez pas \u00e0 vous abonner \u00e0 mon Instagram (@analog_gwerz) si vous aimez la photo et les appareils. \ud83d\udcf8 Canon EOS 1000F N + objectif Canon EF 35-80mm f\/4-5.6 USM Reflex argentique autofocus tr\u00e8s simple \u00e0 utiliser, parfait pour d\u00e9buter la photo argentique avec un vrai confort d\u2019utilisation : mise au point automatique, motorisation int\u00e9gr\u00e9e pour [&hellip;]<\/p>\n","protected":false},"featured_media":7851,"template":"","meta":[],"product_brand":[],"product_cat":[118,29,110],"product_tag":[],"class_list":{"0":"post-7856","1":"product","2":"type-product","3":"status-publish","4":"has-post-thumbnail","6":"product_cat-appareils-photo","7":"product_cat-argentiques-35mm","8":"product_cat-reflex-argentiques-a-autofocus","9":"pa_marque-canon","11":"first","12":"outofstock","13":"purchasable","14":"product-type-simple"},"yoast_head":"<!-- This site is optimized with the Yoast SEO plugin v27.5 - https:\/\/yoast.com\/product\/yoast-seo-wordpress\/ -->\n<title>Canon EOS 1000F N + objectif Canon EF 35-80mm f\/4-5.6 USM est disponible sur la boutique !<\/title>\n<meta name=\"description\" content=\"Cliquez ici pour d\u00e9couvrir Canon EOS 1000F N + objectif Canon EF 35-80mm f\/4-5.6 USM sur la boutique.\" \/>\n<meta name=\"robots\" content=\"index, follow, max-snippet:-1, max-image-preview:large, max-video-preview:-1\" \/>\n<link rel=\"canonical\" href=\"https:\/\/www.analoggwerz.com\/en\/product\/canon-eos-1000f-n-objectif-canon-ef-35-80mm-f-4-5-6-usm\/\" \/>\n<meta property=\"og:locale\" content=\"en_US\" \/>\n<meta property=\"og:type\" content=\"article\" \/>\n<meta property=\"og:title\" content=\"Canon EOS 1000F N + objectif Canon EF 35-80mm f\/4-5.6 USM est disponible sur la boutique !\" \/>\n<meta property=\"og:description\" content=\"Cliquez ici pour d\u00e9couvrir Canon EOS 1000F N + objectif Canon EF 35-80mm f\/4-5.6 USM sur la boutique.\" \/>\n<meta property=\"og:url\" content=\"https:\/\/www.analoggwerz.com\/en\/product\/canon-eos-1000f-n-objectif-canon-ef-35-80mm-f-4-5-6-usm\/\" \/>\n<meta property=\"og:site_name\" content=\"Analog Gwerz\" \/>\n<meta property=\"article:modified_time\" content=\"2025-10-31T21:54:58+00:00\" \/>\n<meta property=\"og:image\" content=\"https:\/\/www.analoggwerz.com\/wp-content\/uploads\/2025\/07\/img_1498-scaled.jpeg\" \/>\n\t<meta property=\"og:image:width\" content=\"2560\" \/>\n\t<meta property=\"og:image:height\" content=\"1920\" \/>\n\t<meta property=\"og:image:type\" content=\"image\/jpeg\" \/>\n<meta name=\"twitter:card\" content=\"summary_large_image\" \/>\n<meta name=\"twitter:label1\" content=\"Est. reading time\" \/>\n\t<meta name=\"twitter:data1\" content=\"1 minute\" \/>\n<script type=\"application\/ld+json\" class=\"yoast-schema-graph\">{\"@context\":\"https:\\\/\\\/schema.org\",\"@graph\":[{\"@type\":\"WebPage\",\"@id\":\"https:\\\/\\\/www.analoggwerz.com\\\/produit\\\/canon-eos-1000f-n-objectif-canon-ef-35-80mm-f-4-5-6-usm\\\/\",\"url\":\"https:\\\/\\\/www.analoggwerz.com\\\/produit\\\/canon-eos-1000f-n-objectif-canon-ef-35-80mm-f-4-5-6-usm\\\/\",\"name\":\"Canon EOS 1000F N + objectif Canon EF 35-80mm f\\\/4-5.6 USM est disponible sur la boutique !\",\"isPartOf\":{\"@id\":\"https:\\\/\\\/www.analoggwerz.com\\\/#website\"},\"primaryImageOfPage\":{\"@id\":\"https:\\\/\\\/www.analoggwerz.com\\\/produit\\\/canon-eos-1000f-n-objectif-canon-ef-35-80mm-f-4-5-6-usm\\\/#primaryimage\"},\"image\":{\"@id\":\"https:\\\/\\\/www.analoggwerz.com\\\/produit\\\/canon-eos-1000f-n-objectif-canon-ef-35-80mm-f-4-5-6-usm\\\/#primaryimage\"},\"thumbnailUrl\":\"https:\\\/\\\/www.analoggwerz.com\\\/wp-content\\\/uploads\\\/2025\\\/07\\\/img_1498-scaled.jpeg\",\"datePublished\":\"2025-07-28T21:13:20+00:00\",\"dateModified\":\"2025-10-31T21:54:58+00:00\",\"description\":\"Cliquez ici pour d\u00e9couvrir Canon EOS 1000F N + objectif Canon EF 35-80mm f\\\/4-5.6 USM sur la boutique.\",\"breadcrumb\":{\"@id\":\"https:\\\/\\\/www.analoggwerz.com\\\/produit\\\/canon-eos-1000f-n-objectif-canon-ef-35-80mm-f-4-5-6-usm\\\/#breadcrumb\"},\"inLanguage\":\"en-US\",\"potentialAction\":[{\"@type\":\"ReadAction\",\"target\":[\"https:\\\/\\\/www.analoggwerz.com\\\/produit\\\/canon-eos-1000f-n-objectif-canon-ef-35-80mm-f-4-5-6-usm\\\/\"]}]},{\"@type\":\"ImageObject\",\"inLanguage\":\"en-US\",\"@id\":\"https:\\\/\\\/www.analoggwerz.com\\\/produit\\\/canon-eos-1000f-n-objectif-canon-ef-35-80mm-f-4-5-6-usm\\\/#primaryimage\",\"url\":\"https:\\\/\\\/www.analoggwerz.com\\\/wp-content\\\/uploads\\\/2025\\\/07\\\/img_1498-scaled.jpeg\",\"contentUrl\":\"https:\\\/\\\/www.analoggwerz.com\\\/wp-content\\\/uploads\\\/2025\\\/07\\\/img_1498-scaled.jpeg\",\"width\":2560,\"height\":1920},{\"@type\":\"BreadcrumbList\",\"@id\":\"https:\\\/\\\/www.analoggwerz.com\\\/produit\\\/canon-eos-1000f-n-objectif-canon-ef-35-80mm-f-4-5-6-usm\\\/#breadcrumb\",\"itemListElement\":[{\"@type\":\"ListItem\",\"position\":1,\"name\":\"Accueil\",\"item\":\"https:\\\/\\\/www.analoggwerz.com\\\/\"},{\"@type\":\"ListItem\",\"position\":2,\"name\":\"Boutique\",\"item\":\"https:\\\/\\\/www.analoggwerz.com\\\/shop\\\/\"},{\"@type\":\"ListItem\",\"position\":3,\"name\":\"Canon EOS 1000F N + objectif Canon EF 35-80mm f\\\/4-5.6 USM\"}]},{\"@type\":\"WebSite\",\"@id\":\"https:\\\/\\\/www.analoggwerz.com\\\/#website\",\"url\":\"https:\\\/\\\/www.analoggwerz.com\\\/\",\"name\":\"Analog Gwerz\",\"description\":\"Pas besoin de neuf pour capturer l&#039;instant !\",\"publisher\":{\"@id\":\"https:\\\/\\\/www.analoggwerz.com\\\/#organization\"},\"potentialAction\":[{\"@type\":\"SearchAction\",\"target\":{\"@type\":\"EntryPoint\",\"urlTemplate\":\"https:\\\/\\\/www.analoggwerz.com\\\/?s={search_term_string}\"},\"query-input\":{\"@type\":\"PropertyValueSpecification\",\"valueRequired\":true,\"valueName\":\"search_term_string\"}}],\"inLanguage\":\"en-US\"},{\"@type\":\"Organization\",\"@id\":\"https:\\\/\\\/www.analoggwerz.com\\\/#organization\",\"name\":\"Analog Gwerz\",\"url\":\"https:\\\/\\\/www.analoggwerz.com\\\/\",\"logo\":{\"@type\":\"ImageObject\",\"inLanguage\":\"en-US\",\"@id\":\"https:\\\/\\\/www.analoggwerz.com\\\/#\\\/schema\\\/logo\\\/image\\\/\",\"url\":\"https:\\\/\\\/www.analoggwerz.com\\\/wp-content\\\/uploads\\\/2025\\\/10\\\/000-LOGO-ANALOG-GWERZ-NOIR-1.png\",\"contentUrl\":\"https:\\\/\\\/www.analoggwerz.com\\\/wp-content\\\/uploads\\\/2025\\\/10\\\/000-LOGO-ANALOG-GWERZ-NOIR-1.png\",\"width\":800,\"height\":407,\"caption\":\"Analog Gwerz\"},\"image\":{\"@id\":\"https:\\\/\\\/www.analoggwerz.com\\\/#\\\/schema\\\/logo\\\/image\\\/\"},\"sameAs\":[\"https:\\\/\\\/www.instagram.com\\\/analog_gwerz\\\/\",\"https:\\\/\\\/www.tiktok.com\\\/@analog_gwerz\"]}]}<\/script>\n<!-- \/ Yoast SEO plugin. -->","yoast_head_json":{"title":"Canon EOS 1000F N + objectif Canon EF 35-80mm f\/4-5.6 USM est disponible sur la boutique !","description":"Cliquez ici pour d\u00e9couvrir Canon EOS 1000F N + objectif Canon EF 35-80mm f\/4-5.6 USM sur la boutique.","robots":{"index":"index","follow":"follow","max-snippet":"max-snippet:-1","max-image-preview":"max-image-preview:large","max-video-preview":"max-video-preview:-1"},"canonical":"https:\/\/www.analoggwerz.com\/en\/product\/canon-eos-1000f-n-objectif-canon-ef-35-80mm-f-4-5-6-usm\/","og_locale":"en_US","og_type":"article","og_title":"Canon EOS 1000F N + objectif Canon EF 35-80mm f\/4-5.6 USM est disponible sur la boutique !","og_description":"Cliquez ici pour d\u00e9couvrir Canon EOS 1000F N + objectif Canon EF 35-80mm f\/4-5.6 USM sur la boutique.","og_url":"https:\/\/www.analoggwerz.com\/en\/product\/canon-eos-1000f-n-objectif-canon-ef-35-80mm-f-4-5-6-usm\/","og_site_name":"Analog Gwerz","article_modified_time":"2025-10-31T21:54:58+00:00","og_image":[{"width":2560,"height":1920,"url":"https:\/\/www.analoggwerz.com\/wp-content\/uploads\/2025\/07\/img_1498-scaled.jpeg","type":"image\/jpeg"}],"twitter_card":"summary_large_image","twitter_misc":{"Est. reading time":"1 minute"},"schema":{"@context":"https:\/\/schema.org","@graph":[{"@type":"WebPage","@id":"https:\/\/www.analoggwerz.com\/produit\/canon-eos-1000f-n-objectif-canon-ef-35-80mm-f-4-5-6-usm\/","url":"https:\/\/www.analoggwerz.com\/produit\/canon-eos-1000f-n-objectif-canon-ef-35-80mm-f-4-5-6-usm\/","name":"Canon EOS 1000F N + objectif Canon EF 35-80mm f\/4-5.6 USM est disponible sur la boutique !","isPartOf":{"@id":"https:\/\/www.analoggwerz.com\/#website"},"primaryImageOfPage":{"@id":"https:\/\/www.analoggwerz.com\/produit\/canon-eos-1000f-n-objectif-canon-ef-35-80mm-f-4-5-6-usm\/#primaryimage"},"image":{"@id":"https:\/\/www.analoggwerz.com\/produit\/canon-eos-1000f-n-objectif-canon-ef-35-80mm-f-4-5-6-usm\/#primaryimage"},"thumbnailUrl":"https:\/\/www.analoggwerz.com\/wp-content\/uploads\/2025\/07\/img_1498-scaled.jpeg","datePublished":"2025-07-28T21:13:20+00:00","dateModified":"2025-10-31T21:54:58+00:00","description":"Cliquez ici pour d\u00e9couvrir Canon EOS 1000F N + objectif Canon EF 35-80mm f\/4-5.6 USM sur la boutique.","breadcrumb":{"@id":"https:\/\/www.analoggwerz.com\/produit\/canon-eos-1000f-n-objectif-canon-ef-35-80mm-f-4-5-6-usm\/#breadcrumb"},"inLanguage":"en-US","potentialAction":[{"@type":"ReadAction","target":["https:\/\/www.analoggwerz.com\/produit\/canon-eos-1000f-n-objectif-canon-ef-35-80mm-f-4-5-6-usm\/"]}]},{"@type":"ImageObject","inLanguage":"en-US","@id":"https:\/\/www.analoggwerz.com\/produit\/canon-eos-1000f-n-objectif-canon-ef-35-80mm-f-4-5-6-usm\/#primaryimage","url":"https:\/\/www.analoggwerz.com\/wp-content\/uploads\/2025\/07\/img_1498-scaled.jpeg","contentUrl":"https:\/\/www.analoggwerz.com\/wp-content\/uploads\/2025\/07\/img_1498-scaled.jpeg","width":2560,"height":1920},{"@type":"BreadcrumbList","@id":"https:\/\/www.analoggwerz.com\/produit\/canon-eos-1000f-n-objectif-canon-ef-35-80mm-f-4-5-6-usm\/#breadcrumb","itemListElement":[{"@type":"ListItem","position":1,"name":"Accueil","item":"https:\/\/www.analoggwerz.com\/"},{"@type":"ListItem","position":2,"name":"Boutique","item":"https:\/\/www.analoggwerz.com\/shop\/"},{"@type":"ListItem","position":3,"name":"Canon EOS 1000F N + objectif Canon EF 35-80mm f\/4-5.6 USM"}]},{"@type":"WebSite","@id":"https:\/\/www.analoggwerz.com\/#website","url":"https:\/\/www.analoggwerz.com\/","name":"Analog Gwerz","description":"Pas besoin de neuf pour capturer l&#039;instant !","publisher":{"@id":"https:\/\/www.analoggwerz.com\/#organization"},"potentialAction":[{"@type":"SearchAction","target":{"@type":"EntryPoint","urlTemplate":"https:\/\/www.analoggwerz.com\/?s={search_term_string}"},"query-input":{"@type":"PropertyValueSpecification","valueRequired":true,"valueName":"search_term_string"}}],"inLanguage":"en-US"},{"@type":"Organization","@id":"https:\/\/www.analoggwerz.com\/#organization","name":"Analog Gwerz","url":"https:\/\/www.analoggwerz.com\/","logo":{"@type":"ImageObject","inLanguage":"en-US","@id":"https:\/\/www.analoggwerz.com\/#\/schema\/logo\/image\/","url":"https:\/\/www.analoggwerz.com\/wp-content\/uploads\/2025\/10\/000-LOGO-ANALOG-GWERZ-NOIR-1.png","contentUrl":"https:\/\/www.analoggwerz.com\/wp-content\/uploads\/2025\/10\/000-LOGO-ANALOG-GWERZ-NOIR-1.png","width":800,"height":407,"caption":"Analog Gwerz"},"image":{"@id":"https:\/\/www.analoggwerz.com\/#\/schema\/logo\/image\/"},"sameAs":["https:\/\/www.instagram.com\/analog_gwerz\/","https:\/\/www.tiktok.com\/@analog_gwerz"]}]}},"jetpack_sharing_enabled":true,"_links":{"self":[{"href":"https:\/\/www.analoggwerz.com\/en\/wp-json\/wp\/v2\/product\/7856","targetHints":{"allow":["GET"]}}],"collection":[{"href":"https:\/\/www.analoggwerz.com\/en\/wp-json\/wp\/v2\/product"}],"about":[{"href":"https:\/\/www.analoggwerz.com\/en\/wp-json\/wp\/v2\/types\/product"}],"wp:featuredmedia":[{"embeddable":true,"href":"https:\/\/www.analoggwerz.com\/en\/wp-json\/wp\/v2\/media\/7851"}],"wp:attachment":[{"href":"https:\/\/www.analoggwerz.com\/en\/wp-json\/wp\/v2\/media?parent=7856"}],"wp:term":[{"taxonomy":"product_brand","embeddable":true,"href":"https:\/\/www.analoggwerz.com\/en\/wp-json\/wp\/v2\/product_brand?post=7856"},{"taxonomy":"product_cat","embeddable":true,"href":"https:\/\/www.analoggwerz.com\/en\/wp-json\/wp\/v2\/product_cat?post=7856"},{"taxonomy":"product_tag","embeddable":true,"href":"https:\/\/www.analoggwerz.com\/en\/wp-json\/wp\/v2\/product_tag?post=7856"}],"curies":[{"name":"wp","href":"https:\/\/api.w.org\/{rel}","templated":true}]}}