{"id":7849,"date":"2025-07-28T21:10:44","date_gmt":"2025-07-28T21:10:44","guid":{"rendered":"https:\/\/www.analoggwerz.com\/produit\/trepied-de-table-luhof-metal-noir-avec-tete-orientable\/"},"modified":"2025-10-31T21:54:58","modified_gmt":"2025-10-31T21:54:58","slug":"trepied-de-table-luhof-metal-noir-avec-tete-orientable","status":"publish","type":"product","link":"https:\/\/www.analoggwerz.com\/en\/product\/trepied-de-table-luhof-metal-noir-avec-tete-orientable\/","title":{"rendered":"Tr\u00e9pied de table Luhof \u2013 m\u00e9tal noir avec t\u00eate orientable &#8211; Argent"},"content":{"rendered":"<p>N\u2019h\u00e9sitez pas \u00e0 vous abonner \u00e0 mon Instagram (@analog_gwerz) si vous aimez la photo et les appareils.<\/p>\n<p>Tr\u00e9pied de table Luhof \u2013 m\u00e9tal noir avec t\u00eate orientable<\/p>\n<p>Tr\u00e9pied de table compact sign\u00e9 Luhof, id\u00e9al pour les appareils photo compacts ou reflex l\u00e9gers. Ce mod\u00e8le robuste est enti\u00e8rement en m\u00e9tal, avec des pieds noirs et une t\u00eate grise orientable. Fabriqu\u00e9 en Allemagne, il est tr\u00e8s stable et con\u00e7u pour durer.<\/p>\n<p>Hauteur repli\u00e9e : 16 cm<\/p>\n<p>Hauteur en usage : environ 14 cm<\/p>\n<p>T\u00eate orientable avec molette de serrage<\/p>\n<p>Filetage standard 1\/4\u201d<\/p>\n<p>Pieds en m\u00e9tal avec embouts antid\u00e9rapants<\/p>\n<p>Marque : Luhof (logo visible sur la molette)<\/p>\n<p>Bon \u00e9tat fonctionnel, quelques traces d\u2019usage visibles<\/p>\n<p>Parfait pour la photo de table, les poses longues ou les prises de vue fixes avec un compact argentique ou num\u00e9rique.<\/p>","protected":false},"excerpt":{"rendered":"<p>N\u2019h\u00e9sitez pas \u00e0 vous abonner \u00e0 mon Instagram (@analog_gwerz) si vous aimez la photo et les appareils. Tr\u00e9pied de table Luhof \u2013 m\u00e9tal noir avec t\u00eate orientable Tr\u00e9pied de table compact sign\u00e9 Luhof, id\u00e9al pour les appareils photo compacts ou reflex l\u00e9gers. Ce mod\u00e8le robuste est enti\u00e8rement en m\u00e9tal, avec des pieds noirs et une [&hellip;]<\/p>\n","protected":false},"featured_media":7846,"template":"","meta":[],"product_brand":[],"product_cat":[55,62,156],"product_tag":[],"class_list":{"0":"post-7849","1":"product","2":"type-product","3":"status-publish","4":"has-post-thumbnail","6":"product_cat-accessoires","7":"product_cat-trepieds","8":"product_cat-trepieds-de-voyage","9":"pa_couleur-argent","11":"first","12":"instock","13":"purchasable","14":"product-type-simple"},"yoast_head":"<!-- This site is optimized with the Yoast SEO plugin v27.5 - https:\/\/yoast.com\/product\/yoast-seo-wordpress\/ -->\n<title>Tr\u00e9pied de table Luhof \u2013 m\u00e9tal noir avec t\u00eate orientable - Argent est disponible sur la boutique !<\/title>\n<meta name=\"description\" content=\"Cliquez ici pour d\u00e9couvrir Tr\u00e9pied de table Luhof \u2013 m\u00e9tal noir avec t\u00eate orientable - Argent sur la boutique.\" \/>\n<meta name=\"robots\" content=\"index, follow, max-snippet:-1, max-image-preview:large, max-video-preview:-1\" \/>\n<link rel=\"canonical\" href=\"https:\/\/www.analoggwerz.com\/en\/product\/trepied-de-table-luhof-metal-noir-avec-tete-orientable\/\" \/>\n<meta property=\"og:locale\" content=\"en_US\" \/>\n<meta property=\"og:type\" content=\"article\" \/>\n<meta property=\"og:title\" content=\"Tr\u00e9pied de table Luhof \u2013 m\u00e9tal noir avec t\u00eate orientable - Argent est disponible sur la boutique !\" \/>\n<meta property=\"og:description\" content=\"Cliquez ici pour d\u00e9couvrir Tr\u00e9pied de table Luhof \u2013 m\u00e9tal noir avec t\u00eate orientable - Argent sur la boutique.\" \/>\n<meta property=\"og:url\" content=\"https:\/\/www.analoggwerz.com\/en\/product\/trepied-de-table-luhof-metal-noir-avec-tete-orientable\/\" \/>\n<meta property=\"og:site_name\" content=\"Analog Gwerz\" \/>\n<meta property=\"article:modified_time\" content=\"2025-10-31T21:54:58+00:00\" \/>\n<meta property=\"og:image\" content=\"https:\/\/www.analoggwerz.com\/wp-content\/uploads\/2025\/07\/img_1504-scaled.jpeg\" \/>\n\t<meta property=\"og:image:width\" content=\"2560\" \/>\n\t<meta property=\"og:image:height\" content=\"1920\" \/>\n\t<meta property=\"og:image:type\" content=\"image\/jpeg\" \/>\n<meta name=\"twitter:card\" content=\"summary_large_image\" \/>\n<meta name=\"twitter:label1\" content=\"Est. reading time\" \/>\n\t<meta name=\"twitter:data1\" content=\"1 minute\" \/>\n<script type=\"application\/ld+json\" class=\"yoast-schema-graph\">{\"@context\":\"https:\\\/\\\/schema.org\",\"@graph\":[{\"@type\":\"WebPage\",\"@id\":\"https:\\\/\\\/www.analoggwerz.com\\\/produit\\\/trepied-de-table-luhof-metal-noir-avec-tete-orientable\\\/\",\"url\":\"https:\\\/\\\/www.analoggwerz.com\\\/produit\\\/trepied-de-table-luhof-metal-noir-avec-tete-orientable\\\/\",\"name\":\"Tr\u00e9pied de table Luhof \u2013 m\u00e9tal noir avec t\u00eate orientable - Argent est disponible sur la boutique !\",\"isPartOf\":{\"@id\":\"https:\\\/\\\/www.analoggwerz.com\\\/#website\"},\"primaryImageOfPage\":{\"@id\":\"https:\\\/\\\/www.analoggwerz.com\\\/produit\\\/trepied-de-table-luhof-metal-noir-avec-tete-orientable\\\/#primaryimage\"},\"image\":{\"@id\":\"https:\\\/\\\/www.analoggwerz.com\\\/produit\\\/trepied-de-table-luhof-metal-noir-avec-tete-orientable\\\/#primaryimage\"},\"thumbnailUrl\":\"https:\\\/\\\/www.analoggwerz.com\\\/wp-content\\\/uploads\\\/2025\\\/07\\\/img_1504-scaled.jpeg\",\"datePublished\":\"2025-07-28T21:10:44+00:00\",\"dateModified\":\"2025-10-31T21:54:58+00:00\",\"description\":\"Cliquez ici pour d\u00e9couvrir Tr\u00e9pied de table Luhof \u2013 m\u00e9tal noir avec t\u00eate orientable - Argent sur la boutique.\",\"breadcrumb\":{\"@id\":\"https:\\\/\\\/www.analoggwerz.com\\\/produit\\\/trepied-de-table-luhof-metal-noir-avec-tete-orientable\\\/#breadcrumb\"},\"inLanguage\":\"en-US\",\"potentialAction\":[{\"@type\":\"ReadAction\",\"target\":[\"https:\\\/\\\/www.analoggwerz.com\\\/produit\\\/trepied-de-table-luhof-metal-noir-avec-tete-orientable\\\/\"]}]},{\"@type\":\"ImageObject\",\"inLanguage\":\"en-US\",\"@id\":\"https:\\\/\\\/www.analoggwerz.com\\\/produit\\\/trepied-de-table-luhof-metal-noir-avec-tete-orientable\\\/#primaryimage\",\"url\":\"https:\\\/\\\/www.analoggwerz.com\\\/wp-content\\\/uploads\\\/2025\\\/07\\\/img_1504-scaled.jpeg\",\"contentUrl\":\"https:\\\/\\\/www.analoggwerz.com\\\/wp-content\\\/uploads\\\/2025\\\/07\\\/img_1504-scaled.jpeg\",\"width\":2560,\"height\":1920},{\"@type\":\"BreadcrumbList\",\"@id\":\"https:\\\/\\\/www.analoggwerz.com\\\/produit\\\/trepied-de-table-luhof-metal-noir-avec-tete-orientable\\\/#breadcrumb\",\"itemListElement\":[{\"@type\":\"ListItem\",\"position\":1,\"name\":\"Accueil\",\"item\":\"https:\\\/\\\/www.analoggwerz.com\\\/\"},{\"@type\":\"ListItem\",\"position\":2,\"name\":\"Boutique\",\"item\":\"https:\\\/\\\/www.analoggwerz.com\\\/shop\\\/\"},{\"@type\":\"ListItem\",\"position\":3,\"name\":\"Tr\u00e9pied de table Luhof \u2013 m\u00e9tal noir avec t\u00eate orientable &#8211; Argent\"}]},{\"@type\":\"WebSite\",\"@id\":\"https:\\\/\\\/www.analoggwerz.com\\\/#website\",\"url\":\"https:\\\/\\\/www.analoggwerz.com\\\/\",\"name\":\"Analog Gwerz\",\"description\":\"Pas besoin de neuf pour capturer l&#039;instant !\",\"publisher\":{\"@id\":\"https:\\\/\\\/www.analoggwerz.com\\\/#organization\"},\"potentialAction\":[{\"@type\":\"SearchAction\",\"target\":{\"@type\":\"EntryPoint\",\"urlTemplate\":\"https:\\\/\\\/www.analoggwerz.com\\\/?s={search_term_string}\"},\"query-input\":{\"@type\":\"PropertyValueSpecification\",\"valueRequired\":true,\"valueName\":\"search_term_string\"}}],\"inLanguage\":\"en-US\"},{\"@type\":\"Organization\",\"@id\":\"https:\\\/\\\/www.analoggwerz.com\\\/#organization\",\"name\":\"Analog Gwerz\",\"url\":\"https:\\\/\\\/www.analoggwerz.com\\\/\",\"logo\":{\"@type\":\"ImageObject\",\"inLanguage\":\"en-US\",\"@id\":\"https:\\\/\\\/www.analoggwerz.com\\\/#\\\/schema\\\/logo\\\/image\\\/\",\"url\":\"https:\\\/\\\/www.analoggwerz.com\\\/wp-content\\\/uploads\\\/2025\\\/10\\\/000-LOGO-ANALOG-GWERZ-NOIR-1.png\",\"contentUrl\":\"https:\\\/\\\/www.analoggwerz.com\\\/wp-content\\\/uploads\\\/2025\\\/10\\\/000-LOGO-ANALOG-GWERZ-NOIR-1.png\",\"width\":800,\"height\":407,\"caption\":\"Analog Gwerz\"},\"image\":{\"@id\":\"https:\\\/\\\/www.analoggwerz.com\\\/#\\\/schema\\\/logo\\\/image\\\/\"},\"sameAs\":[\"https:\\\/\\\/www.instagram.com\\\/analog_gwerz\\\/\",\"https:\\\/\\\/www.tiktok.com\\\/@analog_gwerz\"]}]}<\/script>\n<!-- \/ Yoast SEO plugin. -->","yoast_head_json":{"title":"Tr\u00e9pied de table Luhof \u2013 m\u00e9tal noir avec t\u00eate orientable - Argent est disponible sur la boutique !","description":"Cliquez ici pour d\u00e9couvrir Tr\u00e9pied de table Luhof \u2013 m\u00e9tal noir avec t\u00eate orientable - Argent sur la boutique.","robots":{"index":"index","follow":"follow","max-snippet":"max-snippet:-1","max-image-preview":"max-image-preview:large","max-video-preview":"max-video-preview:-1"},"canonical":"https:\/\/www.analoggwerz.com\/en\/product\/trepied-de-table-luhof-metal-noir-avec-tete-orientable\/","og_locale":"en_US","og_type":"article","og_title":"Tr\u00e9pied de table Luhof \u2013 m\u00e9tal noir avec t\u00eate orientable - Argent est disponible sur la boutique !","og_description":"Cliquez ici pour d\u00e9couvrir Tr\u00e9pied de table Luhof \u2013 m\u00e9tal noir avec t\u00eate orientable - Argent sur la boutique.","og_url":"https:\/\/www.analoggwerz.com\/en\/product\/trepied-de-table-luhof-metal-noir-avec-tete-orientable\/","og_site_name":"Analog Gwerz","article_modified_time":"2025-10-31T21:54:58+00:00","og_image":[{"width":2560,"height":1920,"url":"https:\/\/www.analoggwerz.com\/wp-content\/uploads\/2025\/07\/img_1504-scaled.jpeg","type":"image\/jpeg"}],"twitter_card":"summary_large_image","twitter_misc":{"Est. reading time":"1 minute"},"schema":{"@context":"https:\/\/schema.org","@graph":[{"@type":"WebPage","@id":"https:\/\/www.analoggwerz.com\/produit\/trepied-de-table-luhof-metal-noir-avec-tete-orientable\/","url":"https:\/\/www.analoggwerz.com\/produit\/trepied-de-table-luhof-metal-noir-avec-tete-orientable\/","name":"Tr\u00e9pied de table Luhof \u2013 m\u00e9tal noir avec t\u00eate orientable - Argent est disponible sur la boutique !","isPartOf":{"@id":"https:\/\/www.analoggwerz.com\/#website"},"primaryImageOfPage":{"@id":"https:\/\/www.analoggwerz.com\/produit\/trepied-de-table-luhof-metal-noir-avec-tete-orientable\/#primaryimage"},"image":{"@id":"https:\/\/www.analoggwerz.com\/produit\/trepied-de-table-luhof-metal-noir-avec-tete-orientable\/#primaryimage"},"thumbnailUrl":"https:\/\/www.analoggwerz.com\/wp-content\/uploads\/2025\/07\/img_1504-scaled.jpeg","datePublished":"2025-07-28T21:10:44+00:00","dateModified":"2025-10-31T21:54:58+00:00","description":"Cliquez ici pour d\u00e9couvrir Tr\u00e9pied de table Luhof \u2013 m\u00e9tal noir avec t\u00eate orientable - Argent sur la boutique.","breadcrumb":{"@id":"https:\/\/www.analoggwerz.com\/produit\/trepied-de-table-luhof-metal-noir-avec-tete-orientable\/#breadcrumb"},"inLanguage":"en-US","potentialAction":[{"@type":"ReadAction","target":["https:\/\/www.analoggwerz.com\/produit\/trepied-de-table-luhof-metal-noir-avec-tete-orientable\/"]}]},{"@type":"ImageObject","inLanguage":"en-US","@id":"https:\/\/www.analoggwerz.com\/produit\/trepied-de-table-luhof-metal-noir-avec-tete-orientable\/#primaryimage","url":"https:\/\/www.analoggwerz.com\/wp-content\/uploads\/2025\/07\/img_1504-scaled.jpeg","contentUrl":"https:\/\/www.analoggwerz.com\/wp-content\/uploads\/2025\/07\/img_1504-scaled.jpeg","width":2560,"height":1920},{"@type":"BreadcrumbList","@id":"https:\/\/www.analoggwerz.com\/produit\/trepied-de-table-luhof-metal-noir-avec-tete-orientable\/#breadcrumb","itemListElement":[{"@type":"ListItem","position":1,"name":"Accueil","item":"https:\/\/www.analoggwerz.com\/"},{"@type":"ListItem","position":2,"name":"Boutique","item":"https:\/\/www.analoggwerz.com\/shop\/"},{"@type":"ListItem","position":3,"name":"Tr\u00e9pied de table Luhof \u2013 m\u00e9tal noir avec t\u00eate orientable &#8211; Argent"}]},{"@type":"WebSite","@id":"https:\/\/www.analoggwerz.com\/#website","url":"https:\/\/www.analoggwerz.com\/","name":"Analog Gwerz","description":"Pas besoin de neuf pour capturer l&#039;instant !","publisher":{"@id":"https:\/\/www.analoggwerz.com\/#organization"},"potentialAction":[{"@type":"SearchAction","target":{"@type":"EntryPoint","urlTemplate":"https:\/\/www.analoggwerz.com\/?s={search_term_string}"},"query-input":{"@type":"PropertyValueSpecification","valueRequired":true,"valueName":"search_term_string"}}],"inLanguage":"en-US"},{"@type":"Organization","@id":"https:\/\/www.analoggwerz.com\/#organization","name":"Analog Gwerz","url":"https:\/\/www.analoggwerz.com\/","logo":{"@type":"ImageObject","inLanguage":"en-US","@id":"https:\/\/www.analoggwerz.com\/#\/schema\/logo\/image\/","url":"https:\/\/www.analoggwerz.com\/wp-content\/uploads\/2025\/10\/000-LOGO-ANALOG-GWERZ-NOIR-1.png","contentUrl":"https:\/\/www.analoggwerz.com\/wp-content\/uploads\/2025\/10\/000-LOGO-ANALOG-GWERZ-NOIR-1.png","width":800,"height":407,"caption":"Analog Gwerz"},"image":{"@id":"https:\/\/www.analoggwerz.com\/#\/schema\/logo\/image\/"},"sameAs":["https:\/\/www.instagram.com\/analog_gwerz\/","https:\/\/www.tiktok.com\/@analog_gwerz"]}]}},"jetpack_sharing_enabled":true,"_links":{"self":[{"href":"https:\/\/www.analoggwerz.com\/en\/wp-json\/wp\/v2\/product\/7849","targetHints":{"allow":["GET"]}}],"collection":[{"href":"https:\/\/www.analoggwerz.com\/en\/wp-json\/wp\/v2\/product"}],"about":[{"href":"https:\/\/www.analoggwerz.com\/en\/wp-json\/wp\/v2\/types\/product"}],"wp:featuredmedia":[{"embeddable":true,"href":"https:\/\/www.analoggwerz.com\/en\/wp-json\/wp\/v2\/media\/7846"}],"wp:attachment":[{"href":"https:\/\/www.analoggwerz.com\/en\/wp-json\/wp\/v2\/media?parent=7849"}],"wp:term":[{"taxonomy":"product_brand","embeddable":true,"href":"https:\/\/www.analoggwerz.com\/en\/wp-json\/wp\/v2\/product_brand?post=7849"},{"taxonomy":"product_cat","embeddable":true,"href":"https:\/\/www.analoggwerz.com\/en\/wp-json\/wp\/v2\/product_cat?post=7849"},{"taxonomy":"product_tag","embeddable":true,"href":"https:\/\/www.analoggwerz.com\/en\/wp-json\/wp\/v2\/product_tag?post=7849"}],"curies":[{"name":"wp","href":"https:\/\/api.w.org\/{rel}","templated":true}]}}