{"id":7825,"date":"2025-07-28T20:54:07","date_gmt":"2025-07-28T20:54:07","guid":{"rendered":"https:\/\/www.analoggwerz.com\/produit\/kenko-center-focus-52mm-effet-creatif-vintage\/"},"modified":"2025-10-31T21:54:58","modified_gmt":"2025-10-31T21:54:58","slug":"kenko-center-focus-52mm-effet-creatif-vintage","status":"publish","type":"product","link":"https:\/\/www.analoggwerz.com\/en\/product\/kenko-center-focus-52mm-effet-creatif-vintage\/","title":{"rendered":"Kenko Center Focus 52mm \u2013 Effet cr\u00e9atif vintage &#8211; Transparent"},"content":{"rendered":"<p>\ud83d\udcf8 N\u2019h\u00e9sitez pas \u00e0 vous abonner \u00e0 mon Instagram (@analog_gwerz) si vous aimez la photo et les appareils.<\/p>\n<p>Filtre Kenko Center Focus 52mm \u2013 Effet cr\u00e9atif vintage<\/p>\n<p>Filtre Kenko Center Focus 52mm, con\u00e7u pour cr\u00e9er un effet de flou doux autour du sujet tout en gardant le centre parfaitement net. Id\u00e9al pour les portraits ou les ambiances oniriques fa\u00e7on argentique. Filetage 52 mm, compatible avec de nombreux objectifs. Livr\u00e9 avec sa bo\u00eete d\u2019origine et son bo\u00eetier plastique de rangement.<\/p>\n<p>\ud83e\uddff Caract\u00e9ristiques :<\/p>\n<p>Filetage : 52 mm<\/p>\n<p>Type : Center Focus (flou p\u00e9riph\u00e9rique, nettet\u00e9 centrale)<\/p>\n<p>\u00c9tat : Tr\u00e8s bon, aucun d\u00e9faut optique<\/p>\n<p>Accessoires : bo\u00eete Kenko + bo\u00eetier rigide plastique<\/p>\n<p>\ud83d\udcf7 Compatible avec tous les objectifs 52 mm (argentique ou num\u00e9rique).<\/p>","protected":false},"excerpt":{"rendered":"<p>\ud83d\udcf8 N\u2019h\u00e9sitez pas \u00e0 vous abonner \u00e0 mon Instagram (@analog_gwerz) si vous aimez la photo et les appareils. Filtre Kenko Center Focus 52mm \u2013 Effet cr\u00e9atif vintage Filtre Kenko Center Focus 52mm, con\u00e7u pour cr\u00e9er un effet de flou doux autour du sujet tout en gardant le centre parfaitement net. Id\u00e9al pour les portraits ou [&hellip;]<\/p>\n","protected":false},"featured_media":7824,"template":"","meta":[],"product_brand":[],"product_cat":[55,167,169],"product_tag":[],"class_list":{"0":"post-7825","1":"product","2":"type-product","3":"status-publish","4":"has-post-thumbnail","6":"product_cat-accessoires","7":"product_cat-accessoires-pour-objectifs","8":"product_cat-filtres-accessoires-pour-objectifs","9":"pa_couleur-transparent","11":"first","12":"instock","13":"purchasable","14":"product-type-simple"},"yoast_head":"<!-- This site is optimized with the Yoast SEO plugin v27.5 - https:\/\/yoast.com\/product\/yoast-seo-wordpress\/ -->\n<title>Kenko Center Focus 52mm \u2013 Effet cr\u00e9atif vintage - Transparent est disponible sur la boutique !<\/title>\n<meta name=\"description\" content=\"Cliquez ici pour d\u00e9couvrir Kenko Center Focus 52mm \u2013 Effet cr\u00e9atif vintage - Transparent sur la boutique.\" \/>\n<meta name=\"robots\" content=\"index, follow, max-snippet:-1, max-image-preview:large, max-video-preview:-1\" \/>\n<link rel=\"canonical\" href=\"https:\/\/www.analoggwerz.com\/en\/product\/kenko-center-focus-52mm-effet-creatif-vintage\/\" \/>\n<meta property=\"og:locale\" content=\"en_US\" \/>\n<meta property=\"og:type\" content=\"article\" \/>\n<meta property=\"og:title\" content=\"Kenko Center Focus 52mm \u2013 Effet cr\u00e9atif vintage - Transparent est disponible sur la boutique !\" \/>\n<meta property=\"og:description\" content=\"Cliquez ici pour d\u00e9couvrir Kenko Center Focus 52mm \u2013 Effet cr\u00e9atif vintage - Transparent sur la boutique.\" \/>\n<meta property=\"og:url\" content=\"https:\/\/www.analoggwerz.com\/en\/product\/kenko-center-focus-52mm-effet-creatif-vintage\/\" \/>\n<meta property=\"og:site_name\" content=\"Analog Gwerz\" \/>\n<meta property=\"article:modified_time\" content=\"2025-10-31T21:54:58+00:00\" \/>\n<meta property=\"og:image\" content=\"https:\/\/www.analoggwerz.com\/wp-content\/uploads\/2025\/07\/img_1529-scaled.jpeg\" \/>\n\t<meta property=\"og:image:width\" content=\"2560\" \/>\n\t<meta property=\"og:image:height\" content=\"1920\" \/>\n\t<meta property=\"og:image:type\" content=\"image\/jpeg\" \/>\n<meta name=\"twitter:card\" content=\"summary_large_image\" \/>\n<meta name=\"twitter:label1\" content=\"Est. reading time\" \/>\n\t<meta name=\"twitter:data1\" content=\"1 minute\" \/>\n<script type=\"application\/ld+json\" class=\"yoast-schema-graph\">{\"@context\":\"https:\\\/\\\/schema.org\",\"@graph\":[{\"@type\":\"WebPage\",\"@id\":\"https:\\\/\\\/www.analoggwerz.com\\\/produit\\\/kenko-center-focus-52mm-effet-creatif-vintage\\\/\",\"url\":\"https:\\\/\\\/www.analoggwerz.com\\\/produit\\\/kenko-center-focus-52mm-effet-creatif-vintage\\\/\",\"name\":\"Kenko Center Focus 52mm \u2013 Effet cr\u00e9atif vintage - Transparent est disponible sur la boutique !\",\"isPartOf\":{\"@id\":\"https:\\\/\\\/www.analoggwerz.com\\\/#website\"},\"primaryImageOfPage\":{\"@id\":\"https:\\\/\\\/www.analoggwerz.com\\\/produit\\\/kenko-center-focus-52mm-effet-creatif-vintage\\\/#primaryimage\"},\"image\":{\"@id\":\"https:\\\/\\\/www.analoggwerz.com\\\/produit\\\/kenko-center-focus-52mm-effet-creatif-vintage\\\/#primaryimage\"},\"thumbnailUrl\":\"https:\\\/\\\/www.analoggwerz.com\\\/wp-content\\\/uploads\\\/2025\\\/07\\\/img_1529-scaled.jpeg\",\"datePublished\":\"2025-07-28T20:54:07+00:00\",\"dateModified\":\"2025-10-31T21:54:58+00:00\",\"description\":\"Cliquez ici pour d\u00e9couvrir Kenko Center Focus 52mm \u2013 Effet cr\u00e9atif vintage - Transparent sur la boutique.\",\"breadcrumb\":{\"@id\":\"https:\\\/\\\/www.analoggwerz.com\\\/produit\\\/kenko-center-focus-52mm-effet-creatif-vintage\\\/#breadcrumb\"},\"inLanguage\":\"en-US\",\"potentialAction\":[{\"@type\":\"ReadAction\",\"target\":[\"https:\\\/\\\/www.analoggwerz.com\\\/produit\\\/kenko-center-focus-52mm-effet-creatif-vintage\\\/\"]}]},{\"@type\":\"ImageObject\",\"inLanguage\":\"en-US\",\"@id\":\"https:\\\/\\\/www.analoggwerz.com\\\/produit\\\/kenko-center-focus-52mm-effet-creatif-vintage\\\/#primaryimage\",\"url\":\"https:\\\/\\\/www.analoggwerz.com\\\/wp-content\\\/uploads\\\/2025\\\/07\\\/img_1529-scaled.jpeg\",\"contentUrl\":\"https:\\\/\\\/www.analoggwerz.com\\\/wp-content\\\/uploads\\\/2025\\\/07\\\/img_1529-scaled.jpeg\",\"width\":2560,\"height\":1920},{\"@type\":\"BreadcrumbList\",\"@id\":\"https:\\\/\\\/www.analoggwerz.com\\\/produit\\\/kenko-center-focus-52mm-effet-creatif-vintage\\\/#breadcrumb\",\"itemListElement\":[{\"@type\":\"ListItem\",\"position\":1,\"name\":\"Accueil\",\"item\":\"https:\\\/\\\/www.analoggwerz.com\\\/\"},{\"@type\":\"ListItem\",\"position\":2,\"name\":\"Boutique\",\"item\":\"https:\\\/\\\/www.analoggwerz.com\\\/shop\\\/\"},{\"@type\":\"ListItem\",\"position\":3,\"name\":\"Kenko Center Focus 52mm \u2013 Effet cr\u00e9atif vintage &#8211; Transparent\"}]},{\"@type\":\"WebSite\",\"@id\":\"https:\\\/\\\/www.analoggwerz.com\\\/#website\",\"url\":\"https:\\\/\\\/www.analoggwerz.com\\\/\",\"name\":\"Analog Gwerz\",\"description\":\"Pas besoin de neuf pour capturer l&#039;instant !\",\"publisher\":{\"@id\":\"https:\\\/\\\/www.analoggwerz.com\\\/#organization\"},\"potentialAction\":[{\"@type\":\"SearchAction\",\"target\":{\"@type\":\"EntryPoint\",\"urlTemplate\":\"https:\\\/\\\/www.analoggwerz.com\\\/?s={search_term_string}\"},\"query-input\":{\"@type\":\"PropertyValueSpecification\",\"valueRequired\":true,\"valueName\":\"search_term_string\"}}],\"inLanguage\":\"en-US\"},{\"@type\":\"Organization\",\"@id\":\"https:\\\/\\\/www.analoggwerz.com\\\/#organization\",\"name\":\"Analog Gwerz\",\"url\":\"https:\\\/\\\/www.analoggwerz.com\\\/\",\"logo\":{\"@type\":\"ImageObject\",\"inLanguage\":\"en-US\",\"@id\":\"https:\\\/\\\/www.analoggwerz.com\\\/#\\\/schema\\\/logo\\\/image\\\/\",\"url\":\"https:\\\/\\\/www.analoggwerz.com\\\/wp-content\\\/uploads\\\/2025\\\/10\\\/000-LOGO-ANALOG-GWERZ-NOIR-1.png\",\"contentUrl\":\"https:\\\/\\\/www.analoggwerz.com\\\/wp-content\\\/uploads\\\/2025\\\/10\\\/000-LOGO-ANALOG-GWERZ-NOIR-1.png\",\"width\":800,\"height\":407,\"caption\":\"Analog Gwerz\"},\"image\":{\"@id\":\"https:\\\/\\\/www.analoggwerz.com\\\/#\\\/schema\\\/logo\\\/image\\\/\"},\"sameAs\":[\"https:\\\/\\\/www.instagram.com\\\/analog_gwerz\\\/\",\"https:\\\/\\\/www.tiktok.com\\\/@analog_gwerz\"]}]}<\/script>\n<!-- \/ Yoast SEO plugin. -->","yoast_head_json":{"title":"Kenko Center Focus 52mm \u2013 Effet cr\u00e9atif vintage - Transparent est disponible sur la boutique !","description":"Cliquez ici pour d\u00e9couvrir Kenko Center Focus 52mm \u2013 Effet cr\u00e9atif vintage - Transparent sur la boutique.","robots":{"index":"index","follow":"follow","max-snippet":"max-snippet:-1","max-image-preview":"max-image-preview:large","max-video-preview":"max-video-preview:-1"},"canonical":"https:\/\/www.analoggwerz.com\/en\/product\/kenko-center-focus-52mm-effet-creatif-vintage\/","og_locale":"en_US","og_type":"article","og_title":"Kenko Center Focus 52mm \u2013 Effet cr\u00e9atif vintage - Transparent est disponible sur la boutique !","og_description":"Cliquez ici pour d\u00e9couvrir Kenko Center Focus 52mm \u2013 Effet cr\u00e9atif vintage - Transparent sur la boutique.","og_url":"https:\/\/www.analoggwerz.com\/en\/product\/kenko-center-focus-52mm-effet-creatif-vintage\/","og_site_name":"Analog Gwerz","article_modified_time":"2025-10-31T21:54:58+00:00","og_image":[{"width":2560,"height":1920,"url":"https:\/\/www.analoggwerz.com\/wp-content\/uploads\/2025\/07\/img_1529-scaled.jpeg","type":"image\/jpeg"}],"twitter_card":"summary_large_image","twitter_misc":{"Est. reading time":"1 minute"},"schema":{"@context":"https:\/\/schema.org","@graph":[{"@type":"WebPage","@id":"https:\/\/www.analoggwerz.com\/produit\/kenko-center-focus-52mm-effet-creatif-vintage\/","url":"https:\/\/www.analoggwerz.com\/produit\/kenko-center-focus-52mm-effet-creatif-vintage\/","name":"Kenko Center Focus 52mm \u2013 Effet cr\u00e9atif vintage - Transparent est disponible sur la boutique !","isPartOf":{"@id":"https:\/\/www.analoggwerz.com\/#website"},"primaryImageOfPage":{"@id":"https:\/\/www.analoggwerz.com\/produit\/kenko-center-focus-52mm-effet-creatif-vintage\/#primaryimage"},"image":{"@id":"https:\/\/www.analoggwerz.com\/produit\/kenko-center-focus-52mm-effet-creatif-vintage\/#primaryimage"},"thumbnailUrl":"https:\/\/www.analoggwerz.com\/wp-content\/uploads\/2025\/07\/img_1529-scaled.jpeg","datePublished":"2025-07-28T20:54:07+00:00","dateModified":"2025-10-31T21:54:58+00:00","description":"Cliquez ici pour d\u00e9couvrir Kenko Center Focus 52mm \u2013 Effet cr\u00e9atif vintage - Transparent sur la boutique.","breadcrumb":{"@id":"https:\/\/www.analoggwerz.com\/produit\/kenko-center-focus-52mm-effet-creatif-vintage\/#breadcrumb"},"inLanguage":"en-US","potentialAction":[{"@type":"ReadAction","target":["https:\/\/www.analoggwerz.com\/produit\/kenko-center-focus-52mm-effet-creatif-vintage\/"]}]},{"@type":"ImageObject","inLanguage":"en-US","@id":"https:\/\/www.analoggwerz.com\/produit\/kenko-center-focus-52mm-effet-creatif-vintage\/#primaryimage","url":"https:\/\/www.analoggwerz.com\/wp-content\/uploads\/2025\/07\/img_1529-scaled.jpeg","contentUrl":"https:\/\/www.analoggwerz.com\/wp-content\/uploads\/2025\/07\/img_1529-scaled.jpeg","width":2560,"height":1920},{"@type":"BreadcrumbList","@id":"https:\/\/www.analoggwerz.com\/produit\/kenko-center-focus-52mm-effet-creatif-vintage\/#breadcrumb","itemListElement":[{"@type":"ListItem","position":1,"name":"Accueil","item":"https:\/\/www.analoggwerz.com\/"},{"@type":"ListItem","position":2,"name":"Boutique","item":"https:\/\/www.analoggwerz.com\/shop\/"},{"@type":"ListItem","position":3,"name":"Kenko Center Focus 52mm \u2013 Effet cr\u00e9atif vintage &#8211; Transparent"}]},{"@type":"WebSite","@id":"https:\/\/www.analoggwerz.com\/#website","url":"https:\/\/www.analoggwerz.com\/","name":"Analog Gwerz","description":"Pas besoin de neuf pour capturer l&#039;instant !","publisher":{"@id":"https:\/\/www.analoggwerz.com\/#organization"},"potentialAction":[{"@type":"SearchAction","target":{"@type":"EntryPoint","urlTemplate":"https:\/\/www.analoggwerz.com\/?s={search_term_string}"},"query-input":{"@type":"PropertyValueSpecification","valueRequired":true,"valueName":"search_term_string"}}],"inLanguage":"en-US"},{"@type":"Organization","@id":"https:\/\/www.analoggwerz.com\/#organization","name":"Analog Gwerz","url":"https:\/\/www.analoggwerz.com\/","logo":{"@type":"ImageObject","inLanguage":"en-US","@id":"https:\/\/www.analoggwerz.com\/#\/schema\/logo\/image\/","url":"https:\/\/www.analoggwerz.com\/wp-content\/uploads\/2025\/10\/000-LOGO-ANALOG-GWERZ-NOIR-1.png","contentUrl":"https:\/\/www.analoggwerz.com\/wp-content\/uploads\/2025\/10\/000-LOGO-ANALOG-GWERZ-NOIR-1.png","width":800,"height":407,"caption":"Analog Gwerz"},"image":{"@id":"https:\/\/www.analoggwerz.com\/#\/schema\/logo\/image\/"},"sameAs":["https:\/\/www.instagram.com\/analog_gwerz\/","https:\/\/www.tiktok.com\/@analog_gwerz"]}]}},"jetpack_sharing_enabled":true,"_links":{"self":[{"href":"https:\/\/www.analoggwerz.com\/en\/wp-json\/wp\/v2\/product\/7825","targetHints":{"allow":["GET"]}}],"collection":[{"href":"https:\/\/www.analoggwerz.com\/en\/wp-json\/wp\/v2\/product"}],"about":[{"href":"https:\/\/www.analoggwerz.com\/en\/wp-json\/wp\/v2\/types\/product"}],"wp:featuredmedia":[{"embeddable":true,"href":"https:\/\/www.analoggwerz.com\/en\/wp-json\/wp\/v2\/media\/7824"}],"wp:attachment":[{"href":"https:\/\/www.analoggwerz.com\/en\/wp-json\/wp\/v2\/media?parent=7825"}],"wp:term":[{"taxonomy":"product_brand","embeddable":true,"href":"https:\/\/www.analoggwerz.com\/en\/wp-json\/wp\/v2\/product_brand?post=7825"},{"taxonomy":"product_cat","embeddable":true,"href":"https:\/\/www.analoggwerz.com\/en\/wp-json\/wp\/v2\/product_cat?post=7825"},{"taxonomy":"product_tag","embeddable":true,"href":"https:\/\/www.analoggwerz.com\/en\/wp-json\/wp\/v2\/product_tag?post=7825"}],"curies":[{"name":"wp","href":"https:\/\/api.w.org\/{rel}","templated":true}]}}