{"id":7798,"date":"2025-07-28T20:39:07","date_gmt":"2025-07-28T20:39:07","guid":{"rendered":"https:\/\/www.analoggwerz.com\/produit\/housse-rose-case-logic-pour-appareil-photo-compact-numerique\/"},"modified":"2026-04-12T12:17:37","modified_gmt":"2026-04-12T12:17:37","slug":"housse-rose-case-logic-pour-appareil-photo-compact-numerique","status":"publish","type":"product","link":"https:\/\/www.analoggwerz.com\/en\/product\/housse-rose-case-logic-pour-appareil-photo-compact-numerique\/","title":{"rendered":"Housse Case Logic pour appareil photo compact num\u00e9rique &#8211; Rose"},"content":{"rendered":"<p>N\u2019h\u00e9sitez pas \u00e0 vous abonner \u00e0 mon Instagram (@analog_gwerz) si vous aimez la photo et les appareils.<\/p>\n<p>Housse rose Case Logic pour appareil photo compact num\u00e9rique<\/p>\n<p>Prot\u00e9gez votre appareil photo avec style gr\u00e2ce \u00e0 cette housse rose sign\u00e9e Case Logic. Con\u00e7ue pour accueillir la plupart des compacts num\u00e9riques, elle combine une protection efficace et une esth\u00e9tique color\u00e9e.<\/p>\n<p>\ud83d\udccd Caract\u00e9ristiques :<\/p>\n<p>Housse rigide en n\u00e9opr\u00e8ne rose<\/p>\n<p>Fermeture \u00e9clair solide avec tirette rouge<\/p>\n<p>Mousqueton + dragonne pour un transport facile<\/p>\n<p>Int\u00e9rieur doux pour prot\u00e9ger l\u2019\u00e9cran et l\u2019objectif<\/p>\n<p>Dimensions int\u00e9rieures : environ 10 x 6 x 2,5 cm<\/p>\n<p>\ud83d\udca1 Compatibilit\u00e9 : convient uniquement aux compacts num\u00e9riques (trop \u00e9troite pour les mod\u00e8les argentiques, souvent plus \u00e9pais).<\/p>\n<p>\ud83d\udcf8 Les photos montrent l\u2019\u00e9tat r\u00e9el de la housse. Produit propre et fonctionnel.<\/p>","protected":false},"excerpt":{"rendered":"<p>N\u2019h\u00e9sitez pas \u00e0 vous abonner \u00e0 mon Instagram (@analog_gwerz) si vous aimez la photo et les appareils. Housse rose Case Logic pour appareil photo compact num\u00e9rique Prot\u00e9gez votre appareil photo avec style gr\u00e2ce \u00e0 cette housse rose sign\u00e9e Case Logic. Con\u00e7ue pour accueillir la plupart des compacts num\u00e9riques, elle combine une protection efficace et une [&hellip;]<\/p>\n","protected":false},"featured_media":7796,"template":"","meta":[],"product_brand":[],"product_cat":[55,146,143],"product_tag":[],"class_list":{"0":"post-7798","1":"product","2":"type-product","3":"status-publish","4":"has-post-thumbnail","6":"product_cat-accessoires","7":"product_cat-etuis-sacoches-pour-compact-numerique","8":"product_cat-etuis-et-sacoches","9":"pa_couleur-rose","11":"first","12":"outofstock","13":"purchasable","14":"product-type-simple"},"yoast_head":"<!-- This site is optimized with the Yoast SEO plugin v27.5 - https:\/\/yoast.com\/product\/yoast-seo-wordpress\/ -->\n<title>Housse Case Logic pour appareil photo compact num\u00e9rique - Rose est disponible sur la boutique !<\/title>\n<meta name=\"description\" content=\"Cliquez ici pour d\u00e9couvrir Housse Case Logic pour appareil photo compact num\u00e9rique - Rose sur la boutique.\" \/>\n<meta name=\"robots\" content=\"index, follow, max-snippet:-1, max-image-preview:large, max-video-preview:-1\" \/>\n<link rel=\"canonical\" href=\"https:\/\/www.analoggwerz.com\/en\/product\/housse-rose-case-logic-pour-appareil-photo-compact-numerique\/\" \/>\n<meta property=\"og:locale\" content=\"en_US\" \/>\n<meta property=\"og:type\" content=\"article\" \/>\n<meta property=\"og:title\" content=\"Housse Case Logic pour appareil photo compact num\u00e9rique - Rose est disponible sur la boutique !\" \/>\n<meta property=\"og:description\" content=\"Cliquez ici pour d\u00e9couvrir Housse Case Logic pour appareil photo compact num\u00e9rique - Rose sur la boutique.\" \/>\n<meta property=\"og:url\" content=\"https:\/\/www.analoggwerz.com\/en\/product\/housse-rose-case-logic-pour-appareil-photo-compact-numerique\/\" \/>\n<meta property=\"og:site_name\" content=\"Analog Gwerz\" \/>\n<meta property=\"article:modified_time\" content=\"2026-04-12T12:17:37+00:00\" \/>\n<meta property=\"og:image\" content=\"https:\/\/www.analoggwerz.com\/wp-content\/uploads\/2025\/07\/img_1553-scaled.jpeg\" \/>\n\t<meta property=\"og:image:width\" content=\"2560\" \/>\n\t<meta property=\"og:image:height\" content=\"1920\" \/>\n\t<meta property=\"og:image:type\" content=\"image\/jpeg\" \/>\n<meta name=\"twitter:card\" content=\"summary_large_image\" \/>\n<meta name=\"twitter:label1\" content=\"Est. reading time\" \/>\n\t<meta name=\"twitter:data1\" content=\"1 minute\" \/>\n<script type=\"application\/ld+json\" class=\"yoast-schema-graph\">{\"@context\":\"https:\\\/\\\/schema.org\",\"@graph\":[{\"@type\":\"WebPage\",\"@id\":\"https:\\\/\\\/www.analoggwerz.com\\\/produit\\\/housse-rose-case-logic-pour-appareil-photo-compact-numerique\\\/\",\"url\":\"https:\\\/\\\/www.analoggwerz.com\\\/produit\\\/housse-rose-case-logic-pour-appareil-photo-compact-numerique\\\/\",\"name\":\"Housse Case Logic pour appareil photo compact num\u00e9rique - Rose est disponible sur la boutique !\",\"isPartOf\":{\"@id\":\"https:\\\/\\\/www.analoggwerz.com\\\/#website\"},\"primaryImageOfPage\":{\"@id\":\"https:\\\/\\\/www.analoggwerz.com\\\/produit\\\/housse-rose-case-logic-pour-appareil-photo-compact-numerique\\\/#primaryimage\"},\"image\":{\"@id\":\"https:\\\/\\\/www.analoggwerz.com\\\/produit\\\/housse-rose-case-logic-pour-appareil-photo-compact-numerique\\\/#primaryimage\"},\"thumbnailUrl\":\"https:\\\/\\\/www.analoggwerz.com\\\/wp-content\\\/uploads\\\/2025\\\/07\\\/img_1553-scaled.jpeg\",\"datePublished\":\"2025-07-28T20:39:07+00:00\",\"dateModified\":\"2026-04-12T12:17:37+00:00\",\"description\":\"Cliquez ici pour d\u00e9couvrir Housse Case Logic pour appareil photo compact num\u00e9rique - Rose sur la boutique.\",\"breadcrumb\":{\"@id\":\"https:\\\/\\\/www.analoggwerz.com\\\/produit\\\/housse-rose-case-logic-pour-appareil-photo-compact-numerique\\\/#breadcrumb\"},\"inLanguage\":\"en-US\",\"potentialAction\":[{\"@type\":\"ReadAction\",\"target\":[\"https:\\\/\\\/www.analoggwerz.com\\\/produit\\\/housse-rose-case-logic-pour-appareil-photo-compact-numerique\\\/\"]}]},{\"@type\":\"ImageObject\",\"inLanguage\":\"en-US\",\"@id\":\"https:\\\/\\\/www.analoggwerz.com\\\/produit\\\/housse-rose-case-logic-pour-appareil-photo-compact-numerique\\\/#primaryimage\",\"url\":\"https:\\\/\\\/www.analoggwerz.com\\\/wp-content\\\/uploads\\\/2025\\\/07\\\/img_1553-scaled.jpeg\",\"contentUrl\":\"https:\\\/\\\/www.analoggwerz.com\\\/wp-content\\\/uploads\\\/2025\\\/07\\\/img_1553-scaled.jpeg\",\"width\":2560,\"height\":1920},{\"@type\":\"BreadcrumbList\",\"@id\":\"https:\\\/\\\/www.analoggwerz.com\\\/produit\\\/housse-rose-case-logic-pour-appareil-photo-compact-numerique\\\/#breadcrumb\",\"itemListElement\":[{\"@type\":\"ListItem\",\"position\":1,\"name\":\"Accueil\",\"item\":\"https:\\\/\\\/www.analoggwerz.com\\\/\"},{\"@type\":\"ListItem\",\"position\":2,\"name\":\"Boutique\",\"item\":\"https:\\\/\\\/www.analoggwerz.com\\\/shop\\\/\"},{\"@type\":\"ListItem\",\"position\":3,\"name\":\"Housse Case Logic pour appareil photo compact num\u00e9rique &#8211; Rose\"}]},{\"@type\":\"WebSite\",\"@id\":\"https:\\\/\\\/www.analoggwerz.com\\\/#website\",\"url\":\"https:\\\/\\\/www.analoggwerz.com\\\/\",\"name\":\"Analog Gwerz\",\"description\":\"Pas besoin de neuf pour capturer l&#039;instant !\",\"publisher\":{\"@id\":\"https:\\\/\\\/www.analoggwerz.com\\\/#organization\"},\"potentialAction\":[{\"@type\":\"SearchAction\",\"target\":{\"@type\":\"EntryPoint\",\"urlTemplate\":\"https:\\\/\\\/www.analoggwerz.com\\\/?s={search_term_string}\"},\"query-input\":{\"@type\":\"PropertyValueSpecification\",\"valueRequired\":true,\"valueName\":\"search_term_string\"}}],\"inLanguage\":\"en-US\"},{\"@type\":\"Organization\",\"@id\":\"https:\\\/\\\/www.analoggwerz.com\\\/#organization\",\"name\":\"Analog Gwerz\",\"url\":\"https:\\\/\\\/www.analoggwerz.com\\\/\",\"logo\":{\"@type\":\"ImageObject\",\"inLanguage\":\"en-US\",\"@id\":\"https:\\\/\\\/www.analoggwerz.com\\\/#\\\/schema\\\/logo\\\/image\\\/\",\"url\":\"https:\\\/\\\/www.analoggwerz.com\\\/wp-content\\\/uploads\\\/2025\\\/10\\\/000-LOGO-ANALOG-GWERZ-NOIR-1.png\",\"contentUrl\":\"https:\\\/\\\/www.analoggwerz.com\\\/wp-content\\\/uploads\\\/2025\\\/10\\\/000-LOGO-ANALOG-GWERZ-NOIR-1.png\",\"width\":800,\"height\":407,\"caption\":\"Analog Gwerz\"},\"image\":{\"@id\":\"https:\\\/\\\/www.analoggwerz.com\\\/#\\\/schema\\\/logo\\\/image\\\/\"},\"sameAs\":[\"https:\\\/\\\/www.instagram.com\\\/analog_gwerz\\\/\",\"https:\\\/\\\/www.tiktok.com\\\/@analog_gwerz\"]}]}<\/script>\n<!-- \/ Yoast SEO plugin. -->","yoast_head_json":{"title":"Housse Case Logic pour appareil photo compact num\u00e9rique - Rose est disponible sur la boutique !","description":"Cliquez ici pour d\u00e9couvrir Housse Case Logic pour appareil photo compact num\u00e9rique - Rose sur la boutique.","robots":{"index":"index","follow":"follow","max-snippet":"max-snippet:-1","max-image-preview":"max-image-preview:large","max-video-preview":"max-video-preview:-1"},"canonical":"https:\/\/www.analoggwerz.com\/en\/product\/housse-rose-case-logic-pour-appareil-photo-compact-numerique\/","og_locale":"en_US","og_type":"article","og_title":"Housse Case Logic pour appareil photo compact num\u00e9rique - Rose est disponible sur la boutique !","og_description":"Cliquez ici pour d\u00e9couvrir Housse Case Logic pour appareil photo compact num\u00e9rique - Rose sur la boutique.","og_url":"https:\/\/www.analoggwerz.com\/en\/product\/housse-rose-case-logic-pour-appareil-photo-compact-numerique\/","og_site_name":"Analog Gwerz","article_modified_time":"2026-04-12T12:17:37+00:00","og_image":[{"width":2560,"height":1920,"url":"https:\/\/www.analoggwerz.com\/wp-content\/uploads\/2025\/07\/img_1553-scaled.jpeg","type":"image\/jpeg"}],"twitter_card":"summary_large_image","twitter_misc":{"Est. reading time":"1 minute"},"schema":{"@context":"https:\/\/schema.org","@graph":[{"@type":"WebPage","@id":"https:\/\/www.analoggwerz.com\/produit\/housse-rose-case-logic-pour-appareil-photo-compact-numerique\/","url":"https:\/\/www.analoggwerz.com\/produit\/housse-rose-case-logic-pour-appareil-photo-compact-numerique\/","name":"Housse Case Logic pour appareil photo compact num\u00e9rique - Rose est disponible sur la boutique !","isPartOf":{"@id":"https:\/\/www.analoggwerz.com\/#website"},"primaryImageOfPage":{"@id":"https:\/\/www.analoggwerz.com\/produit\/housse-rose-case-logic-pour-appareil-photo-compact-numerique\/#primaryimage"},"image":{"@id":"https:\/\/www.analoggwerz.com\/produit\/housse-rose-case-logic-pour-appareil-photo-compact-numerique\/#primaryimage"},"thumbnailUrl":"https:\/\/www.analoggwerz.com\/wp-content\/uploads\/2025\/07\/img_1553-scaled.jpeg","datePublished":"2025-07-28T20:39:07+00:00","dateModified":"2026-04-12T12:17:37+00:00","description":"Cliquez ici pour d\u00e9couvrir Housse Case Logic pour appareil photo compact num\u00e9rique - Rose sur la boutique.","breadcrumb":{"@id":"https:\/\/www.analoggwerz.com\/produit\/housse-rose-case-logic-pour-appareil-photo-compact-numerique\/#breadcrumb"},"inLanguage":"en-US","potentialAction":[{"@type":"ReadAction","target":["https:\/\/www.analoggwerz.com\/produit\/housse-rose-case-logic-pour-appareil-photo-compact-numerique\/"]}]},{"@type":"ImageObject","inLanguage":"en-US","@id":"https:\/\/www.analoggwerz.com\/produit\/housse-rose-case-logic-pour-appareil-photo-compact-numerique\/#primaryimage","url":"https:\/\/www.analoggwerz.com\/wp-content\/uploads\/2025\/07\/img_1553-scaled.jpeg","contentUrl":"https:\/\/www.analoggwerz.com\/wp-content\/uploads\/2025\/07\/img_1553-scaled.jpeg","width":2560,"height":1920},{"@type":"BreadcrumbList","@id":"https:\/\/www.analoggwerz.com\/produit\/housse-rose-case-logic-pour-appareil-photo-compact-numerique\/#breadcrumb","itemListElement":[{"@type":"ListItem","position":1,"name":"Accueil","item":"https:\/\/www.analoggwerz.com\/"},{"@type":"ListItem","position":2,"name":"Boutique","item":"https:\/\/www.analoggwerz.com\/shop\/"},{"@type":"ListItem","position":3,"name":"Housse Case Logic pour appareil photo compact num\u00e9rique &#8211; Rose"}]},{"@type":"WebSite","@id":"https:\/\/www.analoggwerz.com\/#website","url":"https:\/\/www.analoggwerz.com\/","name":"Analog Gwerz","description":"Pas besoin de neuf pour capturer l&#039;instant !","publisher":{"@id":"https:\/\/www.analoggwerz.com\/#organization"},"potentialAction":[{"@type":"SearchAction","target":{"@type":"EntryPoint","urlTemplate":"https:\/\/www.analoggwerz.com\/?s={search_term_string}"},"query-input":{"@type":"PropertyValueSpecification","valueRequired":true,"valueName":"search_term_string"}}],"inLanguage":"en-US"},{"@type":"Organization","@id":"https:\/\/www.analoggwerz.com\/#organization","name":"Analog Gwerz","url":"https:\/\/www.analoggwerz.com\/","logo":{"@type":"ImageObject","inLanguage":"en-US","@id":"https:\/\/www.analoggwerz.com\/#\/schema\/logo\/image\/","url":"https:\/\/www.analoggwerz.com\/wp-content\/uploads\/2025\/10\/000-LOGO-ANALOG-GWERZ-NOIR-1.png","contentUrl":"https:\/\/www.analoggwerz.com\/wp-content\/uploads\/2025\/10\/000-LOGO-ANALOG-GWERZ-NOIR-1.png","width":800,"height":407,"caption":"Analog Gwerz"},"image":{"@id":"https:\/\/www.analoggwerz.com\/#\/schema\/logo\/image\/"},"sameAs":["https:\/\/www.instagram.com\/analog_gwerz\/","https:\/\/www.tiktok.com\/@analog_gwerz"]}]}},"jetpack_sharing_enabled":true,"_links":{"self":[{"href":"https:\/\/www.analoggwerz.com\/en\/wp-json\/wp\/v2\/product\/7798","targetHints":{"allow":["GET"]}}],"collection":[{"href":"https:\/\/www.analoggwerz.com\/en\/wp-json\/wp\/v2\/product"}],"about":[{"href":"https:\/\/www.analoggwerz.com\/en\/wp-json\/wp\/v2\/types\/product"}],"wp:featuredmedia":[{"embeddable":true,"href":"https:\/\/www.analoggwerz.com\/en\/wp-json\/wp\/v2\/media\/7796"}],"wp:attachment":[{"href":"https:\/\/www.analoggwerz.com\/en\/wp-json\/wp\/v2\/media?parent=7798"}],"wp:term":[{"taxonomy":"product_brand","embeddable":true,"href":"https:\/\/www.analoggwerz.com\/en\/wp-json\/wp\/v2\/product_brand?post=7798"},{"taxonomy":"product_cat","embeddable":true,"href":"https:\/\/www.analoggwerz.com\/en\/wp-json\/wp\/v2\/product_cat?post=7798"},{"taxonomy":"product_tag","embeddable":true,"href":"https:\/\/www.analoggwerz.com\/en\/wp-json\/wp\/v2\/product_tag?post=7798"}],"curies":[{"name":"wp","href":"https:\/\/api.w.org\/{rel}","templated":true}]}}