{"id":7794,"date":"2025-07-28T20:36:45","date_gmt":"2025-07-28T20:36:45","guid":{"rendered":"https:\/\/www.analoggwerz.com\/produit\/pentax-mx-smc-pentax-m-50mm-f-1-7\/"},"modified":"2025-10-31T21:54:58","modified_gmt":"2025-10-31T21:54:58","slug":"pentax-mx-smc-pentax-m-50mm-f-1-7","status":"publish","type":"product","link":"https:\/\/www.analoggwerz.com\/en\/product\/pentax-mx-smc-pentax-m-50mm-f-1-7\/","title":{"rendered":"Pentax MX + SMC Pentax-M 50mm f\/1.7"},"content":{"rendered":"<p>N\u2019h\u00e9sitez pas \u00e0 vous abonner \u00e0 mon Instagram (@analog_gwerz) si vous aimez la photo et les appareils.<\/p>\n<p>\ud83d\udd39 Pentax MX + SMC Pentax-M 50mm f\/1.7 \ud83d\udd39<\/p>\n<p>Bo\u00eetier reflex 35mm m\u00e9canique de haute qualit\u00e9, fabriqu\u00e9 au Japon. Compact, robuste et enti\u00e8rement manuel, le Pentax MX est un excellent choix pour qui veut apprendre la photo argentique ou retrouver les sensations classiques de la mise au point manuelle.<\/p>\n<p>\ud83d\udcf7 Caract\u00e9ristiques techniques :<\/p>\n<p>\u2013 Bo\u00eetier Pentax MX 100% m\u00e9canique<\/p>\n<p>\u2013 Viseur tr\u00e8s lumineux avec indication m\u00e9canique de vitesse<\/p>\n<p>\u2013 Obturateur allant jusqu\u2019au 1\/1000s<\/p>\n<p>\u2013 Pose B pour longues expositions<\/p>\n<p>\u2013 Objectif Pentax SMC-M 50mm f\/1.7 (tr\u00e8s lumineux)<\/p>\n<p>\u2013 Monture K<\/p>\n<p>\ud83e\uddf0 \u00c9tat g\u00e9n\u00e9ral :<\/p>\n<p>Tr\u00e8s bon \u00e9tat cosm\u00e9tique pour l\u2019ensemble.<\/p>\n<p>L\u2019objectif est propre, les lentilles sont claires et l\u2019ouverture fluide.<\/p>\n<p>Le viseur est net et agr\u00e9able.<\/p>\n<p>Test\u00e9 avec des piles : posem\u00e8tre fonctionnel.<\/p>\n<p>\ud83d\udce6 Accessoires inclus :<\/p>\n<p>\u2013 Courroie<\/p>\n<p>\u2013 Objectif 50mm f\/1.7<\/p>\n<p>\u2013 Bouchon arri\u00e8re d\u2019objectif<\/p>\n<p>\ud83d\udcf8 Les photos montrent le produit r\u00e9el. Tous les appareils sont test\u00e9s avant la vente.<\/p>","protected":false},"excerpt":{"rendered":"<p>N\u2019h\u00e9sitez pas \u00e0 vous abonner \u00e0 mon Instagram (@analog_gwerz) si vous aimez la photo et les appareils. \ud83d\udd39 Pentax MX + SMC Pentax-M 50mm f\/1.7 \ud83d\udd39 Bo\u00eetier reflex 35mm m\u00e9canique de haute qualit\u00e9, fabriqu\u00e9 au Japon. Compact, robuste et enti\u00e8rement manuel, le Pentax MX est un excellent choix pour qui veut apprendre la photo argentique [&hellip;]<\/p>\n","protected":false},"featured_media":7792,"template":"","meta":[],"product_brand":[],"product_cat":[118,29,109],"product_tag":[],"class_list":{"0":"post-7794","1":"product","2":"type-product","3":"status-publish","4":"has-post-thumbnail","6":"product_cat-appareils-photo","7":"product_cat-argentiques-35mm","8":"product_cat-reflex-argentiques","9":"pa_marque-pentax","11":"first","12":"outofstock","13":"purchasable","14":"product-type-simple"},"yoast_head":"<!-- This site is optimized with the Yoast SEO plugin v27.5 - https:\/\/yoast.com\/product\/yoast-seo-wordpress\/ -->\n<title>Pentax MX + SMC Pentax-M 50mm f\/1.7 est disponible sur la boutique !<\/title>\n<meta name=\"description\" content=\"Cliquez ici pour d\u00e9couvrir Pentax MX + SMC Pentax-M 50mm f\/1.7 sur la boutique.\" \/>\n<meta name=\"robots\" content=\"index, follow, max-snippet:-1, max-image-preview:large, max-video-preview:-1\" \/>\n<link rel=\"canonical\" href=\"https:\/\/www.analoggwerz.com\/en\/product\/pentax-mx-smc-pentax-m-50mm-f-1-7\/\" \/>\n<meta property=\"og:locale\" content=\"en_US\" \/>\n<meta property=\"og:type\" content=\"article\" \/>\n<meta property=\"og:title\" content=\"Pentax MX + SMC Pentax-M 50mm f\/1.7 est disponible sur la boutique !\" \/>\n<meta property=\"og:description\" content=\"Cliquez ici pour d\u00e9couvrir Pentax MX + SMC Pentax-M 50mm f\/1.7 sur la boutique.\" \/>\n<meta property=\"og:url\" content=\"https:\/\/www.analoggwerz.com\/en\/product\/pentax-mx-smc-pentax-m-50mm-f-1-7\/\" \/>\n<meta property=\"og:site_name\" content=\"Analog Gwerz\" \/>\n<meta property=\"article:modified_time\" content=\"2025-10-31T21:54:58+00:00\" \/>\n<meta property=\"og:image\" content=\"https:\/\/www.analoggwerz.com\/wp-content\/uploads\/2025\/07\/img_1556-scaled.jpeg\" \/>\n\t<meta property=\"og:image:width\" content=\"2560\" \/>\n\t<meta property=\"og:image:height\" content=\"1920\" \/>\n\t<meta property=\"og:image:type\" content=\"image\/jpeg\" \/>\n<meta name=\"twitter:card\" content=\"summary_large_image\" \/>\n<meta name=\"twitter:label1\" content=\"Est. reading time\" \/>\n\t<meta name=\"twitter:data1\" content=\"1 minute\" \/>\n<script type=\"application\/ld+json\" class=\"yoast-schema-graph\">{\"@context\":\"https:\\\/\\\/schema.org\",\"@graph\":[{\"@type\":\"WebPage\",\"@id\":\"https:\\\/\\\/www.analoggwerz.com\\\/produit\\\/pentax-mx-smc-pentax-m-50mm-f-1-7\\\/\",\"url\":\"https:\\\/\\\/www.analoggwerz.com\\\/produit\\\/pentax-mx-smc-pentax-m-50mm-f-1-7\\\/\",\"name\":\"Pentax MX + SMC Pentax-M 50mm f\\\/1.7 est disponible sur la boutique !\",\"isPartOf\":{\"@id\":\"https:\\\/\\\/www.analoggwerz.com\\\/#website\"},\"primaryImageOfPage\":{\"@id\":\"https:\\\/\\\/www.analoggwerz.com\\\/produit\\\/pentax-mx-smc-pentax-m-50mm-f-1-7\\\/#primaryimage\"},\"image\":{\"@id\":\"https:\\\/\\\/www.analoggwerz.com\\\/produit\\\/pentax-mx-smc-pentax-m-50mm-f-1-7\\\/#primaryimage\"},\"thumbnailUrl\":\"https:\\\/\\\/www.analoggwerz.com\\\/wp-content\\\/uploads\\\/2025\\\/07\\\/img_1556-scaled.jpeg\",\"datePublished\":\"2025-07-28T20:36:45+00:00\",\"dateModified\":\"2025-10-31T21:54:58+00:00\",\"description\":\"Cliquez ici pour d\u00e9couvrir Pentax MX + SMC Pentax-M 50mm f\\\/1.7 sur la boutique.\",\"breadcrumb\":{\"@id\":\"https:\\\/\\\/www.analoggwerz.com\\\/produit\\\/pentax-mx-smc-pentax-m-50mm-f-1-7\\\/#breadcrumb\"},\"inLanguage\":\"en-US\",\"potentialAction\":[{\"@type\":\"ReadAction\",\"target\":[\"https:\\\/\\\/www.analoggwerz.com\\\/produit\\\/pentax-mx-smc-pentax-m-50mm-f-1-7\\\/\"]}]},{\"@type\":\"ImageObject\",\"inLanguage\":\"en-US\",\"@id\":\"https:\\\/\\\/www.analoggwerz.com\\\/produit\\\/pentax-mx-smc-pentax-m-50mm-f-1-7\\\/#primaryimage\",\"url\":\"https:\\\/\\\/www.analoggwerz.com\\\/wp-content\\\/uploads\\\/2025\\\/07\\\/img_1556-scaled.jpeg\",\"contentUrl\":\"https:\\\/\\\/www.analoggwerz.com\\\/wp-content\\\/uploads\\\/2025\\\/07\\\/img_1556-scaled.jpeg\",\"width\":2560,\"height\":1920},{\"@type\":\"BreadcrumbList\",\"@id\":\"https:\\\/\\\/www.analoggwerz.com\\\/produit\\\/pentax-mx-smc-pentax-m-50mm-f-1-7\\\/#breadcrumb\",\"itemListElement\":[{\"@type\":\"ListItem\",\"position\":1,\"name\":\"Accueil\",\"item\":\"https:\\\/\\\/www.analoggwerz.com\\\/\"},{\"@type\":\"ListItem\",\"position\":2,\"name\":\"Boutique\",\"item\":\"https:\\\/\\\/www.analoggwerz.com\\\/shop\\\/\"},{\"@type\":\"ListItem\",\"position\":3,\"name\":\"Pentax MX + SMC Pentax-M 50mm f\\\/1.7\"}]},{\"@type\":\"WebSite\",\"@id\":\"https:\\\/\\\/www.analoggwerz.com\\\/#website\",\"url\":\"https:\\\/\\\/www.analoggwerz.com\\\/\",\"name\":\"Analog Gwerz\",\"description\":\"Pas besoin de neuf pour capturer l&#039;instant !\",\"publisher\":{\"@id\":\"https:\\\/\\\/www.analoggwerz.com\\\/#organization\"},\"potentialAction\":[{\"@type\":\"SearchAction\",\"target\":{\"@type\":\"EntryPoint\",\"urlTemplate\":\"https:\\\/\\\/www.analoggwerz.com\\\/?s={search_term_string}\"},\"query-input\":{\"@type\":\"PropertyValueSpecification\",\"valueRequired\":true,\"valueName\":\"search_term_string\"}}],\"inLanguage\":\"en-US\"},{\"@type\":\"Organization\",\"@id\":\"https:\\\/\\\/www.analoggwerz.com\\\/#organization\",\"name\":\"Analog Gwerz\",\"url\":\"https:\\\/\\\/www.analoggwerz.com\\\/\",\"logo\":{\"@type\":\"ImageObject\",\"inLanguage\":\"en-US\",\"@id\":\"https:\\\/\\\/www.analoggwerz.com\\\/#\\\/schema\\\/logo\\\/image\\\/\",\"url\":\"https:\\\/\\\/www.analoggwerz.com\\\/wp-content\\\/uploads\\\/2025\\\/10\\\/000-LOGO-ANALOG-GWERZ-NOIR-1.png\",\"contentUrl\":\"https:\\\/\\\/www.analoggwerz.com\\\/wp-content\\\/uploads\\\/2025\\\/10\\\/000-LOGO-ANALOG-GWERZ-NOIR-1.png\",\"width\":800,\"height\":407,\"caption\":\"Analog Gwerz\"},\"image\":{\"@id\":\"https:\\\/\\\/www.analoggwerz.com\\\/#\\\/schema\\\/logo\\\/image\\\/\"},\"sameAs\":[\"https:\\\/\\\/www.instagram.com\\\/analog_gwerz\\\/\",\"https:\\\/\\\/www.tiktok.com\\\/@analog_gwerz\"]}]}<\/script>\n<!-- \/ Yoast SEO plugin. -->","yoast_head_json":{"title":"Pentax MX + SMC Pentax-M 50mm f\/1.7 est disponible sur la boutique !","description":"Cliquez ici pour d\u00e9couvrir Pentax MX + SMC Pentax-M 50mm f\/1.7 sur la boutique.","robots":{"index":"index","follow":"follow","max-snippet":"max-snippet:-1","max-image-preview":"max-image-preview:large","max-video-preview":"max-video-preview:-1"},"canonical":"https:\/\/www.analoggwerz.com\/en\/product\/pentax-mx-smc-pentax-m-50mm-f-1-7\/","og_locale":"en_US","og_type":"article","og_title":"Pentax MX + SMC Pentax-M 50mm f\/1.7 est disponible sur la boutique !","og_description":"Cliquez ici pour d\u00e9couvrir Pentax MX + SMC Pentax-M 50mm f\/1.7 sur la boutique.","og_url":"https:\/\/www.analoggwerz.com\/en\/product\/pentax-mx-smc-pentax-m-50mm-f-1-7\/","og_site_name":"Analog Gwerz","article_modified_time":"2025-10-31T21:54:58+00:00","og_image":[{"width":2560,"height":1920,"url":"https:\/\/www.analoggwerz.com\/wp-content\/uploads\/2025\/07\/img_1556-scaled.jpeg","type":"image\/jpeg"}],"twitter_card":"summary_large_image","twitter_misc":{"Est. reading time":"1 minute"},"schema":{"@context":"https:\/\/schema.org","@graph":[{"@type":"WebPage","@id":"https:\/\/www.analoggwerz.com\/produit\/pentax-mx-smc-pentax-m-50mm-f-1-7\/","url":"https:\/\/www.analoggwerz.com\/produit\/pentax-mx-smc-pentax-m-50mm-f-1-7\/","name":"Pentax MX + SMC Pentax-M 50mm f\/1.7 est disponible sur la boutique !","isPartOf":{"@id":"https:\/\/www.analoggwerz.com\/#website"},"primaryImageOfPage":{"@id":"https:\/\/www.analoggwerz.com\/produit\/pentax-mx-smc-pentax-m-50mm-f-1-7\/#primaryimage"},"image":{"@id":"https:\/\/www.analoggwerz.com\/produit\/pentax-mx-smc-pentax-m-50mm-f-1-7\/#primaryimage"},"thumbnailUrl":"https:\/\/www.analoggwerz.com\/wp-content\/uploads\/2025\/07\/img_1556-scaled.jpeg","datePublished":"2025-07-28T20:36:45+00:00","dateModified":"2025-10-31T21:54:58+00:00","description":"Cliquez ici pour d\u00e9couvrir Pentax MX + SMC Pentax-M 50mm f\/1.7 sur la boutique.","breadcrumb":{"@id":"https:\/\/www.analoggwerz.com\/produit\/pentax-mx-smc-pentax-m-50mm-f-1-7\/#breadcrumb"},"inLanguage":"en-US","potentialAction":[{"@type":"ReadAction","target":["https:\/\/www.analoggwerz.com\/produit\/pentax-mx-smc-pentax-m-50mm-f-1-7\/"]}]},{"@type":"ImageObject","inLanguage":"en-US","@id":"https:\/\/www.analoggwerz.com\/produit\/pentax-mx-smc-pentax-m-50mm-f-1-7\/#primaryimage","url":"https:\/\/www.analoggwerz.com\/wp-content\/uploads\/2025\/07\/img_1556-scaled.jpeg","contentUrl":"https:\/\/www.analoggwerz.com\/wp-content\/uploads\/2025\/07\/img_1556-scaled.jpeg","width":2560,"height":1920},{"@type":"BreadcrumbList","@id":"https:\/\/www.analoggwerz.com\/produit\/pentax-mx-smc-pentax-m-50mm-f-1-7\/#breadcrumb","itemListElement":[{"@type":"ListItem","position":1,"name":"Accueil","item":"https:\/\/www.analoggwerz.com\/"},{"@type":"ListItem","position":2,"name":"Boutique","item":"https:\/\/www.analoggwerz.com\/shop\/"},{"@type":"ListItem","position":3,"name":"Pentax MX + SMC Pentax-M 50mm f\/1.7"}]},{"@type":"WebSite","@id":"https:\/\/www.analoggwerz.com\/#website","url":"https:\/\/www.analoggwerz.com\/","name":"Analog Gwerz","description":"Pas besoin de neuf pour capturer l&#039;instant !","publisher":{"@id":"https:\/\/www.analoggwerz.com\/#organization"},"potentialAction":[{"@type":"SearchAction","target":{"@type":"EntryPoint","urlTemplate":"https:\/\/www.analoggwerz.com\/?s={search_term_string}"},"query-input":{"@type":"PropertyValueSpecification","valueRequired":true,"valueName":"search_term_string"}}],"inLanguage":"en-US"},{"@type":"Organization","@id":"https:\/\/www.analoggwerz.com\/#organization","name":"Analog Gwerz","url":"https:\/\/www.analoggwerz.com\/","logo":{"@type":"ImageObject","inLanguage":"en-US","@id":"https:\/\/www.analoggwerz.com\/#\/schema\/logo\/image\/","url":"https:\/\/www.analoggwerz.com\/wp-content\/uploads\/2025\/10\/000-LOGO-ANALOG-GWERZ-NOIR-1.png","contentUrl":"https:\/\/www.analoggwerz.com\/wp-content\/uploads\/2025\/10\/000-LOGO-ANALOG-GWERZ-NOIR-1.png","width":800,"height":407,"caption":"Analog Gwerz"},"image":{"@id":"https:\/\/www.analoggwerz.com\/#\/schema\/logo\/image\/"},"sameAs":["https:\/\/www.instagram.com\/analog_gwerz\/","https:\/\/www.tiktok.com\/@analog_gwerz"]}]}},"jetpack_sharing_enabled":true,"_links":{"self":[{"href":"https:\/\/www.analoggwerz.com\/en\/wp-json\/wp\/v2\/product\/7794","targetHints":{"allow":["GET"]}}],"collection":[{"href":"https:\/\/www.analoggwerz.com\/en\/wp-json\/wp\/v2\/product"}],"about":[{"href":"https:\/\/www.analoggwerz.com\/en\/wp-json\/wp\/v2\/types\/product"}],"wp:featuredmedia":[{"embeddable":true,"href":"https:\/\/www.analoggwerz.com\/en\/wp-json\/wp\/v2\/media\/7792"}],"wp:attachment":[{"href":"https:\/\/www.analoggwerz.com\/en\/wp-json\/wp\/v2\/media?parent=7794"}],"wp:term":[{"taxonomy":"product_brand","embeddable":true,"href":"https:\/\/www.analoggwerz.com\/en\/wp-json\/wp\/v2\/product_brand?post=7794"},{"taxonomy":"product_cat","embeddable":true,"href":"https:\/\/www.analoggwerz.com\/en\/wp-json\/wp\/v2\/product_cat?post=7794"},{"taxonomy":"product_tag","embeddable":true,"href":"https:\/\/www.analoggwerz.com\/en\/wp-json\/wp\/v2\/product_tag?post=7794"}],"curies":[{"name":"wp","href":"https:\/\/api.w.org\/{rel}","templated":true}]}}