{"id":7776,"date":"2025-07-28T20:24:05","date_gmt":"2025-07-28T20:24:05","guid":{"rendered":"https:\/\/www.analoggwerz.com\/produit\/porte-filtre-cokin-a-diametre-52mm-made-in-france\/"},"modified":"2026-04-12T12:39:18","modified_gmt":"2026-04-12T12:39:18","slug":"porte-filtre-cokin-a-diametre-52mm-made-in-france","status":"publish","type":"product","link":"https:\/\/www.analoggwerz.com\/en\/product\/porte-filtre-cokin-a-diametre-52mm-made-in-france\/","title":{"rendered":"Porte filtre Cokin A \u2013 diam\u00e8tre 52mm \u2013 Made in France"},"content":{"rendered":"<p>\ud83d\udcf8 N\u2019h\u00e9sitez pas \u00e0 vous abonner \u00e0 mon Instagram (@analog_gwerz) si vous aimez la photo et les appareils.<\/p>\n<p>Porte filtre Cokin A \u2013 diam\u00e8tre 52mm \u2013 Made in France<\/p>\n<p>Porte filtre Cokin s\u00e9rie A, compatible avec tous les objectifs filet\u00e9s en 52mm. Il permet de fixer un ou plusieurs filtres de type Cokin A sur votre objectif, id\u00e9al pour les amateurs de photographie argentique ou num\u00e9rique souhaitant travailler avec des filtres cr\u00e9atifs (ND, d\u00e9grad\u00e9s, couleurs\u2026).<\/p>\n<p>\ud83e\udde9 Caract\u00e9ristiques :<\/p>\n<p>Mod\u00e8le : Cokin A<\/p>\n<p>Diam\u00e8tre : 52mm<\/p>\n<p>Fabriqu\u00e9 en France<\/p>\n<p>Compatible avec filtres Cokin s\u00e9rie A<\/p>\n<p>Deux emplacements pour filtres<\/p>\n<p>\ud83d\udce6 Vendu seul, sans filtres.<\/p>\n<p>\ud83d\udca1 Tr\u00e8s bon \u00e9tat g\u00e9n\u00e9ral, pr\u00eat \u00e0 l\u2019emploi.<\/p>\n<p>\ud83d\udcf8 Les photos attestent de l\u2019\u00e9tat r\u00e9el du produit.<\/p>","protected":false},"excerpt":{"rendered":"<p>\ud83d\udcf8 N\u2019h\u00e9sitez pas \u00e0 vous abonner \u00e0 mon Instagram (@analog_gwerz) si vous aimez la photo et les appareils. Porte filtre Cokin A \u2013 diam\u00e8tre 52mm \u2013 Made in France Porte filtre Cokin s\u00e9rie A, compatible avec tous les objectifs filet\u00e9s en 52mm. Il permet de fixer un ou plusieurs filtres de type Cokin A sur [&hellip;]<\/p>\n","protected":false},"featured_media":7775,"template":"","meta":[],"product_brand":[],"product_cat":[55,167,173,169],"product_tag":[],"class_list":{"0":"post-7776","1":"product","2":"type-product","3":"status-publish","4":"has-post-thumbnail","6":"product_cat-accessoires","7":"product_cat-accessoires-pour-objectifs","8":"product_cat-adaptateurs","9":"product_cat-filtres-accessoires-pour-objectifs","11":"first","12":"instock","13":"purchasable","14":"product-type-simple"},"yoast_head":"<!-- This site is optimized with the Yoast SEO plugin v27.5 - https:\/\/yoast.com\/product\/yoast-seo-wordpress\/ -->\n<title>Porte filtre Cokin A \u2013 diam\u00e8tre 52mm \u2013 Made in France est disponible sur la boutique !<\/title>\n<meta name=\"description\" content=\"Cliquez ici pour d\u00e9couvrir Porte filtre Cokin A \u2013 diam\u00e8tre 52mm \u2013 Made in France sur la boutique.\" \/>\n<meta name=\"robots\" content=\"index, follow, max-snippet:-1, max-image-preview:large, max-video-preview:-1\" \/>\n<link rel=\"canonical\" href=\"https:\/\/www.analoggwerz.com\/en\/product\/porte-filtre-cokin-a-diametre-52mm-made-in-france\/\" \/>\n<meta property=\"og:locale\" content=\"en_US\" \/>\n<meta property=\"og:type\" content=\"article\" \/>\n<meta property=\"og:title\" content=\"Porte filtre Cokin A \u2013 diam\u00e8tre 52mm \u2013 Made in France est disponible sur la boutique !\" \/>\n<meta property=\"og:description\" content=\"Cliquez ici pour d\u00e9couvrir Porte filtre Cokin A \u2013 diam\u00e8tre 52mm \u2013 Made in France sur la boutique.\" \/>\n<meta property=\"og:url\" content=\"https:\/\/www.analoggwerz.com\/en\/product\/porte-filtre-cokin-a-diametre-52mm-made-in-france\/\" \/>\n<meta property=\"og:site_name\" content=\"Analog Gwerz\" \/>\n<meta property=\"article:modified_time\" content=\"2026-04-12T12:39:18+00:00\" \/>\n<meta property=\"og:image\" content=\"https:\/\/www.analoggwerz.com\/wp-content\/uploads\/2025\/07\/img_1571-scaled.jpeg\" \/>\n\t<meta property=\"og:image:width\" content=\"2560\" \/>\n\t<meta property=\"og:image:height\" content=\"1920\" \/>\n\t<meta property=\"og:image:type\" content=\"image\/jpeg\" \/>\n<meta name=\"twitter:card\" content=\"summary_large_image\" \/>\n<meta name=\"twitter:label1\" content=\"Est. reading time\" \/>\n\t<meta name=\"twitter:data1\" content=\"1 minute\" \/>\n<script type=\"application\/ld+json\" class=\"yoast-schema-graph\">{\"@context\":\"https:\\\/\\\/schema.org\",\"@graph\":[{\"@type\":\"WebPage\",\"@id\":\"https:\\\/\\\/www.analoggwerz.com\\\/produit\\\/porte-filtre-cokin-a-diametre-52mm-made-in-france\\\/\",\"url\":\"https:\\\/\\\/www.analoggwerz.com\\\/produit\\\/porte-filtre-cokin-a-diametre-52mm-made-in-france\\\/\",\"name\":\"Porte filtre Cokin A \u2013 diam\u00e8tre 52mm \u2013 Made in France est disponible sur la boutique !\",\"isPartOf\":{\"@id\":\"https:\\\/\\\/www.analoggwerz.com\\\/#website\"},\"primaryImageOfPage\":{\"@id\":\"https:\\\/\\\/www.analoggwerz.com\\\/produit\\\/porte-filtre-cokin-a-diametre-52mm-made-in-france\\\/#primaryimage\"},\"image\":{\"@id\":\"https:\\\/\\\/www.analoggwerz.com\\\/produit\\\/porte-filtre-cokin-a-diametre-52mm-made-in-france\\\/#primaryimage\"},\"thumbnailUrl\":\"https:\\\/\\\/www.analoggwerz.com\\\/wp-content\\\/uploads\\\/2025\\\/07\\\/img_1571-scaled.jpeg\",\"datePublished\":\"2025-07-28T20:24:05+00:00\",\"dateModified\":\"2026-04-12T12:39:18+00:00\",\"description\":\"Cliquez ici pour d\u00e9couvrir Porte filtre Cokin A \u2013 diam\u00e8tre 52mm \u2013 Made in France sur la boutique.\",\"breadcrumb\":{\"@id\":\"https:\\\/\\\/www.analoggwerz.com\\\/produit\\\/porte-filtre-cokin-a-diametre-52mm-made-in-france\\\/#breadcrumb\"},\"inLanguage\":\"en-US\",\"potentialAction\":[{\"@type\":\"ReadAction\",\"target\":[\"https:\\\/\\\/www.analoggwerz.com\\\/produit\\\/porte-filtre-cokin-a-diametre-52mm-made-in-france\\\/\"]}]},{\"@type\":\"ImageObject\",\"inLanguage\":\"en-US\",\"@id\":\"https:\\\/\\\/www.analoggwerz.com\\\/produit\\\/porte-filtre-cokin-a-diametre-52mm-made-in-france\\\/#primaryimage\",\"url\":\"https:\\\/\\\/www.analoggwerz.com\\\/wp-content\\\/uploads\\\/2025\\\/07\\\/img_1571-scaled.jpeg\",\"contentUrl\":\"https:\\\/\\\/www.analoggwerz.com\\\/wp-content\\\/uploads\\\/2025\\\/07\\\/img_1571-scaled.jpeg\",\"width\":2560,\"height\":1920},{\"@type\":\"BreadcrumbList\",\"@id\":\"https:\\\/\\\/www.analoggwerz.com\\\/produit\\\/porte-filtre-cokin-a-diametre-52mm-made-in-france\\\/#breadcrumb\",\"itemListElement\":[{\"@type\":\"ListItem\",\"position\":1,\"name\":\"Accueil\",\"item\":\"https:\\\/\\\/www.analoggwerz.com\\\/\"},{\"@type\":\"ListItem\",\"position\":2,\"name\":\"Boutique\",\"item\":\"https:\\\/\\\/www.analoggwerz.com\\\/shop\\\/\"},{\"@type\":\"ListItem\",\"position\":3,\"name\":\"Porte filtre Cokin A \u2013 diam\u00e8tre 52mm \u2013 Made in France\"}]},{\"@type\":\"WebSite\",\"@id\":\"https:\\\/\\\/www.analoggwerz.com\\\/#website\",\"url\":\"https:\\\/\\\/www.analoggwerz.com\\\/\",\"name\":\"Analog Gwerz\",\"description\":\"Pas besoin de neuf pour capturer l&#039;instant !\",\"publisher\":{\"@id\":\"https:\\\/\\\/www.analoggwerz.com\\\/#organization\"},\"potentialAction\":[{\"@type\":\"SearchAction\",\"target\":{\"@type\":\"EntryPoint\",\"urlTemplate\":\"https:\\\/\\\/www.analoggwerz.com\\\/?s={search_term_string}\"},\"query-input\":{\"@type\":\"PropertyValueSpecification\",\"valueRequired\":true,\"valueName\":\"search_term_string\"}}],\"inLanguage\":\"en-US\"},{\"@type\":\"Organization\",\"@id\":\"https:\\\/\\\/www.analoggwerz.com\\\/#organization\",\"name\":\"Analog Gwerz\",\"url\":\"https:\\\/\\\/www.analoggwerz.com\\\/\",\"logo\":{\"@type\":\"ImageObject\",\"inLanguage\":\"en-US\",\"@id\":\"https:\\\/\\\/www.analoggwerz.com\\\/#\\\/schema\\\/logo\\\/image\\\/\",\"url\":\"https:\\\/\\\/www.analoggwerz.com\\\/wp-content\\\/uploads\\\/2025\\\/10\\\/000-LOGO-ANALOG-GWERZ-NOIR-1.png\",\"contentUrl\":\"https:\\\/\\\/www.analoggwerz.com\\\/wp-content\\\/uploads\\\/2025\\\/10\\\/000-LOGO-ANALOG-GWERZ-NOIR-1.png\",\"width\":800,\"height\":407,\"caption\":\"Analog Gwerz\"},\"image\":{\"@id\":\"https:\\\/\\\/www.analoggwerz.com\\\/#\\\/schema\\\/logo\\\/image\\\/\"},\"sameAs\":[\"https:\\\/\\\/www.instagram.com\\\/analog_gwerz\\\/\",\"https:\\\/\\\/www.tiktok.com\\\/@analog_gwerz\"]}]}<\/script>\n<!-- \/ Yoast SEO plugin. -->","yoast_head_json":{"title":"Porte filtre Cokin A \u2013 diam\u00e8tre 52mm \u2013 Made in France est disponible sur la boutique !","description":"Cliquez ici pour d\u00e9couvrir Porte filtre Cokin A \u2013 diam\u00e8tre 52mm \u2013 Made in France sur la boutique.","robots":{"index":"index","follow":"follow","max-snippet":"max-snippet:-1","max-image-preview":"max-image-preview:large","max-video-preview":"max-video-preview:-1"},"canonical":"https:\/\/www.analoggwerz.com\/en\/product\/porte-filtre-cokin-a-diametre-52mm-made-in-france\/","og_locale":"en_US","og_type":"article","og_title":"Porte filtre Cokin A \u2013 diam\u00e8tre 52mm \u2013 Made in France est disponible sur la boutique !","og_description":"Cliquez ici pour d\u00e9couvrir Porte filtre Cokin A \u2013 diam\u00e8tre 52mm \u2013 Made in France sur la boutique.","og_url":"https:\/\/www.analoggwerz.com\/en\/product\/porte-filtre-cokin-a-diametre-52mm-made-in-france\/","og_site_name":"Analog Gwerz","article_modified_time":"2026-04-12T12:39:18+00:00","og_image":[{"width":2560,"height":1920,"url":"https:\/\/www.analoggwerz.com\/wp-content\/uploads\/2025\/07\/img_1571-scaled.jpeg","type":"image\/jpeg"}],"twitter_card":"summary_large_image","twitter_misc":{"Est. reading time":"1 minute"},"schema":{"@context":"https:\/\/schema.org","@graph":[{"@type":"WebPage","@id":"https:\/\/www.analoggwerz.com\/produit\/porte-filtre-cokin-a-diametre-52mm-made-in-france\/","url":"https:\/\/www.analoggwerz.com\/produit\/porte-filtre-cokin-a-diametre-52mm-made-in-france\/","name":"Porte filtre Cokin A \u2013 diam\u00e8tre 52mm \u2013 Made in France est disponible sur la boutique !","isPartOf":{"@id":"https:\/\/www.analoggwerz.com\/#website"},"primaryImageOfPage":{"@id":"https:\/\/www.analoggwerz.com\/produit\/porte-filtre-cokin-a-diametre-52mm-made-in-france\/#primaryimage"},"image":{"@id":"https:\/\/www.analoggwerz.com\/produit\/porte-filtre-cokin-a-diametre-52mm-made-in-france\/#primaryimage"},"thumbnailUrl":"https:\/\/www.analoggwerz.com\/wp-content\/uploads\/2025\/07\/img_1571-scaled.jpeg","datePublished":"2025-07-28T20:24:05+00:00","dateModified":"2026-04-12T12:39:18+00:00","description":"Cliquez ici pour d\u00e9couvrir Porte filtre Cokin A \u2013 diam\u00e8tre 52mm \u2013 Made in France sur la boutique.","breadcrumb":{"@id":"https:\/\/www.analoggwerz.com\/produit\/porte-filtre-cokin-a-diametre-52mm-made-in-france\/#breadcrumb"},"inLanguage":"en-US","potentialAction":[{"@type":"ReadAction","target":["https:\/\/www.analoggwerz.com\/produit\/porte-filtre-cokin-a-diametre-52mm-made-in-france\/"]}]},{"@type":"ImageObject","inLanguage":"en-US","@id":"https:\/\/www.analoggwerz.com\/produit\/porte-filtre-cokin-a-diametre-52mm-made-in-france\/#primaryimage","url":"https:\/\/www.analoggwerz.com\/wp-content\/uploads\/2025\/07\/img_1571-scaled.jpeg","contentUrl":"https:\/\/www.analoggwerz.com\/wp-content\/uploads\/2025\/07\/img_1571-scaled.jpeg","width":2560,"height":1920},{"@type":"BreadcrumbList","@id":"https:\/\/www.analoggwerz.com\/produit\/porte-filtre-cokin-a-diametre-52mm-made-in-france\/#breadcrumb","itemListElement":[{"@type":"ListItem","position":1,"name":"Accueil","item":"https:\/\/www.analoggwerz.com\/"},{"@type":"ListItem","position":2,"name":"Boutique","item":"https:\/\/www.analoggwerz.com\/shop\/"},{"@type":"ListItem","position":3,"name":"Porte filtre Cokin A \u2013 diam\u00e8tre 52mm \u2013 Made in France"}]},{"@type":"WebSite","@id":"https:\/\/www.analoggwerz.com\/#website","url":"https:\/\/www.analoggwerz.com\/","name":"Analog Gwerz","description":"Pas besoin de neuf pour capturer l&#039;instant !","publisher":{"@id":"https:\/\/www.analoggwerz.com\/#organization"},"potentialAction":[{"@type":"SearchAction","target":{"@type":"EntryPoint","urlTemplate":"https:\/\/www.analoggwerz.com\/?s={search_term_string}"},"query-input":{"@type":"PropertyValueSpecification","valueRequired":true,"valueName":"search_term_string"}}],"inLanguage":"en-US"},{"@type":"Organization","@id":"https:\/\/www.analoggwerz.com\/#organization","name":"Analog Gwerz","url":"https:\/\/www.analoggwerz.com\/","logo":{"@type":"ImageObject","inLanguage":"en-US","@id":"https:\/\/www.analoggwerz.com\/#\/schema\/logo\/image\/","url":"https:\/\/www.analoggwerz.com\/wp-content\/uploads\/2025\/10\/000-LOGO-ANALOG-GWERZ-NOIR-1.png","contentUrl":"https:\/\/www.analoggwerz.com\/wp-content\/uploads\/2025\/10\/000-LOGO-ANALOG-GWERZ-NOIR-1.png","width":800,"height":407,"caption":"Analog Gwerz"},"image":{"@id":"https:\/\/www.analoggwerz.com\/#\/schema\/logo\/image\/"},"sameAs":["https:\/\/www.instagram.com\/analog_gwerz\/","https:\/\/www.tiktok.com\/@analog_gwerz"]}]}},"jetpack_sharing_enabled":true,"_links":{"self":[{"href":"https:\/\/www.analoggwerz.com\/en\/wp-json\/wp\/v2\/product\/7776","targetHints":{"allow":["GET"]}}],"collection":[{"href":"https:\/\/www.analoggwerz.com\/en\/wp-json\/wp\/v2\/product"}],"about":[{"href":"https:\/\/www.analoggwerz.com\/en\/wp-json\/wp\/v2\/types\/product"}],"wp:featuredmedia":[{"embeddable":true,"href":"https:\/\/www.analoggwerz.com\/en\/wp-json\/wp\/v2\/media\/7775"}],"wp:attachment":[{"href":"https:\/\/www.analoggwerz.com\/en\/wp-json\/wp\/v2\/media?parent=7776"}],"wp:term":[{"taxonomy":"product_brand","embeddable":true,"href":"https:\/\/www.analoggwerz.com\/en\/wp-json\/wp\/v2\/product_brand?post=7776"},{"taxonomy":"product_cat","embeddable":true,"href":"https:\/\/www.analoggwerz.com\/en\/wp-json\/wp\/v2\/product_cat?post=7776"},{"taxonomy":"product_tag","embeddable":true,"href":"https:\/\/www.analoggwerz.com\/en\/wp-json\/wp\/v2\/product_tag?post=7776"}],"curies":[{"name":"wp","href":"https:\/\/api.w.org\/{rel}","templated":true}]}}