{"id":7715,"date":"2025-07-28T19:41:13","date_gmt":"2025-07-28T19:41:13","guid":{"rendered":"https:\/\/www.analoggwerz.com\/produit\/fujica-st801-fujinon-ebc-55mm-f-1-8\/"},"modified":"2025-10-31T21:54:58","modified_gmt":"2025-10-31T21:54:58","slug":"fujica-st801-fujinon-ebc-55mm-f-1-8","status":"publish","type":"product","link":"https:\/\/www.analoggwerz.com\/en\/product\/fujica-st801-fujinon-ebc-55mm-f-1-8\/","title":{"rendered":"Fujica ST801 + Fujinon EBC 55mm f\/1.8"},"content":{"rendered":"<p>\ud83d\udcf8<strong> N\u2019h\u00e9sitez pas \u00e0 vous abonner \u00e0 mon Instagram (@analog_gwerz) si vous aimez la photo et les appareils.<\/strong><\/p>\n<p><strong>Fujica ST801 + Fujinon EBC 55mm f\/1.8 \u2013 bo\u00eetier argentique M42 haut de gamme<\/strong><\/p>\n<p><strong>Tr\u00e8s beau bo\u00eetier Fujica ST801 avec son objectif lumineux Fujinon EBC 55mm f\/1.8. Une r\u00e9f\u00e9rence dans l\u2019univers des reflex \u00e0 monture M42, r\u00e9put\u00e9 pour sa cellule pr\u00e9cise, son viseur tr\u00e8s lumineux et son obturateur m\u00e9tallique fiable jusqu\u2019au 1\/2000s.<\/strong><\/p>\n<p><strong>Caract\u00e9ristiques :<\/strong><\/p>\n<p><strong>Bo\u00eetier Fujica ST801 : monture M42, LED d\u2019exposition dans le viseur, vitesses de 1s \u00e0 1\/2000s, pose B<\/strong><\/p>\n<p><strong>Objectif Fujinon EBC 55mm f\/1.8 : lentilles trait\u00e9es multicouches EBC, tr\u00e8s bon piqu\u00e9 et joli bokeh<\/strong><\/p>\n<p><strong>Mesure \u00e0 pleine ouverture avec les optiques Fujinon d\u00e9di\u00e9es<\/strong><\/p>\n<p><strong>Alimentation : 1 pile PX625 (non fournie)<\/strong><\/p>\n<p><strong>\u00c9tat :<\/strong><\/p>\n<p><strong>Bo\u00eetier en excellent \u00e9tat cosm\u00e9tique et fonctionnel<\/strong><\/p>\n<p><strong>Objectif propre, sans champignons ni rayures, mise au point fluide<\/strong><\/p>\n<p><strong>Test\u00e9 avec pile et pellicule (non fournie) : tout est fonctionnel<\/strong><\/p>\n<p>\ud83d\udcf8<strong> Appareil pr\u00eat \u00e0 l\u2019emploi, id\u00e9al pour d\u00e9couvrir ou red\u00e9couvrir le plaisir de l\u2019argentique avec un mat\u00e9riel qualitatif et \u00e9l\u00e9gant.<\/strong><\/p>","protected":false},"excerpt":{"rendered":"<p>\ud83d\udcf8 N\u2019h\u00e9sitez pas \u00e0 vous abonner \u00e0 mon Instagram (@analog_gwerz) si vous aimez la photo et les appareils. Fujica ST801 + Fujinon EBC 55mm f\/1.8 \u2013 bo\u00eetier argentique M42 haut de gamme Tr\u00e8s beau bo\u00eetier Fujica ST801 avec son objectif lumineux Fujinon EBC 55mm f\/1.8. Une r\u00e9f\u00e9rence dans l\u2019univers des reflex \u00e0 monture M42, r\u00e9put\u00e9 [&hellip;]<\/p>\n","protected":false},"featured_media":7711,"template":"","meta":[],"product_brand":[],"product_cat":[118,29,109],"product_tag":[],"class_list":{"0":"post-7715","1":"product","2":"type-product","3":"status-publish","4":"has-post-thumbnail","6":"product_cat-appareils-photo","7":"product_cat-argentiques-35mm","8":"product_cat-reflex-argentiques","9":"pa_marque-fujica","11":"first","12":"outofstock","13":"purchasable","14":"product-type-simple"},"yoast_head":"<!-- This site is optimized with the Yoast SEO plugin v27.5 - https:\/\/yoast.com\/product\/yoast-seo-wordpress\/ -->\n<title>Fujica ST801 + Fujinon EBC 55mm f\/1.8 est disponible sur la boutique !<\/title>\n<meta name=\"description\" content=\"Cliquez ici pour d\u00e9couvrir Fujica ST801 + Fujinon EBC 55mm f\/1.8 sur la boutique.\" \/>\n<meta name=\"robots\" content=\"index, follow, max-snippet:-1, max-image-preview:large, max-video-preview:-1\" \/>\n<link rel=\"canonical\" href=\"https:\/\/www.analoggwerz.com\/en\/product\/fujica-st801-fujinon-ebc-55mm-f-1-8\/\" \/>\n<meta property=\"og:locale\" content=\"en_US\" \/>\n<meta property=\"og:type\" content=\"article\" \/>\n<meta property=\"og:title\" content=\"Fujica ST801 + Fujinon EBC 55mm f\/1.8 est disponible sur la boutique !\" \/>\n<meta property=\"og:description\" content=\"Cliquez ici pour d\u00e9couvrir Fujica ST801 + Fujinon EBC 55mm f\/1.8 sur la boutique.\" \/>\n<meta property=\"og:url\" content=\"https:\/\/www.analoggwerz.com\/en\/product\/fujica-st801-fujinon-ebc-55mm-f-1-8\/\" \/>\n<meta property=\"og:site_name\" content=\"Analog Gwerz\" \/>\n<meta property=\"article:modified_time\" content=\"2025-10-31T21:54:58+00:00\" \/>\n<meta property=\"og:image\" content=\"https:\/\/www.analoggwerz.com\/wp-content\/uploads\/2025\/07\/img_1624-scaled.jpeg\" \/>\n\t<meta property=\"og:image:width\" content=\"2560\" \/>\n\t<meta property=\"og:image:height\" content=\"1920\" \/>\n\t<meta property=\"og:image:type\" content=\"image\/jpeg\" \/>\n<meta name=\"twitter:card\" content=\"summary_large_image\" \/>\n<meta name=\"twitter:label1\" content=\"Est. reading time\" \/>\n\t<meta name=\"twitter:data1\" content=\"1 minute\" \/>\n<script type=\"application\/ld+json\" class=\"yoast-schema-graph\">{\"@context\":\"https:\\\/\\\/schema.org\",\"@graph\":[{\"@type\":\"WebPage\",\"@id\":\"https:\\\/\\\/www.analoggwerz.com\\\/produit\\\/fujica-st801-fujinon-ebc-55mm-f-1-8\\\/\",\"url\":\"https:\\\/\\\/www.analoggwerz.com\\\/produit\\\/fujica-st801-fujinon-ebc-55mm-f-1-8\\\/\",\"name\":\"Fujica ST801 + Fujinon EBC 55mm f\\\/1.8 est disponible sur la boutique !\",\"isPartOf\":{\"@id\":\"https:\\\/\\\/www.analoggwerz.com\\\/#website\"},\"primaryImageOfPage\":{\"@id\":\"https:\\\/\\\/www.analoggwerz.com\\\/produit\\\/fujica-st801-fujinon-ebc-55mm-f-1-8\\\/#primaryimage\"},\"image\":{\"@id\":\"https:\\\/\\\/www.analoggwerz.com\\\/produit\\\/fujica-st801-fujinon-ebc-55mm-f-1-8\\\/#primaryimage\"},\"thumbnailUrl\":\"https:\\\/\\\/www.analoggwerz.com\\\/wp-content\\\/uploads\\\/2025\\\/07\\\/img_1624-scaled.jpeg\",\"datePublished\":\"2025-07-28T19:41:13+00:00\",\"dateModified\":\"2025-10-31T21:54:58+00:00\",\"description\":\"Cliquez ici pour d\u00e9couvrir Fujica ST801 + Fujinon EBC 55mm f\\\/1.8 sur la boutique.\",\"breadcrumb\":{\"@id\":\"https:\\\/\\\/www.analoggwerz.com\\\/produit\\\/fujica-st801-fujinon-ebc-55mm-f-1-8\\\/#breadcrumb\"},\"inLanguage\":\"en-US\",\"potentialAction\":[{\"@type\":\"ReadAction\",\"target\":[\"https:\\\/\\\/www.analoggwerz.com\\\/produit\\\/fujica-st801-fujinon-ebc-55mm-f-1-8\\\/\"]}]},{\"@type\":\"ImageObject\",\"inLanguage\":\"en-US\",\"@id\":\"https:\\\/\\\/www.analoggwerz.com\\\/produit\\\/fujica-st801-fujinon-ebc-55mm-f-1-8\\\/#primaryimage\",\"url\":\"https:\\\/\\\/www.analoggwerz.com\\\/wp-content\\\/uploads\\\/2025\\\/07\\\/img_1624-scaled.jpeg\",\"contentUrl\":\"https:\\\/\\\/www.analoggwerz.com\\\/wp-content\\\/uploads\\\/2025\\\/07\\\/img_1624-scaled.jpeg\",\"width\":2560,\"height\":1920},{\"@type\":\"BreadcrumbList\",\"@id\":\"https:\\\/\\\/www.analoggwerz.com\\\/produit\\\/fujica-st801-fujinon-ebc-55mm-f-1-8\\\/#breadcrumb\",\"itemListElement\":[{\"@type\":\"ListItem\",\"position\":1,\"name\":\"Accueil\",\"item\":\"https:\\\/\\\/www.analoggwerz.com\\\/\"},{\"@type\":\"ListItem\",\"position\":2,\"name\":\"Boutique\",\"item\":\"https:\\\/\\\/www.analoggwerz.com\\\/shop\\\/\"},{\"@type\":\"ListItem\",\"position\":3,\"name\":\"Fujica ST801 + Fujinon EBC 55mm f\\\/1.8\"}]},{\"@type\":\"WebSite\",\"@id\":\"https:\\\/\\\/www.analoggwerz.com\\\/#website\",\"url\":\"https:\\\/\\\/www.analoggwerz.com\\\/\",\"name\":\"Analog Gwerz\",\"description\":\"Pas besoin de neuf pour capturer l&#039;instant !\",\"publisher\":{\"@id\":\"https:\\\/\\\/www.analoggwerz.com\\\/#organization\"},\"potentialAction\":[{\"@type\":\"SearchAction\",\"target\":{\"@type\":\"EntryPoint\",\"urlTemplate\":\"https:\\\/\\\/www.analoggwerz.com\\\/?s={search_term_string}\"},\"query-input\":{\"@type\":\"PropertyValueSpecification\",\"valueRequired\":true,\"valueName\":\"search_term_string\"}}],\"inLanguage\":\"en-US\"},{\"@type\":\"Organization\",\"@id\":\"https:\\\/\\\/www.analoggwerz.com\\\/#organization\",\"name\":\"Analog Gwerz\",\"url\":\"https:\\\/\\\/www.analoggwerz.com\\\/\",\"logo\":{\"@type\":\"ImageObject\",\"inLanguage\":\"en-US\",\"@id\":\"https:\\\/\\\/www.analoggwerz.com\\\/#\\\/schema\\\/logo\\\/image\\\/\",\"url\":\"https:\\\/\\\/www.analoggwerz.com\\\/wp-content\\\/uploads\\\/2025\\\/10\\\/000-LOGO-ANALOG-GWERZ-NOIR-1.png\",\"contentUrl\":\"https:\\\/\\\/www.analoggwerz.com\\\/wp-content\\\/uploads\\\/2025\\\/10\\\/000-LOGO-ANALOG-GWERZ-NOIR-1.png\",\"width\":800,\"height\":407,\"caption\":\"Analog Gwerz\"},\"image\":{\"@id\":\"https:\\\/\\\/www.analoggwerz.com\\\/#\\\/schema\\\/logo\\\/image\\\/\"},\"sameAs\":[\"https:\\\/\\\/www.instagram.com\\\/analog_gwerz\\\/\",\"https:\\\/\\\/www.tiktok.com\\\/@analog_gwerz\"]}]}<\/script>\n<!-- \/ Yoast SEO plugin. -->","yoast_head_json":{"title":"Fujica ST801 + Fujinon EBC 55mm f\/1.8 est disponible sur la boutique !","description":"Cliquez ici pour d\u00e9couvrir Fujica ST801 + Fujinon EBC 55mm f\/1.8 sur la boutique.","robots":{"index":"index","follow":"follow","max-snippet":"max-snippet:-1","max-image-preview":"max-image-preview:large","max-video-preview":"max-video-preview:-1"},"canonical":"https:\/\/www.analoggwerz.com\/en\/product\/fujica-st801-fujinon-ebc-55mm-f-1-8\/","og_locale":"en_US","og_type":"article","og_title":"Fujica ST801 + Fujinon EBC 55mm f\/1.8 est disponible sur la boutique !","og_description":"Cliquez ici pour d\u00e9couvrir Fujica ST801 + Fujinon EBC 55mm f\/1.8 sur la boutique.","og_url":"https:\/\/www.analoggwerz.com\/en\/product\/fujica-st801-fujinon-ebc-55mm-f-1-8\/","og_site_name":"Analog Gwerz","article_modified_time":"2025-10-31T21:54:58+00:00","og_image":[{"width":2560,"height":1920,"url":"https:\/\/www.analoggwerz.com\/wp-content\/uploads\/2025\/07\/img_1624-scaled.jpeg","type":"image\/jpeg"}],"twitter_card":"summary_large_image","twitter_misc":{"Est. reading time":"1 minute"},"schema":{"@context":"https:\/\/schema.org","@graph":[{"@type":"WebPage","@id":"https:\/\/www.analoggwerz.com\/produit\/fujica-st801-fujinon-ebc-55mm-f-1-8\/","url":"https:\/\/www.analoggwerz.com\/produit\/fujica-st801-fujinon-ebc-55mm-f-1-8\/","name":"Fujica ST801 + Fujinon EBC 55mm f\/1.8 est disponible sur la boutique !","isPartOf":{"@id":"https:\/\/www.analoggwerz.com\/#website"},"primaryImageOfPage":{"@id":"https:\/\/www.analoggwerz.com\/produit\/fujica-st801-fujinon-ebc-55mm-f-1-8\/#primaryimage"},"image":{"@id":"https:\/\/www.analoggwerz.com\/produit\/fujica-st801-fujinon-ebc-55mm-f-1-8\/#primaryimage"},"thumbnailUrl":"https:\/\/www.analoggwerz.com\/wp-content\/uploads\/2025\/07\/img_1624-scaled.jpeg","datePublished":"2025-07-28T19:41:13+00:00","dateModified":"2025-10-31T21:54:58+00:00","description":"Cliquez ici pour d\u00e9couvrir Fujica ST801 + Fujinon EBC 55mm f\/1.8 sur la boutique.","breadcrumb":{"@id":"https:\/\/www.analoggwerz.com\/produit\/fujica-st801-fujinon-ebc-55mm-f-1-8\/#breadcrumb"},"inLanguage":"en-US","potentialAction":[{"@type":"ReadAction","target":["https:\/\/www.analoggwerz.com\/produit\/fujica-st801-fujinon-ebc-55mm-f-1-8\/"]}]},{"@type":"ImageObject","inLanguage":"en-US","@id":"https:\/\/www.analoggwerz.com\/produit\/fujica-st801-fujinon-ebc-55mm-f-1-8\/#primaryimage","url":"https:\/\/www.analoggwerz.com\/wp-content\/uploads\/2025\/07\/img_1624-scaled.jpeg","contentUrl":"https:\/\/www.analoggwerz.com\/wp-content\/uploads\/2025\/07\/img_1624-scaled.jpeg","width":2560,"height":1920},{"@type":"BreadcrumbList","@id":"https:\/\/www.analoggwerz.com\/produit\/fujica-st801-fujinon-ebc-55mm-f-1-8\/#breadcrumb","itemListElement":[{"@type":"ListItem","position":1,"name":"Accueil","item":"https:\/\/www.analoggwerz.com\/"},{"@type":"ListItem","position":2,"name":"Boutique","item":"https:\/\/www.analoggwerz.com\/shop\/"},{"@type":"ListItem","position":3,"name":"Fujica ST801 + Fujinon EBC 55mm f\/1.8"}]},{"@type":"WebSite","@id":"https:\/\/www.analoggwerz.com\/#website","url":"https:\/\/www.analoggwerz.com\/","name":"Analog Gwerz","description":"Pas besoin de neuf pour capturer l&#039;instant !","publisher":{"@id":"https:\/\/www.analoggwerz.com\/#organization"},"potentialAction":[{"@type":"SearchAction","target":{"@type":"EntryPoint","urlTemplate":"https:\/\/www.analoggwerz.com\/?s={search_term_string}"},"query-input":{"@type":"PropertyValueSpecification","valueRequired":true,"valueName":"search_term_string"}}],"inLanguage":"en-US"},{"@type":"Organization","@id":"https:\/\/www.analoggwerz.com\/#organization","name":"Analog Gwerz","url":"https:\/\/www.analoggwerz.com\/","logo":{"@type":"ImageObject","inLanguage":"en-US","@id":"https:\/\/www.analoggwerz.com\/#\/schema\/logo\/image\/","url":"https:\/\/www.analoggwerz.com\/wp-content\/uploads\/2025\/10\/000-LOGO-ANALOG-GWERZ-NOIR-1.png","contentUrl":"https:\/\/www.analoggwerz.com\/wp-content\/uploads\/2025\/10\/000-LOGO-ANALOG-GWERZ-NOIR-1.png","width":800,"height":407,"caption":"Analog Gwerz"},"image":{"@id":"https:\/\/www.analoggwerz.com\/#\/schema\/logo\/image\/"},"sameAs":["https:\/\/www.instagram.com\/analog_gwerz\/","https:\/\/www.tiktok.com\/@analog_gwerz"]}]}},"jetpack_sharing_enabled":true,"_links":{"self":[{"href":"https:\/\/www.analoggwerz.com\/en\/wp-json\/wp\/v2\/product\/7715","targetHints":{"allow":["GET"]}}],"collection":[{"href":"https:\/\/www.analoggwerz.com\/en\/wp-json\/wp\/v2\/product"}],"about":[{"href":"https:\/\/www.analoggwerz.com\/en\/wp-json\/wp\/v2\/types\/product"}],"wp:featuredmedia":[{"embeddable":true,"href":"https:\/\/www.analoggwerz.com\/en\/wp-json\/wp\/v2\/media\/7711"}],"wp:attachment":[{"href":"https:\/\/www.analoggwerz.com\/en\/wp-json\/wp\/v2\/media?parent=7715"}],"wp:term":[{"taxonomy":"product_brand","embeddable":true,"href":"https:\/\/www.analoggwerz.com\/en\/wp-json\/wp\/v2\/product_brand?post=7715"},{"taxonomy":"product_cat","embeddable":true,"href":"https:\/\/www.analoggwerz.com\/en\/wp-json\/wp\/v2\/product_cat?post=7715"},{"taxonomy":"product_tag","embeddable":true,"href":"https:\/\/www.analoggwerz.com\/en\/wp-json\/wp\/v2\/product_tag?post=7715"}],"curies":[{"name":"wp","href":"https:\/\/api.w.org\/{rel}","templated":true}]}}