{"id":7647,"date":"2025-07-28T13:14:36","date_gmt":"2025-07-28T13:14:36","guid":{"rendered":"https:\/\/www.analoggwerz.com\/produit\/fujinon-t-200mm-f-4-5-teleobjectif-pour-monture-fuji-ax\/"},"modified":"2026-03-06T21:56:16","modified_gmt":"2026-03-06T21:56:16","slug":"fujinon-t-200mm-f-4-5-teleobjectif-pour-monture-fuji-ax","status":"publish","type":"product","link":"https:\/\/www.analoggwerz.com\/en\/product\/fujinon-t-200mm-f-4-5-teleobjectif-pour-monture-fuji-ax\/","title":{"rendered":"Fujinon-T 200mm f\/4.5 \u2013 T\u00e9l\u00e9objectif pour monture M42 &#8211; Noir"},"content":{"rendered":"<p>Fujinon-T 200mm f\/4.5 \u2013 T\u00e9l\u00e9objectif pour monture m42<\/p>\n<p>T\u00e9l\u00e9objectif Fujinon-T 200mm f\/4.5 con\u00e7u par Fuji Photo Film Japan pour les reflex argentiques a monture m42 (\u00e0 vis). Un objectif id\u00e9al pour le portrait \u00e0 distance, la nature.<\/p>\n<p>\ud83d\udd0d Caract\u00e9ristiques techniques :<\/p>\n<p>Focale : 200mm<\/p>\n<p>Ouverture maximale : f\/4.5<\/p>\n<p>Mise au point manuelle fluide<\/p>\n<p>Monture : M42<\/p>\n<p>Fabriqu\u00e9 au Japon (n\u00b0 de s\u00e9rie : 495619)<\/p>\n<p>\ud83d\udcf8 \u00c9tat :<\/p>\n<p>Lentilles propres, sans champignon ni rayure<\/p>\n<p>Mise au point fluide, bague d\u2019ouverture fonctionnelle<\/p>\n<p>Quelques traces d\u2019usage sur le f\u00fbt, sans incidence<\/p>\n<p>\ud83d\udce6 Accessoires fournis :<\/p>\n<p>Bouchon avant<\/p>\n<p>Bouchon arri\u00e8re<\/p>\n<p>\ud83d\udcdd Photos contractuelles : l\u2019objectif pr\u00e9sent\u00e9 est celui que vous recevrez. Il a \u00e9t\u00e9 soigneusement nettoy\u00e9 et test\u00e9.\u00a0\u00bb<\/p>","protected":false},"excerpt":{"rendered":"<p>Fujinon-T 200mm f\/4.5 \u2013 T\u00e9l\u00e9objectif pour monture m42 T\u00e9l\u00e9objectif Fujinon-T 200mm f\/4.5 con\u00e7u par Fuji Photo Film Japan pour les reflex argentiques a monture m42 (\u00e0 vis). Un objectif id\u00e9al pour le portrait \u00e0 distance, la nature. \ud83d\udd0d Caract\u00e9ristiques techniques : Focale : 200mm Ouverture maximale : f\/4.5 Mise au point manuelle fluide Monture : [&hellip;]<\/p>\n","protected":false},"featured_media":7641,"template":"","meta":[],"product_brand":[],"product_cat":[57,174,176],"product_tag":[],"class_list":{"0":"post-7647","1":"product","2":"type-product","3":"status-publish","4":"has-post-thumbnail","6":"product_cat-objectifs","7":"product_cat-objectifs-a-focale-fixe","8":"product_cat-teleobjectifs","9":"pa_couleur-noir","10":"pa_marque-fujifilm","12":"first","13":"outofstock","14":"purchasable","15":"product-type-simple"},"yoast_head":"<!-- This site is optimized with the Yoast SEO plugin v27.5 - https:\/\/yoast.com\/product\/yoast-seo-wordpress\/ -->\n<title>Fujinon-T 200mm f\/4.5 \u2013 T\u00e9l\u00e9objectif pour monture M42 - Noir est disponible sur la boutique !<\/title>\n<meta name=\"description\" content=\"Cliquez ici pour d\u00e9couvrir Fujinon-T 200mm f\/4.5 \u2013 T\u00e9l\u00e9objectif pour monture M42 - Noir sur la boutique.\" \/>\n<meta name=\"robots\" content=\"index, follow, max-snippet:-1, max-image-preview:large, max-video-preview:-1\" \/>\n<link rel=\"canonical\" href=\"https:\/\/www.analoggwerz.com\/en\/product\/fujinon-t-200mm-f-4-5-teleobjectif-pour-monture-fuji-ax\/\" \/>\n<meta property=\"og:locale\" content=\"en_US\" \/>\n<meta property=\"og:type\" content=\"article\" \/>\n<meta property=\"og:title\" content=\"Fujinon-T 200mm f\/4.5 \u2013 T\u00e9l\u00e9objectif pour monture M42 - Noir est disponible sur la boutique !\" \/>\n<meta property=\"og:description\" content=\"Cliquez ici pour d\u00e9couvrir Fujinon-T 200mm f\/4.5 \u2013 T\u00e9l\u00e9objectif pour monture M42 - Noir sur la boutique.\" \/>\n<meta property=\"og:url\" content=\"https:\/\/www.analoggwerz.com\/en\/product\/fujinon-t-200mm-f-4-5-teleobjectif-pour-monture-fuji-ax\/\" \/>\n<meta property=\"og:site_name\" content=\"Analog Gwerz\" \/>\n<meta property=\"article:modified_time\" content=\"2026-03-06T21:56:16+00:00\" \/>\n<meta property=\"og:image\" content=\"https:\/\/www.analoggwerz.com\/wp-content\/uploads\/2025\/07\/img_1684-scaled.jpeg\" \/>\n\t<meta property=\"og:image:width\" content=\"2560\" \/>\n\t<meta property=\"og:image:height\" content=\"1920\" \/>\n\t<meta property=\"og:image:type\" content=\"image\/jpeg\" \/>\n<meta name=\"twitter:card\" content=\"summary_large_image\" \/>\n<meta name=\"twitter:label1\" content=\"Est. reading time\" \/>\n\t<meta name=\"twitter:data1\" content=\"1 minute\" \/>\n<script type=\"application\/ld+json\" class=\"yoast-schema-graph\">{\"@context\":\"https:\\\/\\\/schema.org\",\"@graph\":[{\"@type\":\"WebPage\",\"@id\":\"https:\\\/\\\/www.analoggwerz.com\\\/produit\\\/fujinon-t-200mm-f-4-5-teleobjectif-pour-monture-fuji-ax\\\/\",\"url\":\"https:\\\/\\\/www.analoggwerz.com\\\/produit\\\/fujinon-t-200mm-f-4-5-teleobjectif-pour-monture-fuji-ax\\\/\",\"name\":\"Fujinon-T 200mm f\\\/4.5 \u2013 T\u00e9l\u00e9objectif pour monture M42 - Noir est disponible sur la boutique !\",\"isPartOf\":{\"@id\":\"https:\\\/\\\/www.analoggwerz.com\\\/#website\"},\"primaryImageOfPage\":{\"@id\":\"https:\\\/\\\/www.analoggwerz.com\\\/produit\\\/fujinon-t-200mm-f-4-5-teleobjectif-pour-monture-fuji-ax\\\/#primaryimage\"},\"image\":{\"@id\":\"https:\\\/\\\/www.analoggwerz.com\\\/produit\\\/fujinon-t-200mm-f-4-5-teleobjectif-pour-monture-fuji-ax\\\/#primaryimage\"},\"thumbnailUrl\":\"https:\\\/\\\/www.analoggwerz.com\\\/wp-content\\\/uploads\\\/2025\\\/07\\\/img_1684-scaled.jpeg\",\"datePublished\":\"2025-07-28T13:14:36+00:00\",\"dateModified\":\"2026-03-06T21:56:16+00:00\",\"description\":\"Cliquez ici pour d\u00e9couvrir Fujinon-T 200mm f\\\/4.5 \u2013 T\u00e9l\u00e9objectif pour monture M42 - Noir sur la boutique.\",\"breadcrumb\":{\"@id\":\"https:\\\/\\\/www.analoggwerz.com\\\/produit\\\/fujinon-t-200mm-f-4-5-teleobjectif-pour-monture-fuji-ax\\\/#breadcrumb\"},\"inLanguage\":\"en-US\",\"potentialAction\":[{\"@type\":\"ReadAction\",\"target\":[\"https:\\\/\\\/www.analoggwerz.com\\\/produit\\\/fujinon-t-200mm-f-4-5-teleobjectif-pour-monture-fuji-ax\\\/\"]}]},{\"@type\":\"ImageObject\",\"inLanguage\":\"en-US\",\"@id\":\"https:\\\/\\\/www.analoggwerz.com\\\/produit\\\/fujinon-t-200mm-f-4-5-teleobjectif-pour-monture-fuji-ax\\\/#primaryimage\",\"url\":\"https:\\\/\\\/www.analoggwerz.com\\\/wp-content\\\/uploads\\\/2025\\\/07\\\/img_1684-scaled.jpeg\",\"contentUrl\":\"https:\\\/\\\/www.analoggwerz.com\\\/wp-content\\\/uploads\\\/2025\\\/07\\\/img_1684-scaled.jpeg\",\"width\":2560,\"height\":1920},{\"@type\":\"BreadcrumbList\",\"@id\":\"https:\\\/\\\/www.analoggwerz.com\\\/produit\\\/fujinon-t-200mm-f-4-5-teleobjectif-pour-monture-fuji-ax\\\/#breadcrumb\",\"itemListElement\":[{\"@type\":\"ListItem\",\"position\":1,\"name\":\"Accueil\",\"item\":\"https:\\\/\\\/www.analoggwerz.com\\\/\"},{\"@type\":\"ListItem\",\"position\":2,\"name\":\"Boutique\",\"item\":\"https:\\\/\\\/www.analoggwerz.com\\\/shop\\\/\"},{\"@type\":\"ListItem\",\"position\":3,\"name\":\"Fujinon-T 200mm f\\\/4.5 \u2013 T\u00e9l\u00e9objectif pour monture M42 &#8211; Noir\"}]},{\"@type\":\"WebSite\",\"@id\":\"https:\\\/\\\/www.analoggwerz.com\\\/#website\",\"url\":\"https:\\\/\\\/www.analoggwerz.com\\\/\",\"name\":\"Analog Gwerz\",\"description\":\"Pas besoin de neuf pour capturer l&#039;instant !\",\"publisher\":{\"@id\":\"https:\\\/\\\/www.analoggwerz.com\\\/#organization\"},\"potentialAction\":[{\"@type\":\"SearchAction\",\"target\":{\"@type\":\"EntryPoint\",\"urlTemplate\":\"https:\\\/\\\/www.analoggwerz.com\\\/?s={search_term_string}\"},\"query-input\":{\"@type\":\"PropertyValueSpecification\",\"valueRequired\":true,\"valueName\":\"search_term_string\"}}],\"inLanguage\":\"en-US\"},{\"@type\":\"Organization\",\"@id\":\"https:\\\/\\\/www.analoggwerz.com\\\/#organization\",\"name\":\"Analog Gwerz\",\"url\":\"https:\\\/\\\/www.analoggwerz.com\\\/\",\"logo\":{\"@type\":\"ImageObject\",\"inLanguage\":\"en-US\",\"@id\":\"https:\\\/\\\/www.analoggwerz.com\\\/#\\\/schema\\\/logo\\\/image\\\/\",\"url\":\"https:\\\/\\\/www.analoggwerz.com\\\/wp-content\\\/uploads\\\/2025\\\/10\\\/000-LOGO-ANALOG-GWERZ-NOIR-1.png\",\"contentUrl\":\"https:\\\/\\\/www.analoggwerz.com\\\/wp-content\\\/uploads\\\/2025\\\/10\\\/000-LOGO-ANALOG-GWERZ-NOIR-1.png\",\"width\":800,\"height\":407,\"caption\":\"Analog Gwerz\"},\"image\":{\"@id\":\"https:\\\/\\\/www.analoggwerz.com\\\/#\\\/schema\\\/logo\\\/image\\\/\"},\"sameAs\":[\"https:\\\/\\\/www.instagram.com\\\/analog_gwerz\\\/\",\"https:\\\/\\\/www.tiktok.com\\\/@analog_gwerz\"]}]}<\/script>\n<!-- \/ Yoast SEO plugin. -->","yoast_head_json":{"title":"Fujinon-T 200mm f\/4.5 \u2013 T\u00e9l\u00e9objectif pour monture M42 - Noir est disponible sur la boutique !","description":"Cliquez ici pour d\u00e9couvrir Fujinon-T 200mm f\/4.5 \u2013 T\u00e9l\u00e9objectif pour monture M42 - Noir sur la boutique.","robots":{"index":"index","follow":"follow","max-snippet":"max-snippet:-1","max-image-preview":"max-image-preview:large","max-video-preview":"max-video-preview:-1"},"canonical":"https:\/\/www.analoggwerz.com\/en\/product\/fujinon-t-200mm-f-4-5-teleobjectif-pour-monture-fuji-ax\/","og_locale":"en_US","og_type":"article","og_title":"Fujinon-T 200mm f\/4.5 \u2013 T\u00e9l\u00e9objectif pour monture M42 - Noir est disponible sur la boutique !","og_description":"Cliquez ici pour d\u00e9couvrir Fujinon-T 200mm f\/4.5 \u2013 T\u00e9l\u00e9objectif pour monture M42 - Noir sur la boutique.","og_url":"https:\/\/www.analoggwerz.com\/en\/product\/fujinon-t-200mm-f-4-5-teleobjectif-pour-monture-fuji-ax\/","og_site_name":"Analog Gwerz","article_modified_time":"2026-03-06T21:56:16+00:00","og_image":[{"width":2560,"height":1920,"url":"https:\/\/www.analoggwerz.com\/wp-content\/uploads\/2025\/07\/img_1684-scaled.jpeg","type":"image\/jpeg"}],"twitter_card":"summary_large_image","twitter_misc":{"Est. reading time":"1 minute"},"schema":{"@context":"https:\/\/schema.org","@graph":[{"@type":"WebPage","@id":"https:\/\/www.analoggwerz.com\/produit\/fujinon-t-200mm-f-4-5-teleobjectif-pour-monture-fuji-ax\/","url":"https:\/\/www.analoggwerz.com\/produit\/fujinon-t-200mm-f-4-5-teleobjectif-pour-monture-fuji-ax\/","name":"Fujinon-T 200mm f\/4.5 \u2013 T\u00e9l\u00e9objectif pour monture M42 - Noir est disponible sur la boutique !","isPartOf":{"@id":"https:\/\/www.analoggwerz.com\/#website"},"primaryImageOfPage":{"@id":"https:\/\/www.analoggwerz.com\/produit\/fujinon-t-200mm-f-4-5-teleobjectif-pour-monture-fuji-ax\/#primaryimage"},"image":{"@id":"https:\/\/www.analoggwerz.com\/produit\/fujinon-t-200mm-f-4-5-teleobjectif-pour-monture-fuji-ax\/#primaryimage"},"thumbnailUrl":"https:\/\/www.analoggwerz.com\/wp-content\/uploads\/2025\/07\/img_1684-scaled.jpeg","datePublished":"2025-07-28T13:14:36+00:00","dateModified":"2026-03-06T21:56:16+00:00","description":"Cliquez ici pour d\u00e9couvrir Fujinon-T 200mm f\/4.5 \u2013 T\u00e9l\u00e9objectif pour monture M42 - Noir sur la boutique.","breadcrumb":{"@id":"https:\/\/www.analoggwerz.com\/produit\/fujinon-t-200mm-f-4-5-teleobjectif-pour-monture-fuji-ax\/#breadcrumb"},"inLanguage":"en-US","potentialAction":[{"@type":"ReadAction","target":["https:\/\/www.analoggwerz.com\/produit\/fujinon-t-200mm-f-4-5-teleobjectif-pour-monture-fuji-ax\/"]}]},{"@type":"ImageObject","inLanguage":"en-US","@id":"https:\/\/www.analoggwerz.com\/produit\/fujinon-t-200mm-f-4-5-teleobjectif-pour-monture-fuji-ax\/#primaryimage","url":"https:\/\/www.analoggwerz.com\/wp-content\/uploads\/2025\/07\/img_1684-scaled.jpeg","contentUrl":"https:\/\/www.analoggwerz.com\/wp-content\/uploads\/2025\/07\/img_1684-scaled.jpeg","width":2560,"height":1920},{"@type":"BreadcrumbList","@id":"https:\/\/www.analoggwerz.com\/produit\/fujinon-t-200mm-f-4-5-teleobjectif-pour-monture-fuji-ax\/#breadcrumb","itemListElement":[{"@type":"ListItem","position":1,"name":"Accueil","item":"https:\/\/www.analoggwerz.com\/"},{"@type":"ListItem","position":2,"name":"Boutique","item":"https:\/\/www.analoggwerz.com\/shop\/"},{"@type":"ListItem","position":3,"name":"Fujinon-T 200mm f\/4.5 \u2013 T\u00e9l\u00e9objectif pour monture M42 &#8211; Noir"}]},{"@type":"WebSite","@id":"https:\/\/www.analoggwerz.com\/#website","url":"https:\/\/www.analoggwerz.com\/","name":"Analog Gwerz","description":"Pas besoin de neuf pour capturer l&#039;instant !","publisher":{"@id":"https:\/\/www.analoggwerz.com\/#organization"},"potentialAction":[{"@type":"SearchAction","target":{"@type":"EntryPoint","urlTemplate":"https:\/\/www.analoggwerz.com\/?s={search_term_string}"},"query-input":{"@type":"PropertyValueSpecification","valueRequired":true,"valueName":"search_term_string"}}],"inLanguage":"en-US"},{"@type":"Organization","@id":"https:\/\/www.analoggwerz.com\/#organization","name":"Analog Gwerz","url":"https:\/\/www.analoggwerz.com\/","logo":{"@type":"ImageObject","inLanguage":"en-US","@id":"https:\/\/www.analoggwerz.com\/#\/schema\/logo\/image\/","url":"https:\/\/www.analoggwerz.com\/wp-content\/uploads\/2025\/10\/000-LOGO-ANALOG-GWERZ-NOIR-1.png","contentUrl":"https:\/\/www.analoggwerz.com\/wp-content\/uploads\/2025\/10\/000-LOGO-ANALOG-GWERZ-NOIR-1.png","width":800,"height":407,"caption":"Analog Gwerz"},"image":{"@id":"https:\/\/www.analoggwerz.com\/#\/schema\/logo\/image\/"},"sameAs":["https:\/\/www.instagram.com\/analog_gwerz\/","https:\/\/www.tiktok.com\/@analog_gwerz"]}]}},"jetpack_sharing_enabled":true,"_links":{"self":[{"href":"https:\/\/www.analoggwerz.com\/en\/wp-json\/wp\/v2\/product\/7647","targetHints":{"allow":["GET"]}}],"collection":[{"href":"https:\/\/www.analoggwerz.com\/en\/wp-json\/wp\/v2\/product"}],"about":[{"href":"https:\/\/www.analoggwerz.com\/en\/wp-json\/wp\/v2\/types\/product"}],"wp:featuredmedia":[{"embeddable":true,"href":"https:\/\/www.analoggwerz.com\/en\/wp-json\/wp\/v2\/media\/7641"}],"wp:attachment":[{"href":"https:\/\/www.analoggwerz.com\/en\/wp-json\/wp\/v2\/media?parent=7647"}],"wp:term":[{"taxonomy":"product_brand","embeddable":true,"href":"https:\/\/www.analoggwerz.com\/en\/wp-json\/wp\/v2\/product_brand?post=7647"},{"taxonomy":"product_cat","embeddable":true,"href":"https:\/\/www.analoggwerz.com\/en\/wp-json\/wp\/v2\/product_cat?post=7647"},{"taxonomy":"product_tag","embeddable":true,"href":"https:\/\/www.analoggwerz.com\/en\/wp-json\/wp\/v2\/product_tag?post=7647"}],"curies":[{"name":"wp","href":"https:\/\/api.w.org\/{rel}","templated":true}]}}