{"id":7624,"date":"2025-07-28T07:23:57","date_gmt":"2025-07-28T07:23:57","guid":{"rendered":"https:\/\/www.analoggwerz.com\/produit\/canon-extension-tube-fd-25-filtre-skylight-46mm\/"},"modified":"2026-02-07T22:42:10","modified_gmt":"2026-02-07T22:42:10","slug":"canon-extension-tube-fd-25-filtre-skylight-46mm","status":"publish","type":"product","link":"https:\/\/www.analoggwerz.com\/en\/product\/canon-extension-tube-fd-25-filtre-skylight-46mm\/","title":{"rendered":"Canon Extension Tube FD 25 + filtre Skylight 46mm &#8211; Noir"},"content":{"rendered":"<p>\ud83d\udcf8<strong> N\u2019h\u00e9sitez pas \u00e0 vous abonner \u00e0 mon Instagram (@analog_gwerz) si vous aimez la photo et les appareils.<\/strong><\/p>\n<p><strong><\/strong><\/p>\n<p><strong>Canon Extension Tube FD 25 + filtre Skylight 46mm<\/strong><\/p>\n<p><strong><\/strong><\/p>\n<p><strong>Ensemble compos\u00e9 d\u2019un tube allonge Canon FD 25 mm pour macrophotographie et d\u2019un filtre Canon Skylight 46 mm, id\u00e9al pour prot\u00e9ger la lentille frontale tout en am\u00e9liorant les teintes chair.<\/strong><\/p>\n<p><strong><\/strong><\/p>\n<p><strong>Extension Tube Canon FD 25 :<\/strong><\/p>\n<p><strong>\t\u2022\tPermet de r\u00e9duire la distance de mise au point<\/strong><\/p>\n<p><strong>\t\u2022\tCompatible avec tous les objectifs \u00e0 monture Canon FD<\/strong><\/p>\n<p><strong>\t\u2022\tConstruction m\u00e9tal, fabrication solide<\/strong><\/p>\n<p><strong>\t\u2022\tMade in Japan<\/strong><\/p>\n<p><strong>\t\u2022\tLivr\u00e9 avec son \u00e9tui Canon d\u2019origine<\/strong><\/p>\n<p><strong><\/strong><\/p>\n<p><strong>Filtre Canon Skylight 1x :<\/strong><\/p>\n<p><strong>\t\u2022\tDiam\u00e8tre : 46 mm<\/strong><\/p>\n<p><strong>\t\u2022\tFabriqu\u00e9 au Japon<\/strong><\/p>\n<p><strong>\t\u2022\tLivr\u00e9 avec sa bo\u00eete de rangement transparente<\/strong><\/p>\n<p><strong><\/strong><\/p>\n<p><strong>\u00c9tat : Tr\u00e8s bon \u00e9tat g\u00e9n\u00e9ral, peu de traces d\u2019usage.<\/strong><\/p>\n<p><strong><\/strong><\/p>\n<p>\ud83d\udcf7<strong> Les photos attestent de l\u2019\u00e9tat r\u00e9el du produit.<\/strong><\/p>\n<p>\u2705<strong> Tous mes articles sont test\u00e9s et fonctionnels.<\/strong><\/p>","protected":false},"excerpt":{"rendered":"<p>\ud83d\udcf8 N\u2019h\u00e9sitez pas \u00e0 vous abonner \u00e0 mon Instagram (@analog_gwerz) si vous aimez la photo et les appareils. Canon Extension Tube FD 25 + filtre Skylight 46mm Ensemble compos\u00e9 d\u2019un tube allonge Canon FD 25 mm pour macrophotographie et d\u2019un filtre Canon Skylight 46 mm, id\u00e9al pour prot\u00e9ger la lentille frontale tout en am\u00e9liorant les [&hellip;]<\/p>\n","protected":false},"featured_media":7620,"template":"","meta":[],"product_brand":[],"product_cat":[55,167,169,57,171],"product_tag":[],"class_list":{"0":"post-7624","1":"product","2":"type-product","3":"status-publish","4":"has-post-thumbnail","6":"product_cat-accessoires","7":"product_cat-accessoires-pour-objectifs","8":"product_cat-filtres-accessoires-pour-objectifs","9":"product_cat-objectifs","10":"product_cat-teleconvertisseur","11":"pa_couleur-noir","12":"pa_marque-canon","14":"first","15":"outofstock","16":"purchasable","17":"product-type-simple"},"yoast_head":"<!-- This site is optimized with the Yoast SEO plugin v27.5 - https:\/\/yoast.com\/product\/yoast-seo-wordpress\/ -->\n<title>Canon Extension Tube FD 25 + filtre Skylight 46mm - Noir est disponible sur la boutique !<\/title>\n<meta name=\"description\" content=\"Cliquez ici pour d\u00e9couvrir Canon Extension Tube FD 25 + filtre Skylight 46mm - Noir sur la boutique.\" \/>\n<meta name=\"robots\" content=\"index, follow, max-snippet:-1, max-image-preview:large, max-video-preview:-1\" \/>\n<link rel=\"canonical\" href=\"https:\/\/www.analoggwerz.com\/en\/product\/canon-extension-tube-fd-25-filtre-skylight-46mm\/\" \/>\n<meta property=\"og:locale\" content=\"en_US\" \/>\n<meta property=\"og:type\" content=\"article\" \/>\n<meta property=\"og:title\" content=\"Canon Extension Tube FD 25 + filtre Skylight 46mm - Noir est disponible sur la boutique !\" \/>\n<meta property=\"og:description\" content=\"Cliquez ici pour d\u00e9couvrir Canon Extension Tube FD 25 + filtre Skylight 46mm - Noir sur la boutique.\" \/>\n<meta property=\"og:url\" content=\"https:\/\/www.analoggwerz.com\/en\/product\/canon-extension-tube-fd-25-filtre-skylight-46mm\/\" \/>\n<meta property=\"og:site_name\" content=\"Analog Gwerz\" \/>\n<meta property=\"article:modified_time\" content=\"2026-02-07T22:42:10+00:00\" \/>\n<meta property=\"og:image\" content=\"https:\/\/www.analoggwerz.com\/wp-content\/uploads\/2025\/07\/img_1704-scaled.jpeg\" \/>\n\t<meta property=\"og:image:width\" content=\"2560\" \/>\n\t<meta property=\"og:image:height\" content=\"1920\" \/>\n\t<meta property=\"og:image:type\" content=\"image\/jpeg\" \/>\n<meta name=\"twitter:card\" content=\"summary_large_image\" \/>\n<meta name=\"twitter:label1\" content=\"Est. reading time\" \/>\n\t<meta name=\"twitter:data1\" content=\"1 minute\" \/>\n<script type=\"application\/ld+json\" class=\"yoast-schema-graph\">{\"@context\":\"https:\\\/\\\/schema.org\",\"@graph\":[{\"@type\":\"WebPage\",\"@id\":\"https:\\\/\\\/www.analoggwerz.com\\\/produit\\\/canon-extension-tube-fd-25-filtre-skylight-46mm\\\/\",\"url\":\"https:\\\/\\\/www.analoggwerz.com\\\/produit\\\/canon-extension-tube-fd-25-filtre-skylight-46mm\\\/\",\"name\":\"Canon Extension Tube FD 25 + filtre Skylight 46mm - Noir est disponible sur la boutique !\",\"isPartOf\":{\"@id\":\"https:\\\/\\\/www.analoggwerz.com\\\/#website\"},\"primaryImageOfPage\":{\"@id\":\"https:\\\/\\\/www.analoggwerz.com\\\/produit\\\/canon-extension-tube-fd-25-filtre-skylight-46mm\\\/#primaryimage\"},\"image\":{\"@id\":\"https:\\\/\\\/www.analoggwerz.com\\\/produit\\\/canon-extension-tube-fd-25-filtre-skylight-46mm\\\/#primaryimage\"},\"thumbnailUrl\":\"https:\\\/\\\/www.analoggwerz.com\\\/wp-content\\\/uploads\\\/2025\\\/07\\\/img_1704-scaled.jpeg\",\"datePublished\":\"2025-07-28T07:23:57+00:00\",\"dateModified\":\"2026-02-07T22:42:10+00:00\",\"description\":\"Cliquez ici pour d\u00e9couvrir Canon Extension Tube FD 25 + filtre Skylight 46mm - Noir sur la boutique.\",\"breadcrumb\":{\"@id\":\"https:\\\/\\\/www.analoggwerz.com\\\/produit\\\/canon-extension-tube-fd-25-filtre-skylight-46mm\\\/#breadcrumb\"},\"inLanguage\":\"en-US\",\"potentialAction\":[{\"@type\":\"ReadAction\",\"target\":[\"https:\\\/\\\/www.analoggwerz.com\\\/produit\\\/canon-extension-tube-fd-25-filtre-skylight-46mm\\\/\"]}]},{\"@type\":\"ImageObject\",\"inLanguage\":\"en-US\",\"@id\":\"https:\\\/\\\/www.analoggwerz.com\\\/produit\\\/canon-extension-tube-fd-25-filtre-skylight-46mm\\\/#primaryimage\",\"url\":\"https:\\\/\\\/www.analoggwerz.com\\\/wp-content\\\/uploads\\\/2025\\\/07\\\/img_1704-scaled.jpeg\",\"contentUrl\":\"https:\\\/\\\/www.analoggwerz.com\\\/wp-content\\\/uploads\\\/2025\\\/07\\\/img_1704-scaled.jpeg\",\"width\":2560,\"height\":1920},{\"@type\":\"BreadcrumbList\",\"@id\":\"https:\\\/\\\/www.analoggwerz.com\\\/produit\\\/canon-extension-tube-fd-25-filtre-skylight-46mm\\\/#breadcrumb\",\"itemListElement\":[{\"@type\":\"ListItem\",\"position\":1,\"name\":\"Accueil\",\"item\":\"https:\\\/\\\/www.analoggwerz.com\\\/\"},{\"@type\":\"ListItem\",\"position\":2,\"name\":\"Boutique\",\"item\":\"https:\\\/\\\/www.analoggwerz.com\\\/shop\\\/\"},{\"@type\":\"ListItem\",\"position\":3,\"name\":\"Canon Extension Tube FD 25 + filtre Skylight 46mm &#8211; Noir\"}]},{\"@type\":\"WebSite\",\"@id\":\"https:\\\/\\\/www.analoggwerz.com\\\/#website\",\"url\":\"https:\\\/\\\/www.analoggwerz.com\\\/\",\"name\":\"Analog Gwerz\",\"description\":\"Pas besoin de neuf pour capturer l&#039;instant !\",\"publisher\":{\"@id\":\"https:\\\/\\\/www.analoggwerz.com\\\/#organization\"},\"potentialAction\":[{\"@type\":\"SearchAction\",\"target\":{\"@type\":\"EntryPoint\",\"urlTemplate\":\"https:\\\/\\\/www.analoggwerz.com\\\/?s={search_term_string}\"},\"query-input\":{\"@type\":\"PropertyValueSpecification\",\"valueRequired\":true,\"valueName\":\"search_term_string\"}}],\"inLanguage\":\"en-US\"},{\"@type\":\"Organization\",\"@id\":\"https:\\\/\\\/www.analoggwerz.com\\\/#organization\",\"name\":\"Analog Gwerz\",\"url\":\"https:\\\/\\\/www.analoggwerz.com\\\/\",\"logo\":{\"@type\":\"ImageObject\",\"inLanguage\":\"en-US\",\"@id\":\"https:\\\/\\\/www.analoggwerz.com\\\/#\\\/schema\\\/logo\\\/image\\\/\",\"url\":\"https:\\\/\\\/www.analoggwerz.com\\\/wp-content\\\/uploads\\\/2025\\\/10\\\/000-LOGO-ANALOG-GWERZ-NOIR-1.png\",\"contentUrl\":\"https:\\\/\\\/www.analoggwerz.com\\\/wp-content\\\/uploads\\\/2025\\\/10\\\/000-LOGO-ANALOG-GWERZ-NOIR-1.png\",\"width\":800,\"height\":407,\"caption\":\"Analog Gwerz\"},\"image\":{\"@id\":\"https:\\\/\\\/www.analoggwerz.com\\\/#\\\/schema\\\/logo\\\/image\\\/\"},\"sameAs\":[\"https:\\\/\\\/www.instagram.com\\\/analog_gwerz\\\/\",\"https:\\\/\\\/www.tiktok.com\\\/@analog_gwerz\"]}]}<\/script>\n<!-- \/ Yoast SEO plugin. -->","yoast_head_json":{"title":"Canon Extension Tube FD 25 + filtre Skylight 46mm - Noir est disponible sur la boutique !","description":"Cliquez ici pour d\u00e9couvrir Canon Extension Tube FD 25 + filtre Skylight 46mm - Noir sur la boutique.","robots":{"index":"index","follow":"follow","max-snippet":"max-snippet:-1","max-image-preview":"max-image-preview:large","max-video-preview":"max-video-preview:-1"},"canonical":"https:\/\/www.analoggwerz.com\/en\/product\/canon-extension-tube-fd-25-filtre-skylight-46mm\/","og_locale":"en_US","og_type":"article","og_title":"Canon Extension Tube FD 25 + filtre Skylight 46mm - Noir est disponible sur la boutique !","og_description":"Cliquez ici pour d\u00e9couvrir Canon Extension Tube FD 25 + filtre Skylight 46mm - Noir sur la boutique.","og_url":"https:\/\/www.analoggwerz.com\/en\/product\/canon-extension-tube-fd-25-filtre-skylight-46mm\/","og_site_name":"Analog Gwerz","article_modified_time":"2026-02-07T22:42:10+00:00","og_image":[{"width":2560,"height":1920,"url":"https:\/\/www.analoggwerz.com\/wp-content\/uploads\/2025\/07\/img_1704-scaled.jpeg","type":"image\/jpeg"}],"twitter_card":"summary_large_image","twitter_misc":{"Est. reading time":"1 minute"},"schema":{"@context":"https:\/\/schema.org","@graph":[{"@type":"WebPage","@id":"https:\/\/www.analoggwerz.com\/produit\/canon-extension-tube-fd-25-filtre-skylight-46mm\/","url":"https:\/\/www.analoggwerz.com\/produit\/canon-extension-tube-fd-25-filtre-skylight-46mm\/","name":"Canon Extension Tube FD 25 + filtre Skylight 46mm - Noir est disponible sur la boutique !","isPartOf":{"@id":"https:\/\/www.analoggwerz.com\/#website"},"primaryImageOfPage":{"@id":"https:\/\/www.analoggwerz.com\/produit\/canon-extension-tube-fd-25-filtre-skylight-46mm\/#primaryimage"},"image":{"@id":"https:\/\/www.analoggwerz.com\/produit\/canon-extension-tube-fd-25-filtre-skylight-46mm\/#primaryimage"},"thumbnailUrl":"https:\/\/www.analoggwerz.com\/wp-content\/uploads\/2025\/07\/img_1704-scaled.jpeg","datePublished":"2025-07-28T07:23:57+00:00","dateModified":"2026-02-07T22:42:10+00:00","description":"Cliquez ici pour d\u00e9couvrir Canon Extension Tube FD 25 + filtre Skylight 46mm - Noir sur la boutique.","breadcrumb":{"@id":"https:\/\/www.analoggwerz.com\/produit\/canon-extension-tube-fd-25-filtre-skylight-46mm\/#breadcrumb"},"inLanguage":"en-US","potentialAction":[{"@type":"ReadAction","target":["https:\/\/www.analoggwerz.com\/produit\/canon-extension-tube-fd-25-filtre-skylight-46mm\/"]}]},{"@type":"ImageObject","inLanguage":"en-US","@id":"https:\/\/www.analoggwerz.com\/produit\/canon-extension-tube-fd-25-filtre-skylight-46mm\/#primaryimage","url":"https:\/\/www.analoggwerz.com\/wp-content\/uploads\/2025\/07\/img_1704-scaled.jpeg","contentUrl":"https:\/\/www.analoggwerz.com\/wp-content\/uploads\/2025\/07\/img_1704-scaled.jpeg","width":2560,"height":1920},{"@type":"BreadcrumbList","@id":"https:\/\/www.analoggwerz.com\/produit\/canon-extension-tube-fd-25-filtre-skylight-46mm\/#breadcrumb","itemListElement":[{"@type":"ListItem","position":1,"name":"Accueil","item":"https:\/\/www.analoggwerz.com\/"},{"@type":"ListItem","position":2,"name":"Boutique","item":"https:\/\/www.analoggwerz.com\/shop\/"},{"@type":"ListItem","position":3,"name":"Canon Extension Tube FD 25 + filtre Skylight 46mm &#8211; Noir"}]},{"@type":"WebSite","@id":"https:\/\/www.analoggwerz.com\/#website","url":"https:\/\/www.analoggwerz.com\/","name":"Analog Gwerz","description":"Pas besoin de neuf pour capturer l&#039;instant !","publisher":{"@id":"https:\/\/www.analoggwerz.com\/#organization"},"potentialAction":[{"@type":"SearchAction","target":{"@type":"EntryPoint","urlTemplate":"https:\/\/www.analoggwerz.com\/?s={search_term_string}"},"query-input":{"@type":"PropertyValueSpecification","valueRequired":true,"valueName":"search_term_string"}}],"inLanguage":"en-US"},{"@type":"Organization","@id":"https:\/\/www.analoggwerz.com\/#organization","name":"Analog Gwerz","url":"https:\/\/www.analoggwerz.com\/","logo":{"@type":"ImageObject","inLanguage":"en-US","@id":"https:\/\/www.analoggwerz.com\/#\/schema\/logo\/image\/","url":"https:\/\/www.analoggwerz.com\/wp-content\/uploads\/2025\/10\/000-LOGO-ANALOG-GWERZ-NOIR-1.png","contentUrl":"https:\/\/www.analoggwerz.com\/wp-content\/uploads\/2025\/10\/000-LOGO-ANALOG-GWERZ-NOIR-1.png","width":800,"height":407,"caption":"Analog Gwerz"},"image":{"@id":"https:\/\/www.analoggwerz.com\/#\/schema\/logo\/image\/"},"sameAs":["https:\/\/www.instagram.com\/analog_gwerz\/","https:\/\/www.tiktok.com\/@analog_gwerz"]}]}},"jetpack_sharing_enabled":true,"_links":{"self":[{"href":"https:\/\/www.analoggwerz.com\/en\/wp-json\/wp\/v2\/product\/7624","targetHints":{"allow":["GET"]}}],"collection":[{"href":"https:\/\/www.analoggwerz.com\/en\/wp-json\/wp\/v2\/product"}],"about":[{"href":"https:\/\/www.analoggwerz.com\/en\/wp-json\/wp\/v2\/types\/product"}],"wp:featuredmedia":[{"embeddable":true,"href":"https:\/\/www.analoggwerz.com\/en\/wp-json\/wp\/v2\/media\/7620"}],"wp:attachment":[{"href":"https:\/\/www.analoggwerz.com\/en\/wp-json\/wp\/v2\/media?parent=7624"}],"wp:term":[{"taxonomy":"product_brand","embeddable":true,"href":"https:\/\/www.analoggwerz.com\/en\/wp-json\/wp\/v2\/product_brand?post=7624"},{"taxonomy":"product_cat","embeddable":true,"href":"https:\/\/www.analoggwerz.com\/en\/wp-json\/wp\/v2\/product_cat?post=7624"},{"taxonomy":"product_tag","embeddable":true,"href":"https:\/\/www.analoggwerz.com\/en\/wp-json\/wp\/v2\/product_tag?post=7624"}],"curies":[{"name":"wp","href":"https:\/\/api.w.org\/{rel}","templated":true}]}}