{"id":7614,"date":"2025-07-28T07:13:27","date_gmt":"2025-07-28T07:13:27","guid":{"rendered":"https:\/\/www.analoggwerz.com\/produit\/sigma-zoom-k-100-200mm-f-4-5-canon-fd\/"},"modified":"2026-03-26T21:59:30","modified_gmt":"2026-03-26T21:59:30","slug":"sigma-zoom-k-100-200mm-f-4-5-canon-fd","status":"publish","type":"product","link":"https:\/\/www.analoggwerz.com\/en\/product\/sigma-zoom-k-100-200mm-f-4-5-canon-fd\/","title":{"rendered":"Sigma Zoom-K 100-200mm f\/4.5 \u2013 Canon FD &#8211; Noir"},"content":{"rendered":"<p>N\u2019h\u00e9sitez pas \u00e0 vous abonner \u00e0 mon Instagram (@analog_gwerz) si vous aimez la photo et les appareils.<\/p>\n<p>Objectif Sigma Zoom-K 100-200mm f\/4.5 \u2013 Canon FD<\/p>\n<p>Objectif t\u00e9l\u00e9zoom vintage con\u00e7u pour les bo\u00eetiers Canon FD (argentiques type Canon AE-1, A-1, T70\u2026). Il couvre une plage focale de 100 \u00e0 200mm avec une ouverture constante \u00e0 f\/4.5, id\u00e9ale pour les portraits serr\u00e9s, la photo animali\u00e8re ou de sport en lumi\u00e8re naturelle.<\/p>\n<p>Objectif solide, fabriqu\u00e9 au Japon, au design typique des ann\u00e9es 80 avec sa bague grip textur\u00e9e \u00ab SIGMA \u00bb. Il dispose d\u2019une mise au point manuelle fluide et d\u2019un rev\u00eatement multicouche (MC) pour limiter les reflets.<\/p>\n<p>Monture Canon FD (non compatible avec Canon EOS sans adaptateur).<\/p>\n<p>Caract\u00e9ristiques :<\/p>\n<p>Focale : 100-200mm<\/p>\n<p>Ouverture : f\/4.5 constante<\/p>\n<p>Monture : Canon FD<\/p>\n<p>Rev\u00eatement multicouche<\/p>\n<p>Mise au point manuelle<\/p>\n<p>Fabriqu\u00e9 au Japon<\/p>\n<p>Pare-soleil int\u00e9gr\u00e9 (r\u00e9tractable)<\/p>\n<p>\u00c9tat :<\/p>\n<p>Lentilles propres, pas de rayures ni de champignons visibles<\/p>\n<p>L\u00e9g\u00e8res marques d\u2019usage sur le f\u00fbt (voir photos)<\/p>\n<p>Diaphragme propre et fonctionnel<\/p>\n<p>Bague de zoom et mise au point fluides<\/p>\n<p>Photos contractuelles, vous achetez ce que vous voyez.<\/p>\n<p>\ud83d\udca1 Compatible avec les bo\u00eetiers num\u00e9riques hybrides via adaptateur FD (non fourni), id\u00e9al pour obtenir un rendu vintage unique.<\/p>","protected":false},"excerpt":{"rendered":"<p>N\u2019h\u00e9sitez pas \u00e0 vous abonner \u00e0 mon Instagram (@analog_gwerz) si vous aimez la photo et les appareils. Objectif Sigma Zoom-K 100-200mm f\/4.5 \u2013 Canon FD Objectif t\u00e9l\u00e9zoom vintage con\u00e7u pour les bo\u00eetiers Canon FD (argentiques type Canon AE-1, A-1, T70\u2026). Il couvre une plage focale de 100 \u00e0 200mm avec une ouverture constante \u00e0 f\/4.5, [&hellip;]<\/p>\n","protected":false},"featured_media":7611,"template":"","meta":[],"product_brand":[],"product_cat":[57,175,176],"product_tag":[],"class_list":{"0":"post-7614","1":"product","2":"type-product","3":"status-publish","4":"has-post-thumbnail","6":"product_cat-objectifs","7":"product_cat-objectifs-a-zoom","8":"product_cat-teleobjectifs","9":"pa_couleur-noir","10":"pa_marque-canon","12":"first","13":"instock","14":"sale","15":"purchasable","16":"product-type-simple"},"yoast_head":"<!-- This site is optimized with the Yoast SEO plugin v27.5 - https:\/\/yoast.com\/product\/yoast-seo-wordpress\/ -->\n<title>Sigma Zoom-K 100-200mm f\/4.5 \u2013 Canon FD - Noir est disponible sur la boutique !<\/title>\n<meta name=\"description\" content=\"Cliquez ici pour d\u00e9couvrir Sigma Zoom-K 100-200mm f\/4.5 \u2013 Canon FD - Noir sur la boutique.\" \/>\n<meta name=\"robots\" content=\"index, follow, max-snippet:-1, max-image-preview:large, max-video-preview:-1\" \/>\n<link rel=\"canonical\" href=\"https:\/\/www.analoggwerz.com\/en\/product\/sigma-zoom-k-100-200mm-f-4-5-canon-fd\/\" \/>\n<meta property=\"og:locale\" content=\"en_US\" \/>\n<meta property=\"og:type\" content=\"article\" \/>\n<meta property=\"og:title\" content=\"Sigma Zoom-K 100-200mm f\/4.5 \u2013 Canon FD - Noir est disponible sur la boutique !\" \/>\n<meta property=\"og:description\" content=\"Cliquez ici pour d\u00e9couvrir Sigma Zoom-K 100-200mm f\/4.5 \u2013 Canon FD - Noir sur la boutique.\" \/>\n<meta property=\"og:url\" content=\"https:\/\/www.analoggwerz.com\/en\/product\/sigma-zoom-k-100-200mm-f-4-5-canon-fd\/\" \/>\n<meta property=\"og:site_name\" content=\"Analog Gwerz\" \/>\n<meta property=\"article:modified_time\" content=\"2026-03-26T21:59:30+00:00\" \/>\n<meta property=\"og:image\" content=\"https:\/\/www.analoggwerz.com\/wp-content\/uploads\/2025\/07\/img_1712-scaled.jpeg\" \/>\n\t<meta property=\"og:image:width\" content=\"2560\" \/>\n\t<meta property=\"og:image:height\" content=\"1920\" \/>\n\t<meta property=\"og:image:type\" content=\"image\/jpeg\" \/>\n<meta name=\"twitter:card\" content=\"summary_large_image\" \/>\n<meta name=\"twitter:label1\" content=\"Est. reading time\" \/>\n\t<meta name=\"twitter:data1\" content=\"1 minute\" \/>\n<script type=\"application\/ld+json\" class=\"yoast-schema-graph\">{\"@context\":\"https:\\\/\\\/schema.org\",\"@graph\":[{\"@type\":\"WebPage\",\"@id\":\"https:\\\/\\\/www.analoggwerz.com\\\/produit\\\/sigma-zoom-k-100-200mm-f-4-5-canon-fd\\\/\",\"url\":\"https:\\\/\\\/www.analoggwerz.com\\\/produit\\\/sigma-zoom-k-100-200mm-f-4-5-canon-fd\\\/\",\"name\":\"Sigma Zoom-K 100-200mm f\\\/4.5 \u2013 Canon FD - Noir est disponible sur la boutique !\",\"isPartOf\":{\"@id\":\"https:\\\/\\\/www.analoggwerz.com\\\/#website\"},\"primaryImageOfPage\":{\"@id\":\"https:\\\/\\\/www.analoggwerz.com\\\/produit\\\/sigma-zoom-k-100-200mm-f-4-5-canon-fd\\\/#primaryimage\"},\"image\":{\"@id\":\"https:\\\/\\\/www.analoggwerz.com\\\/produit\\\/sigma-zoom-k-100-200mm-f-4-5-canon-fd\\\/#primaryimage\"},\"thumbnailUrl\":\"https:\\\/\\\/www.analoggwerz.com\\\/wp-content\\\/uploads\\\/2025\\\/07\\\/img_1712-scaled.jpeg\",\"datePublished\":\"2025-07-28T07:13:27+00:00\",\"dateModified\":\"2026-03-26T21:59:30+00:00\",\"description\":\"Cliquez ici pour d\u00e9couvrir Sigma Zoom-K 100-200mm f\\\/4.5 \u2013 Canon FD - Noir sur la boutique.\",\"breadcrumb\":{\"@id\":\"https:\\\/\\\/www.analoggwerz.com\\\/produit\\\/sigma-zoom-k-100-200mm-f-4-5-canon-fd\\\/#breadcrumb\"},\"inLanguage\":\"en-US\",\"potentialAction\":[{\"@type\":\"ReadAction\",\"target\":[\"https:\\\/\\\/www.analoggwerz.com\\\/produit\\\/sigma-zoom-k-100-200mm-f-4-5-canon-fd\\\/\"]}]},{\"@type\":\"ImageObject\",\"inLanguage\":\"en-US\",\"@id\":\"https:\\\/\\\/www.analoggwerz.com\\\/produit\\\/sigma-zoom-k-100-200mm-f-4-5-canon-fd\\\/#primaryimage\",\"url\":\"https:\\\/\\\/www.analoggwerz.com\\\/wp-content\\\/uploads\\\/2025\\\/07\\\/img_1712-scaled.jpeg\",\"contentUrl\":\"https:\\\/\\\/www.analoggwerz.com\\\/wp-content\\\/uploads\\\/2025\\\/07\\\/img_1712-scaled.jpeg\",\"width\":2560,\"height\":1920},{\"@type\":\"BreadcrumbList\",\"@id\":\"https:\\\/\\\/www.analoggwerz.com\\\/produit\\\/sigma-zoom-k-100-200mm-f-4-5-canon-fd\\\/#breadcrumb\",\"itemListElement\":[{\"@type\":\"ListItem\",\"position\":1,\"name\":\"Accueil\",\"item\":\"https:\\\/\\\/www.analoggwerz.com\\\/\"},{\"@type\":\"ListItem\",\"position\":2,\"name\":\"Boutique\",\"item\":\"https:\\\/\\\/www.analoggwerz.com\\\/shop\\\/\"},{\"@type\":\"ListItem\",\"position\":3,\"name\":\"Sigma Zoom-K 100-200mm f\\\/4.5 \u2013 Canon FD &#8211; Noir\"}]},{\"@type\":\"WebSite\",\"@id\":\"https:\\\/\\\/www.analoggwerz.com\\\/#website\",\"url\":\"https:\\\/\\\/www.analoggwerz.com\\\/\",\"name\":\"Analog Gwerz\",\"description\":\"Pas besoin de neuf pour capturer l&#039;instant !\",\"publisher\":{\"@id\":\"https:\\\/\\\/www.analoggwerz.com\\\/#organization\"},\"potentialAction\":[{\"@type\":\"SearchAction\",\"target\":{\"@type\":\"EntryPoint\",\"urlTemplate\":\"https:\\\/\\\/www.analoggwerz.com\\\/?s={search_term_string}\"},\"query-input\":{\"@type\":\"PropertyValueSpecification\",\"valueRequired\":true,\"valueName\":\"search_term_string\"}}],\"inLanguage\":\"en-US\"},{\"@type\":\"Organization\",\"@id\":\"https:\\\/\\\/www.analoggwerz.com\\\/#organization\",\"name\":\"Analog Gwerz\",\"url\":\"https:\\\/\\\/www.analoggwerz.com\\\/\",\"logo\":{\"@type\":\"ImageObject\",\"inLanguage\":\"en-US\",\"@id\":\"https:\\\/\\\/www.analoggwerz.com\\\/#\\\/schema\\\/logo\\\/image\\\/\",\"url\":\"https:\\\/\\\/www.analoggwerz.com\\\/wp-content\\\/uploads\\\/2025\\\/10\\\/000-LOGO-ANALOG-GWERZ-NOIR-1.png\",\"contentUrl\":\"https:\\\/\\\/www.analoggwerz.com\\\/wp-content\\\/uploads\\\/2025\\\/10\\\/000-LOGO-ANALOG-GWERZ-NOIR-1.png\",\"width\":800,\"height\":407,\"caption\":\"Analog Gwerz\"},\"image\":{\"@id\":\"https:\\\/\\\/www.analoggwerz.com\\\/#\\\/schema\\\/logo\\\/image\\\/\"},\"sameAs\":[\"https:\\\/\\\/www.instagram.com\\\/analog_gwerz\\\/\",\"https:\\\/\\\/www.tiktok.com\\\/@analog_gwerz\"]}]}<\/script>\n<!-- \/ Yoast SEO plugin. -->","yoast_head_json":{"title":"Sigma Zoom-K 100-200mm f\/4.5 \u2013 Canon FD - Noir est disponible sur la boutique !","description":"Cliquez ici pour d\u00e9couvrir Sigma Zoom-K 100-200mm f\/4.5 \u2013 Canon FD - Noir sur la boutique.","robots":{"index":"index","follow":"follow","max-snippet":"max-snippet:-1","max-image-preview":"max-image-preview:large","max-video-preview":"max-video-preview:-1"},"canonical":"https:\/\/www.analoggwerz.com\/en\/product\/sigma-zoom-k-100-200mm-f-4-5-canon-fd\/","og_locale":"en_US","og_type":"article","og_title":"Sigma Zoom-K 100-200mm f\/4.5 \u2013 Canon FD - Noir est disponible sur la boutique !","og_description":"Cliquez ici pour d\u00e9couvrir Sigma Zoom-K 100-200mm f\/4.5 \u2013 Canon FD - Noir sur la boutique.","og_url":"https:\/\/www.analoggwerz.com\/en\/product\/sigma-zoom-k-100-200mm-f-4-5-canon-fd\/","og_site_name":"Analog Gwerz","article_modified_time":"2026-03-26T21:59:30+00:00","og_image":[{"width":2560,"height":1920,"url":"https:\/\/www.analoggwerz.com\/wp-content\/uploads\/2025\/07\/img_1712-scaled.jpeg","type":"image\/jpeg"}],"twitter_card":"summary_large_image","twitter_misc":{"Est. reading time":"1 minute"},"schema":{"@context":"https:\/\/schema.org","@graph":[{"@type":"WebPage","@id":"https:\/\/www.analoggwerz.com\/produit\/sigma-zoom-k-100-200mm-f-4-5-canon-fd\/","url":"https:\/\/www.analoggwerz.com\/produit\/sigma-zoom-k-100-200mm-f-4-5-canon-fd\/","name":"Sigma Zoom-K 100-200mm f\/4.5 \u2013 Canon FD - Noir est disponible sur la boutique !","isPartOf":{"@id":"https:\/\/www.analoggwerz.com\/#website"},"primaryImageOfPage":{"@id":"https:\/\/www.analoggwerz.com\/produit\/sigma-zoom-k-100-200mm-f-4-5-canon-fd\/#primaryimage"},"image":{"@id":"https:\/\/www.analoggwerz.com\/produit\/sigma-zoom-k-100-200mm-f-4-5-canon-fd\/#primaryimage"},"thumbnailUrl":"https:\/\/www.analoggwerz.com\/wp-content\/uploads\/2025\/07\/img_1712-scaled.jpeg","datePublished":"2025-07-28T07:13:27+00:00","dateModified":"2026-03-26T21:59:30+00:00","description":"Cliquez ici pour d\u00e9couvrir Sigma Zoom-K 100-200mm f\/4.5 \u2013 Canon FD - Noir sur la boutique.","breadcrumb":{"@id":"https:\/\/www.analoggwerz.com\/produit\/sigma-zoom-k-100-200mm-f-4-5-canon-fd\/#breadcrumb"},"inLanguage":"en-US","potentialAction":[{"@type":"ReadAction","target":["https:\/\/www.analoggwerz.com\/produit\/sigma-zoom-k-100-200mm-f-4-5-canon-fd\/"]}]},{"@type":"ImageObject","inLanguage":"en-US","@id":"https:\/\/www.analoggwerz.com\/produit\/sigma-zoom-k-100-200mm-f-4-5-canon-fd\/#primaryimage","url":"https:\/\/www.analoggwerz.com\/wp-content\/uploads\/2025\/07\/img_1712-scaled.jpeg","contentUrl":"https:\/\/www.analoggwerz.com\/wp-content\/uploads\/2025\/07\/img_1712-scaled.jpeg","width":2560,"height":1920},{"@type":"BreadcrumbList","@id":"https:\/\/www.analoggwerz.com\/produit\/sigma-zoom-k-100-200mm-f-4-5-canon-fd\/#breadcrumb","itemListElement":[{"@type":"ListItem","position":1,"name":"Accueil","item":"https:\/\/www.analoggwerz.com\/"},{"@type":"ListItem","position":2,"name":"Boutique","item":"https:\/\/www.analoggwerz.com\/shop\/"},{"@type":"ListItem","position":3,"name":"Sigma Zoom-K 100-200mm f\/4.5 \u2013 Canon FD &#8211; Noir"}]},{"@type":"WebSite","@id":"https:\/\/www.analoggwerz.com\/#website","url":"https:\/\/www.analoggwerz.com\/","name":"Analog Gwerz","description":"Pas besoin de neuf pour capturer l&#039;instant !","publisher":{"@id":"https:\/\/www.analoggwerz.com\/#organization"},"potentialAction":[{"@type":"SearchAction","target":{"@type":"EntryPoint","urlTemplate":"https:\/\/www.analoggwerz.com\/?s={search_term_string}"},"query-input":{"@type":"PropertyValueSpecification","valueRequired":true,"valueName":"search_term_string"}}],"inLanguage":"en-US"},{"@type":"Organization","@id":"https:\/\/www.analoggwerz.com\/#organization","name":"Analog Gwerz","url":"https:\/\/www.analoggwerz.com\/","logo":{"@type":"ImageObject","inLanguage":"en-US","@id":"https:\/\/www.analoggwerz.com\/#\/schema\/logo\/image\/","url":"https:\/\/www.analoggwerz.com\/wp-content\/uploads\/2025\/10\/000-LOGO-ANALOG-GWERZ-NOIR-1.png","contentUrl":"https:\/\/www.analoggwerz.com\/wp-content\/uploads\/2025\/10\/000-LOGO-ANALOG-GWERZ-NOIR-1.png","width":800,"height":407,"caption":"Analog Gwerz"},"image":{"@id":"https:\/\/www.analoggwerz.com\/#\/schema\/logo\/image\/"},"sameAs":["https:\/\/www.instagram.com\/analog_gwerz\/","https:\/\/www.tiktok.com\/@analog_gwerz"]}]}},"jetpack_sharing_enabled":true,"_links":{"self":[{"href":"https:\/\/www.analoggwerz.com\/en\/wp-json\/wp\/v2\/product\/7614","targetHints":{"allow":["GET"]}}],"collection":[{"href":"https:\/\/www.analoggwerz.com\/en\/wp-json\/wp\/v2\/product"}],"about":[{"href":"https:\/\/www.analoggwerz.com\/en\/wp-json\/wp\/v2\/types\/product"}],"wp:featuredmedia":[{"embeddable":true,"href":"https:\/\/www.analoggwerz.com\/en\/wp-json\/wp\/v2\/media\/7611"}],"wp:attachment":[{"href":"https:\/\/www.analoggwerz.com\/en\/wp-json\/wp\/v2\/media?parent=7614"}],"wp:term":[{"taxonomy":"product_brand","embeddable":true,"href":"https:\/\/www.analoggwerz.com\/en\/wp-json\/wp\/v2\/product_brand?post=7614"},{"taxonomy":"product_cat","embeddable":true,"href":"https:\/\/www.analoggwerz.com\/en\/wp-json\/wp\/v2\/product_cat?post=7614"},{"taxonomy":"product_tag","embeddable":true,"href":"https:\/\/www.analoggwerz.com\/en\/wp-json\/wp\/v2\/product_tag?post=7614"}],"curies":[{"name":"wp","href":"https:\/\/api.w.org\/{rel}","templated":true}]}}