{"id":7607,"date":"2025-07-27T16:53:02","date_gmt":"2025-07-27T16:53:02","guid":{"rendered":"https:\/\/www.analoggwerz.com\/produit\/vivitar-200mm-f-3-5-auto-telephoto-monture-canon-fd\/"},"modified":"2026-03-26T21:59:30","modified_gmt":"2026-03-26T21:59:30","slug":"vivitar-200mm-f-3-5-auto-telephoto-monture-canon-fd","status":"publish","type":"product","link":"https:\/\/www.analoggwerz.com\/en\/product\/vivitar-200mm-f-3-5-auto-telephoto-monture-canon-fd\/","title":{"rendered":"Vivitar 200mm f\/3.5 Auto Telephoto \u2013 Monture Canon FD &#8211; Noir"},"content":{"rendered":"<p>\ud83c\udfaf Objectif Vivitar 200mm f\/3.5 Auto Telephoto \u2013 Monture Canon FD<\/p>\n<p>N\u2019h\u00e9sitez pas \u00e0 vous abonner \u00e0 mon Instagram (@analog_gwerz) si vous aimez la photo et les appareils.<\/p>\n<p>T\u00e9l\u00e9objectif lumineux et robuste, le Vivitar 200mm f\/3.5 est une excellente option pour la photo animali\u00e8re, sportive ou de portrait compress\u00e9. Ce mod\u00e8le est en monture Canon FD, donc compatible avec de nombreux bo\u00eetiers argentiques Canon (AE-1, A-1, T70, etc.).<\/p>\n<p>Vivitar Auto Telephoto 200mm f\/3.5<\/p>\n<p>Monture Canon FD<\/p>\n<p>Num\u00e9ro de s\u00e9rie : 28064141<\/p>\n<p>Filetage filtre avant : 62mm<\/p>\n<p>Ouverture fluide, mise au point douce<\/p>\n<p>Verres tr\u00e8s propres, pas de champignon ni rayure<\/p>\n<p>\ud83d\udca1 Compatible avec Canon argentiques FD ou bo\u00eetiers num\u00e9riques via adaptateur FD.<\/p>","protected":false},"excerpt":{"rendered":"<p>\ud83c\udfaf Objectif Vivitar 200mm f\/3.5 Auto Telephoto \u2013 Monture Canon FD N\u2019h\u00e9sitez pas \u00e0 vous abonner \u00e0 mon Instagram (@analog_gwerz) si vous aimez la photo et les appareils. T\u00e9l\u00e9objectif lumineux et robuste, le Vivitar 200mm f\/3.5 est une excellente option pour la photo animali\u00e8re, sportive ou de portrait compress\u00e9. Ce mod\u00e8le est en monture Canon [&hellip;]<\/p>\n","protected":false},"featured_media":7604,"template":"","meta":[],"product_brand":[],"product_cat":[57,174,176],"product_tag":[],"class_list":{"0":"post-7607","1":"product","2":"type-product","3":"status-publish","4":"has-post-thumbnail","6":"product_cat-objectifs","7":"product_cat-objectifs-a-focale-fixe","8":"product_cat-teleobjectifs","9":"pa_couleur-noir","10":"pa_marque-canon","12":"first","13":"instock","14":"sale","15":"purchasable","16":"product-type-simple"},"yoast_head":"<!-- This site is optimized with the Yoast SEO plugin v27.5 - https:\/\/yoast.com\/product\/yoast-seo-wordpress\/ -->\n<title>Vivitar 200mm f\/3.5 Auto Telephoto \u2013 Monture Canon FD - Noir est disponible sur la boutique !<\/title>\n<meta name=\"description\" content=\"Cliquez ici pour d\u00e9couvrir Vivitar 200mm f\/3.5 Auto Telephoto \u2013 Monture Canon FD - Noir sur la boutique.\" \/>\n<meta name=\"robots\" content=\"index, follow, max-snippet:-1, max-image-preview:large, max-video-preview:-1\" \/>\n<link rel=\"canonical\" href=\"https:\/\/www.analoggwerz.com\/en\/product\/vivitar-200mm-f-3-5-auto-telephoto-monture-canon-fd\/\" \/>\n<meta property=\"og:locale\" content=\"en_US\" \/>\n<meta property=\"og:type\" content=\"article\" \/>\n<meta property=\"og:title\" content=\"Vivitar 200mm f\/3.5 Auto Telephoto \u2013 Monture Canon FD - Noir est disponible sur la boutique !\" \/>\n<meta property=\"og:description\" content=\"Cliquez ici pour d\u00e9couvrir Vivitar 200mm f\/3.5 Auto Telephoto \u2013 Monture Canon FD - Noir sur la boutique.\" \/>\n<meta property=\"og:url\" content=\"https:\/\/www.analoggwerz.com\/en\/product\/vivitar-200mm-f-3-5-auto-telephoto-monture-canon-fd\/\" \/>\n<meta property=\"og:site_name\" content=\"Analog Gwerz\" \/>\n<meta property=\"article:modified_time\" content=\"2026-03-26T21:59:30+00:00\" \/>\n<meta property=\"og:image\" content=\"https:\/\/www.analoggwerz.com\/wp-content\/uploads\/2025\/07\/img_1718-scaled.jpeg\" \/>\n\t<meta property=\"og:image:width\" content=\"2560\" \/>\n\t<meta property=\"og:image:height\" content=\"1920\" \/>\n\t<meta property=\"og:image:type\" content=\"image\/jpeg\" \/>\n<meta name=\"twitter:card\" content=\"summary_large_image\" \/>\n<meta name=\"twitter:label1\" content=\"Est. reading time\" \/>\n\t<meta name=\"twitter:data1\" content=\"1 minute\" \/>\n<script type=\"application\/ld+json\" class=\"yoast-schema-graph\">{\"@context\":\"https:\\\/\\\/schema.org\",\"@graph\":[{\"@type\":\"WebPage\",\"@id\":\"https:\\\/\\\/www.analoggwerz.com\\\/produit\\\/vivitar-200mm-f-3-5-auto-telephoto-monture-canon-fd\\\/\",\"url\":\"https:\\\/\\\/www.analoggwerz.com\\\/produit\\\/vivitar-200mm-f-3-5-auto-telephoto-monture-canon-fd\\\/\",\"name\":\"Vivitar 200mm f\\\/3.5 Auto Telephoto \u2013 Monture Canon FD - Noir est disponible sur la boutique !\",\"isPartOf\":{\"@id\":\"https:\\\/\\\/www.analoggwerz.com\\\/#website\"},\"primaryImageOfPage\":{\"@id\":\"https:\\\/\\\/www.analoggwerz.com\\\/produit\\\/vivitar-200mm-f-3-5-auto-telephoto-monture-canon-fd\\\/#primaryimage\"},\"image\":{\"@id\":\"https:\\\/\\\/www.analoggwerz.com\\\/produit\\\/vivitar-200mm-f-3-5-auto-telephoto-monture-canon-fd\\\/#primaryimage\"},\"thumbnailUrl\":\"https:\\\/\\\/www.analoggwerz.com\\\/wp-content\\\/uploads\\\/2025\\\/07\\\/img_1718-scaled.jpeg\",\"datePublished\":\"2025-07-27T16:53:02+00:00\",\"dateModified\":\"2026-03-26T21:59:30+00:00\",\"description\":\"Cliquez ici pour d\u00e9couvrir Vivitar 200mm f\\\/3.5 Auto Telephoto \u2013 Monture Canon FD - Noir sur la boutique.\",\"breadcrumb\":{\"@id\":\"https:\\\/\\\/www.analoggwerz.com\\\/produit\\\/vivitar-200mm-f-3-5-auto-telephoto-monture-canon-fd\\\/#breadcrumb\"},\"inLanguage\":\"en-US\",\"potentialAction\":[{\"@type\":\"ReadAction\",\"target\":[\"https:\\\/\\\/www.analoggwerz.com\\\/produit\\\/vivitar-200mm-f-3-5-auto-telephoto-monture-canon-fd\\\/\"]}]},{\"@type\":\"ImageObject\",\"inLanguage\":\"en-US\",\"@id\":\"https:\\\/\\\/www.analoggwerz.com\\\/produit\\\/vivitar-200mm-f-3-5-auto-telephoto-monture-canon-fd\\\/#primaryimage\",\"url\":\"https:\\\/\\\/www.analoggwerz.com\\\/wp-content\\\/uploads\\\/2025\\\/07\\\/img_1718-scaled.jpeg\",\"contentUrl\":\"https:\\\/\\\/www.analoggwerz.com\\\/wp-content\\\/uploads\\\/2025\\\/07\\\/img_1718-scaled.jpeg\",\"width\":2560,\"height\":1920},{\"@type\":\"BreadcrumbList\",\"@id\":\"https:\\\/\\\/www.analoggwerz.com\\\/produit\\\/vivitar-200mm-f-3-5-auto-telephoto-monture-canon-fd\\\/#breadcrumb\",\"itemListElement\":[{\"@type\":\"ListItem\",\"position\":1,\"name\":\"Accueil\",\"item\":\"https:\\\/\\\/www.analoggwerz.com\\\/\"},{\"@type\":\"ListItem\",\"position\":2,\"name\":\"Boutique\",\"item\":\"https:\\\/\\\/www.analoggwerz.com\\\/shop\\\/\"},{\"@type\":\"ListItem\",\"position\":3,\"name\":\"Vivitar 200mm f\\\/3.5 Auto Telephoto \u2013 Monture Canon FD &#8211; Noir\"}]},{\"@type\":\"WebSite\",\"@id\":\"https:\\\/\\\/www.analoggwerz.com\\\/#website\",\"url\":\"https:\\\/\\\/www.analoggwerz.com\\\/\",\"name\":\"Analog Gwerz\",\"description\":\"Pas besoin de neuf pour capturer l&#039;instant !\",\"publisher\":{\"@id\":\"https:\\\/\\\/www.analoggwerz.com\\\/#organization\"},\"potentialAction\":[{\"@type\":\"SearchAction\",\"target\":{\"@type\":\"EntryPoint\",\"urlTemplate\":\"https:\\\/\\\/www.analoggwerz.com\\\/?s={search_term_string}\"},\"query-input\":{\"@type\":\"PropertyValueSpecification\",\"valueRequired\":true,\"valueName\":\"search_term_string\"}}],\"inLanguage\":\"en-US\"},{\"@type\":\"Organization\",\"@id\":\"https:\\\/\\\/www.analoggwerz.com\\\/#organization\",\"name\":\"Analog Gwerz\",\"url\":\"https:\\\/\\\/www.analoggwerz.com\\\/\",\"logo\":{\"@type\":\"ImageObject\",\"inLanguage\":\"en-US\",\"@id\":\"https:\\\/\\\/www.analoggwerz.com\\\/#\\\/schema\\\/logo\\\/image\\\/\",\"url\":\"https:\\\/\\\/www.analoggwerz.com\\\/wp-content\\\/uploads\\\/2025\\\/10\\\/000-LOGO-ANALOG-GWERZ-NOIR-1.png\",\"contentUrl\":\"https:\\\/\\\/www.analoggwerz.com\\\/wp-content\\\/uploads\\\/2025\\\/10\\\/000-LOGO-ANALOG-GWERZ-NOIR-1.png\",\"width\":800,\"height\":407,\"caption\":\"Analog Gwerz\"},\"image\":{\"@id\":\"https:\\\/\\\/www.analoggwerz.com\\\/#\\\/schema\\\/logo\\\/image\\\/\"},\"sameAs\":[\"https:\\\/\\\/www.instagram.com\\\/analog_gwerz\\\/\",\"https:\\\/\\\/www.tiktok.com\\\/@analog_gwerz\"]}]}<\/script>\n<!-- \/ Yoast SEO plugin. -->","yoast_head_json":{"title":"Vivitar 200mm f\/3.5 Auto Telephoto \u2013 Monture Canon FD - Noir est disponible sur la boutique !","description":"Cliquez ici pour d\u00e9couvrir Vivitar 200mm f\/3.5 Auto Telephoto \u2013 Monture Canon FD - Noir sur la boutique.","robots":{"index":"index","follow":"follow","max-snippet":"max-snippet:-1","max-image-preview":"max-image-preview:large","max-video-preview":"max-video-preview:-1"},"canonical":"https:\/\/www.analoggwerz.com\/en\/product\/vivitar-200mm-f-3-5-auto-telephoto-monture-canon-fd\/","og_locale":"en_US","og_type":"article","og_title":"Vivitar 200mm f\/3.5 Auto Telephoto \u2013 Monture Canon FD - Noir est disponible sur la boutique !","og_description":"Cliquez ici pour d\u00e9couvrir Vivitar 200mm f\/3.5 Auto Telephoto \u2013 Monture Canon FD - Noir sur la boutique.","og_url":"https:\/\/www.analoggwerz.com\/en\/product\/vivitar-200mm-f-3-5-auto-telephoto-monture-canon-fd\/","og_site_name":"Analog Gwerz","article_modified_time":"2026-03-26T21:59:30+00:00","og_image":[{"width":2560,"height":1920,"url":"https:\/\/www.analoggwerz.com\/wp-content\/uploads\/2025\/07\/img_1718-scaled.jpeg","type":"image\/jpeg"}],"twitter_card":"summary_large_image","twitter_misc":{"Est. reading time":"1 minute"},"schema":{"@context":"https:\/\/schema.org","@graph":[{"@type":"WebPage","@id":"https:\/\/www.analoggwerz.com\/produit\/vivitar-200mm-f-3-5-auto-telephoto-monture-canon-fd\/","url":"https:\/\/www.analoggwerz.com\/produit\/vivitar-200mm-f-3-5-auto-telephoto-monture-canon-fd\/","name":"Vivitar 200mm f\/3.5 Auto Telephoto \u2013 Monture Canon FD - Noir est disponible sur la boutique !","isPartOf":{"@id":"https:\/\/www.analoggwerz.com\/#website"},"primaryImageOfPage":{"@id":"https:\/\/www.analoggwerz.com\/produit\/vivitar-200mm-f-3-5-auto-telephoto-monture-canon-fd\/#primaryimage"},"image":{"@id":"https:\/\/www.analoggwerz.com\/produit\/vivitar-200mm-f-3-5-auto-telephoto-monture-canon-fd\/#primaryimage"},"thumbnailUrl":"https:\/\/www.analoggwerz.com\/wp-content\/uploads\/2025\/07\/img_1718-scaled.jpeg","datePublished":"2025-07-27T16:53:02+00:00","dateModified":"2026-03-26T21:59:30+00:00","description":"Cliquez ici pour d\u00e9couvrir Vivitar 200mm f\/3.5 Auto Telephoto \u2013 Monture Canon FD - Noir sur la boutique.","breadcrumb":{"@id":"https:\/\/www.analoggwerz.com\/produit\/vivitar-200mm-f-3-5-auto-telephoto-monture-canon-fd\/#breadcrumb"},"inLanguage":"en-US","potentialAction":[{"@type":"ReadAction","target":["https:\/\/www.analoggwerz.com\/produit\/vivitar-200mm-f-3-5-auto-telephoto-monture-canon-fd\/"]}]},{"@type":"ImageObject","inLanguage":"en-US","@id":"https:\/\/www.analoggwerz.com\/produit\/vivitar-200mm-f-3-5-auto-telephoto-monture-canon-fd\/#primaryimage","url":"https:\/\/www.analoggwerz.com\/wp-content\/uploads\/2025\/07\/img_1718-scaled.jpeg","contentUrl":"https:\/\/www.analoggwerz.com\/wp-content\/uploads\/2025\/07\/img_1718-scaled.jpeg","width":2560,"height":1920},{"@type":"BreadcrumbList","@id":"https:\/\/www.analoggwerz.com\/produit\/vivitar-200mm-f-3-5-auto-telephoto-monture-canon-fd\/#breadcrumb","itemListElement":[{"@type":"ListItem","position":1,"name":"Accueil","item":"https:\/\/www.analoggwerz.com\/"},{"@type":"ListItem","position":2,"name":"Boutique","item":"https:\/\/www.analoggwerz.com\/shop\/"},{"@type":"ListItem","position":3,"name":"Vivitar 200mm f\/3.5 Auto Telephoto \u2013 Monture Canon FD &#8211; Noir"}]},{"@type":"WebSite","@id":"https:\/\/www.analoggwerz.com\/#website","url":"https:\/\/www.analoggwerz.com\/","name":"Analog Gwerz","description":"Pas besoin de neuf pour capturer l&#039;instant !","publisher":{"@id":"https:\/\/www.analoggwerz.com\/#organization"},"potentialAction":[{"@type":"SearchAction","target":{"@type":"EntryPoint","urlTemplate":"https:\/\/www.analoggwerz.com\/?s={search_term_string}"},"query-input":{"@type":"PropertyValueSpecification","valueRequired":true,"valueName":"search_term_string"}}],"inLanguage":"en-US"},{"@type":"Organization","@id":"https:\/\/www.analoggwerz.com\/#organization","name":"Analog Gwerz","url":"https:\/\/www.analoggwerz.com\/","logo":{"@type":"ImageObject","inLanguage":"en-US","@id":"https:\/\/www.analoggwerz.com\/#\/schema\/logo\/image\/","url":"https:\/\/www.analoggwerz.com\/wp-content\/uploads\/2025\/10\/000-LOGO-ANALOG-GWERZ-NOIR-1.png","contentUrl":"https:\/\/www.analoggwerz.com\/wp-content\/uploads\/2025\/10\/000-LOGO-ANALOG-GWERZ-NOIR-1.png","width":800,"height":407,"caption":"Analog Gwerz"},"image":{"@id":"https:\/\/www.analoggwerz.com\/#\/schema\/logo\/image\/"},"sameAs":["https:\/\/www.instagram.com\/analog_gwerz\/","https:\/\/www.tiktok.com\/@analog_gwerz"]}]}},"jetpack_sharing_enabled":true,"_links":{"self":[{"href":"https:\/\/www.analoggwerz.com\/en\/wp-json\/wp\/v2\/product\/7607","targetHints":{"allow":["GET"]}}],"collection":[{"href":"https:\/\/www.analoggwerz.com\/en\/wp-json\/wp\/v2\/product"}],"about":[{"href":"https:\/\/www.analoggwerz.com\/en\/wp-json\/wp\/v2\/types\/product"}],"wp:featuredmedia":[{"embeddable":true,"href":"https:\/\/www.analoggwerz.com\/en\/wp-json\/wp\/v2\/media\/7604"}],"wp:attachment":[{"href":"https:\/\/www.analoggwerz.com\/en\/wp-json\/wp\/v2\/media?parent=7607"}],"wp:term":[{"taxonomy":"product_brand","embeddable":true,"href":"https:\/\/www.analoggwerz.com\/en\/wp-json\/wp\/v2\/product_brand?post=7607"},{"taxonomy":"product_cat","embeddable":true,"href":"https:\/\/www.analoggwerz.com\/en\/wp-json\/wp\/v2\/product_cat?post=7607"},{"taxonomy":"product_tag","embeddable":true,"href":"https:\/\/www.analoggwerz.com\/en\/wp-json\/wp\/v2\/product_tag?post=7607"}],"curies":[{"name":"wp","href":"https:\/\/api.w.org\/{rel}","templated":true}]}}