{"id":7558,"date":"2025-07-27T16:27:17","date_gmt":"2025-07-27T16:27:17","guid":{"rendered":"https:\/\/www.analoggwerz.com\/produit\/olympus-om-system-zuiko-auto-zoom-35-70mm-f-3-5-4-5\/"},"modified":"2025-10-31T21:54:59","modified_gmt":"2025-10-31T21:54:59","slug":"olympus-om-system-zuiko-auto-zoom-35-70mm-f-3-5-4-5","status":"publish","type":"product","link":"https:\/\/www.analoggwerz.com\/en\/product\/olympus-om-system-zuiko-auto-zoom-35-70mm-f-3-5-4-5\/","title":{"rendered":"Olympus OM-System Zuiko Auto-Zoom 35\u201370mm f\/3.5\u20134.5"},"content":{"rendered":"<p>N\u2019h\u00e9sitez pas \u00e0 vous abonner \u00e0 mon Instagram (@analog_gwerz) si vous aimez la photo et les appareils. J\u2019y pr\u00e9sente r\u00e9guli\u00e8rement du mat\u00e9riel et des tests.<\/p>\n<p>\ud83d\udcf8 Objectif Olympus OM-System Zuiko Auto-Zoom 35\u201370mm f\/3.5\u20134.5<\/p>\n<p>Un zoom compact et polyvalent con\u00e7u pour les bo\u00eetiers Olympus OM. Parfait pour compl\u00e9ter un kit argentique ou s\u2019essayer au vintage sur un hybride gr\u00e2ce \u00e0 une bague d\u2019adaptation. L\u2019objectif couvre une plage focale tr\u00e8s pratique, du 35 mm pour du paysage au 70 mm id\u00e9al pour le portrait.<\/p>\n<p>\ud83d\udd0d Caract\u00e9ristiques :<\/p>\n<p>Focale : 35\u201370mm<\/p>\n<p>Ouverture : f\/3.5\u20134.5<\/p>\n<p>Monture : Olympus OM<\/p>\n<p>Mise au point manuelle fluide<\/p>\n<p>Zoom m\u00e9canique souple<\/p>\n<p>Construction Made in Japan<\/p>\n<p>Bague d\u2019ouverture de f\/3.5 \u00e0 f\/22<\/p>\n<p>Certifi\u00e9 \u201cJCP Passed\u201d<\/p>\n<p>\ud83e\uddf0 \u00c9tat :<\/p>\n<p>Lentilles tr\u00e8s propres, aucun champignon ou rayure notable<\/p>\n<p>Diaphragme r\u00e9actif et sec<\/p>\n<p>M\u00e9canique fluide, aucun point dur<\/p>\n<p>L\u00e9g\u00e8res traces d\u2019usage sur la monture, sans impact<\/p>\n<p>\ud83d\udca1 Id\u00e9al en photo de rue, portrait ou voyage. Un excellent compagnon des bo\u00eetiers OM-1, OM-10, OM-2, etc.<\/p>","protected":false},"excerpt":{"rendered":"<p>N\u2019h\u00e9sitez pas \u00e0 vous abonner \u00e0 mon Instagram (@analog_gwerz) si vous aimez la photo et les appareils. J\u2019y pr\u00e9sente r\u00e9guli\u00e8rement du mat\u00e9riel et des tests. \ud83d\udcf8 Objectif Olympus OM-System Zuiko Auto-Zoom 35\u201370mm f\/3.5\u20134.5 Un zoom compact et polyvalent con\u00e7u pour les bo\u00eetiers Olympus OM. Parfait pour compl\u00e9ter un kit argentique ou s\u2019essayer au vintage sur [&hellip;]<\/p>\n","protected":false},"featured_media":7556,"template":"","meta":[],"product_brand":[],"product_cat":[57,175],"product_tag":[],"class_list":{"0":"post-7558","1":"product","2":"type-product","3":"status-publish","4":"has-post-thumbnail","6":"product_cat-objectifs","7":"product_cat-objectifs-a-zoom","8":"pa_marque-olympus","10":"first","11":"outofstock","12":"purchasable","13":"product-type-simple"},"yoast_head":"<!-- This site is optimized with the Yoast SEO plugin v27.5 - https:\/\/yoast.com\/product\/yoast-seo-wordpress\/ -->\n<title>Olympus OM-System Zuiko Auto-Zoom 35\u201370mm f\/3.5\u20134.5 est disponible sur la boutique !<\/title>\n<meta name=\"description\" content=\"Cliquez ici pour d\u00e9couvrir Olympus OM-System Zuiko Auto-Zoom 35\u201370mm f\/3.5\u20134.5 sur la boutique.\" \/>\n<meta name=\"robots\" content=\"index, follow, max-snippet:-1, max-image-preview:large, max-video-preview:-1\" \/>\n<link rel=\"canonical\" href=\"https:\/\/www.analoggwerz.com\/en\/product\/olympus-om-system-zuiko-auto-zoom-35-70mm-f-3-5-4-5\/\" \/>\n<meta property=\"og:locale\" content=\"en_US\" \/>\n<meta property=\"og:type\" content=\"article\" \/>\n<meta property=\"og:title\" content=\"Olympus OM-System Zuiko Auto-Zoom 35\u201370mm f\/3.5\u20134.5 est disponible sur la boutique !\" \/>\n<meta property=\"og:description\" content=\"Cliquez ici pour d\u00e9couvrir Olympus OM-System Zuiko Auto-Zoom 35\u201370mm f\/3.5\u20134.5 sur la boutique.\" \/>\n<meta property=\"og:url\" content=\"https:\/\/www.analoggwerz.com\/en\/product\/olympus-om-system-zuiko-auto-zoom-35-70mm-f-3-5-4-5\/\" \/>\n<meta property=\"og:site_name\" content=\"Analog Gwerz\" \/>\n<meta property=\"article:modified_time\" content=\"2025-10-31T21:54:59+00:00\" \/>\n<meta property=\"og:image\" content=\"https:\/\/www.analoggwerz.com\/wp-content\/uploads\/2025\/07\/img_1779-scaled.jpeg\" \/>\n\t<meta property=\"og:image:width\" content=\"2560\" \/>\n\t<meta property=\"og:image:height\" content=\"1920\" \/>\n\t<meta property=\"og:image:type\" content=\"image\/jpeg\" \/>\n<meta name=\"twitter:card\" content=\"summary_large_image\" \/>\n<meta name=\"twitter:label1\" content=\"Est. reading time\" \/>\n\t<meta name=\"twitter:data1\" content=\"1 minute\" \/>\n<script type=\"application\/ld+json\" class=\"yoast-schema-graph\">{\"@context\":\"https:\\\/\\\/schema.org\",\"@graph\":[{\"@type\":\"WebPage\",\"@id\":\"https:\\\/\\\/www.analoggwerz.com\\\/produit\\\/olympus-om-system-zuiko-auto-zoom-35-70mm-f-3-5-4-5\\\/\",\"url\":\"https:\\\/\\\/www.analoggwerz.com\\\/produit\\\/olympus-om-system-zuiko-auto-zoom-35-70mm-f-3-5-4-5\\\/\",\"name\":\"Olympus OM-System Zuiko Auto-Zoom 35\u201370mm f\\\/3.5\u20134.5 est disponible sur la boutique !\",\"isPartOf\":{\"@id\":\"https:\\\/\\\/www.analoggwerz.com\\\/#website\"},\"primaryImageOfPage\":{\"@id\":\"https:\\\/\\\/www.analoggwerz.com\\\/produit\\\/olympus-om-system-zuiko-auto-zoom-35-70mm-f-3-5-4-5\\\/#primaryimage\"},\"image\":{\"@id\":\"https:\\\/\\\/www.analoggwerz.com\\\/produit\\\/olympus-om-system-zuiko-auto-zoom-35-70mm-f-3-5-4-5\\\/#primaryimage\"},\"thumbnailUrl\":\"https:\\\/\\\/www.analoggwerz.com\\\/wp-content\\\/uploads\\\/2025\\\/07\\\/img_1779-scaled.jpeg\",\"datePublished\":\"2025-07-27T16:27:17+00:00\",\"dateModified\":\"2025-10-31T21:54:59+00:00\",\"description\":\"Cliquez ici pour d\u00e9couvrir Olympus OM-System Zuiko Auto-Zoom 35\u201370mm f\\\/3.5\u20134.5 sur la boutique.\",\"breadcrumb\":{\"@id\":\"https:\\\/\\\/www.analoggwerz.com\\\/produit\\\/olympus-om-system-zuiko-auto-zoom-35-70mm-f-3-5-4-5\\\/#breadcrumb\"},\"inLanguage\":\"en-US\",\"potentialAction\":[{\"@type\":\"ReadAction\",\"target\":[\"https:\\\/\\\/www.analoggwerz.com\\\/produit\\\/olympus-om-system-zuiko-auto-zoom-35-70mm-f-3-5-4-5\\\/\"]}]},{\"@type\":\"ImageObject\",\"inLanguage\":\"en-US\",\"@id\":\"https:\\\/\\\/www.analoggwerz.com\\\/produit\\\/olympus-om-system-zuiko-auto-zoom-35-70mm-f-3-5-4-5\\\/#primaryimage\",\"url\":\"https:\\\/\\\/www.analoggwerz.com\\\/wp-content\\\/uploads\\\/2025\\\/07\\\/img_1779-scaled.jpeg\",\"contentUrl\":\"https:\\\/\\\/www.analoggwerz.com\\\/wp-content\\\/uploads\\\/2025\\\/07\\\/img_1779-scaled.jpeg\",\"width\":2560,\"height\":1920},{\"@type\":\"BreadcrumbList\",\"@id\":\"https:\\\/\\\/www.analoggwerz.com\\\/produit\\\/olympus-om-system-zuiko-auto-zoom-35-70mm-f-3-5-4-5\\\/#breadcrumb\",\"itemListElement\":[{\"@type\":\"ListItem\",\"position\":1,\"name\":\"Accueil\",\"item\":\"https:\\\/\\\/www.analoggwerz.com\\\/\"},{\"@type\":\"ListItem\",\"position\":2,\"name\":\"Boutique\",\"item\":\"https:\\\/\\\/www.analoggwerz.com\\\/shop\\\/\"},{\"@type\":\"ListItem\",\"position\":3,\"name\":\"Olympus OM-System Zuiko Auto-Zoom 35\u201370mm f\\\/3.5\u20134.5\"}]},{\"@type\":\"WebSite\",\"@id\":\"https:\\\/\\\/www.analoggwerz.com\\\/#website\",\"url\":\"https:\\\/\\\/www.analoggwerz.com\\\/\",\"name\":\"Analog Gwerz\",\"description\":\"Pas besoin de neuf pour capturer l&#039;instant !\",\"publisher\":{\"@id\":\"https:\\\/\\\/www.analoggwerz.com\\\/#organization\"},\"potentialAction\":[{\"@type\":\"SearchAction\",\"target\":{\"@type\":\"EntryPoint\",\"urlTemplate\":\"https:\\\/\\\/www.analoggwerz.com\\\/?s={search_term_string}\"},\"query-input\":{\"@type\":\"PropertyValueSpecification\",\"valueRequired\":true,\"valueName\":\"search_term_string\"}}],\"inLanguage\":\"en-US\"},{\"@type\":\"Organization\",\"@id\":\"https:\\\/\\\/www.analoggwerz.com\\\/#organization\",\"name\":\"Analog Gwerz\",\"url\":\"https:\\\/\\\/www.analoggwerz.com\\\/\",\"logo\":{\"@type\":\"ImageObject\",\"inLanguage\":\"en-US\",\"@id\":\"https:\\\/\\\/www.analoggwerz.com\\\/#\\\/schema\\\/logo\\\/image\\\/\",\"url\":\"https:\\\/\\\/www.analoggwerz.com\\\/wp-content\\\/uploads\\\/2025\\\/10\\\/000-LOGO-ANALOG-GWERZ-NOIR-1.png\",\"contentUrl\":\"https:\\\/\\\/www.analoggwerz.com\\\/wp-content\\\/uploads\\\/2025\\\/10\\\/000-LOGO-ANALOG-GWERZ-NOIR-1.png\",\"width\":800,\"height\":407,\"caption\":\"Analog Gwerz\"},\"image\":{\"@id\":\"https:\\\/\\\/www.analoggwerz.com\\\/#\\\/schema\\\/logo\\\/image\\\/\"},\"sameAs\":[\"https:\\\/\\\/www.instagram.com\\\/analog_gwerz\\\/\",\"https:\\\/\\\/www.tiktok.com\\\/@analog_gwerz\"]}]}<\/script>\n<!-- \/ Yoast SEO plugin. -->","yoast_head_json":{"title":"Olympus OM-System Zuiko Auto-Zoom 35\u201370mm f\/3.5\u20134.5 est disponible sur la boutique !","description":"Cliquez ici pour d\u00e9couvrir Olympus OM-System Zuiko Auto-Zoom 35\u201370mm f\/3.5\u20134.5 sur la boutique.","robots":{"index":"index","follow":"follow","max-snippet":"max-snippet:-1","max-image-preview":"max-image-preview:large","max-video-preview":"max-video-preview:-1"},"canonical":"https:\/\/www.analoggwerz.com\/en\/product\/olympus-om-system-zuiko-auto-zoom-35-70mm-f-3-5-4-5\/","og_locale":"en_US","og_type":"article","og_title":"Olympus OM-System Zuiko Auto-Zoom 35\u201370mm f\/3.5\u20134.5 est disponible sur la boutique !","og_description":"Cliquez ici pour d\u00e9couvrir Olympus OM-System Zuiko Auto-Zoom 35\u201370mm f\/3.5\u20134.5 sur la boutique.","og_url":"https:\/\/www.analoggwerz.com\/en\/product\/olympus-om-system-zuiko-auto-zoom-35-70mm-f-3-5-4-5\/","og_site_name":"Analog Gwerz","article_modified_time":"2025-10-31T21:54:59+00:00","og_image":[{"width":2560,"height":1920,"url":"https:\/\/www.analoggwerz.com\/wp-content\/uploads\/2025\/07\/img_1779-scaled.jpeg","type":"image\/jpeg"}],"twitter_card":"summary_large_image","twitter_misc":{"Est. reading time":"1 minute"},"schema":{"@context":"https:\/\/schema.org","@graph":[{"@type":"WebPage","@id":"https:\/\/www.analoggwerz.com\/produit\/olympus-om-system-zuiko-auto-zoom-35-70mm-f-3-5-4-5\/","url":"https:\/\/www.analoggwerz.com\/produit\/olympus-om-system-zuiko-auto-zoom-35-70mm-f-3-5-4-5\/","name":"Olympus OM-System Zuiko Auto-Zoom 35\u201370mm f\/3.5\u20134.5 est disponible sur la boutique !","isPartOf":{"@id":"https:\/\/www.analoggwerz.com\/#website"},"primaryImageOfPage":{"@id":"https:\/\/www.analoggwerz.com\/produit\/olympus-om-system-zuiko-auto-zoom-35-70mm-f-3-5-4-5\/#primaryimage"},"image":{"@id":"https:\/\/www.analoggwerz.com\/produit\/olympus-om-system-zuiko-auto-zoom-35-70mm-f-3-5-4-5\/#primaryimage"},"thumbnailUrl":"https:\/\/www.analoggwerz.com\/wp-content\/uploads\/2025\/07\/img_1779-scaled.jpeg","datePublished":"2025-07-27T16:27:17+00:00","dateModified":"2025-10-31T21:54:59+00:00","description":"Cliquez ici pour d\u00e9couvrir Olympus OM-System Zuiko Auto-Zoom 35\u201370mm f\/3.5\u20134.5 sur la boutique.","breadcrumb":{"@id":"https:\/\/www.analoggwerz.com\/produit\/olympus-om-system-zuiko-auto-zoom-35-70mm-f-3-5-4-5\/#breadcrumb"},"inLanguage":"en-US","potentialAction":[{"@type":"ReadAction","target":["https:\/\/www.analoggwerz.com\/produit\/olympus-om-system-zuiko-auto-zoom-35-70mm-f-3-5-4-5\/"]}]},{"@type":"ImageObject","inLanguage":"en-US","@id":"https:\/\/www.analoggwerz.com\/produit\/olympus-om-system-zuiko-auto-zoom-35-70mm-f-3-5-4-5\/#primaryimage","url":"https:\/\/www.analoggwerz.com\/wp-content\/uploads\/2025\/07\/img_1779-scaled.jpeg","contentUrl":"https:\/\/www.analoggwerz.com\/wp-content\/uploads\/2025\/07\/img_1779-scaled.jpeg","width":2560,"height":1920},{"@type":"BreadcrumbList","@id":"https:\/\/www.analoggwerz.com\/produit\/olympus-om-system-zuiko-auto-zoom-35-70mm-f-3-5-4-5\/#breadcrumb","itemListElement":[{"@type":"ListItem","position":1,"name":"Accueil","item":"https:\/\/www.analoggwerz.com\/"},{"@type":"ListItem","position":2,"name":"Boutique","item":"https:\/\/www.analoggwerz.com\/shop\/"},{"@type":"ListItem","position":3,"name":"Olympus OM-System Zuiko Auto-Zoom 35\u201370mm f\/3.5\u20134.5"}]},{"@type":"WebSite","@id":"https:\/\/www.analoggwerz.com\/#website","url":"https:\/\/www.analoggwerz.com\/","name":"Analog Gwerz","description":"Pas besoin de neuf pour capturer l&#039;instant !","publisher":{"@id":"https:\/\/www.analoggwerz.com\/#organization"},"potentialAction":[{"@type":"SearchAction","target":{"@type":"EntryPoint","urlTemplate":"https:\/\/www.analoggwerz.com\/?s={search_term_string}"},"query-input":{"@type":"PropertyValueSpecification","valueRequired":true,"valueName":"search_term_string"}}],"inLanguage":"en-US"},{"@type":"Organization","@id":"https:\/\/www.analoggwerz.com\/#organization","name":"Analog Gwerz","url":"https:\/\/www.analoggwerz.com\/","logo":{"@type":"ImageObject","inLanguage":"en-US","@id":"https:\/\/www.analoggwerz.com\/#\/schema\/logo\/image\/","url":"https:\/\/www.analoggwerz.com\/wp-content\/uploads\/2025\/10\/000-LOGO-ANALOG-GWERZ-NOIR-1.png","contentUrl":"https:\/\/www.analoggwerz.com\/wp-content\/uploads\/2025\/10\/000-LOGO-ANALOG-GWERZ-NOIR-1.png","width":800,"height":407,"caption":"Analog Gwerz"},"image":{"@id":"https:\/\/www.analoggwerz.com\/#\/schema\/logo\/image\/"},"sameAs":["https:\/\/www.instagram.com\/analog_gwerz\/","https:\/\/www.tiktok.com\/@analog_gwerz"]}]}},"jetpack_sharing_enabled":true,"_links":{"self":[{"href":"https:\/\/www.analoggwerz.com\/en\/wp-json\/wp\/v2\/product\/7558","targetHints":{"allow":["GET"]}}],"collection":[{"href":"https:\/\/www.analoggwerz.com\/en\/wp-json\/wp\/v2\/product"}],"about":[{"href":"https:\/\/www.analoggwerz.com\/en\/wp-json\/wp\/v2\/types\/product"}],"wp:featuredmedia":[{"embeddable":true,"href":"https:\/\/www.analoggwerz.com\/en\/wp-json\/wp\/v2\/media\/7556"}],"wp:attachment":[{"href":"https:\/\/www.analoggwerz.com\/en\/wp-json\/wp\/v2\/media?parent=7558"}],"wp:term":[{"taxonomy":"product_brand","embeddable":true,"href":"https:\/\/www.analoggwerz.com\/en\/wp-json\/wp\/v2\/product_brand?post=7558"},{"taxonomy":"product_cat","embeddable":true,"href":"https:\/\/www.analoggwerz.com\/en\/wp-json\/wp\/v2\/product_cat?post=7558"},{"taxonomy":"product_tag","embeddable":true,"href":"https:\/\/www.analoggwerz.com\/en\/wp-json\/wp\/v2\/product_tag?post=7558"}],"curies":[{"name":"wp","href":"https:\/\/api.w.org\/{rel}","templated":true}]}}