{"id":7533,"date":"2025-07-27T16:08:22","date_gmt":"2025-07-27T16:08:22","guid":{"rendered":"https:\/\/www.analoggwerz.com\/produit\/canon-fd-50mm-f-1-4-ssc\/"},"modified":"2025-10-31T21:54:59","modified_gmt":"2025-10-31T21:54:59","slug":"canon-fd-50mm-f-1-4-ssc","status":"publish","type":"product","link":"https:\/\/www.analoggwerz.com\/en\/product\/canon-fd-50mm-f-1-4-ssc\/","title":{"rendered":"Canon FD 50mm f\/1.4 SSC"},"content":{"rendered":"<p>\ud83d\udcf8 N\u2019h\u00e9sitez pas \u00e0 vous abonner \u00e0 mon Instagram (@analog_gwerz) si vous aimez la photo et les appareils.<\/p>\n<p>\ud83d\udd39 Canon FD 50mm f\/1.4 SSC<\/p>\n<p>Objectif lumineux et r\u00e9put\u00e9 de la gamme FD, id\u00e9al pour les amateurs de photo argentique ou les utilisateurs d\u2019adaptateurs sur hybrides. Construction robuste typique de Canon, version SSC (Super Spectra Coating) pour un meilleur traitement des reflets et du contraste.<\/p>\n<p>\ud83d\udd0d Caract\u00e9ristiques :<\/p>\n<p>\u2022 Monture : Canon FD<\/p>\n<p>\u2022 Focale fixe : 50 mm<\/p>\n<p>\u2022 Ouverture maximale : f\/1.4<\/p>\n<p>\u2022 Mise au point manuelle<\/p>\n<p>\u2022 Traitement SSC (Super Spectra Coating)<\/p>\n<p>\u2022 Diam\u00e8tre de filtre : 55 mm<\/p>\n<p>\ud83d\udce6 \u00c9tat :<\/p>\n<p>Lentilles en bon \u00e9tat g\u00e9n\u00e9ral malgr\u00e9 des traces visibles (voir photos). Pas d\u2019impact sur les photos lors de mes tests. Bagues fluides, monture propre.<\/p>\n<p>\ud83e\uddf0 Accessoires :<\/p>\n<p>\u2022 Bouchons avant et arri\u00e8re fournis<\/p>\n<p>\ud83d\udca1 Compatible avec tous les bo\u00eetiers Canon FD (AE-1, A-1, FTb, etc.) ou avec adaptateur sur Sony, Fuji, Panasonic, etc.<\/p>\n<p>\ud83d\udcb6 Prix pro estim\u00e9 : Environ 100 \u00e0 120\u20ac selon l\u2019\u00e9tat<\/p>\n<p>\ud83d\udcf8 Les photos sont contractuelles \u2014 vous achetez ce que vous voyez. Tous les produits sont test\u00e9s et fonctionnels.<\/p>","protected":false},"excerpt":{"rendered":"<p>\ud83d\udcf8 N\u2019h\u00e9sitez pas \u00e0 vous abonner \u00e0 mon Instagram (@analog_gwerz) si vous aimez la photo et les appareils. \ud83d\udd39 Canon FD 50mm f\/1.4 SSC Objectif lumineux et r\u00e9put\u00e9 de la gamme FD, id\u00e9al pour les amateurs de photo argentique ou les utilisateurs d\u2019adaptateurs sur hybrides. Construction robuste typique de Canon, version SSC (Super Spectra Coating) [&hellip;]<\/p>\n","protected":false},"featured_media":7531,"template":"","meta":[],"product_brand":[],"product_cat":[57,174],"product_tag":[],"class_list":{"0":"post-7533","1":"product","2":"type-product","3":"status-publish","4":"has-post-thumbnail","6":"product_cat-objectifs","7":"product_cat-objectifs-a-focale-fixe","8":"pa_marque-canon","10":"first","11":"outofstock","12":"purchasable","13":"product-type-simple"},"yoast_head":"<!-- This site is optimized with the Yoast SEO plugin v27.5 - https:\/\/yoast.com\/product\/yoast-seo-wordpress\/ -->\n<title>Canon FD 50mm f\/1.4 SSC est disponible sur la boutique !<\/title>\n<meta name=\"description\" content=\"Cliquez ici pour d\u00e9couvrir Canon FD 50mm f\/1.4 SSC sur la boutique.\" \/>\n<meta name=\"robots\" content=\"index, follow, max-snippet:-1, max-image-preview:large, max-video-preview:-1\" \/>\n<link rel=\"canonical\" href=\"https:\/\/www.analoggwerz.com\/en\/product\/canon-fd-50mm-f-1-4-ssc\/\" \/>\n<meta property=\"og:locale\" content=\"en_US\" \/>\n<meta property=\"og:type\" content=\"article\" \/>\n<meta property=\"og:title\" content=\"Canon FD 50mm f\/1.4 SSC est disponible sur la boutique !\" \/>\n<meta property=\"og:description\" content=\"Cliquez ici pour d\u00e9couvrir Canon FD 50mm f\/1.4 SSC sur la boutique.\" \/>\n<meta property=\"og:url\" content=\"https:\/\/www.analoggwerz.com\/en\/product\/canon-fd-50mm-f-1-4-ssc\/\" \/>\n<meta property=\"og:site_name\" content=\"Analog Gwerz\" \/>\n<meta property=\"article:modified_time\" content=\"2025-10-31T21:54:59+00:00\" \/>\n<meta property=\"og:image\" content=\"https:\/\/www.analoggwerz.com\/wp-content\/uploads\/2025\/07\/img_1804-scaled.jpeg\" \/>\n\t<meta property=\"og:image:width\" content=\"2560\" \/>\n\t<meta property=\"og:image:height\" content=\"1920\" \/>\n\t<meta property=\"og:image:type\" content=\"image\/jpeg\" \/>\n<meta name=\"twitter:card\" content=\"summary_large_image\" \/>\n<meta name=\"twitter:label1\" content=\"Est. reading time\" \/>\n\t<meta name=\"twitter:data1\" content=\"1 minute\" \/>\n<script type=\"application\/ld+json\" class=\"yoast-schema-graph\">{\"@context\":\"https:\\\/\\\/schema.org\",\"@graph\":[{\"@type\":\"WebPage\",\"@id\":\"https:\\\/\\\/www.analoggwerz.com\\\/produit\\\/canon-fd-50mm-f-1-4-ssc\\\/\",\"url\":\"https:\\\/\\\/www.analoggwerz.com\\\/produit\\\/canon-fd-50mm-f-1-4-ssc\\\/\",\"name\":\"Canon FD 50mm f\\\/1.4 SSC est disponible sur la boutique !\",\"isPartOf\":{\"@id\":\"https:\\\/\\\/www.analoggwerz.com\\\/#website\"},\"primaryImageOfPage\":{\"@id\":\"https:\\\/\\\/www.analoggwerz.com\\\/produit\\\/canon-fd-50mm-f-1-4-ssc\\\/#primaryimage\"},\"image\":{\"@id\":\"https:\\\/\\\/www.analoggwerz.com\\\/produit\\\/canon-fd-50mm-f-1-4-ssc\\\/#primaryimage\"},\"thumbnailUrl\":\"https:\\\/\\\/www.analoggwerz.com\\\/wp-content\\\/uploads\\\/2025\\\/07\\\/img_1804-scaled.jpeg\",\"datePublished\":\"2025-07-27T16:08:22+00:00\",\"dateModified\":\"2025-10-31T21:54:59+00:00\",\"description\":\"Cliquez ici pour d\u00e9couvrir Canon FD 50mm f\\\/1.4 SSC sur la boutique.\",\"breadcrumb\":{\"@id\":\"https:\\\/\\\/www.analoggwerz.com\\\/produit\\\/canon-fd-50mm-f-1-4-ssc\\\/#breadcrumb\"},\"inLanguage\":\"en-US\",\"potentialAction\":[{\"@type\":\"ReadAction\",\"target\":[\"https:\\\/\\\/www.analoggwerz.com\\\/produit\\\/canon-fd-50mm-f-1-4-ssc\\\/\"]}]},{\"@type\":\"ImageObject\",\"inLanguage\":\"en-US\",\"@id\":\"https:\\\/\\\/www.analoggwerz.com\\\/produit\\\/canon-fd-50mm-f-1-4-ssc\\\/#primaryimage\",\"url\":\"https:\\\/\\\/www.analoggwerz.com\\\/wp-content\\\/uploads\\\/2025\\\/07\\\/img_1804-scaled.jpeg\",\"contentUrl\":\"https:\\\/\\\/www.analoggwerz.com\\\/wp-content\\\/uploads\\\/2025\\\/07\\\/img_1804-scaled.jpeg\",\"width\":2560,\"height\":1920},{\"@type\":\"BreadcrumbList\",\"@id\":\"https:\\\/\\\/www.analoggwerz.com\\\/produit\\\/canon-fd-50mm-f-1-4-ssc\\\/#breadcrumb\",\"itemListElement\":[{\"@type\":\"ListItem\",\"position\":1,\"name\":\"Accueil\",\"item\":\"https:\\\/\\\/www.analoggwerz.com\\\/\"},{\"@type\":\"ListItem\",\"position\":2,\"name\":\"Boutique\",\"item\":\"https:\\\/\\\/www.analoggwerz.com\\\/shop\\\/\"},{\"@type\":\"ListItem\",\"position\":3,\"name\":\"Canon FD 50mm f\\\/1.4 SSC\"}]},{\"@type\":\"WebSite\",\"@id\":\"https:\\\/\\\/www.analoggwerz.com\\\/#website\",\"url\":\"https:\\\/\\\/www.analoggwerz.com\\\/\",\"name\":\"Analog Gwerz\",\"description\":\"Pas besoin de neuf pour capturer l&#039;instant !\",\"publisher\":{\"@id\":\"https:\\\/\\\/www.analoggwerz.com\\\/#organization\"},\"potentialAction\":[{\"@type\":\"SearchAction\",\"target\":{\"@type\":\"EntryPoint\",\"urlTemplate\":\"https:\\\/\\\/www.analoggwerz.com\\\/?s={search_term_string}\"},\"query-input\":{\"@type\":\"PropertyValueSpecification\",\"valueRequired\":true,\"valueName\":\"search_term_string\"}}],\"inLanguage\":\"en-US\"},{\"@type\":\"Organization\",\"@id\":\"https:\\\/\\\/www.analoggwerz.com\\\/#organization\",\"name\":\"Analog Gwerz\",\"url\":\"https:\\\/\\\/www.analoggwerz.com\\\/\",\"logo\":{\"@type\":\"ImageObject\",\"inLanguage\":\"en-US\",\"@id\":\"https:\\\/\\\/www.analoggwerz.com\\\/#\\\/schema\\\/logo\\\/image\\\/\",\"url\":\"https:\\\/\\\/www.analoggwerz.com\\\/wp-content\\\/uploads\\\/2025\\\/10\\\/000-LOGO-ANALOG-GWERZ-NOIR-1.png\",\"contentUrl\":\"https:\\\/\\\/www.analoggwerz.com\\\/wp-content\\\/uploads\\\/2025\\\/10\\\/000-LOGO-ANALOG-GWERZ-NOIR-1.png\",\"width\":800,\"height\":407,\"caption\":\"Analog Gwerz\"},\"image\":{\"@id\":\"https:\\\/\\\/www.analoggwerz.com\\\/#\\\/schema\\\/logo\\\/image\\\/\"},\"sameAs\":[\"https:\\\/\\\/www.instagram.com\\\/analog_gwerz\\\/\",\"https:\\\/\\\/www.tiktok.com\\\/@analog_gwerz\"]}]}<\/script>\n<!-- \/ Yoast SEO plugin. -->","yoast_head_json":{"title":"Canon FD 50mm f\/1.4 SSC est disponible sur la boutique !","description":"Cliquez ici pour d\u00e9couvrir Canon FD 50mm f\/1.4 SSC sur la boutique.","robots":{"index":"index","follow":"follow","max-snippet":"max-snippet:-1","max-image-preview":"max-image-preview:large","max-video-preview":"max-video-preview:-1"},"canonical":"https:\/\/www.analoggwerz.com\/en\/product\/canon-fd-50mm-f-1-4-ssc\/","og_locale":"en_US","og_type":"article","og_title":"Canon FD 50mm f\/1.4 SSC est disponible sur la boutique !","og_description":"Cliquez ici pour d\u00e9couvrir Canon FD 50mm f\/1.4 SSC sur la boutique.","og_url":"https:\/\/www.analoggwerz.com\/en\/product\/canon-fd-50mm-f-1-4-ssc\/","og_site_name":"Analog Gwerz","article_modified_time":"2025-10-31T21:54:59+00:00","og_image":[{"width":2560,"height":1920,"url":"https:\/\/www.analoggwerz.com\/wp-content\/uploads\/2025\/07\/img_1804-scaled.jpeg","type":"image\/jpeg"}],"twitter_card":"summary_large_image","twitter_misc":{"Est. reading time":"1 minute"},"schema":{"@context":"https:\/\/schema.org","@graph":[{"@type":"WebPage","@id":"https:\/\/www.analoggwerz.com\/produit\/canon-fd-50mm-f-1-4-ssc\/","url":"https:\/\/www.analoggwerz.com\/produit\/canon-fd-50mm-f-1-4-ssc\/","name":"Canon FD 50mm f\/1.4 SSC est disponible sur la boutique !","isPartOf":{"@id":"https:\/\/www.analoggwerz.com\/#website"},"primaryImageOfPage":{"@id":"https:\/\/www.analoggwerz.com\/produit\/canon-fd-50mm-f-1-4-ssc\/#primaryimage"},"image":{"@id":"https:\/\/www.analoggwerz.com\/produit\/canon-fd-50mm-f-1-4-ssc\/#primaryimage"},"thumbnailUrl":"https:\/\/www.analoggwerz.com\/wp-content\/uploads\/2025\/07\/img_1804-scaled.jpeg","datePublished":"2025-07-27T16:08:22+00:00","dateModified":"2025-10-31T21:54:59+00:00","description":"Cliquez ici pour d\u00e9couvrir Canon FD 50mm f\/1.4 SSC sur la boutique.","breadcrumb":{"@id":"https:\/\/www.analoggwerz.com\/produit\/canon-fd-50mm-f-1-4-ssc\/#breadcrumb"},"inLanguage":"en-US","potentialAction":[{"@type":"ReadAction","target":["https:\/\/www.analoggwerz.com\/produit\/canon-fd-50mm-f-1-4-ssc\/"]}]},{"@type":"ImageObject","inLanguage":"en-US","@id":"https:\/\/www.analoggwerz.com\/produit\/canon-fd-50mm-f-1-4-ssc\/#primaryimage","url":"https:\/\/www.analoggwerz.com\/wp-content\/uploads\/2025\/07\/img_1804-scaled.jpeg","contentUrl":"https:\/\/www.analoggwerz.com\/wp-content\/uploads\/2025\/07\/img_1804-scaled.jpeg","width":2560,"height":1920},{"@type":"BreadcrumbList","@id":"https:\/\/www.analoggwerz.com\/produit\/canon-fd-50mm-f-1-4-ssc\/#breadcrumb","itemListElement":[{"@type":"ListItem","position":1,"name":"Accueil","item":"https:\/\/www.analoggwerz.com\/"},{"@type":"ListItem","position":2,"name":"Boutique","item":"https:\/\/www.analoggwerz.com\/shop\/"},{"@type":"ListItem","position":3,"name":"Canon FD 50mm f\/1.4 SSC"}]},{"@type":"WebSite","@id":"https:\/\/www.analoggwerz.com\/#website","url":"https:\/\/www.analoggwerz.com\/","name":"Analog Gwerz","description":"Pas besoin de neuf pour capturer l&#039;instant !","publisher":{"@id":"https:\/\/www.analoggwerz.com\/#organization"},"potentialAction":[{"@type":"SearchAction","target":{"@type":"EntryPoint","urlTemplate":"https:\/\/www.analoggwerz.com\/?s={search_term_string}"},"query-input":{"@type":"PropertyValueSpecification","valueRequired":true,"valueName":"search_term_string"}}],"inLanguage":"en-US"},{"@type":"Organization","@id":"https:\/\/www.analoggwerz.com\/#organization","name":"Analog Gwerz","url":"https:\/\/www.analoggwerz.com\/","logo":{"@type":"ImageObject","inLanguage":"en-US","@id":"https:\/\/www.analoggwerz.com\/#\/schema\/logo\/image\/","url":"https:\/\/www.analoggwerz.com\/wp-content\/uploads\/2025\/10\/000-LOGO-ANALOG-GWERZ-NOIR-1.png","contentUrl":"https:\/\/www.analoggwerz.com\/wp-content\/uploads\/2025\/10\/000-LOGO-ANALOG-GWERZ-NOIR-1.png","width":800,"height":407,"caption":"Analog Gwerz"},"image":{"@id":"https:\/\/www.analoggwerz.com\/#\/schema\/logo\/image\/"},"sameAs":["https:\/\/www.instagram.com\/analog_gwerz\/","https:\/\/www.tiktok.com\/@analog_gwerz"]}]}},"jetpack_sharing_enabled":true,"_links":{"self":[{"href":"https:\/\/www.analoggwerz.com\/en\/wp-json\/wp\/v2\/product\/7533","targetHints":{"allow":["GET"]}}],"collection":[{"href":"https:\/\/www.analoggwerz.com\/en\/wp-json\/wp\/v2\/product"}],"about":[{"href":"https:\/\/www.analoggwerz.com\/en\/wp-json\/wp\/v2\/types\/product"}],"wp:featuredmedia":[{"embeddable":true,"href":"https:\/\/www.analoggwerz.com\/en\/wp-json\/wp\/v2\/media\/7531"}],"wp:attachment":[{"href":"https:\/\/www.analoggwerz.com\/en\/wp-json\/wp\/v2\/media?parent=7533"}],"wp:term":[{"taxonomy":"product_brand","embeddable":true,"href":"https:\/\/www.analoggwerz.com\/en\/wp-json\/wp\/v2\/product_brand?post=7533"},{"taxonomy":"product_cat","embeddable":true,"href":"https:\/\/www.analoggwerz.com\/en\/wp-json\/wp\/v2\/product_cat?post=7533"},{"taxonomy":"product_tag","embeddable":true,"href":"https:\/\/www.analoggwerz.com\/en\/wp-json\/wp\/v2\/product_tag?post=7533"}],"curies":[{"name":"wp","href":"https:\/\/api.w.org\/{rel}","templated":true}]}}