{"id":7505,"date":"2025-07-27T14:48:47","date_gmt":"2025-07-27T14:48:47","guid":{"rendered":"https:\/\/www.analoggwerz.com\/produit\/objectif-sigma-high-speed-zoom-80-200mm-f-3-5-4-0-monture-pentax-k\/"},"modified":"2025-10-31T21:55:00","modified_gmt":"2025-10-31T21:55:00","slug":"objectif-sigma-high-speed-zoom-80-200mm-f-3-5-4-0-monture-pentax-k","status":"publish","type":"product","link":"https:\/\/www.analoggwerz.com\/en\/product\/objectif-sigma-high-speed-zoom-80-200mm-f-3-5-4-0-monture-pentax-k\/","title":{"rendered":"Objectif Sigma High-Speed Zoom 80-200mm f\/3.5-4.0 \u2013 Monture Pentax K"},"content":{"rendered":"<p>N\u2019h\u00e9sitez pas \u00e0 vous abonner \u00e0 mon Instagram (@analog_gwerz) si vous aimez la photo et les appareils.<\/p>\n<p>Objectif Sigma High-Speed Zoom 80-200mm f\/3.5-4.0 \u2013 Monture Pentax K<\/p>\n<p>Objectif Sigma de type zoom manuel avec une plage focale polyvalente de 80 \u00e0 200 mm, parfait pour le portrait, la photo animali\u00e8re ou de sport. Ouverture lumineuse allant de f\/3.5 \u00e0 f\/4.0, permettant de bonnes performances m\u00eame en conditions de faible lumi\u00e8re. Construction robuste et bague de mise au point fluide, typique des objectifs vintage de qualit\u00e9. Fabriqu\u00e9 au Japon.<\/p>\n<p>Monture Pentax K (compatible avec les bo\u00eetiers reflex argentiques Pentax et adaptables en num\u00e9rique via bague).<\/p>\n<p>Caract\u00e9ristiques techniques :<\/p>\n<p>Marque : Sigma<\/p>\n<p>Type : Zoom manuel<\/p>\n<p>Focale : 80-200 mm<\/p>\n<p>Ouverture : f\/3.5\u20134.0<\/p>\n<p>Monture : Pentax K<\/p>\n<p>Filtre : diam\u00e8tre 52 mm<\/p>\n<p>Made in Japan<\/p>\n<p>Rev\u00eatement multi-couches (Multi-Coated)<\/p>\n<p>\u00c9tat :<\/p>\n<p>Lentilles propres<\/p>\n<p>Mise au point fluide<\/p>\n<p>Diaphragme r\u00e9actif<\/p>\n<p>Monture en tr\u00e8s bon \u00e9tat, quelques traces normales d\u2019usage<\/p>\n<p>Accessoires fournis :<\/p>\n<p>Bouchon arri\u00e8re<\/p>\n<p>Bouchon avant Sigma<\/p>\n<p>\ud83d\udcf8 Les photos sont contractuelles.<\/p>\n<p>\ud83d\udce6 Tous mes objectifs sont test\u00e9s et fonctionnels.<\/p>","protected":false},"excerpt":{"rendered":"<p>N\u2019h\u00e9sitez pas \u00e0 vous abonner \u00e0 mon Instagram (@analog_gwerz) si vous aimez la photo et les appareils. Objectif Sigma High-Speed Zoom 80-200mm f\/3.5-4.0 \u2013 Monture Pentax K Objectif Sigma de type zoom manuel avec une plage focale polyvalente de 80 \u00e0 200 mm, parfait pour le portrait, la photo animali\u00e8re ou de sport. Ouverture lumineuse [&hellip;]<\/p>\n","protected":false},"featured_media":7502,"template":"","meta":[],"product_brand":[],"product_cat":[57,175,176],"product_tag":[],"class_list":{"0":"post-7505","1":"product","2":"type-product","3":"status-publish","4":"has-post-thumbnail","6":"product_cat-objectifs","7":"product_cat-objectifs-a-zoom","8":"product_cat-teleobjectifs","9":"pa_marque-pentax","11":"first","12":"outofstock","13":"purchasable","14":"product-type-simple"},"yoast_head":"<!-- This site is optimized with the Yoast SEO plugin v27.5 - https:\/\/yoast.com\/product\/yoast-seo-wordpress\/ -->\n<title>Objectif Sigma High-Speed Zoom 80-200mm f\/3.5-4.0 \u2013 Monture Pentax K est disponible sur la boutique !<\/title>\n<meta name=\"description\" content=\"Cliquez ici pour d\u00e9couvrir Objectif Sigma High-Speed Zoom 80-200mm f\/3.5-4.0 \u2013 Monture Pentax K sur la boutique.\" \/>\n<meta name=\"robots\" content=\"index, follow, max-snippet:-1, max-image-preview:large, max-video-preview:-1\" \/>\n<link rel=\"canonical\" href=\"https:\/\/www.analoggwerz.com\/en\/product\/objectif-sigma-high-speed-zoom-80-200mm-f-3-5-4-0-monture-pentax-k\/\" \/>\n<meta property=\"og:locale\" content=\"en_US\" \/>\n<meta property=\"og:type\" content=\"article\" \/>\n<meta property=\"og:title\" content=\"Objectif Sigma High-Speed Zoom 80-200mm f\/3.5-4.0 \u2013 Monture Pentax K est disponible sur la boutique !\" \/>\n<meta property=\"og:description\" content=\"Cliquez ici pour d\u00e9couvrir Objectif Sigma High-Speed Zoom 80-200mm f\/3.5-4.0 \u2013 Monture Pentax K sur la boutique.\" \/>\n<meta property=\"og:url\" content=\"https:\/\/www.analoggwerz.com\/en\/product\/objectif-sigma-high-speed-zoom-80-200mm-f-3-5-4-0-monture-pentax-k\/\" \/>\n<meta property=\"og:site_name\" content=\"Analog Gwerz\" \/>\n<meta property=\"article:modified_time\" content=\"2025-10-31T21:55:00+00:00\" \/>\n<meta property=\"og:image\" content=\"https:\/\/www.analoggwerz.com\/wp-content\/uploads\/2025\/07\/img_1831-scaled.jpeg\" \/>\n\t<meta property=\"og:image:width\" content=\"2560\" \/>\n\t<meta property=\"og:image:height\" content=\"1920\" \/>\n\t<meta property=\"og:image:type\" content=\"image\/jpeg\" \/>\n<meta name=\"twitter:card\" content=\"summary_large_image\" \/>\n<meta name=\"twitter:label1\" content=\"Est. reading time\" \/>\n\t<meta name=\"twitter:data1\" content=\"1 minute\" \/>\n<script type=\"application\/ld+json\" class=\"yoast-schema-graph\">{\"@context\":\"https:\\\/\\\/schema.org\",\"@graph\":[{\"@type\":\"WebPage\",\"@id\":\"https:\\\/\\\/www.analoggwerz.com\\\/produit\\\/objectif-sigma-high-speed-zoom-80-200mm-f-3-5-4-0-monture-pentax-k\\\/\",\"url\":\"https:\\\/\\\/www.analoggwerz.com\\\/produit\\\/objectif-sigma-high-speed-zoom-80-200mm-f-3-5-4-0-monture-pentax-k\\\/\",\"name\":\"Objectif Sigma High-Speed Zoom 80-200mm f\\\/3.5-4.0 \u2013 Monture Pentax K est disponible sur la boutique !\",\"isPartOf\":{\"@id\":\"https:\\\/\\\/www.analoggwerz.com\\\/#website\"},\"primaryImageOfPage\":{\"@id\":\"https:\\\/\\\/www.analoggwerz.com\\\/produit\\\/objectif-sigma-high-speed-zoom-80-200mm-f-3-5-4-0-monture-pentax-k\\\/#primaryimage\"},\"image\":{\"@id\":\"https:\\\/\\\/www.analoggwerz.com\\\/produit\\\/objectif-sigma-high-speed-zoom-80-200mm-f-3-5-4-0-monture-pentax-k\\\/#primaryimage\"},\"thumbnailUrl\":\"https:\\\/\\\/www.analoggwerz.com\\\/wp-content\\\/uploads\\\/2025\\\/07\\\/img_1831-scaled.jpeg\",\"datePublished\":\"2025-07-27T14:48:47+00:00\",\"dateModified\":\"2025-10-31T21:55:00+00:00\",\"description\":\"Cliquez ici pour d\u00e9couvrir Objectif Sigma High-Speed Zoom 80-200mm f\\\/3.5-4.0 \u2013 Monture Pentax K sur la boutique.\",\"breadcrumb\":{\"@id\":\"https:\\\/\\\/www.analoggwerz.com\\\/produit\\\/objectif-sigma-high-speed-zoom-80-200mm-f-3-5-4-0-monture-pentax-k\\\/#breadcrumb\"},\"inLanguage\":\"en-US\",\"potentialAction\":[{\"@type\":\"ReadAction\",\"target\":[\"https:\\\/\\\/www.analoggwerz.com\\\/produit\\\/objectif-sigma-high-speed-zoom-80-200mm-f-3-5-4-0-monture-pentax-k\\\/\"]}]},{\"@type\":\"ImageObject\",\"inLanguage\":\"en-US\",\"@id\":\"https:\\\/\\\/www.analoggwerz.com\\\/produit\\\/objectif-sigma-high-speed-zoom-80-200mm-f-3-5-4-0-monture-pentax-k\\\/#primaryimage\",\"url\":\"https:\\\/\\\/www.analoggwerz.com\\\/wp-content\\\/uploads\\\/2025\\\/07\\\/img_1831-scaled.jpeg\",\"contentUrl\":\"https:\\\/\\\/www.analoggwerz.com\\\/wp-content\\\/uploads\\\/2025\\\/07\\\/img_1831-scaled.jpeg\",\"width\":2560,\"height\":1920},{\"@type\":\"BreadcrumbList\",\"@id\":\"https:\\\/\\\/www.analoggwerz.com\\\/produit\\\/objectif-sigma-high-speed-zoom-80-200mm-f-3-5-4-0-monture-pentax-k\\\/#breadcrumb\",\"itemListElement\":[{\"@type\":\"ListItem\",\"position\":1,\"name\":\"Accueil\",\"item\":\"https:\\\/\\\/www.analoggwerz.com\\\/\"},{\"@type\":\"ListItem\",\"position\":2,\"name\":\"Boutique\",\"item\":\"https:\\\/\\\/www.analoggwerz.com\\\/shop\\\/\"},{\"@type\":\"ListItem\",\"position\":3,\"name\":\"Objectif Sigma High-Speed Zoom 80-200mm f\\\/3.5-4.0 \u2013 Monture Pentax K\"}]},{\"@type\":\"WebSite\",\"@id\":\"https:\\\/\\\/www.analoggwerz.com\\\/#website\",\"url\":\"https:\\\/\\\/www.analoggwerz.com\\\/\",\"name\":\"Analog Gwerz\",\"description\":\"Pas besoin de neuf pour capturer l&#039;instant !\",\"publisher\":{\"@id\":\"https:\\\/\\\/www.analoggwerz.com\\\/#organization\"},\"potentialAction\":[{\"@type\":\"SearchAction\",\"target\":{\"@type\":\"EntryPoint\",\"urlTemplate\":\"https:\\\/\\\/www.analoggwerz.com\\\/?s={search_term_string}\"},\"query-input\":{\"@type\":\"PropertyValueSpecification\",\"valueRequired\":true,\"valueName\":\"search_term_string\"}}],\"inLanguage\":\"en-US\"},{\"@type\":\"Organization\",\"@id\":\"https:\\\/\\\/www.analoggwerz.com\\\/#organization\",\"name\":\"Analog Gwerz\",\"url\":\"https:\\\/\\\/www.analoggwerz.com\\\/\",\"logo\":{\"@type\":\"ImageObject\",\"inLanguage\":\"en-US\",\"@id\":\"https:\\\/\\\/www.analoggwerz.com\\\/#\\\/schema\\\/logo\\\/image\\\/\",\"url\":\"https:\\\/\\\/www.analoggwerz.com\\\/wp-content\\\/uploads\\\/2025\\\/10\\\/000-LOGO-ANALOG-GWERZ-NOIR-1.png\",\"contentUrl\":\"https:\\\/\\\/www.analoggwerz.com\\\/wp-content\\\/uploads\\\/2025\\\/10\\\/000-LOGO-ANALOG-GWERZ-NOIR-1.png\",\"width\":800,\"height\":407,\"caption\":\"Analog Gwerz\"},\"image\":{\"@id\":\"https:\\\/\\\/www.analoggwerz.com\\\/#\\\/schema\\\/logo\\\/image\\\/\"},\"sameAs\":[\"https:\\\/\\\/www.instagram.com\\\/analog_gwerz\\\/\",\"https:\\\/\\\/www.tiktok.com\\\/@analog_gwerz\"]}]}<\/script>\n<!-- \/ Yoast SEO plugin. -->","yoast_head_json":{"title":"Objectif Sigma High-Speed Zoom 80-200mm f\/3.5-4.0 \u2013 Monture Pentax K est disponible sur la boutique !","description":"Cliquez ici pour d\u00e9couvrir Objectif Sigma High-Speed Zoom 80-200mm f\/3.5-4.0 \u2013 Monture Pentax K sur la boutique.","robots":{"index":"index","follow":"follow","max-snippet":"max-snippet:-1","max-image-preview":"max-image-preview:large","max-video-preview":"max-video-preview:-1"},"canonical":"https:\/\/www.analoggwerz.com\/en\/product\/objectif-sigma-high-speed-zoom-80-200mm-f-3-5-4-0-monture-pentax-k\/","og_locale":"en_US","og_type":"article","og_title":"Objectif Sigma High-Speed Zoom 80-200mm f\/3.5-4.0 \u2013 Monture Pentax K est disponible sur la boutique !","og_description":"Cliquez ici pour d\u00e9couvrir Objectif Sigma High-Speed Zoom 80-200mm f\/3.5-4.0 \u2013 Monture Pentax K sur la boutique.","og_url":"https:\/\/www.analoggwerz.com\/en\/product\/objectif-sigma-high-speed-zoom-80-200mm-f-3-5-4-0-monture-pentax-k\/","og_site_name":"Analog Gwerz","article_modified_time":"2025-10-31T21:55:00+00:00","og_image":[{"width":2560,"height":1920,"url":"https:\/\/www.analoggwerz.com\/wp-content\/uploads\/2025\/07\/img_1831-scaled.jpeg","type":"image\/jpeg"}],"twitter_card":"summary_large_image","twitter_misc":{"Est. reading time":"1 minute"},"schema":{"@context":"https:\/\/schema.org","@graph":[{"@type":"WebPage","@id":"https:\/\/www.analoggwerz.com\/produit\/objectif-sigma-high-speed-zoom-80-200mm-f-3-5-4-0-monture-pentax-k\/","url":"https:\/\/www.analoggwerz.com\/produit\/objectif-sigma-high-speed-zoom-80-200mm-f-3-5-4-0-monture-pentax-k\/","name":"Objectif Sigma High-Speed Zoom 80-200mm f\/3.5-4.0 \u2013 Monture Pentax K est disponible sur la boutique !","isPartOf":{"@id":"https:\/\/www.analoggwerz.com\/#website"},"primaryImageOfPage":{"@id":"https:\/\/www.analoggwerz.com\/produit\/objectif-sigma-high-speed-zoom-80-200mm-f-3-5-4-0-monture-pentax-k\/#primaryimage"},"image":{"@id":"https:\/\/www.analoggwerz.com\/produit\/objectif-sigma-high-speed-zoom-80-200mm-f-3-5-4-0-monture-pentax-k\/#primaryimage"},"thumbnailUrl":"https:\/\/www.analoggwerz.com\/wp-content\/uploads\/2025\/07\/img_1831-scaled.jpeg","datePublished":"2025-07-27T14:48:47+00:00","dateModified":"2025-10-31T21:55:00+00:00","description":"Cliquez ici pour d\u00e9couvrir Objectif Sigma High-Speed Zoom 80-200mm f\/3.5-4.0 \u2013 Monture Pentax K sur la boutique.","breadcrumb":{"@id":"https:\/\/www.analoggwerz.com\/produit\/objectif-sigma-high-speed-zoom-80-200mm-f-3-5-4-0-monture-pentax-k\/#breadcrumb"},"inLanguage":"en-US","potentialAction":[{"@type":"ReadAction","target":["https:\/\/www.analoggwerz.com\/produit\/objectif-sigma-high-speed-zoom-80-200mm-f-3-5-4-0-monture-pentax-k\/"]}]},{"@type":"ImageObject","inLanguage":"en-US","@id":"https:\/\/www.analoggwerz.com\/produit\/objectif-sigma-high-speed-zoom-80-200mm-f-3-5-4-0-monture-pentax-k\/#primaryimage","url":"https:\/\/www.analoggwerz.com\/wp-content\/uploads\/2025\/07\/img_1831-scaled.jpeg","contentUrl":"https:\/\/www.analoggwerz.com\/wp-content\/uploads\/2025\/07\/img_1831-scaled.jpeg","width":2560,"height":1920},{"@type":"BreadcrumbList","@id":"https:\/\/www.analoggwerz.com\/produit\/objectif-sigma-high-speed-zoom-80-200mm-f-3-5-4-0-monture-pentax-k\/#breadcrumb","itemListElement":[{"@type":"ListItem","position":1,"name":"Accueil","item":"https:\/\/www.analoggwerz.com\/"},{"@type":"ListItem","position":2,"name":"Boutique","item":"https:\/\/www.analoggwerz.com\/shop\/"},{"@type":"ListItem","position":3,"name":"Objectif Sigma High-Speed Zoom 80-200mm f\/3.5-4.0 \u2013 Monture Pentax K"}]},{"@type":"WebSite","@id":"https:\/\/www.analoggwerz.com\/#website","url":"https:\/\/www.analoggwerz.com\/","name":"Analog Gwerz","description":"Pas besoin de neuf pour capturer l&#039;instant !","publisher":{"@id":"https:\/\/www.analoggwerz.com\/#organization"},"potentialAction":[{"@type":"SearchAction","target":{"@type":"EntryPoint","urlTemplate":"https:\/\/www.analoggwerz.com\/?s={search_term_string}"},"query-input":{"@type":"PropertyValueSpecification","valueRequired":true,"valueName":"search_term_string"}}],"inLanguage":"en-US"},{"@type":"Organization","@id":"https:\/\/www.analoggwerz.com\/#organization","name":"Analog Gwerz","url":"https:\/\/www.analoggwerz.com\/","logo":{"@type":"ImageObject","inLanguage":"en-US","@id":"https:\/\/www.analoggwerz.com\/#\/schema\/logo\/image\/","url":"https:\/\/www.analoggwerz.com\/wp-content\/uploads\/2025\/10\/000-LOGO-ANALOG-GWERZ-NOIR-1.png","contentUrl":"https:\/\/www.analoggwerz.com\/wp-content\/uploads\/2025\/10\/000-LOGO-ANALOG-GWERZ-NOIR-1.png","width":800,"height":407,"caption":"Analog Gwerz"},"image":{"@id":"https:\/\/www.analoggwerz.com\/#\/schema\/logo\/image\/"},"sameAs":["https:\/\/www.instagram.com\/analog_gwerz\/","https:\/\/www.tiktok.com\/@analog_gwerz"]}]}},"jetpack_sharing_enabled":true,"_links":{"self":[{"href":"https:\/\/www.analoggwerz.com\/en\/wp-json\/wp\/v2\/product\/7505","targetHints":{"allow":["GET"]}}],"collection":[{"href":"https:\/\/www.analoggwerz.com\/en\/wp-json\/wp\/v2\/product"}],"about":[{"href":"https:\/\/www.analoggwerz.com\/en\/wp-json\/wp\/v2\/types\/product"}],"wp:featuredmedia":[{"embeddable":true,"href":"https:\/\/www.analoggwerz.com\/en\/wp-json\/wp\/v2\/media\/7502"}],"wp:attachment":[{"href":"https:\/\/www.analoggwerz.com\/en\/wp-json\/wp\/v2\/media?parent=7505"}],"wp:term":[{"taxonomy":"product_brand","embeddable":true,"href":"https:\/\/www.analoggwerz.com\/en\/wp-json\/wp\/v2\/product_brand?post=7505"},{"taxonomy":"product_cat","embeddable":true,"href":"https:\/\/www.analoggwerz.com\/en\/wp-json\/wp\/v2\/product_cat?post=7505"},{"taxonomy":"product_tag","embeddable":true,"href":"https:\/\/www.analoggwerz.com\/en\/wp-json\/wp\/v2\/product_tag?post=7505"}],"curies":[{"name":"wp","href":"https:\/\/api.w.org\/{rel}","templated":true}]}}