{"id":7468,"date":"2025-07-27T13:13:44","date_gmt":"2025-07-27T13:13:44","guid":{"rendered":"https:\/\/www.analoggwerz.com\/produit\/declencheur-souple-mecanique-pour-appareil-photo-argentique-2\/"},"modified":"2025-11-28T12:11:29","modified_gmt":"2025-11-28T12:11:29","slug":"declencheur-souple-mecanique-pour-appareil-photo-argentique-2","status":"publish","type":"product","link":"https:\/\/www.analoggwerz.com\/en\/product\/declencheur-souple-mecanique-pour-appareil-photo-argentique-2\/","title":{"rendered":"D\u00e9clencheur souple m\u00e9canique pour appareil photo argentique &#8211; Noir"},"content":{"rendered":"<p>N\u2019h\u00e9sitez pas \u00e0 vous abonner \u00e0 mon Instagram (@analog_gwerz) si vous aimez la photo et les appareils.<\/p>\n<p>D\u00e9clencheur souple m\u00e9canique pour appareil photo argentique<\/p>\n<p>D\u00e9clencheur souple \u00e0 vis pour appareils photo argentiques \u00e0 filetage standard (type B). Il permet de d\u00e9clencher l\u2019obturateur \u00e0 distance sans vibrations, id\u00e9al pour les poses longues ou les photos sur tr\u00e9pied.<\/p>\n<p>Longueur : environ 20 cm<\/p>\n<p>Embout filet\u00e9 compatible avec la plupart des appareils argentiques \u00e0 d\u00e9clenchement m\u00e9canique<\/p>\n<p>Tissu tress\u00e9 noir autour du c\u00e2ble m\u00e9tallique<\/p>\n<p>Fonctionnement parfaitement fluide<\/p>\n<p>Accessoire robuste, simple et fiable<\/p>\n<p>\ud83d\udcf8 Un indispensable pour les longues expositions ou les autoportraits en argentique.<\/p>\n<p>\ud83d\udcac Me contacter si besoin de photos suppl\u00e9mentaires ou de pr\u00e9cisions.<\/p>","protected":false},"excerpt":{"rendered":"<p>N\u2019h\u00e9sitez pas \u00e0 vous abonner \u00e0 mon Instagram (@analog_gwerz) si vous aimez la photo et les appareils. D\u00e9clencheur souple m\u00e9canique pour appareil photo argentique D\u00e9clencheur souple \u00e0 vis pour appareils photo argentiques \u00e0 filetage standard (type B). Il permet de d\u00e9clencher l\u2019obturateur \u00e0 distance sans vibrations, id\u00e9al pour les poses longues ou les photos sur [&hellip;]<\/p>\n","protected":false},"featured_media":7467,"template":"","meta":[],"product_brand":[],"product_cat":[55,177,159],"product_tag":[],"class_list":{"0":"post-7468","1":"product","2":"type-product","3":"status-publish","4":"has-post-thumbnail","6":"product_cat-accessoires","7":"product_cat-declencheurs","8":"product_cat-stabilite-et-eclairages","9":"pa_couleur-argent","11":"first","12":"outofstock","13":"purchasable","14":"product-type-simple"},"yoast_head":"<!-- This site is optimized with the Yoast SEO plugin v27.5 - https:\/\/yoast.com\/product\/yoast-seo-wordpress\/ -->\n<title>D\u00e9clencheur souple m\u00e9canique pour appareil photo argentique - Noir est disponible sur la boutique !<\/title>\n<meta name=\"description\" content=\"Cliquez ici pour d\u00e9couvrir D\u00e9clencheur souple m\u00e9canique pour appareil photo argentique - Noir sur la boutique.\" \/>\n<meta name=\"robots\" content=\"index, follow, max-snippet:-1, max-image-preview:large, max-video-preview:-1\" \/>\n<link rel=\"canonical\" href=\"https:\/\/www.analoggwerz.com\/en\/product\/declencheur-souple-mecanique-pour-appareil-photo-argentique-2\/\" \/>\n<meta property=\"og:locale\" content=\"en_US\" \/>\n<meta property=\"og:type\" content=\"article\" \/>\n<meta property=\"og:title\" content=\"D\u00e9clencheur souple m\u00e9canique pour appareil photo argentique - Noir est disponible sur la boutique !\" \/>\n<meta property=\"og:description\" content=\"Cliquez ici pour d\u00e9couvrir D\u00e9clencheur souple m\u00e9canique pour appareil photo argentique - Noir sur la boutique.\" \/>\n<meta property=\"og:url\" content=\"https:\/\/www.analoggwerz.com\/en\/product\/declencheur-souple-mecanique-pour-appareil-photo-argentique-2\/\" \/>\n<meta property=\"og:site_name\" content=\"Analog Gwerz\" \/>\n<meta property=\"article:modified_time\" content=\"2025-11-28T12:11:29+00:00\" \/>\n<meta property=\"og:image\" content=\"https:\/\/www.analoggwerz.com\/wp-content\/uploads\/2025\/07\/img_1868-scaled.jpeg\" \/>\n\t<meta property=\"og:image:width\" content=\"2560\" \/>\n\t<meta property=\"og:image:height\" content=\"1920\" \/>\n\t<meta property=\"og:image:type\" content=\"image\/jpeg\" \/>\n<meta name=\"twitter:card\" content=\"summary_large_image\" \/>\n<meta name=\"twitter:label1\" content=\"Est. reading time\" \/>\n\t<meta name=\"twitter:data1\" content=\"1 minute\" \/>\n<script type=\"application\/ld+json\" class=\"yoast-schema-graph\">{\"@context\":\"https:\\\/\\\/schema.org\",\"@graph\":[{\"@type\":\"WebPage\",\"@id\":\"https:\\\/\\\/www.analoggwerz.com\\\/produit\\\/declencheur-souple-mecanique-pour-appareil-photo-argentique-2\\\/\",\"url\":\"https:\\\/\\\/www.analoggwerz.com\\\/produit\\\/declencheur-souple-mecanique-pour-appareil-photo-argentique-2\\\/\",\"name\":\"D\u00e9clencheur souple m\u00e9canique pour appareil photo argentique - Noir est disponible sur la boutique !\",\"isPartOf\":{\"@id\":\"https:\\\/\\\/www.analoggwerz.com\\\/#website\"},\"primaryImageOfPage\":{\"@id\":\"https:\\\/\\\/www.analoggwerz.com\\\/produit\\\/declencheur-souple-mecanique-pour-appareil-photo-argentique-2\\\/#primaryimage\"},\"image\":{\"@id\":\"https:\\\/\\\/www.analoggwerz.com\\\/produit\\\/declencheur-souple-mecanique-pour-appareil-photo-argentique-2\\\/#primaryimage\"},\"thumbnailUrl\":\"https:\\\/\\\/www.analoggwerz.com\\\/wp-content\\\/uploads\\\/2025\\\/07\\\/img_1868-scaled.jpeg\",\"datePublished\":\"2025-07-27T13:13:44+00:00\",\"dateModified\":\"2025-11-28T12:11:29+00:00\",\"description\":\"Cliquez ici pour d\u00e9couvrir D\u00e9clencheur souple m\u00e9canique pour appareil photo argentique - Noir sur la boutique.\",\"breadcrumb\":{\"@id\":\"https:\\\/\\\/www.analoggwerz.com\\\/produit\\\/declencheur-souple-mecanique-pour-appareil-photo-argentique-2\\\/#breadcrumb\"},\"inLanguage\":\"en-US\",\"potentialAction\":[{\"@type\":\"ReadAction\",\"target\":[\"https:\\\/\\\/www.analoggwerz.com\\\/produit\\\/declencheur-souple-mecanique-pour-appareil-photo-argentique-2\\\/\"]}]},{\"@type\":\"ImageObject\",\"inLanguage\":\"en-US\",\"@id\":\"https:\\\/\\\/www.analoggwerz.com\\\/produit\\\/declencheur-souple-mecanique-pour-appareil-photo-argentique-2\\\/#primaryimage\",\"url\":\"https:\\\/\\\/www.analoggwerz.com\\\/wp-content\\\/uploads\\\/2025\\\/07\\\/img_1868-scaled.jpeg\",\"contentUrl\":\"https:\\\/\\\/www.analoggwerz.com\\\/wp-content\\\/uploads\\\/2025\\\/07\\\/img_1868-scaled.jpeg\",\"width\":2560,\"height\":1920},{\"@type\":\"BreadcrumbList\",\"@id\":\"https:\\\/\\\/www.analoggwerz.com\\\/produit\\\/declencheur-souple-mecanique-pour-appareil-photo-argentique-2\\\/#breadcrumb\",\"itemListElement\":[{\"@type\":\"ListItem\",\"position\":1,\"name\":\"Accueil\",\"item\":\"https:\\\/\\\/www.analoggwerz.com\\\/\"},{\"@type\":\"ListItem\",\"position\":2,\"name\":\"Boutique\",\"item\":\"https:\\\/\\\/www.analoggwerz.com\\\/shop\\\/\"},{\"@type\":\"ListItem\",\"position\":3,\"name\":\"D\u00e9clencheur souple m\u00e9canique pour appareil photo argentique &#8211; Noir\"}]},{\"@type\":\"WebSite\",\"@id\":\"https:\\\/\\\/www.analoggwerz.com\\\/#website\",\"url\":\"https:\\\/\\\/www.analoggwerz.com\\\/\",\"name\":\"Analog Gwerz\",\"description\":\"Pas besoin de neuf pour capturer l&#039;instant !\",\"publisher\":{\"@id\":\"https:\\\/\\\/www.analoggwerz.com\\\/#organization\"},\"potentialAction\":[{\"@type\":\"SearchAction\",\"target\":{\"@type\":\"EntryPoint\",\"urlTemplate\":\"https:\\\/\\\/www.analoggwerz.com\\\/?s={search_term_string}\"},\"query-input\":{\"@type\":\"PropertyValueSpecification\",\"valueRequired\":true,\"valueName\":\"search_term_string\"}}],\"inLanguage\":\"en-US\"},{\"@type\":\"Organization\",\"@id\":\"https:\\\/\\\/www.analoggwerz.com\\\/#organization\",\"name\":\"Analog Gwerz\",\"url\":\"https:\\\/\\\/www.analoggwerz.com\\\/\",\"logo\":{\"@type\":\"ImageObject\",\"inLanguage\":\"en-US\",\"@id\":\"https:\\\/\\\/www.analoggwerz.com\\\/#\\\/schema\\\/logo\\\/image\\\/\",\"url\":\"https:\\\/\\\/www.analoggwerz.com\\\/wp-content\\\/uploads\\\/2025\\\/10\\\/000-LOGO-ANALOG-GWERZ-NOIR-1.png\",\"contentUrl\":\"https:\\\/\\\/www.analoggwerz.com\\\/wp-content\\\/uploads\\\/2025\\\/10\\\/000-LOGO-ANALOG-GWERZ-NOIR-1.png\",\"width\":800,\"height\":407,\"caption\":\"Analog Gwerz\"},\"image\":{\"@id\":\"https:\\\/\\\/www.analoggwerz.com\\\/#\\\/schema\\\/logo\\\/image\\\/\"},\"sameAs\":[\"https:\\\/\\\/www.instagram.com\\\/analog_gwerz\\\/\",\"https:\\\/\\\/www.tiktok.com\\\/@analog_gwerz\"]}]}<\/script>\n<!-- \/ Yoast SEO plugin. -->","yoast_head_json":{"title":"D\u00e9clencheur souple m\u00e9canique pour appareil photo argentique - Noir est disponible sur la boutique !","description":"Cliquez ici pour d\u00e9couvrir D\u00e9clencheur souple m\u00e9canique pour appareil photo argentique - Noir sur la boutique.","robots":{"index":"index","follow":"follow","max-snippet":"max-snippet:-1","max-image-preview":"max-image-preview:large","max-video-preview":"max-video-preview:-1"},"canonical":"https:\/\/www.analoggwerz.com\/en\/product\/declencheur-souple-mecanique-pour-appareil-photo-argentique-2\/","og_locale":"en_US","og_type":"article","og_title":"D\u00e9clencheur souple m\u00e9canique pour appareil photo argentique - Noir est disponible sur la boutique !","og_description":"Cliquez ici pour d\u00e9couvrir D\u00e9clencheur souple m\u00e9canique pour appareil photo argentique - Noir sur la boutique.","og_url":"https:\/\/www.analoggwerz.com\/en\/product\/declencheur-souple-mecanique-pour-appareil-photo-argentique-2\/","og_site_name":"Analog Gwerz","article_modified_time":"2025-11-28T12:11:29+00:00","og_image":[{"width":2560,"height":1920,"url":"https:\/\/www.analoggwerz.com\/wp-content\/uploads\/2025\/07\/img_1868-scaled.jpeg","type":"image\/jpeg"}],"twitter_card":"summary_large_image","twitter_misc":{"Est. reading time":"1 minute"},"schema":{"@context":"https:\/\/schema.org","@graph":[{"@type":"WebPage","@id":"https:\/\/www.analoggwerz.com\/produit\/declencheur-souple-mecanique-pour-appareil-photo-argentique-2\/","url":"https:\/\/www.analoggwerz.com\/produit\/declencheur-souple-mecanique-pour-appareil-photo-argentique-2\/","name":"D\u00e9clencheur souple m\u00e9canique pour appareil photo argentique - Noir est disponible sur la boutique !","isPartOf":{"@id":"https:\/\/www.analoggwerz.com\/#website"},"primaryImageOfPage":{"@id":"https:\/\/www.analoggwerz.com\/produit\/declencheur-souple-mecanique-pour-appareil-photo-argentique-2\/#primaryimage"},"image":{"@id":"https:\/\/www.analoggwerz.com\/produit\/declencheur-souple-mecanique-pour-appareil-photo-argentique-2\/#primaryimage"},"thumbnailUrl":"https:\/\/www.analoggwerz.com\/wp-content\/uploads\/2025\/07\/img_1868-scaled.jpeg","datePublished":"2025-07-27T13:13:44+00:00","dateModified":"2025-11-28T12:11:29+00:00","description":"Cliquez ici pour d\u00e9couvrir D\u00e9clencheur souple m\u00e9canique pour appareil photo argentique - Noir sur la boutique.","breadcrumb":{"@id":"https:\/\/www.analoggwerz.com\/produit\/declencheur-souple-mecanique-pour-appareil-photo-argentique-2\/#breadcrumb"},"inLanguage":"en-US","potentialAction":[{"@type":"ReadAction","target":["https:\/\/www.analoggwerz.com\/produit\/declencheur-souple-mecanique-pour-appareil-photo-argentique-2\/"]}]},{"@type":"ImageObject","inLanguage":"en-US","@id":"https:\/\/www.analoggwerz.com\/produit\/declencheur-souple-mecanique-pour-appareil-photo-argentique-2\/#primaryimage","url":"https:\/\/www.analoggwerz.com\/wp-content\/uploads\/2025\/07\/img_1868-scaled.jpeg","contentUrl":"https:\/\/www.analoggwerz.com\/wp-content\/uploads\/2025\/07\/img_1868-scaled.jpeg","width":2560,"height":1920},{"@type":"BreadcrumbList","@id":"https:\/\/www.analoggwerz.com\/produit\/declencheur-souple-mecanique-pour-appareil-photo-argentique-2\/#breadcrumb","itemListElement":[{"@type":"ListItem","position":1,"name":"Accueil","item":"https:\/\/www.analoggwerz.com\/"},{"@type":"ListItem","position":2,"name":"Boutique","item":"https:\/\/www.analoggwerz.com\/shop\/"},{"@type":"ListItem","position":3,"name":"D\u00e9clencheur souple m\u00e9canique pour appareil photo argentique &#8211; Noir"}]},{"@type":"WebSite","@id":"https:\/\/www.analoggwerz.com\/#website","url":"https:\/\/www.analoggwerz.com\/","name":"Analog Gwerz","description":"Pas besoin de neuf pour capturer l&#039;instant !","publisher":{"@id":"https:\/\/www.analoggwerz.com\/#organization"},"potentialAction":[{"@type":"SearchAction","target":{"@type":"EntryPoint","urlTemplate":"https:\/\/www.analoggwerz.com\/?s={search_term_string}"},"query-input":{"@type":"PropertyValueSpecification","valueRequired":true,"valueName":"search_term_string"}}],"inLanguage":"en-US"},{"@type":"Organization","@id":"https:\/\/www.analoggwerz.com\/#organization","name":"Analog Gwerz","url":"https:\/\/www.analoggwerz.com\/","logo":{"@type":"ImageObject","inLanguage":"en-US","@id":"https:\/\/www.analoggwerz.com\/#\/schema\/logo\/image\/","url":"https:\/\/www.analoggwerz.com\/wp-content\/uploads\/2025\/10\/000-LOGO-ANALOG-GWERZ-NOIR-1.png","contentUrl":"https:\/\/www.analoggwerz.com\/wp-content\/uploads\/2025\/10\/000-LOGO-ANALOG-GWERZ-NOIR-1.png","width":800,"height":407,"caption":"Analog Gwerz"},"image":{"@id":"https:\/\/www.analoggwerz.com\/#\/schema\/logo\/image\/"},"sameAs":["https:\/\/www.instagram.com\/analog_gwerz\/","https:\/\/www.tiktok.com\/@analog_gwerz"]}]}},"jetpack_sharing_enabled":true,"_links":{"self":[{"href":"https:\/\/www.analoggwerz.com\/en\/wp-json\/wp\/v2\/product\/7468","targetHints":{"allow":["GET"]}}],"collection":[{"href":"https:\/\/www.analoggwerz.com\/en\/wp-json\/wp\/v2\/product"}],"about":[{"href":"https:\/\/www.analoggwerz.com\/en\/wp-json\/wp\/v2\/types\/product"}],"wp:featuredmedia":[{"embeddable":true,"href":"https:\/\/www.analoggwerz.com\/en\/wp-json\/wp\/v2\/media\/7467"}],"wp:attachment":[{"href":"https:\/\/www.analoggwerz.com\/en\/wp-json\/wp\/v2\/media?parent=7468"}],"wp:term":[{"taxonomy":"product_brand","embeddable":true,"href":"https:\/\/www.analoggwerz.com\/en\/wp-json\/wp\/v2\/product_brand?post=7468"},{"taxonomy":"product_cat","embeddable":true,"href":"https:\/\/www.analoggwerz.com\/en\/wp-json\/wp\/v2\/product_cat?post=7468"},{"taxonomy":"product_tag","embeddable":true,"href":"https:\/\/www.analoggwerz.com\/en\/wp-json\/wp\/v2\/product_tag?post=7468"}],"curies":[{"name":"wp","href":"https:\/\/api.w.org\/{rel}","templated":true}]}}