{"id":7403,"date":"2025-07-27T11:32:36","date_gmt":"2025-07-27T11:32:36","guid":{"rendered":"https:\/\/www.analoggwerz.com\/produit\/adaptateur-de-carte-sd-microsd-vers-iphone-lightning\/"},"modified":"2025-10-31T21:55:00","modified_gmt":"2025-10-31T21:55:00","slug":"adaptateur-de-carte-sd-microsd-vers-iphone-lightning","status":"publish","type":"product","link":"https:\/\/www.analoggwerz.com\/en\/product\/adaptateur-de-carte-sd-microsd-vers-iphone-lightning\/","title":{"rendered":"Adaptateur de carte SD \/ microSD vers iPhone (Lightning)"},"content":{"rendered":"<p>N\u2019h\u00e9sitez pas \u00e0 vous abonner \u00e0 mon Instagram (@analog_gwerz) si vous aimez la photo et les appareils.<\/p>\n<p>\ud83d\udd0c Adaptateur de carte SD \/ microSD vers iPhone (Lightning)<\/p>\n<p>Adaptateur Apple Lightning vers lecteur de carte SD, permettant d\u2019importer facilement les photos et vid\u00e9os de vos cartes SD ou microSD vers votre iPhone ou iPad. Id\u00e9al pour les photographes argentiques ou num\u00e9riques en d\u00e9placement, pour sauvegarder ou consulter rapidement leurs images.<\/p>\n<p>Connectique : Lightning (Apple)<\/p>\n<p>Entr\u00e9es : carte SD et microSD<\/p>\n<p>Compatible iPhone \/ iPad avec port Lightning<\/p>\n<p>Pas besoin d\u2019application tierce : l\u2019import se fait directement via l\u2019app Fichiers ou Photos<\/p>\n<p>Adaptateur compact, pratique \u00e0 transporter<\/p>\n<p>\ud83d\udcf8 Photos contractuelles, l\u2019adaptateur est en tr\u00e8s bon \u00e9tat et parfaitement fonctionnel.<\/p>\n<p>\ud83d\udcac Si vous avez des questions ou besoin de tests compl\u00e9mentaires, n\u2019h\u00e9sitez pas.<\/p>","protected":false},"excerpt":{"rendered":"<p>N\u2019h\u00e9sitez pas \u00e0 vous abonner \u00e0 mon Instagram (@analog_gwerz) si vous aimez la photo et les appareils. \ud83d\udd0c Adaptateur de carte SD \/ microSD vers iPhone (Lightning) Adaptateur Apple Lightning vers lecteur de carte SD, permettant d\u2019importer facilement les photos et vid\u00e9os de vos cartes SD ou microSD vers votre iPhone ou iPad. Id\u00e9al pour [&hellip;]<\/p>\n","protected":false},"featured_media":7402,"template":"","meta":[],"product_brand":[],"product_cat":[55,150,151,155],"product_tag":[],"class_list":{"0":"post-7403","1":"product","2":"type-product","3":"status-publish","4":"has-post-thumbnail","6":"product_cat-accessoires","7":"product_cat-cartes-memoires","8":"product_cat-cartes-sd","9":"product_cat-micro-sd","11":"first","12":"outofstock","13":"purchasable","14":"product-type-simple"},"yoast_head":"<!-- This site is optimized with the Yoast SEO plugin v27.5 - https:\/\/yoast.com\/product\/yoast-seo-wordpress\/ -->\n<title>Adaptateur de carte SD \/ microSD vers iPhone (Lightning) est disponible sur la boutique !<\/title>\n<meta name=\"description\" content=\"Cliquez ici pour d\u00e9couvrir Adaptateur de carte SD \/ microSD vers iPhone (Lightning) sur la boutique.\" \/>\n<meta name=\"robots\" content=\"index, follow, max-snippet:-1, max-image-preview:large, max-video-preview:-1\" \/>\n<link rel=\"canonical\" href=\"https:\/\/www.analoggwerz.com\/en\/product\/adaptateur-de-carte-sd-microsd-vers-iphone-lightning\/\" \/>\n<meta property=\"og:locale\" content=\"en_US\" \/>\n<meta property=\"og:type\" content=\"article\" \/>\n<meta property=\"og:title\" content=\"Adaptateur de carte SD \/ microSD vers iPhone (Lightning) est disponible sur la boutique !\" \/>\n<meta property=\"og:description\" content=\"Cliquez ici pour d\u00e9couvrir Adaptateur de carte SD \/ microSD vers iPhone (Lightning) sur la boutique.\" \/>\n<meta property=\"og:url\" content=\"https:\/\/www.analoggwerz.com\/en\/product\/adaptateur-de-carte-sd-microsd-vers-iphone-lightning\/\" \/>\n<meta property=\"og:site_name\" content=\"Analog Gwerz\" \/>\n<meta property=\"article:modified_time\" content=\"2025-10-31T21:55:00+00:00\" \/>\n<meta property=\"og:image\" content=\"https:\/\/www.analoggwerz.com\/wp-content\/uploads\/2025\/07\/img_1950-scaled.jpeg\" \/>\n\t<meta property=\"og:image:width\" content=\"2560\" \/>\n\t<meta property=\"og:image:height\" content=\"1920\" \/>\n\t<meta property=\"og:image:type\" content=\"image\/jpeg\" \/>\n<meta name=\"twitter:card\" content=\"summary_large_image\" \/>\n<meta name=\"twitter:label1\" content=\"Est. reading time\" \/>\n\t<meta name=\"twitter:data1\" content=\"1 minute\" \/>\n<script type=\"application\/ld+json\" class=\"yoast-schema-graph\">{\"@context\":\"https:\\\/\\\/schema.org\",\"@graph\":[{\"@type\":\"WebPage\",\"@id\":\"https:\\\/\\\/www.analoggwerz.com\\\/produit\\\/adaptateur-de-carte-sd-microsd-vers-iphone-lightning\\\/\",\"url\":\"https:\\\/\\\/www.analoggwerz.com\\\/produit\\\/adaptateur-de-carte-sd-microsd-vers-iphone-lightning\\\/\",\"name\":\"Adaptateur de carte SD \\\/ microSD vers iPhone (Lightning) est disponible sur la boutique !\",\"isPartOf\":{\"@id\":\"https:\\\/\\\/www.analoggwerz.com\\\/#website\"},\"primaryImageOfPage\":{\"@id\":\"https:\\\/\\\/www.analoggwerz.com\\\/produit\\\/adaptateur-de-carte-sd-microsd-vers-iphone-lightning\\\/#primaryimage\"},\"image\":{\"@id\":\"https:\\\/\\\/www.analoggwerz.com\\\/produit\\\/adaptateur-de-carte-sd-microsd-vers-iphone-lightning\\\/#primaryimage\"},\"thumbnailUrl\":\"https:\\\/\\\/www.analoggwerz.com\\\/wp-content\\\/uploads\\\/2025\\\/07\\\/img_1950-scaled.jpeg\",\"datePublished\":\"2025-07-27T11:32:36+00:00\",\"dateModified\":\"2025-10-31T21:55:00+00:00\",\"description\":\"Cliquez ici pour d\u00e9couvrir Adaptateur de carte SD \\\/ microSD vers iPhone (Lightning) sur la boutique.\",\"breadcrumb\":{\"@id\":\"https:\\\/\\\/www.analoggwerz.com\\\/produit\\\/adaptateur-de-carte-sd-microsd-vers-iphone-lightning\\\/#breadcrumb\"},\"inLanguage\":\"en-US\",\"potentialAction\":[{\"@type\":\"ReadAction\",\"target\":[\"https:\\\/\\\/www.analoggwerz.com\\\/produit\\\/adaptateur-de-carte-sd-microsd-vers-iphone-lightning\\\/\"]}]},{\"@type\":\"ImageObject\",\"inLanguage\":\"en-US\",\"@id\":\"https:\\\/\\\/www.analoggwerz.com\\\/produit\\\/adaptateur-de-carte-sd-microsd-vers-iphone-lightning\\\/#primaryimage\",\"url\":\"https:\\\/\\\/www.analoggwerz.com\\\/wp-content\\\/uploads\\\/2025\\\/07\\\/img_1950-scaled.jpeg\",\"contentUrl\":\"https:\\\/\\\/www.analoggwerz.com\\\/wp-content\\\/uploads\\\/2025\\\/07\\\/img_1950-scaled.jpeg\",\"width\":2560,\"height\":1920},{\"@type\":\"BreadcrumbList\",\"@id\":\"https:\\\/\\\/www.analoggwerz.com\\\/produit\\\/adaptateur-de-carte-sd-microsd-vers-iphone-lightning\\\/#breadcrumb\",\"itemListElement\":[{\"@type\":\"ListItem\",\"position\":1,\"name\":\"Accueil\",\"item\":\"https:\\\/\\\/www.analoggwerz.com\\\/\"},{\"@type\":\"ListItem\",\"position\":2,\"name\":\"Boutique\",\"item\":\"https:\\\/\\\/www.analoggwerz.com\\\/shop\\\/\"},{\"@type\":\"ListItem\",\"position\":3,\"name\":\"Adaptateur de carte SD \\\/ microSD vers iPhone (Lightning)\"}]},{\"@type\":\"WebSite\",\"@id\":\"https:\\\/\\\/www.analoggwerz.com\\\/#website\",\"url\":\"https:\\\/\\\/www.analoggwerz.com\\\/\",\"name\":\"Analog Gwerz\",\"description\":\"Pas besoin de neuf pour capturer l&#039;instant !\",\"publisher\":{\"@id\":\"https:\\\/\\\/www.analoggwerz.com\\\/#organization\"},\"potentialAction\":[{\"@type\":\"SearchAction\",\"target\":{\"@type\":\"EntryPoint\",\"urlTemplate\":\"https:\\\/\\\/www.analoggwerz.com\\\/?s={search_term_string}\"},\"query-input\":{\"@type\":\"PropertyValueSpecification\",\"valueRequired\":true,\"valueName\":\"search_term_string\"}}],\"inLanguage\":\"en-US\"},{\"@type\":\"Organization\",\"@id\":\"https:\\\/\\\/www.analoggwerz.com\\\/#organization\",\"name\":\"Analog Gwerz\",\"url\":\"https:\\\/\\\/www.analoggwerz.com\\\/\",\"logo\":{\"@type\":\"ImageObject\",\"inLanguage\":\"en-US\",\"@id\":\"https:\\\/\\\/www.analoggwerz.com\\\/#\\\/schema\\\/logo\\\/image\\\/\",\"url\":\"https:\\\/\\\/www.analoggwerz.com\\\/wp-content\\\/uploads\\\/2025\\\/10\\\/000-LOGO-ANALOG-GWERZ-NOIR-1.png\",\"contentUrl\":\"https:\\\/\\\/www.analoggwerz.com\\\/wp-content\\\/uploads\\\/2025\\\/10\\\/000-LOGO-ANALOG-GWERZ-NOIR-1.png\",\"width\":800,\"height\":407,\"caption\":\"Analog Gwerz\"},\"image\":{\"@id\":\"https:\\\/\\\/www.analoggwerz.com\\\/#\\\/schema\\\/logo\\\/image\\\/\"},\"sameAs\":[\"https:\\\/\\\/www.instagram.com\\\/analog_gwerz\\\/\",\"https:\\\/\\\/www.tiktok.com\\\/@analog_gwerz\"]}]}<\/script>\n<!-- \/ Yoast SEO plugin. -->","yoast_head_json":{"title":"Adaptateur de carte SD \/ microSD vers iPhone (Lightning) est disponible sur la boutique !","description":"Cliquez ici pour d\u00e9couvrir Adaptateur de carte SD \/ microSD vers iPhone (Lightning) sur la boutique.","robots":{"index":"index","follow":"follow","max-snippet":"max-snippet:-1","max-image-preview":"max-image-preview:large","max-video-preview":"max-video-preview:-1"},"canonical":"https:\/\/www.analoggwerz.com\/en\/product\/adaptateur-de-carte-sd-microsd-vers-iphone-lightning\/","og_locale":"en_US","og_type":"article","og_title":"Adaptateur de carte SD \/ microSD vers iPhone (Lightning) est disponible sur la boutique !","og_description":"Cliquez ici pour d\u00e9couvrir Adaptateur de carte SD \/ microSD vers iPhone (Lightning) sur la boutique.","og_url":"https:\/\/www.analoggwerz.com\/en\/product\/adaptateur-de-carte-sd-microsd-vers-iphone-lightning\/","og_site_name":"Analog Gwerz","article_modified_time":"2025-10-31T21:55:00+00:00","og_image":[{"width":2560,"height":1920,"url":"https:\/\/www.analoggwerz.com\/wp-content\/uploads\/2025\/07\/img_1950-scaled.jpeg","type":"image\/jpeg"}],"twitter_card":"summary_large_image","twitter_misc":{"Est. reading time":"1 minute"},"schema":{"@context":"https:\/\/schema.org","@graph":[{"@type":"WebPage","@id":"https:\/\/www.analoggwerz.com\/produit\/adaptateur-de-carte-sd-microsd-vers-iphone-lightning\/","url":"https:\/\/www.analoggwerz.com\/produit\/adaptateur-de-carte-sd-microsd-vers-iphone-lightning\/","name":"Adaptateur de carte SD \/ microSD vers iPhone (Lightning) est disponible sur la boutique !","isPartOf":{"@id":"https:\/\/www.analoggwerz.com\/#website"},"primaryImageOfPage":{"@id":"https:\/\/www.analoggwerz.com\/produit\/adaptateur-de-carte-sd-microsd-vers-iphone-lightning\/#primaryimage"},"image":{"@id":"https:\/\/www.analoggwerz.com\/produit\/adaptateur-de-carte-sd-microsd-vers-iphone-lightning\/#primaryimage"},"thumbnailUrl":"https:\/\/www.analoggwerz.com\/wp-content\/uploads\/2025\/07\/img_1950-scaled.jpeg","datePublished":"2025-07-27T11:32:36+00:00","dateModified":"2025-10-31T21:55:00+00:00","description":"Cliquez ici pour d\u00e9couvrir Adaptateur de carte SD \/ microSD vers iPhone (Lightning) sur la boutique.","breadcrumb":{"@id":"https:\/\/www.analoggwerz.com\/produit\/adaptateur-de-carte-sd-microsd-vers-iphone-lightning\/#breadcrumb"},"inLanguage":"en-US","potentialAction":[{"@type":"ReadAction","target":["https:\/\/www.analoggwerz.com\/produit\/adaptateur-de-carte-sd-microsd-vers-iphone-lightning\/"]}]},{"@type":"ImageObject","inLanguage":"en-US","@id":"https:\/\/www.analoggwerz.com\/produit\/adaptateur-de-carte-sd-microsd-vers-iphone-lightning\/#primaryimage","url":"https:\/\/www.analoggwerz.com\/wp-content\/uploads\/2025\/07\/img_1950-scaled.jpeg","contentUrl":"https:\/\/www.analoggwerz.com\/wp-content\/uploads\/2025\/07\/img_1950-scaled.jpeg","width":2560,"height":1920},{"@type":"BreadcrumbList","@id":"https:\/\/www.analoggwerz.com\/produit\/adaptateur-de-carte-sd-microsd-vers-iphone-lightning\/#breadcrumb","itemListElement":[{"@type":"ListItem","position":1,"name":"Accueil","item":"https:\/\/www.analoggwerz.com\/"},{"@type":"ListItem","position":2,"name":"Boutique","item":"https:\/\/www.analoggwerz.com\/shop\/"},{"@type":"ListItem","position":3,"name":"Adaptateur de carte SD \/ microSD vers iPhone (Lightning)"}]},{"@type":"WebSite","@id":"https:\/\/www.analoggwerz.com\/#website","url":"https:\/\/www.analoggwerz.com\/","name":"Analog Gwerz","description":"Pas besoin de neuf pour capturer l&#039;instant !","publisher":{"@id":"https:\/\/www.analoggwerz.com\/#organization"},"potentialAction":[{"@type":"SearchAction","target":{"@type":"EntryPoint","urlTemplate":"https:\/\/www.analoggwerz.com\/?s={search_term_string}"},"query-input":{"@type":"PropertyValueSpecification","valueRequired":true,"valueName":"search_term_string"}}],"inLanguage":"en-US"},{"@type":"Organization","@id":"https:\/\/www.analoggwerz.com\/#organization","name":"Analog Gwerz","url":"https:\/\/www.analoggwerz.com\/","logo":{"@type":"ImageObject","inLanguage":"en-US","@id":"https:\/\/www.analoggwerz.com\/#\/schema\/logo\/image\/","url":"https:\/\/www.analoggwerz.com\/wp-content\/uploads\/2025\/10\/000-LOGO-ANALOG-GWERZ-NOIR-1.png","contentUrl":"https:\/\/www.analoggwerz.com\/wp-content\/uploads\/2025\/10\/000-LOGO-ANALOG-GWERZ-NOIR-1.png","width":800,"height":407,"caption":"Analog Gwerz"},"image":{"@id":"https:\/\/www.analoggwerz.com\/#\/schema\/logo\/image\/"},"sameAs":["https:\/\/www.instagram.com\/analog_gwerz\/","https:\/\/www.tiktok.com\/@analog_gwerz"]}]}},"jetpack_sharing_enabled":true,"_links":{"self":[{"href":"https:\/\/www.analoggwerz.com\/en\/wp-json\/wp\/v2\/product\/7403","targetHints":{"allow":["GET"]}}],"collection":[{"href":"https:\/\/www.analoggwerz.com\/en\/wp-json\/wp\/v2\/product"}],"about":[{"href":"https:\/\/www.analoggwerz.com\/en\/wp-json\/wp\/v2\/types\/product"}],"wp:featuredmedia":[{"embeddable":true,"href":"https:\/\/www.analoggwerz.com\/en\/wp-json\/wp\/v2\/media\/7402"}],"wp:attachment":[{"href":"https:\/\/www.analoggwerz.com\/en\/wp-json\/wp\/v2\/media?parent=7403"}],"wp:term":[{"taxonomy":"product_brand","embeddable":true,"href":"https:\/\/www.analoggwerz.com\/en\/wp-json\/wp\/v2\/product_brand?post=7403"},{"taxonomy":"product_cat","embeddable":true,"href":"https:\/\/www.analoggwerz.com\/en\/wp-json\/wp\/v2\/product_cat?post=7403"},{"taxonomy":"product_tag","embeddable":true,"href":"https:\/\/www.analoggwerz.com\/en\/wp-json\/wp\/v2\/product_tag?post=7403"}],"curies":[{"name":"wp","href":"https:\/\/api.w.org\/{rel}","templated":true}]}}