{"id":7359,"date":"2025-07-27T07:50:37","date_gmt":"2025-07-27T07:50:37","guid":{"rendered":"https:\/\/www.analoggwerz.com\/produit\/pellicule-couleur-perimee-fg-plus-200-iso-rare-version-28-poses\/"},"modified":"2025-10-31T21:55:01","modified_gmt":"2025-10-31T21:55:01","slug":"pellicule-couleur-perimee-fg-plus-200-iso-rare-version-28-poses","status":"publish","type":"product","link":"https:\/\/www.analoggwerz.com\/en\/product\/pellicule-couleur-perimee-fg-plus-200-iso-rare-version-28-poses\/","title":{"rendered":"Pellicule couleur p\u00e9rim\u00e9e FG Plus 200 ISO \u2013 rare version 28 poses"},"content":{"rendered":"<p>N\u2019h\u00e9sitez pas \u00e0 vous abonner \u00e0 mon Instagram (@analog_gwerz) si vous aimez la photo et les appareils.<\/p>\n<p>Pellicule couleur p\u00e9rim\u00e9e FG Plus 200 ISO \u2013 rare version 28 poses, parfaite pour ceux qui aiment l\u2019impr\u00e9vu et les effets vintage.<\/p>\n<p>\ud83e\uddfe P\u00e9rim\u00e9e \u2013 conserv\u00e9e \u00e0 l\u2019abri. Colorim\u00e9trie incertaine mais exploitable pour des rendus cr\u00e9atifs.<\/p>\n<p>\ud83d\udcf7 Format 135 \/ 28 poses<\/p>\n<p>\ud83c\udfa8 Couleur \/ ISO 200<\/p>","protected":false},"excerpt":{"rendered":"<p>N\u2019h\u00e9sitez pas \u00e0 vous abonner \u00e0 mon Instagram (@analog_gwerz) si vous aimez la photo et les appareils. Pellicule couleur p\u00e9rim\u00e9e FG Plus 200 ISO \u2013 rare version 28 poses, parfaite pour ceux qui aiment l\u2019impr\u00e9vu et les effets vintage. \ud83e\uddfe P\u00e9rim\u00e9e \u2013 conserv\u00e9e \u00e0 l\u2019abri. Colorim\u00e9trie incertaine mais exploitable pour des rendus cr\u00e9atifs. \ud83d\udcf7 Format [&hellip;]<\/p>\n","protected":false},"featured_media":7356,"template":"","meta":[],"product_brand":[],"product_cat":[135,133],"product_tag":[],"class_list":{"0":"post-7359","1":"product","2":"type-product","3":"status-publish","4":"has-post-thumbnail","6":"product_cat-35-mm-couleurs","7":"product_cat-pellicules-argentiques","9":"first","10":"outofstock","11":"purchasable","12":"product-type-simple"},"yoast_head":"<!-- This site is optimized with the Yoast SEO plugin v27.5 - https:\/\/yoast.com\/product\/yoast-seo-wordpress\/ -->\n<title>Pellicule couleur p\u00e9rim\u00e9e FG Plus 200 ISO \u2013 rare version 28 poses est disponible sur la boutique !<\/title>\n<meta name=\"description\" content=\"Cliquez ici pour d\u00e9couvrir Pellicule couleur p\u00e9rim\u00e9e FG Plus 200 ISO \u2013 rare version 28 poses sur la boutique.\" \/>\n<meta name=\"robots\" content=\"index, follow, max-snippet:-1, max-image-preview:large, max-video-preview:-1\" \/>\n<link rel=\"canonical\" href=\"https:\/\/www.analoggwerz.com\/en\/product\/pellicule-couleur-perimee-fg-plus-200-iso-rare-version-28-poses\/\" \/>\n<meta property=\"og:locale\" content=\"en_US\" \/>\n<meta property=\"og:type\" content=\"article\" \/>\n<meta property=\"og:title\" content=\"Pellicule couleur p\u00e9rim\u00e9e FG Plus 200 ISO \u2013 rare version 28 poses est disponible sur la boutique !\" \/>\n<meta property=\"og:description\" content=\"Cliquez ici pour d\u00e9couvrir Pellicule couleur p\u00e9rim\u00e9e FG Plus 200 ISO \u2013 rare version 28 poses sur la boutique.\" \/>\n<meta property=\"og:url\" content=\"https:\/\/www.analoggwerz.com\/en\/product\/pellicule-couleur-perimee-fg-plus-200-iso-rare-version-28-poses\/\" \/>\n<meta property=\"og:site_name\" content=\"Analog Gwerz\" \/>\n<meta property=\"article:modified_time\" content=\"2025-10-31T21:55:01+00:00\" \/>\n<meta property=\"og:image\" content=\"https:\/\/www.analoggwerz.com\/wp-content\/uploads\/2025\/07\/img_1984-scaled.jpeg\" \/>\n\t<meta property=\"og:image:width\" content=\"2560\" \/>\n\t<meta property=\"og:image:height\" content=\"1920\" \/>\n\t<meta property=\"og:image:type\" content=\"image\/jpeg\" \/>\n<meta name=\"twitter:card\" content=\"summary_large_image\" \/>\n<script type=\"application\/ld+json\" class=\"yoast-schema-graph\">{\"@context\":\"https:\\\/\\\/schema.org\",\"@graph\":[{\"@type\":\"WebPage\",\"@id\":\"https:\\\/\\\/www.analoggwerz.com\\\/produit\\\/pellicule-couleur-perimee-fg-plus-200-iso-rare-version-28-poses\\\/\",\"url\":\"https:\\\/\\\/www.analoggwerz.com\\\/produit\\\/pellicule-couleur-perimee-fg-plus-200-iso-rare-version-28-poses\\\/\",\"name\":\"Pellicule couleur p\u00e9rim\u00e9e FG Plus 200 ISO \u2013 rare version 28 poses est disponible sur la boutique !\",\"isPartOf\":{\"@id\":\"https:\\\/\\\/www.analoggwerz.com\\\/#website\"},\"primaryImageOfPage\":{\"@id\":\"https:\\\/\\\/www.analoggwerz.com\\\/produit\\\/pellicule-couleur-perimee-fg-plus-200-iso-rare-version-28-poses\\\/#primaryimage\"},\"image\":{\"@id\":\"https:\\\/\\\/www.analoggwerz.com\\\/produit\\\/pellicule-couleur-perimee-fg-plus-200-iso-rare-version-28-poses\\\/#primaryimage\"},\"thumbnailUrl\":\"https:\\\/\\\/www.analoggwerz.com\\\/wp-content\\\/uploads\\\/2025\\\/07\\\/img_1984-scaled.jpeg\",\"datePublished\":\"2025-07-27T07:50:37+00:00\",\"dateModified\":\"2025-10-31T21:55:01+00:00\",\"description\":\"Cliquez ici pour d\u00e9couvrir Pellicule couleur p\u00e9rim\u00e9e FG Plus 200 ISO \u2013 rare version 28 poses sur la boutique.\",\"breadcrumb\":{\"@id\":\"https:\\\/\\\/www.analoggwerz.com\\\/produit\\\/pellicule-couleur-perimee-fg-plus-200-iso-rare-version-28-poses\\\/#breadcrumb\"},\"inLanguage\":\"en-US\",\"potentialAction\":[{\"@type\":\"ReadAction\",\"target\":[\"https:\\\/\\\/www.analoggwerz.com\\\/produit\\\/pellicule-couleur-perimee-fg-plus-200-iso-rare-version-28-poses\\\/\"]}]},{\"@type\":\"ImageObject\",\"inLanguage\":\"en-US\",\"@id\":\"https:\\\/\\\/www.analoggwerz.com\\\/produit\\\/pellicule-couleur-perimee-fg-plus-200-iso-rare-version-28-poses\\\/#primaryimage\",\"url\":\"https:\\\/\\\/www.analoggwerz.com\\\/wp-content\\\/uploads\\\/2025\\\/07\\\/img_1984-scaled.jpeg\",\"contentUrl\":\"https:\\\/\\\/www.analoggwerz.com\\\/wp-content\\\/uploads\\\/2025\\\/07\\\/img_1984-scaled.jpeg\",\"width\":2560,\"height\":1920},{\"@type\":\"BreadcrumbList\",\"@id\":\"https:\\\/\\\/www.analoggwerz.com\\\/produit\\\/pellicule-couleur-perimee-fg-plus-200-iso-rare-version-28-poses\\\/#breadcrumb\",\"itemListElement\":[{\"@type\":\"ListItem\",\"position\":1,\"name\":\"Accueil\",\"item\":\"https:\\\/\\\/www.analoggwerz.com\\\/\"},{\"@type\":\"ListItem\",\"position\":2,\"name\":\"Boutique\",\"item\":\"https:\\\/\\\/www.analoggwerz.com\\\/shop\\\/\"},{\"@type\":\"ListItem\",\"position\":3,\"name\":\"Pellicule couleur p\u00e9rim\u00e9e FG Plus 200 ISO \u2013 rare version 28 poses\"}]},{\"@type\":\"WebSite\",\"@id\":\"https:\\\/\\\/www.analoggwerz.com\\\/#website\",\"url\":\"https:\\\/\\\/www.analoggwerz.com\\\/\",\"name\":\"Analog Gwerz\",\"description\":\"Pas besoin de neuf pour capturer l&#039;instant !\",\"publisher\":{\"@id\":\"https:\\\/\\\/www.analoggwerz.com\\\/#organization\"},\"potentialAction\":[{\"@type\":\"SearchAction\",\"target\":{\"@type\":\"EntryPoint\",\"urlTemplate\":\"https:\\\/\\\/www.analoggwerz.com\\\/?s={search_term_string}\"},\"query-input\":{\"@type\":\"PropertyValueSpecification\",\"valueRequired\":true,\"valueName\":\"search_term_string\"}}],\"inLanguage\":\"en-US\"},{\"@type\":\"Organization\",\"@id\":\"https:\\\/\\\/www.analoggwerz.com\\\/#organization\",\"name\":\"Analog Gwerz\",\"url\":\"https:\\\/\\\/www.analoggwerz.com\\\/\",\"logo\":{\"@type\":\"ImageObject\",\"inLanguage\":\"en-US\",\"@id\":\"https:\\\/\\\/www.analoggwerz.com\\\/#\\\/schema\\\/logo\\\/image\\\/\",\"url\":\"https:\\\/\\\/www.analoggwerz.com\\\/wp-content\\\/uploads\\\/2025\\\/10\\\/000-LOGO-ANALOG-GWERZ-NOIR-1.png\",\"contentUrl\":\"https:\\\/\\\/www.analoggwerz.com\\\/wp-content\\\/uploads\\\/2025\\\/10\\\/000-LOGO-ANALOG-GWERZ-NOIR-1.png\",\"width\":800,\"height\":407,\"caption\":\"Analog Gwerz\"},\"image\":{\"@id\":\"https:\\\/\\\/www.analoggwerz.com\\\/#\\\/schema\\\/logo\\\/image\\\/\"},\"sameAs\":[\"https:\\\/\\\/www.instagram.com\\\/analog_gwerz\\\/\",\"https:\\\/\\\/www.tiktok.com\\\/@analog_gwerz\"]}]}<\/script>\n<!-- \/ Yoast SEO plugin. -->","yoast_head_json":{"title":"Pellicule couleur p\u00e9rim\u00e9e FG Plus 200 ISO \u2013 rare version 28 poses est disponible sur la boutique !","description":"Cliquez ici pour d\u00e9couvrir Pellicule couleur p\u00e9rim\u00e9e FG Plus 200 ISO \u2013 rare version 28 poses sur la boutique.","robots":{"index":"index","follow":"follow","max-snippet":"max-snippet:-1","max-image-preview":"max-image-preview:large","max-video-preview":"max-video-preview:-1"},"canonical":"https:\/\/www.analoggwerz.com\/en\/product\/pellicule-couleur-perimee-fg-plus-200-iso-rare-version-28-poses\/","og_locale":"en_US","og_type":"article","og_title":"Pellicule couleur p\u00e9rim\u00e9e FG Plus 200 ISO \u2013 rare version 28 poses est disponible sur la boutique !","og_description":"Cliquez ici pour d\u00e9couvrir Pellicule couleur p\u00e9rim\u00e9e FG Plus 200 ISO \u2013 rare version 28 poses sur la boutique.","og_url":"https:\/\/www.analoggwerz.com\/en\/product\/pellicule-couleur-perimee-fg-plus-200-iso-rare-version-28-poses\/","og_site_name":"Analog Gwerz","article_modified_time":"2025-10-31T21:55:01+00:00","og_image":[{"width":2560,"height":1920,"url":"https:\/\/www.analoggwerz.com\/wp-content\/uploads\/2025\/07\/img_1984-scaled.jpeg","type":"image\/jpeg"}],"twitter_card":"summary_large_image","schema":{"@context":"https:\/\/schema.org","@graph":[{"@type":"WebPage","@id":"https:\/\/www.analoggwerz.com\/produit\/pellicule-couleur-perimee-fg-plus-200-iso-rare-version-28-poses\/","url":"https:\/\/www.analoggwerz.com\/produit\/pellicule-couleur-perimee-fg-plus-200-iso-rare-version-28-poses\/","name":"Pellicule couleur p\u00e9rim\u00e9e FG Plus 200 ISO \u2013 rare version 28 poses est disponible sur la boutique !","isPartOf":{"@id":"https:\/\/www.analoggwerz.com\/#website"},"primaryImageOfPage":{"@id":"https:\/\/www.analoggwerz.com\/produit\/pellicule-couleur-perimee-fg-plus-200-iso-rare-version-28-poses\/#primaryimage"},"image":{"@id":"https:\/\/www.analoggwerz.com\/produit\/pellicule-couleur-perimee-fg-plus-200-iso-rare-version-28-poses\/#primaryimage"},"thumbnailUrl":"https:\/\/www.analoggwerz.com\/wp-content\/uploads\/2025\/07\/img_1984-scaled.jpeg","datePublished":"2025-07-27T07:50:37+00:00","dateModified":"2025-10-31T21:55:01+00:00","description":"Cliquez ici pour d\u00e9couvrir Pellicule couleur p\u00e9rim\u00e9e FG Plus 200 ISO \u2013 rare version 28 poses sur la boutique.","breadcrumb":{"@id":"https:\/\/www.analoggwerz.com\/produit\/pellicule-couleur-perimee-fg-plus-200-iso-rare-version-28-poses\/#breadcrumb"},"inLanguage":"en-US","potentialAction":[{"@type":"ReadAction","target":["https:\/\/www.analoggwerz.com\/produit\/pellicule-couleur-perimee-fg-plus-200-iso-rare-version-28-poses\/"]}]},{"@type":"ImageObject","inLanguage":"en-US","@id":"https:\/\/www.analoggwerz.com\/produit\/pellicule-couleur-perimee-fg-plus-200-iso-rare-version-28-poses\/#primaryimage","url":"https:\/\/www.analoggwerz.com\/wp-content\/uploads\/2025\/07\/img_1984-scaled.jpeg","contentUrl":"https:\/\/www.analoggwerz.com\/wp-content\/uploads\/2025\/07\/img_1984-scaled.jpeg","width":2560,"height":1920},{"@type":"BreadcrumbList","@id":"https:\/\/www.analoggwerz.com\/produit\/pellicule-couleur-perimee-fg-plus-200-iso-rare-version-28-poses\/#breadcrumb","itemListElement":[{"@type":"ListItem","position":1,"name":"Accueil","item":"https:\/\/www.analoggwerz.com\/"},{"@type":"ListItem","position":2,"name":"Boutique","item":"https:\/\/www.analoggwerz.com\/shop\/"},{"@type":"ListItem","position":3,"name":"Pellicule couleur p\u00e9rim\u00e9e FG Plus 200 ISO \u2013 rare version 28 poses"}]},{"@type":"WebSite","@id":"https:\/\/www.analoggwerz.com\/#website","url":"https:\/\/www.analoggwerz.com\/","name":"Analog Gwerz","description":"Pas besoin de neuf pour capturer l&#039;instant !","publisher":{"@id":"https:\/\/www.analoggwerz.com\/#organization"},"potentialAction":[{"@type":"SearchAction","target":{"@type":"EntryPoint","urlTemplate":"https:\/\/www.analoggwerz.com\/?s={search_term_string}"},"query-input":{"@type":"PropertyValueSpecification","valueRequired":true,"valueName":"search_term_string"}}],"inLanguage":"en-US"},{"@type":"Organization","@id":"https:\/\/www.analoggwerz.com\/#organization","name":"Analog Gwerz","url":"https:\/\/www.analoggwerz.com\/","logo":{"@type":"ImageObject","inLanguage":"en-US","@id":"https:\/\/www.analoggwerz.com\/#\/schema\/logo\/image\/","url":"https:\/\/www.analoggwerz.com\/wp-content\/uploads\/2025\/10\/000-LOGO-ANALOG-GWERZ-NOIR-1.png","contentUrl":"https:\/\/www.analoggwerz.com\/wp-content\/uploads\/2025\/10\/000-LOGO-ANALOG-GWERZ-NOIR-1.png","width":800,"height":407,"caption":"Analog Gwerz"},"image":{"@id":"https:\/\/www.analoggwerz.com\/#\/schema\/logo\/image\/"},"sameAs":["https:\/\/www.instagram.com\/analog_gwerz\/","https:\/\/www.tiktok.com\/@analog_gwerz"]}]}},"jetpack_sharing_enabled":true,"_links":{"self":[{"href":"https:\/\/www.analoggwerz.com\/en\/wp-json\/wp\/v2\/product\/7359","targetHints":{"allow":["GET"]}}],"collection":[{"href":"https:\/\/www.analoggwerz.com\/en\/wp-json\/wp\/v2\/product"}],"about":[{"href":"https:\/\/www.analoggwerz.com\/en\/wp-json\/wp\/v2\/types\/product"}],"wp:featuredmedia":[{"embeddable":true,"href":"https:\/\/www.analoggwerz.com\/en\/wp-json\/wp\/v2\/media\/7356"}],"wp:attachment":[{"href":"https:\/\/www.analoggwerz.com\/en\/wp-json\/wp\/v2\/media?parent=7359"}],"wp:term":[{"taxonomy":"product_brand","embeddable":true,"href":"https:\/\/www.analoggwerz.com\/en\/wp-json\/wp\/v2\/product_brand?post=7359"},{"taxonomy":"product_cat","embeddable":true,"href":"https:\/\/www.analoggwerz.com\/en\/wp-json\/wp\/v2\/product_cat?post=7359"},{"taxonomy":"product_tag","embeddable":true,"href":"https:\/\/www.analoggwerz.com\/en\/wp-json\/wp\/v2\/product_tag?post=7359"}],"curies":[{"name":"wp","href":"https:\/\/api.w.org\/{rel}","templated":true}]}}