{"id":7355,"date":"2025-07-27T07:46:59","date_gmt":"2025-07-27T07:46:59","guid":{"rendered":"https:\/\/www.analoggwerz.com\/produit\/pellicule-couleur-35mm-dn-400-24-poses-perimee\/"},"modified":"2025-10-31T21:55:01","modified_gmt":"2025-10-31T21:55:01","slug":"pellicule-couleur-35mm-dn-400-24-poses-perimee","status":"publish","type":"product","link":"https:\/\/www.analoggwerz.com\/en\/product\/pellicule-couleur-35mm-dn-400-24-poses-perimee\/","title":{"rendered":"Pellicule couleur 35mm DN 400 \u2013 24 poses p\u00e9rim\u00e9e"},"content":{"rendered":"<p>\ud83d\udcf8 Pellicule couleur 35mm DN 400 \u2013 24 poses<\/p>\n<p>\ud83d\udcac N\u2019h\u00e9sitez pas \u00e0 vous abonner \u00e0 mon Instagram (@analog_gwerz) si vous aimez la photo et les appareils.<\/p>\n<p>Pellicule couleur 35mm ISO 400, 24 poses, vendue avec sa cartouche de protection.<\/p>\n<p>Mod\u00e8le g\u00e9n\u00e9rique type Kodak Gold, sous marque DN.<\/p>\n<p>Elle n\u2019a jamais \u00e9t\u00e9 utilis\u00e9e, mais est p\u00e9rim\u00e9e (date non lisible), donc parfaite pour des effets cr\u00e9atifs, al\u00e9atoires, vintage ou exp\u00e9rimentaux (dominantes color\u00e9es, contraste variable, etc.).<\/p>\n<p>\ud83c\udf9e\ufe0f Compatible avec tous les appareils 35mm : reflex, compacts, t\u00e9l\u00e9m\u00e9triques\u2026<\/p>\n<p>\ud83d\udce6 Caract\u00e9ristiques :<\/p>\n<p>\u2013 Format : 35mm<\/p>\n<p>\u2013 Sensibilit\u00e9 : ISO 400<\/p>\n<p>\u2013 Nombre de poses : 24<\/p>\n<p>\u2013 Type : Couleur, n\u00e9gatif<\/p>\n<p>\u2013 D\u00e9veloppement : C-41 (standard)<\/p>\n<p>\ud83d\udcc5 P\u00e9rim\u00e9e \u2014 \u00e0 utiliser pour un rendu cr\u00e9atif<\/p>","protected":false},"excerpt":{"rendered":"<p>\ud83d\udcf8 Pellicule couleur 35mm DN 400 \u2013 24 poses \ud83d\udcac N\u2019h\u00e9sitez pas \u00e0 vous abonner \u00e0 mon Instagram (@analog_gwerz) si vous aimez la photo et les appareils. Pellicule couleur 35mm ISO 400, 24 poses, vendue avec sa cartouche de protection. Mod\u00e8le g\u00e9n\u00e9rique type Kodak Gold, sous marque DN. Elle n\u2019a jamais \u00e9t\u00e9 utilis\u00e9e, mais est [&hellip;]<\/p>\n","protected":false},"featured_media":7353,"template":"","meta":[],"product_brand":[],"product_cat":[135,133],"product_tag":[],"class_list":{"0":"post-7355","1":"product","2":"type-product","3":"status-publish","4":"has-post-thumbnail","6":"product_cat-35-mm-couleurs","7":"product_cat-pellicules-argentiques","9":"first","10":"outofstock","11":"purchasable","12":"product-type-simple"},"yoast_head":"<!-- This site is optimized with the Yoast SEO plugin v27.5 - https:\/\/yoast.com\/product\/yoast-seo-wordpress\/ -->\n<title>Pellicule couleur 35mm DN 400 \u2013 24 poses p\u00e9rim\u00e9e est disponible sur la boutique !<\/title>\n<meta name=\"description\" content=\"Cliquez ici pour d\u00e9couvrir Pellicule couleur 35mm DN 400 \u2013 24 poses p\u00e9rim\u00e9e sur la boutique.\" \/>\n<meta name=\"robots\" content=\"index, follow, max-snippet:-1, max-image-preview:large, max-video-preview:-1\" \/>\n<link rel=\"canonical\" href=\"https:\/\/www.analoggwerz.com\/en\/product\/pellicule-couleur-35mm-dn-400-24-poses-perimee\/\" \/>\n<meta property=\"og:locale\" content=\"en_US\" \/>\n<meta property=\"og:type\" content=\"article\" \/>\n<meta property=\"og:title\" content=\"Pellicule couleur 35mm DN 400 \u2013 24 poses p\u00e9rim\u00e9e est disponible sur la boutique !\" \/>\n<meta property=\"og:description\" content=\"Cliquez ici pour d\u00e9couvrir Pellicule couleur 35mm DN 400 \u2013 24 poses p\u00e9rim\u00e9e sur la boutique.\" \/>\n<meta property=\"og:url\" content=\"https:\/\/www.analoggwerz.com\/en\/product\/pellicule-couleur-35mm-dn-400-24-poses-perimee\/\" \/>\n<meta property=\"og:site_name\" content=\"Analog Gwerz\" \/>\n<meta property=\"article:modified_time\" content=\"2025-10-31T21:55:01+00:00\" \/>\n<meta property=\"og:image\" content=\"https:\/\/www.analoggwerz.com\/wp-content\/uploads\/2025\/07\/img_1987-scaled.jpeg\" \/>\n\t<meta property=\"og:image:width\" content=\"2560\" \/>\n\t<meta property=\"og:image:height\" content=\"1920\" \/>\n\t<meta property=\"og:image:type\" content=\"image\/jpeg\" \/>\n<meta name=\"twitter:card\" content=\"summary_large_image\" \/>\n<meta name=\"twitter:label1\" content=\"Est. reading time\" \/>\n\t<meta name=\"twitter:data1\" content=\"1 minute\" \/>\n<script type=\"application\/ld+json\" class=\"yoast-schema-graph\">{\"@context\":\"https:\\\/\\\/schema.org\",\"@graph\":[{\"@type\":\"WebPage\",\"@id\":\"https:\\\/\\\/www.analoggwerz.com\\\/produit\\\/pellicule-couleur-35mm-dn-400-24-poses-perimee\\\/\",\"url\":\"https:\\\/\\\/www.analoggwerz.com\\\/produit\\\/pellicule-couleur-35mm-dn-400-24-poses-perimee\\\/\",\"name\":\"Pellicule couleur 35mm DN 400 \u2013 24 poses p\u00e9rim\u00e9e est disponible sur la boutique !\",\"isPartOf\":{\"@id\":\"https:\\\/\\\/www.analoggwerz.com\\\/#website\"},\"primaryImageOfPage\":{\"@id\":\"https:\\\/\\\/www.analoggwerz.com\\\/produit\\\/pellicule-couleur-35mm-dn-400-24-poses-perimee\\\/#primaryimage\"},\"image\":{\"@id\":\"https:\\\/\\\/www.analoggwerz.com\\\/produit\\\/pellicule-couleur-35mm-dn-400-24-poses-perimee\\\/#primaryimage\"},\"thumbnailUrl\":\"https:\\\/\\\/www.analoggwerz.com\\\/wp-content\\\/uploads\\\/2025\\\/07\\\/img_1987-scaled.jpeg\",\"datePublished\":\"2025-07-27T07:46:59+00:00\",\"dateModified\":\"2025-10-31T21:55:01+00:00\",\"description\":\"Cliquez ici pour d\u00e9couvrir Pellicule couleur 35mm DN 400 \u2013 24 poses p\u00e9rim\u00e9e sur la boutique.\",\"breadcrumb\":{\"@id\":\"https:\\\/\\\/www.analoggwerz.com\\\/produit\\\/pellicule-couleur-35mm-dn-400-24-poses-perimee\\\/#breadcrumb\"},\"inLanguage\":\"en-US\",\"potentialAction\":[{\"@type\":\"ReadAction\",\"target\":[\"https:\\\/\\\/www.analoggwerz.com\\\/produit\\\/pellicule-couleur-35mm-dn-400-24-poses-perimee\\\/\"]}]},{\"@type\":\"ImageObject\",\"inLanguage\":\"en-US\",\"@id\":\"https:\\\/\\\/www.analoggwerz.com\\\/produit\\\/pellicule-couleur-35mm-dn-400-24-poses-perimee\\\/#primaryimage\",\"url\":\"https:\\\/\\\/www.analoggwerz.com\\\/wp-content\\\/uploads\\\/2025\\\/07\\\/img_1987-scaled.jpeg\",\"contentUrl\":\"https:\\\/\\\/www.analoggwerz.com\\\/wp-content\\\/uploads\\\/2025\\\/07\\\/img_1987-scaled.jpeg\",\"width\":2560,\"height\":1920},{\"@type\":\"BreadcrumbList\",\"@id\":\"https:\\\/\\\/www.analoggwerz.com\\\/produit\\\/pellicule-couleur-35mm-dn-400-24-poses-perimee\\\/#breadcrumb\",\"itemListElement\":[{\"@type\":\"ListItem\",\"position\":1,\"name\":\"Accueil\",\"item\":\"https:\\\/\\\/www.analoggwerz.com\\\/\"},{\"@type\":\"ListItem\",\"position\":2,\"name\":\"Boutique\",\"item\":\"https:\\\/\\\/www.analoggwerz.com\\\/shop\\\/\"},{\"@type\":\"ListItem\",\"position\":3,\"name\":\"Pellicule couleur 35mm DN 400 \u2013 24 poses p\u00e9rim\u00e9e\"}]},{\"@type\":\"WebSite\",\"@id\":\"https:\\\/\\\/www.analoggwerz.com\\\/#website\",\"url\":\"https:\\\/\\\/www.analoggwerz.com\\\/\",\"name\":\"Analog Gwerz\",\"description\":\"Pas besoin de neuf pour capturer l&#039;instant !\",\"publisher\":{\"@id\":\"https:\\\/\\\/www.analoggwerz.com\\\/#organization\"},\"potentialAction\":[{\"@type\":\"SearchAction\",\"target\":{\"@type\":\"EntryPoint\",\"urlTemplate\":\"https:\\\/\\\/www.analoggwerz.com\\\/?s={search_term_string}\"},\"query-input\":{\"@type\":\"PropertyValueSpecification\",\"valueRequired\":true,\"valueName\":\"search_term_string\"}}],\"inLanguage\":\"en-US\"},{\"@type\":\"Organization\",\"@id\":\"https:\\\/\\\/www.analoggwerz.com\\\/#organization\",\"name\":\"Analog Gwerz\",\"url\":\"https:\\\/\\\/www.analoggwerz.com\\\/\",\"logo\":{\"@type\":\"ImageObject\",\"inLanguage\":\"en-US\",\"@id\":\"https:\\\/\\\/www.analoggwerz.com\\\/#\\\/schema\\\/logo\\\/image\\\/\",\"url\":\"https:\\\/\\\/www.analoggwerz.com\\\/wp-content\\\/uploads\\\/2025\\\/10\\\/000-LOGO-ANALOG-GWERZ-NOIR-1.png\",\"contentUrl\":\"https:\\\/\\\/www.analoggwerz.com\\\/wp-content\\\/uploads\\\/2025\\\/10\\\/000-LOGO-ANALOG-GWERZ-NOIR-1.png\",\"width\":800,\"height\":407,\"caption\":\"Analog Gwerz\"},\"image\":{\"@id\":\"https:\\\/\\\/www.analoggwerz.com\\\/#\\\/schema\\\/logo\\\/image\\\/\"},\"sameAs\":[\"https:\\\/\\\/www.instagram.com\\\/analog_gwerz\\\/\",\"https:\\\/\\\/www.tiktok.com\\\/@analog_gwerz\"]}]}<\/script>\n<!-- \/ Yoast SEO plugin. -->","yoast_head_json":{"title":"Pellicule couleur 35mm DN 400 \u2013 24 poses p\u00e9rim\u00e9e est disponible sur la boutique !","description":"Cliquez ici pour d\u00e9couvrir Pellicule couleur 35mm DN 400 \u2013 24 poses p\u00e9rim\u00e9e sur la boutique.","robots":{"index":"index","follow":"follow","max-snippet":"max-snippet:-1","max-image-preview":"max-image-preview:large","max-video-preview":"max-video-preview:-1"},"canonical":"https:\/\/www.analoggwerz.com\/en\/product\/pellicule-couleur-35mm-dn-400-24-poses-perimee\/","og_locale":"en_US","og_type":"article","og_title":"Pellicule couleur 35mm DN 400 \u2013 24 poses p\u00e9rim\u00e9e est disponible sur la boutique !","og_description":"Cliquez ici pour d\u00e9couvrir Pellicule couleur 35mm DN 400 \u2013 24 poses p\u00e9rim\u00e9e sur la boutique.","og_url":"https:\/\/www.analoggwerz.com\/en\/product\/pellicule-couleur-35mm-dn-400-24-poses-perimee\/","og_site_name":"Analog Gwerz","article_modified_time":"2025-10-31T21:55:01+00:00","og_image":[{"width":2560,"height":1920,"url":"https:\/\/www.analoggwerz.com\/wp-content\/uploads\/2025\/07\/img_1987-scaled.jpeg","type":"image\/jpeg"}],"twitter_card":"summary_large_image","twitter_misc":{"Est. reading time":"1 minute"},"schema":{"@context":"https:\/\/schema.org","@graph":[{"@type":"WebPage","@id":"https:\/\/www.analoggwerz.com\/produit\/pellicule-couleur-35mm-dn-400-24-poses-perimee\/","url":"https:\/\/www.analoggwerz.com\/produit\/pellicule-couleur-35mm-dn-400-24-poses-perimee\/","name":"Pellicule couleur 35mm DN 400 \u2013 24 poses p\u00e9rim\u00e9e est disponible sur la boutique !","isPartOf":{"@id":"https:\/\/www.analoggwerz.com\/#website"},"primaryImageOfPage":{"@id":"https:\/\/www.analoggwerz.com\/produit\/pellicule-couleur-35mm-dn-400-24-poses-perimee\/#primaryimage"},"image":{"@id":"https:\/\/www.analoggwerz.com\/produit\/pellicule-couleur-35mm-dn-400-24-poses-perimee\/#primaryimage"},"thumbnailUrl":"https:\/\/www.analoggwerz.com\/wp-content\/uploads\/2025\/07\/img_1987-scaled.jpeg","datePublished":"2025-07-27T07:46:59+00:00","dateModified":"2025-10-31T21:55:01+00:00","description":"Cliquez ici pour d\u00e9couvrir Pellicule couleur 35mm DN 400 \u2013 24 poses p\u00e9rim\u00e9e sur la boutique.","breadcrumb":{"@id":"https:\/\/www.analoggwerz.com\/produit\/pellicule-couleur-35mm-dn-400-24-poses-perimee\/#breadcrumb"},"inLanguage":"en-US","potentialAction":[{"@type":"ReadAction","target":["https:\/\/www.analoggwerz.com\/produit\/pellicule-couleur-35mm-dn-400-24-poses-perimee\/"]}]},{"@type":"ImageObject","inLanguage":"en-US","@id":"https:\/\/www.analoggwerz.com\/produit\/pellicule-couleur-35mm-dn-400-24-poses-perimee\/#primaryimage","url":"https:\/\/www.analoggwerz.com\/wp-content\/uploads\/2025\/07\/img_1987-scaled.jpeg","contentUrl":"https:\/\/www.analoggwerz.com\/wp-content\/uploads\/2025\/07\/img_1987-scaled.jpeg","width":2560,"height":1920},{"@type":"BreadcrumbList","@id":"https:\/\/www.analoggwerz.com\/produit\/pellicule-couleur-35mm-dn-400-24-poses-perimee\/#breadcrumb","itemListElement":[{"@type":"ListItem","position":1,"name":"Accueil","item":"https:\/\/www.analoggwerz.com\/"},{"@type":"ListItem","position":2,"name":"Boutique","item":"https:\/\/www.analoggwerz.com\/shop\/"},{"@type":"ListItem","position":3,"name":"Pellicule couleur 35mm DN 400 \u2013 24 poses p\u00e9rim\u00e9e"}]},{"@type":"WebSite","@id":"https:\/\/www.analoggwerz.com\/#website","url":"https:\/\/www.analoggwerz.com\/","name":"Analog Gwerz","description":"Pas besoin de neuf pour capturer l&#039;instant !","publisher":{"@id":"https:\/\/www.analoggwerz.com\/#organization"},"potentialAction":[{"@type":"SearchAction","target":{"@type":"EntryPoint","urlTemplate":"https:\/\/www.analoggwerz.com\/?s={search_term_string}"},"query-input":{"@type":"PropertyValueSpecification","valueRequired":true,"valueName":"search_term_string"}}],"inLanguage":"en-US"},{"@type":"Organization","@id":"https:\/\/www.analoggwerz.com\/#organization","name":"Analog Gwerz","url":"https:\/\/www.analoggwerz.com\/","logo":{"@type":"ImageObject","inLanguage":"en-US","@id":"https:\/\/www.analoggwerz.com\/#\/schema\/logo\/image\/","url":"https:\/\/www.analoggwerz.com\/wp-content\/uploads\/2025\/10\/000-LOGO-ANALOG-GWERZ-NOIR-1.png","contentUrl":"https:\/\/www.analoggwerz.com\/wp-content\/uploads\/2025\/10\/000-LOGO-ANALOG-GWERZ-NOIR-1.png","width":800,"height":407,"caption":"Analog Gwerz"},"image":{"@id":"https:\/\/www.analoggwerz.com\/#\/schema\/logo\/image\/"},"sameAs":["https:\/\/www.instagram.com\/analog_gwerz\/","https:\/\/www.tiktok.com\/@analog_gwerz"]}]}},"jetpack_sharing_enabled":true,"_links":{"self":[{"href":"https:\/\/www.analoggwerz.com\/en\/wp-json\/wp\/v2\/product\/7355","targetHints":{"allow":["GET"]}}],"collection":[{"href":"https:\/\/www.analoggwerz.com\/en\/wp-json\/wp\/v2\/product"}],"about":[{"href":"https:\/\/www.analoggwerz.com\/en\/wp-json\/wp\/v2\/types\/product"}],"wp:featuredmedia":[{"embeddable":true,"href":"https:\/\/www.analoggwerz.com\/en\/wp-json\/wp\/v2\/media\/7353"}],"wp:attachment":[{"href":"https:\/\/www.analoggwerz.com\/en\/wp-json\/wp\/v2\/media?parent=7355"}],"wp:term":[{"taxonomy":"product_brand","embeddable":true,"href":"https:\/\/www.analoggwerz.com\/en\/wp-json\/wp\/v2\/product_brand?post=7355"},{"taxonomy":"product_cat","embeddable":true,"href":"https:\/\/www.analoggwerz.com\/en\/wp-json\/wp\/v2\/product_cat?post=7355"},{"taxonomy":"product_tag","embeddable":true,"href":"https:\/\/www.analoggwerz.com\/en\/wp-json\/wp\/v2\/product_tag?post=7355"}],"curies":[{"name":"wp","href":"https:\/\/api.w.org\/{rel}","templated":true}]}}