{"id":7326,"date":"2025-07-22T09:55:33","date_gmt":"2025-07-22T09:55:33","guid":{"rendered":"https:\/\/www.analoggwerz.com\/produit\/canon-af35m-2\/"},"modified":"2025-10-31T21:55:01","modified_gmt":"2025-10-31T21:55:01","slug":"canon-af35m-2","status":"publish","type":"product","link":"https:\/\/www.analoggwerz.com\/en\/product\/canon-af35m-2\/","title":{"rendered":"Canon AF35M"},"content":{"rendered":"<p>\ud83d\udcf8<strong> Canon AF35M &#8211; Compact argentique autofocus 38mm f\/2.8<\/strong><\/p>\n<p>\ud83d\udca1<strong> N\u2019h\u00e9sitez pas \u00e0 vous abonner \u00e0 mon Instagram (@analog_gwerz) si vous aimez la photo et les appareils.<\/strong><\/p>\n<p><strong>Premier compact autofocus de Canon, le Canon AF35M (surnomm\u00e9 \u201cAutoboy\u201d ou \u201cSure Shot\u201d selon les march\u00e9s) est un appareil embl\u00e9matique de la fin des ann\u00e9es 70. Son objectif lumineux 38mm f\/2.8, associ\u00e9 \u00e0 un autofocus performant, en fait un excellent compagnon de rue ou de voyage pour celles et ceux qui veulent allier simplicit\u00e9 et qualit\u00e9 d\u2019image. Il dispose d\u2019un flash int\u00e9gr\u00e9, d\u2019un minuteur et d\u2019un syst\u00e8me de rembobinage motoris\u00e9.<\/strong><\/p>\n<p>\ud83d\udd39<strong> Caract\u00e9ristiques principales :<\/strong><\/p>\n<p><strong>\u2013 Objectif Canon 38mm f\/2.8<\/strong><\/p>\n<p><strong>\u2013 Autofocus CAFS<\/strong><\/p>\n<p><strong>\u2013 Chargement et rembobinage motoris\u00e9<\/strong><\/p>\n<p><strong>\u2013 Flash automatique avec indicateur de charge<\/strong><\/p>\n<p><strong>\u2013 Viseur clair avec indications de mise au point<\/strong><\/p>\n<p><strong>\u2013 Fonction retardateur<\/strong><\/p>\n<p><strong>\u2013 Compatible avec les pellicules 35mm (argentique couleur ou noir et blanc)<\/strong><\/p>\n<p>\ud83d\udce6<strong> \u00c9tat g\u00e9n\u00e9ral : Tr\u00e8s bon \u00e9tat de fonctionnement, test\u00e9 avec une pellicule. Quelques marques d\u2019usage superficielles. La lentille est propre et l\u2019autofocus fonctionne bien.<\/strong><\/p>\n<p>\ud83d\udd0b<strong> Alimentation : fonctionne avec 2 piles AA (non fournies)<\/strong><\/p>\n<p>\ud83d\udcf8<strong> Photos contractuelles : l\u2019appareil en vente est exactement celui visible sur les images.<\/strong><\/p>","protected":false},"excerpt":{"rendered":"<p>\ud83d\udcf8 Canon AF35M &#8211; Compact argentique autofocus 38mm f\/2.8 \ud83d\udca1 N\u2019h\u00e9sitez pas \u00e0 vous abonner \u00e0 mon Instagram (@analog_gwerz) si vous aimez la photo et les appareils. Premier compact autofocus de Canon, le Canon AF35M (surnomm\u00e9 \u201cAutoboy\u201d ou \u201cSure Shot\u201d selon les march\u00e9s) est un appareil embl\u00e9matique de la fin des ann\u00e9es 70. Son objectif [&hellip;]<\/p>\n","protected":false},"featured_media":7323,"template":"","meta":[],"product_brand":[],"product_cat":[118,29,111],"product_tag":[],"class_list":{"0":"post-7326","1":"product","2":"type-product","3":"status-publish","4":"has-post-thumbnail","6":"product_cat-appareils-photo","7":"product_cat-argentiques-35mm","8":"product_cat-compacts-argentiques","9":"pa_marque-canon","11":"first","12":"outofstock","13":"purchasable","14":"product-type-simple"},"yoast_head":"<!-- This site is optimized with the Yoast SEO plugin v27.5 - https:\/\/yoast.com\/product\/yoast-seo-wordpress\/ -->\n<title>Canon AF35M est disponible sur la boutique !<\/title>\n<meta name=\"description\" content=\"Cliquez ici pour d\u00e9couvrir Canon AF35M sur la boutique.\" \/>\n<meta name=\"robots\" content=\"index, follow, max-snippet:-1, max-image-preview:large, max-video-preview:-1\" \/>\n<link rel=\"canonical\" href=\"https:\/\/www.analoggwerz.com\/en\/product\/canon-af35m-2\/\" \/>\n<meta property=\"og:locale\" content=\"en_US\" \/>\n<meta property=\"og:type\" content=\"article\" \/>\n<meta property=\"og:title\" content=\"Canon AF35M est disponible sur la boutique !\" \/>\n<meta property=\"og:description\" content=\"Cliquez ici pour d\u00e9couvrir Canon AF35M sur la boutique.\" \/>\n<meta property=\"og:url\" content=\"https:\/\/www.analoggwerz.com\/en\/product\/canon-af35m-2\/\" \/>\n<meta property=\"og:site_name\" content=\"Analog Gwerz\" \/>\n<meta property=\"article:modified_time\" content=\"2025-10-31T21:55:01+00:00\" \/>\n<meta property=\"og:image\" content=\"https:\/\/www.analoggwerz.com\/wp-content\/uploads\/2025\/07\/img_1313-scaled.jpeg\" \/>\n\t<meta property=\"og:image:width\" content=\"2560\" \/>\n\t<meta property=\"og:image:height\" content=\"1920\" \/>\n\t<meta property=\"og:image:type\" content=\"image\/jpeg\" \/>\n<meta name=\"twitter:card\" content=\"summary_large_image\" \/>\n<meta name=\"twitter:label1\" content=\"Est. reading time\" \/>\n\t<meta name=\"twitter:data1\" content=\"1 minute\" \/>\n<script type=\"application\/ld+json\" class=\"yoast-schema-graph\">{\"@context\":\"https:\\\/\\\/schema.org\",\"@graph\":[{\"@type\":\"WebPage\",\"@id\":\"https:\\\/\\\/www.analoggwerz.com\\\/produit\\\/canon-af35m-2\\\/\",\"url\":\"https:\\\/\\\/www.analoggwerz.com\\\/produit\\\/canon-af35m-2\\\/\",\"name\":\"Canon AF35M est disponible sur la boutique !\",\"isPartOf\":{\"@id\":\"https:\\\/\\\/www.analoggwerz.com\\\/#website\"},\"primaryImageOfPage\":{\"@id\":\"https:\\\/\\\/www.analoggwerz.com\\\/produit\\\/canon-af35m-2\\\/#primaryimage\"},\"image\":{\"@id\":\"https:\\\/\\\/www.analoggwerz.com\\\/produit\\\/canon-af35m-2\\\/#primaryimage\"},\"thumbnailUrl\":\"https:\\\/\\\/www.analoggwerz.com\\\/wp-content\\\/uploads\\\/2025\\\/07\\\/img_1313-scaled.jpeg\",\"datePublished\":\"2025-07-22T09:55:33+00:00\",\"dateModified\":\"2025-10-31T21:55:01+00:00\",\"description\":\"Cliquez ici pour d\u00e9couvrir Canon AF35M sur la boutique.\",\"breadcrumb\":{\"@id\":\"https:\\\/\\\/www.analoggwerz.com\\\/produit\\\/canon-af35m-2\\\/#breadcrumb\"},\"inLanguage\":\"en-US\",\"potentialAction\":[{\"@type\":\"ReadAction\",\"target\":[\"https:\\\/\\\/www.analoggwerz.com\\\/produit\\\/canon-af35m-2\\\/\"]}]},{\"@type\":\"ImageObject\",\"inLanguage\":\"en-US\",\"@id\":\"https:\\\/\\\/www.analoggwerz.com\\\/produit\\\/canon-af35m-2\\\/#primaryimage\",\"url\":\"https:\\\/\\\/www.analoggwerz.com\\\/wp-content\\\/uploads\\\/2025\\\/07\\\/img_1313-scaled.jpeg\",\"contentUrl\":\"https:\\\/\\\/www.analoggwerz.com\\\/wp-content\\\/uploads\\\/2025\\\/07\\\/img_1313-scaled.jpeg\",\"width\":2560,\"height\":1920},{\"@type\":\"BreadcrumbList\",\"@id\":\"https:\\\/\\\/www.analoggwerz.com\\\/produit\\\/canon-af35m-2\\\/#breadcrumb\",\"itemListElement\":[{\"@type\":\"ListItem\",\"position\":1,\"name\":\"Accueil\",\"item\":\"https:\\\/\\\/www.analoggwerz.com\\\/\"},{\"@type\":\"ListItem\",\"position\":2,\"name\":\"Boutique\",\"item\":\"https:\\\/\\\/www.analoggwerz.com\\\/shop\\\/\"},{\"@type\":\"ListItem\",\"position\":3,\"name\":\"Canon AF35M\"}]},{\"@type\":\"WebSite\",\"@id\":\"https:\\\/\\\/www.analoggwerz.com\\\/#website\",\"url\":\"https:\\\/\\\/www.analoggwerz.com\\\/\",\"name\":\"Analog Gwerz\",\"description\":\"Pas besoin de neuf pour capturer l&#039;instant !\",\"publisher\":{\"@id\":\"https:\\\/\\\/www.analoggwerz.com\\\/#organization\"},\"potentialAction\":[{\"@type\":\"SearchAction\",\"target\":{\"@type\":\"EntryPoint\",\"urlTemplate\":\"https:\\\/\\\/www.analoggwerz.com\\\/?s={search_term_string}\"},\"query-input\":{\"@type\":\"PropertyValueSpecification\",\"valueRequired\":true,\"valueName\":\"search_term_string\"}}],\"inLanguage\":\"en-US\"},{\"@type\":\"Organization\",\"@id\":\"https:\\\/\\\/www.analoggwerz.com\\\/#organization\",\"name\":\"Analog Gwerz\",\"url\":\"https:\\\/\\\/www.analoggwerz.com\\\/\",\"logo\":{\"@type\":\"ImageObject\",\"inLanguage\":\"en-US\",\"@id\":\"https:\\\/\\\/www.analoggwerz.com\\\/#\\\/schema\\\/logo\\\/image\\\/\",\"url\":\"https:\\\/\\\/www.analoggwerz.com\\\/wp-content\\\/uploads\\\/2025\\\/10\\\/000-LOGO-ANALOG-GWERZ-NOIR-1.png\",\"contentUrl\":\"https:\\\/\\\/www.analoggwerz.com\\\/wp-content\\\/uploads\\\/2025\\\/10\\\/000-LOGO-ANALOG-GWERZ-NOIR-1.png\",\"width\":800,\"height\":407,\"caption\":\"Analog Gwerz\"},\"image\":{\"@id\":\"https:\\\/\\\/www.analoggwerz.com\\\/#\\\/schema\\\/logo\\\/image\\\/\"},\"sameAs\":[\"https:\\\/\\\/www.instagram.com\\\/analog_gwerz\\\/\",\"https:\\\/\\\/www.tiktok.com\\\/@analog_gwerz\"]}]}<\/script>\n<!-- \/ Yoast SEO plugin. -->","yoast_head_json":{"title":"Canon AF35M est disponible sur la boutique !","description":"Cliquez ici pour d\u00e9couvrir Canon AF35M sur la boutique.","robots":{"index":"index","follow":"follow","max-snippet":"max-snippet:-1","max-image-preview":"max-image-preview:large","max-video-preview":"max-video-preview:-1"},"canonical":"https:\/\/www.analoggwerz.com\/en\/product\/canon-af35m-2\/","og_locale":"en_US","og_type":"article","og_title":"Canon AF35M est disponible sur la boutique !","og_description":"Cliquez ici pour d\u00e9couvrir Canon AF35M sur la boutique.","og_url":"https:\/\/www.analoggwerz.com\/en\/product\/canon-af35m-2\/","og_site_name":"Analog Gwerz","article_modified_time":"2025-10-31T21:55:01+00:00","og_image":[{"width":2560,"height":1920,"url":"https:\/\/www.analoggwerz.com\/wp-content\/uploads\/2025\/07\/img_1313-scaled.jpeg","type":"image\/jpeg"}],"twitter_card":"summary_large_image","twitter_misc":{"Est. reading time":"1 minute"},"schema":{"@context":"https:\/\/schema.org","@graph":[{"@type":"WebPage","@id":"https:\/\/www.analoggwerz.com\/produit\/canon-af35m-2\/","url":"https:\/\/www.analoggwerz.com\/produit\/canon-af35m-2\/","name":"Canon AF35M est disponible sur la boutique !","isPartOf":{"@id":"https:\/\/www.analoggwerz.com\/#website"},"primaryImageOfPage":{"@id":"https:\/\/www.analoggwerz.com\/produit\/canon-af35m-2\/#primaryimage"},"image":{"@id":"https:\/\/www.analoggwerz.com\/produit\/canon-af35m-2\/#primaryimage"},"thumbnailUrl":"https:\/\/www.analoggwerz.com\/wp-content\/uploads\/2025\/07\/img_1313-scaled.jpeg","datePublished":"2025-07-22T09:55:33+00:00","dateModified":"2025-10-31T21:55:01+00:00","description":"Cliquez ici pour d\u00e9couvrir Canon AF35M sur la boutique.","breadcrumb":{"@id":"https:\/\/www.analoggwerz.com\/produit\/canon-af35m-2\/#breadcrumb"},"inLanguage":"en-US","potentialAction":[{"@type":"ReadAction","target":["https:\/\/www.analoggwerz.com\/produit\/canon-af35m-2\/"]}]},{"@type":"ImageObject","inLanguage":"en-US","@id":"https:\/\/www.analoggwerz.com\/produit\/canon-af35m-2\/#primaryimage","url":"https:\/\/www.analoggwerz.com\/wp-content\/uploads\/2025\/07\/img_1313-scaled.jpeg","contentUrl":"https:\/\/www.analoggwerz.com\/wp-content\/uploads\/2025\/07\/img_1313-scaled.jpeg","width":2560,"height":1920},{"@type":"BreadcrumbList","@id":"https:\/\/www.analoggwerz.com\/produit\/canon-af35m-2\/#breadcrumb","itemListElement":[{"@type":"ListItem","position":1,"name":"Accueil","item":"https:\/\/www.analoggwerz.com\/"},{"@type":"ListItem","position":2,"name":"Boutique","item":"https:\/\/www.analoggwerz.com\/shop\/"},{"@type":"ListItem","position":3,"name":"Canon AF35M"}]},{"@type":"WebSite","@id":"https:\/\/www.analoggwerz.com\/#website","url":"https:\/\/www.analoggwerz.com\/","name":"Analog Gwerz","description":"Pas besoin de neuf pour capturer l&#039;instant !","publisher":{"@id":"https:\/\/www.analoggwerz.com\/#organization"},"potentialAction":[{"@type":"SearchAction","target":{"@type":"EntryPoint","urlTemplate":"https:\/\/www.analoggwerz.com\/?s={search_term_string}"},"query-input":{"@type":"PropertyValueSpecification","valueRequired":true,"valueName":"search_term_string"}}],"inLanguage":"en-US"},{"@type":"Organization","@id":"https:\/\/www.analoggwerz.com\/#organization","name":"Analog Gwerz","url":"https:\/\/www.analoggwerz.com\/","logo":{"@type":"ImageObject","inLanguage":"en-US","@id":"https:\/\/www.analoggwerz.com\/#\/schema\/logo\/image\/","url":"https:\/\/www.analoggwerz.com\/wp-content\/uploads\/2025\/10\/000-LOGO-ANALOG-GWERZ-NOIR-1.png","contentUrl":"https:\/\/www.analoggwerz.com\/wp-content\/uploads\/2025\/10\/000-LOGO-ANALOG-GWERZ-NOIR-1.png","width":800,"height":407,"caption":"Analog Gwerz"},"image":{"@id":"https:\/\/www.analoggwerz.com\/#\/schema\/logo\/image\/"},"sameAs":["https:\/\/www.instagram.com\/analog_gwerz\/","https:\/\/www.tiktok.com\/@analog_gwerz"]}]}},"jetpack_sharing_enabled":true,"_links":{"self":[{"href":"https:\/\/www.analoggwerz.com\/en\/wp-json\/wp\/v2\/product\/7326","targetHints":{"allow":["GET"]}}],"collection":[{"href":"https:\/\/www.analoggwerz.com\/en\/wp-json\/wp\/v2\/product"}],"about":[{"href":"https:\/\/www.analoggwerz.com\/en\/wp-json\/wp\/v2\/types\/product"}],"wp:featuredmedia":[{"embeddable":true,"href":"https:\/\/www.analoggwerz.com\/en\/wp-json\/wp\/v2\/media\/7323"}],"wp:attachment":[{"href":"https:\/\/www.analoggwerz.com\/en\/wp-json\/wp\/v2\/media?parent=7326"}],"wp:term":[{"taxonomy":"product_brand","embeddable":true,"href":"https:\/\/www.analoggwerz.com\/en\/wp-json\/wp\/v2\/product_brand?post=7326"},{"taxonomy":"product_cat","embeddable":true,"href":"https:\/\/www.analoggwerz.com\/en\/wp-json\/wp\/v2\/product_cat?post=7326"},{"taxonomy":"product_tag","embeddable":true,"href":"https:\/\/www.analoggwerz.com\/en\/wp-json\/wp\/v2\/product_tag?post=7326"}],"curies":[{"name":"wp","href":"https:\/\/api.w.org\/{rel}","templated":true}]}}