{"id":7240,"date":"2025-07-18T13:56:18","date_gmt":"2025-07-18T13:56:18","guid":{"rendered":"https:\/\/www.analoggwerz.com\/produit\/kodak-anastigmat-a-soufflet-moyen-format-vintage\/"},"modified":"2026-05-04T14:10:58","modified_gmt":"2026-05-04T14:10:58","slug":"kodak-anastigmat-a-soufflet-moyen-format-vintage","status":"publish","type":"product","link":"https:\/\/www.analoggwerz.com\/en\/product\/kodak-anastigmat-a-soufflet-moyen-format-vintage\/","title":{"rendered":"Kodak Anastigmat \u00e0 soufflet \u2013 Moyen format vintage &#8211; Noir"},"content":{"rendered":"<p>N\u2019h\u00e9sitez pas \u00e0 vous abonner \u00e0 mon Instagram (@analog_gwerz) si vous aimez la photo et les appareils.<\/p>\n<p>Je pr\u00e9sente du mat\u00e9riel, parle d\u2019appareils et c\u2019est plus simple pour la communication !<\/p>\n<p>\ud83d\udcf7 Kodak Anastigmat \u00e0 soufflet \u2013 Moyen format vintage<\/p>\n<p>Superbe appareil photo pliant Kodak \u00e0 soufflet, \u00e9quip\u00e9 d\u2019un objectif Kodak Anastigmat 105mm f\/6.3. Il fonctionne avec du film 120 (moyen format) et est enti\u00e8rement m\u00e9canique. L\u2019ouverture se r\u00e8gle de f\/6.3 \u00e0 f\/32, avec des vitesses de pose via obturateur central (1\/25, 1\/50, 1\/100 + mode B).<\/p>\n<p>Un mod\u00e8le fiable et solide, id\u00e9al pour les amateurs de photographie argentique ou les passionn\u00e9s de vintage.<\/p>\n<p>\u2705 Caract\u00e9ristiques principales :<\/p>\n<p>Objectif : Kodak Anastigmat 105mm f\/6.3<\/p>\n<p>Obturateur central<\/p>\n<p>R\u00e9glage manuel de la vitesse et de l\u2019ouverture<\/p>\n<p>Format de film : 120 (moyen format)<\/p>\n<p>Bo\u00eetier en m\u00e9tal avec gainage noir<\/p>\n<p>Viseur pliant<\/p>\n<p>\u00c9tui rigide Kodak en cuir d\u2019\u00e9poque inclus<\/p>\n<p>\u2699\ufe0f \u00c9tat :<\/p>\n<p>Appareil en tr\u00e8s bon \u00e9tat de fonctionnement. Le soufflet est intact, l\u2019obturateur d\u00e9clenche parfaitement, les r\u00e9glages sont fluides.<\/p>\n<p>Tr\u00e8s bon \u00e9tat cosm\u00e9tique, avec des traces d\u2019usage mineures visibles sur les photos.<\/p>\n<p>L\u2019\u00e9tui rigide Kodak d\u2019origine est fourni, avec sa sangle en cuir.<\/p>\n<p>\ud83d\udcf8 Photos contractuelles : vous achetez exactement l\u2019appareil visible sur les photos.<\/p>","protected":false},"excerpt":{"rendered":"<p>N\u2019h\u00e9sitez pas \u00e0 vous abonner \u00e0 mon Instagram (@analog_gwerz) si vous aimez la photo et les appareils. Je pr\u00e9sente du mat\u00e9riel, parle d\u2019appareils et c\u2019est plus simple pour la communication ! \ud83d\udcf7 Kodak Anastigmat \u00e0 soufflet \u2013 Moyen format vintage Superbe appareil photo pliant Kodak \u00e0 soufflet, \u00e9quip\u00e9 d\u2019un objectif Kodak Anastigmat 105mm f\/6.3. Il [&hellip;]<\/p>\n","protected":false},"featured_media":7236,"template":"","meta":[],"product_brand":[],"product_cat":[118,119,121],"product_tag":[],"class_list":{"0":"post-7240","1":"product","2":"type-product","3":"status-publish","4":"has-post-thumbnail","6":"product_cat-appareils-photo","7":"product_cat-appareils-photo-argentiques-120mm","8":"product_cat-moyen-formats-telemetriques","9":"pa_couleur-noir","10":"pa_marque-kodak","12":"first","13":"outofstock","14":"sale","15":"purchasable","16":"product-type-simple"},"yoast_head":"<!-- This site is optimized with the Yoast SEO plugin v27.5 - https:\/\/yoast.com\/product\/yoast-seo-wordpress\/ -->\n<title>Kodak Anastigmat \u00e0 soufflet \u2013 Moyen format vintage - Noir est disponible sur la boutique !<\/title>\n<meta name=\"description\" content=\"Cliquez ici pour d\u00e9couvrir Kodak Anastigmat \u00e0 soufflet \u2013 Moyen format vintage - Noir sur la boutique.\" \/>\n<meta name=\"robots\" content=\"index, follow, max-snippet:-1, max-image-preview:large, max-video-preview:-1\" \/>\n<link rel=\"canonical\" href=\"https:\/\/www.analoggwerz.com\/en\/product\/kodak-anastigmat-a-soufflet-moyen-format-vintage\/\" \/>\n<meta property=\"og:locale\" content=\"en_US\" \/>\n<meta property=\"og:type\" content=\"article\" \/>\n<meta property=\"og:title\" content=\"Kodak Anastigmat \u00e0 soufflet \u2013 Moyen format vintage - Noir est disponible sur la boutique !\" \/>\n<meta property=\"og:description\" content=\"Cliquez ici pour d\u00e9couvrir Kodak Anastigmat \u00e0 soufflet \u2013 Moyen format vintage - Noir sur la boutique.\" \/>\n<meta property=\"og:url\" content=\"https:\/\/www.analoggwerz.com\/en\/product\/kodak-anastigmat-a-soufflet-moyen-format-vintage\/\" \/>\n<meta property=\"og:site_name\" content=\"Analog Gwerz\" \/>\n<meta property=\"article:modified_time\" content=\"2026-05-04T14:10:58+00:00\" \/>\n<meta property=\"og:image\" content=\"https:\/\/www.analoggwerz.com\/wp-content\/uploads\/2025\/07\/img_1220-scaled.jpeg\" \/>\n\t<meta property=\"og:image:width\" content=\"2560\" \/>\n\t<meta property=\"og:image:height\" content=\"1920\" \/>\n\t<meta property=\"og:image:type\" content=\"image\/jpeg\" \/>\n<meta name=\"twitter:card\" content=\"summary_large_image\" \/>\n<meta name=\"twitter:label1\" content=\"Est. reading time\" \/>\n\t<meta name=\"twitter:data1\" content=\"2 minutes\" \/>\n<script type=\"application\/ld+json\" class=\"yoast-schema-graph\">{\"@context\":\"https:\\\/\\\/schema.org\",\"@graph\":[{\"@type\":\"WebPage\",\"@id\":\"https:\\\/\\\/www.analoggwerz.com\\\/produit\\\/kodak-anastigmat-a-soufflet-moyen-format-vintage\\\/\",\"url\":\"https:\\\/\\\/www.analoggwerz.com\\\/produit\\\/kodak-anastigmat-a-soufflet-moyen-format-vintage\\\/\",\"name\":\"Kodak Anastigmat \u00e0 soufflet \u2013 Moyen format vintage - Noir est disponible sur la boutique !\",\"isPartOf\":{\"@id\":\"https:\\\/\\\/www.analoggwerz.com\\\/#website\"},\"primaryImageOfPage\":{\"@id\":\"https:\\\/\\\/www.analoggwerz.com\\\/produit\\\/kodak-anastigmat-a-soufflet-moyen-format-vintage\\\/#primaryimage\"},\"image\":{\"@id\":\"https:\\\/\\\/www.analoggwerz.com\\\/produit\\\/kodak-anastigmat-a-soufflet-moyen-format-vintage\\\/#primaryimage\"},\"thumbnailUrl\":\"https:\\\/\\\/www.analoggwerz.com\\\/wp-content\\\/uploads\\\/2025\\\/07\\\/img_1220-scaled.jpeg\",\"datePublished\":\"2025-07-18T13:56:18+00:00\",\"dateModified\":\"2026-05-04T14:10:58+00:00\",\"description\":\"Cliquez ici pour d\u00e9couvrir Kodak Anastigmat \u00e0 soufflet \u2013 Moyen format vintage - Noir sur la boutique.\",\"breadcrumb\":{\"@id\":\"https:\\\/\\\/www.analoggwerz.com\\\/produit\\\/kodak-anastigmat-a-soufflet-moyen-format-vintage\\\/#breadcrumb\"},\"inLanguage\":\"en-US\",\"potentialAction\":[{\"@type\":\"ReadAction\",\"target\":[\"https:\\\/\\\/www.analoggwerz.com\\\/produit\\\/kodak-anastigmat-a-soufflet-moyen-format-vintage\\\/\"]}]},{\"@type\":\"ImageObject\",\"inLanguage\":\"en-US\",\"@id\":\"https:\\\/\\\/www.analoggwerz.com\\\/produit\\\/kodak-anastigmat-a-soufflet-moyen-format-vintage\\\/#primaryimage\",\"url\":\"https:\\\/\\\/www.analoggwerz.com\\\/wp-content\\\/uploads\\\/2025\\\/07\\\/img_1220-scaled.jpeg\",\"contentUrl\":\"https:\\\/\\\/www.analoggwerz.com\\\/wp-content\\\/uploads\\\/2025\\\/07\\\/img_1220-scaled.jpeg\",\"width\":2560,\"height\":1920},{\"@type\":\"BreadcrumbList\",\"@id\":\"https:\\\/\\\/www.analoggwerz.com\\\/produit\\\/kodak-anastigmat-a-soufflet-moyen-format-vintage\\\/#breadcrumb\",\"itemListElement\":[{\"@type\":\"ListItem\",\"position\":1,\"name\":\"Accueil\",\"item\":\"https:\\\/\\\/www.analoggwerz.com\\\/\"},{\"@type\":\"ListItem\",\"position\":2,\"name\":\"Boutique\",\"item\":\"https:\\\/\\\/www.analoggwerz.com\\\/shop\\\/\"},{\"@type\":\"ListItem\",\"position\":3,\"name\":\"Kodak Anastigmat \u00e0 soufflet \u2013 Moyen format vintage &#8211; Noir\"}]},{\"@type\":\"WebSite\",\"@id\":\"https:\\\/\\\/www.analoggwerz.com\\\/#website\",\"url\":\"https:\\\/\\\/www.analoggwerz.com\\\/\",\"name\":\"Analog Gwerz\",\"description\":\"Pas besoin de neuf pour capturer l&#039;instant !\",\"publisher\":{\"@id\":\"https:\\\/\\\/www.analoggwerz.com\\\/#organization\"},\"potentialAction\":[{\"@type\":\"SearchAction\",\"target\":{\"@type\":\"EntryPoint\",\"urlTemplate\":\"https:\\\/\\\/www.analoggwerz.com\\\/?s={search_term_string}\"},\"query-input\":{\"@type\":\"PropertyValueSpecification\",\"valueRequired\":true,\"valueName\":\"search_term_string\"}}],\"inLanguage\":\"en-US\"},{\"@type\":\"Organization\",\"@id\":\"https:\\\/\\\/www.analoggwerz.com\\\/#organization\",\"name\":\"Analog Gwerz\",\"url\":\"https:\\\/\\\/www.analoggwerz.com\\\/\",\"logo\":{\"@type\":\"ImageObject\",\"inLanguage\":\"en-US\",\"@id\":\"https:\\\/\\\/www.analoggwerz.com\\\/#\\\/schema\\\/logo\\\/image\\\/\",\"url\":\"https:\\\/\\\/www.analoggwerz.com\\\/wp-content\\\/uploads\\\/2025\\\/10\\\/000-LOGO-ANALOG-GWERZ-NOIR-1.png\",\"contentUrl\":\"https:\\\/\\\/www.analoggwerz.com\\\/wp-content\\\/uploads\\\/2025\\\/10\\\/000-LOGO-ANALOG-GWERZ-NOIR-1.png\",\"width\":800,\"height\":407,\"caption\":\"Analog Gwerz\"},\"image\":{\"@id\":\"https:\\\/\\\/www.analoggwerz.com\\\/#\\\/schema\\\/logo\\\/image\\\/\"},\"sameAs\":[\"https:\\\/\\\/www.instagram.com\\\/analog_gwerz\\\/\",\"https:\\\/\\\/www.tiktok.com\\\/@analog_gwerz\"]}]}<\/script>\n<!-- \/ Yoast SEO plugin. -->","yoast_head_json":{"title":"Kodak Anastigmat \u00e0 soufflet \u2013 Moyen format vintage - Noir est disponible sur la boutique !","description":"Cliquez ici pour d\u00e9couvrir Kodak Anastigmat \u00e0 soufflet \u2013 Moyen format vintage - Noir sur la boutique.","robots":{"index":"index","follow":"follow","max-snippet":"max-snippet:-1","max-image-preview":"max-image-preview:large","max-video-preview":"max-video-preview:-1"},"canonical":"https:\/\/www.analoggwerz.com\/en\/product\/kodak-anastigmat-a-soufflet-moyen-format-vintage\/","og_locale":"en_US","og_type":"article","og_title":"Kodak Anastigmat \u00e0 soufflet \u2013 Moyen format vintage - Noir est disponible sur la boutique !","og_description":"Cliquez ici pour d\u00e9couvrir Kodak Anastigmat \u00e0 soufflet \u2013 Moyen format vintage - Noir sur la boutique.","og_url":"https:\/\/www.analoggwerz.com\/en\/product\/kodak-anastigmat-a-soufflet-moyen-format-vintage\/","og_site_name":"Analog Gwerz","article_modified_time":"2026-05-04T14:10:58+00:00","og_image":[{"width":2560,"height":1920,"url":"https:\/\/www.analoggwerz.com\/wp-content\/uploads\/2025\/07\/img_1220-scaled.jpeg","type":"image\/jpeg"}],"twitter_card":"summary_large_image","twitter_misc":{"Est. reading time":"2 minutes"},"schema":{"@context":"https:\/\/schema.org","@graph":[{"@type":"WebPage","@id":"https:\/\/www.analoggwerz.com\/produit\/kodak-anastigmat-a-soufflet-moyen-format-vintage\/","url":"https:\/\/www.analoggwerz.com\/produit\/kodak-anastigmat-a-soufflet-moyen-format-vintage\/","name":"Kodak Anastigmat \u00e0 soufflet \u2013 Moyen format vintage - Noir est disponible sur la boutique !","isPartOf":{"@id":"https:\/\/www.analoggwerz.com\/#website"},"primaryImageOfPage":{"@id":"https:\/\/www.analoggwerz.com\/produit\/kodak-anastigmat-a-soufflet-moyen-format-vintage\/#primaryimage"},"image":{"@id":"https:\/\/www.analoggwerz.com\/produit\/kodak-anastigmat-a-soufflet-moyen-format-vintage\/#primaryimage"},"thumbnailUrl":"https:\/\/www.analoggwerz.com\/wp-content\/uploads\/2025\/07\/img_1220-scaled.jpeg","datePublished":"2025-07-18T13:56:18+00:00","dateModified":"2026-05-04T14:10:58+00:00","description":"Cliquez ici pour d\u00e9couvrir Kodak Anastigmat \u00e0 soufflet \u2013 Moyen format vintage - Noir sur la boutique.","breadcrumb":{"@id":"https:\/\/www.analoggwerz.com\/produit\/kodak-anastigmat-a-soufflet-moyen-format-vintage\/#breadcrumb"},"inLanguage":"en-US","potentialAction":[{"@type":"ReadAction","target":["https:\/\/www.analoggwerz.com\/produit\/kodak-anastigmat-a-soufflet-moyen-format-vintage\/"]}]},{"@type":"ImageObject","inLanguage":"en-US","@id":"https:\/\/www.analoggwerz.com\/produit\/kodak-anastigmat-a-soufflet-moyen-format-vintage\/#primaryimage","url":"https:\/\/www.analoggwerz.com\/wp-content\/uploads\/2025\/07\/img_1220-scaled.jpeg","contentUrl":"https:\/\/www.analoggwerz.com\/wp-content\/uploads\/2025\/07\/img_1220-scaled.jpeg","width":2560,"height":1920},{"@type":"BreadcrumbList","@id":"https:\/\/www.analoggwerz.com\/produit\/kodak-anastigmat-a-soufflet-moyen-format-vintage\/#breadcrumb","itemListElement":[{"@type":"ListItem","position":1,"name":"Accueil","item":"https:\/\/www.analoggwerz.com\/"},{"@type":"ListItem","position":2,"name":"Boutique","item":"https:\/\/www.analoggwerz.com\/shop\/"},{"@type":"ListItem","position":3,"name":"Kodak Anastigmat \u00e0 soufflet \u2013 Moyen format vintage &#8211; Noir"}]},{"@type":"WebSite","@id":"https:\/\/www.analoggwerz.com\/#website","url":"https:\/\/www.analoggwerz.com\/","name":"Analog Gwerz","description":"Pas besoin de neuf pour capturer l&#039;instant !","publisher":{"@id":"https:\/\/www.analoggwerz.com\/#organization"},"potentialAction":[{"@type":"SearchAction","target":{"@type":"EntryPoint","urlTemplate":"https:\/\/www.analoggwerz.com\/?s={search_term_string}"},"query-input":{"@type":"PropertyValueSpecification","valueRequired":true,"valueName":"search_term_string"}}],"inLanguage":"en-US"},{"@type":"Organization","@id":"https:\/\/www.analoggwerz.com\/#organization","name":"Analog Gwerz","url":"https:\/\/www.analoggwerz.com\/","logo":{"@type":"ImageObject","inLanguage":"en-US","@id":"https:\/\/www.analoggwerz.com\/#\/schema\/logo\/image\/","url":"https:\/\/www.analoggwerz.com\/wp-content\/uploads\/2025\/10\/000-LOGO-ANALOG-GWERZ-NOIR-1.png","contentUrl":"https:\/\/www.analoggwerz.com\/wp-content\/uploads\/2025\/10\/000-LOGO-ANALOG-GWERZ-NOIR-1.png","width":800,"height":407,"caption":"Analog Gwerz"},"image":{"@id":"https:\/\/www.analoggwerz.com\/#\/schema\/logo\/image\/"},"sameAs":["https:\/\/www.instagram.com\/analog_gwerz\/","https:\/\/www.tiktok.com\/@analog_gwerz"]}]}},"jetpack_sharing_enabled":true,"_links":{"self":[{"href":"https:\/\/www.analoggwerz.com\/en\/wp-json\/wp\/v2\/product\/7240","targetHints":{"allow":["GET"]}}],"collection":[{"href":"https:\/\/www.analoggwerz.com\/en\/wp-json\/wp\/v2\/product"}],"about":[{"href":"https:\/\/www.analoggwerz.com\/en\/wp-json\/wp\/v2\/types\/product"}],"wp:featuredmedia":[{"embeddable":true,"href":"https:\/\/www.analoggwerz.com\/en\/wp-json\/wp\/v2\/media\/7236"}],"wp:attachment":[{"href":"https:\/\/www.analoggwerz.com\/en\/wp-json\/wp\/v2\/media?parent=7240"}],"wp:term":[{"taxonomy":"product_brand","embeddable":true,"href":"https:\/\/www.analoggwerz.com\/en\/wp-json\/wp\/v2\/product_brand?post=7240"},{"taxonomy":"product_cat","embeddable":true,"href":"https:\/\/www.analoggwerz.com\/en\/wp-json\/wp\/v2\/product_cat?post=7240"},{"taxonomy":"product_tag","embeddable":true,"href":"https:\/\/www.analoggwerz.com\/en\/wp-json\/wp\/v2\/product_tag?post=7240"}],"curies":[{"name":"wp","href":"https:\/\/api.w.org\/{rel}","templated":true}]}}