{"id":7228,"date":"2025-07-18T13:40:56","date_gmt":"2025-07-18T13:40:56","guid":{"rendered":"https:\/\/www.analoggwerz.com\/produit\/declencheur-souple-mecanique-pour-appareil-photo-argentique\/"},"modified":"2026-04-12T12:26:38","modified_gmt":"2026-04-12T12:26:38","slug":"declencheur-souple-mecanique-pour-appareil-photo-argentique","status":"publish","type":"product","link":"https:\/\/www.analoggwerz.com\/en\/product\/declencheur-souple-mecanique-pour-appareil-photo-argentique\/","title":{"rendered":"D\u00e9clencheur souple m\u00e9canique pour appareil photo argentique &#8211; Noir"},"content":{"rendered":"<p>N\u2019h\u00e9sitez pas \u00e0 vous abonner \u00e0 mon Instagram (@analog_gwerz) si vous aimez la photo et les appareils.<\/p>\n<p>D\u00e9clencheur souple m\u00e9canique pour appareil photo argentique<\/p>\n<p>Accessoire indispensable pour les prises de vue longues ou sur tr\u00e9pied, ce d\u00e9clencheur souple s\u2019adapte \u00e0 la majorit\u00e9 des appareils photo argentiques dot\u00e9s d\u2019un filetage standard. Il permet de d\u00e9clencher l\u2019obturateur sans contact direct avec le bo\u00eetier, \u00e9vitant ainsi tout risque de boug\u00e9.<\/p>\n<p>Caract\u00e9ristiques :<\/p>\n<p>Longueur : environ 30 cm<\/p>\n<p>Filetage standard : compatible avec la plupart des bo\u00eetiers argentiques<\/p>\n<p>M\u00e9canisme fiable et fluide<\/p>\n<p>Corps gain\u00e9 de noir avec embouts m\u00e9talliques robustes<\/p>\n<p>Bon \u00e9tat g\u00e9n\u00e9ral, fonctionnement parfait<\/p>\n<p>\u00c9tat :<\/p>\n<p>\u2705 Accessoire test\u00e9 et fonctionnel<\/p>\n<p>\ud83d\udcf8 L\u00e9ger signe d\u2019usage, rien d\u2019anormal pour son \u00e2ge<\/p>\n<p>\ud83d\udce6 Envoi soign\u00e9<\/p>","protected":false},"excerpt":{"rendered":"<p>N\u2019h\u00e9sitez pas \u00e0 vous abonner \u00e0 mon Instagram (@analog_gwerz) si vous aimez la photo et les appareils. D\u00e9clencheur souple m\u00e9canique pour appareil photo argentique Accessoire indispensable pour les prises de vue longues ou sur tr\u00e9pied, ce d\u00e9clencheur souple s\u2019adapte \u00e0 la majorit\u00e9 des appareils photo argentiques dot\u00e9s d\u2019un filetage standard. Il permet de d\u00e9clencher l\u2019obturateur [&hellip;]<\/p>\n","protected":false},"featured_media":7226,"template":"","meta":[],"product_brand":[],"product_cat":[55,177,159],"product_tag":[],"class_list":{"0":"post-7228","1":"product","2":"type-product","3":"status-publish","4":"has-post-thumbnail","6":"product_cat-accessoires","7":"product_cat-declencheurs","8":"product_cat-stabilite-et-eclairages","9":"pa_couleur-argent","11":"first","12":"instock","13":"purchasable","14":"product-type-simple"},"yoast_head":"<!-- This site is optimized with the Yoast SEO plugin v27.5 - https:\/\/yoast.com\/product\/yoast-seo-wordpress\/ -->\n<title>D\u00e9clencheur souple m\u00e9canique pour appareil photo argentique - Noir est disponible sur la boutique !<\/title>\n<meta name=\"description\" content=\"Cliquez ici pour d\u00e9couvrir D\u00e9clencheur souple m\u00e9canique pour appareil photo argentique - Noir sur la boutique.\" \/>\n<meta name=\"robots\" content=\"index, follow, max-snippet:-1, max-image-preview:large, max-video-preview:-1\" \/>\n<link rel=\"canonical\" href=\"https:\/\/www.analoggwerz.com\/en\/product\/declencheur-souple-mecanique-pour-appareil-photo-argentique\/\" \/>\n<meta property=\"og:locale\" content=\"en_US\" \/>\n<meta property=\"og:type\" content=\"article\" \/>\n<meta property=\"og:title\" content=\"D\u00e9clencheur souple m\u00e9canique pour appareil photo argentique - Noir est disponible sur la boutique !\" \/>\n<meta property=\"og:description\" content=\"Cliquez ici pour d\u00e9couvrir D\u00e9clencheur souple m\u00e9canique pour appareil photo argentique - Noir sur la boutique.\" \/>\n<meta property=\"og:url\" content=\"https:\/\/www.analoggwerz.com\/en\/product\/declencheur-souple-mecanique-pour-appareil-photo-argentique\/\" \/>\n<meta property=\"og:site_name\" content=\"Analog Gwerz\" \/>\n<meta property=\"article:modified_time\" content=\"2026-04-12T12:26:38+00:00\" \/>\n<meta property=\"og:image\" content=\"https:\/\/www.analoggwerz.com\/wp-content\/uploads\/2025\/07\/img_1236-scaled.jpeg\" \/>\n\t<meta property=\"og:image:width\" content=\"2560\" \/>\n\t<meta property=\"og:image:height\" content=\"1920\" \/>\n\t<meta property=\"og:image:type\" content=\"image\/jpeg\" \/>\n<meta name=\"twitter:card\" content=\"summary_large_image\" \/>\n<meta name=\"twitter:label1\" content=\"Est. reading time\" \/>\n\t<meta name=\"twitter:data1\" content=\"1 minute\" \/>\n<script type=\"application\/ld+json\" class=\"yoast-schema-graph\">{\"@context\":\"https:\\\/\\\/schema.org\",\"@graph\":[{\"@type\":\"WebPage\",\"@id\":\"https:\\\/\\\/www.analoggwerz.com\\\/produit\\\/declencheur-souple-mecanique-pour-appareil-photo-argentique\\\/\",\"url\":\"https:\\\/\\\/www.analoggwerz.com\\\/produit\\\/declencheur-souple-mecanique-pour-appareil-photo-argentique\\\/\",\"name\":\"D\u00e9clencheur souple m\u00e9canique pour appareil photo argentique - Noir est disponible sur la boutique !\",\"isPartOf\":{\"@id\":\"https:\\\/\\\/www.analoggwerz.com\\\/#website\"},\"primaryImageOfPage\":{\"@id\":\"https:\\\/\\\/www.analoggwerz.com\\\/produit\\\/declencheur-souple-mecanique-pour-appareil-photo-argentique\\\/#primaryimage\"},\"image\":{\"@id\":\"https:\\\/\\\/www.analoggwerz.com\\\/produit\\\/declencheur-souple-mecanique-pour-appareil-photo-argentique\\\/#primaryimage\"},\"thumbnailUrl\":\"https:\\\/\\\/www.analoggwerz.com\\\/wp-content\\\/uploads\\\/2025\\\/07\\\/img_1236-scaled.jpeg\",\"datePublished\":\"2025-07-18T13:40:56+00:00\",\"dateModified\":\"2026-04-12T12:26:38+00:00\",\"description\":\"Cliquez ici pour d\u00e9couvrir D\u00e9clencheur souple m\u00e9canique pour appareil photo argentique - Noir sur la boutique.\",\"breadcrumb\":{\"@id\":\"https:\\\/\\\/www.analoggwerz.com\\\/produit\\\/declencheur-souple-mecanique-pour-appareil-photo-argentique\\\/#breadcrumb\"},\"inLanguage\":\"en-US\",\"potentialAction\":[{\"@type\":\"ReadAction\",\"target\":[\"https:\\\/\\\/www.analoggwerz.com\\\/produit\\\/declencheur-souple-mecanique-pour-appareil-photo-argentique\\\/\"]}]},{\"@type\":\"ImageObject\",\"inLanguage\":\"en-US\",\"@id\":\"https:\\\/\\\/www.analoggwerz.com\\\/produit\\\/declencheur-souple-mecanique-pour-appareil-photo-argentique\\\/#primaryimage\",\"url\":\"https:\\\/\\\/www.analoggwerz.com\\\/wp-content\\\/uploads\\\/2025\\\/07\\\/img_1236-scaled.jpeg\",\"contentUrl\":\"https:\\\/\\\/www.analoggwerz.com\\\/wp-content\\\/uploads\\\/2025\\\/07\\\/img_1236-scaled.jpeg\",\"width\":2560,\"height\":1920},{\"@type\":\"BreadcrumbList\",\"@id\":\"https:\\\/\\\/www.analoggwerz.com\\\/produit\\\/declencheur-souple-mecanique-pour-appareil-photo-argentique\\\/#breadcrumb\",\"itemListElement\":[{\"@type\":\"ListItem\",\"position\":1,\"name\":\"Accueil\",\"item\":\"https:\\\/\\\/www.analoggwerz.com\\\/\"},{\"@type\":\"ListItem\",\"position\":2,\"name\":\"Boutique\",\"item\":\"https:\\\/\\\/www.analoggwerz.com\\\/shop\\\/\"},{\"@type\":\"ListItem\",\"position\":3,\"name\":\"D\u00e9clencheur souple m\u00e9canique pour appareil photo argentique &#8211; Noir\"}]},{\"@type\":\"WebSite\",\"@id\":\"https:\\\/\\\/www.analoggwerz.com\\\/#website\",\"url\":\"https:\\\/\\\/www.analoggwerz.com\\\/\",\"name\":\"Analog Gwerz\",\"description\":\"Pas besoin de neuf pour capturer l&#039;instant !\",\"publisher\":{\"@id\":\"https:\\\/\\\/www.analoggwerz.com\\\/#organization\"},\"potentialAction\":[{\"@type\":\"SearchAction\",\"target\":{\"@type\":\"EntryPoint\",\"urlTemplate\":\"https:\\\/\\\/www.analoggwerz.com\\\/?s={search_term_string}\"},\"query-input\":{\"@type\":\"PropertyValueSpecification\",\"valueRequired\":true,\"valueName\":\"search_term_string\"}}],\"inLanguage\":\"en-US\"},{\"@type\":\"Organization\",\"@id\":\"https:\\\/\\\/www.analoggwerz.com\\\/#organization\",\"name\":\"Analog Gwerz\",\"url\":\"https:\\\/\\\/www.analoggwerz.com\\\/\",\"logo\":{\"@type\":\"ImageObject\",\"inLanguage\":\"en-US\",\"@id\":\"https:\\\/\\\/www.analoggwerz.com\\\/#\\\/schema\\\/logo\\\/image\\\/\",\"url\":\"https:\\\/\\\/www.analoggwerz.com\\\/wp-content\\\/uploads\\\/2025\\\/10\\\/000-LOGO-ANALOG-GWERZ-NOIR-1.png\",\"contentUrl\":\"https:\\\/\\\/www.analoggwerz.com\\\/wp-content\\\/uploads\\\/2025\\\/10\\\/000-LOGO-ANALOG-GWERZ-NOIR-1.png\",\"width\":800,\"height\":407,\"caption\":\"Analog Gwerz\"},\"image\":{\"@id\":\"https:\\\/\\\/www.analoggwerz.com\\\/#\\\/schema\\\/logo\\\/image\\\/\"},\"sameAs\":[\"https:\\\/\\\/www.instagram.com\\\/analog_gwerz\\\/\",\"https:\\\/\\\/www.tiktok.com\\\/@analog_gwerz\"]}]}<\/script>\n<!-- \/ Yoast SEO plugin. -->","yoast_head_json":{"title":"D\u00e9clencheur souple m\u00e9canique pour appareil photo argentique - Noir est disponible sur la boutique !","description":"Cliquez ici pour d\u00e9couvrir D\u00e9clencheur souple m\u00e9canique pour appareil photo argentique - Noir sur la boutique.","robots":{"index":"index","follow":"follow","max-snippet":"max-snippet:-1","max-image-preview":"max-image-preview:large","max-video-preview":"max-video-preview:-1"},"canonical":"https:\/\/www.analoggwerz.com\/en\/product\/declencheur-souple-mecanique-pour-appareil-photo-argentique\/","og_locale":"en_US","og_type":"article","og_title":"D\u00e9clencheur souple m\u00e9canique pour appareil photo argentique - Noir est disponible sur la boutique !","og_description":"Cliquez ici pour d\u00e9couvrir D\u00e9clencheur souple m\u00e9canique pour appareil photo argentique - Noir sur la boutique.","og_url":"https:\/\/www.analoggwerz.com\/en\/product\/declencheur-souple-mecanique-pour-appareil-photo-argentique\/","og_site_name":"Analog Gwerz","article_modified_time":"2026-04-12T12:26:38+00:00","og_image":[{"width":2560,"height":1920,"url":"https:\/\/www.analoggwerz.com\/wp-content\/uploads\/2025\/07\/img_1236-scaled.jpeg","type":"image\/jpeg"}],"twitter_card":"summary_large_image","twitter_misc":{"Est. reading time":"1 minute"},"schema":{"@context":"https:\/\/schema.org","@graph":[{"@type":"WebPage","@id":"https:\/\/www.analoggwerz.com\/produit\/declencheur-souple-mecanique-pour-appareil-photo-argentique\/","url":"https:\/\/www.analoggwerz.com\/produit\/declencheur-souple-mecanique-pour-appareil-photo-argentique\/","name":"D\u00e9clencheur souple m\u00e9canique pour appareil photo argentique - Noir est disponible sur la boutique !","isPartOf":{"@id":"https:\/\/www.analoggwerz.com\/#website"},"primaryImageOfPage":{"@id":"https:\/\/www.analoggwerz.com\/produit\/declencheur-souple-mecanique-pour-appareil-photo-argentique\/#primaryimage"},"image":{"@id":"https:\/\/www.analoggwerz.com\/produit\/declencheur-souple-mecanique-pour-appareil-photo-argentique\/#primaryimage"},"thumbnailUrl":"https:\/\/www.analoggwerz.com\/wp-content\/uploads\/2025\/07\/img_1236-scaled.jpeg","datePublished":"2025-07-18T13:40:56+00:00","dateModified":"2026-04-12T12:26:38+00:00","description":"Cliquez ici pour d\u00e9couvrir D\u00e9clencheur souple m\u00e9canique pour appareil photo argentique - Noir sur la boutique.","breadcrumb":{"@id":"https:\/\/www.analoggwerz.com\/produit\/declencheur-souple-mecanique-pour-appareil-photo-argentique\/#breadcrumb"},"inLanguage":"en-US","potentialAction":[{"@type":"ReadAction","target":["https:\/\/www.analoggwerz.com\/produit\/declencheur-souple-mecanique-pour-appareil-photo-argentique\/"]}]},{"@type":"ImageObject","inLanguage":"en-US","@id":"https:\/\/www.analoggwerz.com\/produit\/declencheur-souple-mecanique-pour-appareil-photo-argentique\/#primaryimage","url":"https:\/\/www.analoggwerz.com\/wp-content\/uploads\/2025\/07\/img_1236-scaled.jpeg","contentUrl":"https:\/\/www.analoggwerz.com\/wp-content\/uploads\/2025\/07\/img_1236-scaled.jpeg","width":2560,"height":1920},{"@type":"BreadcrumbList","@id":"https:\/\/www.analoggwerz.com\/produit\/declencheur-souple-mecanique-pour-appareil-photo-argentique\/#breadcrumb","itemListElement":[{"@type":"ListItem","position":1,"name":"Accueil","item":"https:\/\/www.analoggwerz.com\/"},{"@type":"ListItem","position":2,"name":"Boutique","item":"https:\/\/www.analoggwerz.com\/shop\/"},{"@type":"ListItem","position":3,"name":"D\u00e9clencheur souple m\u00e9canique pour appareil photo argentique &#8211; Noir"}]},{"@type":"WebSite","@id":"https:\/\/www.analoggwerz.com\/#website","url":"https:\/\/www.analoggwerz.com\/","name":"Analog Gwerz","description":"Pas besoin de neuf pour capturer l&#039;instant !","publisher":{"@id":"https:\/\/www.analoggwerz.com\/#organization"},"potentialAction":[{"@type":"SearchAction","target":{"@type":"EntryPoint","urlTemplate":"https:\/\/www.analoggwerz.com\/?s={search_term_string}"},"query-input":{"@type":"PropertyValueSpecification","valueRequired":true,"valueName":"search_term_string"}}],"inLanguage":"en-US"},{"@type":"Organization","@id":"https:\/\/www.analoggwerz.com\/#organization","name":"Analog Gwerz","url":"https:\/\/www.analoggwerz.com\/","logo":{"@type":"ImageObject","inLanguage":"en-US","@id":"https:\/\/www.analoggwerz.com\/#\/schema\/logo\/image\/","url":"https:\/\/www.analoggwerz.com\/wp-content\/uploads\/2025\/10\/000-LOGO-ANALOG-GWERZ-NOIR-1.png","contentUrl":"https:\/\/www.analoggwerz.com\/wp-content\/uploads\/2025\/10\/000-LOGO-ANALOG-GWERZ-NOIR-1.png","width":800,"height":407,"caption":"Analog Gwerz"},"image":{"@id":"https:\/\/www.analoggwerz.com\/#\/schema\/logo\/image\/"},"sameAs":["https:\/\/www.instagram.com\/analog_gwerz\/","https:\/\/www.tiktok.com\/@analog_gwerz"]}]}},"jetpack_sharing_enabled":true,"_links":{"self":[{"href":"https:\/\/www.analoggwerz.com\/en\/wp-json\/wp\/v2\/product\/7228","targetHints":{"allow":["GET"]}}],"collection":[{"href":"https:\/\/www.analoggwerz.com\/en\/wp-json\/wp\/v2\/product"}],"about":[{"href":"https:\/\/www.analoggwerz.com\/en\/wp-json\/wp\/v2\/types\/product"}],"wp:featuredmedia":[{"embeddable":true,"href":"https:\/\/www.analoggwerz.com\/en\/wp-json\/wp\/v2\/media\/7226"}],"wp:attachment":[{"href":"https:\/\/www.analoggwerz.com\/en\/wp-json\/wp\/v2\/media?parent=7228"}],"wp:term":[{"taxonomy":"product_brand","embeddable":true,"href":"https:\/\/www.analoggwerz.com\/en\/wp-json\/wp\/v2\/product_brand?post=7228"},{"taxonomy":"product_cat","embeddable":true,"href":"https:\/\/www.analoggwerz.com\/en\/wp-json\/wp\/v2\/product_cat?post=7228"},{"taxonomy":"product_tag","embeddable":true,"href":"https:\/\/www.analoggwerz.com\/en\/wp-json\/wp\/v2\/product_tag?post=7228"}],"curies":[{"name":"wp","href":"https:\/\/api.w.org\/{rel}","templated":true}]}}