{"id":7212,"date":"2025-07-18T13:29:51","date_gmt":"2025-07-18T13:29:51","guid":{"rendered":"https:\/\/www.analoggwerz.com\/produit\/convertisseur-teleobjectif-soligor-auto-2x-monture-t2-f-2-8\/"},"modified":"2026-04-10T21:45:53","modified_gmt":"2026-04-10T21:45:53","slug":"convertisseur-teleobjectif-soligor-auto-2x-monture-t2-f-2-8","status":"publish","type":"product","link":"https:\/\/www.analoggwerz.com\/en\/product\/convertisseur-teleobjectif-soligor-auto-2x-monture-t2-f-2-8\/","title":{"rendered":"Convertisseur t\u00e9l\u00e9objectif Soligor Auto 2x \u2013 monture T2 \u2013 f\/2.8 &#8211; Noir"},"content":{"rendered":"<p>N\u2019h\u00e9sitez pas \u00e0 vous abonner \u00e0 mon Instagram (@analog_gwerz) si vous aimez la photo et les appareils.<\/p>\n<p>Convertisseur t\u00e9l\u00e9objectif Soligor Auto 2x \u2013 monture T2 \u2013 f\/2.8<\/p>\n<p>Convertisseur t\u00e9l\u00e9objectif vintage Soligor Auto 2x, produit au Japon, avec ses diff\u00e9rentes bagues (dont monture T2). Il permet de doubler la focale d\u2019un objectif tout en conservant un bon niveau de luminosit\u00e9 (f\/2.8).<\/p>\n<p>Fabriqu\u00e9 en m\u00e9tal, il respire la solidit\u00e9. Il est ici accompagn\u00e9 de ses trois \u00e9l\u00e9ments d\u00e9tachables visibles sur les photos. L\u2019\u00e9tat cosm\u00e9tique est globalement bon mais on note quelques marques d\u2019usage. Lentilles en bon \u00e9tat, pas de rayures.<\/p>\n<p>Caract\u00e9ristiques :<\/p>\n<p>Type : t\u00e9l\u00e9convertisseur 2x<\/p>\n<p>Monture : T2 (et autres bagues fournies)<\/p>\n<p>Fabrication : Japon<\/p>\n<p>Ouverture max : f\/2.8<\/p>\n<p>Finition : m\u00e9tal noir et bague argent\u00e9e<\/p>\n<p>Marques visibles : usage normal pour un objet de cette \u00e9poque<\/p>\n<p>\ud83d\udcf8 Les photos sont contractuelles.<\/p>\n<p>\ud83d\udca1 Parfait pour les amateurs de photo argentique ou ceux qui cherchent un accessoire vintage \u00e0 petit prix.<\/p>","protected":false},"excerpt":{"rendered":"<p>N\u2019h\u00e9sitez pas \u00e0 vous abonner \u00e0 mon Instagram (@analog_gwerz) si vous aimez la photo et les appareils. Convertisseur t\u00e9l\u00e9objectif Soligor Auto 2x \u2013 monture T2 \u2013 f\/2.8 Convertisseur t\u00e9l\u00e9objectif vintage Soligor Auto 2x, produit au Japon, avec ses diff\u00e9rentes bagues (dont monture T2). Il permet de doubler la focale d\u2019un objectif tout en conservant un [&hellip;]<\/p>\n","protected":false},"featured_media":7210,"template":"","meta":[],"product_brand":[],"product_cat":[55,167,171],"product_tag":[],"class_list":{"0":"post-7212","1":"product","2":"type-product","3":"status-publish","4":"has-post-thumbnail","6":"product_cat-accessoires","7":"product_cat-accessoires-pour-objectifs","8":"product_cat-teleconvertisseur","9":"pa_couleur-noir","11":"first","12":"instock","13":"sale","14":"purchasable","15":"product-type-simple"},"yoast_head":"<!-- This site is optimized with the Yoast SEO plugin v27.5 - https:\/\/yoast.com\/product\/yoast-seo-wordpress\/ -->\n<title>Convertisseur t\u00e9l\u00e9objectif Soligor Auto 2x \u2013 monture T2 \u2013 f\/2.8 - Noir est disponible sur la boutique !<\/title>\n<meta name=\"description\" content=\"Cliquez ici pour d\u00e9couvrir Convertisseur t\u00e9l\u00e9objectif Soligor Auto 2x \u2013 monture T2 \u2013 f\/2.8 - Noir sur la boutique.\" \/>\n<meta name=\"robots\" content=\"index, follow, max-snippet:-1, max-image-preview:large, max-video-preview:-1\" \/>\n<link rel=\"canonical\" href=\"https:\/\/www.analoggwerz.com\/en\/product\/convertisseur-teleobjectif-soligor-auto-2x-monture-t2-f-2-8\/\" \/>\n<meta property=\"og:locale\" content=\"en_US\" \/>\n<meta property=\"og:type\" content=\"article\" \/>\n<meta property=\"og:title\" content=\"Convertisseur t\u00e9l\u00e9objectif Soligor Auto 2x \u2013 monture T2 \u2013 f\/2.8 - Noir est disponible sur la boutique !\" \/>\n<meta property=\"og:description\" content=\"Cliquez ici pour d\u00e9couvrir Convertisseur t\u00e9l\u00e9objectif Soligor Auto 2x \u2013 monture T2 \u2013 f\/2.8 - Noir sur la boutique.\" \/>\n<meta property=\"og:url\" content=\"https:\/\/www.analoggwerz.com\/en\/product\/convertisseur-teleobjectif-soligor-auto-2x-monture-t2-f-2-8\/\" \/>\n<meta property=\"og:site_name\" content=\"Analog Gwerz\" \/>\n<meta property=\"article:modified_time\" content=\"2026-04-10T21:45:53+00:00\" \/>\n<meta property=\"og:image\" content=\"https:\/\/www.analoggwerz.com\/wp-content\/uploads\/2025\/07\/img_1249-scaled.jpeg\" \/>\n\t<meta property=\"og:image:width\" content=\"2560\" \/>\n\t<meta property=\"og:image:height\" content=\"1920\" \/>\n\t<meta property=\"og:image:type\" content=\"image\/jpeg\" \/>\n<meta name=\"twitter:card\" content=\"summary_large_image\" \/>\n<meta name=\"twitter:label1\" content=\"Est. reading time\" \/>\n\t<meta name=\"twitter:data1\" content=\"1 minute\" \/>\n<script type=\"application\/ld+json\" class=\"yoast-schema-graph\">{\"@context\":\"https:\\\/\\\/schema.org\",\"@graph\":[{\"@type\":\"WebPage\",\"@id\":\"https:\\\/\\\/www.analoggwerz.com\\\/produit\\\/convertisseur-teleobjectif-soligor-auto-2x-monture-t2-f-2-8\\\/\",\"url\":\"https:\\\/\\\/www.analoggwerz.com\\\/produit\\\/convertisseur-teleobjectif-soligor-auto-2x-monture-t2-f-2-8\\\/\",\"name\":\"Convertisseur t\u00e9l\u00e9objectif Soligor Auto 2x \u2013 monture T2 \u2013 f\\\/2.8 - Noir est disponible sur la boutique !\",\"isPartOf\":{\"@id\":\"https:\\\/\\\/www.analoggwerz.com\\\/#website\"},\"primaryImageOfPage\":{\"@id\":\"https:\\\/\\\/www.analoggwerz.com\\\/produit\\\/convertisseur-teleobjectif-soligor-auto-2x-monture-t2-f-2-8\\\/#primaryimage\"},\"image\":{\"@id\":\"https:\\\/\\\/www.analoggwerz.com\\\/produit\\\/convertisseur-teleobjectif-soligor-auto-2x-monture-t2-f-2-8\\\/#primaryimage\"},\"thumbnailUrl\":\"https:\\\/\\\/www.analoggwerz.com\\\/wp-content\\\/uploads\\\/2025\\\/07\\\/img_1249-scaled.jpeg\",\"datePublished\":\"2025-07-18T13:29:51+00:00\",\"dateModified\":\"2026-04-10T21:45:53+00:00\",\"description\":\"Cliquez ici pour d\u00e9couvrir Convertisseur t\u00e9l\u00e9objectif Soligor Auto 2x \u2013 monture T2 \u2013 f\\\/2.8 - Noir sur la boutique.\",\"breadcrumb\":{\"@id\":\"https:\\\/\\\/www.analoggwerz.com\\\/produit\\\/convertisseur-teleobjectif-soligor-auto-2x-monture-t2-f-2-8\\\/#breadcrumb\"},\"inLanguage\":\"en-US\",\"potentialAction\":[{\"@type\":\"ReadAction\",\"target\":[\"https:\\\/\\\/www.analoggwerz.com\\\/produit\\\/convertisseur-teleobjectif-soligor-auto-2x-monture-t2-f-2-8\\\/\"]}]},{\"@type\":\"ImageObject\",\"inLanguage\":\"en-US\",\"@id\":\"https:\\\/\\\/www.analoggwerz.com\\\/produit\\\/convertisseur-teleobjectif-soligor-auto-2x-monture-t2-f-2-8\\\/#primaryimage\",\"url\":\"https:\\\/\\\/www.analoggwerz.com\\\/wp-content\\\/uploads\\\/2025\\\/07\\\/img_1249-scaled.jpeg\",\"contentUrl\":\"https:\\\/\\\/www.analoggwerz.com\\\/wp-content\\\/uploads\\\/2025\\\/07\\\/img_1249-scaled.jpeg\",\"width\":2560,\"height\":1920},{\"@type\":\"BreadcrumbList\",\"@id\":\"https:\\\/\\\/www.analoggwerz.com\\\/produit\\\/convertisseur-teleobjectif-soligor-auto-2x-monture-t2-f-2-8\\\/#breadcrumb\",\"itemListElement\":[{\"@type\":\"ListItem\",\"position\":1,\"name\":\"Accueil\",\"item\":\"https:\\\/\\\/www.analoggwerz.com\\\/\"},{\"@type\":\"ListItem\",\"position\":2,\"name\":\"Boutique\",\"item\":\"https:\\\/\\\/www.analoggwerz.com\\\/shop\\\/\"},{\"@type\":\"ListItem\",\"position\":3,\"name\":\"Convertisseur t\u00e9l\u00e9objectif Soligor Auto 2x \u2013 monture T2 \u2013 f\\\/2.8 &#8211; Noir\"}]},{\"@type\":\"WebSite\",\"@id\":\"https:\\\/\\\/www.analoggwerz.com\\\/#website\",\"url\":\"https:\\\/\\\/www.analoggwerz.com\\\/\",\"name\":\"Analog Gwerz\",\"description\":\"Pas besoin de neuf pour capturer l&#039;instant !\",\"publisher\":{\"@id\":\"https:\\\/\\\/www.analoggwerz.com\\\/#organization\"},\"potentialAction\":[{\"@type\":\"SearchAction\",\"target\":{\"@type\":\"EntryPoint\",\"urlTemplate\":\"https:\\\/\\\/www.analoggwerz.com\\\/?s={search_term_string}\"},\"query-input\":{\"@type\":\"PropertyValueSpecification\",\"valueRequired\":true,\"valueName\":\"search_term_string\"}}],\"inLanguage\":\"en-US\"},{\"@type\":\"Organization\",\"@id\":\"https:\\\/\\\/www.analoggwerz.com\\\/#organization\",\"name\":\"Analog Gwerz\",\"url\":\"https:\\\/\\\/www.analoggwerz.com\\\/\",\"logo\":{\"@type\":\"ImageObject\",\"inLanguage\":\"en-US\",\"@id\":\"https:\\\/\\\/www.analoggwerz.com\\\/#\\\/schema\\\/logo\\\/image\\\/\",\"url\":\"https:\\\/\\\/www.analoggwerz.com\\\/wp-content\\\/uploads\\\/2025\\\/10\\\/000-LOGO-ANALOG-GWERZ-NOIR-1.png\",\"contentUrl\":\"https:\\\/\\\/www.analoggwerz.com\\\/wp-content\\\/uploads\\\/2025\\\/10\\\/000-LOGO-ANALOG-GWERZ-NOIR-1.png\",\"width\":800,\"height\":407,\"caption\":\"Analog Gwerz\"},\"image\":{\"@id\":\"https:\\\/\\\/www.analoggwerz.com\\\/#\\\/schema\\\/logo\\\/image\\\/\"},\"sameAs\":[\"https:\\\/\\\/www.instagram.com\\\/analog_gwerz\\\/\",\"https:\\\/\\\/www.tiktok.com\\\/@analog_gwerz\"]}]}<\/script>\n<!-- \/ Yoast SEO plugin. -->","yoast_head_json":{"title":"Convertisseur t\u00e9l\u00e9objectif Soligor Auto 2x \u2013 monture T2 \u2013 f\/2.8 - Noir est disponible sur la boutique !","description":"Cliquez ici pour d\u00e9couvrir Convertisseur t\u00e9l\u00e9objectif Soligor Auto 2x \u2013 monture T2 \u2013 f\/2.8 - Noir sur la boutique.","robots":{"index":"index","follow":"follow","max-snippet":"max-snippet:-1","max-image-preview":"max-image-preview:large","max-video-preview":"max-video-preview:-1"},"canonical":"https:\/\/www.analoggwerz.com\/en\/product\/convertisseur-teleobjectif-soligor-auto-2x-monture-t2-f-2-8\/","og_locale":"en_US","og_type":"article","og_title":"Convertisseur t\u00e9l\u00e9objectif Soligor Auto 2x \u2013 monture T2 \u2013 f\/2.8 - Noir est disponible sur la boutique !","og_description":"Cliquez ici pour d\u00e9couvrir Convertisseur t\u00e9l\u00e9objectif Soligor Auto 2x \u2013 monture T2 \u2013 f\/2.8 - Noir sur la boutique.","og_url":"https:\/\/www.analoggwerz.com\/en\/product\/convertisseur-teleobjectif-soligor-auto-2x-monture-t2-f-2-8\/","og_site_name":"Analog Gwerz","article_modified_time":"2026-04-10T21:45:53+00:00","og_image":[{"width":2560,"height":1920,"url":"https:\/\/www.analoggwerz.com\/wp-content\/uploads\/2025\/07\/img_1249-scaled.jpeg","type":"image\/jpeg"}],"twitter_card":"summary_large_image","twitter_misc":{"Est. reading time":"1 minute"},"schema":{"@context":"https:\/\/schema.org","@graph":[{"@type":"WebPage","@id":"https:\/\/www.analoggwerz.com\/produit\/convertisseur-teleobjectif-soligor-auto-2x-monture-t2-f-2-8\/","url":"https:\/\/www.analoggwerz.com\/produit\/convertisseur-teleobjectif-soligor-auto-2x-monture-t2-f-2-8\/","name":"Convertisseur t\u00e9l\u00e9objectif Soligor Auto 2x \u2013 monture T2 \u2013 f\/2.8 - Noir est disponible sur la boutique !","isPartOf":{"@id":"https:\/\/www.analoggwerz.com\/#website"},"primaryImageOfPage":{"@id":"https:\/\/www.analoggwerz.com\/produit\/convertisseur-teleobjectif-soligor-auto-2x-monture-t2-f-2-8\/#primaryimage"},"image":{"@id":"https:\/\/www.analoggwerz.com\/produit\/convertisseur-teleobjectif-soligor-auto-2x-monture-t2-f-2-8\/#primaryimage"},"thumbnailUrl":"https:\/\/www.analoggwerz.com\/wp-content\/uploads\/2025\/07\/img_1249-scaled.jpeg","datePublished":"2025-07-18T13:29:51+00:00","dateModified":"2026-04-10T21:45:53+00:00","description":"Cliquez ici pour d\u00e9couvrir Convertisseur t\u00e9l\u00e9objectif Soligor Auto 2x \u2013 monture T2 \u2013 f\/2.8 - Noir sur la boutique.","breadcrumb":{"@id":"https:\/\/www.analoggwerz.com\/produit\/convertisseur-teleobjectif-soligor-auto-2x-monture-t2-f-2-8\/#breadcrumb"},"inLanguage":"en-US","potentialAction":[{"@type":"ReadAction","target":["https:\/\/www.analoggwerz.com\/produit\/convertisseur-teleobjectif-soligor-auto-2x-monture-t2-f-2-8\/"]}]},{"@type":"ImageObject","inLanguage":"en-US","@id":"https:\/\/www.analoggwerz.com\/produit\/convertisseur-teleobjectif-soligor-auto-2x-monture-t2-f-2-8\/#primaryimage","url":"https:\/\/www.analoggwerz.com\/wp-content\/uploads\/2025\/07\/img_1249-scaled.jpeg","contentUrl":"https:\/\/www.analoggwerz.com\/wp-content\/uploads\/2025\/07\/img_1249-scaled.jpeg","width":2560,"height":1920},{"@type":"BreadcrumbList","@id":"https:\/\/www.analoggwerz.com\/produit\/convertisseur-teleobjectif-soligor-auto-2x-monture-t2-f-2-8\/#breadcrumb","itemListElement":[{"@type":"ListItem","position":1,"name":"Accueil","item":"https:\/\/www.analoggwerz.com\/"},{"@type":"ListItem","position":2,"name":"Boutique","item":"https:\/\/www.analoggwerz.com\/shop\/"},{"@type":"ListItem","position":3,"name":"Convertisseur t\u00e9l\u00e9objectif Soligor Auto 2x \u2013 monture T2 \u2013 f\/2.8 &#8211; Noir"}]},{"@type":"WebSite","@id":"https:\/\/www.analoggwerz.com\/#website","url":"https:\/\/www.analoggwerz.com\/","name":"Analog Gwerz","description":"Pas besoin de neuf pour capturer l&#039;instant !","publisher":{"@id":"https:\/\/www.analoggwerz.com\/#organization"},"potentialAction":[{"@type":"SearchAction","target":{"@type":"EntryPoint","urlTemplate":"https:\/\/www.analoggwerz.com\/?s={search_term_string}"},"query-input":{"@type":"PropertyValueSpecification","valueRequired":true,"valueName":"search_term_string"}}],"inLanguage":"en-US"},{"@type":"Organization","@id":"https:\/\/www.analoggwerz.com\/#organization","name":"Analog Gwerz","url":"https:\/\/www.analoggwerz.com\/","logo":{"@type":"ImageObject","inLanguage":"en-US","@id":"https:\/\/www.analoggwerz.com\/#\/schema\/logo\/image\/","url":"https:\/\/www.analoggwerz.com\/wp-content\/uploads\/2025\/10\/000-LOGO-ANALOG-GWERZ-NOIR-1.png","contentUrl":"https:\/\/www.analoggwerz.com\/wp-content\/uploads\/2025\/10\/000-LOGO-ANALOG-GWERZ-NOIR-1.png","width":800,"height":407,"caption":"Analog Gwerz"},"image":{"@id":"https:\/\/www.analoggwerz.com\/#\/schema\/logo\/image\/"},"sameAs":["https:\/\/www.instagram.com\/analog_gwerz\/","https:\/\/www.tiktok.com\/@analog_gwerz"]}]}},"jetpack_sharing_enabled":true,"_links":{"self":[{"href":"https:\/\/www.analoggwerz.com\/en\/wp-json\/wp\/v2\/product\/7212","targetHints":{"allow":["GET"]}}],"collection":[{"href":"https:\/\/www.analoggwerz.com\/en\/wp-json\/wp\/v2\/product"}],"about":[{"href":"https:\/\/www.analoggwerz.com\/en\/wp-json\/wp\/v2\/types\/product"}],"wp:featuredmedia":[{"embeddable":true,"href":"https:\/\/www.analoggwerz.com\/en\/wp-json\/wp\/v2\/media\/7210"}],"wp:attachment":[{"href":"https:\/\/www.analoggwerz.com\/en\/wp-json\/wp\/v2\/media?parent=7212"}],"wp:term":[{"taxonomy":"product_brand","embeddable":true,"href":"https:\/\/www.analoggwerz.com\/en\/wp-json\/wp\/v2\/product_brand?post=7212"},{"taxonomy":"product_cat","embeddable":true,"href":"https:\/\/www.analoggwerz.com\/en\/wp-json\/wp\/v2\/product_cat?post=7212"},{"taxonomy":"product_tag","embeddable":true,"href":"https:\/\/www.analoggwerz.com\/en\/wp-json\/wp\/v2\/product_tag?post=7212"}],"curies":[{"name":"wp","href":"https:\/\/api.w.org\/{rel}","templated":true}]}}