{"id":7036,"date":"2025-07-09T20:13:05","date_gmt":"2025-07-09T20:13:05","guid":{"rendered":"https:\/\/www.analoggwerz.com\/produit\/pellicule-couleur-fujifilm-c200-24-poses-perimee\/"},"modified":"2026-03-27T12:25:11","modified_gmt":"2026-03-27T12:25:11","slug":"pellicule-couleur-fujifilm-c200-24-poses-perimee","status":"publish","type":"product","link":"https:\/\/www.analoggwerz.com\/en\/product\/pellicule-couleur-fujifilm-c200-24-poses-perimee\/","title":{"rendered":"Pellicule couleur Fujifilm C200 \u2013 24 poses \u2013 P\u00e9rim\u00e9e"},"content":{"rendered":"<p>N\u2019h\u00e9sitez pas \u00e0 vous abonner \u00e0 mon Instagram (@analog_gwerz) si vous aimez la photo et les appareils.<\/p>\n<p>\u2705 Pellicule couleur Fujifilm C200 \u2013 24 poses \u2013 P\u00e9rim\u00e9e<\/p>\n<p>Pellicule Fujicolor C200 ISO 200, version 24 poses, dans son emballage d\u2019origine non ouvert.<\/p>\n<p>P\u00e9rim\u00e9e en 2013, stock\u00e9e au sec.<\/p>\n<p>\ud83c\udf9e Id\u00e9ale pour les amateurs de rendu vintage et de surprises colorim\u00e9triques : cette C200 pourra produire des teintes l\u00e9g\u00e8rement d\u00e9lav\u00e9es, parfois des dominantes magenta ou vertes selon le traitement et les conditions. Parfaite pour des exp\u00e9rimentations cr\u00e9atives.<\/p>\n<p>\ud83d\udce6 Bo\u00eete en bon \u00e9tat g\u00e9n\u00e9ral malgr\u00e9 quelques traces de stockage (voir photos).<\/p>\n<p>\ud83d\udca1 Exp\u00e9di\u00e9e rapidement avec soin.<\/p>\n<p>\ud83d\udcf8 Compatible avec tous les appareils 35mm (argentiques).<\/p>","protected":false},"excerpt":{"rendered":"<p>N\u2019h\u00e9sitez pas \u00e0 vous abonner \u00e0 mon Instagram (@analog_gwerz) si vous aimez la photo et les appareils. \u2705 Pellicule couleur Fujifilm C200 \u2013 24 poses \u2013 P\u00e9rim\u00e9e Pellicule Fujicolor C200 ISO 200, version 24 poses, dans son emballage d\u2019origine non ouvert. P\u00e9rim\u00e9e en 2013, stock\u00e9e au sec. \ud83c\udf9e Id\u00e9ale pour les amateurs de rendu vintage [&hellip;]<\/p>\n","protected":false},"featured_media":7034,"template":"","meta":[],"product_brand":[],"product_cat":[135,133],"product_tag":[],"class_list":{"0":"post-7036","1":"product","2":"type-product","3":"status-publish","4":"has-post-thumbnail","6":"product_cat-35-mm-couleurs","7":"product_cat-pellicules-argentiques","8":"pa_marque-fujifilm","10":"first","11":"instock","12":"sale","13":"purchasable","14":"product-type-simple"},"yoast_head":"<!-- This site is optimized with the Yoast SEO plugin v27.5 - https:\/\/yoast.com\/product\/yoast-seo-wordpress\/ -->\n<title>Pellicule couleur Fujifilm C200 \u2013 24 poses \u2013 P\u00e9rim\u00e9e est disponible sur la boutique !<\/title>\n<meta name=\"description\" content=\"Cliquez ici pour d\u00e9couvrir Pellicule couleur Fujifilm C200 \u2013 24 poses \u2013 P\u00e9rim\u00e9e sur la boutique.\" \/>\n<meta name=\"robots\" content=\"index, follow, max-snippet:-1, max-image-preview:large, max-video-preview:-1\" \/>\n<link rel=\"canonical\" href=\"https:\/\/www.analoggwerz.com\/en\/product\/pellicule-couleur-fujifilm-c200-24-poses-perimee\/\" \/>\n<meta property=\"og:locale\" content=\"en_US\" \/>\n<meta property=\"og:type\" content=\"article\" \/>\n<meta property=\"og:title\" content=\"Pellicule couleur Fujifilm C200 \u2013 24 poses \u2013 P\u00e9rim\u00e9e est disponible sur la boutique !\" \/>\n<meta property=\"og:description\" content=\"Cliquez ici pour d\u00e9couvrir Pellicule couleur Fujifilm C200 \u2013 24 poses \u2013 P\u00e9rim\u00e9e sur la boutique.\" \/>\n<meta property=\"og:url\" content=\"https:\/\/www.analoggwerz.com\/en\/product\/pellicule-couleur-fujifilm-c200-24-poses-perimee\/\" \/>\n<meta property=\"og:site_name\" content=\"Analog Gwerz\" \/>\n<meta property=\"article:modified_time\" content=\"2026-03-27T12:25:11+00:00\" \/>\n<meta property=\"og:image\" content=\"https:\/\/www.analoggwerz.com\/wp-content\/uploads\/2025\/07\/img_0789-scaled.jpeg\" \/>\n\t<meta property=\"og:image:width\" content=\"2560\" \/>\n\t<meta property=\"og:image:height\" content=\"1920\" \/>\n\t<meta property=\"og:image:type\" content=\"image\/jpeg\" \/>\n<meta name=\"twitter:card\" content=\"summary_large_image\" \/>\n<meta name=\"twitter:label1\" content=\"Est. reading time\" \/>\n\t<meta name=\"twitter:data1\" content=\"1 minute\" \/>\n<script type=\"application\/ld+json\" class=\"yoast-schema-graph\">{\"@context\":\"https:\\\/\\\/schema.org\",\"@graph\":[{\"@type\":\"WebPage\",\"@id\":\"https:\\\/\\\/www.analoggwerz.com\\\/produit\\\/pellicule-couleur-fujifilm-c200-24-poses-perimee\\\/\",\"url\":\"https:\\\/\\\/www.analoggwerz.com\\\/produit\\\/pellicule-couleur-fujifilm-c200-24-poses-perimee\\\/\",\"name\":\"Pellicule couleur Fujifilm C200 \u2013 24 poses \u2013 P\u00e9rim\u00e9e est disponible sur la boutique !\",\"isPartOf\":{\"@id\":\"https:\\\/\\\/www.analoggwerz.com\\\/#website\"},\"primaryImageOfPage\":{\"@id\":\"https:\\\/\\\/www.analoggwerz.com\\\/produit\\\/pellicule-couleur-fujifilm-c200-24-poses-perimee\\\/#primaryimage\"},\"image\":{\"@id\":\"https:\\\/\\\/www.analoggwerz.com\\\/produit\\\/pellicule-couleur-fujifilm-c200-24-poses-perimee\\\/#primaryimage\"},\"thumbnailUrl\":\"https:\\\/\\\/www.analoggwerz.com\\\/wp-content\\\/uploads\\\/2025\\\/07\\\/img_0789-scaled.jpeg\",\"datePublished\":\"2025-07-09T20:13:05+00:00\",\"dateModified\":\"2026-03-27T12:25:11+00:00\",\"description\":\"Cliquez ici pour d\u00e9couvrir Pellicule couleur Fujifilm C200 \u2013 24 poses \u2013 P\u00e9rim\u00e9e sur la boutique.\",\"breadcrumb\":{\"@id\":\"https:\\\/\\\/www.analoggwerz.com\\\/produit\\\/pellicule-couleur-fujifilm-c200-24-poses-perimee\\\/#breadcrumb\"},\"inLanguage\":\"en-US\",\"potentialAction\":[{\"@type\":\"ReadAction\",\"target\":[\"https:\\\/\\\/www.analoggwerz.com\\\/produit\\\/pellicule-couleur-fujifilm-c200-24-poses-perimee\\\/\"]}]},{\"@type\":\"ImageObject\",\"inLanguage\":\"en-US\",\"@id\":\"https:\\\/\\\/www.analoggwerz.com\\\/produit\\\/pellicule-couleur-fujifilm-c200-24-poses-perimee\\\/#primaryimage\",\"url\":\"https:\\\/\\\/www.analoggwerz.com\\\/wp-content\\\/uploads\\\/2025\\\/07\\\/img_0789-scaled.jpeg\",\"contentUrl\":\"https:\\\/\\\/www.analoggwerz.com\\\/wp-content\\\/uploads\\\/2025\\\/07\\\/img_0789-scaled.jpeg\",\"width\":2560,\"height\":1920},{\"@type\":\"BreadcrumbList\",\"@id\":\"https:\\\/\\\/www.analoggwerz.com\\\/produit\\\/pellicule-couleur-fujifilm-c200-24-poses-perimee\\\/#breadcrumb\",\"itemListElement\":[{\"@type\":\"ListItem\",\"position\":1,\"name\":\"Accueil\",\"item\":\"https:\\\/\\\/www.analoggwerz.com\\\/\"},{\"@type\":\"ListItem\",\"position\":2,\"name\":\"Boutique\",\"item\":\"https:\\\/\\\/www.analoggwerz.com\\\/shop\\\/\"},{\"@type\":\"ListItem\",\"position\":3,\"name\":\"Pellicule couleur Fujifilm C200 \u2013 24 poses \u2013 P\u00e9rim\u00e9e\"}]},{\"@type\":\"WebSite\",\"@id\":\"https:\\\/\\\/www.analoggwerz.com\\\/#website\",\"url\":\"https:\\\/\\\/www.analoggwerz.com\\\/\",\"name\":\"Analog Gwerz\",\"description\":\"Pas besoin de neuf pour capturer l&#039;instant !\",\"publisher\":{\"@id\":\"https:\\\/\\\/www.analoggwerz.com\\\/#organization\"},\"potentialAction\":[{\"@type\":\"SearchAction\",\"target\":{\"@type\":\"EntryPoint\",\"urlTemplate\":\"https:\\\/\\\/www.analoggwerz.com\\\/?s={search_term_string}\"},\"query-input\":{\"@type\":\"PropertyValueSpecification\",\"valueRequired\":true,\"valueName\":\"search_term_string\"}}],\"inLanguage\":\"en-US\"},{\"@type\":\"Organization\",\"@id\":\"https:\\\/\\\/www.analoggwerz.com\\\/#organization\",\"name\":\"Analog Gwerz\",\"url\":\"https:\\\/\\\/www.analoggwerz.com\\\/\",\"logo\":{\"@type\":\"ImageObject\",\"inLanguage\":\"en-US\",\"@id\":\"https:\\\/\\\/www.analoggwerz.com\\\/#\\\/schema\\\/logo\\\/image\\\/\",\"url\":\"https:\\\/\\\/www.analoggwerz.com\\\/wp-content\\\/uploads\\\/2025\\\/10\\\/000-LOGO-ANALOG-GWERZ-NOIR-1.png\",\"contentUrl\":\"https:\\\/\\\/www.analoggwerz.com\\\/wp-content\\\/uploads\\\/2025\\\/10\\\/000-LOGO-ANALOG-GWERZ-NOIR-1.png\",\"width\":800,\"height\":407,\"caption\":\"Analog Gwerz\"},\"image\":{\"@id\":\"https:\\\/\\\/www.analoggwerz.com\\\/#\\\/schema\\\/logo\\\/image\\\/\"},\"sameAs\":[\"https:\\\/\\\/www.instagram.com\\\/analog_gwerz\\\/\",\"https:\\\/\\\/www.tiktok.com\\\/@analog_gwerz\"]}]}<\/script>\n<!-- \/ Yoast SEO plugin. -->","yoast_head_json":{"title":"Pellicule couleur Fujifilm C200 \u2013 24 poses \u2013 P\u00e9rim\u00e9e est disponible sur la boutique !","description":"Cliquez ici pour d\u00e9couvrir Pellicule couleur Fujifilm C200 \u2013 24 poses \u2013 P\u00e9rim\u00e9e sur la boutique.","robots":{"index":"index","follow":"follow","max-snippet":"max-snippet:-1","max-image-preview":"max-image-preview:large","max-video-preview":"max-video-preview:-1"},"canonical":"https:\/\/www.analoggwerz.com\/en\/product\/pellicule-couleur-fujifilm-c200-24-poses-perimee\/","og_locale":"en_US","og_type":"article","og_title":"Pellicule couleur Fujifilm C200 \u2013 24 poses \u2013 P\u00e9rim\u00e9e est disponible sur la boutique !","og_description":"Cliquez ici pour d\u00e9couvrir Pellicule couleur Fujifilm C200 \u2013 24 poses \u2013 P\u00e9rim\u00e9e sur la boutique.","og_url":"https:\/\/www.analoggwerz.com\/en\/product\/pellicule-couleur-fujifilm-c200-24-poses-perimee\/","og_site_name":"Analog Gwerz","article_modified_time":"2026-03-27T12:25:11+00:00","og_image":[{"width":2560,"height":1920,"url":"https:\/\/www.analoggwerz.com\/wp-content\/uploads\/2025\/07\/img_0789-scaled.jpeg","type":"image\/jpeg"}],"twitter_card":"summary_large_image","twitter_misc":{"Est. reading time":"1 minute"},"schema":{"@context":"https:\/\/schema.org","@graph":[{"@type":"WebPage","@id":"https:\/\/www.analoggwerz.com\/produit\/pellicule-couleur-fujifilm-c200-24-poses-perimee\/","url":"https:\/\/www.analoggwerz.com\/produit\/pellicule-couleur-fujifilm-c200-24-poses-perimee\/","name":"Pellicule couleur Fujifilm C200 \u2013 24 poses \u2013 P\u00e9rim\u00e9e est disponible sur la boutique !","isPartOf":{"@id":"https:\/\/www.analoggwerz.com\/#website"},"primaryImageOfPage":{"@id":"https:\/\/www.analoggwerz.com\/produit\/pellicule-couleur-fujifilm-c200-24-poses-perimee\/#primaryimage"},"image":{"@id":"https:\/\/www.analoggwerz.com\/produit\/pellicule-couleur-fujifilm-c200-24-poses-perimee\/#primaryimage"},"thumbnailUrl":"https:\/\/www.analoggwerz.com\/wp-content\/uploads\/2025\/07\/img_0789-scaled.jpeg","datePublished":"2025-07-09T20:13:05+00:00","dateModified":"2026-03-27T12:25:11+00:00","description":"Cliquez ici pour d\u00e9couvrir Pellicule couleur Fujifilm C200 \u2013 24 poses \u2013 P\u00e9rim\u00e9e sur la boutique.","breadcrumb":{"@id":"https:\/\/www.analoggwerz.com\/produit\/pellicule-couleur-fujifilm-c200-24-poses-perimee\/#breadcrumb"},"inLanguage":"en-US","potentialAction":[{"@type":"ReadAction","target":["https:\/\/www.analoggwerz.com\/produit\/pellicule-couleur-fujifilm-c200-24-poses-perimee\/"]}]},{"@type":"ImageObject","inLanguage":"en-US","@id":"https:\/\/www.analoggwerz.com\/produit\/pellicule-couleur-fujifilm-c200-24-poses-perimee\/#primaryimage","url":"https:\/\/www.analoggwerz.com\/wp-content\/uploads\/2025\/07\/img_0789-scaled.jpeg","contentUrl":"https:\/\/www.analoggwerz.com\/wp-content\/uploads\/2025\/07\/img_0789-scaled.jpeg","width":2560,"height":1920},{"@type":"BreadcrumbList","@id":"https:\/\/www.analoggwerz.com\/produit\/pellicule-couleur-fujifilm-c200-24-poses-perimee\/#breadcrumb","itemListElement":[{"@type":"ListItem","position":1,"name":"Accueil","item":"https:\/\/www.analoggwerz.com\/"},{"@type":"ListItem","position":2,"name":"Boutique","item":"https:\/\/www.analoggwerz.com\/shop\/"},{"@type":"ListItem","position":3,"name":"Pellicule couleur Fujifilm C200 \u2013 24 poses \u2013 P\u00e9rim\u00e9e"}]},{"@type":"WebSite","@id":"https:\/\/www.analoggwerz.com\/#website","url":"https:\/\/www.analoggwerz.com\/","name":"Analog Gwerz","description":"Pas besoin de neuf pour capturer l&#039;instant !","publisher":{"@id":"https:\/\/www.analoggwerz.com\/#organization"},"potentialAction":[{"@type":"SearchAction","target":{"@type":"EntryPoint","urlTemplate":"https:\/\/www.analoggwerz.com\/?s={search_term_string}"},"query-input":{"@type":"PropertyValueSpecification","valueRequired":true,"valueName":"search_term_string"}}],"inLanguage":"en-US"},{"@type":"Organization","@id":"https:\/\/www.analoggwerz.com\/#organization","name":"Analog Gwerz","url":"https:\/\/www.analoggwerz.com\/","logo":{"@type":"ImageObject","inLanguage":"en-US","@id":"https:\/\/www.analoggwerz.com\/#\/schema\/logo\/image\/","url":"https:\/\/www.analoggwerz.com\/wp-content\/uploads\/2025\/10\/000-LOGO-ANALOG-GWERZ-NOIR-1.png","contentUrl":"https:\/\/www.analoggwerz.com\/wp-content\/uploads\/2025\/10\/000-LOGO-ANALOG-GWERZ-NOIR-1.png","width":800,"height":407,"caption":"Analog Gwerz"},"image":{"@id":"https:\/\/www.analoggwerz.com\/#\/schema\/logo\/image\/"},"sameAs":["https:\/\/www.instagram.com\/analog_gwerz\/","https:\/\/www.tiktok.com\/@analog_gwerz"]}]}},"jetpack_sharing_enabled":true,"_links":{"self":[{"href":"https:\/\/www.analoggwerz.com\/en\/wp-json\/wp\/v2\/product\/7036","targetHints":{"allow":["GET"]}}],"collection":[{"href":"https:\/\/www.analoggwerz.com\/en\/wp-json\/wp\/v2\/product"}],"about":[{"href":"https:\/\/www.analoggwerz.com\/en\/wp-json\/wp\/v2\/types\/product"}],"wp:featuredmedia":[{"embeddable":true,"href":"https:\/\/www.analoggwerz.com\/en\/wp-json\/wp\/v2\/media\/7034"}],"wp:attachment":[{"href":"https:\/\/www.analoggwerz.com\/en\/wp-json\/wp\/v2\/media?parent=7036"}],"wp:term":[{"taxonomy":"product_brand","embeddable":true,"href":"https:\/\/www.analoggwerz.com\/en\/wp-json\/wp\/v2\/product_brand?post=7036"},{"taxonomy":"product_cat","embeddable":true,"href":"https:\/\/www.analoggwerz.com\/en\/wp-json\/wp\/v2\/product_cat?post=7036"},{"taxonomy":"product_tag","embeddable":true,"href":"https:\/\/www.analoggwerz.com\/en\/wp-json\/wp\/v2\/product_tag?post=7036"}],"curies":[{"name":"wp","href":"https:\/\/api.w.org\/{rel}","templated":true}]}}