{"id":7032,"date":"2025-07-09T14:33:41","date_gmt":"2025-07-09T14:33:41","guid":{"rendered":"https:\/\/www.analoggwerz.com\/produit\/sony-handycam-dcr-pc105e\/"},"modified":"2026-01-31T14:55:10","modified_gmt":"2026-01-31T14:55:10","slug":"sony-handycam-dcr-pc105e","status":"publish","type":"product","link":"https:\/\/www.analoggwerz.com\/en\/product\/sony-handycam-dcr-pc105e\/","title":{"rendered":"Sony handycam DCR PC105E &#8211; Gris"},"content":{"rendered":"<p><strong>N\u2019h\u00e9sitez pas \u00e0 vous abonner \u00e0 mon Instagram (@analog_gwerz) si vous aimez la photo et les appareils.<\/strong><\/p>\n<p><strong>Cam\u00e9scope MiniDV Sony Handycam DCR-PC105E \u2013 complet avec accessoires<\/strong><\/p>\n<p><strong>Cam\u00e9scope Sony Handycam DCR-PC105E en excellent \u00e9tat de fonctionnement, id\u00e9al pour les amateurs de MiniDV, les projets r\u00e9tro ou la num\u00e9risation de cassettes. Compact, robuste et tr\u00e8s qualitatif, ce mod\u00e8le est \u00e9quip\u00e9 d\u2019un objectif Carl Zeiss, d\u2019un \u00e9cran orientable et d\u2019un mode NightShot pour filmer m\u00eame dans l\u2019obscurit\u00e9 totale.<\/strong><\/p>\n<p>\ud83d\udcf7<strong> Caract\u00e9ristiques principales :<\/strong><\/p>\n<p><strong>Cam\u00e9scope num\u00e9rique MiniDV<\/strong><\/p>\n<p><strong>Objectif Carl Zeiss Vario-Sonnar<\/strong><\/p>\n<p><strong>Capteur 1 m\u00e9gapixel<\/strong><\/p>\n<p><strong>\u00c9cran LCD orientable<\/strong><\/p>\n<p><strong>Mode NightShot infrarouge (vision nocturne)<\/strong><\/p>\n<p><strong>Modes vid\u00e9o et photo<\/strong><\/p>\n<p><strong>Entr\u00e9e\/sortie DV (i.LINK \/ FireWire)<\/strong><\/p>\n<p><strong>Port Memory Stick<\/strong><\/p>\n<p>\u2705<strong> Inclus avec le cam\u00e9scope :<\/strong><\/p>\n<p><strong>Batterie neuve NP-FM50 (tr\u00e8s bonne autonomie)<\/strong><\/p>\n<p><strong>Chargeur neuf USB compatible (avec bo\u00eete)<\/strong><\/p>\n<p><strong>Objectif grand-angle Sony (Wide Conversion Lens x0.6)<\/strong><\/p>\n<p><strong>\u00c9tui de transport Sony<\/strong><\/p>\n<p><strong>Cassette MiniDV vierge DDS-120<\/strong><\/p>\n<p><strong>Cache-objectif Sony<\/strong><\/p>\n<p>\ud83d\udce6<strong> Envoi rapide et soign\u00e9.<\/strong><\/p>\n<p>\ud83d\udcac<strong> Pour toute question, n\u2019h\u00e9sitez pas \u00e0 me contacter !<\/strong><\/p>","protected":false},"excerpt":{"rendered":"<p>N\u2019h\u00e9sitez pas \u00e0 vous abonner \u00e0 mon Instagram (@analog_gwerz) si vous aimez la photo et les appareils. Cam\u00e9scope MiniDV Sony Handycam DCR-PC105E \u2013 complet avec accessoires Cam\u00e9scope Sony Handycam DCR-PC105E en excellent \u00e9tat de fonctionnement, id\u00e9al pour les amateurs de MiniDV, les projets r\u00e9tro ou la num\u00e9risation de cassettes. Compact, robuste et tr\u00e8s qualitatif, ce [&hellip;]<\/p>\n","protected":false},"featured_media":7031,"template":"","meta":[],"product_brand":[],"product_cat":[32,124,131],"product_tag":[],"class_list":{"0":"post-7032","1":"product","2":"type-product","3":"status-publish","4":"has-post-thumbnail","6":"product_cat-camescopes","7":"product_cat-camescopes-analogiques","8":"product_cat-camescopes-mini-dv","9":"pa_couleur-gris","10":"pa_marque-sony","12":"first","13":"outofstock","14":"purchasable","15":"product-type-simple"},"yoast_head":"<!-- This site is optimized with the Yoast SEO plugin v27.5 - https:\/\/yoast.com\/product\/yoast-seo-wordpress\/ -->\n<title>Sony handycam DCR PC105E - Gris est disponible sur la boutique !<\/title>\n<meta name=\"description\" content=\"Cliquez ici pour d\u00e9couvrir Sony handycam DCR PC105E - Gris sur la boutique.\" \/>\n<meta name=\"robots\" content=\"index, follow, max-snippet:-1, max-image-preview:large, max-video-preview:-1\" \/>\n<link rel=\"canonical\" href=\"https:\/\/www.analoggwerz.com\/en\/product\/sony-handycam-dcr-pc105e\/\" \/>\n<meta property=\"og:locale\" content=\"en_US\" \/>\n<meta property=\"og:type\" content=\"article\" \/>\n<meta property=\"og:title\" content=\"Sony handycam DCR PC105E - Gris est disponible sur la boutique !\" \/>\n<meta property=\"og:description\" content=\"Cliquez ici pour d\u00e9couvrir Sony handycam DCR PC105E - Gris sur la boutique.\" \/>\n<meta property=\"og:url\" content=\"https:\/\/www.analoggwerz.com\/en\/product\/sony-handycam-dcr-pc105e\/\" \/>\n<meta property=\"og:site_name\" content=\"Analog Gwerz\" \/>\n<meta property=\"article:modified_time\" content=\"2026-01-31T14:55:10+00:00\" \/>\n<meta property=\"og:image\" content=\"https:\/\/www.analoggwerz.com\/wp-content\/uploads\/2025\/07\/img_0748-scaled.jpeg\" \/>\n\t<meta property=\"og:image:width\" content=\"2560\" \/>\n\t<meta property=\"og:image:height\" content=\"1920\" \/>\n\t<meta property=\"og:image:type\" content=\"image\/jpeg\" \/>\n<meta name=\"twitter:card\" content=\"summary_large_image\" \/>\n<meta name=\"twitter:label1\" content=\"Est. reading time\" \/>\n\t<meta name=\"twitter:data1\" content=\"1 minute\" \/>\n<script type=\"application\/ld+json\" class=\"yoast-schema-graph\">{\"@context\":\"https:\\\/\\\/schema.org\",\"@graph\":[{\"@type\":\"WebPage\",\"@id\":\"https:\\\/\\\/www.analoggwerz.com\\\/produit\\\/sony-handycam-dcr-pc105e\\\/\",\"url\":\"https:\\\/\\\/www.analoggwerz.com\\\/produit\\\/sony-handycam-dcr-pc105e\\\/\",\"name\":\"Sony handycam DCR PC105E - Gris est disponible sur la boutique !\",\"isPartOf\":{\"@id\":\"https:\\\/\\\/www.analoggwerz.com\\\/#website\"},\"primaryImageOfPage\":{\"@id\":\"https:\\\/\\\/www.analoggwerz.com\\\/produit\\\/sony-handycam-dcr-pc105e\\\/#primaryimage\"},\"image\":{\"@id\":\"https:\\\/\\\/www.analoggwerz.com\\\/produit\\\/sony-handycam-dcr-pc105e\\\/#primaryimage\"},\"thumbnailUrl\":\"https:\\\/\\\/www.analoggwerz.com\\\/wp-content\\\/uploads\\\/2025\\\/07\\\/img_0748-scaled.jpeg\",\"datePublished\":\"2025-07-09T14:33:41+00:00\",\"dateModified\":\"2026-01-31T14:55:10+00:00\",\"description\":\"Cliquez ici pour d\u00e9couvrir Sony handycam DCR PC105E - Gris sur la boutique.\",\"breadcrumb\":{\"@id\":\"https:\\\/\\\/www.analoggwerz.com\\\/produit\\\/sony-handycam-dcr-pc105e\\\/#breadcrumb\"},\"inLanguage\":\"en-US\",\"potentialAction\":[{\"@type\":\"ReadAction\",\"target\":[\"https:\\\/\\\/www.analoggwerz.com\\\/produit\\\/sony-handycam-dcr-pc105e\\\/\"]}]},{\"@type\":\"ImageObject\",\"inLanguage\":\"en-US\",\"@id\":\"https:\\\/\\\/www.analoggwerz.com\\\/produit\\\/sony-handycam-dcr-pc105e\\\/#primaryimage\",\"url\":\"https:\\\/\\\/www.analoggwerz.com\\\/wp-content\\\/uploads\\\/2025\\\/07\\\/img_0748-scaled.jpeg\",\"contentUrl\":\"https:\\\/\\\/www.analoggwerz.com\\\/wp-content\\\/uploads\\\/2025\\\/07\\\/img_0748-scaled.jpeg\",\"width\":2560,\"height\":1920},{\"@type\":\"BreadcrumbList\",\"@id\":\"https:\\\/\\\/www.analoggwerz.com\\\/produit\\\/sony-handycam-dcr-pc105e\\\/#breadcrumb\",\"itemListElement\":[{\"@type\":\"ListItem\",\"position\":1,\"name\":\"Accueil\",\"item\":\"https:\\\/\\\/www.analoggwerz.com\\\/\"},{\"@type\":\"ListItem\",\"position\":2,\"name\":\"Boutique\",\"item\":\"https:\\\/\\\/www.analoggwerz.com\\\/shop\\\/\"},{\"@type\":\"ListItem\",\"position\":3,\"name\":\"Sony handycam DCR PC105E &#8211; Gris\"}]},{\"@type\":\"WebSite\",\"@id\":\"https:\\\/\\\/www.analoggwerz.com\\\/#website\",\"url\":\"https:\\\/\\\/www.analoggwerz.com\\\/\",\"name\":\"Analog Gwerz\",\"description\":\"Pas besoin de neuf pour capturer l&#039;instant !\",\"publisher\":{\"@id\":\"https:\\\/\\\/www.analoggwerz.com\\\/#organization\"},\"potentialAction\":[{\"@type\":\"SearchAction\",\"target\":{\"@type\":\"EntryPoint\",\"urlTemplate\":\"https:\\\/\\\/www.analoggwerz.com\\\/?s={search_term_string}\"},\"query-input\":{\"@type\":\"PropertyValueSpecification\",\"valueRequired\":true,\"valueName\":\"search_term_string\"}}],\"inLanguage\":\"en-US\"},{\"@type\":\"Organization\",\"@id\":\"https:\\\/\\\/www.analoggwerz.com\\\/#organization\",\"name\":\"Analog Gwerz\",\"url\":\"https:\\\/\\\/www.analoggwerz.com\\\/\",\"logo\":{\"@type\":\"ImageObject\",\"inLanguage\":\"en-US\",\"@id\":\"https:\\\/\\\/www.analoggwerz.com\\\/#\\\/schema\\\/logo\\\/image\\\/\",\"url\":\"https:\\\/\\\/www.analoggwerz.com\\\/wp-content\\\/uploads\\\/2025\\\/10\\\/000-LOGO-ANALOG-GWERZ-NOIR-1.png\",\"contentUrl\":\"https:\\\/\\\/www.analoggwerz.com\\\/wp-content\\\/uploads\\\/2025\\\/10\\\/000-LOGO-ANALOG-GWERZ-NOIR-1.png\",\"width\":800,\"height\":407,\"caption\":\"Analog Gwerz\"},\"image\":{\"@id\":\"https:\\\/\\\/www.analoggwerz.com\\\/#\\\/schema\\\/logo\\\/image\\\/\"},\"sameAs\":[\"https:\\\/\\\/www.instagram.com\\\/analog_gwerz\\\/\",\"https:\\\/\\\/www.tiktok.com\\\/@analog_gwerz\"]}]}<\/script>\n<!-- \/ Yoast SEO plugin. -->","yoast_head_json":{"title":"Sony handycam DCR PC105E - Gris est disponible sur la boutique !","description":"Cliquez ici pour d\u00e9couvrir Sony handycam DCR PC105E - Gris sur la boutique.","robots":{"index":"index","follow":"follow","max-snippet":"max-snippet:-1","max-image-preview":"max-image-preview:large","max-video-preview":"max-video-preview:-1"},"canonical":"https:\/\/www.analoggwerz.com\/en\/product\/sony-handycam-dcr-pc105e\/","og_locale":"en_US","og_type":"article","og_title":"Sony handycam DCR PC105E - Gris est disponible sur la boutique !","og_description":"Cliquez ici pour d\u00e9couvrir Sony handycam DCR PC105E - Gris sur la boutique.","og_url":"https:\/\/www.analoggwerz.com\/en\/product\/sony-handycam-dcr-pc105e\/","og_site_name":"Analog Gwerz","article_modified_time":"2026-01-31T14:55:10+00:00","og_image":[{"width":2560,"height":1920,"url":"https:\/\/www.analoggwerz.com\/wp-content\/uploads\/2025\/07\/img_0748-scaled.jpeg","type":"image\/jpeg"}],"twitter_card":"summary_large_image","twitter_misc":{"Est. reading time":"1 minute"},"schema":{"@context":"https:\/\/schema.org","@graph":[{"@type":"WebPage","@id":"https:\/\/www.analoggwerz.com\/produit\/sony-handycam-dcr-pc105e\/","url":"https:\/\/www.analoggwerz.com\/produit\/sony-handycam-dcr-pc105e\/","name":"Sony handycam DCR PC105E - Gris est disponible sur la boutique !","isPartOf":{"@id":"https:\/\/www.analoggwerz.com\/#website"},"primaryImageOfPage":{"@id":"https:\/\/www.analoggwerz.com\/produit\/sony-handycam-dcr-pc105e\/#primaryimage"},"image":{"@id":"https:\/\/www.analoggwerz.com\/produit\/sony-handycam-dcr-pc105e\/#primaryimage"},"thumbnailUrl":"https:\/\/www.analoggwerz.com\/wp-content\/uploads\/2025\/07\/img_0748-scaled.jpeg","datePublished":"2025-07-09T14:33:41+00:00","dateModified":"2026-01-31T14:55:10+00:00","description":"Cliquez ici pour d\u00e9couvrir Sony handycam DCR PC105E - Gris sur la boutique.","breadcrumb":{"@id":"https:\/\/www.analoggwerz.com\/produit\/sony-handycam-dcr-pc105e\/#breadcrumb"},"inLanguage":"en-US","potentialAction":[{"@type":"ReadAction","target":["https:\/\/www.analoggwerz.com\/produit\/sony-handycam-dcr-pc105e\/"]}]},{"@type":"ImageObject","inLanguage":"en-US","@id":"https:\/\/www.analoggwerz.com\/produit\/sony-handycam-dcr-pc105e\/#primaryimage","url":"https:\/\/www.analoggwerz.com\/wp-content\/uploads\/2025\/07\/img_0748-scaled.jpeg","contentUrl":"https:\/\/www.analoggwerz.com\/wp-content\/uploads\/2025\/07\/img_0748-scaled.jpeg","width":2560,"height":1920},{"@type":"BreadcrumbList","@id":"https:\/\/www.analoggwerz.com\/produit\/sony-handycam-dcr-pc105e\/#breadcrumb","itemListElement":[{"@type":"ListItem","position":1,"name":"Accueil","item":"https:\/\/www.analoggwerz.com\/"},{"@type":"ListItem","position":2,"name":"Boutique","item":"https:\/\/www.analoggwerz.com\/shop\/"},{"@type":"ListItem","position":3,"name":"Sony handycam DCR PC105E &#8211; Gris"}]},{"@type":"WebSite","@id":"https:\/\/www.analoggwerz.com\/#website","url":"https:\/\/www.analoggwerz.com\/","name":"Analog Gwerz","description":"Pas besoin de neuf pour capturer l&#039;instant !","publisher":{"@id":"https:\/\/www.analoggwerz.com\/#organization"},"potentialAction":[{"@type":"SearchAction","target":{"@type":"EntryPoint","urlTemplate":"https:\/\/www.analoggwerz.com\/?s={search_term_string}"},"query-input":{"@type":"PropertyValueSpecification","valueRequired":true,"valueName":"search_term_string"}}],"inLanguage":"en-US"},{"@type":"Organization","@id":"https:\/\/www.analoggwerz.com\/#organization","name":"Analog Gwerz","url":"https:\/\/www.analoggwerz.com\/","logo":{"@type":"ImageObject","inLanguage":"en-US","@id":"https:\/\/www.analoggwerz.com\/#\/schema\/logo\/image\/","url":"https:\/\/www.analoggwerz.com\/wp-content\/uploads\/2025\/10\/000-LOGO-ANALOG-GWERZ-NOIR-1.png","contentUrl":"https:\/\/www.analoggwerz.com\/wp-content\/uploads\/2025\/10\/000-LOGO-ANALOG-GWERZ-NOIR-1.png","width":800,"height":407,"caption":"Analog Gwerz"},"image":{"@id":"https:\/\/www.analoggwerz.com\/#\/schema\/logo\/image\/"},"sameAs":["https:\/\/www.instagram.com\/analog_gwerz\/","https:\/\/www.tiktok.com\/@analog_gwerz"]}]}},"jetpack_sharing_enabled":true,"_links":{"self":[{"href":"https:\/\/www.analoggwerz.com\/en\/wp-json\/wp\/v2\/product\/7032","targetHints":{"allow":["GET"]}}],"collection":[{"href":"https:\/\/www.analoggwerz.com\/en\/wp-json\/wp\/v2\/product"}],"about":[{"href":"https:\/\/www.analoggwerz.com\/en\/wp-json\/wp\/v2\/types\/product"}],"wp:featuredmedia":[{"embeddable":true,"href":"https:\/\/www.analoggwerz.com\/en\/wp-json\/wp\/v2\/media\/7031"}],"wp:attachment":[{"href":"https:\/\/www.analoggwerz.com\/en\/wp-json\/wp\/v2\/media?parent=7032"}],"wp:term":[{"taxonomy":"product_brand","embeddable":true,"href":"https:\/\/www.analoggwerz.com\/en\/wp-json\/wp\/v2\/product_brand?post=7032"},{"taxonomy":"product_cat","embeddable":true,"href":"https:\/\/www.analoggwerz.com\/en\/wp-json\/wp\/v2\/product_cat?post=7032"},{"taxonomy":"product_tag","embeddable":true,"href":"https:\/\/www.analoggwerz.com\/en\/wp-json\/wp\/v2\/product_tag?post=7032"}],"curies":[{"name":"wp","href":"https:\/\/api.w.org\/{rel}","templated":true}]}}