{"id":6940,"date":"2025-07-06T21:57:42","date_gmt":"2025-07-06T21:57:42","guid":{"rendered":"https:\/\/www.analoggwerz.com\/produit\/minolta-x-500-mc-rokkor-pf-58mm-f-1-4\/"},"modified":"2025-10-31T21:55:03","modified_gmt":"2025-10-31T21:55:03","slug":"minolta-x-500-mc-rokkor-pf-58mm-f-1-4","status":"publish","type":"product","link":"https:\/\/www.analoggwerz.com\/en\/product\/minolta-x-500-mc-rokkor-pf-58mm-f-1-4\/","title":{"rendered":"Minolta X-500 + MC Rokkor-PF 58mm f\/1.4"},"content":{"rendered":"<p>\ud83d\udcf8<strong> N\u2019h\u00e9sitez pas \u00e0 vous abonner \u00e0 mon Instagram (@analog_gwerz) si vous aimez la photo et les appareils.<\/strong><\/p>\n<p><strong>Minolta X-500 + MC Rokkor-PF 58mm f\/1.4 \u2013 Reflex argentique performant et lumineux<\/strong><\/p>\n<p><strong>Un excellent bo\u00eetier reflex manuel sign\u00e9 Minolta, ici dans sa version X-500 (X-570 en Am\u00e9rique), tr\u00e8s appr\u00e9ci\u00e9 pour son ergonomie et sa fiabilit\u00e9. Il est accompagn\u00e9 de l\u2019objectif MC Rokkor-PF 58mm f\/1.4, reconnu pour son piqu\u00e9, son rendu doux en portraits et son superbe bokeh.<\/strong><\/p>\n<p><strong>L\u2019ensemble fonctionne parfaitement. L\u2019objectif est propre, les bagues sont fluides, et l\u2019obturateur d\u00e9clenche \u00e0 toutes les vitesses. Fourni avec bouchon et sa housse rigide d\u2019origine Minolta.<\/strong><\/p>\n<p><strong>Caract\u00e9ristiques :<\/strong><\/p>\n<p><strong>\u2022\tBo\u00eetier reflex Minolta X-500 (monture MD)<\/strong><\/p>\n<p><strong>\u2022\tObjectif Minolta MC Rokkor-PF 58mm f\/1.4 (lumineux et polyvalent)<\/strong><\/p>\n<p><strong>\u2022\tViseur clair, affichage de l\u2019exposition<\/strong><\/p>\n<p><strong>\u2022\tFonctionne avec deux piles SR44 (non fournies)<\/strong><\/p>\n<p><strong>\u2022\tMode manuel + priorit\u00e9 ouverture<\/strong><\/p>\n<p>\ud83d\udce6<strong> Livr\u00e9 avec : bouchon avant, sangle, housse rigide Minolta.<\/strong><\/p>\n<p>\ud83d\udd0d<strong> Bon \u00e9tat g\u00e9n\u00e9ral, pr\u00eat \u00e0 l\u2019emploi.<\/strong><\/p>","protected":false},"excerpt":{"rendered":"<p>\ud83d\udcf8 N\u2019h\u00e9sitez pas \u00e0 vous abonner \u00e0 mon Instagram (@analog_gwerz) si vous aimez la photo et les appareils. Minolta X-500 + MC Rokkor-PF 58mm f\/1.4 \u2013 Reflex argentique performant et lumineux Un excellent bo\u00eetier reflex manuel sign\u00e9 Minolta, ici dans sa version X-500 (X-570 en Am\u00e9rique), tr\u00e8s appr\u00e9ci\u00e9 pour son ergonomie et sa fiabilit\u00e9. Il [&hellip;]<\/p>\n","protected":false},"featured_media":6941,"template":"","meta":[],"product_brand":[],"product_cat":[118,29,109],"product_tag":[],"class_list":{"0":"post-6940","1":"product","2":"type-product","3":"status-publish","4":"has-post-thumbnail","6":"product_cat-appareils-photo","7":"product_cat-argentiques-35mm","8":"product_cat-reflex-argentiques","9":"pa_marque-minolta","11":"first","12":"outofstock","13":"purchasable","14":"product-type-simple"},"yoast_head":"<!-- This site is optimized with the Yoast SEO plugin v27.5 - https:\/\/yoast.com\/product\/yoast-seo-wordpress\/ -->\n<title>Minolta X-500 + MC Rokkor-PF 58mm f\/1.4 est disponible sur la boutique !<\/title>\n<meta name=\"description\" content=\"Cliquez ici pour d\u00e9couvrir Minolta X-500 + MC Rokkor-PF 58mm f\/1.4 sur la boutique.\" \/>\n<meta name=\"robots\" content=\"index, follow, max-snippet:-1, max-image-preview:large, max-video-preview:-1\" \/>\n<link rel=\"canonical\" href=\"https:\/\/www.analoggwerz.com\/en\/product\/minolta-x-500-mc-rokkor-pf-58mm-f-1-4\/\" \/>\n<meta property=\"og:locale\" content=\"en_US\" \/>\n<meta property=\"og:type\" content=\"article\" \/>\n<meta property=\"og:title\" content=\"Minolta X-500 + MC Rokkor-PF 58mm f\/1.4 est disponible sur la boutique !\" \/>\n<meta property=\"og:description\" content=\"Cliquez ici pour d\u00e9couvrir Minolta X-500 + MC Rokkor-PF 58mm f\/1.4 sur la boutique.\" \/>\n<meta property=\"og:url\" content=\"https:\/\/www.analoggwerz.com\/en\/product\/minolta-x-500-mc-rokkor-pf-58mm-f-1-4\/\" \/>\n<meta property=\"og:site_name\" content=\"Analog Gwerz\" \/>\n<meta property=\"article:modified_time\" content=\"2025-10-31T21:55:03+00:00\" \/>\n<meta property=\"og:image\" content=\"https:\/\/www.analoggwerz.com\/wp-content\/uploads\/2025\/07\/img_0635-1-scaled.jpeg\" \/>\n\t<meta property=\"og:image:width\" content=\"2560\" \/>\n\t<meta property=\"og:image:height\" content=\"1920\" \/>\n\t<meta property=\"og:image:type\" content=\"image\/jpeg\" \/>\n<meta name=\"twitter:card\" content=\"summary_large_image\" \/>\n<meta name=\"twitter:label1\" content=\"Est. reading time\" \/>\n\t<meta name=\"twitter:data1\" content=\"1 minute\" \/>\n<script type=\"application\/ld+json\" class=\"yoast-schema-graph\">{\"@context\":\"https:\\\/\\\/schema.org\",\"@graph\":[{\"@type\":\"WebPage\",\"@id\":\"https:\\\/\\\/www.analoggwerz.com\\\/produit\\\/minolta-x-500-mc-rokkor-pf-58mm-f-1-4\\\/\",\"url\":\"https:\\\/\\\/www.analoggwerz.com\\\/produit\\\/minolta-x-500-mc-rokkor-pf-58mm-f-1-4\\\/\",\"name\":\"Minolta X-500 + MC Rokkor-PF 58mm f\\\/1.4 est disponible sur la boutique !\",\"isPartOf\":{\"@id\":\"https:\\\/\\\/www.analoggwerz.com\\\/#website\"},\"primaryImageOfPage\":{\"@id\":\"https:\\\/\\\/www.analoggwerz.com\\\/produit\\\/minolta-x-500-mc-rokkor-pf-58mm-f-1-4\\\/#primaryimage\"},\"image\":{\"@id\":\"https:\\\/\\\/www.analoggwerz.com\\\/produit\\\/minolta-x-500-mc-rokkor-pf-58mm-f-1-4\\\/#primaryimage\"},\"thumbnailUrl\":\"https:\\\/\\\/www.analoggwerz.com\\\/wp-content\\\/uploads\\\/2025\\\/07\\\/img_0635-1-scaled.jpeg\",\"datePublished\":\"2025-07-06T21:57:42+00:00\",\"dateModified\":\"2025-10-31T21:55:03+00:00\",\"description\":\"Cliquez ici pour d\u00e9couvrir Minolta X-500 + MC Rokkor-PF 58mm f\\\/1.4 sur la boutique.\",\"breadcrumb\":{\"@id\":\"https:\\\/\\\/www.analoggwerz.com\\\/produit\\\/minolta-x-500-mc-rokkor-pf-58mm-f-1-4\\\/#breadcrumb\"},\"inLanguage\":\"en-US\",\"potentialAction\":[{\"@type\":\"ReadAction\",\"target\":[\"https:\\\/\\\/www.analoggwerz.com\\\/produit\\\/minolta-x-500-mc-rokkor-pf-58mm-f-1-4\\\/\"]}]},{\"@type\":\"ImageObject\",\"inLanguage\":\"en-US\",\"@id\":\"https:\\\/\\\/www.analoggwerz.com\\\/produit\\\/minolta-x-500-mc-rokkor-pf-58mm-f-1-4\\\/#primaryimage\",\"url\":\"https:\\\/\\\/www.analoggwerz.com\\\/wp-content\\\/uploads\\\/2025\\\/07\\\/img_0635-1-scaled.jpeg\",\"contentUrl\":\"https:\\\/\\\/www.analoggwerz.com\\\/wp-content\\\/uploads\\\/2025\\\/07\\\/img_0635-1-scaled.jpeg\",\"width\":2560,\"height\":1920},{\"@type\":\"BreadcrumbList\",\"@id\":\"https:\\\/\\\/www.analoggwerz.com\\\/produit\\\/minolta-x-500-mc-rokkor-pf-58mm-f-1-4\\\/#breadcrumb\",\"itemListElement\":[{\"@type\":\"ListItem\",\"position\":1,\"name\":\"Accueil\",\"item\":\"https:\\\/\\\/www.analoggwerz.com\\\/\"},{\"@type\":\"ListItem\",\"position\":2,\"name\":\"Boutique\",\"item\":\"https:\\\/\\\/www.analoggwerz.com\\\/shop\\\/\"},{\"@type\":\"ListItem\",\"position\":3,\"name\":\"Minolta X-500 + MC Rokkor-PF 58mm f\\\/1.4\"}]},{\"@type\":\"WebSite\",\"@id\":\"https:\\\/\\\/www.analoggwerz.com\\\/#website\",\"url\":\"https:\\\/\\\/www.analoggwerz.com\\\/\",\"name\":\"Analog Gwerz\",\"description\":\"Pas besoin de neuf pour capturer l&#039;instant !\",\"publisher\":{\"@id\":\"https:\\\/\\\/www.analoggwerz.com\\\/#organization\"},\"potentialAction\":[{\"@type\":\"SearchAction\",\"target\":{\"@type\":\"EntryPoint\",\"urlTemplate\":\"https:\\\/\\\/www.analoggwerz.com\\\/?s={search_term_string}\"},\"query-input\":{\"@type\":\"PropertyValueSpecification\",\"valueRequired\":true,\"valueName\":\"search_term_string\"}}],\"inLanguage\":\"en-US\"},{\"@type\":\"Organization\",\"@id\":\"https:\\\/\\\/www.analoggwerz.com\\\/#organization\",\"name\":\"Analog Gwerz\",\"url\":\"https:\\\/\\\/www.analoggwerz.com\\\/\",\"logo\":{\"@type\":\"ImageObject\",\"inLanguage\":\"en-US\",\"@id\":\"https:\\\/\\\/www.analoggwerz.com\\\/#\\\/schema\\\/logo\\\/image\\\/\",\"url\":\"https:\\\/\\\/www.analoggwerz.com\\\/wp-content\\\/uploads\\\/2025\\\/10\\\/000-LOGO-ANALOG-GWERZ-NOIR-1.png\",\"contentUrl\":\"https:\\\/\\\/www.analoggwerz.com\\\/wp-content\\\/uploads\\\/2025\\\/10\\\/000-LOGO-ANALOG-GWERZ-NOIR-1.png\",\"width\":800,\"height\":407,\"caption\":\"Analog Gwerz\"},\"image\":{\"@id\":\"https:\\\/\\\/www.analoggwerz.com\\\/#\\\/schema\\\/logo\\\/image\\\/\"},\"sameAs\":[\"https:\\\/\\\/www.instagram.com\\\/analog_gwerz\\\/\",\"https:\\\/\\\/www.tiktok.com\\\/@analog_gwerz\"]}]}<\/script>\n<!-- \/ Yoast SEO plugin. -->","yoast_head_json":{"title":"Minolta X-500 + MC Rokkor-PF 58mm f\/1.4 est disponible sur la boutique !","description":"Cliquez ici pour d\u00e9couvrir Minolta X-500 + MC Rokkor-PF 58mm f\/1.4 sur la boutique.","robots":{"index":"index","follow":"follow","max-snippet":"max-snippet:-1","max-image-preview":"max-image-preview:large","max-video-preview":"max-video-preview:-1"},"canonical":"https:\/\/www.analoggwerz.com\/en\/product\/minolta-x-500-mc-rokkor-pf-58mm-f-1-4\/","og_locale":"en_US","og_type":"article","og_title":"Minolta X-500 + MC Rokkor-PF 58mm f\/1.4 est disponible sur la boutique !","og_description":"Cliquez ici pour d\u00e9couvrir Minolta X-500 + MC Rokkor-PF 58mm f\/1.4 sur la boutique.","og_url":"https:\/\/www.analoggwerz.com\/en\/product\/minolta-x-500-mc-rokkor-pf-58mm-f-1-4\/","og_site_name":"Analog Gwerz","article_modified_time":"2025-10-31T21:55:03+00:00","og_image":[{"width":2560,"height":1920,"url":"https:\/\/www.analoggwerz.com\/wp-content\/uploads\/2025\/07\/img_0635-1-scaled.jpeg","type":"image\/jpeg"}],"twitter_card":"summary_large_image","twitter_misc":{"Est. reading time":"1 minute"},"schema":{"@context":"https:\/\/schema.org","@graph":[{"@type":"WebPage","@id":"https:\/\/www.analoggwerz.com\/produit\/minolta-x-500-mc-rokkor-pf-58mm-f-1-4\/","url":"https:\/\/www.analoggwerz.com\/produit\/minolta-x-500-mc-rokkor-pf-58mm-f-1-4\/","name":"Minolta X-500 + MC Rokkor-PF 58mm f\/1.4 est disponible sur la boutique !","isPartOf":{"@id":"https:\/\/www.analoggwerz.com\/#website"},"primaryImageOfPage":{"@id":"https:\/\/www.analoggwerz.com\/produit\/minolta-x-500-mc-rokkor-pf-58mm-f-1-4\/#primaryimage"},"image":{"@id":"https:\/\/www.analoggwerz.com\/produit\/minolta-x-500-mc-rokkor-pf-58mm-f-1-4\/#primaryimage"},"thumbnailUrl":"https:\/\/www.analoggwerz.com\/wp-content\/uploads\/2025\/07\/img_0635-1-scaled.jpeg","datePublished":"2025-07-06T21:57:42+00:00","dateModified":"2025-10-31T21:55:03+00:00","description":"Cliquez ici pour d\u00e9couvrir Minolta X-500 + MC Rokkor-PF 58mm f\/1.4 sur la boutique.","breadcrumb":{"@id":"https:\/\/www.analoggwerz.com\/produit\/minolta-x-500-mc-rokkor-pf-58mm-f-1-4\/#breadcrumb"},"inLanguage":"en-US","potentialAction":[{"@type":"ReadAction","target":["https:\/\/www.analoggwerz.com\/produit\/minolta-x-500-mc-rokkor-pf-58mm-f-1-4\/"]}]},{"@type":"ImageObject","inLanguage":"en-US","@id":"https:\/\/www.analoggwerz.com\/produit\/minolta-x-500-mc-rokkor-pf-58mm-f-1-4\/#primaryimage","url":"https:\/\/www.analoggwerz.com\/wp-content\/uploads\/2025\/07\/img_0635-1-scaled.jpeg","contentUrl":"https:\/\/www.analoggwerz.com\/wp-content\/uploads\/2025\/07\/img_0635-1-scaled.jpeg","width":2560,"height":1920},{"@type":"BreadcrumbList","@id":"https:\/\/www.analoggwerz.com\/produit\/minolta-x-500-mc-rokkor-pf-58mm-f-1-4\/#breadcrumb","itemListElement":[{"@type":"ListItem","position":1,"name":"Accueil","item":"https:\/\/www.analoggwerz.com\/"},{"@type":"ListItem","position":2,"name":"Boutique","item":"https:\/\/www.analoggwerz.com\/shop\/"},{"@type":"ListItem","position":3,"name":"Minolta X-500 + MC Rokkor-PF 58mm f\/1.4"}]},{"@type":"WebSite","@id":"https:\/\/www.analoggwerz.com\/#website","url":"https:\/\/www.analoggwerz.com\/","name":"Analog Gwerz","description":"Pas besoin de neuf pour capturer l&#039;instant !","publisher":{"@id":"https:\/\/www.analoggwerz.com\/#organization"},"potentialAction":[{"@type":"SearchAction","target":{"@type":"EntryPoint","urlTemplate":"https:\/\/www.analoggwerz.com\/?s={search_term_string}"},"query-input":{"@type":"PropertyValueSpecification","valueRequired":true,"valueName":"search_term_string"}}],"inLanguage":"en-US"},{"@type":"Organization","@id":"https:\/\/www.analoggwerz.com\/#organization","name":"Analog Gwerz","url":"https:\/\/www.analoggwerz.com\/","logo":{"@type":"ImageObject","inLanguage":"en-US","@id":"https:\/\/www.analoggwerz.com\/#\/schema\/logo\/image\/","url":"https:\/\/www.analoggwerz.com\/wp-content\/uploads\/2025\/10\/000-LOGO-ANALOG-GWERZ-NOIR-1.png","contentUrl":"https:\/\/www.analoggwerz.com\/wp-content\/uploads\/2025\/10\/000-LOGO-ANALOG-GWERZ-NOIR-1.png","width":800,"height":407,"caption":"Analog Gwerz"},"image":{"@id":"https:\/\/www.analoggwerz.com\/#\/schema\/logo\/image\/"},"sameAs":["https:\/\/www.instagram.com\/analog_gwerz\/","https:\/\/www.tiktok.com\/@analog_gwerz"]}]}},"jetpack_sharing_enabled":true,"_links":{"self":[{"href":"https:\/\/www.analoggwerz.com\/en\/wp-json\/wp\/v2\/product\/6940","targetHints":{"allow":["GET"]}}],"collection":[{"href":"https:\/\/www.analoggwerz.com\/en\/wp-json\/wp\/v2\/product"}],"about":[{"href":"https:\/\/www.analoggwerz.com\/en\/wp-json\/wp\/v2\/types\/product"}],"wp:featuredmedia":[{"embeddable":true,"href":"https:\/\/www.analoggwerz.com\/en\/wp-json\/wp\/v2\/media\/6941"}],"wp:attachment":[{"href":"https:\/\/www.analoggwerz.com\/en\/wp-json\/wp\/v2\/media?parent=6940"}],"wp:term":[{"taxonomy":"product_brand","embeddable":true,"href":"https:\/\/www.analoggwerz.com\/en\/wp-json\/wp\/v2\/product_brand?post=6940"},{"taxonomy":"product_cat","embeddable":true,"href":"https:\/\/www.analoggwerz.com\/en\/wp-json\/wp\/v2\/product_cat?post=6940"},{"taxonomy":"product_tag","embeddable":true,"href":"https:\/\/www.analoggwerz.com\/en\/wp-json\/wp\/v2\/product_tag?post=6940"}],"curies":[{"name":"wp","href":"https:\/\/api.w.org\/{rel}","templated":true}]}}