{"id":6872,"date":"2025-07-05T21:10:31","date_gmt":"2025-07-05T21:10:31","guid":{"rendered":"https:\/\/www.analoggwerz.com\/produit\/objectif-nikon-nikkor-p-auto-105mm-f-2-5\/"},"modified":"2025-10-31T21:55:04","modified_gmt":"2025-10-31T21:55:04","slug":"objectif-nikon-nikkor-p-auto-105mm-f-2-5","status":"publish","type":"product","link":"https:\/\/www.analoggwerz.com\/en\/product\/objectif-nikon-nikkor-p-auto-105mm-f-2-5\/","title":{"rendered":"Objectif Nikon Nikkor-P Auto 105mm f\/2.5"},"content":{"rendered":"<p>N\u2019h\u00e9sitez pas \u00e0 vous abonner \u00e0 mon Instagram (@analog_gwerz) si vous aimez la photo et les appareils.<\/p>\n<p>Objectif Nikon Nikkor-P Auto 105mm f\/2.5 \u2013 Monture F<\/p>\n<p>T\u00e9l\u00e9objectif classique de tr\u00e8s bonne r\u00e9putation, id\u00e9al pour le portrait. Construction robuste en m\u00e9tal et rendu d\u2019image typique des Nikkor vintage.<\/p>\n<p>Caract\u00e9ristiques techniques<\/p>\n<p>\u2013 Monture Nikon F<\/p>\n<p>\u2013 Focale fixe 105mm<\/p>\n<p>\u2013 Ouverture maximale f\/2.5<\/p>\n<p>\u2013 Mise au point manuelle<\/p>\n<p>\u2013 Diaphragme \u00e0 7 lamelles<\/p>\n<p>\u2013 Fabrication japonaise<\/p>\n<p>\u00c9tat<\/p>\n<p>Verres impeccables, sans champignon ni rayure. Diaphragme propre et fluide.<\/p>\n<p>\u00c0 noter : la base m\u00e9tallique de la monture est l\u00e9g\u00e8rement d\u00e9form\u00e9e (visible sur les photos). Cela rend l\u2019objectif un peu difficile \u00e0 retirer une fois mont\u00e9, mais il fonctionne parfaitement et la qualit\u00e9 d\u2019image n\u2019est pas affect\u00e9e.<\/p>\n<p>Compatible avec tous les reflex Nikon \u00e0 monture F (et avec les hybrides via adaptateur).<\/p>\n<p>Photos contractuelles. Objectif test\u00e9 et fonctionnel.<\/p>","protected":false},"excerpt":{"rendered":"<p>N\u2019h\u00e9sitez pas \u00e0 vous abonner \u00e0 mon Instagram (@analog_gwerz) si vous aimez la photo et les appareils. Objectif Nikon Nikkor-P Auto 105mm f\/2.5 \u2013 Monture F T\u00e9l\u00e9objectif classique de tr\u00e8s bonne r\u00e9putation, id\u00e9al pour le portrait. Construction robuste en m\u00e9tal et rendu d\u2019image typique des Nikkor vintage. Caract\u00e9ristiques techniques \u2013 Monture Nikon F \u2013 Focale [&hellip;]<\/p>\n","protected":false},"featured_media":6870,"template":"","meta":[],"product_brand":[],"product_cat":[57,174],"product_tag":[],"class_list":{"0":"post-6872","1":"product","2":"type-product","3":"status-publish","4":"has-post-thumbnail","6":"product_cat-objectifs","7":"product_cat-objectifs-a-focale-fixe","8":"pa_marque-nikon","10":"first","11":"outofstock","12":"purchasable","13":"product-type-simple"},"yoast_head":"<!-- This site is optimized with the Yoast SEO plugin v27.5 - https:\/\/yoast.com\/product\/yoast-seo-wordpress\/ -->\n<title>Objectif Nikon Nikkor-P Auto 105mm f\/2.5 est disponible sur la boutique !<\/title>\n<meta name=\"description\" content=\"Cliquez ici pour d\u00e9couvrir Objectif Nikon Nikkor-P Auto 105mm f\/2.5 sur la boutique.\" \/>\n<meta name=\"robots\" content=\"index, follow, max-snippet:-1, max-image-preview:large, max-video-preview:-1\" \/>\n<link rel=\"canonical\" href=\"https:\/\/www.analoggwerz.com\/en\/product\/objectif-nikon-nikkor-p-auto-105mm-f-2-5\/\" \/>\n<meta property=\"og:locale\" content=\"en_US\" \/>\n<meta property=\"og:type\" content=\"article\" \/>\n<meta property=\"og:title\" content=\"Objectif Nikon Nikkor-P Auto 105mm f\/2.5 est disponible sur la boutique !\" \/>\n<meta property=\"og:description\" content=\"Cliquez ici pour d\u00e9couvrir Objectif Nikon Nikkor-P Auto 105mm f\/2.5 sur la boutique.\" \/>\n<meta property=\"og:url\" content=\"https:\/\/www.analoggwerz.com\/en\/product\/objectif-nikon-nikkor-p-auto-105mm-f-2-5\/\" \/>\n<meta property=\"og:site_name\" content=\"Analog Gwerz\" \/>\n<meta property=\"article:modified_time\" content=\"2025-10-31T21:55:04+00:00\" \/>\n<meta property=\"og:image\" content=\"https:\/\/www.analoggwerz.com\/wp-content\/uploads\/2025\/07\/img_0552-scaled.jpeg\" \/>\n\t<meta property=\"og:image:width\" content=\"2560\" \/>\n\t<meta property=\"og:image:height\" content=\"1920\" \/>\n\t<meta property=\"og:image:type\" content=\"image\/jpeg\" \/>\n<meta name=\"twitter:card\" content=\"summary_large_image\" \/>\n<meta name=\"twitter:label1\" content=\"Est. reading time\" \/>\n\t<meta name=\"twitter:data1\" content=\"1 minute\" \/>\n<script type=\"application\/ld+json\" class=\"yoast-schema-graph\">{\"@context\":\"https:\\\/\\\/schema.org\",\"@graph\":[{\"@type\":\"WebPage\",\"@id\":\"https:\\\/\\\/www.analoggwerz.com\\\/produit\\\/objectif-nikon-nikkor-p-auto-105mm-f-2-5\\\/\",\"url\":\"https:\\\/\\\/www.analoggwerz.com\\\/produit\\\/objectif-nikon-nikkor-p-auto-105mm-f-2-5\\\/\",\"name\":\"Objectif Nikon Nikkor-P Auto 105mm f\\\/2.5 est disponible sur la boutique !\",\"isPartOf\":{\"@id\":\"https:\\\/\\\/www.analoggwerz.com\\\/#website\"},\"primaryImageOfPage\":{\"@id\":\"https:\\\/\\\/www.analoggwerz.com\\\/produit\\\/objectif-nikon-nikkor-p-auto-105mm-f-2-5\\\/#primaryimage\"},\"image\":{\"@id\":\"https:\\\/\\\/www.analoggwerz.com\\\/produit\\\/objectif-nikon-nikkor-p-auto-105mm-f-2-5\\\/#primaryimage\"},\"thumbnailUrl\":\"https:\\\/\\\/www.analoggwerz.com\\\/wp-content\\\/uploads\\\/2025\\\/07\\\/img_0552-scaled.jpeg\",\"datePublished\":\"2025-07-05T21:10:31+00:00\",\"dateModified\":\"2025-10-31T21:55:04+00:00\",\"description\":\"Cliquez ici pour d\u00e9couvrir Objectif Nikon Nikkor-P Auto 105mm f\\\/2.5 sur la boutique.\",\"breadcrumb\":{\"@id\":\"https:\\\/\\\/www.analoggwerz.com\\\/produit\\\/objectif-nikon-nikkor-p-auto-105mm-f-2-5\\\/#breadcrumb\"},\"inLanguage\":\"en-US\",\"potentialAction\":[{\"@type\":\"ReadAction\",\"target\":[\"https:\\\/\\\/www.analoggwerz.com\\\/produit\\\/objectif-nikon-nikkor-p-auto-105mm-f-2-5\\\/\"]}]},{\"@type\":\"ImageObject\",\"inLanguage\":\"en-US\",\"@id\":\"https:\\\/\\\/www.analoggwerz.com\\\/produit\\\/objectif-nikon-nikkor-p-auto-105mm-f-2-5\\\/#primaryimage\",\"url\":\"https:\\\/\\\/www.analoggwerz.com\\\/wp-content\\\/uploads\\\/2025\\\/07\\\/img_0552-scaled.jpeg\",\"contentUrl\":\"https:\\\/\\\/www.analoggwerz.com\\\/wp-content\\\/uploads\\\/2025\\\/07\\\/img_0552-scaled.jpeg\",\"width\":2560,\"height\":1920},{\"@type\":\"BreadcrumbList\",\"@id\":\"https:\\\/\\\/www.analoggwerz.com\\\/produit\\\/objectif-nikon-nikkor-p-auto-105mm-f-2-5\\\/#breadcrumb\",\"itemListElement\":[{\"@type\":\"ListItem\",\"position\":1,\"name\":\"Accueil\",\"item\":\"https:\\\/\\\/www.analoggwerz.com\\\/\"},{\"@type\":\"ListItem\",\"position\":2,\"name\":\"Boutique\",\"item\":\"https:\\\/\\\/www.analoggwerz.com\\\/shop\\\/\"},{\"@type\":\"ListItem\",\"position\":3,\"name\":\"Objectif Nikon Nikkor-P Auto 105mm f\\\/2.5\"}]},{\"@type\":\"WebSite\",\"@id\":\"https:\\\/\\\/www.analoggwerz.com\\\/#website\",\"url\":\"https:\\\/\\\/www.analoggwerz.com\\\/\",\"name\":\"Analog Gwerz\",\"description\":\"Pas besoin de neuf pour capturer l&#039;instant !\",\"publisher\":{\"@id\":\"https:\\\/\\\/www.analoggwerz.com\\\/#organization\"},\"potentialAction\":[{\"@type\":\"SearchAction\",\"target\":{\"@type\":\"EntryPoint\",\"urlTemplate\":\"https:\\\/\\\/www.analoggwerz.com\\\/?s={search_term_string}\"},\"query-input\":{\"@type\":\"PropertyValueSpecification\",\"valueRequired\":true,\"valueName\":\"search_term_string\"}}],\"inLanguage\":\"en-US\"},{\"@type\":\"Organization\",\"@id\":\"https:\\\/\\\/www.analoggwerz.com\\\/#organization\",\"name\":\"Analog Gwerz\",\"url\":\"https:\\\/\\\/www.analoggwerz.com\\\/\",\"logo\":{\"@type\":\"ImageObject\",\"inLanguage\":\"en-US\",\"@id\":\"https:\\\/\\\/www.analoggwerz.com\\\/#\\\/schema\\\/logo\\\/image\\\/\",\"url\":\"https:\\\/\\\/www.analoggwerz.com\\\/wp-content\\\/uploads\\\/2025\\\/10\\\/000-LOGO-ANALOG-GWERZ-NOIR-1.png\",\"contentUrl\":\"https:\\\/\\\/www.analoggwerz.com\\\/wp-content\\\/uploads\\\/2025\\\/10\\\/000-LOGO-ANALOG-GWERZ-NOIR-1.png\",\"width\":800,\"height\":407,\"caption\":\"Analog Gwerz\"},\"image\":{\"@id\":\"https:\\\/\\\/www.analoggwerz.com\\\/#\\\/schema\\\/logo\\\/image\\\/\"},\"sameAs\":[\"https:\\\/\\\/www.instagram.com\\\/analog_gwerz\\\/\",\"https:\\\/\\\/www.tiktok.com\\\/@analog_gwerz\"]}]}<\/script>\n<!-- \/ Yoast SEO plugin. -->","yoast_head_json":{"title":"Objectif Nikon Nikkor-P Auto 105mm f\/2.5 est disponible sur la boutique !","description":"Cliquez ici pour d\u00e9couvrir Objectif Nikon Nikkor-P Auto 105mm f\/2.5 sur la boutique.","robots":{"index":"index","follow":"follow","max-snippet":"max-snippet:-1","max-image-preview":"max-image-preview:large","max-video-preview":"max-video-preview:-1"},"canonical":"https:\/\/www.analoggwerz.com\/en\/product\/objectif-nikon-nikkor-p-auto-105mm-f-2-5\/","og_locale":"en_US","og_type":"article","og_title":"Objectif Nikon Nikkor-P Auto 105mm f\/2.5 est disponible sur la boutique !","og_description":"Cliquez ici pour d\u00e9couvrir Objectif Nikon Nikkor-P Auto 105mm f\/2.5 sur la boutique.","og_url":"https:\/\/www.analoggwerz.com\/en\/product\/objectif-nikon-nikkor-p-auto-105mm-f-2-5\/","og_site_name":"Analog Gwerz","article_modified_time":"2025-10-31T21:55:04+00:00","og_image":[{"width":2560,"height":1920,"url":"https:\/\/www.analoggwerz.com\/wp-content\/uploads\/2025\/07\/img_0552-scaled.jpeg","type":"image\/jpeg"}],"twitter_card":"summary_large_image","twitter_misc":{"Est. reading time":"1 minute"},"schema":{"@context":"https:\/\/schema.org","@graph":[{"@type":"WebPage","@id":"https:\/\/www.analoggwerz.com\/produit\/objectif-nikon-nikkor-p-auto-105mm-f-2-5\/","url":"https:\/\/www.analoggwerz.com\/produit\/objectif-nikon-nikkor-p-auto-105mm-f-2-5\/","name":"Objectif Nikon Nikkor-P Auto 105mm f\/2.5 est disponible sur la boutique !","isPartOf":{"@id":"https:\/\/www.analoggwerz.com\/#website"},"primaryImageOfPage":{"@id":"https:\/\/www.analoggwerz.com\/produit\/objectif-nikon-nikkor-p-auto-105mm-f-2-5\/#primaryimage"},"image":{"@id":"https:\/\/www.analoggwerz.com\/produit\/objectif-nikon-nikkor-p-auto-105mm-f-2-5\/#primaryimage"},"thumbnailUrl":"https:\/\/www.analoggwerz.com\/wp-content\/uploads\/2025\/07\/img_0552-scaled.jpeg","datePublished":"2025-07-05T21:10:31+00:00","dateModified":"2025-10-31T21:55:04+00:00","description":"Cliquez ici pour d\u00e9couvrir Objectif Nikon Nikkor-P Auto 105mm f\/2.5 sur la boutique.","breadcrumb":{"@id":"https:\/\/www.analoggwerz.com\/produit\/objectif-nikon-nikkor-p-auto-105mm-f-2-5\/#breadcrumb"},"inLanguage":"en-US","potentialAction":[{"@type":"ReadAction","target":["https:\/\/www.analoggwerz.com\/produit\/objectif-nikon-nikkor-p-auto-105mm-f-2-5\/"]}]},{"@type":"ImageObject","inLanguage":"en-US","@id":"https:\/\/www.analoggwerz.com\/produit\/objectif-nikon-nikkor-p-auto-105mm-f-2-5\/#primaryimage","url":"https:\/\/www.analoggwerz.com\/wp-content\/uploads\/2025\/07\/img_0552-scaled.jpeg","contentUrl":"https:\/\/www.analoggwerz.com\/wp-content\/uploads\/2025\/07\/img_0552-scaled.jpeg","width":2560,"height":1920},{"@type":"BreadcrumbList","@id":"https:\/\/www.analoggwerz.com\/produit\/objectif-nikon-nikkor-p-auto-105mm-f-2-5\/#breadcrumb","itemListElement":[{"@type":"ListItem","position":1,"name":"Accueil","item":"https:\/\/www.analoggwerz.com\/"},{"@type":"ListItem","position":2,"name":"Boutique","item":"https:\/\/www.analoggwerz.com\/shop\/"},{"@type":"ListItem","position":3,"name":"Objectif Nikon Nikkor-P Auto 105mm f\/2.5"}]},{"@type":"WebSite","@id":"https:\/\/www.analoggwerz.com\/#website","url":"https:\/\/www.analoggwerz.com\/","name":"Analog Gwerz","description":"Pas besoin de neuf pour capturer l&#039;instant !","publisher":{"@id":"https:\/\/www.analoggwerz.com\/#organization"},"potentialAction":[{"@type":"SearchAction","target":{"@type":"EntryPoint","urlTemplate":"https:\/\/www.analoggwerz.com\/?s={search_term_string}"},"query-input":{"@type":"PropertyValueSpecification","valueRequired":true,"valueName":"search_term_string"}}],"inLanguage":"en-US"},{"@type":"Organization","@id":"https:\/\/www.analoggwerz.com\/#organization","name":"Analog Gwerz","url":"https:\/\/www.analoggwerz.com\/","logo":{"@type":"ImageObject","inLanguage":"en-US","@id":"https:\/\/www.analoggwerz.com\/#\/schema\/logo\/image\/","url":"https:\/\/www.analoggwerz.com\/wp-content\/uploads\/2025\/10\/000-LOGO-ANALOG-GWERZ-NOIR-1.png","contentUrl":"https:\/\/www.analoggwerz.com\/wp-content\/uploads\/2025\/10\/000-LOGO-ANALOG-GWERZ-NOIR-1.png","width":800,"height":407,"caption":"Analog Gwerz"},"image":{"@id":"https:\/\/www.analoggwerz.com\/#\/schema\/logo\/image\/"},"sameAs":["https:\/\/www.instagram.com\/analog_gwerz\/","https:\/\/www.tiktok.com\/@analog_gwerz"]}]}},"jetpack_sharing_enabled":true,"_links":{"self":[{"href":"https:\/\/www.analoggwerz.com\/en\/wp-json\/wp\/v2\/product\/6872","targetHints":{"allow":["GET"]}}],"collection":[{"href":"https:\/\/www.analoggwerz.com\/en\/wp-json\/wp\/v2\/product"}],"about":[{"href":"https:\/\/www.analoggwerz.com\/en\/wp-json\/wp\/v2\/types\/product"}],"wp:featuredmedia":[{"embeddable":true,"href":"https:\/\/www.analoggwerz.com\/en\/wp-json\/wp\/v2\/media\/6870"}],"wp:attachment":[{"href":"https:\/\/www.analoggwerz.com\/en\/wp-json\/wp\/v2\/media?parent=6872"}],"wp:term":[{"taxonomy":"product_brand","embeddable":true,"href":"https:\/\/www.analoggwerz.com\/en\/wp-json\/wp\/v2\/product_brand?post=6872"},{"taxonomy":"product_cat","embeddable":true,"href":"https:\/\/www.analoggwerz.com\/en\/wp-json\/wp\/v2\/product_cat?post=6872"},{"taxonomy":"product_tag","embeddable":true,"href":"https:\/\/www.analoggwerz.com\/en\/wp-json\/wp\/v2\/product_tag?post=6872"}],"curies":[{"name":"wp","href":"https:\/\/api.w.org\/{rel}","templated":true}]}}