{"id":6587,"date":"2025-06-09T21:58:13","date_gmt":"2025-06-09T21:58:13","guid":{"rendered":"https:\/\/www.analoggwerz.com\/produit\/fujifilm-finepix-s304\/"},"modified":"2026-03-27T12:30:00","modified_gmt":"2026-03-27T12:30:00","slug":"fujifilm-finepix-s304","status":"publish","type":"product","link":"https:\/\/www.analoggwerz.com\/en\/product\/fujifilm-finepix-s304\/","title":{"rendered":"Fujifilm finepix S304 &#8211; Gris"},"content":{"rendered":"<p>\ud83d\udcf8 N\u2019h\u00e9sitez pas \u00e0 vous abonner \u00e0 mon Instagram (@analog_gwerz) si vous aimez la photo et les appareils.<\/p>\n<p>Fujifilm FinePix S304 \u2013 Bridge num\u00e9rique vintage argent<\/p>\n<p>Appareil photo bridge Fujifilm FinePix S304, au design r\u00e9tro argent\u00e9 tr\u00e8s marqu\u00e9 d\u00e9but ann\u00e9es 2000. Un bon mod\u00e8le pour celles et ceux qui cherchent un appareil simple avec un vrai viseur et une bonne prise en main. Format compact pour un bridge, il est id\u00e9al pour la photo de voyage ou de famille.<\/p>\n<p>\ud83d\udd0d Caract\u00e9ristiques principales :<\/p>\n<p>Capteur de 3,2 m\u00e9gapixels<\/p>\n<p>Zoom optique 6x (38-228 mm)<\/p>\n<p>\u00c9cran LCD 1,8\u201d<\/p>\n<p>Mode macro d\u00e8s 10 cm<\/p>\n<p>Viseur \u00e9lectronique<\/p>\n<p>Fonction vid\u00e9o<\/p>\n<p>Flash int\u00e9gr\u00e9<\/p>\n<p>Stockage sur carte SmartMedia (non fournie)<\/p>\n<p>Alimentation par piles AA (non fournies)<\/p>\n<p>\u2699\ufe0f \u00c9tat : Tr\u00e8s bon \u00e9tat de fonctionnement. Quelques traces d\u2019usure normale sur la coque. Test\u00e9, tout est ok.<\/p>\n<p>\ud83c\udf81 Accessoires fournis :<\/p>\n<p>Bouchon d\u2019objectif<\/p>\n<p>C\u00e2ble USB<\/p>\n<p>Pare-soleil \/ bague d\u2019adaptation Fujifilm AR-FX3 (diam\u00e8tre 55 mm)<\/p>\n<p>\ud83d\udcf7 Les photos montrent l\u2019appareil r\u00e9ellement en vente. Tous les appareils sont test\u00e9s avant mise en ligne.<\/p>","protected":false},"excerpt":{"rendered":"<p>\ud83d\udcf8 N\u2019h\u00e9sitez pas \u00e0 vous abonner \u00e0 mon Instagram (@analog_gwerz) si vous aimez la photo et les appareils. Fujifilm FinePix S304 \u2013 Bridge num\u00e9rique vintage argent Appareil photo bridge Fujifilm FinePix S304, au design r\u00e9tro argent\u00e9 tr\u00e8s marqu\u00e9 d\u00e9but ann\u00e9es 2000. Un bon mod\u00e8le pour celles et ceux qui cherchent un appareil simple avec un [&hellip;]<\/p>\n","protected":false},"featured_media":6586,"template":"","meta":[],"product_brand":[],"product_cat":[118,114,115],"product_tag":[],"class_list":{"0":"post-6587","1":"product","2":"type-product","3":"status-publish","4":"has-post-thumbnail","6":"product_cat-appareils-photo","7":"product_cat-appareils-photo-numeriques","8":"product_cat-bridges","9":"pa_couleur-gris","10":"pa_marque-fujifilm","12":"first","13":"instock","14":"sale","15":"purchasable","16":"product-type-simple"},"yoast_head":"<!-- This site is optimized with the Yoast SEO plugin v27.5 - https:\/\/yoast.com\/product\/yoast-seo-wordpress\/ -->\n<title>Fujifilm finepix S304 - Gris est disponible sur la boutique !<\/title>\n<meta name=\"description\" content=\"Cliquez ici pour d\u00e9couvrir Fujifilm finepix S304 - Gris sur la boutique.\" \/>\n<meta name=\"robots\" content=\"index, follow, max-snippet:-1, max-image-preview:large, max-video-preview:-1\" \/>\n<link rel=\"canonical\" href=\"https:\/\/www.analoggwerz.com\/en\/product\/fujifilm-finepix-s304\/\" \/>\n<meta property=\"og:locale\" content=\"en_US\" \/>\n<meta property=\"og:type\" content=\"article\" \/>\n<meta property=\"og:title\" content=\"Fujifilm finepix S304 - Gris est disponible sur la boutique !\" \/>\n<meta property=\"og:description\" content=\"Cliquez ici pour d\u00e9couvrir Fujifilm finepix S304 - Gris sur la boutique.\" \/>\n<meta property=\"og:url\" content=\"https:\/\/www.analoggwerz.com\/en\/product\/fujifilm-finepix-s304\/\" \/>\n<meta property=\"og:site_name\" content=\"Analog Gwerz\" \/>\n<meta property=\"article:modified_time\" content=\"2026-03-27T12:30:00+00:00\" \/>\n<meta property=\"og:image\" content=\"https:\/\/www.analoggwerz.com\/wp-content\/uploads\/2025\/06\/img_9648-scaled.jpeg\" \/>\n\t<meta property=\"og:image:width\" content=\"2560\" \/>\n\t<meta property=\"og:image:height\" content=\"1920\" \/>\n\t<meta property=\"og:image:type\" content=\"image\/jpeg\" \/>\n<meta name=\"twitter:card\" content=\"summary_large_image\" \/>\n<meta name=\"twitter:label1\" content=\"Est. reading time\" \/>\n\t<meta name=\"twitter:data1\" content=\"1 minute\" \/>\n<script type=\"application\/ld+json\" class=\"yoast-schema-graph\">{\"@context\":\"https:\\\/\\\/schema.org\",\"@graph\":[{\"@type\":\"WebPage\",\"@id\":\"https:\\\/\\\/www.analoggwerz.com\\\/produit\\\/fujifilm-finepix-s304\\\/\",\"url\":\"https:\\\/\\\/www.analoggwerz.com\\\/produit\\\/fujifilm-finepix-s304\\\/\",\"name\":\"Fujifilm finepix S304 - Gris est disponible sur la boutique !\",\"isPartOf\":{\"@id\":\"https:\\\/\\\/www.analoggwerz.com\\\/#website\"},\"primaryImageOfPage\":{\"@id\":\"https:\\\/\\\/www.analoggwerz.com\\\/produit\\\/fujifilm-finepix-s304\\\/#primaryimage\"},\"image\":{\"@id\":\"https:\\\/\\\/www.analoggwerz.com\\\/produit\\\/fujifilm-finepix-s304\\\/#primaryimage\"},\"thumbnailUrl\":\"https:\\\/\\\/www.analoggwerz.com\\\/wp-content\\\/uploads\\\/2025\\\/06\\\/img_9648-scaled.jpeg\",\"datePublished\":\"2025-06-09T21:58:13+00:00\",\"dateModified\":\"2026-03-27T12:30:00+00:00\",\"description\":\"Cliquez ici pour d\u00e9couvrir Fujifilm finepix S304 - Gris sur la boutique.\",\"breadcrumb\":{\"@id\":\"https:\\\/\\\/www.analoggwerz.com\\\/produit\\\/fujifilm-finepix-s304\\\/#breadcrumb\"},\"inLanguage\":\"en-US\",\"potentialAction\":[{\"@type\":\"ReadAction\",\"target\":[\"https:\\\/\\\/www.analoggwerz.com\\\/produit\\\/fujifilm-finepix-s304\\\/\"]}]},{\"@type\":\"ImageObject\",\"inLanguage\":\"en-US\",\"@id\":\"https:\\\/\\\/www.analoggwerz.com\\\/produit\\\/fujifilm-finepix-s304\\\/#primaryimage\",\"url\":\"https:\\\/\\\/www.analoggwerz.com\\\/wp-content\\\/uploads\\\/2025\\\/06\\\/img_9648-scaled.jpeg\",\"contentUrl\":\"https:\\\/\\\/www.analoggwerz.com\\\/wp-content\\\/uploads\\\/2025\\\/06\\\/img_9648-scaled.jpeg\",\"width\":2560,\"height\":1920},{\"@type\":\"BreadcrumbList\",\"@id\":\"https:\\\/\\\/www.analoggwerz.com\\\/produit\\\/fujifilm-finepix-s304\\\/#breadcrumb\",\"itemListElement\":[{\"@type\":\"ListItem\",\"position\":1,\"name\":\"Accueil\",\"item\":\"https:\\\/\\\/www.analoggwerz.com\\\/\"},{\"@type\":\"ListItem\",\"position\":2,\"name\":\"Boutique\",\"item\":\"https:\\\/\\\/www.analoggwerz.com\\\/shop\\\/\"},{\"@type\":\"ListItem\",\"position\":3,\"name\":\"Fujifilm finepix S304 &#8211; Gris\"}]},{\"@type\":\"WebSite\",\"@id\":\"https:\\\/\\\/www.analoggwerz.com\\\/#website\",\"url\":\"https:\\\/\\\/www.analoggwerz.com\\\/\",\"name\":\"Analog Gwerz\",\"description\":\"Pas besoin de neuf pour capturer l&#039;instant !\",\"publisher\":{\"@id\":\"https:\\\/\\\/www.analoggwerz.com\\\/#organization\"},\"potentialAction\":[{\"@type\":\"SearchAction\",\"target\":{\"@type\":\"EntryPoint\",\"urlTemplate\":\"https:\\\/\\\/www.analoggwerz.com\\\/?s={search_term_string}\"},\"query-input\":{\"@type\":\"PropertyValueSpecification\",\"valueRequired\":true,\"valueName\":\"search_term_string\"}}],\"inLanguage\":\"en-US\"},{\"@type\":\"Organization\",\"@id\":\"https:\\\/\\\/www.analoggwerz.com\\\/#organization\",\"name\":\"Analog Gwerz\",\"url\":\"https:\\\/\\\/www.analoggwerz.com\\\/\",\"logo\":{\"@type\":\"ImageObject\",\"inLanguage\":\"en-US\",\"@id\":\"https:\\\/\\\/www.analoggwerz.com\\\/#\\\/schema\\\/logo\\\/image\\\/\",\"url\":\"https:\\\/\\\/www.analoggwerz.com\\\/wp-content\\\/uploads\\\/2025\\\/10\\\/000-LOGO-ANALOG-GWERZ-NOIR-1.png\",\"contentUrl\":\"https:\\\/\\\/www.analoggwerz.com\\\/wp-content\\\/uploads\\\/2025\\\/10\\\/000-LOGO-ANALOG-GWERZ-NOIR-1.png\",\"width\":800,\"height\":407,\"caption\":\"Analog Gwerz\"},\"image\":{\"@id\":\"https:\\\/\\\/www.analoggwerz.com\\\/#\\\/schema\\\/logo\\\/image\\\/\"},\"sameAs\":[\"https:\\\/\\\/www.instagram.com\\\/analog_gwerz\\\/\",\"https:\\\/\\\/www.tiktok.com\\\/@analog_gwerz\"]}]}<\/script>\n<!-- \/ Yoast SEO plugin. -->","yoast_head_json":{"title":"Fujifilm finepix S304 - Gris est disponible sur la boutique !","description":"Cliquez ici pour d\u00e9couvrir Fujifilm finepix S304 - Gris sur la boutique.","robots":{"index":"index","follow":"follow","max-snippet":"max-snippet:-1","max-image-preview":"max-image-preview:large","max-video-preview":"max-video-preview:-1"},"canonical":"https:\/\/www.analoggwerz.com\/en\/product\/fujifilm-finepix-s304\/","og_locale":"en_US","og_type":"article","og_title":"Fujifilm finepix S304 - Gris est disponible sur la boutique !","og_description":"Cliquez ici pour d\u00e9couvrir Fujifilm finepix S304 - Gris sur la boutique.","og_url":"https:\/\/www.analoggwerz.com\/en\/product\/fujifilm-finepix-s304\/","og_site_name":"Analog Gwerz","article_modified_time":"2026-03-27T12:30:00+00:00","og_image":[{"width":2560,"height":1920,"url":"https:\/\/www.analoggwerz.com\/wp-content\/uploads\/2025\/06\/img_9648-scaled.jpeg","type":"image\/jpeg"}],"twitter_card":"summary_large_image","twitter_misc":{"Est. reading time":"1 minute"},"schema":{"@context":"https:\/\/schema.org","@graph":[{"@type":"WebPage","@id":"https:\/\/www.analoggwerz.com\/produit\/fujifilm-finepix-s304\/","url":"https:\/\/www.analoggwerz.com\/produit\/fujifilm-finepix-s304\/","name":"Fujifilm finepix S304 - Gris est disponible sur la boutique !","isPartOf":{"@id":"https:\/\/www.analoggwerz.com\/#website"},"primaryImageOfPage":{"@id":"https:\/\/www.analoggwerz.com\/produit\/fujifilm-finepix-s304\/#primaryimage"},"image":{"@id":"https:\/\/www.analoggwerz.com\/produit\/fujifilm-finepix-s304\/#primaryimage"},"thumbnailUrl":"https:\/\/www.analoggwerz.com\/wp-content\/uploads\/2025\/06\/img_9648-scaled.jpeg","datePublished":"2025-06-09T21:58:13+00:00","dateModified":"2026-03-27T12:30:00+00:00","description":"Cliquez ici pour d\u00e9couvrir Fujifilm finepix S304 - Gris sur la boutique.","breadcrumb":{"@id":"https:\/\/www.analoggwerz.com\/produit\/fujifilm-finepix-s304\/#breadcrumb"},"inLanguage":"en-US","potentialAction":[{"@type":"ReadAction","target":["https:\/\/www.analoggwerz.com\/produit\/fujifilm-finepix-s304\/"]}]},{"@type":"ImageObject","inLanguage":"en-US","@id":"https:\/\/www.analoggwerz.com\/produit\/fujifilm-finepix-s304\/#primaryimage","url":"https:\/\/www.analoggwerz.com\/wp-content\/uploads\/2025\/06\/img_9648-scaled.jpeg","contentUrl":"https:\/\/www.analoggwerz.com\/wp-content\/uploads\/2025\/06\/img_9648-scaled.jpeg","width":2560,"height":1920},{"@type":"BreadcrumbList","@id":"https:\/\/www.analoggwerz.com\/produit\/fujifilm-finepix-s304\/#breadcrumb","itemListElement":[{"@type":"ListItem","position":1,"name":"Accueil","item":"https:\/\/www.analoggwerz.com\/"},{"@type":"ListItem","position":2,"name":"Boutique","item":"https:\/\/www.analoggwerz.com\/shop\/"},{"@type":"ListItem","position":3,"name":"Fujifilm finepix S304 &#8211; Gris"}]},{"@type":"WebSite","@id":"https:\/\/www.analoggwerz.com\/#website","url":"https:\/\/www.analoggwerz.com\/","name":"Analog Gwerz","description":"Pas besoin de neuf pour capturer l&#039;instant !","publisher":{"@id":"https:\/\/www.analoggwerz.com\/#organization"},"potentialAction":[{"@type":"SearchAction","target":{"@type":"EntryPoint","urlTemplate":"https:\/\/www.analoggwerz.com\/?s={search_term_string}"},"query-input":{"@type":"PropertyValueSpecification","valueRequired":true,"valueName":"search_term_string"}}],"inLanguage":"en-US"},{"@type":"Organization","@id":"https:\/\/www.analoggwerz.com\/#organization","name":"Analog Gwerz","url":"https:\/\/www.analoggwerz.com\/","logo":{"@type":"ImageObject","inLanguage":"en-US","@id":"https:\/\/www.analoggwerz.com\/#\/schema\/logo\/image\/","url":"https:\/\/www.analoggwerz.com\/wp-content\/uploads\/2025\/10\/000-LOGO-ANALOG-GWERZ-NOIR-1.png","contentUrl":"https:\/\/www.analoggwerz.com\/wp-content\/uploads\/2025\/10\/000-LOGO-ANALOG-GWERZ-NOIR-1.png","width":800,"height":407,"caption":"Analog Gwerz"},"image":{"@id":"https:\/\/www.analoggwerz.com\/#\/schema\/logo\/image\/"},"sameAs":["https:\/\/www.instagram.com\/analog_gwerz\/","https:\/\/www.tiktok.com\/@analog_gwerz"]}]}},"jetpack_sharing_enabled":true,"_links":{"self":[{"href":"https:\/\/www.analoggwerz.com\/en\/wp-json\/wp\/v2\/product\/6587","targetHints":{"allow":["GET"]}}],"collection":[{"href":"https:\/\/www.analoggwerz.com\/en\/wp-json\/wp\/v2\/product"}],"about":[{"href":"https:\/\/www.analoggwerz.com\/en\/wp-json\/wp\/v2\/types\/product"}],"wp:featuredmedia":[{"embeddable":true,"href":"https:\/\/www.analoggwerz.com\/en\/wp-json\/wp\/v2\/media\/6586"}],"wp:attachment":[{"href":"https:\/\/www.analoggwerz.com\/en\/wp-json\/wp\/v2\/media?parent=6587"}],"wp:term":[{"taxonomy":"product_brand","embeddable":true,"href":"https:\/\/www.analoggwerz.com\/en\/wp-json\/wp\/v2\/product_brand?post=6587"},{"taxonomy":"product_cat","embeddable":true,"href":"https:\/\/www.analoggwerz.com\/en\/wp-json\/wp\/v2\/product_cat?post=6587"},{"taxonomy":"product_tag","embeddable":true,"href":"https:\/\/www.analoggwerz.com\/en\/wp-json\/wp\/v2\/product_tag?post=6587"}],"curies":[{"name":"wp","href":"https:\/\/api.w.org\/{rel}","templated":true}]}}