{"id":6536,"date":"2025-06-05T20:40:55","date_gmt":"2025-06-05T20:40:55","guid":{"rendered":"https:\/\/www.analoggwerz.com\/produit\/jvc-everio-gz-mg130e\/"},"modified":"2025-10-31T21:55:06","modified_gmt":"2025-10-31T21:55:06","slug":"jvc-everio-gz-mg130e","status":"publish","type":"product","link":"https:\/\/www.analoggwerz.com\/en\/product\/jvc-everio-gz-mg130e\/","title":{"rendered":"JVC Everio GZ-MG130E"},"content":{"rendered":"<p>\ud83d\udcf8 JVC Everio GZ-MG130E \u2013 Cam\u00e9scope \u00e0 disque dur et carte SD<\/p>\n<p>N\u2019h\u00e9sitez pas \u00e0 vous abonner \u00e0 mon Instagram (@analog_gwerz) si vous aimez la photo et les appareils.<\/p>\n<p>Cam\u00e9scope num\u00e9rique compact avec zoom optique 34x, le JVC Everio GZ-MG130E est id\u00e9al pour capturer vos souvenirs en toute simplicit\u00e9. Il enregistre directement sur disque dur interne ou carte SD (non fournie), offrant une grande flexibilit\u00e9. Mod\u00e8le fiable, tr\u00e8s intuitif, au format MiniDV num\u00e9rique.<\/p>\n<p>\ud83d\udd39 Caract\u00e9ristiques principales :<\/p>\n<p>\u2013 Zoom optique 34x<\/p>\n<p>\u2013 Capteur CCD 800K pixels<\/p>\n<p>\u2013 Enregistrement vid\u00e9o sur disque dur 30 Go ou carte SD<\/p>\n<p>\u2013 Fonction \u201cHybrid\u201d pour alterner facilement entre HDD et carte SD<\/p>\n<p>\u2013 Grand \u00e9cran LCD 2,7 pouces<\/p>\n<p>\u2013 Stabilisation d\u2019image int\u00e9gr\u00e9e<\/p>\n<p>\u2013 Mode photo possible<\/p>\n<p>\ud83d\udce6 Fourni avec :<\/p>\n<p>\u2013 Chargeur secteur d\u2019origine<\/p>\n<p>\u2013 C\u00e2ble AV pour lecture sur t\u00e9l\u00e9viseur<\/p>\n<p>\u2013 C\u00e2ble USB pour transfert PC<\/p>\n<p>\u2013 Cam\u00e9scope avec dragonne d\u2019origine<\/p>\n<p>\ud83d\udcf8 \u00c9tat :<\/p>\n<p>Bon \u00e9tat g\u00e9n\u00e9ral, test\u00e9 et fonctionnel. Quelques traces d\u2019usage sans incidence sur le fonctionnement.<\/p>\n<p>\ud83d\udca1 Les photos sont contractuelles. Tous les produits sont test\u00e9s avant exp\u00e9dition.<\/p>","protected":false},"excerpt":{"rendered":"<p>\ud83d\udcf8 JVC Everio GZ-MG130E \u2013 Cam\u00e9scope \u00e0 disque dur et carte SD N\u2019h\u00e9sitez pas \u00e0 vous abonner \u00e0 mon Instagram (@analog_gwerz) si vous aimez la photo et les appareils. Cam\u00e9scope num\u00e9rique compact avec zoom optique 34x, le JVC Everio GZ-MG130E est id\u00e9al pour capturer vos souvenirs en toute simplicit\u00e9. Il enregistre directement sur disque dur [&hellip;]<\/p>\n","protected":false},"featured_media":6534,"template":"","meta":[],"product_brand":[],"product_cat":[32,126,125,123],"product_tag":[],"class_list":{"0":"post-6536","1":"product","2":"type-product","3":"status-publish","4":"has-post-thumbnail","6":"product_cat-camescopes","7":"product_cat-camescopes-a-carte-memoire","8":"product_cat-camescopes-a-disque-dur","9":"product_cat-camescopes-numeriques","10":"pa_marque-jvc","12":"first","13":"outofstock","14":"purchasable","15":"product-type-simple"},"yoast_head":"<!-- This site is optimized with the Yoast SEO plugin v27.5 - https:\/\/yoast.com\/product\/yoast-seo-wordpress\/ -->\n<title>JVC Everio GZ-MG130E est disponible sur la boutique !<\/title>\n<meta name=\"description\" content=\"Cliquez ici pour d\u00e9couvrir JVC Everio GZ-MG130E sur la boutique.\" \/>\n<meta name=\"robots\" content=\"index, follow, max-snippet:-1, max-image-preview:large, max-video-preview:-1\" \/>\n<link rel=\"canonical\" href=\"https:\/\/www.analoggwerz.com\/en\/product\/jvc-everio-gz-mg130e\/\" \/>\n<meta property=\"og:locale\" content=\"en_US\" \/>\n<meta property=\"og:type\" content=\"article\" \/>\n<meta property=\"og:title\" content=\"JVC Everio GZ-MG130E est disponible sur la boutique !\" \/>\n<meta property=\"og:description\" content=\"Cliquez ici pour d\u00e9couvrir JVC Everio GZ-MG130E sur la boutique.\" \/>\n<meta property=\"og:url\" content=\"https:\/\/www.analoggwerz.com\/en\/product\/jvc-everio-gz-mg130e\/\" \/>\n<meta property=\"og:site_name\" content=\"Analog Gwerz\" \/>\n<meta property=\"article:modified_time\" content=\"2025-10-31T21:55:06+00:00\" \/>\n<meta property=\"og:image\" content=\"https:\/\/www.analoggwerz.com\/wp-content\/uploads\/2025\/06\/img_9436-scaled.jpeg\" \/>\n\t<meta property=\"og:image:width\" content=\"2560\" \/>\n\t<meta property=\"og:image:height\" content=\"1920\" \/>\n\t<meta property=\"og:image:type\" content=\"image\/jpeg\" \/>\n<meta name=\"twitter:card\" content=\"summary_large_image\" \/>\n<meta name=\"twitter:label1\" content=\"Est. reading time\" \/>\n\t<meta name=\"twitter:data1\" content=\"1 minute\" \/>\n<script type=\"application\/ld+json\" class=\"yoast-schema-graph\">{\"@context\":\"https:\\\/\\\/schema.org\",\"@graph\":[{\"@type\":\"WebPage\",\"@id\":\"https:\\\/\\\/www.analoggwerz.com\\\/produit\\\/jvc-everio-gz-mg130e\\\/\",\"url\":\"https:\\\/\\\/www.analoggwerz.com\\\/produit\\\/jvc-everio-gz-mg130e\\\/\",\"name\":\"JVC Everio GZ-MG130E est disponible sur la boutique !\",\"isPartOf\":{\"@id\":\"https:\\\/\\\/www.analoggwerz.com\\\/#website\"},\"primaryImageOfPage\":{\"@id\":\"https:\\\/\\\/www.analoggwerz.com\\\/produit\\\/jvc-everio-gz-mg130e\\\/#primaryimage\"},\"image\":{\"@id\":\"https:\\\/\\\/www.analoggwerz.com\\\/produit\\\/jvc-everio-gz-mg130e\\\/#primaryimage\"},\"thumbnailUrl\":\"https:\\\/\\\/www.analoggwerz.com\\\/wp-content\\\/uploads\\\/2025\\\/06\\\/img_9436-scaled.jpeg\",\"datePublished\":\"2025-06-05T20:40:55+00:00\",\"dateModified\":\"2025-10-31T21:55:06+00:00\",\"description\":\"Cliquez ici pour d\u00e9couvrir JVC Everio GZ-MG130E sur la boutique.\",\"breadcrumb\":{\"@id\":\"https:\\\/\\\/www.analoggwerz.com\\\/produit\\\/jvc-everio-gz-mg130e\\\/#breadcrumb\"},\"inLanguage\":\"en-US\",\"potentialAction\":[{\"@type\":\"ReadAction\",\"target\":[\"https:\\\/\\\/www.analoggwerz.com\\\/produit\\\/jvc-everio-gz-mg130e\\\/\"]}]},{\"@type\":\"ImageObject\",\"inLanguage\":\"en-US\",\"@id\":\"https:\\\/\\\/www.analoggwerz.com\\\/produit\\\/jvc-everio-gz-mg130e\\\/#primaryimage\",\"url\":\"https:\\\/\\\/www.analoggwerz.com\\\/wp-content\\\/uploads\\\/2025\\\/06\\\/img_9436-scaled.jpeg\",\"contentUrl\":\"https:\\\/\\\/www.analoggwerz.com\\\/wp-content\\\/uploads\\\/2025\\\/06\\\/img_9436-scaled.jpeg\",\"width\":2560,\"height\":1920},{\"@type\":\"BreadcrumbList\",\"@id\":\"https:\\\/\\\/www.analoggwerz.com\\\/produit\\\/jvc-everio-gz-mg130e\\\/#breadcrumb\",\"itemListElement\":[{\"@type\":\"ListItem\",\"position\":1,\"name\":\"Accueil\",\"item\":\"https:\\\/\\\/www.analoggwerz.com\\\/\"},{\"@type\":\"ListItem\",\"position\":2,\"name\":\"Boutique\",\"item\":\"https:\\\/\\\/www.analoggwerz.com\\\/shop\\\/\"},{\"@type\":\"ListItem\",\"position\":3,\"name\":\"JVC Everio GZ-MG130E\"}]},{\"@type\":\"WebSite\",\"@id\":\"https:\\\/\\\/www.analoggwerz.com\\\/#website\",\"url\":\"https:\\\/\\\/www.analoggwerz.com\\\/\",\"name\":\"Analog Gwerz\",\"description\":\"Pas besoin de neuf pour capturer l&#039;instant !\",\"publisher\":{\"@id\":\"https:\\\/\\\/www.analoggwerz.com\\\/#organization\"},\"potentialAction\":[{\"@type\":\"SearchAction\",\"target\":{\"@type\":\"EntryPoint\",\"urlTemplate\":\"https:\\\/\\\/www.analoggwerz.com\\\/?s={search_term_string}\"},\"query-input\":{\"@type\":\"PropertyValueSpecification\",\"valueRequired\":true,\"valueName\":\"search_term_string\"}}],\"inLanguage\":\"en-US\"},{\"@type\":\"Organization\",\"@id\":\"https:\\\/\\\/www.analoggwerz.com\\\/#organization\",\"name\":\"Analog Gwerz\",\"url\":\"https:\\\/\\\/www.analoggwerz.com\\\/\",\"logo\":{\"@type\":\"ImageObject\",\"inLanguage\":\"en-US\",\"@id\":\"https:\\\/\\\/www.analoggwerz.com\\\/#\\\/schema\\\/logo\\\/image\\\/\",\"url\":\"https:\\\/\\\/www.analoggwerz.com\\\/wp-content\\\/uploads\\\/2025\\\/10\\\/000-LOGO-ANALOG-GWERZ-NOIR-1.png\",\"contentUrl\":\"https:\\\/\\\/www.analoggwerz.com\\\/wp-content\\\/uploads\\\/2025\\\/10\\\/000-LOGO-ANALOG-GWERZ-NOIR-1.png\",\"width\":800,\"height\":407,\"caption\":\"Analog Gwerz\"},\"image\":{\"@id\":\"https:\\\/\\\/www.analoggwerz.com\\\/#\\\/schema\\\/logo\\\/image\\\/\"},\"sameAs\":[\"https:\\\/\\\/www.instagram.com\\\/analog_gwerz\\\/\",\"https:\\\/\\\/www.tiktok.com\\\/@analog_gwerz\"]}]}<\/script>\n<!-- \/ Yoast SEO plugin. -->","yoast_head_json":{"title":"JVC Everio GZ-MG130E est disponible sur la boutique !","description":"Cliquez ici pour d\u00e9couvrir JVC Everio GZ-MG130E sur la boutique.","robots":{"index":"index","follow":"follow","max-snippet":"max-snippet:-1","max-image-preview":"max-image-preview:large","max-video-preview":"max-video-preview:-1"},"canonical":"https:\/\/www.analoggwerz.com\/en\/product\/jvc-everio-gz-mg130e\/","og_locale":"en_US","og_type":"article","og_title":"JVC Everio GZ-MG130E est disponible sur la boutique !","og_description":"Cliquez ici pour d\u00e9couvrir JVC Everio GZ-MG130E sur la boutique.","og_url":"https:\/\/www.analoggwerz.com\/en\/product\/jvc-everio-gz-mg130e\/","og_site_name":"Analog Gwerz","article_modified_time":"2025-10-31T21:55:06+00:00","og_image":[{"width":2560,"height":1920,"url":"https:\/\/www.analoggwerz.com\/wp-content\/uploads\/2025\/06\/img_9436-scaled.jpeg","type":"image\/jpeg"}],"twitter_card":"summary_large_image","twitter_misc":{"Est. reading time":"1 minute"},"schema":{"@context":"https:\/\/schema.org","@graph":[{"@type":"WebPage","@id":"https:\/\/www.analoggwerz.com\/produit\/jvc-everio-gz-mg130e\/","url":"https:\/\/www.analoggwerz.com\/produit\/jvc-everio-gz-mg130e\/","name":"JVC Everio GZ-MG130E est disponible sur la boutique !","isPartOf":{"@id":"https:\/\/www.analoggwerz.com\/#website"},"primaryImageOfPage":{"@id":"https:\/\/www.analoggwerz.com\/produit\/jvc-everio-gz-mg130e\/#primaryimage"},"image":{"@id":"https:\/\/www.analoggwerz.com\/produit\/jvc-everio-gz-mg130e\/#primaryimage"},"thumbnailUrl":"https:\/\/www.analoggwerz.com\/wp-content\/uploads\/2025\/06\/img_9436-scaled.jpeg","datePublished":"2025-06-05T20:40:55+00:00","dateModified":"2025-10-31T21:55:06+00:00","description":"Cliquez ici pour d\u00e9couvrir JVC Everio GZ-MG130E sur la boutique.","breadcrumb":{"@id":"https:\/\/www.analoggwerz.com\/produit\/jvc-everio-gz-mg130e\/#breadcrumb"},"inLanguage":"en-US","potentialAction":[{"@type":"ReadAction","target":["https:\/\/www.analoggwerz.com\/produit\/jvc-everio-gz-mg130e\/"]}]},{"@type":"ImageObject","inLanguage":"en-US","@id":"https:\/\/www.analoggwerz.com\/produit\/jvc-everio-gz-mg130e\/#primaryimage","url":"https:\/\/www.analoggwerz.com\/wp-content\/uploads\/2025\/06\/img_9436-scaled.jpeg","contentUrl":"https:\/\/www.analoggwerz.com\/wp-content\/uploads\/2025\/06\/img_9436-scaled.jpeg","width":2560,"height":1920},{"@type":"BreadcrumbList","@id":"https:\/\/www.analoggwerz.com\/produit\/jvc-everio-gz-mg130e\/#breadcrumb","itemListElement":[{"@type":"ListItem","position":1,"name":"Accueil","item":"https:\/\/www.analoggwerz.com\/"},{"@type":"ListItem","position":2,"name":"Boutique","item":"https:\/\/www.analoggwerz.com\/shop\/"},{"@type":"ListItem","position":3,"name":"JVC Everio GZ-MG130E"}]},{"@type":"WebSite","@id":"https:\/\/www.analoggwerz.com\/#website","url":"https:\/\/www.analoggwerz.com\/","name":"Analog Gwerz","description":"Pas besoin de neuf pour capturer l&#039;instant !","publisher":{"@id":"https:\/\/www.analoggwerz.com\/#organization"},"potentialAction":[{"@type":"SearchAction","target":{"@type":"EntryPoint","urlTemplate":"https:\/\/www.analoggwerz.com\/?s={search_term_string}"},"query-input":{"@type":"PropertyValueSpecification","valueRequired":true,"valueName":"search_term_string"}}],"inLanguage":"en-US"},{"@type":"Organization","@id":"https:\/\/www.analoggwerz.com\/#organization","name":"Analog Gwerz","url":"https:\/\/www.analoggwerz.com\/","logo":{"@type":"ImageObject","inLanguage":"en-US","@id":"https:\/\/www.analoggwerz.com\/#\/schema\/logo\/image\/","url":"https:\/\/www.analoggwerz.com\/wp-content\/uploads\/2025\/10\/000-LOGO-ANALOG-GWERZ-NOIR-1.png","contentUrl":"https:\/\/www.analoggwerz.com\/wp-content\/uploads\/2025\/10\/000-LOGO-ANALOG-GWERZ-NOIR-1.png","width":800,"height":407,"caption":"Analog Gwerz"},"image":{"@id":"https:\/\/www.analoggwerz.com\/#\/schema\/logo\/image\/"},"sameAs":["https:\/\/www.instagram.com\/analog_gwerz\/","https:\/\/www.tiktok.com\/@analog_gwerz"]}]}},"jetpack_sharing_enabled":true,"_links":{"self":[{"href":"https:\/\/www.analoggwerz.com\/en\/wp-json\/wp\/v2\/product\/6536","targetHints":{"allow":["GET"]}}],"collection":[{"href":"https:\/\/www.analoggwerz.com\/en\/wp-json\/wp\/v2\/product"}],"about":[{"href":"https:\/\/www.analoggwerz.com\/en\/wp-json\/wp\/v2\/types\/product"}],"wp:featuredmedia":[{"embeddable":true,"href":"https:\/\/www.analoggwerz.com\/en\/wp-json\/wp\/v2\/media\/6534"}],"wp:attachment":[{"href":"https:\/\/www.analoggwerz.com\/en\/wp-json\/wp\/v2\/media?parent=6536"}],"wp:term":[{"taxonomy":"product_brand","embeddable":true,"href":"https:\/\/www.analoggwerz.com\/en\/wp-json\/wp\/v2\/product_brand?post=6536"},{"taxonomy":"product_cat","embeddable":true,"href":"https:\/\/www.analoggwerz.com\/en\/wp-json\/wp\/v2\/product_cat?post=6536"},{"taxonomy":"product_tag","embeddable":true,"href":"https:\/\/www.analoggwerz.com\/en\/wp-json\/wp\/v2\/product_tag?post=6536"}],"curies":[{"name":"wp","href":"https:\/\/api.w.org\/{rel}","templated":true}]}}