{"id":6528,"date":"2025-06-05T20:38:30","date_gmt":"2025-06-05T20:38:30","guid":{"rendered":"https:\/\/www.analoggwerz.com\/produit\/jvc-gr-d721e\/"},"modified":"2025-10-31T21:55:06","modified_gmt":"2025-10-31T21:55:06","slug":"jvc-gr-d721e","status":"publish","type":"product","link":"https:\/\/www.analoggwerz.com\/en\/product\/jvc-gr-d721e\/","title":{"rendered":"JVC GR-D721E"},"content":{"rendered":"<p>\ud83d\udcf8<strong> N\u2019h\u00e9sitez pas \u00e0 vous abonner \u00e0 mon Instagram (@analog_gwerz) si vous aimez la photo et les appareils.<\/strong><\/p>\n<p><strong>Cam\u00e9scope JVC GR-D721E \u2013 28x zoom optique \u2013 DV<\/strong><\/p>\n<p><strong>Cam\u00e9scope num\u00e9rique compact et fiable, le JVC GR-D721E est parfait pour celles et ceux qui souhaitent capturer leurs souvenirs sur cassette MiniDV avec une bonne qualit\u00e9 d\u2019image et un zoom performant.<\/strong><\/p>\n<p><strong>Caract\u00e9ristiques principales :<\/strong><\/p>\n<p><strong>Zoom optique 28x (et zoom num\u00e9rique jusqu\u2019\u00e0 800x)<\/strong><\/p>\n<p><strong>\u00c9cran LCD couleur orientable<\/strong><\/p>\n<p><strong>Enregistrement sur cassette MiniDV<\/strong><\/p>\n<p><strong>Compatible batterie intelligente (Data Battery) pour un affichage pr\u00e9cis de l\u2019autonomie<\/strong><\/p>\n<p><strong>Mode grand \u00e9cran 16:9<\/strong><\/p>\n<p><strong>Sorties DV (FireWire) et AV pour transfert vid\u00e9o<\/strong><\/p>\n<p><strong>Interface multilingue<\/strong><\/p>\n<p><strong>\u00c9tat :<\/strong><\/p>\n<p><strong>Bon \u00e9tat g\u00e9n\u00e9ral, test\u00e9 et fonctionnel.<\/strong><\/p>\n<p><strong>Accessoires inclus :<\/strong><\/p>\n<p><strong>Chargeur secteur<\/strong><\/p>\n<p><strong>Batterie<\/strong><\/p>\n<p><strong>Dragonne int\u00e9gr\u00e9e<\/strong><\/p>\n<p>\ud83d\udce6<strong> Carte m\u00e9moire non concern\u00e9e (le mod\u00e8le fonctionne uniquement avec des cassettes MiniDV).<\/strong><\/p>\n<p>\ud83d\udcf7<strong> Les photos montrent l\u2019\u00e9tat r\u00e9el du produit.<\/strong><\/p>","protected":false},"excerpt":{"rendered":"<p>\ud83d\udcf8 N\u2019h\u00e9sitez pas \u00e0 vous abonner \u00e0 mon Instagram (@analog_gwerz) si vous aimez la photo et les appareils. Cam\u00e9scope JVC GR-D721E \u2013 28x zoom optique \u2013 DV Cam\u00e9scope num\u00e9rique compact et fiable, le JVC GR-D721E est parfait pour celles et ceux qui souhaitent capturer leurs souvenirs sur cassette MiniDV avec une bonne qualit\u00e9 d\u2019image et [&hellip;]<\/p>\n","protected":false},"featured_media":6526,"template":"","meta":[],"product_brand":[],"product_cat":[32,124,131],"product_tag":[],"class_list":{"0":"post-6528","1":"product","2":"type-product","3":"status-publish","4":"has-post-thumbnail","6":"product_cat-camescopes","7":"product_cat-camescopes-analogiques","8":"product_cat-camescopes-mini-dv","9":"pa_marque-jvc","11":"first","12":"outofstock","13":"purchasable","14":"product-type-simple"},"yoast_head":"<!-- This site is optimized with the Yoast SEO plugin v27.5 - https:\/\/yoast.com\/product\/yoast-seo-wordpress\/ -->\n<title>JVC GR-D721E est disponible sur la boutique !<\/title>\n<meta name=\"description\" content=\"Cliquez ici pour d\u00e9couvrir JVC GR-D721E sur la boutique.\" \/>\n<meta name=\"robots\" content=\"index, follow, max-snippet:-1, max-image-preview:large, max-video-preview:-1\" \/>\n<link rel=\"canonical\" href=\"https:\/\/www.analoggwerz.com\/en\/product\/jvc-gr-d721e\/\" \/>\n<meta property=\"og:locale\" content=\"en_US\" \/>\n<meta property=\"og:type\" content=\"article\" \/>\n<meta property=\"og:title\" content=\"JVC GR-D721E est disponible sur la boutique !\" \/>\n<meta property=\"og:description\" content=\"Cliquez ici pour d\u00e9couvrir JVC GR-D721E sur la boutique.\" \/>\n<meta property=\"og:url\" content=\"https:\/\/www.analoggwerz.com\/en\/product\/jvc-gr-d721e\/\" \/>\n<meta property=\"og:site_name\" content=\"Analog Gwerz\" \/>\n<meta property=\"article:modified_time\" content=\"2025-10-31T21:55:06+00:00\" \/>\n<meta property=\"og:image\" content=\"https:\/\/www.analoggwerz.com\/wp-content\/uploads\/2025\/06\/img_9443-scaled.jpeg\" \/>\n\t<meta property=\"og:image:width\" content=\"2560\" \/>\n\t<meta property=\"og:image:height\" content=\"1920\" \/>\n\t<meta property=\"og:image:type\" content=\"image\/jpeg\" \/>\n<meta name=\"twitter:card\" content=\"summary_large_image\" \/>\n<meta name=\"twitter:label1\" content=\"Est. reading time\" \/>\n\t<meta name=\"twitter:data1\" content=\"1 minute\" \/>\n<script type=\"application\/ld+json\" class=\"yoast-schema-graph\">{\"@context\":\"https:\\\/\\\/schema.org\",\"@graph\":[{\"@type\":\"WebPage\",\"@id\":\"https:\\\/\\\/www.analoggwerz.com\\\/produit\\\/jvc-gr-d721e\\\/\",\"url\":\"https:\\\/\\\/www.analoggwerz.com\\\/produit\\\/jvc-gr-d721e\\\/\",\"name\":\"JVC GR-D721E est disponible sur la boutique !\",\"isPartOf\":{\"@id\":\"https:\\\/\\\/www.analoggwerz.com\\\/#website\"},\"primaryImageOfPage\":{\"@id\":\"https:\\\/\\\/www.analoggwerz.com\\\/produit\\\/jvc-gr-d721e\\\/#primaryimage\"},\"image\":{\"@id\":\"https:\\\/\\\/www.analoggwerz.com\\\/produit\\\/jvc-gr-d721e\\\/#primaryimage\"},\"thumbnailUrl\":\"https:\\\/\\\/www.analoggwerz.com\\\/wp-content\\\/uploads\\\/2025\\\/06\\\/img_9443-scaled.jpeg\",\"datePublished\":\"2025-06-05T20:38:30+00:00\",\"dateModified\":\"2025-10-31T21:55:06+00:00\",\"description\":\"Cliquez ici pour d\u00e9couvrir JVC GR-D721E sur la boutique.\",\"breadcrumb\":{\"@id\":\"https:\\\/\\\/www.analoggwerz.com\\\/produit\\\/jvc-gr-d721e\\\/#breadcrumb\"},\"inLanguage\":\"en-US\",\"potentialAction\":[{\"@type\":\"ReadAction\",\"target\":[\"https:\\\/\\\/www.analoggwerz.com\\\/produit\\\/jvc-gr-d721e\\\/\"]}]},{\"@type\":\"ImageObject\",\"inLanguage\":\"en-US\",\"@id\":\"https:\\\/\\\/www.analoggwerz.com\\\/produit\\\/jvc-gr-d721e\\\/#primaryimage\",\"url\":\"https:\\\/\\\/www.analoggwerz.com\\\/wp-content\\\/uploads\\\/2025\\\/06\\\/img_9443-scaled.jpeg\",\"contentUrl\":\"https:\\\/\\\/www.analoggwerz.com\\\/wp-content\\\/uploads\\\/2025\\\/06\\\/img_9443-scaled.jpeg\",\"width\":2560,\"height\":1920},{\"@type\":\"BreadcrumbList\",\"@id\":\"https:\\\/\\\/www.analoggwerz.com\\\/produit\\\/jvc-gr-d721e\\\/#breadcrumb\",\"itemListElement\":[{\"@type\":\"ListItem\",\"position\":1,\"name\":\"Accueil\",\"item\":\"https:\\\/\\\/www.analoggwerz.com\\\/\"},{\"@type\":\"ListItem\",\"position\":2,\"name\":\"Boutique\",\"item\":\"https:\\\/\\\/www.analoggwerz.com\\\/shop\\\/\"},{\"@type\":\"ListItem\",\"position\":3,\"name\":\"JVC GR-D721E\"}]},{\"@type\":\"WebSite\",\"@id\":\"https:\\\/\\\/www.analoggwerz.com\\\/#website\",\"url\":\"https:\\\/\\\/www.analoggwerz.com\\\/\",\"name\":\"Analog Gwerz\",\"description\":\"Pas besoin de neuf pour capturer l&#039;instant !\",\"publisher\":{\"@id\":\"https:\\\/\\\/www.analoggwerz.com\\\/#organization\"},\"potentialAction\":[{\"@type\":\"SearchAction\",\"target\":{\"@type\":\"EntryPoint\",\"urlTemplate\":\"https:\\\/\\\/www.analoggwerz.com\\\/?s={search_term_string}\"},\"query-input\":{\"@type\":\"PropertyValueSpecification\",\"valueRequired\":true,\"valueName\":\"search_term_string\"}}],\"inLanguage\":\"en-US\"},{\"@type\":\"Organization\",\"@id\":\"https:\\\/\\\/www.analoggwerz.com\\\/#organization\",\"name\":\"Analog Gwerz\",\"url\":\"https:\\\/\\\/www.analoggwerz.com\\\/\",\"logo\":{\"@type\":\"ImageObject\",\"inLanguage\":\"en-US\",\"@id\":\"https:\\\/\\\/www.analoggwerz.com\\\/#\\\/schema\\\/logo\\\/image\\\/\",\"url\":\"https:\\\/\\\/www.analoggwerz.com\\\/wp-content\\\/uploads\\\/2025\\\/10\\\/000-LOGO-ANALOG-GWERZ-NOIR-1.png\",\"contentUrl\":\"https:\\\/\\\/www.analoggwerz.com\\\/wp-content\\\/uploads\\\/2025\\\/10\\\/000-LOGO-ANALOG-GWERZ-NOIR-1.png\",\"width\":800,\"height\":407,\"caption\":\"Analog Gwerz\"},\"image\":{\"@id\":\"https:\\\/\\\/www.analoggwerz.com\\\/#\\\/schema\\\/logo\\\/image\\\/\"},\"sameAs\":[\"https:\\\/\\\/www.instagram.com\\\/analog_gwerz\\\/\",\"https:\\\/\\\/www.tiktok.com\\\/@analog_gwerz\"]}]}<\/script>\n<!-- \/ Yoast SEO plugin. -->","yoast_head_json":{"title":"JVC GR-D721E est disponible sur la boutique !","description":"Cliquez ici pour d\u00e9couvrir JVC GR-D721E sur la boutique.","robots":{"index":"index","follow":"follow","max-snippet":"max-snippet:-1","max-image-preview":"max-image-preview:large","max-video-preview":"max-video-preview:-1"},"canonical":"https:\/\/www.analoggwerz.com\/en\/product\/jvc-gr-d721e\/","og_locale":"en_US","og_type":"article","og_title":"JVC GR-D721E est disponible sur la boutique !","og_description":"Cliquez ici pour d\u00e9couvrir JVC GR-D721E sur la boutique.","og_url":"https:\/\/www.analoggwerz.com\/en\/product\/jvc-gr-d721e\/","og_site_name":"Analog Gwerz","article_modified_time":"2025-10-31T21:55:06+00:00","og_image":[{"width":2560,"height":1920,"url":"https:\/\/www.analoggwerz.com\/wp-content\/uploads\/2025\/06\/img_9443-scaled.jpeg","type":"image\/jpeg"}],"twitter_card":"summary_large_image","twitter_misc":{"Est. reading time":"1 minute"},"schema":{"@context":"https:\/\/schema.org","@graph":[{"@type":"WebPage","@id":"https:\/\/www.analoggwerz.com\/produit\/jvc-gr-d721e\/","url":"https:\/\/www.analoggwerz.com\/produit\/jvc-gr-d721e\/","name":"JVC GR-D721E est disponible sur la boutique !","isPartOf":{"@id":"https:\/\/www.analoggwerz.com\/#website"},"primaryImageOfPage":{"@id":"https:\/\/www.analoggwerz.com\/produit\/jvc-gr-d721e\/#primaryimage"},"image":{"@id":"https:\/\/www.analoggwerz.com\/produit\/jvc-gr-d721e\/#primaryimage"},"thumbnailUrl":"https:\/\/www.analoggwerz.com\/wp-content\/uploads\/2025\/06\/img_9443-scaled.jpeg","datePublished":"2025-06-05T20:38:30+00:00","dateModified":"2025-10-31T21:55:06+00:00","description":"Cliquez ici pour d\u00e9couvrir JVC GR-D721E sur la boutique.","breadcrumb":{"@id":"https:\/\/www.analoggwerz.com\/produit\/jvc-gr-d721e\/#breadcrumb"},"inLanguage":"en-US","potentialAction":[{"@type":"ReadAction","target":["https:\/\/www.analoggwerz.com\/produit\/jvc-gr-d721e\/"]}]},{"@type":"ImageObject","inLanguage":"en-US","@id":"https:\/\/www.analoggwerz.com\/produit\/jvc-gr-d721e\/#primaryimage","url":"https:\/\/www.analoggwerz.com\/wp-content\/uploads\/2025\/06\/img_9443-scaled.jpeg","contentUrl":"https:\/\/www.analoggwerz.com\/wp-content\/uploads\/2025\/06\/img_9443-scaled.jpeg","width":2560,"height":1920},{"@type":"BreadcrumbList","@id":"https:\/\/www.analoggwerz.com\/produit\/jvc-gr-d721e\/#breadcrumb","itemListElement":[{"@type":"ListItem","position":1,"name":"Accueil","item":"https:\/\/www.analoggwerz.com\/"},{"@type":"ListItem","position":2,"name":"Boutique","item":"https:\/\/www.analoggwerz.com\/shop\/"},{"@type":"ListItem","position":3,"name":"JVC GR-D721E"}]},{"@type":"WebSite","@id":"https:\/\/www.analoggwerz.com\/#website","url":"https:\/\/www.analoggwerz.com\/","name":"Analog Gwerz","description":"Pas besoin de neuf pour capturer l&#039;instant !","publisher":{"@id":"https:\/\/www.analoggwerz.com\/#organization"},"potentialAction":[{"@type":"SearchAction","target":{"@type":"EntryPoint","urlTemplate":"https:\/\/www.analoggwerz.com\/?s={search_term_string}"},"query-input":{"@type":"PropertyValueSpecification","valueRequired":true,"valueName":"search_term_string"}}],"inLanguage":"en-US"},{"@type":"Organization","@id":"https:\/\/www.analoggwerz.com\/#organization","name":"Analog Gwerz","url":"https:\/\/www.analoggwerz.com\/","logo":{"@type":"ImageObject","inLanguage":"en-US","@id":"https:\/\/www.analoggwerz.com\/#\/schema\/logo\/image\/","url":"https:\/\/www.analoggwerz.com\/wp-content\/uploads\/2025\/10\/000-LOGO-ANALOG-GWERZ-NOIR-1.png","contentUrl":"https:\/\/www.analoggwerz.com\/wp-content\/uploads\/2025\/10\/000-LOGO-ANALOG-GWERZ-NOIR-1.png","width":800,"height":407,"caption":"Analog Gwerz"},"image":{"@id":"https:\/\/www.analoggwerz.com\/#\/schema\/logo\/image\/"},"sameAs":["https:\/\/www.instagram.com\/analog_gwerz\/","https:\/\/www.tiktok.com\/@analog_gwerz"]}]}},"jetpack_sharing_enabled":true,"_links":{"self":[{"href":"https:\/\/www.analoggwerz.com\/en\/wp-json\/wp\/v2\/product\/6528","targetHints":{"allow":["GET"]}}],"collection":[{"href":"https:\/\/www.analoggwerz.com\/en\/wp-json\/wp\/v2\/product"}],"about":[{"href":"https:\/\/www.analoggwerz.com\/en\/wp-json\/wp\/v2\/types\/product"}],"wp:featuredmedia":[{"embeddable":true,"href":"https:\/\/www.analoggwerz.com\/en\/wp-json\/wp\/v2\/media\/6526"}],"wp:attachment":[{"href":"https:\/\/www.analoggwerz.com\/en\/wp-json\/wp\/v2\/media?parent=6528"}],"wp:term":[{"taxonomy":"product_brand","embeddable":true,"href":"https:\/\/www.analoggwerz.com\/en\/wp-json\/wp\/v2\/product_brand?post=6528"},{"taxonomy":"product_cat","embeddable":true,"href":"https:\/\/www.analoggwerz.com\/en\/wp-json\/wp\/v2\/product_cat?post=6528"},{"taxonomy":"product_tag","embeddable":true,"href":"https:\/\/www.analoggwerz.com\/en\/wp-json\/wp\/v2\/product_tag?post=6528"}],"curies":[{"name":"wp","href":"https:\/\/api.w.org\/{rel}","templated":true}]}}