{"id":6444,"date":"2025-06-04T22:41:18","date_gmt":"2025-06-04T22:41:18","guid":{"rendered":"https:\/\/www.analoggwerz.com\/produit\/olympus-vg-160-2\/"},"modified":"2025-10-31T21:55:06","modified_gmt":"2025-10-31T21:55:06","slug":"olympus-vg-160-2","status":"publish","type":"product","link":"https:\/\/www.analoggwerz.com\/en\/product\/olympus-vg-160-2\/","title":{"rendered":"Olympus VG 160"},"content":{"rendered":"<p>\ud83d\udcf8 N\u2019h\u00e9sitez pas \u00e0 vous abonner \u00e0 mon Instagram (@analog_gwerz) si vous aimez la photo et les appareils.<\/p>\n<p>Olympus VG-160 \u2013 14 Mpx \u2013 Zoom 5x \u2013 Compact noir<\/p>\n<p>Appareil photo num\u00e9rique compact Olympus VG-160, id\u00e9al pour les photos du quotidien. Son capteur de 14 m\u00e9gapixels et son zoom optique 5x permettent des images nettes, m\u00eame \u00e0 distance. Format fin et discret, parfait pour les voyages ou la rue.<\/p>\n<p>Capteur 14 m\u00e9gapixels<\/p>\n<p>Zoom optique 5x grand angle (26-130 mm)<\/p>\n<p>\u00c9cran LCD 3 pouces<\/p>\n<p>Stabilisation num\u00e9rique<\/p>\n<p>Vid\u00e9o HD 720p<\/p>\n<p>Flash int\u00e9gr\u00e9<\/p>\n<p>\ud83d\udd0b Batterie fournie<\/p>\n<p>\ud83d\udce6 Livr\u00e9 avec un c\u00e2ble USB servant aussi de chargeur<\/p>\n<p>\ud83d\udcbe Carte SD non fournie<\/p>\n<p>Appareil test\u00e9, 100 % fonctionnel. Bon \u00e9tat g\u00e9n\u00e9ral (voir photos). Les images montrent l\u2019appareil r\u00e9el que vous recevrez.<\/p>","protected":false},"excerpt":{"rendered":"<p>\ud83d\udcf8 N\u2019h\u00e9sitez pas \u00e0 vous abonner \u00e0 mon Instagram (@analog_gwerz) si vous aimez la photo et les appareils. Olympus VG-160 \u2013 14 Mpx \u2013 Zoom 5x \u2013 Compact noir Appareil photo num\u00e9rique compact Olympus VG-160, id\u00e9al pour les photos du quotidien. Son capteur de 14 m\u00e9gapixels et son zoom optique 5x permettent des images nettes, [&hellip;]<\/p>\n","protected":false},"featured_media":6441,"template":"","meta":[],"product_brand":[],"product_cat":[118,114,28],"product_tag":[],"class_list":{"0":"post-6444","1":"product","2":"type-product","3":"status-publish","4":"has-post-thumbnail","6":"product_cat-appareils-photo","7":"product_cat-appareils-photo-numeriques","8":"product_cat-appareils-photos-compacts-numeriques","9":"pa_marque-olympus","11":"first","12":"outofstock","13":"purchasable","14":"product-type-simple"},"yoast_head":"<!-- This site is optimized with the Yoast SEO plugin v27.5 - https:\/\/yoast.com\/product\/yoast-seo-wordpress\/ -->\n<title>Olympus VG 160 est disponible sur la boutique !<\/title>\n<meta name=\"description\" content=\"Cliquez ici pour d\u00e9couvrir Olympus VG 160 sur la boutique.\" \/>\n<meta name=\"robots\" content=\"index, follow, max-snippet:-1, max-image-preview:large, max-video-preview:-1\" \/>\n<link rel=\"canonical\" href=\"https:\/\/www.analoggwerz.com\/en\/product\/olympus-vg-160-2\/\" \/>\n<meta property=\"og:locale\" content=\"en_US\" \/>\n<meta property=\"og:type\" content=\"article\" \/>\n<meta property=\"og:title\" content=\"Olympus VG 160 est disponible sur la boutique !\" \/>\n<meta property=\"og:description\" content=\"Cliquez ici pour d\u00e9couvrir Olympus VG 160 sur la boutique.\" \/>\n<meta property=\"og:url\" content=\"https:\/\/www.analoggwerz.com\/en\/product\/olympus-vg-160-2\/\" \/>\n<meta property=\"og:site_name\" content=\"Analog Gwerz\" \/>\n<meta property=\"article:modified_time\" content=\"2025-10-31T21:55:06+00:00\" \/>\n<meta property=\"og:image\" content=\"https:\/\/www.analoggwerz.com\/wp-content\/uploads\/2025\/06\/img_9247-scaled.jpeg\" \/>\n\t<meta property=\"og:image:width\" content=\"2560\" \/>\n\t<meta property=\"og:image:height\" content=\"1920\" \/>\n\t<meta property=\"og:image:type\" content=\"image\/jpeg\" \/>\n<meta name=\"twitter:card\" content=\"summary_large_image\" \/>\n<meta name=\"twitter:label1\" content=\"Est. reading time\" \/>\n\t<meta name=\"twitter:data1\" content=\"1 minute\" \/>\n<script type=\"application\/ld+json\" class=\"yoast-schema-graph\">{\"@context\":\"https:\\\/\\\/schema.org\",\"@graph\":[{\"@type\":\"WebPage\",\"@id\":\"https:\\\/\\\/www.analoggwerz.com\\\/produit\\\/olympus-vg-160-2\\\/\",\"url\":\"https:\\\/\\\/www.analoggwerz.com\\\/produit\\\/olympus-vg-160-2\\\/\",\"name\":\"Olympus VG 160 est disponible sur la boutique !\",\"isPartOf\":{\"@id\":\"https:\\\/\\\/www.analoggwerz.com\\\/#website\"},\"primaryImageOfPage\":{\"@id\":\"https:\\\/\\\/www.analoggwerz.com\\\/produit\\\/olympus-vg-160-2\\\/#primaryimage\"},\"image\":{\"@id\":\"https:\\\/\\\/www.analoggwerz.com\\\/produit\\\/olympus-vg-160-2\\\/#primaryimage\"},\"thumbnailUrl\":\"https:\\\/\\\/www.analoggwerz.com\\\/wp-content\\\/uploads\\\/2025\\\/06\\\/img_9247-scaled.jpeg\",\"datePublished\":\"2025-06-04T22:41:18+00:00\",\"dateModified\":\"2025-10-31T21:55:06+00:00\",\"description\":\"Cliquez ici pour d\u00e9couvrir Olympus VG 160 sur la boutique.\",\"breadcrumb\":{\"@id\":\"https:\\\/\\\/www.analoggwerz.com\\\/produit\\\/olympus-vg-160-2\\\/#breadcrumb\"},\"inLanguage\":\"en-US\",\"potentialAction\":[{\"@type\":\"ReadAction\",\"target\":[\"https:\\\/\\\/www.analoggwerz.com\\\/produit\\\/olympus-vg-160-2\\\/\"]}]},{\"@type\":\"ImageObject\",\"inLanguage\":\"en-US\",\"@id\":\"https:\\\/\\\/www.analoggwerz.com\\\/produit\\\/olympus-vg-160-2\\\/#primaryimage\",\"url\":\"https:\\\/\\\/www.analoggwerz.com\\\/wp-content\\\/uploads\\\/2025\\\/06\\\/img_9247-scaled.jpeg\",\"contentUrl\":\"https:\\\/\\\/www.analoggwerz.com\\\/wp-content\\\/uploads\\\/2025\\\/06\\\/img_9247-scaled.jpeg\",\"width\":2560,\"height\":1920},{\"@type\":\"BreadcrumbList\",\"@id\":\"https:\\\/\\\/www.analoggwerz.com\\\/produit\\\/olympus-vg-160-2\\\/#breadcrumb\",\"itemListElement\":[{\"@type\":\"ListItem\",\"position\":1,\"name\":\"Accueil\",\"item\":\"https:\\\/\\\/www.analoggwerz.com\\\/\"},{\"@type\":\"ListItem\",\"position\":2,\"name\":\"Boutique\",\"item\":\"https:\\\/\\\/www.analoggwerz.com\\\/shop\\\/\"},{\"@type\":\"ListItem\",\"position\":3,\"name\":\"Olympus VG 160\"}]},{\"@type\":\"WebSite\",\"@id\":\"https:\\\/\\\/www.analoggwerz.com\\\/#website\",\"url\":\"https:\\\/\\\/www.analoggwerz.com\\\/\",\"name\":\"Analog Gwerz\",\"description\":\"Pas besoin de neuf pour capturer l&#039;instant !\",\"publisher\":{\"@id\":\"https:\\\/\\\/www.analoggwerz.com\\\/#organization\"},\"potentialAction\":[{\"@type\":\"SearchAction\",\"target\":{\"@type\":\"EntryPoint\",\"urlTemplate\":\"https:\\\/\\\/www.analoggwerz.com\\\/?s={search_term_string}\"},\"query-input\":{\"@type\":\"PropertyValueSpecification\",\"valueRequired\":true,\"valueName\":\"search_term_string\"}}],\"inLanguage\":\"en-US\"},{\"@type\":\"Organization\",\"@id\":\"https:\\\/\\\/www.analoggwerz.com\\\/#organization\",\"name\":\"Analog Gwerz\",\"url\":\"https:\\\/\\\/www.analoggwerz.com\\\/\",\"logo\":{\"@type\":\"ImageObject\",\"inLanguage\":\"en-US\",\"@id\":\"https:\\\/\\\/www.analoggwerz.com\\\/#\\\/schema\\\/logo\\\/image\\\/\",\"url\":\"https:\\\/\\\/www.analoggwerz.com\\\/wp-content\\\/uploads\\\/2025\\\/10\\\/000-LOGO-ANALOG-GWERZ-NOIR-1.png\",\"contentUrl\":\"https:\\\/\\\/www.analoggwerz.com\\\/wp-content\\\/uploads\\\/2025\\\/10\\\/000-LOGO-ANALOG-GWERZ-NOIR-1.png\",\"width\":800,\"height\":407,\"caption\":\"Analog Gwerz\"},\"image\":{\"@id\":\"https:\\\/\\\/www.analoggwerz.com\\\/#\\\/schema\\\/logo\\\/image\\\/\"},\"sameAs\":[\"https:\\\/\\\/www.instagram.com\\\/analog_gwerz\\\/\",\"https:\\\/\\\/www.tiktok.com\\\/@analog_gwerz\"]}]}<\/script>\n<!-- \/ Yoast SEO plugin. -->","yoast_head_json":{"title":"Olympus VG 160 est disponible sur la boutique !","description":"Cliquez ici pour d\u00e9couvrir Olympus VG 160 sur la boutique.","robots":{"index":"index","follow":"follow","max-snippet":"max-snippet:-1","max-image-preview":"max-image-preview:large","max-video-preview":"max-video-preview:-1"},"canonical":"https:\/\/www.analoggwerz.com\/en\/product\/olympus-vg-160-2\/","og_locale":"en_US","og_type":"article","og_title":"Olympus VG 160 est disponible sur la boutique !","og_description":"Cliquez ici pour d\u00e9couvrir Olympus VG 160 sur la boutique.","og_url":"https:\/\/www.analoggwerz.com\/en\/product\/olympus-vg-160-2\/","og_site_name":"Analog Gwerz","article_modified_time":"2025-10-31T21:55:06+00:00","og_image":[{"width":2560,"height":1920,"url":"https:\/\/www.analoggwerz.com\/wp-content\/uploads\/2025\/06\/img_9247-scaled.jpeg","type":"image\/jpeg"}],"twitter_card":"summary_large_image","twitter_misc":{"Est. reading time":"1 minute"},"schema":{"@context":"https:\/\/schema.org","@graph":[{"@type":"WebPage","@id":"https:\/\/www.analoggwerz.com\/produit\/olympus-vg-160-2\/","url":"https:\/\/www.analoggwerz.com\/produit\/olympus-vg-160-2\/","name":"Olympus VG 160 est disponible sur la boutique !","isPartOf":{"@id":"https:\/\/www.analoggwerz.com\/#website"},"primaryImageOfPage":{"@id":"https:\/\/www.analoggwerz.com\/produit\/olympus-vg-160-2\/#primaryimage"},"image":{"@id":"https:\/\/www.analoggwerz.com\/produit\/olympus-vg-160-2\/#primaryimage"},"thumbnailUrl":"https:\/\/www.analoggwerz.com\/wp-content\/uploads\/2025\/06\/img_9247-scaled.jpeg","datePublished":"2025-06-04T22:41:18+00:00","dateModified":"2025-10-31T21:55:06+00:00","description":"Cliquez ici pour d\u00e9couvrir Olympus VG 160 sur la boutique.","breadcrumb":{"@id":"https:\/\/www.analoggwerz.com\/produit\/olympus-vg-160-2\/#breadcrumb"},"inLanguage":"en-US","potentialAction":[{"@type":"ReadAction","target":["https:\/\/www.analoggwerz.com\/produit\/olympus-vg-160-2\/"]}]},{"@type":"ImageObject","inLanguage":"en-US","@id":"https:\/\/www.analoggwerz.com\/produit\/olympus-vg-160-2\/#primaryimage","url":"https:\/\/www.analoggwerz.com\/wp-content\/uploads\/2025\/06\/img_9247-scaled.jpeg","contentUrl":"https:\/\/www.analoggwerz.com\/wp-content\/uploads\/2025\/06\/img_9247-scaled.jpeg","width":2560,"height":1920},{"@type":"BreadcrumbList","@id":"https:\/\/www.analoggwerz.com\/produit\/olympus-vg-160-2\/#breadcrumb","itemListElement":[{"@type":"ListItem","position":1,"name":"Accueil","item":"https:\/\/www.analoggwerz.com\/"},{"@type":"ListItem","position":2,"name":"Boutique","item":"https:\/\/www.analoggwerz.com\/shop\/"},{"@type":"ListItem","position":3,"name":"Olympus VG 160"}]},{"@type":"WebSite","@id":"https:\/\/www.analoggwerz.com\/#website","url":"https:\/\/www.analoggwerz.com\/","name":"Analog Gwerz","description":"Pas besoin de neuf pour capturer l&#039;instant !","publisher":{"@id":"https:\/\/www.analoggwerz.com\/#organization"},"potentialAction":[{"@type":"SearchAction","target":{"@type":"EntryPoint","urlTemplate":"https:\/\/www.analoggwerz.com\/?s={search_term_string}"},"query-input":{"@type":"PropertyValueSpecification","valueRequired":true,"valueName":"search_term_string"}}],"inLanguage":"en-US"},{"@type":"Organization","@id":"https:\/\/www.analoggwerz.com\/#organization","name":"Analog Gwerz","url":"https:\/\/www.analoggwerz.com\/","logo":{"@type":"ImageObject","inLanguage":"en-US","@id":"https:\/\/www.analoggwerz.com\/#\/schema\/logo\/image\/","url":"https:\/\/www.analoggwerz.com\/wp-content\/uploads\/2025\/10\/000-LOGO-ANALOG-GWERZ-NOIR-1.png","contentUrl":"https:\/\/www.analoggwerz.com\/wp-content\/uploads\/2025\/10\/000-LOGO-ANALOG-GWERZ-NOIR-1.png","width":800,"height":407,"caption":"Analog Gwerz"},"image":{"@id":"https:\/\/www.analoggwerz.com\/#\/schema\/logo\/image\/"},"sameAs":["https:\/\/www.instagram.com\/analog_gwerz\/","https:\/\/www.tiktok.com\/@analog_gwerz"]}]}},"jetpack_sharing_enabled":true,"_links":{"self":[{"href":"https:\/\/www.analoggwerz.com\/en\/wp-json\/wp\/v2\/product\/6444","targetHints":{"allow":["GET"]}}],"collection":[{"href":"https:\/\/www.analoggwerz.com\/en\/wp-json\/wp\/v2\/product"}],"about":[{"href":"https:\/\/www.analoggwerz.com\/en\/wp-json\/wp\/v2\/types\/product"}],"wp:featuredmedia":[{"embeddable":true,"href":"https:\/\/www.analoggwerz.com\/en\/wp-json\/wp\/v2\/media\/6441"}],"wp:attachment":[{"href":"https:\/\/www.analoggwerz.com\/en\/wp-json\/wp\/v2\/media?parent=6444"}],"wp:term":[{"taxonomy":"product_brand","embeddable":true,"href":"https:\/\/www.analoggwerz.com\/en\/wp-json\/wp\/v2\/product_brand?post=6444"},{"taxonomy":"product_cat","embeddable":true,"href":"https:\/\/www.analoggwerz.com\/en\/wp-json\/wp\/v2\/product_cat?post=6444"},{"taxonomy":"product_tag","embeddable":true,"href":"https:\/\/www.analoggwerz.com\/en\/wp-json\/wp\/v2\/product_tag?post=6444"}],"curies":[{"name":"wp","href":"https:\/\/api.w.org\/{rel}","templated":true}]}}